{"id":4331,"date":"2024-09-10T07:14:02","date_gmt":"2024-09-10T06:14:02","guid":{"rendered":"https:\/\/sxpowercase.com\/?post_type=product&#038;p=4331"},"modified":"2024-09-10T07:14:03","modified_gmt":"2024-09-10T06:14:03","slug":"equipment-rack-plate-rab201","status":"publish","type":"product","link":"https:\/\/sxflightcase.com\/fr\/produit\/plaque-de-support-dequipement-rab201-2\/","title":{"rendered":"Plaque de support d&#039;\u00e9quipement RAB201"},"content":{"rendered":"<h3>SX Equipment Rack Plate : Une qualit\u00e9 sur laquelle vous pouvez compter<\/h3>\n<p>\u00c0 la recherche d'un produit abordable mais durable <span style=\"color: #3366ff;\"><a style=\"color: #3366ff;\" href=\"https:\/\/sxpowercase.com\/product\/rack-mounting-rails-rab103\/\"><strong>Plaque de support d'\u00e9quipement<\/strong><\/a><\/span> pour votre installation professionnelle ? <strong>SX<\/strong> offre des solutions de haute qualit\u00e9 qui garantissent la fiabilit\u00e9, tout en maintenant des prix bas gr\u00e2ce aux ventes directes. Nos services <strong>Plaques de support d'\u00e9quipement<\/strong> sont id\u00e9ales pour diverses applications, des installations audiovisuelles \u00e0 la gestion de serveurs.<\/p>\n<h3>Construit pour durer avec des mat\u00e9riaux de qualit\u00e9 sup\u00e9rieure<\/h3>\n<p>Le <strong><a href=\"https:\/\/sxpowercase.com\/\" target=\"_blank\" rel=\"noopener\" title=\"SX\" data-wpil-monitor-id=\"734\">SX<\/a> Plaque de support d'\u00e9quipement<\/strong> est con\u00e7u pour durer. Fabriqu\u00e9 \u00e0 partir de mat\u00e9riaux de haute qualit\u00e9, il offre une excellente r\u00e9sistance et des performances durables. Qu'il s'agisse d'un studio, d'un bureau ou d'un espace industriel, <strong>SX<\/strong> Les plaques peuvent r\u00e9pondre aux exigences de n'importe quel environnement.<\/p>\n<h3>Installation facile pour une mise en place rapide<\/h3>\n<p>Installation de la <strong>Plaque de support d'\u00e9quipement<\/strong> de <strong>SX<\/strong> est simple et rapide. Con\u00e7u pour \u00eatre compatible avec les baies standard, il offre flexibilit\u00e9 et facilit\u00e9 d'utilisation. Sa conception simple permet de passer moins de temps \u00e0 l'installation et de se consacrer davantage \u00e0 son travail.<\/p>\n<h3>Des prix abordables gr\u00e2ce aux ventes directes en usine<\/h3>\n<p>\u00c0 <strong>SX<\/strong>Nous pensons que la qualit\u00e9 ne doit pas avoir un prix \u00e9lev\u00e9. En proposant des prix directs d'usine, nous \u00e9liminons les interm\u00e9diaires, ce qui vous permet d'obtenir le meilleur rapport qualit\u00e9-prix. Avec <strong>Plaques de support d'\u00e9quipement SX<\/strong>vous pouvez profiter de produits de qualit\u00e9 sup\u00e9rieure sans vous ruiner.<\/p>\n<h3>Ajustement de pr\u00e9cision pour diverses applications<\/h3>\n<p>Le <strong>Plaque de support d'\u00e9quipement<\/strong> par <strong>SX<\/strong> est fabriqu\u00e9e avec pr\u00e9cision pour garantir une adaptation parfaite \u00e0 une grande vari\u00e9t\u00e9 d'installations. Que vous montiez des serveurs, des \u00e9quipements audio ou d'autres appareils, nos plaques offrent la s\u00e9curit\u00e9 et la stabilit\u00e9 dont vous avez besoin. Polyvalentes et adaptables, <strong>SX<\/strong> conviennent \u00e0 tout environnement professionnel.<\/p>\n<h3>Normes de fabrication de haute qualit\u00e9<\/h3>\n<p>Chaque <strong>Plaque de support d'\u00e9quipement<\/strong> de <strong>SX<\/strong> est soumis \u00e0 des mesures rigoureuses de contr\u00f4le de la qualit\u00e9. Cela permet de s'assurer que chaque produit r\u00e9pond \u00e0 nos exigences \u00e9lev\u00e9es en mati\u00e8re de durabilit\u00e9 et de performance. Lorsque vous choisissez <strong>SX<\/strong>vous choisissez un produit dont vous pouvez \u00eatre s\u00fbr qu'il donnera des r\u00e9sultats constants.<\/p>\n<h3>Une performance polyvalente et fiable<\/h3>\n<p>Quel que soit l'\u00e9quipement ou l'environnement, le <strong>Plaques de support d'\u00e9quipement SX<\/strong> offre une solution polyvalente. Sa conception garantit la compatibilit\u00e9 avec une large gamme de syst\u00e8mes, ce qui en fait le premier choix des professionnels \u00e0 la recherche d'une option de montage fiable. Confiance <strong>SX<\/strong> pour soutenir votre \u00e9quipement en toute confiance.<\/p>\n<p>Choisir <strong>Plaques de support d'\u00e9quipement SX<\/strong> pour votre prochain projet et faites l'exp\u00e9rience d'une qualit\u00e9 sup\u00e9rieure, d'une durabilit\u00e9 et d'un prix abordable tout \u00e0 la fois.<\/p>\n<ol>\n<li>Contactez-nous maintenant :<span style=\"color: #0000ff;\"><a style=\"color: #0000ff;\" href=\"https:\/\/sxpowercase.com\/contact-us\/\">https:\/\/sxpowercase.com\/<\/a><\/span><\/li>\n<li>Catalogue de produits mat\u00e9riels :<span style=\"color: #3366ff;\"><a style=\"color: #3366ff;\" href=\"https:\/\/sxpowercase.com\/wp-content\/uploads\/2024\/07\/\u4e94\u91d1.pdf\">Catalogue d&#039;accessoires de quincaillerie<\/a><\/span><\/li>\n<\/ol>","protected":false},"excerpt":{"rendered":"<h3>Plaque d'\u00e9quipement SX : Fiable et abordable<\/h3>\n<p>SX propose des plaques d'\u00e9quipement durables \u00e0 des prix d'usine, garantissant la qualit\u00e9 et l'accessibilit\u00e9 de votre installation professionnelle.<\/p>\n<h3>Construit pour la force et la long\u00e9vit\u00e9<\/h3>\n<p>Fabriqu\u00e9es \u00e0 partir de mat\u00e9riaux de haute qualit\u00e9, les plaques de rack pour \u00e9quipement SX sont con\u00e7ues pour r\u00e9sister aux environnements exigeants et offrir des performances durables.<\/p>\n<h3>Installation facile pour une utilisation flexible<\/h3>\n<p>Avec un ajustement pr\u00e9cis et une compatibilit\u00e9 avec les supports standard, les plaques de support d'\u00e9quipement SX offrent une installation rapide et sans probl\u00e8me pour n'importe quelle configuration.<\/p>","protected":false},"featured_media":4278,"comment_status":"open","ping_status":"closed","template":"","meta":[],"product_brand":[],"product_cat":[66],"product_tag":[],"class_list":{"0":"post-4331","1":"product","2":"type-product","3":"status-publish","4":"has-post-thumbnail","6":"product_cat-rack-hardware","8":"first","9":"instock","10":"shipping-taxable","11":"product-type-simple"},"yoast_head":"<!-- This site is optimized with the Yoast SEO Premium plugin v27.1 (Yoast SEO v27.2) - https:\/\/yoast.com\/product\/yoast-seo-premium-wordpress\/ -->\n<title>Equipment Rack Plate RAB201 - https:\/\/sxflightcase.com \ud83d\udc97<\/title>\n<meta name=\"description\" content=\"Equipment rack plate, factory direct! High-quality, durable plates designed for securely mounting equipment in racks. Ideal for professional setups, providing stability and organization for your gear.\" \/>\n<meta name=\"robots\" content=\"index, follow, max-snippet:-1, max-image-preview:large, max-video-preview:-1\" \/>\n<link rel=\"canonical\" href=\"https:\/\/sxflightcase.com\/fr\/produit\/plaque-de-support-dequipement-rab201-2\/\" \/>\n<meta property=\"og:locale\" content=\"fr_FR\" \/>\n<meta property=\"og:type\" content=\"article\" \/>\n<meta property=\"og:title\" content=\"Equipment Rack Plate RAB201\" \/>\n<meta property=\"og:description\" content=\"Equipment rack plate, factory direct! High-quality, durable plates designed for securely mounting equipment in racks. Ideal for professional setups, providing stability and organization for your gear.\" \/>\n<meta property=\"og:url\" content=\"https:\/\/sxflightcase.com\/fr\/produit\/plaque-de-support-dequipement-rab201-2\/\" \/>\n<meta property=\"og:site_name\" content=\"https:\/\/sxflightcase.com\" \/>\n<meta property=\"article:publisher\" content=\"https:\/\/www.facebook.com\/profile.php?id=61560407257971\" \/>\n<meta property=\"article:modified_time\" content=\"2024-09-10T06:14:03+00:00\" \/>\n<meta property=\"og:image\" content=\"https:\/\/sxflightcase.com\/wp-content\/uploads\/2024\/09\/RAB201.jpg\" \/>\n\t<meta property=\"og:image:width\" content=\"700\" \/>\n\t<meta property=\"og:image:height\" content=\"700\" \/>\n\t<meta property=\"og:image:type\" content=\"image\/jpeg\" \/>\n<meta name=\"twitter:card\" content=\"summary_large_image\" \/>\n<meta name=\"twitter:label1\" content=\"Dur\u00e9e de lecture estim\u00e9e\" \/>\n\t<meta name=\"twitter:data1\" content=\"3 minutes\" \/>\n<script type=\"application\/ld+json\" class=\"yoast-schema-graph\">{\"@context\":\"https:\/\/schema.org\",\"@graph\":[{\"@type\":\"WebPage\",\"@id\":\"https:\/\/sxflightcase.com\/product\/equipment-rack-plate-rab201\/\",\"url\":\"https:\/\/sxflightcase.com\/product\/equipment-rack-plate-rab201\/\",\"name\":\"Equipment Rack Plate RAB201 - https:\/\/sxflightcase.com \ud83d\udc97\",\"isPartOf\":{\"@id\":\"https:\/\/sxflightcase.com\/th\/#website\"},\"primaryImageOfPage\":{\"@id\":\"https:\/\/sxflightcase.com\/product\/equipment-rack-plate-rab201\/#primaryimage\"},\"image\":{\"@id\":\"https:\/\/sxflightcase.com\/product\/equipment-rack-plate-rab201\/#primaryimage\"},\"thumbnailUrl\":\"https:\/\/sxflightcase.com\/wp-content\/uploads\/2024\/09\/RAB201.jpg\",\"datePublished\":\"2024-09-10T06:14:02+00:00\",\"dateModified\":\"2024-09-10T06:14:03+00:00\",\"description\":\"Equipment rack plate, factory direct! High-quality, durable plates designed for securely mounting equipment in racks. Ideal for professional setups, providing stability and organization for your gear.\",\"breadcrumb\":{\"@id\":\"https:\/\/sxflightcase.com\/product\/equipment-rack-plate-rab201\/#breadcrumb\"},\"inLanguage\":\"fr-FR\",\"potentialAction\":[{\"@type\":\"ReadAction\",\"target\":[\"https:\/\/sxflightcase.com\/product\/equipment-rack-plate-rab201\/\"]}]},{\"@type\":\"ImageObject\",\"inLanguage\":\"fr-FR\",\"@id\":\"https:\/\/sxflightcase.com\/product\/equipment-rack-plate-rab201\/#primaryimage\",\"url\":\"https:\/\/sxflightcase.com\/wp-content\/uploads\/2024\/09\/RAB201.jpg\",\"contentUrl\":\"https:\/\/sxflightcase.com\/wp-content\/uploads\/2024\/09\/RAB201.jpg\",\"width\":700,\"height\":700,\"caption\":\"Equipment Rack Plate\"},{\"@type\":\"BreadcrumbList\",\"@id\":\"https:\/\/sxflightcase.com\/product\/equipment-rack-plate-rab201\/#breadcrumb\",\"itemListElement\":[{\"@type\":\"ListItem\",\"position\":1,\"name\":\"Home\",\"item\":\"https:\/\/sxflightcase.com\/\"},{\"@type\":\"ListItem\",\"position\":2,\"name\":\"\u0e2a\u0e34\u0e19\u0e04\u0e49\u0e32\",\"item\":\"https:\/\/sxflightcase.com\/th\/shop\/\"},{\"@type\":\"ListItem\",\"position\":3,\"name\":\"Equipment Rack Plate RAB201\"}]},{\"@type\":\"WebSite\",\"@id\":\"https:\/\/sxflightcase.com\/th\/#website\",\"url\":\"https:\/\/sxflightcase.com\/th\/\",\"name\":\"sxpowercase.com\",\"description\":\"Flight Case Factory\",\"publisher\":{\"@id\":\"https:\/\/sxflightcase.com\/th\/#organization\"},\"potentialAction\":[{\"@type\":\"SearchAction\",\"target\":{\"@type\":\"EntryPoint\",\"urlTemplate\":\"https:\/\/sxflightcase.com\/th\/?s={search_term_string}\"},\"query-input\":{\"@type\":\"PropertyValueSpecification\",\"valueRequired\":true,\"valueName\":\"search_term_string\"}}],\"inLanguage\":\"fr-FR\"},{\"@type\":\"Organization\",\"@id\":\"https:\/\/sxflightcase.com\/th\/#organization\",\"name\":\"sxpowercase.com\",\"url\":\"https:\/\/sxflightcase.com\/th\/\",\"logo\":{\"@type\":\"ImageObject\",\"inLanguage\":\"fr-FR\",\"@id\":\"https:\/\/sxflightcase.com\/th\/#\/schema\/logo\/image\/\",\"url\":\"https:\/\/sxflightcase.com\/wp-content\/uploads\/2024\/04\/1713919036007.jpg\",\"contentUrl\":\"https:\/\/sxflightcase.com\/wp-content\/uploads\/2024\/04\/1713919036007.jpg\",\"width\":382,\"height\":388,\"caption\":\"sxpowercase.com\"},\"image\":{\"@id\":\"https:\/\/sxflightcase.com\/th\/#\/schema\/logo\/image\/\"},\"sameAs\":[\"https:\/\/www.facebook.com\/profile.php?id=61560407257971\"],\"numberOfEmployees\":{\"@type\":\"QuantitativeValue\",\"minValue\":\"11\",\"maxValue\":\"50\"}}]}<\/script>\n<!-- \/ Yoast SEO Premium plugin. -->","yoast_head_json":{"title":"Equipment Rack Plate RAB201 - https:\/\/sxflightcase.com \ud83d\udc97","description":"Plaque pour rack d'\u00e9quipement, direct usine ! Plaques de haute qualit\u00e9, durables, con\u00e7ues pour fixer solidement l'\u00e9quipement dans les racks. Id\u00e9ales pour les installations professionnelles, elles assurent la stabilit\u00e9 et l'organisation de votre mat\u00e9riel.","robots":{"index":"index","follow":"follow","max-snippet":"max-snippet:-1","max-image-preview":"max-image-preview:large","max-video-preview":"max-video-preview:-1"},"canonical":"https:\/\/sxflightcase.com\/fr\/produit\/plaque-de-support-dequipement-rab201-2\/","og_locale":"fr_FR","og_type":"article","og_title":"Equipment Rack Plate RAB201","og_description":"Equipment rack plate, factory direct! High-quality, durable plates designed for securely mounting equipment in racks. Ideal for professional setups, providing stability and organization for your gear.","og_url":"https:\/\/sxflightcase.com\/fr\/produit\/plaque-de-support-dequipement-rab201-2\/","og_site_name":"https:\/\/sxflightcase.com","article_publisher":"https:\/\/www.facebook.com\/profile.php?id=61560407257971","article_modified_time":"2024-09-10T06:14:03+00:00","og_image":[{"width":700,"height":700,"url":"https:\/\/sxflightcase.com\/wp-content\/uploads\/2024\/09\/RAB201.jpg","type":"image\/jpeg"}],"twitter_card":"summary_large_image","twitter_misc":{"Dur\u00e9e de lecture estim\u00e9e":"3 minutes"},"schema":{"@context":"https:\/\/schema.org","@graph":[{"@type":"WebPage","@id":"https:\/\/sxflightcase.com\/product\/equipment-rack-plate-rab201\/","url":"https:\/\/sxflightcase.com\/product\/equipment-rack-plate-rab201\/","name":"Equipment Rack Plate RAB201 - https:\/\/sxflightcase.com \ud83d\udc97","isPartOf":{"@id":"https:\/\/sxflightcase.com\/th\/#website"},"primaryImageOfPage":{"@id":"https:\/\/sxflightcase.com\/product\/equipment-rack-plate-rab201\/#primaryimage"},"image":{"@id":"https:\/\/sxflightcase.com\/product\/equipment-rack-plate-rab201\/#primaryimage"},"thumbnailUrl":"https:\/\/sxflightcase.com\/wp-content\/uploads\/2024\/09\/RAB201.jpg","datePublished":"2024-09-10T06:14:02+00:00","dateModified":"2024-09-10T06:14:03+00:00","description":"Plaque pour rack d'\u00e9quipement, direct usine ! Plaques de haute qualit\u00e9, durables, con\u00e7ues pour fixer solidement l'\u00e9quipement dans les racks. Id\u00e9ales pour les installations professionnelles, elles assurent la stabilit\u00e9 et l'organisation de votre mat\u00e9riel.","breadcrumb":{"@id":"https:\/\/sxflightcase.com\/product\/equipment-rack-plate-rab201\/#breadcrumb"},"inLanguage":"fr-FR","potentialAction":[{"@type":"ReadAction","target":["https:\/\/sxflightcase.com\/product\/equipment-rack-plate-rab201\/"]}]},{"@type":"ImageObject","inLanguage":"fr-FR","@id":"https:\/\/sxflightcase.com\/product\/equipment-rack-plate-rab201\/#primaryimage","url":"https:\/\/sxflightcase.com\/wp-content\/uploads\/2024\/09\/RAB201.jpg","contentUrl":"https:\/\/sxflightcase.com\/wp-content\/uploads\/2024\/09\/RAB201.jpg","width":700,"height":700,"caption":"Equipment Rack Plate"},{"@type":"BreadcrumbList","@id":"https:\/\/sxflightcase.com\/product\/equipment-rack-plate-rab201\/#breadcrumb","itemListElement":[{"@type":"ListItem","position":1,"name":"Home","item":"https:\/\/sxflightcase.com\/"},{"@type":"ListItem","position":2,"name":"\u0e2a\u0e34\u0e19\u0e04\u0e49\u0e32","item":"https:\/\/sxflightcase.com\/th\/shop\/"},{"@type":"ListItem","position":3,"name":"Equipment Rack Plate RAB201"}]},{"@type":"WebSite","@id":"https:\/\/sxflightcase.com\/th\/#website","url":"https:\/\/sxflightcase.com\/th\/","name":"sxpowercase.com","description":"Flight Case Factory","publisher":{"@id":"https:\/\/sxflightcase.com\/th\/#organization"},"potentialAction":[{"@type":"SearchAction","target":{"@type":"EntryPoint","urlTemplate":"https:\/\/sxflightcase.com\/th\/?s={search_term_string}"},"query-input":{"@type":"PropertyValueSpecification","valueRequired":true,"valueName":"search_term_string"}}],"inLanguage":"fr-FR"},{"@type":"Organization","@id":"https:\/\/sxflightcase.com\/th\/#organization","name":"sxpowercase.com","url":"https:\/\/sxflightcase.com\/th\/","logo":{"@type":"ImageObject","inLanguage":"fr-FR","@id":"https:\/\/sxflightcase.com\/th\/#\/schema\/logo\/image\/","url":"https:\/\/sxflightcase.com\/wp-content\/uploads\/2024\/04\/1713919036007.jpg","contentUrl":"https:\/\/sxflightcase.com\/wp-content\/uploads\/2024\/04\/1713919036007.jpg","width":382,"height":388,"caption":"sxpowercase.com"},"image":{"@id":"https:\/\/sxflightcase.com\/th\/#\/schema\/logo\/image\/"},"sameAs":["https:\/\/www.facebook.com\/profile.php?id=61560407257971"],"numberOfEmployees":{"@type":"QuantitativeValue","minValue":"11","maxValue":"50"}}]}},"_links":{"self":[{"href":"https:\/\/sxflightcase.com\/fr\/wp-json\/wp\/v2\/product\/4331","targetHints":{"allow":["GET"]}}],"collection":[{"href":"https:\/\/sxflightcase.com\/fr\/wp-json\/wp\/v2\/product"}],"about":[{"href":"https:\/\/sxflightcase.com\/fr\/wp-json\/wp\/v2\/types\/product"}],"replies":[{"embeddable":true,"href":"https:\/\/sxflightcase.com\/fr\/wp-json\/wp\/v2\/comments?post=4331"}],"version-history":[{"count":0,"href":"https:\/\/sxflightcase.com\/fr\/wp-json\/wp\/v2\/product\/4331\/revisions"}],"wp:featuredmedia":[{"embeddable":true,"href":"https:\/\/sxflightcase.com\/fr\/wp-json\/wp\/v2\/media\/4278"}],"wp:attachment":[{"href":"https:\/\/sxflightcase.com\/fr\/wp-json\/wp\/v2\/media?parent=4331"}],"wp:term":[{"taxonomy":"product_brand","embeddable":true,"href":"https:\/\/sxflightcase.com\/fr\/wp-json\/wp\/v2\/product_brand?post=4331"},{"taxonomy":"product_cat","embeddable":true,"href":"https:\/\/sxflightcase.com\/fr\/wp-json\/wp\/v2\/product_cat?post=4331"},{"taxonomy":"product_tag","embeddable":true,"href":"https:\/\/sxflightcase.com\/fr\/wp-json\/wp\/v2\/product_tag?post=4331"}],"curies":[{"name":"wp","href":"https:\/\/api.w.org\/{rel}","templated":true}]}}