{"id":4332,"date":"2024-09-10T07:18:39","date_gmt":"2024-09-10T06:18:39","guid":{"rendered":"https:\/\/sxpowercase.com\/?post_type=product&#038;p=4332"},"modified":"2024-09-10T07:18:40","modified_gmt":"2024-09-10T06:18:40","slug":"equipment-rack-plate-rab202","status":"publish","type":"product","link":"https:\/\/sxflightcase.com\/fr\/produit\/plaque-de-support-dequipement-rab202-2\/","title":{"rendered":"Plaque de support d&#039;\u00e9quipement RAB202"},"content":{"rendered":"<h3>Plaque de support d'\u00e9quipement SX de haute qualit\u00e9 pour une utilisation professionnelle<\/h3>\n<p>A la recherche d'une personne fiable <span style=\"color: #3366ff;\"><a style=\"color: #3366ff;\" href=\"https:\/\/sxpowercase.com\/product\/equipment-rack-plate-rab201\/\"><strong>Plaque de support d'\u00e9quipement<\/strong><\/a><\/span> \u00e0 un prix abordable ? <strong>SX<\/strong> offre une solution de haute qualit\u00e9 qui est \u00e0 la fois durable et rentable, gr\u00e2ce \u00e0 nos prix directs d'usine. Ces plaques de rack sont parfaites pour s\u00e9curiser les \u00e9quipements audiovisuels, les serveurs et autres \u00e9quipements professionnels.<\/p>\n<h3>Des mat\u00e9riaux durables pour des performances durables<\/h3>\n<p><strong><a href=\"https:\/\/sxpowercase.com\/\" target=\"_blank\" rel=\"noopener\" title=\"SX\" data-wpil-monitor-id=\"735\">SX<\/a> Plaques de support d'\u00e9quipement<\/strong> sont fabriqu\u00e9es \u00e0 partir de mat\u00e9riaux de premi\u00e8re qualit\u00e9 pour garantir des performances durables. Con\u00e7ues pour \u00eatre robustes et durables, ces plaques offrent le support dont votre \u00e9quipement a besoin, que ce soit dans un studio, un centre de donn\u00e9es ou un bureau.<\/p>\n<h3>Installation facile avec ajustement standard<\/h3>\n<p>Notre <strong>Plaques de support d'\u00e9quipement<\/strong> sont con\u00e7us pour une installation facile. Ils s'adaptent aux supports standard, ce qui permet de les installer rapidement et sans probl\u00e8me. Cela permet <strong>Plaques SX<\/strong> le choix id\u00e9al pour les professionnels qui ont besoin d'une solution simple et efficace sans assemblage compliqu\u00e9.<\/p>\n<h3>Des prix comp\u00e9titifs sans compromis<\/h3>\n<p>\u00c0 <strong>SX<\/strong>Nous offrons des prix imbattables en direct de l'usine sur tous nos produits. <strong>Plaques de support d'\u00e9quipement<\/strong>. Cela vous permet d'acc\u00e9der \u00e0 des produits de premier ordre sans le co\u00fbt \u00e9lev\u00e9 g\u00e9n\u00e9ralement associ\u00e9 aux marques haut de gamme. Nous sommes convaincus qu'il faut offrir le meilleur rapport qualit\u00e9-prix sans sacrifier la qualit\u00e9.<\/p>\n<h3>Con\u00e7u pour des applications polyvalentes<\/h3>\n<p>Qu'il s'agisse de monter des serveurs, de l'\u00e9quipement audio ou d'autres appareils, le <strong>Plaque de support d'\u00e9quipement SX<\/strong> offre une solution polyvalente et flexible. Con\u00e7u pour s'adapter \u00e0 une grande vari\u00e9t\u00e9 d'\u00e9quipements, il offre la stabilit\u00e9 n\u00e9cessaire aux environnements professionnels, garantissant que votre mat\u00e9riel est log\u00e9 en toute s\u00e9curit\u00e9.<\/p>\n<h3>Un contr\u00f4le de qualit\u00e9 rigoureux pour des produits de qualit\u00e9 sup\u00e9rieure<\/h3>\n<p>Chaque <strong>Plaque de support d'\u00e9quipement<\/strong> de <strong>SX<\/strong> est soumis \u00e0 des contr\u00f4les de qualit\u00e9 rigoureux. Cela garantit que nos produits r\u00e9pondent aux normes les plus strictes en mati\u00e8re de durabilit\u00e9, de r\u00e9sistance et de performance. Avec <strong>SX<\/strong>Vous pouvez donc \u00eatre s\u00fbr que chaque plaque offrira une fiabilit\u00e9 constante, quelle que soit l'application.<\/p>\n<h3>Les professionnels lui font confiance pour sa fiabilit\u00e9<\/h3>\n<p>Le <strong>Plaque de support d'\u00e9quipement SX<\/strong> est le choix par excellence des professionnels \u00e0 la recherche d'une solution fiable et facile \u00e0 utiliser. Con\u00e7ue pour une vari\u00e9t\u00e9 de configurations, cette plaque est l'option id\u00e9ale pour tous ceux qui recherchent des options de montage s\u00e9curis\u00e9es \u00e0 un prix comp\u00e9titif.<\/p>\n<p>Pour une qualit\u00e9 sup\u00e9rieure \u00e0 un prix abordable <strong>Plaques de support d'\u00e9quipement<\/strong>, la confiance <strong>SX<\/strong> pour \u00eatre toujours \u00e0 la hauteur.<\/p>\n<ol>\n<li>Contactez-nous maintenant :<span style=\"color: #0000ff;\"><a style=\"color: #0000ff;\" href=\"https:\/\/sxpowercase.com\/contact-us\/\">https:\/\/sxpowercase.com\/<\/a><\/span><\/li>\n<li>Catalogue de produits mat\u00e9riels :<span style=\"color: #0000ff;\"><a style=\"color: #0000ff;\" href=\"https:\/\/sxpowercase.com\/wp-content\/uploads\/2024\/07\/\u4e94\u91d1.pdf\">Catalogue d&#039;accessoires de quincaillerie<\/a><\/span><\/li>\n<\/ol>","protected":false},"excerpt":{"rendered":"<h3>Plaque d'\u00e9quipement SX : Fiable et abordable<\/h3>\n<p>SX propose des plaques d'\u00e9quipement durables \u00e0 des prix d'usine, garantissant la qualit\u00e9 et l'accessibilit\u00e9 de votre installation professionnelle.<\/p>\n<h3>Construit pour la force et la long\u00e9vit\u00e9<\/h3>\n<p>Fabriqu\u00e9es \u00e0 partir de mat\u00e9riaux de haute qualit\u00e9, les plaques de rack pour \u00e9quipement SX sont con\u00e7ues pour r\u00e9sister aux environnements exigeants et offrir des performances durables.<\/p>\n<h3>Installation facile pour une utilisation flexible<\/h3>\n<p>Avec un ajustement pr\u00e9cis et une compatibilit\u00e9 avec les supports standard, les plaques de support d'\u00e9quipement SX offrent une installation rapide et sans probl\u00e8me pour n'importe quelle configuration.<\/p>","protected":false},"featured_media":4279,"comment_status":"open","ping_status":"closed","template":"","meta":[],"product_brand":[],"product_cat":[66],"product_tag":[],"class_list":{"0":"post-4332","1":"product","2":"type-product","3":"status-publish","4":"has-post-thumbnail","6":"product_cat-rack-hardware","8":"first","9":"instock","10":"shipping-taxable","11":"product-type-simple"},"yoast_head":"<!-- This site is optimized with the Yoast SEO Premium plugin v27.1 (Yoast SEO v27.2) - https:\/\/yoast.com\/product\/yoast-seo-premium-wordpress\/ -->\n<title>Equipment Rack Plate RAB202 - https:\/\/sxflightcase.com \ud83d\udc97<\/title>\n<meta name=\"description\" content=\"Equipment rack plate, factory direct! High-quality, durable plates designed for securely mounting equipment in racks. Ideal for professional setups, providing stability and organization for your gear.\" \/>\n<meta name=\"robots\" content=\"index, follow, max-snippet:-1, max-image-preview:large, max-video-preview:-1\" \/>\n<link rel=\"canonical\" href=\"https:\/\/sxflightcase.com\/fr\/produit\/plaque-de-support-dequipement-rab202-2\/\" \/>\n<meta property=\"og:locale\" content=\"fr_FR\" \/>\n<meta property=\"og:type\" content=\"article\" \/>\n<meta property=\"og:title\" content=\"Equipment Rack Plate RAB202\" \/>\n<meta property=\"og:description\" content=\"Equipment rack plate, factory direct! High-quality, durable plates designed for securely mounting equipment in racks. Ideal for professional setups, providing stability and organization for your gear.\" \/>\n<meta property=\"og:url\" content=\"https:\/\/sxflightcase.com\/fr\/produit\/plaque-de-support-dequipement-rab202-2\/\" \/>\n<meta property=\"og:site_name\" content=\"https:\/\/sxflightcase.com\" \/>\n<meta property=\"article:publisher\" content=\"https:\/\/www.facebook.com\/profile.php?id=61560407257971\" \/>\n<meta property=\"article:modified_time\" content=\"2024-09-10T06:18:40+00:00\" \/>\n<meta property=\"og:image\" content=\"https:\/\/sxflightcase.com\/wp-content\/uploads\/2024\/09\/RAB202.jpg\" \/>\n\t<meta property=\"og:image:width\" content=\"700\" \/>\n\t<meta property=\"og:image:height\" content=\"700\" \/>\n\t<meta property=\"og:image:type\" content=\"image\/jpeg\" \/>\n<meta name=\"twitter:card\" content=\"summary_large_image\" \/>\n<meta name=\"twitter:label1\" content=\"Dur\u00e9e de lecture estim\u00e9e\" \/>\n\t<meta name=\"twitter:data1\" content=\"2 minutes\" \/>\n<script type=\"application\/ld+json\" class=\"yoast-schema-graph\">{\"@context\":\"https:\/\/schema.org\",\"@graph\":[{\"@type\":\"WebPage\",\"@id\":\"https:\/\/sxflightcase.com\/product\/equipment-rack-plate-rab202\/\",\"url\":\"https:\/\/sxflightcase.com\/product\/equipment-rack-plate-rab202\/\",\"name\":\"Equipment Rack Plate RAB202 - https:\/\/sxflightcase.com \ud83d\udc97\",\"isPartOf\":{\"@id\":\"https:\/\/sxflightcase.com\/th\/#website\"},\"primaryImageOfPage\":{\"@id\":\"https:\/\/sxflightcase.com\/product\/equipment-rack-plate-rab202\/#primaryimage\"},\"image\":{\"@id\":\"https:\/\/sxflightcase.com\/product\/equipment-rack-plate-rab202\/#primaryimage\"},\"thumbnailUrl\":\"https:\/\/sxflightcase.com\/wp-content\/uploads\/2024\/09\/RAB202.jpg\",\"datePublished\":\"2024-09-10T06:18:39+00:00\",\"dateModified\":\"2024-09-10T06:18:40+00:00\",\"description\":\"Equipment rack plate, factory direct! High-quality, durable plates designed for securely mounting equipment in racks. Ideal for professional setups, providing stability and organization for your gear.\",\"breadcrumb\":{\"@id\":\"https:\/\/sxflightcase.com\/product\/equipment-rack-plate-rab202\/#breadcrumb\"},\"inLanguage\":\"fr-FR\",\"potentialAction\":[{\"@type\":\"ReadAction\",\"target\":[\"https:\/\/sxflightcase.com\/product\/equipment-rack-plate-rab202\/\"]}]},{\"@type\":\"ImageObject\",\"inLanguage\":\"fr-FR\",\"@id\":\"https:\/\/sxflightcase.com\/product\/equipment-rack-plate-rab202\/#primaryimage\",\"url\":\"https:\/\/sxflightcase.com\/wp-content\/uploads\/2024\/09\/RAB202.jpg\",\"contentUrl\":\"https:\/\/sxflightcase.com\/wp-content\/uploads\/2024\/09\/RAB202.jpg\",\"width\":700,\"height\":700,\"caption\":\"Equipment Rack Plate\"},{\"@type\":\"BreadcrumbList\",\"@id\":\"https:\/\/sxflightcase.com\/product\/equipment-rack-plate-rab202\/#breadcrumb\",\"itemListElement\":[{\"@type\":\"ListItem\",\"position\":1,\"name\":\"Home\",\"item\":\"https:\/\/sxflightcase.com\/\"},{\"@type\":\"ListItem\",\"position\":2,\"name\":\"\u0e2a\u0e34\u0e19\u0e04\u0e49\u0e32\",\"item\":\"https:\/\/sxflightcase.com\/th\/shop\/\"},{\"@type\":\"ListItem\",\"position\":3,\"name\":\"Equipment Rack Plate RAB202\"}]},{\"@type\":\"WebSite\",\"@id\":\"https:\/\/sxflightcase.com\/th\/#website\",\"url\":\"https:\/\/sxflightcase.com\/th\/\",\"name\":\"sxpowercase.com\",\"description\":\"Flight Case Factory\",\"publisher\":{\"@id\":\"https:\/\/sxflightcase.com\/th\/#organization\"},\"potentialAction\":[{\"@type\":\"SearchAction\",\"target\":{\"@type\":\"EntryPoint\",\"urlTemplate\":\"https:\/\/sxflightcase.com\/th\/?s={search_term_string}\"},\"query-input\":{\"@type\":\"PropertyValueSpecification\",\"valueRequired\":true,\"valueName\":\"search_term_string\"}}],\"inLanguage\":\"fr-FR\"},{\"@type\":\"Organization\",\"@id\":\"https:\/\/sxflightcase.com\/th\/#organization\",\"name\":\"sxpowercase.com\",\"url\":\"https:\/\/sxflightcase.com\/th\/\",\"logo\":{\"@type\":\"ImageObject\",\"inLanguage\":\"fr-FR\",\"@id\":\"https:\/\/sxflightcase.com\/th\/#\/schema\/logo\/image\/\",\"url\":\"https:\/\/sxflightcase.com\/wp-content\/uploads\/2024\/04\/1713919036007.jpg\",\"contentUrl\":\"https:\/\/sxflightcase.com\/wp-content\/uploads\/2024\/04\/1713919036007.jpg\",\"width\":382,\"height\":388,\"caption\":\"sxpowercase.com\"},\"image\":{\"@id\":\"https:\/\/sxflightcase.com\/th\/#\/schema\/logo\/image\/\"},\"sameAs\":[\"https:\/\/www.facebook.com\/profile.php?id=61560407257971\"],\"numberOfEmployees\":{\"@type\":\"QuantitativeValue\",\"minValue\":\"11\",\"maxValue\":\"50\"}}]}<\/script>\n<!-- \/ Yoast SEO Premium plugin. -->","yoast_head_json":{"title":"Equipment Rack Plate RAB202 - https:\/\/sxflightcase.com \ud83d\udc97","description":"Plaque pour rack d'\u00e9quipement, direct usine ! Plaques de haute qualit\u00e9, durables, con\u00e7ues pour fixer solidement l'\u00e9quipement dans les racks. Id\u00e9ales pour les installations professionnelles, elles assurent la stabilit\u00e9 et l'organisation de votre mat\u00e9riel.","robots":{"index":"index","follow":"follow","max-snippet":"max-snippet:-1","max-image-preview":"max-image-preview:large","max-video-preview":"max-video-preview:-1"},"canonical":"https:\/\/sxflightcase.com\/fr\/produit\/plaque-de-support-dequipement-rab202-2\/","og_locale":"fr_FR","og_type":"article","og_title":"Equipment Rack Plate RAB202","og_description":"Equipment rack plate, factory direct! High-quality, durable plates designed for securely mounting equipment in racks. Ideal for professional setups, providing stability and organization for your gear.","og_url":"https:\/\/sxflightcase.com\/fr\/produit\/plaque-de-support-dequipement-rab202-2\/","og_site_name":"https:\/\/sxflightcase.com","article_publisher":"https:\/\/www.facebook.com\/profile.php?id=61560407257971","article_modified_time":"2024-09-10T06:18:40+00:00","og_image":[{"width":700,"height":700,"url":"https:\/\/sxflightcase.com\/wp-content\/uploads\/2024\/09\/RAB202.jpg","type":"image\/jpeg"}],"twitter_card":"summary_large_image","twitter_misc":{"Dur\u00e9e de lecture estim\u00e9e":"2 minutes"},"schema":{"@context":"https:\/\/schema.org","@graph":[{"@type":"WebPage","@id":"https:\/\/sxflightcase.com\/product\/equipment-rack-plate-rab202\/","url":"https:\/\/sxflightcase.com\/product\/equipment-rack-plate-rab202\/","name":"Equipment Rack Plate RAB202 - https:\/\/sxflightcase.com \ud83d\udc97","isPartOf":{"@id":"https:\/\/sxflightcase.com\/th\/#website"},"primaryImageOfPage":{"@id":"https:\/\/sxflightcase.com\/product\/equipment-rack-plate-rab202\/#primaryimage"},"image":{"@id":"https:\/\/sxflightcase.com\/product\/equipment-rack-plate-rab202\/#primaryimage"},"thumbnailUrl":"https:\/\/sxflightcase.com\/wp-content\/uploads\/2024\/09\/RAB202.jpg","datePublished":"2024-09-10T06:18:39+00:00","dateModified":"2024-09-10T06:18:40+00:00","description":"Plaque pour rack d'\u00e9quipement, direct usine ! Plaques de haute qualit\u00e9, durables, con\u00e7ues pour fixer solidement l'\u00e9quipement dans les racks. Id\u00e9ales pour les installations professionnelles, elles assurent la stabilit\u00e9 et l'organisation de votre mat\u00e9riel.","breadcrumb":{"@id":"https:\/\/sxflightcase.com\/product\/equipment-rack-plate-rab202\/#breadcrumb"},"inLanguage":"fr-FR","potentialAction":[{"@type":"ReadAction","target":["https:\/\/sxflightcase.com\/product\/equipment-rack-plate-rab202\/"]}]},{"@type":"ImageObject","inLanguage":"fr-FR","@id":"https:\/\/sxflightcase.com\/product\/equipment-rack-plate-rab202\/#primaryimage","url":"https:\/\/sxflightcase.com\/wp-content\/uploads\/2024\/09\/RAB202.jpg","contentUrl":"https:\/\/sxflightcase.com\/wp-content\/uploads\/2024\/09\/RAB202.jpg","width":700,"height":700,"caption":"Equipment Rack Plate"},{"@type":"BreadcrumbList","@id":"https:\/\/sxflightcase.com\/product\/equipment-rack-plate-rab202\/#breadcrumb","itemListElement":[{"@type":"ListItem","position":1,"name":"Home","item":"https:\/\/sxflightcase.com\/"},{"@type":"ListItem","position":2,"name":"\u0e2a\u0e34\u0e19\u0e04\u0e49\u0e32","item":"https:\/\/sxflightcase.com\/th\/shop\/"},{"@type":"ListItem","position":3,"name":"Equipment Rack Plate RAB202"}]},{"@type":"WebSite","@id":"https:\/\/sxflightcase.com\/th\/#website","url":"https:\/\/sxflightcase.com\/th\/","name":"sxpowercase.com","description":"Flight Case Factory","publisher":{"@id":"https:\/\/sxflightcase.com\/th\/#organization"},"potentialAction":[{"@type":"SearchAction","target":{"@type":"EntryPoint","urlTemplate":"https:\/\/sxflightcase.com\/th\/?s={search_term_string}"},"query-input":{"@type":"PropertyValueSpecification","valueRequired":true,"valueName":"search_term_string"}}],"inLanguage":"fr-FR"},{"@type":"Organization","@id":"https:\/\/sxflightcase.com\/th\/#organization","name":"sxpowercase.com","url":"https:\/\/sxflightcase.com\/th\/","logo":{"@type":"ImageObject","inLanguage":"fr-FR","@id":"https:\/\/sxflightcase.com\/th\/#\/schema\/logo\/image\/","url":"https:\/\/sxflightcase.com\/wp-content\/uploads\/2024\/04\/1713919036007.jpg","contentUrl":"https:\/\/sxflightcase.com\/wp-content\/uploads\/2024\/04\/1713919036007.jpg","width":382,"height":388,"caption":"sxpowercase.com"},"image":{"@id":"https:\/\/sxflightcase.com\/th\/#\/schema\/logo\/image\/"},"sameAs":["https:\/\/www.facebook.com\/profile.php?id=61560407257971"],"numberOfEmployees":{"@type":"QuantitativeValue","minValue":"11","maxValue":"50"}}]}},"_links":{"self":[{"href":"https:\/\/sxflightcase.com\/fr\/wp-json\/wp\/v2\/product\/4332","targetHints":{"allow":["GET"]}}],"collection":[{"href":"https:\/\/sxflightcase.com\/fr\/wp-json\/wp\/v2\/product"}],"about":[{"href":"https:\/\/sxflightcase.com\/fr\/wp-json\/wp\/v2\/types\/product"}],"replies":[{"embeddable":true,"href":"https:\/\/sxflightcase.com\/fr\/wp-json\/wp\/v2\/comments?post=4332"}],"version-history":[{"count":0,"href":"https:\/\/sxflightcase.com\/fr\/wp-json\/wp\/v2\/product\/4332\/revisions"}],"wp:featuredmedia":[{"embeddable":true,"href":"https:\/\/sxflightcase.com\/fr\/wp-json\/wp\/v2\/media\/4279"}],"wp:attachment":[{"href":"https:\/\/sxflightcase.com\/fr\/wp-json\/wp\/v2\/media?parent=4332"}],"wp:term":[{"taxonomy":"product_brand","embeddable":true,"href":"https:\/\/sxflightcase.com\/fr\/wp-json\/wp\/v2\/product_brand?post=4332"},{"taxonomy":"product_cat","embeddable":true,"href":"https:\/\/sxflightcase.com\/fr\/wp-json\/wp\/v2\/product_cat?post=4332"},{"taxonomy":"product_tag","embeddable":true,"href":"https:\/\/sxflightcase.com\/fr\/wp-json\/wp\/v2\/product_tag?post=4332"}],"curies":[{"name":"wp","href":"https:\/\/api.w.org\/{rel}","templated":true}]}}