{"id":4334,"date":"2024-09-10T07:25:20","date_gmt":"2024-09-10T06:25:20","guid":{"rendered":"https:\/\/sxpowercase.com\/?post_type=product&#038;p=4334"},"modified":"2024-09-10T07:25:21","modified_gmt":"2024-09-10T06:25:21","slug":"rack-panel-rab203","status":"publish","type":"product","link":"https:\/\/sxflightcase.com\/fr\/produit\/panneau-de-rack-rab203-2\/","title":{"rendered":"Panneau RAB203"},"content":{"rendered":"<h3>Panneaux de rack de premi\u00e8re qualit\u00e9 de SX pour tous vos besoins<\/h3>\n<p>A la recherche d'une personne fiable <span style=\"color: #0000ff;\"><a style=\"color: #0000ff;\" href=\"https:\/\/sxpowercase.com\/product\/equipment-rack-plate-rab202\/\"><strong>Panneau du rack<\/strong><\/a><\/span> \u00e0 un prix abordable ? <strong>SX<\/strong> offre des solutions de qualit\u00e9 sup\u00e9rieure en provenance directe de l'usine. Nos <strong>Panneaux de rack<\/strong> sont con\u00e7us pour r\u00e9pondre \u00e0 vos besoins, que vous mettiez en place un nouveau syst\u00e8me ou que vous modernisiez votre installation actuelle.<\/p>\n<h3>Mat\u00e9riaux de haute qualit\u00e9 pour une durabilit\u00e9 maximale<\/h3>\n<p>Notre <strong>Panneaux de rack<\/strong> sont fabriqu\u00e9s \u00e0 partir de mat\u00e9riaux de haute qualit\u00e9 pour garantir leur durabilit\u00e9 et leur solidit\u00e9. Avec <strong><a href=\"https:\/\/sxpowercase.com\/\" target=\"_blank\" rel=\"noopener\" title=\"SX\" data-wpil-monitor-id=\"736\">SX<\/a><\/strong> Gr\u00e2ce \u00e0 nos produits, vous obtenez un panneau non seulement esth\u00e9tique, mais qui r\u00e9siste \u00e9galement aux exigences des environnements professionnels. La qualit\u00e9 est garantie et nos prix d'usine directs vous permettent de ne pas vous ruiner.<\/p>\n<h3>Facilit\u00e9 d'installation et polyvalence<\/h3>\n<p>Le <strong>Panneau SX Rack<\/strong> est con\u00e7u pour une installation facile et une utilisation polyvalente. Qu'il s'agisse de monter des serveurs, des \u00e9quipements audio ou d'autres mat\u00e9riels, nos panneaux s'int\u00e8grent parfaitement dans les racks standard, ce qui rend l'installation rapide et simple. Vous b\u00e9n\u00e9ficiez ainsi d'une exp\u00e9rience sans tracas et d'une finition professionnelle \u00e0 chaque fois.<\/p>\n<h3>Des prix directs pour un excellent rapport qualit\u00e9-prix<\/h3>\n<p>\u00c0 <strong>SX<\/strong>Nous offrons \u00e0 nos clients <strong>Panneaux de rack<\/strong> directement de l'usine, ce qui signifie que vous b\u00e9n\u00e9ficiez de prix plus bas sans compromettre la qualit\u00e9. Notre approche directe avec le client vous garantit une valeur exceptionnelle, vous permettant d'\u00e9quiper votre rack avec des panneaux de qualit\u00e9 sup\u00e9rieure pour une fraction du co\u00fbt.<\/p>\n<h3>Des applications polyvalentes pour des besoins diff\u00e9rents<\/h3>\n<p>Le <strong>Panneau SX Rack<\/strong> est parfait pour toute une s\u00e9rie d'applications, des racks de serveurs aux installations audiovisuelles. Sa conception s'adapte \u00e0 diff\u00e9rents besoins de montage, ce qui en fait un choix polyvalent pour toute installation professionnelle ou industrielle. Cette flexibilit\u00e9 fait de nos panneaux un investissement intelligent pour toute organisation d'\u00e9quipement.<\/p>\n<h3>Une assurance qualit\u00e9 rigoureuse pour la tranquillit\u00e9 d'esprit<\/h3>\n<p>Chaque <strong>Panneau du rack<\/strong> de <strong>SX<\/strong> est soumis \u00e0 des contr\u00f4les de qualit\u00e9 approfondis afin de s'assurer qu'il r\u00e9pond \u00e0 nos normes \u00e9lev\u00e9es. Nous sommes fiers de fournir des produits qui offrent \u00e0 la fois fiabilit\u00e9 et long\u00e9vit\u00e9. Lorsque vous choisissez <strong>SX<\/strong>Vous choisissez la tranquillit\u00e9 d'esprit en sachant que votre \u00e9quipement est mont\u00e9 en toute s\u00e9curit\u00e9.<\/p>\n<h3>Approuv\u00e9 par les professionnels du secteur<\/h3>\n<p>Notre <strong>Panneaux de rack<\/strong> sont reconnus par les professionnels de l'industrie pour leur fiabilit\u00e9 et leurs performances. <strong>SX<\/strong> s'est forg\u00e9 une r\u00e9putation de fournisseur de produits de qualit\u00e9 qui fonctionnent sous pression. Qu'il s'agisse d'\u00e9quiper un studio ou un centre de donn\u00e9es, nos panneaux offrent la solution fiable dont vous avez besoin.<\/p>\n<p>Pour les primes <strong>Panneaux de rack<\/strong> qui allient qualit\u00e9, prix abordable et facilit\u00e9 d'utilisation, ne cherchez pas plus loin que les <strong>SX<\/strong>. Notre approche directe vous garantit le meilleur produit au meilleur prix. Choisissez <strong>SX<\/strong> pour tous vos besoins de montage en rack.<\/p>\n<ol>\n<li>Contactez-nous maintenant :<span style=\"color: #0000ff;\"><a style=\"color: #0000ff;\" href=\"https:\/\/sxpowercase.com\/contact-us\/\">https:\/\/sxpowercase.com\/<\/a><\/span><\/li>\n<li>Catalogue de produits mat\u00e9riels :<span style=\"color: #0000ff;\"><a style=\"color: #0000ff;\" href=\"https:\/\/sxpowercase.com\/wp-content\/uploads\/2024\/07\/\u4e94\u91d1.pdf\">Catalogue d&#039;accessoires de quincaillerie<\/a><\/span><\/li>\n<\/ol>","protected":false},"excerpt":{"rendered":"<div class=\"flex-shrink-0 flex flex-col relative items-end\">\n<div>\n<div class=\"pt-0\">\n<div class=\"gizmo-bot-avatar flex h-8 w-8 items-center justify-center overflow-hidden rounded-full\">\n<div class=\"relative p-1 rounded-sm flex items-center justify-center bg-token-main-surface-primary text-token-text-primary h-8 w-8\"><\/div>\n<\/div>\n<\/div>\n<\/div>\n<\/div>\n<div class=\"group\/conversation-turn relative flex w-full min-w-0 flex-col agent-turn\">\n<div class=\"flex-col gap-1 md:gap-3\">\n<div class=\"flex max-w-full flex-col flex-grow\">\n<div class=\"min-h-[20px] text-message flex w-full flex-col items-end gap-2 whitespace-normal break-words [.text-message+&amp;]:mt-5\" dir=\"auto\" data-message-author-role=\"assistant\" data-message-id=\"f77ba064-ccd1-4820-b71e-f917db2e329b\">\n<div class=\"flex w-full flex-col gap-1 empty:hidden first:pt-[3px]\">\n<div class=\"markdown prose w-full break-words dark:prose-invert light\">\n<h3>Premium SX Rack Panels: Affordable Excellence<\/h3>\n<p>SX delivers high-quality Rack Panels straight from the factory, offering both durability and affordability for your setup.<\/p>\n<h3>Durable Materials for Professional Use<\/h3>\n<p>Crafted from high-grade materials, SX Rack Panels provide long-lasting strength and reliability, perfect for demanding environments.<\/p>\n<h3>Easy Installation and Versatile Applications<\/h3>\n<p>Designed for quick setup and compatibility with standard racks, SX Rack Panels are versatile for various mounting needs, ensuring a seamless and professional finish.<\/p>\n<\/div>\n<\/div>\n<\/div>\n<\/div>\n<\/div>\n<\/div>\n","protected":false},"featured_media":4280,"comment_status":"open","ping_status":"closed","template":"","meta":[],"product_brand":[],"product_cat":[66],"product_tag":[],"class_list":{"0":"post-4334","1":"product","2":"type-product","3":"status-publish","4":"has-post-thumbnail","6":"product_cat-rack-hardware","8":"first","9":"instock","10":"shipping-taxable","11":"product-type-simple"},"yoast_head":"<!-- This site is optimized with the Yoast SEO Premium plugin v27.1 (Yoast SEO v27.2) - https:\/\/yoast.com\/product\/yoast-seo-premium-wordpress\/ -->\n<title>Rack Panel RAB203 - https:\/\/sxflightcase.com \ud83d\udc97<\/title>\n<meta name=\"description\" content=\"Rack panel, factory direct! High-quality, durable panels designed for mounting and organizing equipment in racks. Ideal for professional and industrial setups, ensuring secure and efficient use.\" \/>\n<meta name=\"robots\" content=\"index, follow, max-snippet:-1, max-image-preview:large, max-video-preview:-1\" \/>\n<link rel=\"canonical\" href=\"https:\/\/sxflightcase.com\/fr\/produit\/panneau-de-rack-rab203-2\/\" \/>\n<meta property=\"og:locale\" content=\"fr_FR\" \/>\n<meta property=\"og:type\" content=\"article\" \/>\n<meta property=\"og:title\" content=\"Rack Panel RAB203\" \/>\n<meta property=\"og:description\" content=\"Rack panel, factory direct! High-quality, durable panels designed for mounting and organizing equipment in racks. Ideal for professional and industrial setups, ensuring secure and efficient use.\" \/>\n<meta property=\"og:url\" content=\"https:\/\/sxflightcase.com\/fr\/produit\/panneau-de-rack-rab203-2\/\" \/>\n<meta property=\"og:site_name\" content=\"https:\/\/sxflightcase.com\" \/>\n<meta property=\"article:publisher\" content=\"https:\/\/www.facebook.com\/profile.php?id=61560407257971\" \/>\n<meta property=\"article:modified_time\" content=\"2024-09-10T06:25:21+00:00\" \/>\n<meta property=\"og:image\" content=\"https:\/\/sxflightcase.com\/wp-content\/uploads\/2024\/09\/RAB203.jpg\" \/>\n\t<meta property=\"og:image:width\" content=\"700\" \/>\n\t<meta property=\"og:image:height\" content=\"700\" \/>\n\t<meta property=\"og:image:type\" content=\"image\/jpeg\" \/>\n<meta name=\"twitter:card\" content=\"summary_large_image\" \/>\n<meta name=\"twitter:label1\" content=\"Dur\u00e9e de lecture estim\u00e9e\" \/>\n\t<meta name=\"twitter:data1\" content=\"3 minutes\" \/>\n<script type=\"application\/ld+json\" class=\"yoast-schema-graph\">{\"@context\":\"https:\/\/schema.org\",\"@graph\":[{\"@type\":\"WebPage\",\"@id\":\"https:\/\/sxflightcase.com\/product\/rack-panel-rab203\/\",\"url\":\"https:\/\/sxflightcase.com\/product\/rack-panel-rab203\/\",\"name\":\"Rack Panel RAB203 - https:\/\/sxflightcase.com \ud83d\udc97\",\"isPartOf\":{\"@id\":\"https:\/\/sxflightcase.com\/th\/#website\"},\"primaryImageOfPage\":{\"@id\":\"https:\/\/sxflightcase.com\/product\/rack-panel-rab203\/#primaryimage\"},\"image\":{\"@id\":\"https:\/\/sxflightcase.com\/product\/rack-panel-rab203\/#primaryimage\"},\"thumbnailUrl\":\"https:\/\/sxflightcase.com\/wp-content\/uploads\/2024\/09\/RAB203.jpg\",\"datePublished\":\"2024-09-10T06:25:20+00:00\",\"dateModified\":\"2024-09-10T06:25:21+00:00\",\"description\":\"Rack panel, factory direct! High-quality, durable panels designed for mounting and organizing equipment in racks. Ideal for professional and industrial setups, ensuring secure and efficient use.\",\"breadcrumb\":{\"@id\":\"https:\/\/sxflightcase.com\/product\/rack-panel-rab203\/#breadcrumb\"},\"inLanguage\":\"fr-FR\",\"potentialAction\":[{\"@type\":\"ReadAction\",\"target\":[\"https:\/\/sxflightcase.com\/product\/rack-panel-rab203\/\"]}]},{\"@type\":\"ImageObject\",\"inLanguage\":\"fr-FR\",\"@id\":\"https:\/\/sxflightcase.com\/product\/rack-panel-rab203\/#primaryimage\",\"url\":\"https:\/\/sxflightcase.com\/wp-content\/uploads\/2024\/09\/RAB203.jpg\",\"contentUrl\":\"https:\/\/sxflightcase.com\/wp-content\/uploads\/2024\/09\/RAB203.jpg\",\"width\":700,\"height\":700,\"caption\":\"Rack Panel\"},{\"@type\":\"BreadcrumbList\",\"@id\":\"https:\/\/sxflightcase.com\/product\/rack-panel-rab203\/#breadcrumb\",\"itemListElement\":[{\"@type\":\"ListItem\",\"position\":1,\"name\":\"Home\",\"item\":\"https:\/\/sxflightcase.com\/\"},{\"@type\":\"ListItem\",\"position\":2,\"name\":\"\u0e2a\u0e34\u0e19\u0e04\u0e49\u0e32\",\"item\":\"https:\/\/sxflightcase.com\/th\/shop\/\"},{\"@type\":\"ListItem\",\"position\":3,\"name\":\"Rack Panel RAB203\"}]},{\"@type\":\"WebSite\",\"@id\":\"https:\/\/sxflightcase.com\/th\/#website\",\"url\":\"https:\/\/sxflightcase.com\/th\/\",\"name\":\"sxpowercase.com\",\"description\":\"Flight Case Factory\",\"publisher\":{\"@id\":\"https:\/\/sxflightcase.com\/th\/#organization\"},\"potentialAction\":[{\"@type\":\"SearchAction\",\"target\":{\"@type\":\"EntryPoint\",\"urlTemplate\":\"https:\/\/sxflightcase.com\/th\/?s={search_term_string}\"},\"query-input\":{\"@type\":\"PropertyValueSpecification\",\"valueRequired\":true,\"valueName\":\"search_term_string\"}}],\"inLanguage\":\"fr-FR\"},{\"@type\":\"Organization\",\"@id\":\"https:\/\/sxflightcase.com\/th\/#organization\",\"name\":\"sxpowercase.com\",\"url\":\"https:\/\/sxflightcase.com\/th\/\",\"logo\":{\"@type\":\"ImageObject\",\"inLanguage\":\"fr-FR\",\"@id\":\"https:\/\/sxflightcase.com\/th\/#\/schema\/logo\/image\/\",\"url\":\"https:\/\/sxflightcase.com\/wp-content\/uploads\/2024\/04\/1713919036007.jpg\",\"contentUrl\":\"https:\/\/sxflightcase.com\/wp-content\/uploads\/2024\/04\/1713919036007.jpg\",\"width\":382,\"height\":388,\"caption\":\"sxpowercase.com\"},\"image\":{\"@id\":\"https:\/\/sxflightcase.com\/th\/#\/schema\/logo\/image\/\"},\"sameAs\":[\"https:\/\/www.facebook.com\/profile.php?id=61560407257971\"],\"numberOfEmployees\":{\"@type\":\"QuantitativeValue\",\"minValue\":\"11\",\"maxValue\":\"50\"}}]}<\/script>\n<!-- \/ Yoast SEO Premium plugin. -->","yoast_head_json":{"title":"Rack Panel RAB203 - https:\/\/sxflightcase.com \ud83d\udc97","description":"Panneau pour rack, direct usine ! Panneaux durables de haute qualit\u00e9 con\u00e7us pour le montage et l'organisation des \u00e9quipements dans les racks. Id\u00e9aux pour les installations professionnelles et industrielles, ils garantissent une utilisation s\u00fbre et efficace.","robots":{"index":"index","follow":"follow","max-snippet":"max-snippet:-1","max-image-preview":"max-image-preview:large","max-video-preview":"max-video-preview:-1"},"canonical":"https:\/\/sxflightcase.com\/fr\/produit\/panneau-de-rack-rab203-2\/","og_locale":"fr_FR","og_type":"article","og_title":"Rack Panel RAB203","og_description":"Rack panel, factory direct! High-quality, durable panels designed for mounting and organizing equipment in racks. Ideal for professional and industrial setups, ensuring secure and efficient use.","og_url":"https:\/\/sxflightcase.com\/fr\/produit\/panneau-de-rack-rab203-2\/","og_site_name":"https:\/\/sxflightcase.com","article_publisher":"https:\/\/www.facebook.com\/profile.php?id=61560407257971","article_modified_time":"2024-09-10T06:25:21+00:00","og_image":[{"width":700,"height":700,"url":"https:\/\/sxflightcase.com\/wp-content\/uploads\/2024\/09\/RAB203.jpg","type":"image\/jpeg"}],"twitter_card":"summary_large_image","twitter_misc":{"Dur\u00e9e de lecture estim\u00e9e":"3 minutes"},"schema":{"@context":"https:\/\/schema.org","@graph":[{"@type":"WebPage","@id":"https:\/\/sxflightcase.com\/product\/rack-panel-rab203\/","url":"https:\/\/sxflightcase.com\/product\/rack-panel-rab203\/","name":"Rack Panel RAB203 - https:\/\/sxflightcase.com \ud83d\udc97","isPartOf":{"@id":"https:\/\/sxflightcase.com\/th\/#website"},"primaryImageOfPage":{"@id":"https:\/\/sxflightcase.com\/product\/rack-panel-rab203\/#primaryimage"},"image":{"@id":"https:\/\/sxflightcase.com\/product\/rack-panel-rab203\/#primaryimage"},"thumbnailUrl":"https:\/\/sxflightcase.com\/wp-content\/uploads\/2024\/09\/RAB203.jpg","datePublished":"2024-09-10T06:25:20+00:00","dateModified":"2024-09-10T06:25:21+00:00","description":"Panneau pour rack, direct usine ! Panneaux durables de haute qualit\u00e9 con\u00e7us pour le montage et l'organisation des \u00e9quipements dans les racks. Id\u00e9aux pour les installations professionnelles et industrielles, ils garantissent une utilisation s\u00fbre et efficace.","breadcrumb":{"@id":"https:\/\/sxflightcase.com\/product\/rack-panel-rab203\/#breadcrumb"},"inLanguage":"fr-FR","potentialAction":[{"@type":"ReadAction","target":["https:\/\/sxflightcase.com\/product\/rack-panel-rab203\/"]}]},{"@type":"ImageObject","inLanguage":"fr-FR","@id":"https:\/\/sxflightcase.com\/product\/rack-panel-rab203\/#primaryimage","url":"https:\/\/sxflightcase.com\/wp-content\/uploads\/2024\/09\/RAB203.jpg","contentUrl":"https:\/\/sxflightcase.com\/wp-content\/uploads\/2024\/09\/RAB203.jpg","width":700,"height":700,"caption":"Rack Panel"},{"@type":"BreadcrumbList","@id":"https:\/\/sxflightcase.com\/product\/rack-panel-rab203\/#breadcrumb","itemListElement":[{"@type":"ListItem","position":1,"name":"Home","item":"https:\/\/sxflightcase.com\/"},{"@type":"ListItem","position":2,"name":"\u0e2a\u0e34\u0e19\u0e04\u0e49\u0e32","item":"https:\/\/sxflightcase.com\/th\/shop\/"},{"@type":"ListItem","position":3,"name":"Rack Panel RAB203"}]},{"@type":"WebSite","@id":"https:\/\/sxflightcase.com\/th\/#website","url":"https:\/\/sxflightcase.com\/th\/","name":"sxpowercase.com","description":"Flight Case Factory","publisher":{"@id":"https:\/\/sxflightcase.com\/th\/#organization"},"potentialAction":[{"@type":"SearchAction","target":{"@type":"EntryPoint","urlTemplate":"https:\/\/sxflightcase.com\/th\/?s={search_term_string}"},"query-input":{"@type":"PropertyValueSpecification","valueRequired":true,"valueName":"search_term_string"}}],"inLanguage":"fr-FR"},{"@type":"Organization","@id":"https:\/\/sxflightcase.com\/th\/#organization","name":"sxpowercase.com","url":"https:\/\/sxflightcase.com\/th\/","logo":{"@type":"ImageObject","inLanguage":"fr-FR","@id":"https:\/\/sxflightcase.com\/th\/#\/schema\/logo\/image\/","url":"https:\/\/sxflightcase.com\/wp-content\/uploads\/2024\/04\/1713919036007.jpg","contentUrl":"https:\/\/sxflightcase.com\/wp-content\/uploads\/2024\/04\/1713919036007.jpg","width":382,"height":388,"caption":"sxpowercase.com"},"image":{"@id":"https:\/\/sxflightcase.com\/th\/#\/schema\/logo\/image\/"},"sameAs":["https:\/\/www.facebook.com\/profile.php?id=61560407257971"],"numberOfEmployees":{"@type":"QuantitativeValue","minValue":"11","maxValue":"50"}}]}},"_links":{"self":[{"href":"https:\/\/sxflightcase.com\/fr\/wp-json\/wp\/v2\/product\/4334","targetHints":{"allow":["GET"]}}],"collection":[{"href":"https:\/\/sxflightcase.com\/fr\/wp-json\/wp\/v2\/product"}],"about":[{"href":"https:\/\/sxflightcase.com\/fr\/wp-json\/wp\/v2\/types\/product"}],"replies":[{"embeddable":true,"href":"https:\/\/sxflightcase.com\/fr\/wp-json\/wp\/v2\/comments?post=4334"}],"version-history":[{"count":0,"href":"https:\/\/sxflightcase.com\/fr\/wp-json\/wp\/v2\/product\/4334\/revisions"}],"wp:featuredmedia":[{"embeddable":true,"href":"https:\/\/sxflightcase.com\/fr\/wp-json\/wp\/v2\/media\/4280"}],"wp:attachment":[{"href":"https:\/\/sxflightcase.com\/fr\/wp-json\/wp\/v2\/media?parent=4334"}],"wp:term":[{"taxonomy":"product_brand","embeddable":true,"href":"https:\/\/sxflightcase.com\/fr\/wp-json\/wp\/v2\/product_brand?post=4334"},{"taxonomy":"product_cat","embeddable":true,"href":"https:\/\/sxflightcase.com\/fr\/wp-json\/wp\/v2\/product_cat?post=4334"},{"taxonomy":"product_tag","embeddable":true,"href":"https:\/\/sxflightcase.com\/fr\/wp-json\/wp\/v2\/product_tag?post=4334"}],"curies":[{"name":"wp","href":"https:\/\/api.w.org\/{rel}","templated":true}]}}