{"id":4356,"date":"2024-09-11T07:14:18","date_gmt":"2024-09-11T06:14:18","guid":{"rendered":"https:\/\/sxpowercase.com\/?post_type=product&#038;p=4356"},"modified":"2024-09-11T07:14:19","modified_gmt":"2024-09-11T06:14:19","slug":"panel-rack-rab301","status":"publish","type":"product","link":"https:\/\/sxflightcase.com\/fr\/produit\/rack-a-panneaux-rab301-2\/","title":{"rendered":"Panneau de rack RAB301"},"content":{"rendered":"<h3>Rayonnages \u00e0 panneaux abordables et durables de SX<\/h3>\n<p>A la recherche d'une personne fiable <a href=\"https:\/\/sxpowercase.com\/product\/panel-rack-rab205\/\"><strong>Panneau de rangement<\/strong><\/a>? <strong>SX<\/strong> fournit des solutions de qualit\u00e9 qui r\u00e9pondent \u00e0 tous vos besoins. Nos rayonnages \u00e0 panneaux sont con\u00e7us avec pr\u00e9cision et construits pour durer, offrant \u00e0 la fois un prix abordable et une grande durabilit\u00e9. Avec <strong><a href=\"https:\/\/sxpowercase.com\/\" target=\"_blank\" rel=\"noopener\" title=\"SX\" data-wpil-monitor-id=\"743\">SX<\/a><\/strong>vous pouvez \u00eatre s\u00fbr que vous investissez dans un \u00e9quipement de premi\u00e8re qualit\u00e9 \u00e0 des prix d'usine.<\/p>\n<h3>Construction solide pour un soutien maximal<\/h3>\n<p>Chaque <strong>Panneau de rangement<\/strong> de <strong>SX<\/strong> est fabriqu\u00e9 \u00e0 partir de mat\u00e9riaux de premi\u00e8re qualit\u00e9, ce qui garantit une structure solide et robuste, capable de r\u00e9sister aux environnements les plus exigeants. Qu'ils soient utilis\u00e9s dans un cadre professionnel ou industriel, nos rayonnages offrent un support stable et fiable pour tous vos \u00e9quipements.<\/p>\n<h3>Installation facile et prix avantageux<\/h3>\n<p>\u00c0 <strong>SX<\/strong>Nous simplifions le processus d'installation. Nos services <strong>Supports de panneaux<\/strong> sont con\u00e7us pour un assemblage rapide, ce qui vous permet d'\u00e9conomiser du temps et des efforts. De plus, gr\u00e2ce \u00e0 notre processus de fabrication rentable, nous proposons ces produits de haute qualit\u00e9 \u00e0 des prix plus bas, directement de l'usine \u00e0 votre porte.<\/p>\n<h3>Qualit\u00e9 assur\u00e9e pour une utilisation \u00e0 long terme<\/h3>\n<p>Lorsque vous choisissez <strong>SX<\/strong>vous optez pour une qualit\u00e9 garantie. Chaque <strong>Panneau de rangement<\/strong> est rigoureusement test\u00e9 en termes de r\u00e9sistance et de performance. Qu'il s'agisse d'un petit studio ou d'un grand syst\u00e8me informatique, nos racks sont con\u00e7us pour r\u00e9sister \u00e0 des ann\u00e9es d'utilisation tout en assurant la s\u00e9curit\u00e9 et l'organisation de votre \u00e9quipement.<\/p>\n<h3>Des solutions polyvalentes pour toutes les configurations<\/h3>\n<p><strong>B\u00e2tis de panneaux SX<\/strong> sont con\u00e7us pour \u00eatre polyvalents et s'adapter \u00e0 diverses applications, qu'il s'agisse d'installations audiovisuelles ou de salles de r\u00e9seaux et de serveurs. Quels que soient vos besoins, nos baies offrent flexibilit\u00e9 et adaptabilit\u00e9 \u00e0 une large gamme d'\u00e9quipements. Avec <strong>SX<\/strong>Vous obtenez ainsi des solutions qui s'adaptent parfaitement \u00e0 vos besoins sp\u00e9cifiques.<\/p>\n<h3>Des options \u00e9conomiques en direct de l'usine<\/h3>\n<p>En achetant votre <strong>Supports de panneaux<\/strong> directement \u00e0 partir de <strong>SX<\/strong>Vous r\u00e9alisez ainsi des \u00e9conomies consid\u00e9rables. Notre mod\u00e8le d'usine directe \u00e9limine les interm\u00e9diaires, ce qui nous permet de fournir les m\u00eames rayonnages de haute qualit\u00e9 \u00e0 des prix inf\u00e9rieurs. Vous b\u00e9n\u00e9ficiez ainsi du meilleur rapport qualit\u00e9\/prix sans compromis sur la qualit\u00e9.<\/p>\n<h3>Des professionnels du monde entier lui font confiance<\/h3>\n<p>Des professionnels de diff\u00e9rents secteurs s'appuient sur <strong>B\u00e2tis de panneaux SX<\/strong> pour leur fiabilit\u00e9 et leur prix abordable. Les experts en informatique et les ing\u00e9nieurs du son font confiance \u00e0 nos baies pour leurs performances robustes et leur durabilit\u00e9. Avec <strong>SX<\/strong>Vous disposez ainsi d'un \u00e9quipement de qualit\u00e9 professionnelle qui r\u00e9siste \u00e0 l'\u00e9preuve du temps.<\/p>\n<p>Pour une solution solide, abordable et facile \u00e0 installer <strong>Panneau de rangement<\/strong>, <strong>SX<\/strong> est un choix judicieux. Nos produits combinent le meilleur de la qualit\u00e9 et de la rentabilit\u00e9, ce qui les rend parfaits pour n'importe quelle installation. Choisissez <strong>SX<\/strong> et b\u00e9n\u00e9ficiez de solutions fiables et durables \u00e0 des prix d'usine.<\/p>\n<ol>\n<li>Contactez-nous maintenant :<span style=\"color: #0000ff;\"><a style=\"color: #0000ff;\" href=\"https:\/\/sxpowercase.com\/contact-us\/\">https:\/\/sxpowercase.com\/<\/a><\/span><\/li>\n<li>Catalogue de produits mat\u00e9riels :<span style=\"color: #0000ff;\"><a style=\"color: #0000ff;\" href=\"https:\/\/sxpowercase.com\/wp-content\/uploads\/2024\/07\/\u4e94\u91d1.pdf\">Catalogue d&#039;accessoires de quincaillerie<\/a><\/span><\/li>\n<\/ol>","protected":false},"excerpt":{"rendered":"<h3>Panneaux SX Rack : Haute qualit\u00e9 \u00e0 prix d'usine<\/h3>\n<p>SX propose des panneaux de rack durables fabriqu\u00e9s \u00e0 partir de mat\u00e9riaux de premi\u00e8re qualit\u00e9, offrant une qualit\u00e9 sup\u00e9rieure \u00e0 des prix abordables et directs.<\/p>\n<h3>Installation rapide et utilisation polyvalente<\/h3>\n<p>Nos panneaux de rack sont con\u00e7us pour une installation facile et une compatibilit\u00e9 avec diff\u00e9rents syst\u00e8mes, garantissant un ajustement s\u00fbr pour n'importe quelle configuration.<\/p>\n<h3>Des professionnels du monde entier lui font confiance<\/h3>\n<p>Les professionnels font confiance aux panneaux SX Rack pour leur durabilit\u00e9, leurs performances et leur assurance qualit\u00e9 rigoureuse, ce qui en fait un choix de premier ordre pour le montage d'\u00e9quipements.<\/p>","protected":false},"featured_media":4283,"comment_status":"open","ping_status":"closed","template":"","meta":[],"product_brand":[],"product_cat":[66],"product_tag":[],"class_list":{"0":"post-4356","1":"product","2":"type-product","3":"status-publish","4":"has-post-thumbnail","6":"product_cat-rack-hardware","8":"first","9":"instock","10":"shipping-taxable","11":"product-type-simple"},"yoast_head":"<!-- This site is optimized with the Yoast SEO Premium plugin v27.1 (Yoast SEO v27.2) - https:\/\/yoast.com\/product\/yoast-seo-premium-wordpress\/ -->\n<title>Panel Rack RAB301 - https:\/\/sxflightcase.com \ud83d\udc97<\/title>\n<meta name=\"description\" content=\"Panel rack, factory direct! High-quality, durable racks designed for securely mounting and organizing equipment. Perfect for professional setups, ensuring efficient use and stability.\" \/>\n<meta name=\"robots\" content=\"index, follow, max-snippet:-1, max-image-preview:large, max-video-preview:-1\" \/>\n<link rel=\"canonical\" href=\"https:\/\/sxflightcase.com\/fr\/\u0e1c\u0e25\u0e34\u0e15\u0e20\u0e31\u0e13\u0e11\u0e4c\/panel-rack-rab301\/\" \/>\n<meta property=\"og:locale\" content=\"fr_FR\" \/>\n<meta property=\"og:type\" content=\"article\" \/>\n<meta property=\"og:title\" content=\"Panel Rack RAB301\" \/>\n<meta property=\"og:description\" content=\"Panel rack, factory direct! High-quality, durable racks designed for securely mounting and organizing equipment. Perfect for professional setups, ensuring efficient use and stability.\" \/>\n<meta property=\"og:url\" content=\"https:\/\/sxflightcase.com\/fr\/\u0e1c\u0e25\u0e34\u0e15\u0e20\u0e31\u0e13\u0e11\u0e4c\/panel-rack-rab301\/\" \/>\n<meta property=\"og:site_name\" content=\"https:\/\/sxflightcase.com\" \/>\n<meta property=\"article:publisher\" content=\"https:\/\/www.facebook.com\/profile.php?id=61560407257971\" \/>\n<meta property=\"article:modified_time\" content=\"2024-09-11T06:14:19+00:00\" \/>\n<meta property=\"og:image\" content=\"https:\/\/sxflightcase.com\/wp-content\/uploads\/2024\/09\/RAB301.jpg\" \/>\n\t<meta property=\"og:image:width\" content=\"700\" \/>\n\t<meta property=\"og:image:height\" content=\"700\" \/>\n\t<meta property=\"og:image:type\" content=\"image\/jpeg\" \/>\n<meta name=\"twitter:card\" content=\"summary_large_image\" \/>\n<meta name=\"twitter:label1\" content=\"Dur\u00e9e de lecture estim\u00e9e\" \/>\n\t<meta name=\"twitter:data1\" content=\"3 minutes\" \/>\n<script type=\"application\/ld+json\" class=\"yoast-schema-graph\">{\"@context\":\"https:\/\/schema.org\",\"@graph\":[{\"@type\":\"WebPage\",\"@id\":\"https:\/\/sxflightcase.com\/th\/\u0e1c\u0e25\u0e34\u0e15\u0e20\u0e31\u0e13\u0e11\u0e4c\/panel-rack-rab301\/\",\"url\":\"https:\/\/sxflightcase.com\/th\/\u0e1c\u0e25\u0e34\u0e15\u0e20\u0e31\u0e13\u0e11\u0e4c\/panel-rack-rab301\/\",\"name\":\"Panel Rack RAB301 - https:\/\/sxflightcase.com \ud83d\udc97\",\"isPartOf\":{\"@id\":\"https:\/\/sxflightcase.com\/th\/#website\"},\"primaryImageOfPage\":{\"@id\":\"https:\/\/sxflightcase.com\/th\/\u0e1c\u0e25\u0e34\u0e15\u0e20\u0e31\u0e13\u0e11\u0e4c\/panel-rack-rab301\/#primaryimage\"},\"image\":{\"@id\":\"https:\/\/sxflightcase.com\/th\/\u0e1c\u0e25\u0e34\u0e15\u0e20\u0e31\u0e13\u0e11\u0e4c\/panel-rack-rab301\/#primaryimage\"},\"thumbnailUrl\":\"https:\/\/sxflightcase.com\/wp-content\/uploads\/2024\/09\/RAB301.jpg\",\"datePublished\":\"2024-09-11T06:14:18+00:00\",\"dateModified\":\"2024-09-11T06:14:19+00:00\",\"description\":\"Panel rack, factory direct! High-quality, durable racks designed for securely mounting and organizing equipment. Perfect for professional setups, ensuring efficient use and stability.\",\"breadcrumb\":{\"@id\":\"https:\/\/sxflightcase.com\/th\/\u0e1c\u0e25\u0e34\u0e15\u0e20\u0e31\u0e13\u0e11\u0e4c\/panel-rack-rab301\/#breadcrumb\"},\"inLanguage\":\"fr-FR\",\"potentialAction\":[{\"@type\":\"ReadAction\",\"target\":[\"https:\/\/sxflightcase.com\/th\/\u0e1c\u0e25\u0e34\u0e15\u0e20\u0e31\u0e13\u0e11\u0e4c\/panel-rack-rab301\/\"]}]},{\"@type\":\"ImageObject\",\"inLanguage\":\"fr-FR\",\"@id\":\"https:\/\/sxflightcase.com\/th\/\u0e1c\u0e25\u0e34\u0e15\u0e20\u0e31\u0e13\u0e11\u0e4c\/panel-rack-rab301\/#primaryimage\",\"url\":\"https:\/\/sxflightcase.com\/wp-content\/uploads\/2024\/09\/RAB301.jpg\",\"contentUrl\":\"https:\/\/sxflightcase.com\/wp-content\/uploads\/2024\/09\/RAB301.jpg\",\"width\":700,\"height\":700,\"caption\":\"Panel Rack\"},{\"@type\":\"BreadcrumbList\",\"@id\":\"https:\/\/sxflightcase.com\/th\/\u0e1c\u0e25\u0e34\u0e15\u0e20\u0e31\u0e13\u0e11\u0e4c\/panel-rack-rab301\/#breadcrumb\",\"itemListElement\":[{\"@type\":\"ListItem\",\"position\":1,\"name\":\"Home\",\"item\":\"https:\/\/sxflightcase.com\/\"},{\"@type\":\"ListItem\",\"position\":2,\"name\":\"\u0e2a\u0e34\u0e19\u0e04\u0e49\u0e32\",\"item\":\"https:\/\/sxflightcase.com\/th\/shop\/\"},{\"@type\":\"ListItem\",\"position\":3,\"name\":\"Panel Rack RAB301\"}]},{\"@type\":\"WebSite\",\"@id\":\"https:\/\/sxflightcase.com\/th\/#website\",\"url\":\"https:\/\/sxflightcase.com\/th\/\",\"name\":\"sxpowercase.com\",\"description\":\"Flight Case Factory\",\"publisher\":{\"@id\":\"https:\/\/sxflightcase.com\/th\/#organization\"},\"potentialAction\":[{\"@type\":\"SearchAction\",\"target\":{\"@type\":\"EntryPoint\",\"urlTemplate\":\"https:\/\/sxflightcase.com\/th\/?s={search_term_string}\"},\"query-input\":{\"@type\":\"PropertyValueSpecification\",\"valueRequired\":true,\"valueName\":\"search_term_string\"}}],\"inLanguage\":\"fr-FR\"},{\"@type\":\"Organization\",\"@id\":\"https:\/\/sxflightcase.com\/th\/#organization\",\"name\":\"sxpowercase.com\",\"url\":\"https:\/\/sxflightcase.com\/th\/\",\"logo\":{\"@type\":\"ImageObject\",\"inLanguage\":\"fr-FR\",\"@id\":\"https:\/\/sxflightcase.com\/th\/#\/schema\/logo\/image\/\",\"url\":\"https:\/\/sxflightcase.com\/wp-content\/uploads\/2024\/04\/1713919036007.jpg\",\"contentUrl\":\"https:\/\/sxflightcase.com\/wp-content\/uploads\/2024\/04\/1713919036007.jpg\",\"width\":382,\"height\":388,\"caption\":\"sxpowercase.com\"},\"image\":{\"@id\":\"https:\/\/sxflightcase.com\/th\/#\/schema\/logo\/image\/\"},\"sameAs\":[\"https:\/\/www.facebook.com\/profile.php?id=61560407257971\"],\"numberOfEmployees\":{\"@type\":\"QuantitativeValue\",\"minValue\":\"11\",\"maxValue\":\"50\"}}]}<\/script>\n<!-- \/ Yoast SEO Premium plugin. -->","yoast_head_json":{"title":"Panel Rack RAB301 - https:\/\/sxflightcase.com \ud83d\udc97","description":"Porte-panneaux, en direct de l'usine ! Racks de haute qualit\u00e9 et durables con\u00e7us pour fixer et organiser le mat\u00e9riel en toute s\u00e9curit\u00e9. Parfaits pour les installations professionnelles, ils garantissent une utilisation efficace et une bonne stabilit\u00e9.","robots":{"index":"index","follow":"follow","max-snippet":"max-snippet:-1","max-image-preview":"max-image-preview:large","max-video-preview":"max-video-preview:-1"},"canonical":"https:\/\/sxflightcase.com\/fr\/\u0e1c\u0e25\u0e34\u0e15\u0e20\u0e31\u0e13\u0e11\u0e4c\/panel-rack-rab301\/","og_locale":"fr_FR","og_type":"article","og_title":"Panel Rack RAB301","og_description":"Panel rack, factory direct! High-quality, durable racks designed for securely mounting and organizing equipment. Perfect for professional setups, ensuring efficient use and stability.","og_url":"https:\/\/sxflightcase.com\/fr\/\u0e1c\u0e25\u0e34\u0e15\u0e20\u0e31\u0e13\u0e11\u0e4c\/panel-rack-rab301\/","og_site_name":"https:\/\/sxflightcase.com","article_publisher":"https:\/\/www.facebook.com\/profile.php?id=61560407257971","article_modified_time":"2024-09-11T06:14:19+00:00","og_image":[{"width":700,"height":700,"url":"https:\/\/sxflightcase.com\/wp-content\/uploads\/2024\/09\/RAB301.jpg","type":"image\/jpeg"}],"twitter_card":"summary_large_image","twitter_misc":{"Dur\u00e9e de lecture estim\u00e9e":"3 minutes"},"schema":{"@context":"https:\/\/schema.org","@graph":[{"@type":"WebPage","@id":"https:\/\/sxflightcase.com\/th\/\u0e1c\u0e25\u0e34\u0e15\u0e20\u0e31\u0e13\u0e11\u0e4c\/panel-rack-rab301\/","url":"https:\/\/sxflightcase.com\/th\/\u0e1c\u0e25\u0e34\u0e15\u0e20\u0e31\u0e13\u0e11\u0e4c\/panel-rack-rab301\/","name":"Panel Rack RAB301 - https:\/\/sxflightcase.com \ud83d\udc97","isPartOf":{"@id":"https:\/\/sxflightcase.com\/th\/#website"},"primaryImageOfPage":{"@id":"https:\/\/sxflightcase.com\/th\/\u0e1c\u0e25\u0e34\u0e15\u0e20\u0e31\u0e13\u0e11\u0e4c\/panel-rack-rab301\/#primaryimage"},"image":{"@id":"https:\/\/sxflightcase.com\/th\/\u0e1c\u0e25\u0e34\u0e15\u0e20\u0e31\u0e13\u0e11\u0e4c\/panel-rack-rab301\/#primaryimage"},"thumbnailUrl":"https:\/\/sxflightcase.com\/wp-content\/uploads\/2024\/09\/RAB301.jpg","datePublished":"2024-09-11T06:14:18+00:00","dateModified":"2024-09-11T06:14:19+00:00","description":"Porte-panneaux, en direct de l'usine ! Racks de haute qualit\u00e9 et durables con\u00e7us pour fixer et organiser le mat\u00e9riel en toute s\u00e9curit\u00e9. Parfaits pour les installations professionnelles, ils garantissent une utilisation efficace et une bonne stabilit\u00e9.","breadcrumb":{"@id":"https:\/\/sxflightcase.com\/th\/\u0e1c\u0e25\u0e34\u0e15\u0e20\u0e31\u0e13\u0e11\u0e4c\/panel-rack-rab301\/#breadcrumb"},"inLanguage":"fr-FR","potentialAction":[{"@type":"ReadAction","target":["https:\/\/sxflightcase.com\/th\/\u0e1c\u0e25\u0e34\u0e15\u0e20\u0e31\u0e13\u0e11\u0e4c\/panel-rack-rab301\/"]}]},{"@type":"ImageObject","inLanguage":"fr-FR","@id":"https:\/\/sxflightcase.com\/th\/\u0e1c\u0e25\u0e34\u0e15\u0e20\u0e31\u0e13\u0e11\u0e4c\/panel-rack-rab301\/#primaryimage","url":"https:\/\/sxflightcase.com\/wp-content\/uploads\/2024\/09\/RAB301.jpg","contentUrl":"https:\/\/sxflightcase.com\/wp-content\/uploads\/2024\/09\/RAB301.jpg","width":700,"height":700,"caption":"Panel Rack"},{"@type":"BreadcrumbList","@id":"https:\/\/sxflightcase.com\/th\/\u0e1c\u0e25\u0e34\u0e15\u0e20\u0e31\u0e13\u0e11\u0e4c\/panel-rack-rab301\/#breadcrumb","itemListElement":[{"@type":"ListItem","position":1,"name":"Home","item":"https:\/\/sxflightcase.com\/"},{"@type":"ListItem","position":2,"name":"\u0e2a\u0e34\u0e19\u0e04\u0e49\u0e32","item":"https:\/\/sxflightcase.com\/th\/shop\/"},{"@type":"ListItem","position":3,"name":"Panel Rack RAB301"}]},{"@type":"WebSite","@id":"https:\/\/sxflightcase.com\/th\/#website","url":"https:\/\/sxflightcase.com\/th\/","name":"sxpowercase.com","description":"Flight Case Factory","publisher":{"@id":"https:\/\/sxflightcase.com\/th\/#organization"},"potentialAction":[{"@type":"SearchAction","target":{"@type":"EntryPoint","urlTemplate":"https:\/\/sxflightcase.com\/th\/?s={search_term_string}"},"query-input":{"@type":"PropertyValueSpecification","valueRequired":true,"valueName":"search_term_string"}}],"inLanguage":"fr-FR"},{"@type":"Organization","@id":"https:\/\/sxflightcase.com\/th\/#organization","name":"sxpowercase.com","url":"https:\/\/sxflightcase.com\/th\/","logo":{"@type":"ImageObject","inLanguage":"fr-FR","@id":"https:\/\/sxflightcase.com\/th\/#\/schema\/logo\/image\/","url":"https:\/\/sxflightcase.com\/wp-content\/uploads\/2024\/04\/1713919036007.jpg","contentUrl":"https:\/\/sxflightcase.com\/wp-content\/uploads\/2024\/04\/1713919036007.jpg","width":382,"height":388,"caption":"sxpowercase.com"},"image":{"@id":"https:\/\/sxflightcase.com\/th\/#\/schema\/logo\/image\/"},"sameAs":["https:\/\/www.facebook.com\/profile.php?id=61560407257971"],"numberOfEmployees":{"@type":"QuantitativeValue","minValue":"11","maxValue":"50"}}]}},"_links":{"self":[{"href":"https:\/\/sxflightcase.com\/fr\/wp-json\/wp\/v2\/product\/4356","targetHints":{"allow":["GET"]}}],"collection":[{"href":"https:\/\/sxflightcase.com\/fr\/wp-json\/wp\/v2\/product"}],"about":[{"href":"https:\/\/sxflightcase.com\/fr\/wp-json\/wp\/v2\/types\/product"}],"replies":[{"embeddable":true,"href":"https:\/\/sxflightcase.com\/fr\/wp-json\/wp\/v2\/comments?post=4356"}],"version-history":[{"count":0,"href":"https:\/\/sxflightcase.com\/fr\/wp-json\/wp\/v2\/product\/4356\/revisions"}],"wp:featuredmedia":[{"embeddable":true,"href":"https:\/\/sxflightcase.com\/fr\/wp-json\/wp\/v2\/media\/4283"}],"wp:attachment":[{"href":"https:\/\/sxflightcase.com\/fr\/wp-json\/wp\/v2\/media?parent=4356"}],"wp:term":[{"taxonomy":"product_brand","embeddable":true,"href":"https:\/\/sxflightcase.com\/fr\/wp-json\/wp\/v2\/product_brand?post=4356"},{"taxonomy":"product_cat","embeddable":true,"href":"https:\/\/sxflightcase.com\/fr\/wp-json\/wp\/v2\/product_cat?post=4356"},{"taxonomy":"product_tag","embeddable":true,"href":"https:\/\/sxflightcase.com\/fr\/wp-json\/wp\/v2\/product_tag?post=4356"}],"curies":[{"name":"wp","href":"https:\/\/api.w.org\/{rel}","templated":true}]}}