{"id":4398,"date":"2024-09-13T07:12:03","date_gmt":"2024-09-13T06:12:03","guid":{"rendered":"https:\/\/sxpowercase.com\/?post_type=product&#038;p=4398"},"modified":"2024-09-13T07:12:03","modified_gmt":"2024-09-13T06:12:03","slug":"audio-rack-panel-rab304","status":"publish","type":"product","link":"https:\/\/sxflightcase.com\/fr\/produit\/panneau-de-rack-audio-rab304-2\/","title":{"rendered":"Panneau de rack audio RAB304"},"content":{"rendered":"<h3>Panneaux audio professionnels de SX<\/h3>\n<p>Lorsqu'il s'agit d'organiser votre \u00e9quipement audio, un <span style=\"color: #0000ff;\"><a style=\"color: #0000ff;\" href=\"https:\/\/sxpowercase.com\/product\/blank-rack-panels\/\"><strong>Panneau du rack audio<\/strong><\/a><\/span> est essentiel \u00e0 la fois pour la fonctionnalit\u00e9 et l'apparence. A l'heure actuelle <strong>SX<\/strong>Nous fournissons des panneaux de qualit\u00e9 sup\u00e9rieure con\u00e7us pour s'adapter \u00e0 diverses configurations audio, garantissant ainsi la protection et l'organisation de votre \u00e9quipement. Avec des ann\u00e9es d'expertise dans la production de solutions audio fiables, <strong>SX<\/strong> garantit que nos panneaux r\u00e9pondent aux normes industrielles les plus strictes.<\/p>\n<h3>Une construction de qualit\u00e9 pour plus de durabilit\u00e9<\/h3>\n<p>Notre <strong>Panneau du rack audio<\/strong>\u00a0sont construits avec des mat\u00e9riaux de haute qualit\u00e9 pour garantir leur solidit\u00e9 et leur long\u00e9vit\u00e9. Que vous g\u00e9riez un syst\u00e8me de sonorisation professionnel ou un studio \u00e0 domicile, <strong><a href=\"https:\/\/sxpowercase.com\/\" target=\"_blank\" rel=\"noopener\" title=\"SX\" data-wpil-monitor-id=\"751\">SX<\/a><\/strong> offrent une base solide \u00e0 votre \u00e9quipement. Con\u00e7us pour durer, ces panneaux r\u00e9sistent \u00e0 l'usure, ce qui en fait un choix fiable pour tous vos besoins en mati\u00e8re d'installation audio.<\/p>\n<h3>Des prix directs d'usine auxquels vous pouvez faire confiance<\/h3>\n<p>\u00c0 <strong>SX<\/strong>Nous sommes convaincus qu'il est possible de fournir des produits de qualit\u00e9 sup\u00e9rieure sans avoir \u00e0 payer le prix fort. En vendant directement \u00e0 l'usine, nous \u00e9liminons les interm\u00e9diaires, ce qui vous garantit le meilleur rapport qualit\u00e9-prix. Nos services <strong>Panneau du rack audio<\/strong>\u00a0sont propos\u00e9s \u00e0 des prix comp\u00e9titifs, offrant des solutions rentables sans compromis sur la qualit\u00e9. Vous pouvez ainsi \u00e9quiper votre installation d'un mat\u00e9riel fiable pour une fraction du co\u00fbt.<\/p>\n<h3>Installation et compatibilit\u00e9 faciles<\/h3>\n<p>SX <strong>Panneau du rack audio<\/strong>\u00a0sont con\u00e7us pour \u00eatre simples et faciles \u00e0 installer. Compatibles avec les syst\u00e8mes de rack standard, ils peuvent \u00eatre mont\u00e9s rapidement pour cr\u00e9er un syst\u00e8me audio organis\u00e9. Le design \u00e9pur\u00e9 garantit que votre rack d'\u00e9quipement reste professionnel et fonctionnel, offrant un espace optimal pour la gestion des c\u00e2bles et du mat\u00e9riel audio.<\/p>\n<h3>Protection optimale de votre installation audio<\/h3>\n<p>La protection de votre \u00e9quipement audio est essentielle, et notre <strong>Panneau du rack audio<\/strong>\u00a0offrent une solution. Ils permettent non seulement de s\u00e9curiser votre mat\u00e9riel, mais aussi d'am\u00e9liorer la circulation de l'air, r\u00e9duisant ainsi le risque de surchauffe. Ces panneaux prot\u00e8gent votre \u00e9quipement de la poussi\u00e8re et des d\u00e9bris, garantissant la long\u00e9vit\u00e9 et le bon fonctionnement de tous vos appareils.<\/p>\n<h3>Des professionnels du monde entier lui font confiance<\/h3>\n<p><strong>SX<\/strong> est un nom de confiance dans l'industrie audio, connu pour ses produits de haute qualit\u00e9. <strong>Panneaux de rack audio<\/strong>. Des studios de musique aux installations d'\u00e9v\u00e9nements en direct, les professionnels du monde entier font confiance \u00e0 nos panneaux pour leur durabilit\u00e9, leur fonctionnalit\u00e9 et leur prix abordable. Nous mettons l'accent sur la qualit\u00e9 et le prix, <strong>SX<\/strong> s'assure que vous obtenez les meilleurs produits pour votre rack audio.<\/p>\n<h3>Am\u00e9liorez votre installation audio avec SX<\/h3>\n<p>Si vous souhaitez am\u00e9liorer l'organisation et la protection de votre \u00e9quipement audio, <strong>SX Audio Rack Panels<\/strong> sont la solution id\u00e9ale. Nous nous engageons \u00e0 proposer des prix d'usine, des mat\u00e9riaux durables et des conceptions professionnelles, <strong>SX<\/strong> offre les meilleures options pour les passionn\u00e9s et les professionnels de l'audio. \u00c9quipez votre rack avec <strong>SX<\/strong> et d\u00e9couvrez la diff\u00e9rence en termes de qualit\u00e9 et de performance.<\/p>\n<ol>\n<li>Contactez-nous maintenant :<span style=\"color: #0000ff;\"><a style=\"color: #0000ff;\" href=\"https:\/\/sxpowercase.com\/contact-us\/\">https:\/\/sxpowercase.com\/<\/a><\/span><\/li>\n<li>Catalogue de produits mat\u00e9riels :<span style=\"color: #0000ff;\"><a style=\"color: #0000ff;\" href=\"https:\/\/sxpowercase.com\/wp-content\/uploads\/2024\/07\/\u4e94\u91d1.pdf\">Catalogue d&#039;accessoires de quincaillerie<\/a><\/span><\/li>\n<\/ol>","protected":false},"excerpt":{"rendered":"<div class=\"flex max-w-full flex-col flex-grow\">\n<div class=\"min-h-[20px] text-message flex w-full flex-col items-end gap-2 whitespace-normal break-words [.text-message+&amp;]:mt-5\" dir=\"auto\" data-message-author-role=\"assistant\" data-message-id=\"aba26d0f-37c4-4886-8751-c903e68e8cbc\">\n<div class=\"flex w-full flex-col gap-1 empty:hidden first:pt-[3px]\">\n<div class=\"markdown prose w-full break-words dark:prose-invert light\">\n<h3>Durable Audio Rack Panels by SX<\/h3>\n<p>SX Audio Rack Panels are built with high-quality materials, ensuring strength and longevity for both professional and home studio setups.<\/p>\n<h3>Affordable Factory-Direct Pricing<\/h3>\n<p>Get premium audio solutions at unbeatable factory-direct prices with SX, offering high-performance Audio Rack Panels without the middleman mark-up.<\/p>\n<h3>Easy Installation and Equipment Protection<\/h3>\n<p>SX Audio Rack Panels are simple to install, compatible with standard racks, and provide optimal protection by improving airflow and reducing dust buildup.<\/p>\n<\/div>\n<\/div>\n<\/div>\n<\/div>\n","protected":false},"featured_media":4286,"comment_status":"open","ping_status":"closed","template":"","meta":[],"product_brand":[],"product_cat":[66],"product_tag":[],"class_list":{"0":"post-4398","1":"product","2":"type-product","3":"status-publish","4":"has-post-thumbnail","6":"product_cat-rack-hardware","8":"first","9":"instock","10":"shipping-taxable","11":"product-type-simple"},"yoast_head":"<!-- This site is optimized with the Yoast SEO Premium plugin v27.1 (Yoast SEO v27.2) - https:\/\/yoast.com\/product\/yoast-seo-premium-wordpress\/ -->\n<title>Audio Rack Panel RAB304 - https:\/\/sxflightcase.com \ud83d\udc97<\/title>\n<meta name=\"description\" content=\"Audio rack panel, factory direct! High-quality, durable panels designed for securely mounting and organizing audio equipment in racks. Ideal for professional studios, live sound setups, and AV installations.\" \/>\n<meta name=\"robots\" content=\"index, follow, max-snippet:-1, max-image-preview:large, max-video-preview:-1\" \/>\n<link rel=\"canonical\" href=\"https:\/\/sxflightcase.com\/fr\/produit\/panneau-de-rack-audio-rab304-2\/\" \/>\n<meta property=\"og:locale\" content=\"fr_FR\" \/>\n<meta property=\"og:type\" content=\"article\" \/>\n<meta property=\"og:title\" content=\"Audio Rack Panel RAB304\" \/>\n<meta property=\"og:description\" content=\"Audio rack panel, factory direct! High-quality, durable panels designed for securely mounting and organizing audio equipment in racks. Ideal for professional studios, live sound setups, and AV installations.\" \/>\n<meta property=\"og:url\" content=\"https:\/\/sxflightcase.com\/fr\/produit\/panneau-de-rack-audio-rab304-2\/\" \/>\n<meta property=\"og:site_name\" content=\"https:\/\/sxflightcase.com\" \/>\n<meta property=\"article:publisher\" content=\"https:\/\/www.facebook.com\/profile.php?id=61560407257971\" \/>\n<meta property=\"og:image\" content=\"https:\/\/sxflightcase.com\/wp-content\/uploads\/2024\/09\/RAB304.jpg\" \/>\n\t<meta property=\"og:image:width\" content=\"700\" \/>\n\t<meta property=\"og:image:height\" content=\"700\" \/>\n\t<meta property=\"og:image:type\" content=\"image\/jpeg\" \/>\n<meta name=\"twitter:card\" content=\"summary_large_image\" \/>\n<meta name=\"twitter:label1\" content=\"Dur\u00e9e de lecture estim\u00e9e\" \/>\n\t<meta name=\"twitter:data1\" content=\"3 minutes\" \/>\n<script type=\"application\/ld+json\" class=\"yoast-schema-graph\">{\"@context\":\"https:\/\/schema.org\",\"@graph\":[{\"@type\":\"WebPage\",\"@id\":\"https:\/\/sxflightcase.com\/product\/audio-rack-panel-rab304\/\",\"url\":\"https:\/\/sxflightcase.com\/product\/audio-rack-panel-rab304\/\",\"name\":\"Audio Rack Panel RAB304 - https:\/\/sxflightcase.com \ud83d\udc97\",\"isPartOf\":{\"@id\":\"https:\/\/sxflightcase.com\/th\/#website\"},\"primaryImageOfPage\":{\"@id\":\"https:\/\/sxflightcase.com\/product\/audio-rack-panel-rab304\/#primaryimage\"},\"image\":{\"@id\":\"https:\/\/sxflightcase.com\/product\/audio-rack-panel-rab304\/#primaryimage\"},\"thumbnailUrl\":\"https:\/\/sxflightcase.com\/wp-content\/uploads\/2024\/09\/RAB304.jpg\",\"datePublished\":\"2024-09-13T06:12:03+00:00\",\"description\":\"Audio rack panel, factory direct! High-quality, durable panels designed for securely mounting and organizing audio equipment in racks. Ideal for professional studios, live sound setups, and AV installations.\",\"breadcrumb\":{\"@id\":\"https:\/\/sxflightcase.com\/product\/audio-rack-panel-rab304\/#breadcrumb\"},\"inLanguage\":\"fr-FR\",\"potentialAction\":[{\"@type\":\"ReadAction\",\"target\":[\"https:\/\/sxflightcase.com\/product\/audio-rack-panel-rab304\/\"]}]},{\"@type\":\"ImageObject\",\"inLanguage\":\"fr-FR\",\"@id\":\"https:\/\/sxflightcase.com\/product\/audio-rack-panel-rab304\/#primaryimage\",\"url\":\"https:\/\/sxflightcase.com\/wp-content\/uploads\/2024\/09\/RAB304.jpg\",\"contentUrl\":\"https:\/\/sxflightcase.com\/wp-content\/uploads\/2024\/09\/RAB304.jpg\",\"width\":700,\"height\":700,\"caption\":\"Audio Rack Panel\"},{\"@type\":\"BreadcrumbList\",\"@id\":\"https:\/\/sxflightcase.com\/product\/audio-rack-panel-rab304\/#breadcrumb\",\"itemListElement\":[{\"@type\":\"ListItem\",\"position\":1,\"name\":\"Home\",\"item\":\"https:\/\/sxflightcase.com\/\"},{\"@type\":\"ListItem\",\"position\":2,\"name\":\"\u0e2a\u0e34\u0e19\u0e04\u0e49\u0e32\",\"item\":\"https:\/\/sxflightcase.com\/th\/shop\/\"},{\"@type\":\"ListItem\",\"position\":3,\"name\":\"Audio Rack Panel RAB304\"}]},{\"@type\":\"WebSite\",\"@id\":\"https:\/\/sxflightcase.com\/th\/#website\",\"url\":\"https:\/\/sxflightcase.com\/th\/\",\"name\":\"sxpowercase.com\",\"description\":\"Flight Case Factory\",\"publisher\":{\"@id\":\"https:\/\/sxflightcase.com\/th\/#organization\"},\"potentialAction\":[{\"@type\":\"SearchAction\",\"target\":{\"@type\":\"EntryPoint\",\"urlTemplate\":\"https:\/\/sxflightcase.com\/th\/?s={search_term_string}\"},\"query-input\":{\"@type\":\"PropertyValueSpecification\",\"valueRequired\":true,\"valueName\":\"search_term_string\"}}],\"inLanguage\":\"fr-FR\"},{\"@type\":\"Organization\",\"@id\":\"https:\/\/sxflightcase.com\/th\/#organization\",\"name\":\"sxpowercase.com\",\"url\":\"https:\/\/sxflightcase.com\/th\/\",\"logo\":{\"@type\":\"ImageObject\",\"inLanguage\":\"fr-FR\",\"@id\":\"https:\/\/sxflightcase.com\/th\/#\/schema\/logo\/image\/\",\"url\":\"https:\/\/sxflightcase.com\/wp-content\/uploads\/2024\/04\/1713919036007.jpg\",\"contentUrl\":\"https:\/\/sxflightcase.com\/wp-content\/uploads\/2024\/04\/1713919036007.jpg\",\"width\":382,\"height\":388,\"caption\":\"sxpowercase.com\"},\"image\":{\"@id\":\"https:\/\/sxflightcase.com\/th\/#\/schema\/logo\/image\/\"},\"sameAs\":[\"https:\/\/www.facebook.com\/profile.php?id=61560407257971\"],\"numberOfEmployees\":{\"@type\":\"QuantitativeValue\",\"minValue\":\"11\",\"maxValue\":\"50\"}}]}<\/script>\n<!-- \/ Yoast SEO Premium plugin. -->","yoast_head_json":{"title":"Audio Rack Panel RAB304 - https:\/\/sxflightcase.com \ud83d\udc97","description":"Panneau pour rack audio, direct usine ! Panneaux durables de haute qualit\u00e9 con\u00e7us pour fixer et organiser en toute s\u00e9curit\u00e9 l'\u00e9quipement audio dans les racks. Id\u00e9al pour les studios professionnels, les installations de sonorisation en direct et les installations audiovisuelles.","robots":{"index":"index","follow":"follow","max-snippet":"max-snippet:-1","max-image-preview":"max-image-preview:large","max-video-preview":"max-video-preview:-1"},"canonical":"https:\/\/sxflightcase.com\/fr\/produit\/panneau-de-rack-audio-rab304-2\/","og_locale":"fr_FR","og_type":"article","og_title":"Audio Rack Panel RAB304","og_description":"Audio rack panel, factory direct! High-quality, durable panels designed for securely mounting and organizing audio equipment in racks. Ideal for professional studios, live sound setups, and AV installations.","og_url":"https:\/\/sxflightcase.com\/fr\/produit\/panneau-de-rack-audio-rab304-2\/","og_site_name":"https:\/\/sxflightcase.com","article_publisher":"https:\/\/www.facebook.com\/profile.php?id=61560407257971","og_image":[{"width":700,"height":700,"url":"https:\/\/sxflightcase.com\/wp-content\/uploads\/2024\/09\/RAB304.jpg","type":"image\/jpeg"}],"twitter_card":"summary_large_image","twitter_misc":{"Dur\u00e9e de lecture estim\u00e9e":"3 minutes"},"schema":{"@context":"https:\/\/schema.org","@graph":[{"@type":"WebPage","@id":"https:\/\/sxflightcase.com\/product\/audio-rack-panel-rab304\/","url":"https:\/\/sxflightcase.com\/product\/audio-rack-panel-rab304\/","name":"Audio Rack Panel RAB304 - https:\/\/sxflightcase.com \ud83d\udc97","isPartOf":{"@id":"https:\/\/sxflightcase.com\/th\/#website"},"primaryImageOfPage":{"@id":"https:\/\/sxflightcase.com\/product\/audio-rack-panel-rab304\/#primaryimage"},"image":{"@id":"https:\/\/sxflightcase.com\/product\/audio-rack-panel-rab304\/#primaryimage"},"thumbnailUrl":"https:\/\/sxflightcase.com\/wp-content\/uploads\/2024\/09\/RAB304.jpg","datePublished":"2024-09-13T06:12:03+00:00","description":"Panneau pour rack audio, direct usine ! Panneaux durables de haute qualit\u00e9 con\u00e7us pour fixer et organiser en toute s\u00e9curit\u00e9 l'\u00e9quipement audio dans les racks. Id\u00e9al pour les studios professionnels, les installations de sonorisation en direct et les installations audiovisuelles.","breadcrumb":{"@id":"https:\/\/sxflightcase.com\/product\/audio-rack-panel-rab304\/#breadcrumb"},"inLanguage":"fr-FR","potentialAction":[{"@type":"ReadAction","target":["https:\/\/sxflightcase.com\/product\/audio-rack-panel-rab304\/"]}]},{"@type":"ImageObject","inLanguage":"fr-FR","@id":"https:\/\/sxflightcase.com\/product\/audio-rack-panel-rab304\/#primaryimage","url":"https:\/\/sxflightcase.com\/wp-content\/uploads\/2024\/09\/RAB304.jpg","contentUrl":"https:\/\/sxflightcase.com\/wp-content\/uploads\/2024\/09\/RAB304.jpg","width":700,"height":700,"caption":"Audio Rack Panel"},{"@type":"BreadcrumbList","@id":"https:\/\/sxflightcase.com\/product\/audio-rack-panel-rab304\/#breadcrumb","itemListElement":[{"@type":"ListItem","position":1,"name":"Home","item":"https:\/\/sxflightcase.com\/"},{"@type":"ListItem","position":2,"name":"\u0e2a\u0e34\u0e19\u0e04\u0e49\u0e32","item":"https:\/\/sxflightcase.com\/th\/shop\/"},{"@type":"ListItem","position":3,"name":"Audio Rack Panel RAB304"}]},{"@type":"WebSite","@id":"https:\/\/sxflightcase.com\/th\/#website","url":"https:\/\/sxflightcase.com\/th\/","name":"sxpowercase.com","description":"Flight Case Factory","publisher":{"@id":"https:\/\/sxflightcase.com\/th\/#organization"},"potentialAction":[{"@type":"SearchAction","target":{"@type":"EntryPoint","urlTemplate":"https:\/\/sxflightcase.com\/th\/?s={search_term_string}"},"query-input":{"@type":"PropertyValueSpecification","valueRequired":true,"valueName":"search_term_string"}}],"inLanguage":"fr-FR"},{"@type":"Organization","@id":"https:\/\/sxflightcase.com\/th\/#organization","name":"sxpowercase.com","url":"https:\/\/sxflightcase.com\/th\/","logo":{"@type":"ImageObject","inLanguage":"fr-FR","@id":"https:\/\/sxflightcase.com\/th\/#\/schema\/logo\/image\/","url":"https:\/\/sxflightcase.com\/wp-content\/uploads\/2024\/04\/1713919036007.jpg","contentUrl":"https:\/\/sxflightcase.com\/wp-content\/uploads\/2024\/04\/1713919036007.jpg","width":382,"height":388,"caption":"sxpowercase.com"},"image":{"@id":"https:\/\/sxflightcase.com\/th\/#\/schema\/logo\/image\/"},"sameAs":["https:\/\/www.facebook.com\/profile.php?id=61560407257971"],"numberOfEmployees":{"@type":"QuantitativeValue","minValue":"11","maxValue":"50"}}]}},"_links":{"self":[{"href":"https:\/\/sxflightcase.com\/fr\/wp-json\/wp\/v2\/product\/4398","targetHints":{"allow":["GET"]}}],"collection":[{"href":"https:\/\/sxflightcase.com\/fr\/wp-json\/wp\/v2\/product"}],"about":[{"href":"https:\/\/sxflightcase.com\/fr\/wp-json\/wp\/v2\/types\/product"}],"replies":[{"embeddable":true,"href":"https:\/\/sxflightcase.com\/fr\/wp-json\/wp\/v2\/comments?post=4398"}],"version-history":[{"count":0,"href":"https:\/\/sxflightcase.com\/fr\/wp-json\/wp\/v2\/product\/4398\/revisions"}],"wp:featuredmedia":[{"embeddable":true,"href":"https:\/\/sxflightcase.com\/fr\/wp-json\/wp\/v2\/media\/4286"}],"wp:attachment":[{"href":"https:\/\/sxflightcase.com\/fr\/wp-json\/wp\/v2\/media?parent=4398"}],"wp:term":[{"taxonomy":"product_brand","embeddable":true,"href":"https:\/\/sxflightcase.com\/fr\/wp-json\/wp\/v2\/product_brand?post=4398"},{"taxonomy":"product_cat","embeddable":true,"href":"https:\/\/sxflightcase.com\/fr\/wp-json\/wp\/v2\/product_cat?post=4398"},{"taxonomy":"product_tag","embeddable":true,"href":"https:\/\/sxflightcase.com\/fr\/wp-json\/wp\/v2\/product_tag?post=4398"}],"curies":[{"name":"wp","href":"https:\/\/api.w.org\/{rel}","templated":true}]}}