{"id":4399,"date":"2024-09-13T07:15:45","date_gmt":"2024-09-13T06:15:45","guid":{"rendered":"https:\/\/sxpowercase.com\/?post_type=product&#038;p=4399"},"modified":"2024-09-13T07:15:46","modified_gmt":"2024-09-13T06:15:46","slug":"audio-rack-panel-rab305","status":"publish","type":"product","link":"https:\/\/sxflightcase.com\/fr\/produit\/panneau-de-rack-audio-rab305-2\/","title":{"rendered":"Panneau de rack audio RAB305"},"content":{"rendered":"<h3>Am\u00e9liorez votre installation avec les panneaux Rack de SX Audio<\/h3>\n<p>L'organisation est la cl\u00e9 de la gestion du mat\u00e9riel audio. Les <span style=\"color: #0000ff;\"><a style=\"color: #0000ff;\" href=\"https:\/\/sxpowercase.com\/product\/audio-rack-panel-rab304\/\"><strong>Panneau du rack audio<\/strong><\/a><\/span> de <strong>SX<\/strong> offre une solution fiable et \u00e9l\u00e9gante pour garder votre \u00e9quipement propre et prot\u00e9g\u00e9. Nos panneaux sont con\u00e7us pour s'adapter \u00e0 diverses configurations audio, offrant \u00e0 la fois fonctionnalit\u00e9 et durabilit\u00e9. Avec <strong><a href=\"https:\/\/sxpowercase.com\/\" target=\"_blank\" rel=\"noopener\" title=\"SX\" data-wpil-monitor-id=\"752\">SX<\/a><\/strong>Vous obtenez ainsi un produit qui garantit la s\u00e9curit\u00e9 de votre mat\u00e9riel tout en am\u00e9liorant l'aspect g\u00e9n\u00e9ral de votre rack.<\/p>\n<h3>Construit pour une performance durable<\/h3>\n<p>Le <strong>Panneau du rack audio<\/strong> par <strong>SX<\/strong> est fabriqu\u00e9 \u00e0 partir de mat\u00e9riaux de premi\u00e8re qualit\u00e9, ce qui garantit des performances durables. Ces panneaux sont con\u00e7us pour r\u00e9pondre aux exigences des environnements audio professionnels. Qu'ils soient utilis\u00e9s dans un studio d'enregistrement ou pour des syst\u00e8mes de sonorisation en direct, <strong>SX<\/strong> Les panneaux offrent la force et le soutien n\u00e9cessaires pour garder votre \u00e9quipement en s\u00e9curit\u00e9 et organis\u00e9.<\/p>\n<h3>Prix abordable, direct de l'usine<\/h3>\n<p>\u00c0 <strong>SX<\/strong>Nous fournissons des services de haute qualit\u00e9 <strong>Panneaux de rack audio<\/strong> sans les co\u00fbts \u00e9lev\u00e9s. Gr\u00e2ce \u00e0 notre mod\u00e8le d'usine directe, nous \u00e9liminons les interm\u00e9diaires et vous faisons b\u00e9n\u00e9ficier des \u00e9conomies r\u00e9alis\u00e9es. Nos panneaux sont propos\u00e9s \u00e0 des prix comp\u00e9titifs, ce qui vous permet d'obtenir la meilleure offre sans faire de compromis sur la qualit\u00e9. Avec <strong>SX<\/strong>vous pouvez vous attendre \u00e0 des produits durables \u00e0 des prix imbattables.<\/p>\n<h3>Facile \u00e0 installer et polyvalent<\/h3>\n<p>Installation d'un <strong>Panneau du rack audio<\/strong> de <strong>SX<\/strong> est simple et sans souci. Compatibles avec les syst\u00e8mes de rack standard, nos panneaux garantissent une installation rapide dans tout environnement audio. L'aspect propre et professionnel de nos panneaux am\u00e9liore non seulement l'apparence de votre rack, mais rend \u00e9galement la gestion des c\u00e2bles et de l'\u00e9quipement plus efficace.<\/p>\n<h3>Protection et circulation de l'air pour votre \u00e9quipement<\/h3>\n<p><strong>SX Audio Rack Panels<\/strong> sont con\u00e7us pour prot\u00e9ger votre \u00e9quipement. Ils prot\u00e8gent votre mat\u00e9riel de la poussi\u00e8re et des dommages, tout en assurant une bonne circulation de l'air pour \u00e9viter la surchauffe. Cette couche de protection suppl\u00e9mentaire prolonge la dur\u00e9e de vie de votre \u00e9quipement audio, vous donnant la tranquillit\u00e9 d'esprit de savoir que votre \u00e9quipement est bien entretenu.<\/p>\n<h3>La confiance des professionnels de l'audio<\/h3>\n<p>Les professionnels de l'industrie audio s'appuient sur <strong>SX<\/strong> pour leur <strong>Panneaux de rack audio<\/strong>. Que vous installiez un studio \u00e0 domicile ou que vous organisiez des \u00e9v\u00e9nements en direct, nos panneaux sont con\u00e7us pour r\u00e9sister aux conditions les plus difficiles tout en offrant une finition \u00e9l\u00e9gante et professionnelle. <strong>SX<\/strong> est connu pour ses produits fiables, de haute qualit\u00e9 et \u00e0 bas prix, ce qui en fait un choix de premier ordre pour les experts en audio.<\/p>\n<h3>Choisir SX pour la qualit\u00e9 et la valeur<\/h3>\n<p>Pour ceux qui cherchent \u00e0 am\u00e9liorer l'organisation et la protection de leurs syst\u00e8mes audio, <strong>SX Audio Rack Panels<\/strong> sont la solution id\u00e9ale. Avec une construction durable, des prix abordables en direct de l'usine et des conceptions professionnelles, <strong>SX<\/strong> vous assure d'obtenir la meilleure solution pour votre rack. Choisissez <strong>SX<\/strong> et am\u00e9liorez votre installation audio avec des produits auxquels vous pouvez faire confiance.<\/p>\n<ol>\n<li>Contactez-nous maintenant :<span style=\"color: #0000ff;\"><a style=\"color: #0000ff;\" href=\"https:\/\/sxpowercase.com\/contact-us\/\">https:\/\/sxpowercase.com\/<\/a><\/span><\/li>\n<li>Catalogue de produits mat\u00e9riels :<span style=\"color: #0000ff;\"><a style=\"color: #0000ff;\" href=\"https:\/\/sxpowercase.com\/wp-content\/uploads\/2024\/07\/\u4e94\u91d1.pdf\">Catalogue d&#039;accessoires de quincaillerie<\/a><\/span><\/li>\n<\/ol>","protected":false},"excerpt":{"rendered":"<div class=\"flex max-w-full flex-col flex-grow\">\n<div class=\"min-h-[20px] text-message flex w-full flex-col items-end gap-2 whitespace-normal break-words [.text-message+&amp;]:mt-5\" dir=\"auto\" data-message-author-role=\"assistant\" data-message-id=\"aba26d0f-37c4-4886-8751-c903e68e8cbc\">\n<div class=\"flex w-full flex-col gap-1 empty:hidden first:pt-[3px]\">\n<div class=\"markdown prose w-full break-words dark:prose-invert light\">\n<h3>Durable Audio Rack Panels by SX<\/h3>\n<p>SX Audio Rack Panels are built with high-quality materials, ensuring strength and longevity for both professional and home studio setups.<\/p>\n<h3>Affordable Factory-Direct Pricing<\/h3>\n<p>Get premium audio solutions at unbeatable factory-direct prices with SX, offering high-performance Audio Rack Panels without the middleman mark-up.<\/p>\n<h3>Easy Installation and Equipment Protection<\/h3>\n<p>SX Audio Rack Panels are simple to install, compatible with standard racks, and provide optimal protection by improving airflow and reducing dust buildup.<\/p>\n<\/div>\n<\/div>\n<\/div>\n<\/div>\n","protected":false},"featured_media":4287,"comment_status":"open","ping_status":"closed","template":"","meta":[],"product_brand":[],"product_cat":[66],"product_tag":[],"class_list":{"0":"post-4399","1":"product","2":"type-product","3":"status-publish","4":"has-post-thumbnail","6":"product_cat-rack-hardware","8":"first","9":"instock","10":"shipping-taxable","11":"product-type-simple"},"yoast_head":"<!-- This site is optimized with the Yoast SEO Premium plugin v27.1 (Yoast SEO v27.2) - https:\/\/yoast.com\/product\/yoast-seo-premium-wordpress\/ -->\n<title>Audio Rack Panel RAB305 - https:\/\/sxflightcase.com \ud83d\udc97<\/title>\n<meta name=\"description\" content=\"Audio rack panel, factory direct! High-quality, durable panels designed for securely mounting and organizing audio equipment in racks. Ideal for professional studios, live sound setups, and AV installations.\" \/>\n<meta name=\"robots\" content=\"index, follow, max-snippet:-1, max-image-preview:large, max-video-preview:-1\" \/>\n<link rel=\"canonical\" href=\"https:\/\/sxflightcase.com\/fr\/\u4ea7\u54c1\/\u97f3\u9891\u673a\u67b6\u9762\u677f-rab305-2\/\" \/>\n<meta property=\"og:locale\" content=\"fr_FR\" \/>\n<meta property=\"og:type\" content=\"article\" \/>\n<meta property=\"og:title\" content=\"Audio Rack Panel RAB305\" \/>\n<meta property=\"og:description\" content=\"Audio rack panel, factory direct! High-quality, durable panels designed for securely mounting and organizing audio equipment in racks. Ideal for professional studios, live sound setups, and AV installations.\" \/>\n<meta property=\"og:url\" content=\"https:\/\/sxflightcase.com\/fr\/\u4ea7\u54c1\/\u97f3\u9891\u673a\u67b6\u9762\u677f-rab305-2\/\" \/>\n<meta property=\"og:site_name\" content=\"https:\/\/sxflightcase.com\" \/>\n<meta property=\"article:publisher\" content=\"https:\/\/www.facebook.com\/profile.php?id=61560407257971\" \/>\n<meta property=\"article:modified_time\" content=\"2024-09-13T06:15:46+00:00\" \/>\n<meta property=\"og:image\" content=\"https:\/\/sxflightcase.com\/wp-content\/uploads\/2024\/09\/RAB305.jpg\" \/>\n\t<meta property=\"og:image:width\" content=\"700\" \/>\n\t<meta property=\"og:image:height\" content=\"700\" \/>\n\t<meta property=\"og:image:type\" content=\"image\/jpeg\" \/>\n<meta name=\"twitter:card\" content=\"summary_large_image\" \/>\n<meta name=\"twitter:label1\" content=\"Dur\u00e9e de lecture estim\u00e9e\" \/>\n\t<meta name=\"twitter:data1\" content=\"3 minutes\" \/>\n<script type=\"application\/ld+json\" class=\"yoast-schema-graph\">{\"@context\":\"https:\/\/schema.org\",\"@graph\":[{\"@type\":\"WebPage\",\"@id\":\"https:\/\/sxflightcase.com\/zh\/\u4ea7\u54c1\/\u97f3\u9891\u673a\u67b6\u9762\u677f-rab305-2\/\",\"url\":\"https:\/\/sxflightcase.com\/zh\/\u4ea7\u54c1\/\u97f3\u9891\u673a\u67b6\u9762\u677f-rab305-2\/\",\"name\":\"Audio Rack Panel RAB305 - https:\/\/sxflightcase.com \ud83d\udc97\",\"isPartOf\":{\"@id\":\"https:\/\/sxflightcase.com\/th\/#website\"},\"primaryImageOfPage\":{\"@id\":\"https:\/\/sxflightcase.com\/zh\/\u4ea7\u54c1\/\u97f3\u9891\u673a\u67b6\u9762\u677f-rab305-2\/#primaryimage\"},\"image\":{\"@id\":\"https:\/\/sxflightcase.com\/zh\/\u4ea7\u54c1\/\u97f3\u9891\u673a\u67b6\u9762\u677f-rab305-2\/#primaryimage\"},\"thumbnailUrl\":\"https:\/\/sxflightcase.com\/wp-content\/uploads\/2024\/09\/RAB305.jpg\",\"datePublished\":\"2024-09-13T06:15:45+00:00\",\"dateModified\":\"2024-09-13T06:15:46+00:00\",\"description\":\"Audio rack panel, factory direct! High-quality, durable panels designed for securely mounting and organizing audio equipment in racks. Ideal for professional studios, live sound setups, and AV installations.\",\"breadcrumb\":{\"@id\":\"https:\/\/sxflightcase.com\/zh\/\u4ea7\u54c1\/\u97f3\u9891\u673a\u67b6\u9762\u677f-rab305-2\/#breadcrumb\"},\"inLanguage\":\"fr-FR\",\"potentialAction\":[{\"@type\":\"ReadAction\",\"target\":[\"https:\/\/sxflightcase.com\/zh\/\u4ea7\u54c1\/\u97f3\u9891\u673a\u67b6\u9762\u677f-rab305-2\/\"]}]},{\"@type\":\"ImageObject\",\"inLanguage\":\"fr-FR\",\"@id\":\"https:\/\/sxflightcase.com\/zh\/\u4ea7\u54c1\/\u97f3\u9891\u673a\u67b6\u9762\u677f-rab305-2\/#primaryimage\",\"url\":\"https:\/\/sxflightcase.com\/wp-content\/uploads\/2024\/09\/RAB305.jpg\",\"contentUrl\":\"https:\/\/sxflightcase.com\/wp-content\/uploads\/2024\/09\/RAB305.jpg\",\"width\":700,\"height\":700,\"caption\":\"Audio Rack Panel\"},{\"@type\":\"BreadcrumbList\",\"@id\":\"https:\/\/sxflightcase.com\/zh\/\u4ea7\u54c1\/\u97f3\u9891\u673a\u67b6\u9762\u677f-rab305-2\/#breadcrumb\",\"itemListElement\":[{\"@type\":\"ListItem\",\"position\":1,\"name\":\"Home\",\"item\":\"https:\/\/sxflightcase.com\/\"},{\"@type\":\"ListItem\",\"position\":2,\"name\":\"\u0e2a\u0e34\u0e19\u0e04\u0e49\u0e32\",\"item\":\"https:\/\/sxflightcase.com\/th\/shop\/\"},{\"@type\":\"ListItem\",\"position\":3,\"name\":\"Audio Rack Panel RAB305\"}]},{\"@type\":\"WebSite\",\"@id\":\"https:\/\/sxflightcase.com\/th\/#website\",\"url\":\"https:\/\/sxflightcase.com\/th\/\",\"name\":\"sxpowercase.com\",\"description\":\"Flight Case Factory\",\"publisher\":{\"@id\":\"https:\/\/sxflightcase.com\/th\/#organization\"},\"potentialAction\":[{\"@type\":\"SearchAction\",\"target\":{\"@type\":\"EntryPoint\",\"urlTemplate\":\"https:\/\/sxflightcase.com\/th\/?s={search_term_string}\"},\"query-input\":{\"@type\":\"PropertyValueSpecification\",\"valueRequired\":true,\"valueName\":\"search_term_string\"}}],\"inLanguage\":\"fr-FR\"},{\"@type\":\"Organization\",\"@id\":\"https:\/\/sxflightcase.com\/th\/#organization\",\"name\":\"sxpowercase.com\",\"url\":\"https:\/\/sxflightcase.com\/th\/\",\"logo\":{\"@type\":\"ImageObject\",\"inLanguage\":\"fr-FR\",\"@id\":\"https:\/\/sxflightcase.com\/th\/#\/schema\/logo\/image\/\",\"url\":\"https:\/\/sxflightcase.com\/wp-content\/uploads\/2024\/04\/1713919036007.jpg\",\"contentUrl\":\"https:\/\/sxflightcase.com\/wp-content\/uploads\/2024\/04\/1713919036007.jpg\",\"width\":382,\"height\":388,\"caption\":\"sxpowercase.com\"},\"image\":{\"@id\":\"https:\/\/sxflightcase.com\/th\/#\/schema\/logo\/image\/\"},\"sameAs\":[\"https:\/\/www.facebook.com\/profile.php?id=61560407257971\"],\"numberOfEmployees\":{\"@type\":\"QuantitativeValue\",\"minValue\":\"11\",\"maxValue\":\"50\"}}]}<\/script>\n<!-- \/ Yoast SEO Premium plugin. -->","yoast_head_json":{"title":"Audio Rack Panel RAB305 - https:\/\/sxflightcase.com \ud83d\udc97","description":"Panneau pour rack audio, direct usine ! Panneaux durables de haute qualit\u00e9 con\u00e7us pour fixer et organiser en toute s\u00e9curit\u00e9 l'\u00e9quipement audio dans les racks. Id\u00e9al pour les studios professionnels, les installations de sonorisation en direct et les installations audiovisuelles.","robots":{"index":"index","follow":"follow","max-snippet":"max-snippet:-1","max-image-preview":"max-image-preview:large","max-video-preview":"max-video-preview:-1"},"canonical":"https:\/\/sxflightcase.com\/fr\/\u4ea7\u54c1\/\u97f3\u9891\u673a\u67b6\u9762\u677f-rab305-2\/","og_locale":"fr_FR","og_type":"article","og_title":"Audio Rack Panel RAB305","og_description":"Audio rack panel, factory direct! High-quality, durable panels designed for securely mounting and organizing audio equipment in racks. Ideal for professional studios, live sound setups, and AV installations.","og_url":"https:\/\/sxflightcase.com\/fr\/\u4ea7\u54c1\/\u97f3\u9891\u673a\u67b6\u9762\u677f-rab305-2\/","og_site_name":"https:\/\/sxflightcase.com","article_publisher":"https:\/\/www.facebook.com\/profile.php?id=61560407257971","article_modified_time":"2024-09-13T06:15:46+00:00","og_image":[{"width":700,"height":700,"url":"https:\/\/sxflightcase.com\/wp-content\/uploads\/2024\/09\/RAB305.jpg","type":"image\/jpeg"}],"twitter_card":"summary_large_image","twitter_misc":{"Dur\u00e9e de lecture estim\u00e9e":"3 minutes"},"schema":{"@context":"https:\/\/schema.org","@graph":[{"@type":"WebPage","@id":"https:\/\/sxflightcase.com\/zh\/\u4ea7\u54c1\/\u97f3\u9891\u673a\u67b6\u9762\u677f-rab305-2\/","url":"https:\/\/sxflightcase.com\/zh\/\u4ea7\u54c1\/\u97f3\u9891\u673a\u67b6\u9762\u677f-rab305-2\/","name":"Audio Rack Panel RAB305 - https:\/\/sxflightcase.com \ud83d\udc97","isPartOf":{"@id":"https:\/\/sxflightcase.com\/th\/#website"},"primaryImageOfPage":{"@id":"https:\/\/sxflightcase.com\/zh\/\u4ea7\u54c1\/\u97f3\u9891\u673a\u67b6\u9762\u677f-rab305-2\/#primaryimage"},"image":{"@id":"https:\/\/sxflightcase.com\/zh\/\u4ea7\u54c1\/\u97f3\u9891\u673a\u67b6\u9762\u677f-rab305-2\/#primaryimage"},"thumbnailUrl":"https:\/\/sxflightcase.com\/wp-content\/uploads\/2024\/09\/RAB305.jpg","datePublished":"2024-09-13T06:15:45+00:00","dateModified":"2024-09-13T06:15:46+00:00","description":"Panneau pour rack audio, direct usine ! Panneaux durables de haute qualit\u00e9 con\u00e7us pour fixer et organiser en toute s\u00e9curit\u00e9 l'\u00e9quipement audio dans les racks. Id\u00e9al pour les studios professionnels, les installations de sonorisation en direct et les installations audiovisuelles.","breadcrumb":{"@id":"https:\/\/sxflightcase.com\/zh\/\u4ea7\u54c1\/\u97f3\u9891\u673a\u67b6\u9762\u677f-rab305-2\/#breadcrumb"},"inLanguage":"fr-FR","potentialAction":[{"@type":"ReadAction","target":["https:\/\/sxflightcase.com\/zh\/\u4ea7\u54c1\/\u97f3\u9891\u673a\u67b6\u9762\u677f-rab305-2\/"]}]},{"@type":"ImageObject","inLanguage":"fr-FR","@id":"https:\/\/sxflightcase.com\/zh\/\u4ea7\u54c1\/\u97f3\u9891\u673a\u67b6\u9762\u677f-rab305-2\/#primaryimage","url":"https:\/\/sxflightcase.com\/wp-content\/uploads\/2024\/09\/RAB305.jpg","contentUrl":"https:\/\/sxflightcase.com\/wp-content\/uploads\/2024\/09\/RAB305.jpg","width":700,"height":700,"caption":"Audio Rack Panel"},{"@type":"BreadcrumbList","@id":"https:\/\/sxflightcase.com\/zh\/\u4ea7\u54c1\/\u97f3\u9891\u673a\u67b6\u9762\u677f-rab305-2\/#breadcrumb","itemListElement":[{"@type":"ListItem","position":1,"name":"Home","item":"https:\/\/sxflightcase.com\/"},{"@type":"ListItem","position":2,"name":"\u0e2a\u0e34\u0e19\u0e04\u0e49\u0e32","item":"https:\/\/sxflightcase.com\/th\/shop\/"},{"@type":"ListItem","position":3,"name":"Audio Rack Panel RAB305"}]},{"@type":"WebSite","@id":"https:\/\/sxflightcase.com\/th\/#website","url":"https:\/\/sxflightcase.com\/th\/","name":"sxpowercase.com","description":"Flight Case Factory","publisher":{"@id":"https:\/\/sxflightcase.com\/th\/#organization"},"potentialAction":[{"@type":"SearchAction","target":{"@type":"EntryPoint","urlTemplate":"https:\/\/sxflightcase.com\/th\/?s={search_term_string}"},"query-input":{"@type":"PropertyValueSpecification","valueRequired":true,"valueName":"search_term_string"}}],"inLanguage":"fr-FR"},{"@type":"Organization","@id":"https:\/\/sxflightcase.com\/th\/#organization","name":"sxpowercase.com","url":"https:\/\/sxflightcase.com\/th\/","logo":{"@type":"ImageObject","inLanguage":"fr-FR","@id":"https:\/\/sxflightcase.com\/th\/#\/schema\/logo\/image\/","url":"https:\/\/sxflightcase.com\/wp-content\/uploads\/2024\/04\/1713919036007.jpg","contentUrl":"https:\/\/sxflightcase.com\/wp-content\/uploads\/2024\/04\/1713919036007.jpg","width":382,"height":388,"caption":"sxpowercase.com"},"image":{"@id":"https:\/\/sxflightcase.com\/th\/#\/schema\/logo\/image\/"},"sameAs":["https:\/\/www.facebook.com\/profile.php?id=61560407257971"],"numberOfEmployees":{"@type":"QuantitativeValue","minValue":"11","maxValue":"50"}}]}},"_links":{"self":[{"href":"https:\/\/sxflightcase.com\/fr\/wp-json\/wp\/v2\/product\/4399","targetHints":{"allow":["GET"]}}],"collection":[{"href":"https:\/\/sxflightcase.com\/fr\/wp-json\/wp\/v2\/product"}],"about":[{"href":"https:\/\/sxflightcase.com\/fr\/wp-json\/wp\/v2\/types\/product"}],"replies":[{"embeddable":true,"href":"https:\/\/sxflightcase.com\/fr\/wp-json\/wp\/v2\/comments?post=4399"}],"version-history":[{"count":0,"href":"https:\/\/sxflightcase.com\/fr\/wp-json\/wp\/v2\/product\/4399\/revisions"}],"wp:featuredmedia":[{"embeddable":true,"href":"https:\/\/sxflightcase.com\/fr\/wp-json\/wp\/v2\/media\/4287"}],"wp:attachment":[{"href":"https:\/\/sxflightcase.com\/fr\/wp-json\/wp\/v2\/media?parent=4399"}],"wp:term":[{"taxonomy":"product_brand","embeddable":true,"href":"https:\/\/sxflightcase.com\/fr\/wp-json\/wp\/v2\/product_brand?post=4399"},{"taxonomy":"product_cat","embeddable":true,"href":"https:\/\/sxflightcase.com\/fr\/wp-json\/wp\/v2\/product_cat?post=4399"},{"taxonomy":"product_tag","embeddable":true,"href":"https:\/\/sxflightcase.com\/fr\/wp-json\/wp\/v2\/product_tag?post=4399"}],"curies":[{"name":"wp","href":"https:\/\/api.w.org\/{rel}","templated":true}]}}