{"id":4400,"date":"2024-09-13T07:21:08","date_gmt":"2024-09-13T06:21:08","guid":{"rendered":"https:\/\/sxpowercase.com\/?post_type=product&#038;p=4400"},"modified":"2024-09-13T07:25:16","modified_gmt":"2024-09-13T06:25:16","slug":"rack-panel-punched-rab306","status":"publish","type":"product","link":"https:\/\/sxflightcase.com\/fr\/produit\/panneau-de-rack-perfore-rab306-2\/","title":{"rendered":"Panneau de rack perfor\u00e9 RAB306"},"content":{"rendered":"<h3>Optimisez votre installation avec les solutions SX Rack Panel Punched<\/h3>\n<p>Le <span style=\"color: #0000ff;\"><a style=\"color: #0000ff;\" href=\"https:\/\/sxpowercase.com\/product\/audio-rack-panel-rab305\/\"><strong>Panneau du rack perfor\u00e9<\/strong><\/a><\/span> de <strong>SX<\/strong> est la solution id\u00e9ale pour organiser votre \u00e9quipement mont\u00e9 en rack. Con\u00e7us pour offrir une efficacit\u00e9 maximale et un aspect propre et professionnel, ces panneaux permettent d'acc\u00e9der facilement aux connexions tout en gardant votre mat\u00e9riel en s\u00e9curit\u00e9. Avec <strong>SX<\/strong>Vous obtenez ainsi des panneaux de haute qualit\u00e9 qui r\u00e9pondent \u00e0 vos besoins, \u00e0 des prix d'usine.<\/p>\n<h3>Mat\u00e9riaux de haute qualit\u00e9 pour une durabilit\u00e9 \u00e0 long terme<\/h3>\n<p>Notre <strong>Panneau du rack perfor\u00e9<\/strong> sont construits avec des mat\u00e9riaux solides et durables pour assurer leur p\u00e9rennit\u00e9. Qu'il s'agisse d'une salle de serveurs, d'un studio de diffusion ou de n'importe quel rack d'\u00e9quipement, <strong><a title=\"SX\" href=\"https:\/\/sxpowercase.com\/\" target=\"_blank\" rel=\"noopener\" data-wpil-monitor-id=\"753\">SX<\/a><\/strong> garantit des performances et une protection \u00e0 long terme. Nos panneaux assurent non seulement une excellente circulation de l'air, mais emp\u00eachent \u00e9galement l'accumulation de poussi\u00e8re, ce qui contribue \u00e0 pr\u00e9server la sant\u00e9 et la fonctionnalit\u00e9 de votre \u00e9quipement.<\/p>\n<h3>Des prix directs sur lesquels vous pouvez compter<\/h3>\n<p>\u00c0 <strong>SX<\/strong>Nous nous engageons \u00e0 fournir des produits de premi\u00e8re qualit\u00e9 en provenance directe de notre usine. Ce mod\u00e8le nous permet de maintenir des prix bas sans sacrifier la qualit\u00e9. En offrant <strong>Panneau du rack perfor\u00e9<\/strong> \u00e0 des prix d'usine, nous vous garantissons le meilleur rapport qualit\u00e9-prix pour votre investissement. La qualit\u00e9 et le caract\u00e8re abordable sont au c\u0153ur de chaque projet de <strong>SX<\/strong> produit.<\/p>\n<h3>Installation facile et utilisation polyvalente<\/h3>\n<p>Notre <strong>Panneau du rack perfor\u00e9<\/strong> est con\u00e7u pour une installation simple. Compatibles avec les syst\u00e8mes de rack standard, ces panneaux vous permettent de rationaliser votre installation en toute simplicit\u00e9. Qu'il s'agisse d'une nouvelle installation ou d'une mise \u00e0 niveau d'un rack existant, <strong>SX<\/strong> simplifie le processus. De plus, la conception perfor\u00e9e permet une gestion flexible des c\u00e2bles, ce qui garantit une connexion et un acc\u00e8s faciles \u00e0 votre \u00e9quipement.<\/p>\n<h3>Approuv\u00e9 par les professionnels du secteur<\/h3>\n<p><strong>SX Rack Panel Punch<\/strong>\u00a0sont reconnus par les professionnels de divers secteurs, notamment les technologies de l'information, l'audio et la radiodiffusion. Reconnus pour leur durabilit\u00e9, leur facilit\u00e9 d'utilisation et leur design \u00e9l\u00e9gant, ces panneaux sont un \u00e9l\u00e9ment essentiel de toute installation professionnelle. Nos clients font confiance \u00e0 <strong>SX<\/strong> pour des solutions fiables qui offrent \u00e0 la fois fonctionnalit\u00e9 et rentabilit\u00e9.<\/p>\n<h3>Choisissez SX pour des panneaux d'affichage abordables et de qualit\u00e9<\/h3>\n<p>Avec <strong>SX<\/strong>Gr\u00e2ce \u00e0 notre syst\u00e8me de gestion de la qualit\u00e9, vous n'avez pas \u00e0 faire de compromis entre la qualit\u00e9 et le prix. Nos services <strong>Poin\u00e7on pour panneau de rack<\/strong>\u00a0sont construits selon les normes les plus strictes tout en restant abordables, gr\u00e2ce \u00e0 notre mod\u00e8le de prix direct usine. Pour les organisations qui cherchent \u00e0 am\u00e9liorer leurs syst\u00e8mes de racks sans d\u00e9penser trop, <strong>SX<\/strong> est le choix id\u00e9al.<\/p>\n<p>Choisir <strong>SX<\/strong> pour votre <strong>Panneau du rack perfor\u00e9<\/strong> et faites l'exp\u00e9rience d'un m\u00e9lange parfait de durabilit\u00e9, de valeur et de design professionnel.<\/p>\n<ol>\n<li>Contactez-nous maintenant :<span style=\"color: #0000ff;\"><a style=\"color: #0000ff;\" href=\"https:\/\/sxpowercase.com\/contact-us\/\">https:\/\/sxpowercase.com\/<\/a><\/span><\/li>\n<li>Catalogue de produits mat\u00e9riels :<span style=\"color: #0000ff;\"><a style=\"color: #0000ff;\" href=\"https:\/\/sxpowercase.com\/wp-content\/uploads\/2024\/07\/\u4e94\u91d1.pdf\">Catalogue d&#039;accessoires de quincaillerie<\/a><\/span><\/li>\n<\/ol>","protected":false},"excerpt":{"rendered":"<h3>Panneaux de rack audio de haute qualit\u00e9 par SX<\/h3>\n<p>SX propose des panneaux de rack audio de qualit\u00e9 sup\u00e9rieure, con\u00e7us avec expertise pour offrir fonctionnalit\u00e9 et durabilit\u00e9 aux installations de studio professionnel et domestique.<\/p>\n<h3>Des prix directs pour un excellent rapport qualit\u00e9-prix<\/h3>\n<p>Obtenez une qualit\u00e9 exceptionnelle \u00e0 des prix d'usine. SX \u00e9limine les interm\u00e9diaires, ce qui vous permet de recevoir des panneaux de rack audio de premi\u00e8re qualit\u00e9 \u00e0 des prix comp\u00e9titifs.<\/p>\n<h3>Installation facile et protection maximale<\/h3>\n<p>Les panneaux de rack SX Audio sont faciles \u00e0 installer, am\u00e9liorent l'organisation et prot\u00e8gent votre \u00e9quipement gr\u00e2ce \u00e0 une meilleure circulation de l'air et \u00e0 une meilleure r\u00e9sistance \u00e0 la poussi\u00e8re, pour des performances fluides et durables.<\/p>","protected":false},"featured_media":4288,"comment_status":"open","ping_status":"closed","template":"","meta":[],"product_brand":[],"product_cat":[66],"product_tag":[],"class_list":{"0":"post-4400","1":"product","2":"type-product","3":"status-publish","4":"has-post-thumbnail","6":"product_cat-rack-hardware","8":"first","9":"instock","10":"shipping-taxable","11":"product-type-simple"},"yoast_head":"<!-- This site is optimized with the Yoast SEO Premium plugin v27.1 (Yoast SEO v27.2) - https:\/\/yoast.com\/product\/yoast-seo-premium-wordpress\/ -->\n<title>Rack Panel Punched RAB306 - https:\/\/sxflightcase.com \ud83d\udc97<\/title>\n<meta name=\"description\" content=\"Rack panel punched, factory direct! Durable, high-quality panels with pre-punched holes for easy and secure mounting of equipment. Ideal for professional rack setups and efficient organization.\" \/>\n<meta name=\"robots\" content=\"index, follow, max-snippet:-1, max-image-preview:large, max-video-preview:-1\" \/>\n<link rel=\"canonical\" href=\"https:\/\/sxflightcase.com\/fr\/produit\/panneau-de-rack-perfore-rab306-2\/\" \/>\n<meta property=\"og:locale\" content=\"fr_FR\" \/>\n<meta property=\"og:type\" content=\"article\" \/>\n<meta property=\"og:title\" content=\"Rack Panel Punched RAB306\" \/>\n<meta property=\"og:description\" content=\"Rack panel punched, factory direct! Durable, high-quality panels with pre-punched holes for easy and secure mounting of equipment. Ideal for professional rack setups and efficient organization.\" \/>\n<meta property=\"og:url\" content=\"https:\/\/sxflightcase.com\/fr\/produit\/panneau-de-rack-perfore-rab306-2\/\" \/>\n<meta property=\"og:site_name\" content=\"https:\/\/sxflightcase.com\" \/>\n<meta property=\"article:publisher\" content=\"https:\/\/www.facebook.com\/profile.php?id=61560407257971\" \/>\n<meta property=\"article:modified_time\" content=\"2024-09-13T06:25:16+00:00\" \/>\n<meta property=\"og:image\" content=\"https:\/\/sxflightcase.com\/wp-content\/uploads\/2024\/09\/RAB306.jpg\" \/>\n\t<meta property=\"og:image:width\" content=\"700\" \/>\n\t<meta property=\"og:image:height\" content=\"700\" \/>\n\t<meta property=\"og:image:type\" content=\"image\/jpeg\" \/>\n<meta name=\"twitter:card\" content=\"summary_large_image\" \/>\n<meta name=\"twitter:label1\" content=\"Dur\u00e9e de lecture estim\u00e9e\" \/>\n\t<meta name=\"twitter:data1\" content=\"3 minutes\" \/>\n<script type=\"application\/ld+json\" class=\"yoast-schema-graph\">{\"@context\":\"https:\/\/schema.org\",\"@graph\":[{\"@type\":\"WebPage\",\"@id\":\"https:\/\/sxflightcase.com\/product\/rack-panel-punched-rab306\/\",\"url\":\"https:\/\/sxflightcase.com\/product\/rack-panel-punched-rab306\/\",\"name\":\"Rack Panel Punched RAB306 - https:\/\/sxflightcase.com \ud83d\udc97\",\"isPartOf\":{\"@id\":\"https:\/\/sxflightcase.com\/th\/#website\"},\"primaryImageOfPage\":{\"@id\":\"https:\/\/sxflightcase.com\/product\/rack-panel-punched-rab306\/#primaryimage\"},\"image\":{\"@id\":\"https:\/\/sxflightcase.com\/product\/rack-panel-punched-rab306\/#primaryimage\"},\"thumbnailUrl\":\"https:\/\/sxflightcase.com\/wp-content\/uploads\/2024\/09\/RAB306.jpg\",\"datePublished\":\"2024-09-13T06:21:08+00:00\",\"dateModified\":\"2024-09-13T06:25:16+00:00\",\"description\":\"Rack panel punched, factory direct! Durable, high-quality panels with pre-punched holes for easy and secure mounting of equipment. Ideal for professional rack setups and efficient organization.\",\"breadcrumb\":{\"@id\":\"https:\/\/sxflightcase.com\/product\/rack-panel-punched-rab306\/#breadcrumb\"},\"inLanguage\":\"fr-FR\",\"potentialAction\":[{\"@type\":\"ReadAction\",\"target\":[\"https:\/\/sxflightcase.com\/product\/rack-panel-punched-rab306\/\"]}]},{\"@type\":\"ImageObject\",\"inLanguage\":\"fr-FR\",\"@id\":\"https:\/\/sxflightcase.com\/product\/rack-panel-punched-rab306\/#primaryimage\",\"url\":\"https:\/\/sxflightcase.com\/wp-content\/uploads\/2024\/09\/RAB306.jpg\",\"contentUrl\":\"https:\/\/sxflightcase.com\/wp-content\/uploads\/2024\/09\/RAB306.jpg\",\"width\":700,\"height\":700,\"caption\":\"Rack Panel Punched\"},{\"@type\":\"BreadcrumbList\",\"@id\":\"https:\/\/sxflightcase.com\/product\/rack-panel-punched-rab306\/#breadcrumb\",\"itemListElement\":[{\"@type\":\"ListItem\",\"position\":1,\"name\":\"Home\",\"item\":\"https:\/\/sxflightcase.com\/\"},{\"@type\":\"ListItem\",\"position\":2,\"name\":\"\u0e2a\u0e34\u0e19\u0e04\u0e49\u0e32\",\"item\":\"https:\/\/sxflightcase.com\/th\/shop\/\"},{\"@type\":\"ListItem\",\"position\":3,\"name\":\"Rack Panel Punched RAB306\"}]},{\"@type\":\"WebSite\",\"@id\":\"https:\/\/sxflightcase.com\/th\/#website\",\"url\":\"https:\/\/sxflightcase.com\/th\/\",\"name\":\"sxpowercase.com\",\"description\":\"Flight Case Factory\",\"publisher\":{\"@id\":\"https:\/\/sxflightcase.com\/th\/#organization\"},\"potentialAction\":[{\"@type\":\"SearchAction\",\"target\":{\"@type\":\"EntryPoint\",\"urlTemplate\":\"https:\/\/sxflightcase.com\/th\/?s={search_term_string}\"},\"query-input\":{\"@type\":\"PropertyValueSpecification\",\"valueRequired\":true,\"valueName\":\"search_term_string\"}}],\"inLanguage\":\"fr-FR\"},{\"@type\":\"Organization\",\"@id\":\"https:\/\/sxflightcase.com\/th\/#organization\",\"name\":\"sxpowercase.com\",\"url\":\"https:\/\/sxflightcase.com\/th\/\",\"logo\":{\"@type\":\"ImageObject\",\"inLanguage\":\"fr-FR\",\"@id\":\"https:\/\/sxflightcase.com\/th\/#\/schema\/logo\/image\/\",\"url\":\"https:\/\/sxflightcase.com\/wp-content\/uploads\/2024\/04\/1713919036007.jpg\",\"contentUrl\":\"https:\/\/sxflightcase.com\/wp-content\/uploads\/2024\/04\/1713919036007.jpg\",\"width\":382,\"height\":388,\"caption\":\"sxpowercase.com\"},\"image\":{\"@id\":\"https:\/\/sxflightcase.com\/th\/#\/schema\/logo\/image\/\"},\"sameAs\":[\"https:\/\/www.facebook.com\/profile.php?id=61560407257971\"],\"numberOfEmployees\":{\"@type\":\"QuantitativeValue\",\"minValue\":\"11\",\"maxValue\":\"50\"}}]}<\/script>\n<!-- \/ Yoast SEO Premium plugin. -->","yoast_head_json":{"title":"Rack Panel Punched RAB306 - https:\/\/sxflightcase.com \ud83d\udc97","description":"Panneau de rack perfor\u00e9, direct usine ! Panneaux durables et de haute qualit\u00e9 avec des trous pr\u00e9perfor\u00e9s pour un montage facile et s\u00fbr de l'\u00e9quipement. Id\u00e9al pour les installations professionnelles et une organisation efficace.","robots":{"index":"index","follow":"follow","max-snippet":"max-snippet:-1","max-image-preview":"max-image-preview:large","max-video-preview":"max-video-preview:-1"},"canonical":"https:\/\/sxflightcase.com\/fr\/produit\/panneau-de-rack-perfore-rab306-2\/","og_locale":"fr_FR","og_type":"article","og_title":"Rack Panel Punched RAB306","og_description":"Rack panel punched, factory direct! Durable, high-quality panels with pre-punched holes for easy and secure mounting of equipment. Ideal for professional rack setups and efficient organization.","og_url":"https:\/\/sxflightcase.com\/fr\/produit\/panneau-de-rack-perfore-rab306-2\/","og_site_name":"https:\/\/sxflightcase.com","article_publisher":"https:\/\/www.facebook.com\/profile.php?id=61560407257971","article_modified_time":"2024-09-13T06:25:16+00:00","og_image":[{"width":700,"height":700,"url":"https:\/\/sxflightcase.com\/wp-content\/uploads\/2024\/09\/RAB306.jpg","type":"image\/jpeg"}],"twitter_card":"summary_large_image","twitter_misc":{"Dur\u00e9e de lecture estim\u00e9e":"3 minutes"},"schema":{"@context":"https:\/\/schema.org","@graph":[{"@type":"WebPage","@id":"https:\/\/sxflightcase.com\/product\/rack-panel-punched-rab306\/","url":"https:\/\/sxflightcase.com\/product\/rack-panel-punched-rab306\/","name":"Rack Panel Punched RAB306 - https:\/\/sxflightcase.com \ud83d\udc97","isPartOf":{"@id":"https:\/\/sxflightcase.com\/th\/#website"},"primaryImageOfPage":{"@id":"https:\/\/sxflightcase.com\/product\/rack-panel-punched-rab306\/#primaryimage"},"image":{"@id":"https:\/\/sxflightcase.com\/product\/rack-panel-punched-rab306\/#primaryimage"},"thumbnailUrl":"https:\/\/sxflightcase.com\/wp-content\/uploads\/2024\/09\/RAB306.jpg","datePublished":"2024-09-13T06:21:08+00:00","dateModified":"2024-09-13T06:25:16+00:00","description":"Panneau de rack perfor\u00e9, direct usine ! Panneaux durables et de haute qualit\u00e9 avec des trous pr\u00e9perfor\u00e9s pour un montage facile et s\u00fbr de l'\u00e9quipement. Id\u00e9al pour les installations professionnelles et une organisation efficace.","breadcrumb":{"@id":"https:\/\/sxflightcase.com\/product\/rack-panel-punched-rab306\/#breadcrumb"},"inLanguage":"fr-FR","potentialAction":[{"@type":"ReadAction","target":["https:\/\/sxflightcase.com\/product\/rack-panel-punched-rab306\/"]}]},{"@type":"ImageObject","inLanguage":"fr-FR","@id":"https:\/\/sxflightcase.com\/product\/rack-panel-punched-rab306\/#primaryimage","url":"https:\/\/sxflightcase.com\/wp-content\/uploads\/2024\/09\/RAB306.jpg","contentUrl":"https:\/\/sxflightcase.com\/wp-content\/uploads\/2024\/09\/RAB306.jpg","width":700,"height":700,"caption":"Rack Panel Punched"},{"@type":"BreadcrumbList","@id":"https:\/\/sxflightcase.com\/product\/rack-panel-punched-rab306\/#breadcrumb","itemListElement":[{"@type":"ListItem","position":1,"name":"Home","item":"https:\/\/sxflightcase.com\/"},{"@type":"ListItem","position":2,"name":"\u0e2a\u0e34\u0e19\u0e04\u0e49\u0e32","item":"https:\/\/sxflightcase.com\/th\/shop\/"},{"@type":"ListItem","position":3,"name":"Rack Panel Punched RAB306"}]},{"@type":"WebSite","@id":"https:\/\/sxflightcase.com\/th\/#website","url":"https:\/\/sxflightcase.com\/th\/","name":"sxpowercase.com","description":"Flight Case Factory","publisher":{"@id":"https:\/\/sxflightcase.com\/th\/#organization"},"potentialAction":[{"@type":"SearchAction","target":{"@type":"EntryPoint","urlTemplate":"https:\/\/sxflightcase.com\/th\/?s={search_term_string}"},"query-input":{"@type":"PropertyValueSpecification","valueRequired":true,"valueName":"search_term_string"}}],"inLanguage":"fr-FR"},{"@type":"Organization","@id":"https:\/\/sxflightcase.com\/th\/#organization","name":"sxpowercase.com","url":"https:\/\/sxflightcase.com\/th\/","logo":{"@type":"ImageObject","inLanguage":"fr-FR","@id":"https:\/\/sxflightcase.com\/th\/#\/schema\/logo\/image\/","url":"https:\/\/sxflightcase.com\/wp-content\/uploads\/2024\/04\/1713919036007.jpg","contentUrl":"https:\/\/sxflightcase.com\/wp-content\/uploads\/2024\/04\/1713919036007.jpg","width":382,"height":388,"caption":"sxpowercase.com"},"image":{"@id":"https:\/\/sxflightcase.com\/th\/#\/schema\/logo\/image\/"},"sameAs":["https:\/\/www.facebook.com\/profile.php?id=61560407257971"],"numberOfEmployees":{"@type":"QuantitativeValue","minValue":"11","maxValue":"50"}}]}},"_links":{"self":[{"href":"https:\/\/sxflightcase.com\/fr\/wp-json\/wp\/v2\/product\/4400","targetHints":{"allow":["GET"]}}],"collection":[{"href":"https:\/\/sxflightcase.com\/fr\/wp-json\/wp\/v2\/product"}],"about":[{"href":"https:\/\/sxflightcase.com\/fr\/wp-json\/wp\/v2\/types\/product"}],"replies":[{"embeddable":true,"href":"https:\/\/sxflightcase.com\/fr\/wp-json\/wp\/v2\/comments?post=4400"}],"version-history":[{"count":0,"href":"https:\/\/sxflightcase.com\/fr\/wp-json\/wp\/v2\/product\/4400\/revisions"}],"wp:featuredmedia":[{"embeddable":true,"href":"https:\/\/sxflightcase.com\/fr\/wp-json\/wp\/v2\/media\/4288"}],"wp:attachment":[{"href":"https:\/\/sxflightcase.com\/fr\/wp-json\/wp\/v2\/media?parent=4400"}],"wp:term":[{"taxonomy":"product_brand","embeddable":true,"href":"https:\/\/sxflightcase.com\/fr\/wp-json\/wp\/v2\/product_brand?post=4400"},{"taxonomy":"product_cat","embeddable":true,"href":"https:\/\/sxflightcase.com\/fr\/wp-json\/wp\/v2\/product_cat?post=4400"},{"taxonomy":"product_tag","embeddable":true,"href":"https:\/\/sxflightcase.com\/fr\/wp-json\/wp\/v2\/product_tag?post=4400"}],"curies":[{"name":"wp","href":"https:\/\/api.w.org\/{rel}","templated":true}]}}