{"id":4422,"date":"2024-09-14T07:05:42","date_gmt":"2024-09-14T06:05:42","guid":{"rendered":"https:\/\/sxpowercase.com\/?post_type=product&#038;p=4422"},"modified":"2024-09-14T07:05:43","modified_gmt":"2024-09-14T06:05:43","slug":"rack-cabinet-panel-rab401","status":"publish","type":"product","link":"https:\/\/sxflightcase.com\/fr\/produit\/panneau-darmoire-rack-rab401\/","title":{"rendered":"Panneau d&#039;armoire \u00e0 rack RAB401"},"content":{"rendered":"<h3>D\u00e9couvrez la durabilit\u00e9 des panneaux d'armoires SX Rack<\/h3>\n<p>Lorsqu'il s'agit d'organiser vos syst\u00e8mes de rayonnages, le <strong>Panneau de l'armoire \u00e0 rayonnages<\/strong> de <strong>SX<\/strong> s'impose comme une solution fiable et de qualit\u00e9. Con\u00e7us pour r\u00e9pondre aux besoins des professionnels de l'informatique, de l'audiovisuel et des t\u00e9l\u00e9communications, nos panneaux sont \u00e0 la fois durables et faciles \u00e0 installer. <strong>SX<\/strong> garantit des performances et des fonctionnalit\u00e9s de premier ordre pour tout projet n\u00e9cessitant une organisation efficace du syst\u00e8me de rayonnage.<\/p>\n<h3>Qualit\u00e9 exceptionnelle garantie<\/h3>\n<p>\u00c0 <strong><a href=\"https:\/\/sxpowercase.com\/\" target=\"_blank\" rel=\"noopener\" title=\"SX\" data-wpil-monitor-id=\"758\">SX<\/a><\/strong>La qualit\u00e9 est notre priorit\u00e9. Nos services <strong>Panneaux de l'armoire \u00e0 rayonnages<\/strong> sont fabriqu\u00e9s \u00e0 partir de mat\u00e9riaux solides et durables qui garantissent une utilisation \u00e0 long terme dans n'importe quel environnement. Ces panneaux sont con\u00e7us pour prot\u00e9ger votre \u00e9quipement, optimiser l'espace et am\u00e9liorer les capacit\u00e9s de refroidissement, ce qui signifie que votre mat\u00e9riel reste en s\u00e9curit\u00e9 et fonctionne efficacement. Que vous travailliez dans un grand centre de donn\u00e9es ou dans un petit studio, <strong>SX<\/strong> fournit des produits fiables qui durent.<\/p>\n<h3>Des prix directs d'usine pour de grandes \u00e9conomies<\/h3>\n<p>En achetant directement aupr\u00e8s de <strong>SX<\/strong>Gr\u00e2ce \u00e0 nos produits, vous b\u00e9n\u00e9ficiez d'une tarification directe qui vous permet de maintenir vos co\u00fbts \u00e0 un niveau bas tout en conservant une qualit\u00e9 exceptionnelle. Nos <strong>Panneaux de l'armoire \u00e0 rayonnages<\/strong> sont propos\u00e9s \u00e0 des prix comp\u00e9titifs, ce qui vous permet d'acc\u00e9der \u00e0 des produits de qualit\u00e9 sup\u00e9rieure sans grever votre budget. Ce mod\u00e8le de tarification directe est l'une des principales raisons pour lesquelles les professionnels choisissent <strong>SX<\/strong> pour leurs projets.<\/p>\n<h3>Une conception polyvalente pour tous vos besoins<\/h3>\n<p>Qu'il s'agisse de syst\u00e8mes audiovisuels complexes ou de la gestion d'\u00e9quipements informatiques, l'\u00e9quipe d'experts de la Commission europ\u00e9enne est l\u00e0 pour vous aider. <strong>Panneau de l'armoire \u00e0 rayonnages<\/strong> de <strong>SX<\/strong> est con\u00e7u pour une large gamme d'applications. Les panneaux s'int\u00e8grent facilement dans les racks standard, ce qui rend l'installation simple et rapide. Gr\u00e2ce \u00e0 leur conception \u00e9l\u00e9gante et peu encombrante, <strong>SX<\/strong> permettent de rationaliser votre espace de travail tout en offrant une gestion efficace des c\u00e2bles et une protection de l'\u00e9quipement.<\/p>\n<h3>Pr\u00e9f\u00e9r\u00e9 par les experts de l'industrie<\/h3>\n<p>Dans tous les secteurs, les professionnels font confiance <strong>SX<\/strong> pour leurs besoins en panneaux de rack. Des installations audiovisuelles aux configurations de serveurs, la gamme de produits <strong>Panneau de l'armoire SX<\/strong> est r\u00e9put\u00e9 pour sa durabilit\u00e9, sa fonctionnalit\u00e9 et sa facilit\u00e9 d'utilisation. Quelle que soit la taille ou l'ampleur de votre projet, <strong>SX<\/strong> fournit le support fiable dont vous avez besoin pour assurer la protection de votre \u00e9quipement et le bon fonctionnement de vos syst\u00e8mes.<\/p>\n<h3>Des solutions abordables sans compromis sur la qualit\u00e9<\/h3>\n<p>Avec <strong>SX<\/strong>Gr\u00e2ce \u00e0 nos produits, vous n'avez pas \u00e0 sacrifier la qualit\u00e9 pour le prix. Nos <strong>Panneaux de l'armoire \u00e0 rayonnages<\/strong> offrent un excellent rapport qualit\u00e9-prix, en proposant un \u00e9quilibre parfait entre la durabilit\u00e9, le design et le rapport co\u00fbt-efficacit\u00e9. Confiance <strong>SX<\/strong> pour vous fournir les solutions de rack dont vous avez besoin, \u00e0 un prix adapt\u00e9 \u00e0 votre budget.<\/p>\n<p>Pour une durabilit\u00e9 et une rentabilit\u00e9 imbattables, choisissez le <strong>Panneau de l'armoire SX<\/strong> pour votre prochaine installation.<\/p>\n<ol>\n<li>Contactez-nous maintenant :<span style=\"color: #0000ff;\"><a style=\"color: #0000ff;\" href=\"https:\/\/sxpowercase.com\/contact-us\/\">https:\/\/sxpowercase.com\/<\/a><\/span><\/li>\n<li>Catalogue de produits mat\u00e9riels :<span style=\"color: #0000ff;\"><a style=\"color: #0000ff;\" href=\"https:\/\/sxpowercase.com\/wp-content\/uploads\/2024\/07\/\u4e94\u91d1.pdf\">Catalogue d&#039;accessoires de quincaillerie<\/a><\/span><\/li>\n<\/ol>","protected":false},"excerpt":{"rendered":"<p><strong>Panneaux durables pour armoires \u00e0 rayonnages de SX<\/strong><br \/>\nLes panneaux d'armoire SX Rack sont fabriqu\u00e9s \u00e0 partir de mat\u00e9riaux de premi\u00e8re qualit\u00e9, garantissant des performances durables dans des environnements exigeants. Id\u00e9al pour prot\u00e9ger votre \u00e9quipement tout en optimisant la circulation de l'air et la gestion des c\u00e2bles.<\/p>\n<p><strong>Des \u00e9conomies directes pour les professionnels<\/strong><br \/>\nSX propose des prix directs d'usine, offrant des panneaux d'armoires rack de haute qualit\u00e9 \u00e0 des prix abordables. R\u00e9alisez des \u00e9conomies sans compromettre la durabilit\u00e9 ou la performance.<\/p>\n<p><strong>Installation facile et conception polyvalente<\/strong><br \/>\nCon\u00e7us pour une installation rapide, les panneaux d'armoire SX s'adaptent aux syst\u00e8mes de rack standard et constituent une solution polyvalente pour les installations informatiques, audiovisuelles et de r\u00e9seau. Les professionnels du monde entier leur font confiance.<\/p>","protected":false},"featured_media":4291,"comment_status":"open","ping_status":"closed","template":"","meta":[],"product_brand":[],"product_cat":[66],"product_tag":[],"class_list":{"0":"post-4422","1":"product","2":"type-product","3":"status-publish","4":"has-post-thumbnail","6":"product_cat-rack-hardware","8":"first","9":"instock","10":"shipping-taxable","11":"product-type-simple"},"yoast_head":"<!-- This site is optimized with the Yoast SEO Premium plugin v27.1 (Yoast SEO v27.2) - https:\/\/yoast.com\/product\/yoast-seo-premium-wordpress\/ -->\n<title>Rack Cabinet Panel RAB401 - https:\/\/sxflightcase.com \ud83d\udc97<\/title>\n<meta name=\"description\" content=\"Rack cabinet panel, factory direct! High-quality, durable panels designed for secure mounting and organization of equipment in rack cabinets. Ideal for professional setups, ensuring stability and efficient use.\" \/>\n<meta name=\"robots\" content=\"index, follow, max-snippet:-1, max-image-preview:large, max-video-preview:-1\" \/>\n<link rel=\"canonical\" href=\"https:\/\/sxflightcase.com\/fr\/\u4ea7\u54c1\/\u673a\u67b6\u67dc\u9762\u677f-rab401\/\" \/>\n<meta property=\"og:locale\" content=\"fr_FR\" \/>\n<meta property=\"og:type\" content=\"article\" \/>\n<meta property=\"og:title\" content=\"Rack Cabinet Panel RAB401\" \/>\n<meta property=\"og:description\" content=\"Rack cabinet panel, factory direct! High-quality, durable panels designed for secure mounting and organization of equipment in rack cabinets. Ideal for professional setups, ensuring stability and efficient use.\" \/>\n<meta property=\"og:url\" content=\"https:\/\/sxflightcase.com\/fr\/\u4ea7\u54c1\/\u673a\u67b6\u67dc\u9762\u677f-rab401\/\" \/>\n<meta property=\"og:site_name\" content=\"https:\/\/sxflightcase.com\" \/>\n<meta property=\"article:publisher\" content=\"https:\/\/www.facebook.com\/profile.php?id=61560407257971\" \/>\n<meta property=\"article:modified_time\" content=\"2024-09-14T06:05:43+00:00\" \/>\n<meta property=\"og:image\" content=\"https:\/\/sxflightcase.com\/wp-content\/uploads\/2024\/09\/RAB401.jpg\" \/>\n\t<meta property=\"og:image:width\" content=\"700\" \/>\n\t<meta property=\"og:image:height\" content=\"700\" \/>\n\t<meta property=\"og:image:type\" content=\"image\/jpeg\" \/>\n<meta name=\"twitter:card\" content=\"summary_large_image\" \/>\n<meta name=\"twitter:label1\" content=\"Dur\u00e9e de lecture estim\u00e9e\" \/>\n\t<meta name=\"twitter:data1\" content=\"3 minutes\" \/>\n<script type=\"application\/ld+json\" class=\"yoast-schema-graph\">{\"@context\":\"https:\/\/schema.org\",\"@graph\":[{\"@type\":\"WebPage\",\"@id\":\"https:\/\/sxflightcase.com\/zh\/\u4ea7\u54c1\/\u673a\u67b6\u67dc\u9762\u677f-rab401\/\",\"url\":\"https:\/\/sxflightcase.com\/zh\/\u4ea7\u54c1\/\u673a\u67b6\u67dc\u9762\u677f-rab401\/\",\"name\":\"Rack Cabinet Panel RAB401 - https:\/\/sxflightcase.com \ud83d\udc97\",\"isPartOf\":{\"@id\":\"https:\/\/sxflightcase.com\/th\/#website\"},\"primaryImageOfPage\":{\"@id\":\"https:\/\/sxflightcase.com\/zh\/\u4ea7\u54c1\/\u673a\u67b6\u67dc\u9762\u677f-rab401\/#primaryimage\"},\"image\":{\"@id\":\"https:\/\/sxflightcase.com\/zh\/\u4ea7\u54c1\/\u673a\u67b6\u67dc\u9762\u677f-rab401\/#primaryimage\"},\"thumbnailUrl\":\"https:\/\/sxflightcase.com\/wp-content\/uploads\/2024\/09\/RAB401.jpg\",\"datePublished\":\"2024-09-14T06:05:42+00:00\",\"dateModified\":\"2024-09-14T06:05:43+00:00\",\"description\":\"Rack cabinet panel, factory direct! High-quality, durable panels designed for secure mounting and organization of equipment in rack cabinets. Ideal for professional setups, ensuring stability and efficient use.\",\"breadcrumb\":{\"@id\":\"https:\/\/sxflightcase.com\/zh\/\u4ea7\u54c1\/\u673a\u67b6\u67dc\u9762\u677f-rab401\/#breadcrumb\"},\"inLanguage\":\"fr-FR\",\"potentialAction\":[{\"@type\":\"ReadAction\",\"target\":[\"https:\/\/sxflightcase.com\/zh\/\u4ea7\u54c1\/\u673a\u67b6\u67dc\u9762\u677f-rab401\/\"]}]},{\"@type\":\"ImageObject\",\"inLanguage\":\"fr-FR\",\"@id\":\"https:\/\/sxflightcase.com\/zh\/\u4ea7\u54c1\/\u673a\u67b6\u67dc\u9762\u677f-rab401\/#primaryimage\",\"url\":\"https:\/\/sxflightcase.com\/wp-content\/uploads\/2024\/09\/RAB401.jpg\",\"contentUrl\":\"https:\/\/sxflightcase.com\/wp-content\/uploads\/2024\/09\/RAB401.jpg\",\"width\":700,\"height\":700,\"caption\":\"Rack Cabinet Panel\"},{\"@type\":\"BreadcrumbList\",\"@id\":\"https:\/\/sxflightcase.com\/zh\/\u4ea7\u54c1\/\u673a\u67b6\u67dc\u9762\u677f-rab401\/#breadcrumb\",\"itemListElement\":[{\"@type\":\"ListItem\",\"position\":1,\"name\":\"Home\",\"item\":\"https:\/\/sxflightcase.com\/\"},{\"@type\":\"ListItem\",\"position\":2,\"name\":\"\u0e2a\u0e34\u0e19\u0e04\u0e49\u0e32\",\"item\":\"https:\/\/sxflightcase.com\/th\/shop\/\"},{\"@type\":\"ListItem\",\"position\":3,\"name\":\"Rack Cabinet Panel RAB401\"}]},{\"@type\":\"WebSite\",\"@id\":\"https:\/\/sxflightcase.com\/th\/#website\",\"url\":\"https:\/\/sxflightcase.com\/th\/\",\"name\":\"sxpowercase.com\",\"description\":\"Flight Case Factory\",\"publisher\":{\"@id\":\"https:\/\/sxflightcase.com\/th\/#organization\"},\"potentialAction\":[{\"@type\":\"SearchAction\",\"target\":{\"@type\":\"EntryPoint\",\"urlTemplate\":\"https:\/\/sxflightcase.com\/th\/?s={search_term_string}\"},\"query-input\":{\"@type\":\"PropertyValueSpecification\",\"valueRequired\":true,\"valueName\":\"search_term_string\"}}],\"inLanguage\":\"fr-FR\"},{\"@type\":\"Organization\",\"@id\":\"https:\/\/sxflightcase.com\/th\/#organization\",\"name\":\"sxpowercase.com\",\"url\":\"https:\/\/sxflightcase.com\/th\/\",\"logo\":{\"@type\":\"ImageObject\",\"inLanguage\":\"fr-FR\",\"@id\":\"https:\/\/sxflightcase.com\/th\/#\/schema\/logo\/image\/\",\"url\":\"https:\/\/sxflightcase.com\/wp-content\/uploads\/2024\/04\/1713919036007.jpg\",\"contentUrl\":\"https:\/\/sxflightcase.com\/wp-content\/uploads\/2024\/04\/1713919036007.jpg\",\"width\":382,\"height\":388,\"caption\":\"sxpowercase.com\"},\"image\":{\"@id\":\"https:\/\/sxflightcase.com\/th\/#\/schema\/logo\/image\/\"},\"sameAs\":[\"https:\/\/www.facebook.com\/profile.php?id=61560407257971\"],\"numberOfEmployees\":{\"@type\":\"QuantitativeValue\",\"minValue\":\"11\",\"maxValue\":\"50\"}}]}<\/script>\n<!-- \/ Yoast SEO Premium plugin. -->","yoast_head_json":{"title":"Rack Cabinet Panel RAB401 - https:\/\/sxflightcase.com \ud83d\udc97","description":"Panneau pour armoire \u00e0 rack, direct usine ! Panneaux de haute qualit\u00e9, durables, con\u00e7us pour un montage et une organisation s\u00e9curis\u00e9s des \u00e9quipements dans les armoires rack. Id\u00e9aux pour les installations professionnelles, ils garantissent la stabilit\u00e9 et l'efficacit\u00e9 de l'utilisation.","robots":{"index":"index","follow":"follow","max-snippet":"max-snippet:-1","max-image-preview":"max-image-preview:large","max-video-preview":"max-video-preview:-1"},"canonical":"https:\/\/sxflightcase.com\/fr\/\u4ea7\u54c1\/\u673a\u67b6\u67dc\u9762\u677f-rab401\/","og_locale":"fr_FR","og_type":"article","og_title":"Rack Cabinet Panel RAB401","og_description":"Rack cabinet panel, factory direct! High-quality, durable panels designed for secure mounting and organization of equipment in rack cabinets. Ideal for professional setups, ensuring stability and efficient use.","og_url":"https:\/\/sxflightcase.com\/fr\/\u4ea7\u54c1\/\u673a\u67b6\u67dc\u9762\u677f-rab401\/","og_site_name":"https:\/\/sxflightcase.com","article_publisher":"https:\/\/www.facebook.com\/profile.php?id=61560407257971","article_modified_time":"2024-09-14T06:05:43+00:00","og_image":[{"width":700,"height":700,"url":"https:\/\/sxflightcase.com\/wp-content\/uploads\/2024\/09\/RAB401.jpg","type":"image\/jpeg"}],"twitter_card":"summary_large_image","twitter_misc":{"Dur\u00e9e de lecture estim\u00e9e":"3 minutes"},"schema":{"@context":"https:\/\/schema.org","@graph":[{"@type":"WebPage","@id":"https:\/\/sxflightcase.com\/zh\/\u4ea7\u54c1\/\u673a\u67b6\u67dc\u9762\u677f-rab401\/","url":"https:\/\/sxflightcase.com\/zh\/\u4ea7\u54c1\/\u673a\u67b6\u67dc\u9762\u677f-rab401\/","name":"Rack Cabinet Panel RAB401 - https:\/\/sxflightcase.com \ud83d\udc97","isPartOf":{"@id":"https:\/\/sxflightcase.com\/th\/#website"},"primaryImageOfPage":{"@id":"https:\/\/sxflightcase.com\/zh\/\u4ea7\u54c1\/\u673a\u67b6\u67dc\u9762\u677f-rab401\/#primaryimage"},"image":{"@id":"https:\/\/sxflightcase.com\/zh\/\u4ea7\u54c1\/\u673a\u67b6\u67dc\u9762\u677f-rab401\/#primaryimage"},"thumbnailUrl":"https:\/\/sxflightcase.com\/wp-content\/uploads\/2024\/09\/RAB401.jpg","datePublished":"2024-09-14T06:05:42+00:00","dateModified":"2024-09-14T06:05:43+00:00","description":"Panneau pour armoire \u00e0 rack, direct usine ! Panneaux de haute qualit\u00e9, durables, con\u00e7us pour un montage et une organisation s\u00e9curis\u00e9s des \u00e9quipements dans les armoires rack. Id\u00e9aux pour les installations professionnelles, ils garantissent la stabilit\u00e9 et l'efficacit\u00e9 de l'utilisation.","breadcrumb":{"@id":"https:\/\/sxflightcase.com\/zh\/\u4ea7\u54c1\/\u673a\u67b6\u67dc\u9762\u677f-rab401\/#breadcrumb"},"inLanguage":"fr-FR","potentialAction":[{"@type":"ReadAction","target":["https:\/\/sxflightcase.com\/zh\/\u4ea7\u54c1\/\u673a\u67b6\u67dc\u9762\u677f-rab401\/"]}]},{"@type":"ImageObject","inLanguage":"fr-FR","@id":"https:\/\/sxflightcase.com\/zh\/\u4ea7\u54c1\/\u673a\u67b6\u67dc\u9762\u677f-rab401\/#primaryimage","url":"https:\/\/sxflightcase.com\/wp-content\/uploads\/2024\/09\/RAB401.jpg","contentUrl":"https:\/\/sxflightcase.com\/wp-content\/uploads\/2024\/09\/RAB401.jpg","width":700,"height":700,"caption":"Rack Cabinet Panel"},{"@type":"BreadcrumbList","@id":"https:\/\/sxflightcase.com\/zh\/\u4ea7\u54c1\/\u673a\u67b6\u67dc\u9762\u677f-rab401\/#breadcrumb","itemListElement":[{"@type":"ListItem","position":1,"name":"Home","item":"https:\/\/sxflightcase.com\/"},{"@type":"ListItem","position":2,"name":"\u0e2a\u0e34\u0e19\u0e04\u0e49\u0e32","item":"https:\/\/sxflightcase.com\/th\/shop\/"},{"@type":"ListItem","position":3,"name":"Rack Cabinet Panel RAB401"}]},{"@type":"WebSite","@id":"https:\/\/sxflightcase.com\/th\/#website","url":"https:\/\/sxflightcase.com\/th\/","name":"sxpowercase.com","description":"Flight Case Factory","publisher":{"@id":"https:\/\/sxflightcase.com\/th\/#organization"},"potentialAction":[{"@type":"SearchAction","target":{"@type":"EntryPoint","urlTemplate":"https:\/\/sxflightcase.com\/th\/?s={search_term_string}"},"query-input":{"@type":"PropertyValueSpecification","valueRequired":true,"valueName":"search_term_string"}}],"inLanguage":"fr-FR"},{"@type":"Organization","@id":"https:\/\/sxflightcase.com\/th\/#organization","name":"sxpowercase.com","url":"https:\/\/sxflightcase.com\/th\/","logo":{"@type":"ImageObject","inLanguage":"fr-FR","@id":"https:\/\/sxflightcase.com\/th\/#\/schema\/logo\/image\/","url":"https:\/\/sxflightcase.com\/wp-content\/uploads\/2024\/04\/1713919036007.jpg","contentUrl":"https:\/\/sxflightcase.com\/wp-content\/uploads\/2024\/04\/1713919036007.jpg","width":382,"height":388,"caption":"sxpowercase.com"},"image":{"@id":"https:\/\/sxflightcase.com\/th\/#\/schema\/logo\/image\/"},"sameAs":["https:\/\/www.facebook.com\/profile.php?id=61560407257971"],"numberOfEmployees":{"@type":"QuantitativeValue","minValue":"11","maxValue":"50"}}]}},"_links":{"self":[{"href":"https:\/\/sxflightcase.com\/fr\/wp-json\/wp\/v2\/product\/4422","targetHints":{"allow":["GET"]}}],"collection":[{"href":"https:\/\/sxflightcase.com\/fr\/wp-json\/wp\/v2\/product"}],"about":[{"href":"https:\/\/sxflightcase.com\/fr\/wp-json\/wp\/v2\/types\/product"}],"replies":[{"embeddable":true,"href":"https:\/\/sxflightcase.com\/fr\/wp-json\/wp\/v2\/comments?post=4422"}],"version-history":[{"count":0,"href":"https:\/\/sxflightcase.com\/fr\/wp-json\/wp\/v2\/product\/4422\/revisions"}],"wp:featuredmedia":[{"embeddable":true,"href":"https:\/\/sxflightcase.com\/fr\/wp-json\/wp\/v2\/media\/4291"}],"wp:attachment":[{"href":"https:\/\/sxflightcase.com\/fr\/wp-json\/wp\/v2\/media?parent=4422"}],"wp:term":[{"taxonomy":"product_brand","embeddable":true,"href":"https:\/\/sxflightcase.com\/fr\/wp-json\/wp\/v2\/product_brand?post=4422"},{"taxonomy":"product_cat","embeddable":true,"href":"https:\/\/sxflightcase.com\/fr\/wp-json\/wp\/v2\/product_cat?post=4422"},{"taxonomy":"product_tag","embeddable":true,"href":"https:\/\/sxflightcase.com\/fr\/wp-json\/wp\/v2\/product_tag?post=4422"}],"curies":[{"name":"wp","href":"https:\/\/api.w.org\/{rel}","templated":true}]}}