{"id":4424,"date":"2024-09-14T07:16:40","date_gmt":"2024-09-14T06:16:40","guid":{"rendered":"https:\/\/sxpowercase.com\/?post_type=product&#038;p=4424"},"modified":"2024-09-14T07:16:54","modified_gmt":"2024-09-14T06:16:54","slug":"rack-mountable-flat-raf102","status":"publish","type":"product","link":"https:\/\/sxflightcase.com\/fr\/produit\/rackable-plat-raf102-2\/","title":{"rendered":"Montage en rack plat RAF102"},"content":{"rendered":"<h3>Rationalisez votre installation avec les panneaux plats montables en rack de SX<\/h3>\n<p>L'organisation de votre mat\u00e9riel audiovisuel ou informatique n'a jamais \u00e9t\u00e9 aussi simple avec <strong>SX<\/strong>'s <a href=\"https:\/\/sxpowercase.com\/product\/rack-mountable-flat-raf101\/\"><strong>Montable en rack Plat<\/strong><\/a> panneaux. Ces panneaux au design \u00e9pur\u00e9 permettent de conserver un espace de travail propre et accessible. Ils constituent la solution id\u00e9ale pour fixer l'\u00e9quipement de mani\u00e8re s\u00fbre et efficace, en veillant \u00e0 ce que votre mat\u00e9riel reste en place sans occuper d'espace inutile.<\/p>\n<h3>Construit pour la durabilit\u00e9 et la fiabilit\u00e9<\/h3>\n<p>Lorsqu'il s'agit de performances durables, <strong><a title=\"SX\" href=\"https:\/\/sxpowercase.com\/\" target=\"_blank\" rel=\"noopener\" data-wpil-monitor-id=\"760\">SX<\/a><\/strong> livre. Nos services <strong>Montable en rack Plat<\/strong> sont fabriqu\u00e9s \u00e0 partir de mat\u00e9riaux de haute qualit\u00e9, con\u00e7us pour supporter une utilisation quotidienne dans des environnements exigeants. Gr\u00e2ce \u00e0 leur structure robuste, ces panneaux offrent la r\u00e9sistance et le soutien n\u00e9cessaires \u00e0 un large \u00e9ventail d'installations professionnelles, des salles de serveurs aux studios d'enregistrement.<\/p>\n<h3>Des prix directs pour des solutions abordables<\/h3>\n<p>\u00c0 <strong>SX<\/strong>Nous sommes convaincus de la n\u00e9cessit\u00e9 de fournir des produits de premi\u00e8re qualit\u00e9 \u00e0 des prix comp\u00e9titifs. En offrant <strong>Montable en rack Plat<\/strong> Gr\u00e2ce \u00e0 nos panels directement issus de l'usine, nous nous assurons que nos clients b\u00e9n\u00e9ficient de la meilleure offre possible. Cette approche \u00e9conomique permet aux entreprises d'investir dans des \u00e9quipements de qualit\u00e9 sans d\u00e9passement de budget, ce qui leur permet d'\u00eatre plus comp\u00e9titives. <strong>SX<\/strong> le choix id\u00e9al pour les professionnels soucieux de leur budget.<\/p>\n<h3>Int\u00e9gration facile dans n'importe quel syst\u00e8me d'armoires<\/h3>\n<p>Con\u00e7u pour s'adapter aux supports standard, <strong>SX Rackable Flat<\/strong> sont incroyablement faciles \u00e0 installer. Ne n\u00e9cessitant aucune configuration compliqu\u00e9e, ces panneaux peuvent \u00eatre int\u00e9gr\u00e9s de mani\u00e8re transparente dans votre infrastructure existante. Leur conception plate permet non seulement d'\u00e9conomiser de l'espace, mais aussi d'am\u00e9liorer la gestion des c\u00e2bles, ce qui permet de garder votre installation organis\u00e9e et sans encombrement.<\/p>\n<h3>Approuv\u00e9 par les professionnels du secteur<\/h3>\n<p>Les professionnels du monde entier font confiance <strong>SX<\/strong> pour leurs besoins en \u00e9quipement. Nos services <strong>Montable en rack Plat<\/strong> sont connus pour leur durabilit\u00e9, leur prix abordable et leur facilit\u00e9 d'utilisation, ce qui en fait un choix populaire dans des secteurs tels que la radiodiffusion, l'informatique et la production d'\u00e9v\u00e9nements en direct. Quel que soit votre domaine, <strong>SX<\/strong> fournit des solutions fiables sur lesquelles vous pouvez compter.<\/p>\n<h3>Une qualit\u00e9 et une valeur sur lesquelles vous pouvez compter<\/h3>\n<p>Avec <strong>SX<\/strong>Gr\u00e2ce \u00e0 nos produits, vous obtenez plus qu'un simple produit, vous obtenez de la qualit\u00e9 et de la valeur. Nos <strong>Plats montables en rack<\/strong> offrent une durabilit\u00e9 \u00e0 long terme \u00e0 un prix abordable. Qu'il s'agisse d'\u00e9quiper un nouveau studio ou de moderniser votre syst\u00e8me actuel, <strong>SX<\/strong> fournit les solutions fiables et abordables dont vous avez besoin pour r\u00e9ussir.<\/p>\n<p>Choisir <strong>Plats montables en rack SX<\/strong> pour votre prochain projet et d\u00e9couvrez l'\u00e9quilibre parfait entre la qualit\u00e9, le prix et la performance.<\/p>\n<ol>\n<li>Contactez-nous maintenant :<span style=\"color: #0000ff;\"><a style=\"color: #0000ff;\" href=\"https:\/\/sxpowercase.com\/contact-us\/\">https:\/\/sxpowercase.com\/<\/a><\/span><\/li>\n<li>Catalogue de produits mat\u00e9riels :<span style=\"color: #0000ff;\"><a style=\"color: #0000ff;\" href=\"https:\/\/sxpowercase.com\/wp-content\/uploads\/2024\/07\/\u4e94\u91d1.pdf\">Catalogue d&#039;accessoires de quincaillerie<\/a><\/span><\/li>\n<\/ol>","protected":false},"excerpt":{"rendered":"<h3>Maximiser l'espace avec les panneaux plats montables en rack SX<\/h3>\n<p>Les panneaux plats montables en rack SX offrent une solution \u00e9l\u00e9gante et peu encombrante pour l'organisation de votre \u00e9quipement audiovisuel ou informatique, garantissant efficacit\u00e9 et facilit\u00e9 d'acc\u00e8s.<\/p>\n<h3>Durable et rentable<\/h3>\n<p>Fabriqu\u00e9s \u00e0 partir de mat\u00e9riaux de haute qualit\u00e9, ces panneaux sont durables. Les prix directs d'usine garantissent une qualit\u00e9 sup\u00e9rieure \u00e0 un co\u00fbt inf\u00e9rieur, ce qui fait de SX le choix le plus \u00e9conomique.<\/p>\n<h3>Installation facile pour tout type d'installation<\/h3>\n<p>Con\u00e7us pour les racks standard, les panneaux SX sont rapides \u00e0 installer et permettent de rationaliser la gestion des c\u00e2bles, am\u00e9liorant ainsi l'organisation de toute installation professionnelle ou domestique.<\/p>","protected":false},"featured_media":4296,"comment_status":"open","ping_status":"closed","template":"","meta":[],"product_brand":[],"product_cat":[66],"product_tag":[],"class_list":{"0":"post-4424","1":"product","2":"type-product","3":"status-publish","4":"has-post-thumbnail","6":"product_cat-rack-hardware","8":"first","9":"instock","10":"shipping-taxable","11":"product-type-simple"},"yoast_head":"<!-- This site is optimized with the Yoast SEO Premium plugin v27.1 (Yoast SEO v27.2) - https:\/\/yoast.com\/product\/yoast-seo-premium-wordpress\/ -->\n<title>Rack Mountable Flat RAF102 - https:\/\/sxflightcase.com \ud83d\udc97<\/title>\n<meta name=\"description\" content=\"Rack mountable flat, factory direct! Durable and high-quality flat panels for securely mounting equipment in racks. Perfect for professional setups, ensuring stability and efficient space use.\" \/>\n<meta name=\"robots\" content=\"index, follow, max-snippet:-1, max-image-preview:large, max-video-preview:-1\" \/>\n<link rel=\"canonical\" href=\"https:\/\/sxflightcase.com\/fr\/urun\/rafa-monte-edilebilir-duz-raf102-2\/\" \/>\n<meta property=\"og:locale\" content=\"fr_FR\" \/>\n<meta property=\"og:type\" content=\"article\" \/>\n<meta property=\"og:title\" content=\"Rack Mountable Flat RAF102\" \/>\n<meta property=\"og:description\" content=\"Rack mountable flat, factory direct! Durable and high-quality flat panels for securely mounting equipment in racks. Perfect for professional setups, ensuring stability and efficient space use.\" \/>\n<meta property=\"og:url\" content=\"https:\/\/sxflightcase.com\/fr\/urun\/rafa-monte-edilebilir-duz-raf102-2\/\" \/>\n<meta property=\"og:site_name\" content=\"https:\/\/sxflightcase.com\" \/>\n<meta property=\"article:publisher\" content=\"https:\/\/www.facebook.com\/profile.php?id=61560407257971\" \/>\n<meta property=\"article:modified_time\" content=\"2024-09-14T06:16:54+00:00\" \/>\n<meta property=\"og:image\" content=\"https:\/\/sxflightcase.com\/wp-content\/uploads\/2024\/09\/RAF102.jpg\" \/>\n\t<meta property=\"og:image:width\" content=\"700\" \/>\n\t<meta property=\"og:image:height\" content=\"700\" \/>\n\t<meta property=\"og:image:type\" content=\"image\/jpeg\" \/>\n<meta name=\"twitter:card\" content=\"summary_large_image\" \/>\n<meta name=\"twitter:label1\" content=\"Dur\u00e9e de lecture estim\u00e9e\" \/>\n\t<meta name=\"twitter:data1\" content=\"3 minutes\" \/>\n<script type=\"application\/ld+json\" class=\"yoast-schema-graph\">{\"@context\":\"https:\/\/schema.org\",\"@graph\":[{\"@type\":\"WebPage\",\"@id\":\"https:\/\/sxflightcase.com\/tr\/urun\/rafa-monte-edilebilir-duz-raf102-2\/\",\"url\":\"https:\/\/sxflightcase.com\/tr\/urun\/rafa-monte-edilebilir-duz-raf102-2\/\",\"name\":\"Rack Mountable Flat RAF102 - https:\/\/sxflightcase.com \ud83d\udc97\",\"isPartOf\":{\"@id\":\"https:\/\/sxflightcase.com\/th\/#website\"},\"primaryImageOfPage\":{\"@id\":\"https:\/\/sxflightcase.com\/tr\/urun\/rafa-monte-edilebilir-duz-raf102-2\/#primaryimage\"},\"image\":{\"@id\":\"https:\/\/sxflightcase.com\/tr\/urun\/rafa-monte-edilebilir-duz-raf102-2\/#primaryimage\"},\"thumbnailUrl\":\"https:\/\/sxflightcase.com\/wp-content\/uploads\/2024\/09\/RAF102.jpg\",\"datePublished\":\"2024-09-14T06:16:40+00:00\",\"dateModified\":\"2024-09-14T06:16:54+00:00\",\"description\":\"Rack mountable flat, factory direct! Durable and high-quality flat panels for securely mounting equipment in racks. Perfect for professional setups, ensuring stability and efficient space use.\",\"breadcrumb\":{\"@id\":\"https:\/\/sxflightcase.com\/tr\/urun\/rafa-monte-edilebilir-duz-raf102-2\/#breadcrumb\"},\"inLanguage\":\"fr-FR\",\"potentialAction\":[{\"@type\":\"ReadAction\",\"target\":[\"https:\/\/sxflightcase.com\/tr\/urun\/rafa-monte-edilebilir-duz-raf102-2\/\"]}]},{\"@type\":\"ImageObject\",\"inLanguage\":\"fr-FR\",\"@id\":\"https:\/\/sxflightcase.com\/tr\/urun\/rafa-monte-edilebilir-duz-raf102-2\/#primaryimage\",\"url\":\"https:\/\/sxflightcase.com\/wp-content\/uploads\/2024\/09\/RAF102.jpg\",\"contentUrl\":\"https:\/\/sxflightcase.com\/wp-content\/uploads\/2024\/09\/RAF102.jpg\",\"width\":700,\"height\":700,\"caption\":\"Rack Mountable Flat\"},{\"@type\":\"BreadcrumbList\",\"@id\":\"https:\/\/sxflightcase.com\/tr\/urun\/rafa-monte-edilebilir-duz-raf102-2\/#breadcrumb\",\"itemListElement\":[{\"@type\":\"ListItem\",\"position\":1,\"name\":\"Home\",\"item\":\"https:\/\/sxflightcase.com\/\"},{\"@type\":\"ListItem\",\"position\":2,\"name\":\"\u0e2a\u0e34\u0e19\u0e04\u0e49\u0e32\",\"item\":\"https:\/\/sxflightcase.com\/th\/shop\/\"},{\"@type\":\"ListItem\",\"position\":3,\"name\":\"Rack Mountable Flat RAF102\"}]},{\"@type\":\"WebSite\",\"@id\":\"https:\/\/sxflightcase.com\/th\/#website\",\"url\":\"https:\/\/sxflightcase.com\/th\/\",\"name\":\"sxpowercase.com\",\"description\":\"Flight Case Factory\",\"publisher\":{\"@id\":\"https:\/\/sxflightcase.com\/th\/#organization\"},\"potentialAction\":[{\"@type\":\"SearchAction\",\"target\":{\"@type\":\"EntryPoint\",\"urlTemplate\":\"https:\/\/sxflightcase.com\/th\/?s={search_term_string}\"},\"query-input\":{\"@type\":\"PropertyValueSpecification\",\"valueRequired\":true,\"valueName\":\"search_term_string\"}}],\"inLanguage\":\"fr-FR\"},{\"@type\":\"Organization\",\"@id\":\"https:\/\/sxflightcase.com\/th\/#organization\",\"name\":\"sxpowercase.com\",\"url\":\"https:\/\/sxflightcase.com\/th\/\",\"logo\":{\"@type\":\"ImageObject\",\"inLanguage\":\"fr-FR\",\"@id\":\"https:\/\/sxflightcase.com\/th\/#\/schema\/logo\/image\/\",\"url\":\"https:\/\/sxflightcase.com\/wp-content\/uploads\/2024\/04\/1713919036007.jpg\",\"contentUrl\":\"https:\/\/sxflightcase.com\/wp-content\/uploads\/2024\/04\/1713919036007.jpg\",\"width\":382,\"height\":388,\"caption\":\"sxpowercase.com\"},\"image\":{\"@id\":\"https:\/\/sxflightcase.com\/th\/#\/schema\/logo\/image\/\"},\"sameAs\":[\"https:\/\/www.facebook.com\/profile.php?id=61560407257971\"],\"numberOfEmployees\":{\"@type\":\"QuantitativeValue\",\"minValue\":\"11\",\"maxValue\":\"50\"}}]}<\/script>\n<!-- \/ Yoast SEO Premium plugin. -->","yoast_head_json":{"title":"Rack Mountable Flat RAF102 - https:\/\/sxflightcase.com \ud83d\udc97","description":"Panneaux plats montables en rack, direct usine ! Panneaux plats durables et de haute qualit\u00e9 pour une fixation s\u00fbre des \u00e9quipements dans les racks. Parfaits pour les installations professionnelles, ils garantissent la stabilit\u00e9 et une utilisation efficace de l'espace.","robots":{"index":"index","follow":"follow","max-snippet":"max-snippet:-1","max-image-preview":"max-image-preview:large","max-video-preview":"max-video-preview:-1"},"canonical":"https:\/\/sxflightcase.com\/fr\/urun\/rafa-monte-edilebilir-duz-raf102-2\/","og_locale":"fr_FR","og_type":"article","og_title":"Rack Mountable Flat RAF102","og_description":"Rack mountable flat, factory direct! Durable and high-quality flat panels for securely mounting equipment in racks. Perfect for professional setups, ensuring stability and efficient space use.","og_url":"https:\/\/sxflightcase.com\/fr\/urun\/rafa-monte-edilebilir-duz-raf102-2\/","og_site_name":"https:\/\/sxflightcase.com","article_publisher":"https:\/\/www.facebook.com\/profile.php?id=61560407257971","article_modified_time":"2024-09-14T06:16:54+00:00","og_image":[{"width":700,"height":700,"url":"https:\/\/sxflightcase.com\/wp-content\/uploads\/2024\/09\/RAF102.jpg","type":"image\/jpeg"}],"twitter_card":"summary_large_image","twitter_misc":{"Dur\u00e9e de lecture estim\u00e9e":"3 minutes"},"schema":{"@context":"https:\/\/schema.org","@graph":[{"@type":"WebPage","@id":"https:\/\/sxflightcase.com\/tr\/urun\/rafa-monte-edilebilir-duz-raf102-2\/","url":"https:\/\/sxflightcase.com\/tr\/urun\/rafa-monte-edilebilir-duz-raf102-2\/","name":"Rack Mountable Flat RAF102 - https:\/\/sxflightcase.com \ud83d\udc97","isPartOf":{"@id":"https:\/\/sxflightcase.com\/th\/#website"},"primaryImageOfPage":{"@id":"https:\/\/sxflightcase.com\/tr\/urun\/rafa-monte-edilebilir-duz-raf102-2\/#primaryimage"},"image":{"@id":"https:\/\/sxflightcase.com\/tr\/urun\/rafa-monte-edilebilir-duz-raf102-2\/#primaryimage"},"thumbnailUrl":"https:\/\/sxflightcase.com\/wp-content\/uploads\/2024\/09\/RAF102.jpg","datePublished":"2024-09-14T06:16:40+00:00","dateModified":"2024-09-14T06:16:54+00:00","description":"Panneaux plats montables en rack, direct usine ! Panneaux plats durables et de haute qualit\u00e9 pour une fixation s\u00fbre des \u00e9quipements dans les racks. Parfaits pour les installations professionnelles, ils garantissent la stabilit\u00e9 et une utilisation efficace de l'espace.","breadcrumb":{"@id":"https:\/\/sxflightcase.com\/tr\/urun\/rafa-monte-edilebilir-duz-raf102-2\/#breadcrumb"},"inLanguage":"fr-FR","potentialAction":[{"@type":"ReadAction","target":["https:\/\/sxflightcase.com\/tr\/urun\/rafa-monte-edilebilir-duz-raf102-2\/"]}]},{"@type":"ImageObject","inLanguage":"fr-FR","@id":"https:\/\/sxflightcase.com\/tr\/urun\/rafa-monte-edilebilir-duz-raf102-2\/#primaryimage","url":"https:\/\/sxflightcase.com\/wp-content\/uploads\/2024\/09\/RAF102.jpg","contentUrl":"https:\/\/sxflightcase.com\/wp-content\/uploads\/2024\/09\/RAF102.jpg","width":700,"height":700,"caption":"Rack Mountable Flat"},{"@type":"BreadcrumbList","@id":"https:\/\/sxflightcase.com\/tr\/urun\/rafa-monte-edilebilir-duz-raf102-2\/#breadcrumb","itemListElement":[{"@type":"ListItem","position":1,"name":"Home","item":"https:\/\/sxflightcase.com\/"},{"@type":"ListItem","position":2,"name":"\u0e2a\u0e34\u0e19\u0e04\u0e49\u0e32","item":"https:\/\/sxflightcase.com\/th\/shop\/"},{"@type":"ListItem","position":3,"name":"Rack Mountable Flat RAF102"}]},{"@type":"WebSite","@id":"https:\/\/sxflightcase.com\/th\/#website","url":"https:\/\/sxflightcase.com\/th\/","name":"sxpowercase.com","description":"Flight Case Factory","publisher":{"@id":"https:\/\/sxflightcase.com\/th\/#organization"},"potentialAction":[{"@type":"SearchAction","target":{"@type":"EntryPoint","urlTemplate":"https:\/\/sxflightcase.com\/th\/?s={search_term_string}"},"query-input":{"@type":"PropertyValueSpecification","valueRequired":true,"valueName":"search_term_string"}}],"inLanguage":"fr-FR"},{"@type":"Organization","@id":"https:\/\/sxflightcase.com\/th\/#organization","name":"sxpowercase.com","url":"https:\/\/sxflightcase.com\/th\/","logo":{"@type":"ImageObject","inLanguage":"fr-FR","@id":"https:\/\/sxflightcase.com\/th\/#\/schema\/logo\/image\/","url":"https:\/\/sxflightcase.com\/wp-content\/uploads\/2024\/04\/1713919036007.jpg","contentUrl":"https:\/\/sxflightcase.com\/wp-content\/uploads\/2024\/04\/1713919036007.jpg","width":382,"height":388,"caption":"sxpowercase.com"},"image":{"@id":"https:\/\/sxflightcase.com\/th\/#\/schema\/logo\/image\/"},"sameAs":["https:\/\/www.facebook.com\/profile.php?id=61560407257971"],"numberOfEmployees":{"@type":"QuantitativeValue","minValue":"11","maxValue":"50"}}]}},"_links":{"self":[{"href":"https:\/\/sxflightcase.com\/fr\/wp-json\/wp\/v2\/product\/4424","targetHints":{"allow":["GET"]}}],"collection":[{"href":"https:\/\/sxflightcase.com\/fr\/wp-json\/wp\/v2\/product"}],"about":[{"href":"https:\/\/sxflightcase.com\/fr\/wp-json\/wp\/v2\/types\/product"}],"replies":[{"embeddable":true,"href":"https:\/\/sxflightcase.com\/fr\/wp-json\/wp\/v2\/comments?post=4424"}],"version-history":[{"count":0,"href":"https:\/\/sxflightcase.com\/fr\/wp-json\/wp\/v2\/product\/4424\/revisions"}],"wp:featuredmedia":[{"embeddable":true,"href":"https:\/\/sxflightcase.com\/fr\/wp-json\/wp\/v2\/media\/4296"}],"wp:attachment":[{"href":"https:\/\/sxflightcase.com\/fr\/wp-json\/wp\/v2\/media?parent=4424"}],"wp:term":[{"taxonomy":"product_brand","embeddable":true,"href":"https:\/\/sxflightcase.com\/fr\/wp-json\/wp\/v2\/product_brand?post=4424"},{"taxonomy":"product_cat","embeddable":true,"href":"https:\/\/sxflightcase.com\/fr\/wp-json\/wp\/v2\/product_cat?post=4424"},{"taxonomy":"product_tag","embeddable":true,"href":"https:\/\/sxflightcase.com\/fr\/wp-json\/wp\/v2\/product_tag?post=4424"}],"curies":[{"name":"wp","href":"https:\/\/api.w.org\/{rel}","templated":true}]}}