{"id":4429,"date":"2024-09-18T07:14:45","date_gmt":"2024-09-18T06:14:45","guid":{"rendered":"https:\/\/sxpowercase.com\/?post_type=product&#038;p=4429"},"modified":"2024-09-18T07:14:46","modified_gmt":"2024-09-18T06:14:46","slug":"metal-rack-filler-panel-rab403","status":"publish","type":"product","link":"https:\/\/sxflightcase.com\/fr\/produit\/panneau-de-remplissage-de-rack-metallique-rab403\/","title":{"rendered":"Panneau de remplissage pour rack m\u00e9tallique RAB403"},"content":{"rendered":"<h3>Optimisez votre configuration de rack avec les panneaux de remplissage de rack en m\u00e9tal SX<\/h3>\n<p>Lors de la construction d'un syst\u00e8me de rack professionnel, il est essentiel de garder votre \u00e9quipement organis\u00e9 et prot\u00e9g\u00e9. Le syst\u00e8me <a href=\"https:\/\/sxpowercase.com\/product\/rack-mountable-flat-raf102\/\"><strong>Panneau de remplissage de rack m\u00e9tallique SX<\/strong><\/a> est une solution simple mais efficace pour combler les espaces inutilis\u00e9s dans votre rack. Ces panneaux assurent une meilleure circulation de l'air, emp\u00eachent l'accumulation de poussi\u00e8re et pr\u00e9servent l'aspect propre et professionnel de votre installation.<\/p>\n<h3>Construction durable et de haute qualit\u00e9<\/h3>\n<p>\u00c0 <strong><a href=\"https:\/\/sxpowercase.com\/\" target=\"_blank\" rel=\"noopener\" title=\"SX\" data-wpil-monitor-id=\"762\">SX<\/a><\/strong>Nous sommes conscients de la n\u00e9cessit\u00e9 d'avoir des produits durables. Nos <strong>Panneaux de remplissage de racks en m\u00e9tal<\/strong> sont fabriqu\u00e9s en m\u00e9tal de premi\u00e8re qualit\u00e9, offrant une durabilit\u00e9 et une fiabilit\u00e9 sup\u00e9rieures. Con\u00e7us pour r\u00e9sister \u00e0 une utilisation intensive, ces panneaux de remplissage offrent une excellente protection \u00e0 votre \u00e9quipement tout en conservant une conception robuste qui r\u00e9siste \u00e0 l'\u00e9preuve du temps.<\/p>\n<h3>Prix directs d'usine pour une valeur maximale<\/h3>\n<p>Choisir <strong>SX<\/strong> c'est obtenir des produits de qualit\u00e9 sup\u00e9rieure \u00e0 des prix abordables. Gr\u00e2ce \u00e0 la tarification directe, vous \u00e9conomisez sur vos achats. <strong>Panneau de remplissage pour rack en m\u00e9tal<\/strong> sans faire de compromis sur la qualit\u00e9. Ainsi, votre installation reste rentable tout en offrant la fiabilit\u00e9 et les performances que vous attendez d'un \u00e9quipement de qualit\u00e9 professionnelle.<\/p>\n<h3>Installation facile pour n'importe quel syst\u00e8me d'\u00e9tag\u00e8res<\/h3>\n<p>Con\u00e7u pour la commodit\u00e9, <strong>Panneaux de remplissage de racks m\u00e9talliques SX<\/strong> s'int\u00e8grent parfaitement dans les syst\u00e8mes de rack standard. Leur conception facile \u00e0 installer vous permet de les placer rapidement l\u00e0 o\u00f9 vous le souhaitez, en comblant les espaces vides de votre rack pour am\u00e9liorer \u00e0 la fois l'esth\u00e9tique et la fonctionnalit\u00e9. Les panneaux am\u00e9liorent la circulation de l'air, ce qui permet \u00e0 votre \u00e9quipement de rester au frais et de fonctionner efficacement.<\/p>\n<h3>Des professionnels du monde entier lui font confiance<\/h3>\n<p>Des professionnels de diff\u00e9rents secteurs, de l'informatique \u00e0 l'audiovisuel, font confiance \u00e0 <strong>SX<\/strong> pour leurs composants de rack. Les <strong>Panneau de remplissage pour rack en m\u00e9tal<\/strong> est un choix populaire en raison de sa combinaison de durabilit\u00e9, de fonctionnalit\u00e9 et de prix abordable. Que vous g\u00e9riez un centre de donn\u00e9es ou que vous construisiez un studio, <strong>SX<\/strong> fournit des solutions fiables qui assurent la s\u00e9curit\u00e9 et l'organisation de votre \u00e9quipement.<\/p>\n<h3>Une qualit\u00e9 sur laquelle vous pouvez compter<\/h3>\n<p>Avec <strong>SX<\/strong>vous pouvez vous attendre \u00e0 une qualit\u00e9 sup\u00e9rieure \u00e0 un prix imbattable. Nos produits <strong>Panneaux de remplissage de racks en m\u00e9tal<\/strong> sont construits pour durer, ce qui en fait un \u00e9l\u00e9ment essentiel de tout syst\u00e8me de rack professionnel. Choisissez <strong>SX<\/strong> pour vos besoins en mati\u00e8re de remplissage de racks et b\u00e9n\u00e9ficiez de produits con\u00e7us pour offrir d'excellentes performances sans vous ruiner.<\/p>\n<p>Obtenez votre <strong>Panneaux de remplissage de racks m\u00e9talliques SX<\/strong> d\u00e8s aujourd'hui et profitez d'une installation de rack rationalis\u00e9e et bien organis\u00e9e \u00e0 un prix adapt\u00e9 \u00e0 votre budget.<\/p>\n<ol>\n<li>Contactez-nous maintenant :<span style=\"color: #0000ff;\"><a style=\"color: #0000ff;\" href=\"https:\/\/sxpowercase.com\/contact-us\/\">https:\/\/sxpowercase.com\/<\/a><\/span><\/li>\n<li>Catalogue de produits mat\u00e9riels :<span style=\"color: #0000ff;\"><a style=\"color: #0000ff;\" href=\"https:\/\/sxpowercase.com\/wp-content\/uploads\/2024\/07\/\u4e94\u91d1.pdf\">Catalogue d&#039;accessoires de quincaillerie<\/a><\/span><\/li>\n<\/ol>","protected":false},"excerpt":{"rendered":"<div class=\"flex max-w-full flex-col flex-grow\">\n<div class=\"min-h-[20px] text-message flex w-full flex-col items-end gap-2 whitespace-normal break-words [.text-message+&amp;]:mt-5\" dir=\"auto\" data-message-author-role=\"assistant\" data-message-id=\"38208414-a302-4391-97c9-56384cd325e8\">\n<div class=\"flex w-full flex-col gap-1 empty:hidden first:pt-[3px]\">\n<div class=\"markdown prose w-full break-words dark:prose-invert light\">\n<h3>Organize Your Rack with SX Metal Rack Filler Panels<\/h3>\n<p>SX Metal Rack Filler Panels offer a sleek solution for filling unused rack spaces, improving airflow and maintaining a professional appearance.<\/p>\n<h3>Built for Durability<\/h3>\n<p>Made from premium-grade metal, these filler panels are designed to withstand heavy-duty use, ensuring long-lasting protection for your equipment.<\/p>\n<h3>Affordable Factory Direct Pricing<\/h3>\n<p>Get top-quality rack components at competitive prices with SX\u2019s factory-direct pricing, ensuring maximum value without sacrificing performance.<\/p>\n<\/div>\n<\/div>\n<\/div>\n<\/div>\n","protected":false},"featured_media":4292,"comment_status":"open","ping_status":"closed","template":"","meta":[],"product_brand":[],"product_cat":[66],"product_tag":[],"class_list":{"0":"post-4429","1":"product","2":"type-product","3":"status-publish","4":"has-post-thumbnail","6":"product_cat-rack-hardware","8":"first","9":"instock","10":"shipping-taxable","11":"product-type-simple"},"yoast_head":"<!-- This site is optimized with the Yoast SEO Premium plugin v27.1 (Yoast SEO v27.2) - https:\/\/yoast.com\/product\/yoast-seo-premium-wordpress\/ -->\n<title>Metal Rack Filler Panel RAB403 - https:\/\/sxflightcase.com \ud83d\udc97<\/title>\n<meta name=\"description\" content=\"Metal rack filler panel, factory direct! High-quality, durable panels designed to cover empty rack spaces for a clean, professional look. Ideal for improving airflow and organization in rack setups.\" \/>\n<meta name=\"robots\" content=\"index, follow, max-snippet:-1, max-image-preview:large, max-video-preview:-1\" \/>\n<link rel=\"canonical\" href=\"https:\/\/sxflightcase.com\/fr\/produit\/panneau-de-remplissage-de-rack-metallique-rab403\/\" \/>\n<meta property=\"og:locale\" content=\"fr_FR\" \/>\n<meta property=\"og:type\" content=\"article\" \/>\n<meta property=\"og:title\" content=\"Metal Rack Filler Panel RAB403\" \/>\n<meta property=\"og:description\" content=\"Metal rack filler panel, factory direct! High-quality, durable panels designed to cover empty rack spaces for a clean, professional look. Ideal for improving airflow and organization in rack setups.\" \/>\n<meta property=\"og:url\" content=\"https:\/\/sxflightcase.com\/fr\/produit\/panneau-de-remplissage-de-rack-metallique-rab403\/\" \/>\n<meta property=\"og:site_name\" content=\"https:\/\/sxflightcase.com\" \/>\n<meta property=\"article:publisher\" content=\"https:\/\/www.facebook.com\/profile.php?id=61560407257971\" \/>\n<meta property=\"article:modified_time\" content=\"2024-09-18T06:14:46+00:00\" \/>\n<meta property=\"og:image\" content=\"https:\/\/sxflightcase.com\/wp-content\/uploads\/2024\/09\/RAB403.jpg\" \/>\n\t<meta property=\"og:image:width\" content=\"700\" \/>\n\t<meta property=\"og:image:height\" content=\"700\" \/>\n\t<meta property=\"og:image:type\" content=\"image\/jpeg\" \/>\n<meta name=\"twitter:card\" content=\"summary_large_image\" \/>\n<meta name=\"twitter:label1\" content=\"Dur\u00e9e de lecture estim\u00e9e\" \/>\n\t<meta name=\"twitter:data1\" content=\"3 minutes\" \/>\n<script type=\"application\/ld+json\" class=\"yoast-schema-graph\">{\"@context\":\"https:\/\/schema.org\",\"@graph\":[{\"@type\":\"WebPage\",\"@id\":\"https:\/\/sxflightcase.com\/product\/metal-rack-filler-panel-rab403\/\",\"url\":\"https:\/\/sxflightcase.com\/product\/metal-rack-filler-panel-rab403\/\",\"name\":\"Metal Rack Filler Panel RAB403 - https:\/\/sxflightcase.com \ud83d\udc97\",\"isPartOf\":{\"@id\":\"https:\/\/sxflightcase.com\/th\/#website\"},\"primaryImageOfPage\":{\"@id\":\"https:\/\/sxflightcase.com\/product\/metal-rack-filler-panel-rab403\/#primaryimage\"},\"image\":{\"@id\":\"https:\/\/sxflightcase.com\/product\/metal-rack-filler-panel-rab403\/#primaryimage\"},\"thumbnailUrl\":\"https:\/\/sxflightcase.com\/wp-content\/uploads\/2024\/09\/RAB403.jpg\",\"datePublished\":\"2024-09-18T06:14:45+00:00\",\"dateModified\":\"2024-09-18T06:14:46+00:00\",\"description\":\"Metal rack filler panel, factory direct! High-quality, durable panels designed to cover empty rack spaces for a clean, professional look. Ideal for improving airflow and organization in rack setups.\",\"breadcrumb\":{\"@id\":\"https:\/\/sxflightcase.com\/product\/metal-rack-filler-panel-rab403\/#breadcrumb\"},\"inLanguage\":\"fr-FR\",\"potentialAction\":[{\"@type\":\"ReadAction\",\"target\":[\"https:\/\/sxflightcase.com\/product\/metal-rack-filler-panel-rab403\/\"]}]},{\"@type\":\"ImageObject\",\"inLanguage\":\"fr-FR\",\"@id\":\"https:\/\/sxflightcase.com\/product\/metal-rack-filler-panel-rab403\/#primaryimage\",\"url\":\"https:\/\/sxflightcase.com\/wp-content\/uploads\/2024\/09\/RAB403.jpg\",\"contentUrl\":\"https:\/\/sxflightcase.com\/wp-content\/uploads\/2024\/09\/RAB403.jpg\",\"width\":700,\"height\":700,\"caption\":\"Metal Rack Filler Panel\"},{\"@type\":\"BreadcrumbList\",\"@id\":\"https:\/\/sxflightcase.com\/product\/metal-rack-filler-panel-rab403\/#breadcrumb\",\"itemListElement\":[{\"@type\":\"ListItem\",\"position\":1,\"name\":\"Home\",\"item\":\"https:\/\/sxflightcase.com\/\"},{\"@type\":\"ListItem\",\"position\":2,\"name\":\"\u0e2a\u0e34\u0e19\u0e04\u0e49\u0e32\",\"item\":\"https:\/\/sxflightcase.com\/th\/shop\/\"},{\"@type\":\"ListItem\",\"position\":3,\"name\":\"Metal Rack Filler Panel RAB403\"}]},{\"@type\":\"WebSite\",\"@id\":\"https:\/\/sxflightcase.com\/th\/#website\",\"url\":\"https:\/\/sxflightcase.com\/th\/\",\"name\":\"sxpowercase.com\",\"description\":\"Flight Case Factory\",\"publisher\":{\"@id\":\"https:\/\/sxflightcase.com\/th\/#organization\"},\"potentialAction\":[{\"@type\":\"SearchAction\",\"target\":{\"@type\":\"EntryPoint\",\"urlTemplate\":\"https:\/\/sxflightcase.com\/th\/?s={search_term_string}\"},\"query-input\":{\"@type\":\"PropertyValueSpecification\",\"valueRequired\":true,\"valueName\":\"search_term_string\"}}],\"inLanguage\":\"fr-FR\"},{\"@type\":\"Organization\",\"@id\":\"https:\/\/sxflightcase.com\/th\/#organization\",\"name\":\"sxpowercase.com\",\"url\":\"https:\/\/sxflightcase.com\/th\/\",\"logo\":{\"@type\":\"ImageObject\",\"inLanguage\":\"fr-FR\",\"@id\":\"https:\/\/sxflightcase.com\/th\/#\/schema\/logo\/image\/\",\"url\":\"https:\/\/sxflightcase.com\/wp-content\/uploads\/2024\/04\/1713919036007.jpg\",\"contentUrl\":\"https:\/\/sxflightcase.com\/wp-content\/uploads\/2024\/04\/1713919036007.jpg\",\"width\":382,\"height\":388,\"caption\":\"sxpowercase.com\"},\"image\":{\"@id\":\"https:\/\/sxflightcase.com\/th\/#\/schema\/logo\/image\/\"},\"sameAs\":[\"https:\/\/www.facebook.com\/profile.php?id=61560407257971\"],\"numberOfEmployees\":{\"@type\":\"QuantitativeValue\",\"minValue\":\"11\",\"maxValue\":\"50\"}}]}<\/script>\n<!-- \/ Yoast SEO Premium plugin. -->","yoast_head_json":{"title":"Metal Rack Filler Panel RAB403 - https:\/\/sxflightcase.com \ud83d\udc97","description":"Panneau de remplissage de rack en m\u00e9tal, direct usine ! Panneaux de haute qualit\u00e9, durables, con\u00e7us pour couvrir les espaces vides des racks pour un aspect propre et professionnel. Id\u00e9al pour am\u00e9liorer la circulation de l'air et l'organisation dans les configurations de rack.","robots":{"index":"index","follow":"follow","max-snippet":"max-snippet:-1","max-image-preview":"max-image-preview:large","max-video-preview":"max-video-preview:-1"},"canonical":"https:\/\/sxflightcase.com\/fr\/produit\/panneau-de-remplissage-de-rack-metallique-rab403\/","og_locale":"fr_FR","og_type":"article","og_title":"Metal Rack Filler Panel RAB403","og_description":"Metal rack filler panel, factory direct! High-quality, durable panels designed to cover empty rack spaces for a clean, professional look. Ideal for improving airflow and organization in rack setups.","og_url":"https:\/\/sxflightcase.com\/fr\/produit\/panneau-de-remplissage-de-rack-metallique-rab403\/","og_site_name":"https:\/\/sxflightcase.com","article_publisher":"https:\/\/www.facebook.com\/profile.php?id=61560407257971","article_modified_time":"2024-09-18T06:14:46+00:00","og_image":[{"width":700,"height":700,"url":"https:\/\/sxflightcase.com\/wp-content\/uploads\/2024\/09\/RAB403.jpg","type":"image\/jpeg"}],"twitter_card":"summary_large_image","twitter_misc":{"Dur\u00e9e de lecture estim\u00e9e":"3 minutes"},"schema":{"@context":"https:\/\/schema.org","@graph":[{"@type":"WebPage","@id":"https:\/\/sxflightcase.com\/product\/metal-rack-filler-panel-rab403\/","url":"https:\/\/sxflightcase.com\/product\/metal-rack-filler-panel-rab403\/","name":"Metal Rack Filler Panel RAB403 - https:\/\/sxflightcase.com \ud83d\udc97","isPartOf":{"@id":"https:\/\/sxflightcase.com\/th\/#website"},"primaryImageOfPage":{"@id":"https:\/\/sxflightcase.com\/product\/metal-rack-filler-panel-rab403\/#primaryimage"},"image":{"@id":"https:\/\/sxflightcase.com\/product\/metal-rack-filler-panel-rab403\/#primaryimage"},"thumbnailUrl":"https:\/\/sxflightcase.com\/wp-content\/uploads\/2024\/09\/RAB403.jpg","datePublished":"2024-09-18T06:14:45+00:00","dateModified":"2024-09-18T06:14:46+00:00","description":"Panneau de remplissage de rack en m\u00e9tal, direct usine ! Panneaux de haute qualit\u00e9, durables, con\u00e7us pour couvrir les espaces vides des racks pour un aspect propre et professionnel. Id\u00e9al pour am\u00e9liorer la circulation de l'air et l'organisation dans les configurations de rack.","breadcrumb":{"@id":"https:\/\/sxflightcase.com\/product\/metal-rack-filler-panel-rab403\/#breadcrumb"},"inLanguage":"fr-FR","potentialAction":[{"@type":"ReadAction","target":["https:\/\/sxflightcase.com\/product\/metal-rack-filler-panel-rab403\/"]}]},{"@type":"ImageObject","inLanguage":"fr-FR","@id":"https:\/\/sxflightcase.com\/product\/metal-rack-filler-panel-rab403\/#primaryimage","url":"https:\/\/sxflightcase.com\/wp-content\/uploads\/2024\/09\/RAB403.jpg","contentUrl":"https:\/\/sxflightcase.com\/wp-content\/uploads\/2024\/09\/RAB403.jpg","width":700,"height":700,"caption":"Metal Rack Filler Panel"},{"@type":"BreadcrumbList","@id":"https:\/\/sxflightcase.com\/product\/metal-rack-filler-panel-rab403\/#breadcrumb","itemListElement":[{"@type":"ListItem","position":1,"name":"Home","item":"https:\/\/sxflightcase.com\/"},{"@type":"ListItem","position":2,"name":"\u0e2a\u0e34\u0e19\u0e04\u0e49\u0e32","item":"https:\/\/sxflightcase.com\/th\/shop\/"},{"@type":"ListItem","position":3,"name":"Metal Rack Filler Panel RAB403"}]},{"@type":"WebSite","@id":"https:\/\/sxflightcase.com\/th\/#website","url":"https:\/\/sxflightcase.com\/th\/","name":"sxpowercase.com","description":"Flight Case Factory","publisher":{"@id":"https:\/\/sxflightcase.com\/th\/#organization"},"potentialAction":[{"@type":"SearchAction","target":{"@type":"EntryPoint","urlTemplate":"https:\/\/sxflightcase.com\/th\/?s={search_term_string}"},"query-input":{"@type":"PropertyValueSpecification","valueRequired":true,"valueName":"search_term_string"}}],"inLanguage":"fr-FR"},{"@type":"Organization","@id":"https:\/\/sxflightcase.com\/th\/#organization","name":"sxpowercase.com","url":"https:\/\/sxflightcase.com\/th\/","logo":{"@type":"ImageObject","inLanguage":"fr-FR","@id":"https:\/\/sxflightcase.com\/th\/#\/schema\/logo\/image\/","url":"https:\/\/sxflightcase.com\/wp-content\/uploads\/2024\/04\/1713919036007.jpg","contentUrl":"https:\/\/sxflightcase.com\/wp-content\/uploads\/2024\/04\/1713919036007.jpg","width":382,"height":388,"caption":"sxpowercase.com"},"image":{"@id":"https:\/\/sxflightcase.com\/th\/#\/schema\/logo\/image\/"},"sameAs":["https:\/\/www.facebook.com\/profile.php?id=61560407257971"],"numberOfEmployees":{"@type":"QuantitativeValue","minValue":"11","maxValue":"50"}}]}},"_links":{"self":[{"href":"https:\/\/sxflightcase.com\/fr\/wp-json\/wp\/v2\/product\/4429","targetHints":{"allow":["GET"]}}],"collection":[{"href":"https:\/\/sxflightcase.com\/fr\/wp-json\/wp\/v2\/product"}],"about":[{"href":"https:\/\/sxflightcase.com\/fr\/wp-json\/wp\/v2\/types\/product"}],"replies":[{"embeddable":true,"href":"https:\/\/sxflightcase.com\/fr\/wp-json\/wp\/v2\/comments?post=4429"}],"version-history":[{"count":0,"href":"https:\/\/sxflightcase.com\/fr\/wp-json\/wp\/v2\/product\/4429\/revisions"}],"wp:featuredmedia":[{"embeddable":true,"href":"https:\/\/sxflightcase.com\/fr\/wp-json\/wp\/v2\/media\/4292"}],"wp:attachment":[{"href":"https:\/\/sxflightcase.com\/fr\/wp-json\/wp\/v2\/media?parent=4429"}],"wp:term":[{"taxonomy":"product_brand","embeddable":true,"href":"https:\/\/sxflightcase.com\/fr\/wp-json\/wp\/v2\/product_brand?post=4429"},{"taxonomy":"product_cat","embeddable":true,"href":"https:\/\/sxflightcase.com\/fr\/wp-json\/wp\/v2\/product_cat?post=4429"},{"taxonomy":"product_tag","embeddable":true,"href":"https:\/\/sxflightcase.com\/fr\/wp-json\/wp\/v2\/product_tag?post=4429"}],"curies":[{"name":"wp","href":"https:\/\/api.w.org\/{rel}","templated":true}]}}