{"id":4430,"date":"2024-09-18T07:17:34","date_gmt":"2024-09-18T06:17:34","guid":{"rendered":"https:\/\/sxpowercase.com\/?post_type=product&#038;p=4430"},"modified":"2024-09-18T07:17:35","modified_gmt":"2024-09-18T06:17:35","slug":"metal-rack-filler-panel-rac101","status":"publish","type":"product","link":"https:\/\/sxflightcase.com\/fr\/produit\/panneau-de-remplissage-de-rack-metallique-rac101\/","title":{"rendered":"Panneau de remplissage pour rack m\u00e9tallique RAC101"},"content":{"rendered":"<h3>Panneau de remplissage de rack en m\u00e9tal SX : La solution parfaite pour votre installation<\/h3>\n<p>Lorsqu'il s'agit de maintenir un syst\u00e8me de rayonnage propre et organis\u00e9, <strong>SX <span style=\"color: #0000ff;\"><a style=\"color: #0000ff;\" href=\"https:\/\/sxpowercase.com\/product\/metal-rack-filler-panel-rab403\/\">Panneau de remplissage pour rack en m\u00e9tal<\/a><\/span><\/strong> sont un compl\u00e9ment essentiel. Ils sont con\u00e7us pour couvrir les espaces vides de votre rack, offrant une protection et un aspect soign\u00e9 tout en am\u00e9liorant la circulation de l'air. Ces panneaux sont la solution id\u00e9ale pour assurer la s\u00e9curit\u00e9 de votre \u00e9quipement et l'ordre de votre espace de travail.<\/p>\n<h3>Haute qualit\u00e9 et longue dur\u00e9e de vie<\/h3>\n<p>\u00c0 <strong><a href=\"https:\/\/sxpowercase.com\/\" target=\"_blank\" rel=\"noopener\" title=\"SX\" data-wpil-monitor-id=\"763\">SX<\/a><\/strong>La qualit\u00e9 est notre priorit\u00e9. Nos services <strong>Panneau de remplissage pour rack en m\u00e9tal<\/strong>\u00a0sont fabriqu\u00e9es en m\u00e9tal durable de haute qualit\u00e9, ce qui garantit leur long\u00e9vit\u00e9. La construction solide prot\u00e8ge votre \u00e9quipement de la poussi\u00e8re et des dommages ext\u00e9rieurs, ce qui les rend id\u00e9aux pour tout syst\u00e8me de rack professionnel. En mettant l'accent sur la solidit\u00e9 et la fiabilit\u00e9, nos panneaux offrent des performances durables sur lesquelles vous pouvez compter.<\/p>\n<h3>Abordable en direct de l'usine<\/h3>\n<p>Avec <strong>SX<\/strong>Vous n'avez pas \u00e0 vous soucier des co\u00fbts \u00e9lev\u00e9s. Nos services <strong>Panneau de remplissage pour rack en m\u00e9tal<\/strong>\u00a0sont disponibles \u00e0 des prix d'usine, offrant un excellent rapport qualit\u00e9-prix sans sacrifier la qualit\u00e9. Cela signifie que vous pouvez am\u00e9liorer votre syst\u00e8me de rack sans d\u00e9penser trop, en gardant votre budget intact tout en obtenant des performances de premier ordre.<\/p>\n<h3>Installation simple pour n'importe quelle configuration de rack<\/h3>\n<p>Installation <strong>Panneaux de remplissage de racks m\u00e9talliques SX<\/strong> est rapide et sans souci. Ces panneaux sont con\u00e7us pour s'adapter \u00e0 la plupart des racks standard et peuvent \u00eatre facilement install\u00e9s en quelques minutes. Remplir les espaces inutilis\u00e9s n'am\u00e9liore pas seulement l'apparence de votre installation, mais augmente \u00e9galement la circulation de l'air, ce qui est essentiel pour la long\u00e9vit\u00e9 de votre \u00e9quipement.<\/p>\n<h3>Une qualit\u00e9 de confiance pour les professionnels<\/h3>\n<p>Des professionnels de diff\u00e9rents secteurs font confiance <strong>SX<\/strong> pour leurs besoins en rayonnages. Nos <strong>Panneaux de remplissage de racks en m\u00e9tal<\/strong> sont largement utilis\u00e9s dans les secteurs de l'informatique, de l'audio et de la radiodiffusion pour leur durabilit\u00e9 et leur facilit\u00e9 d'utilisation. Que vous g\u00e9riez une salle de serveurs ou un syst\u00e8me de divertissement, <strong>SX<\/strong> garantit l'organisation et l'efficacit\u00e9 de votre syst\u00e8me de rayonnage.<\/p>\n<h3>La fiabilit\u00e9 \u00e0 moindre co\u00fbt<\/h3>\n<p>\u00c0 <strong>SX<\/strong>Nous sommes convaincus de la n\u00e9cessit\u00e9 de fournir des produits de premi\u00e8re qualit\u00e9 \u00e0 des prix comp\u00e9titifs. Nos services <strong>Panneaux de remplissage de racks en m\u00e9tal<\/strong> sont construits pour durer, garantissant la protection et la fonctionnalit\u00e9 de votre syst\u00e8me d'\u00e9tag\u00e8res. Avec des prix directs d'usine et une forte concentration sur la qualit\u00e9, vous obtenez le meilleur des deux mondes : des produits fiables \u00e0 un co\u00fbt abordable.<\/p>\n<p>Commandez votre <strong>Panneaux de remplissage de racks m\u00e9talliques SX<\/strong> d\u00e8s aujourd'hui et faites le premier pas vers un syst\u00e8me de rayonnage organis\u00e9 et professionnel \u00e0 un prix raisonnable !<\/p>\n<ol>\n<li>Contactez-nous maintenant :<span style=\"color: #0000ff;\"><a style=\"color: #0000ff;\" href=\"https:\/\/sxpowercase.com\/contact-us\/\">https:\/\/sxpowercase.com\/<\/a><\/span><\/li>\n<li>Catalogue de produits mat\u00e9riels :<span style=\"color: #0000ff;\"><a style=\"color: #0000ff;\" href=\"https:\/\/sxpowercase.com\/wp-content\/uploads\/2024\/07\/\u4e94\u91d1.pdf\">Catalogue d&#039;accessoires de quincaillerie<\/a><\/span><\/li>\n<\/ol>","protected":false},"excerpt":{"rendered":"<div class=\"flex max-w-full flex-col flex-grow\">\n<div class=\"min-h-[20px] text-message flex w-full flex-col items-end gap-2 whitespace-normal break-words [.text-message+&amp;]:mt-5\" dir=\"auto\" data-message-author-role=\"assistant\" data-message-id=\"38208414-a302-4391-97c9-56384cd325e8\">\n<div class=\"flex w-full flex-col gap-1 empty:hidden first:pt-[3px]\">\n<div class=\"markdown prose w-full break-words dark:prose-invert light\">\n<h3>Organize Your Rack with SX Metal Rack Filler Panels<\/h3>\n<p>SX Metal Rack Filler Panels offer a sleek solution for filling unused rack spaces, improving airflow and maintaining a professional appearance.<\/p>\n<h3>Built for Durability<\/h3>\n<p>Made from premium-grade metal, these filler panels are designed to withstand heavy-duty use, ensuring long-lasting protection for your equipment.<\/p>\n<h3>Affordable Factory Direct Pricing<\/h3>\n<p>Get top-quality rack components at competitive prices with SX\u2019s factory-direct pricing, ensuring maximum value without sacrificing performance.<\/p>\n<\/div>\n<\/div>\n<\/div>\n<\/div>\n","protected":false},"featured_media":4293,"comment_status":"open","ping_status":"closed","template":"","meta":[],"product_brand":[],"product_cat":[66],"product_tag":[],"class_list":{"0":"post-4430","1":"product","2":"type-product","3":"status-publish","4":"has-post-thumbnail","6":"product_cat-rack-hardware","8":"first","9":"instock","10":"shipping-taxable","11":"product-type-simple"},"yoast_head":"<!-- This site is optimized with the Yoast SEO Premium plugin v27.1 (Yoast SEO v27.2) - https:\/\/yoast.com\/product\/yoast-seo-premium-wordpress\/ -->\n<title>Metal Rack Filler Panel RAC101 - https:\/\/sxflightcase.com \ud83d\udc97<\/title>\n<meta name=\"description\" content=\"Metal rack filler panel, factory direct! High-quality, durable panels designed to cover empty rack spaces for a clean, professional look. Ideal for improving airflow and organization in rack setups.\" \/>\n<meta name=\"robots\" content=\"index, follow, max-snippet:-1, max-image-preview:large, max-video-preview:-1\" \/>\n<link rel=\"canonical\" href=\"https:\/\/sxflightcase.com\/fr\/producto\/panel-metalico-de-relleno-de-estanterias-rac101\/\" \/>\n<meta property=\"og:locale\" content=\"fr_FR\" \/>\n<meta property=\"og:type\" content=\"article\" \/>\n<meta property=\"og:title\" content=\"Metal Rack Filler Panel RAC101\" \/>\n<meta property=\"og:description\" content=\"Metal rack filler panel, factory direct! High-quality, durable panels designed to cover empty rack spaces for a clean, professional look. Ideal for improving airflow and organization in rack setups.\" \/>\n<meta property=\"og:url\" content=\"https:\/\/sxflightcase.com\/fr\/producto\/panel-metalico-de-relleno-de-estanterias-rac101\/\" \/>\n<meta property=\"og:site_name\" content=\"https:\/\/sxflightcase.com\" \/>\n<meta property=\"article:publisher\" content=\"https:\/\/www.facebook.com\/profile.php?id=61560407257971\" \/>\n<meta property=\"article:modified_time\" content=\"2024-09-18T06:17:35+00:00\" \/>\n<meta property=\"og:image\" content=\"https:\/\/sxflightcase.com\/wp-content\/uploads\/2024\/09\/RAC101.jpg\" \/>\n\t<meta property=\"og:image:width\" content=\"700\" \/>\n\t<meta property=\"og:image:height\" content=\"700\" \/>\n\t<meta property=\"og:image:type\" content=\"image\/jpeg\" \/>\n<meta name=\"twitter:card\" content=\"summary_large_image\" \/>\n<meta name=\"twitter:label1\" content=\"Dur\u00e9e de lecture estim\u00e9e\" \/>\n\t<meta name=\"twitter:data1\" content=\"3 minutes\" \/>\n<script type=\"application\/ld+json\" class=\"yoast-schema-graph\">{\"@context\":\"https:\/\/schema.org\",\"@graph\":[{\"@type\":\"WebPage\",\"@id\":\"https:\/\/sxflightcase.com\/es\/producto\/panel-metalico-de-relleno-de-estanterias-rac101\/\",\"url\":\"https:\/\/sxflightcase.com\/es\/producto\/panel-metalico-de-relleno-de-estanterias-rac101\/\",\"name\":\"Metal Rack Filler Panel RAC101 - https:\/\/sxflightcase.com \ud83d\udc97\",\"isPartOf\":{\"@id\":\"https:\/\/sxflightcase.com\/th\/#website\"},\"primaryImageOfPage\":{\"@id\":\"https:\/\/sxflightcase.com\/es\/producto\/panel-metalico-de-relleno-de-estanterias-rac101\/#primaryimage\"},\"image\":{\"@id\":\"https:\/\/sxflightcase.com\/es\/producto\/panel-metalico-de-relleno-de-estanterias-rac101\/#primaryimage\"},\"thumbnailUrl\":\"https:\/\/sxflightcase.com\/wp-content\/uploads\/2024\/09\/RAC101.jpg\",\"datePublished\":\"2024-09-18T06:17:34+00:00\",\"dateModified\":\"2024-09-18T06:17:35+00:00\",\"description\":\"Metal rack filler panel, factory direct! High-quality, durable panels designed to cover empty rack spaces for a clean, professional look. Ideal for improving airflow and organization in rack setups.\",\"breadcrumb\":{\"@id\":\"https:\/\/sxflightcase.com\/es\/producto\/panel-metalico-de-relleno-de-estanterias-rac101\/#breadcrumb\"},\"inLanguage\":\"fr-FR\",\"potentialAction\":[{\"@type\":\"ReadAction\",\"target\":[\"https:\/\/sxflightcase.com\/es\/producto\/panel-metalico-de-relleno-de-estanterias-rac101\/\"]}]},{\"@type\":\"ImageObject\",\"inLanguage\":\"fr-FR\",\"@id\":\"https:\/\/sxflightcase.com\/es\/producto\/panel-metalico-de-relleno-de-estanterias-rac101\/#primaryimage\",\"url\":\"https:\/\/sxflightcase.com\/wp-content\/uploads\/2024\/09\/RAC101.jpg\",\"contentUrl\":\"https:\/\/sxflightcase.com\/wp-content\/uploads\/2024\/09\/RAC101.jpg\",\"width\":700,\"height\":700,\"caption\":\"Metal Rack Filler Panel\"},{\"@type\":\"BreadcrumbList\",\"@id\":\"https:\/\/sxflightcase.com\/es\/producto\/panel-metalico-de-relleno-de-estanterias-rac101\/#breadcrumb\",\"itemListElement\":[{\"@type\":\"ListItem\",\"position\":1,\"name\":\"Home\",\"item\":\"https:\/\/sxflightcase.com\/\"},{\"@type\":\"ListItem\",\"position\":2,\"name\":\"\u0e2a\u0e34\u0e19\u0e04\u0e49\u0e32\",\"item\":\"https:\/\/sxflightcase.com\/th\/shop\/\"},{\"@type\":\"ListItem\",\"position\":3,\"name\":\"Metal Rack Filler Panel RAC101\"}]},{\"@type\":\"WebSite\",\"@id\":\"https:\/\/sxflightcase.com\/th\/#website\",\"url\":\"https:\/\/sxflightcase.com\/th\/\",\"name\":\"sxpowercase.com\",\"description\":\"Flight Case Factory\",\"publisher\":{\"@id\":\"https:\/\/sxflightcase.com\/th\/#organization\"},\"potentialAction\":[{\"@type\":\"SearchAction\",\"target\":{\"@type\":\"EntryPoint\",\"urlTemplate\":\"https:\/\/sxflightcase.com\/th\/?s={search_term_string}\"},\"query-input\":{\"@type\":\"PropertyValueSpecification\",\"valueRequired\":true,\"valueName\":\"search_term_string\"}}],\"inLanguage\":\"fr-FR\"},{\"@type\":\"Organization\",\"@id\":\"https:\/\/sxflightcase.com\/th\/#organization\",\"name\":\"sxpowercase.com\",\"url\":\"https:\/\/sxflightcase.com\/th\/\",\"logo\":{\"@type\":\"ImageObject\",\"inLanguage\":\"fr-FR\",\"@id\":\"https:\/\/sxflightcase.com\/th\/#\/schema\/logo\/image\/\",\"url\":\"https:\/\/sxflightcase.com\/wp-content\/uploads\/2024\/04\/1713919036007.jpg\",\"contentUrl\":\"https:\/\/sxflightcase.com\/wp-content\/uploads\/2024\/04\/1713919036007.jpg\",\"width\":382,\"height\":388,\"caption\":\"sxpowercase.com\"},\"image\":{\"@id\":\"https:\/\/sxflightcase.com\/th\/#\/schema\/logo\/image\/\"},\"sameAs\":[\"https:\/\/www.facebook.com\/profile.php?id=61560407257971\"],\"numberOfEmployees\":{\"@type\":\"QuantitativeValue\",\"minValue\":\"11\",\"maxValue\":\"50\"}}]}<\/script>\n<!-- \/ Yoast SEO Premium plugin. -->","yoast_head_json":{"title":"Metal Rack Filler Panel RAC101 - https:\/\/sxflightcase.com \ud83d\udc97","description":"Panneau de remplissage de rack en m\u00e9tal, direct usine ! Panneaux de haute qualit\u00e9, durables, con\u00e7us pour couvrir les espaces vides des racks pour un aspect propre et professionnel. Id\u00e9al pour am\u00e9liorer la circulation de l'air et l'organisation dans les configurations de rack.","robots":{"index":"index","follow":"follow","max-snippet":"max-snippet:-1","max-image-preview":"max-image-preview:large","max-video-preview":"max-video-preview:-1"},"canonical":"https:\/\/sxflightcase.com\/fr\/producto\/panel-metalico-de-relleno-de-estanterias-rac101\/","og_locale":"fr_FR","og_type":"article","og_title":"Metal Rack Filler Panel RAC101","og_description":"Metal rack filler panel, factory direct! High-quality, durable panels designed to cover empty rack spaces for a clean, professional look. Ideal for improving airflow and organization in rack setups.","og_url":"https:\/\/sxflightcase.com\/fr\/producto\/panel-metalico-de-relleno-de-estanterias-rac101\/","og_site_name":"https:\/\/sxflightcase.com","article_publisher":"https:\/\/www.facebook.com\/profile.php?id=61560407257971","article_modified_time":"2024-09-18T06:17:35+00:00","og_image":[{"width":700,"height":700,"url":"https:\/\/sxflightcase.com\/wp-content\/uploads\/2024\/09\/RAC101.jpg","type":"image\/jpeg"}],"twitter_card":"summary_large_image","twitter_misc":{"Dur\u00e9e de lecture estim\u00e9e":"3 minutes"},"schema":{"@context":"https:\/\/schema.org","@graph":[{"@type":"WebPage","@id":"https:\/\/sxflightcase.com\/es\/producto\/panel-metalico-de-relleno-de-estanterias-rac101\/","url":"https:\/\/sxflightcase.com\/es\/producto\/panel-metalico-de-relleno-de-estanterias-rac101\/","name":"Metal Rack Filler Panel RAC101 - https:\/\/sxflightcase.com \ud83d\udc97","isPartOf":{"@id":"https:\/\/sxflightcase.com\/th\/#website"},"primaryImageOfPage":{"@id":"https:\/\/sxflightcase.com\/es\/producto\/panel-metalico-de-relleno-de-estanterias-rac101\/#primaryimage"},"image":{"@id":"https:\/\/sxflightcase.com\/es\/producto\/panel-metalico-de-relleno-de-estanterias-rac101\/#primaryimage"},"thumbnailUrl":"https:\/\/sxflightcase.com\/wp-content\/uploads\/2024\/09\/RAC101.jpg","datePublished":"2024-09-18T06:17:34+00:00","dateModified":"2024-09-18T06:17:35+00:00","description":"Panneau de remplissage de rack en m\u00e9tal, direct usine ! Panneaux de haute qualit\u00e9, durables, con\u00e7us pour couvrir les espaces vides des racks pour un aspect propre et professionnel. Id\u00e9al pour am\u00e9liorer la circulation de l'air et l'organisation dans les configurations de rack.","breadcrumb":{"@id":"https:\/\/sxflightcase.com\/es\/producto\/panel-metalico-de-relleno-de-estanterias-rac101\/#breadcrumb"},"inLanguage":"fr-FR","potentialAction":[{"@type":"ReadAction","target":["https:\/\/sxflightcase.com\/es\/producto\/panel-metalico-de-relleno-de-estanterias-rac101\/"]}]},{"@type":"ImageObject","inLanguage":"fr-FR","@id":"https:\/\/sxflightcase.com\/es\/producto\/panel-metalico-de-relleno-de-estanterias-rac101\/#primaryimage","url":"https:\/\/sxflightcase.com\/wp-content\/uploads\/2024\/09\/RAC101.jpg","contentUrl":"https:\/\/sxflightcase.com\/wp-content\/uploads\/2024\/09\/RAC101.jpg","width":700,"height":700,"caption":"Metal Rack Filler Panel"},{"@type":"BreadcrumbList","@id":"https:\/\/sxflightcase.com\/es\/producto\/panel-metalico-de-relleno-de-estanterias-rac101\/#breadcrumb","itemListElement":[{"@type":"ListItem","position":1,"name":"Home","item":"https:\/\/sxflightcase.com\/"},{"@type":"ListItem","position":2,"name":"\u0e2a\u0e34\u0e19\u0e04\u0e49\u0e32","item":"https:\/\/sxflightcase.com\/th\/shop\/"},{"@type":"ListItem","position":3,"name":"Metal Rack Filler Panel RAC101"}]},{"@type":"WebSite","@id":"https:\/\/sxflightcase.com\/th\/#website","url":"https:\/\/sxflightcase.com\/th\/","name":"sxpowercase.com","description":"Flight Case Factory","publisher":{"@id":"https:\/\/sxflightcase.com\/th\/#organization"},"potentialAction":[{"@type":"SearchAction","target":{"@type":"EntryPoint","urlTemplate":"https:\/\/sxflightcase.com\/th\/?s={search_term_string}"},"query-input":{"@type":"PropertyValueSpecification","valueRequired":true,"valueName":"search_term_string"}}],"inLanguage":"fr-FR"},{"@type":"Organization","@id":"https:\/\/sxflightcase.com\/th\/#organization","name":"sxpowercase.com","url":"https:\/\/sxflightcase.com\/th\/","logo":{"@type":"ImageObject","inLanguage":"fr-FR","@id":"https:\/\/sxflightcase.com\/th\/#\/schema\/logo\/image\/","url":"https:\/\/sxflightcase.com\/wp-content\/uploads\/2024\/04\/1713919036007.jpg","contentUrl":"https:\/\/sxflightcase.com\/wp-content\/uploads\/2024\/04\/1713919036007.jpg","width":382,"height":388,"caption":"sxpowercase.com"},"image":{"@id":"https:\/\/sxflightcase.com\/th\/#\/schema\/logo\/image\/"},"sameAs":["https:\/\/www.facebook.com\/profile.php?id=61560407257971"],"numberOfEmployees":{"@type":"QuantitativeValue","minValue":"11","maxValue":"50"}}]}},"_links":{"self":[{"href":"https:\/\/sxflightcase.com\/fr\/wp-json\/wp\/v2\/product\/4430","targetHints":{"allow":["GET"]}}],"collection":[{"href":"https:\/\/sxflightcase.com\/fr\/wp-json\/wp\/v2\/product"}],"about":[{"href":"https:\/\/sxflightcase.com\/fr\/wp-json\/wp\/v2\/types\/product"}],"replies":[{"embeddable":true,"href":"https:\/\/sxflightcase.com\/fr\/wp-json\/wp\/v2\/comments?post=4430"}],"version-history":[{"count":0,"href":"https:\/\/sxflightcase.com\/fr\/wp-json\/wp\/v2\/product\/4430\/revisions"}],"wp:featuredmedia":[{"embeddable":true,"href":"https:\/\/sxflightcase.com\/fr\/wp-json\/wp\/v2\/media\/4293"}],"wp:attachment":[{"href":"https:\/\/sxflightcase.com\/fr\/wp-json\/wp\/v2\/media?parent=4430"}],"wp:term":[{"taxonomy":"product_brand","embeddable":true,"href":"https:\/\/sxflightcase.com\/fr\/wp-json\/wp\/v2\/product_brand?post=4430"},{"taxonomy":"product_cat","embeddable":true,"href":"https:\/\/sxflightcase.com\/fr\/wp-json\/wp\/v2\/product_cat?post=4430"},{"taxonomy":"product_tag","embeddable":true,"href":"https:\/\/sxflightcase.com\/fr\/wp-json\/wp\/v2\/product_tag?post=4430"}],"curies":[{"name":"wp","href":"https:\/\/api.w.org\/{rel}","templated":true}]}}