{"id":4431,"date":"2024-09-18T07:22:10","date_gmt":"2024-09-18T06:22:10","guid":{"rendered":"https:\/\/sxpowercase.com\/?post_type=product&#038;p=4431"},"modified":"2024-09-18T07:22:11","modified_gmt":"2024-09-18T06:22:11","slug":"rack-panels-rae102","status":"publish","type":"product","link":"https:\/\/sxflightcase.com\/fr\/produit\/panneaux-de-rack-rae102-2\/","title":{"rendered":"Panneaux de rack RAE102"},"content":{"rendered":"<h3>Panneaux de rack SX : Am\u00e9liorez votre syst\u00e8me de rack avec la qualit\u00e9 et l'abordabilit\u00e9<\/h3>\n<p>Si vous \u00eates \u00e0 la recherche d'un moyen fiable d'am\u00e9liorer votre syst\u00e8me d'\u00e9tag\u00e8res, <strong>SX <span style=\"color: #0000ff;\"><a style=\"color: #0000ff;\" href=\"https:\/\/sxpowercase.com\/product\/metal-rack-filler-panel-rac101\/\">Panneaux de rack<\/a><\/span><\/strong> sont la solution id\u00e9ale. Ces panneaux sont con\u00e7us pour couvrir les espaces inutilis\u00e9s de votre rack, ce qui donne \u00e0 votre installation un aspect plus propre et mieux organis\u00e9. A <strong>SX<\/strong>Nous veillons \u00e0 ce que nos panneaux de rack soient fabriqu\u00e9s avec des mat\u00e9riaux de haute qualit\u00e9 afin d'assurer une protection et une durabilit\u00e9 durables.<\/p>\n<h3>Des prix directs pour une valeur maximale<\/h3>\n<p>Avec <strong><a href=\"https:\/\/sxpowercase.com\/\" target=\"_blank\" rel=\"noopener\" title=\"SX\" data-wpil-monitor-id=\"764\">SX<\/a><\/strong>vous pouvez profiter d'une <strong>panneau de rack<\/strong>\u00a0\u00e0 bas prix. En proposant des ventes directes, nous \u00e9liminons les interm\u00e9diaires et vous faisons b\u00e9n\u00e9ficier des \u00e9conomies r\u00e9alis\u00e9es. Cela signifie que vous obtenez des <strong>panneau de rack<\/strong>\u00a0sans les co\u00fbts excessifs g\u00e9n\u00e9ralement observ\u00e9s sur le march\u00e9. Il s'agit d'un investissement intelligent en termes de qualit\u00e9 et de prix.<\/p>\n<h3>Installation facile pour un aspect professionnel<\/h3>\n<p>Notre <strong>Panneau SX Rack<\/strong>\u00a0sont con\u00e7us pour s'int\u00e9grer parfaitement dans n'importe quel syst\u00e8me de rack standard. L'installation est rapide et facile, ce qui vous permet d'am\u00e9liorer instantan\u00e9ment l'aspect et la fonctionnalit\u00e9 de votre installation. Qu'il s'agisse de syst\u00e8mes audio, de serveurs ou de syst\u00e8mes informatiques, ces panneaux contribuent \u00e0 cr\u00e9er une apparence professionnelle tout en am\u00e9liorant la circulation de l'air et la protection de l'\u00e9quipement.<\/p>\n<h3>Des mat\u00e9riaux durables pour des performances durables<\/h3>\n<p>Fabriqu\u00e9 en m\u00e9tal durable et de haute qualit\u00e9, <strong>Panneau SX Rack<\/strong>\u00a0sont con\u00e7us pour r\u00e9sister \u00e0 des ann\u00e9es d'utilisation. Ils prot\u00e8gent votre \u00e9quipement de la poussi\u00e8re et des dommages physiques tout en maintenant une circulation d'air optimale dans votre rack. En investissant dans ces panneaux, vous vous assurez que votre \u00e9quipement reste s\u00e9curis\u00e9 et fonctionne efficacement au fil du temps.<\/p>\n<h3>Une qualit\u00e9 \u00e9lev\u00e9e \u00e0 un prix bas<\/h3>\n<p>\u00c0 <strong>SX<\/strong>Nous sommes fiers d'offrir \u00e0 la fois la qualit\u00e9 et le prix. Nos services <strong>panneau de rack<\/strong>\u00a0sont con\u00e7us pour r\u00e9pondre \u00e0 des normes professionnelles tout en restant \u00e9conomiques. Que vous \u00e9quipiez un petit syst\u00e8me ou que vous g\u00e9riez une installation \u00e0 grande \u00e9chelle, vous pouvez compter sur <strong>SX<\/strong> pour vous fournir la meilleure solution.<\/p>\n<h3>Conclusion<\/h3>\n<p>Avec <strong>Panneaux de rack SX<\/strong>Avec les panneaux de protection de la s\u00e9rie A, vous obtenez des panneaux durables et de haute qualit\u00e9 \u00e0 des prix d'usine, ce qui en fait un excellent choix pour tout syst\u00e8me d'\u00e9tag\u00e8res professionnel. Commandez maintenant et profitez des avantages d'une protection de qualit\u00e9 pour votre \u00e9quipement de valeur \u00e0 un prix adapt\u00e9 \u00e0 votre budget !<\/p>\n<ol>\n<li>Contactez-nous maintenant :<span style=\"color: #0000ff;\"><a style=\"color: #0000ff;\" href=\"https:\/\/sxpowercase.com\/contact-us\/\">https:\/\/sxpowercase.com\/<\/a><\/span><\/li>\n<li>Catalogue de produits mat\u00e9riels :<span style=\"color: #0000ff;\"><a style=\"color: #0000ff;\" href=\"https:\/\/sxpowercase.com\/wp-content\/uploads\/2024\/07\/\u4e94\u91d1.pdf\">Catalogue d&#039;accessoires de quincaillerie<\/a><\/span><\/li>\n<\/ol>","protected":false},"excerpt":{"rendered":"<h3>Organisez votre rack avec les panneaux SX Rack<\/h3>\n<p>Les panneaux de rack SX offrent un aspect propre et professionnel \u00e0 votre syst\u00e8me tout en prot\u00e9geant votre \u00e9quipement et en optimisant la circulation de l'air.<\/p>\n<h3>Des prix directs pour une valeur optimale<\/h3>\n<p>Profitez d'une qualit\u00e9 sup\u00e9rieure \u00e0 des prix imbattables gr\u00e2ce aux ventes directes de SX, qui offrent des panneaux de haute qualit\u00e9 sans co\u00fbts excessifs.<\/p>\n<h3>Durable et facile \u00e0 installer<\/h3>\n<p>Fabriqu\u00e9s en m\u00e9tal durable, les panneaux SX Rack sont con\u00e7us pour une installation facile dans les racks standard, garantissant une protection fiable et une meilleure performance du syst\u00e8me.<\/p>","protected":false},"featured_media":4294,"comment_status":"open","ping_status":"closed","template":"","meta":[],"product_brand":[],"product_cat":[66],"product_tag":[],"class_list":{"0":"post-4431","1":"product","2":"type-product","3":"status-publish","4":"has-post-thumbnail","6":"product_cat-rack-hardware","8":"first","9":"instock","10":"shipping-taxable","11":"product-type-simple"},"yoast_head":"<!-- This site is optimized with the Yoast SEO Premium plugin v27.1 (Yoast SEO v27.2) - https:\/\/yoast.com\/product\/yoast-seo-premium-wordpress\/ -->\n<title>Rack Panels RAE102 - https:\/\/sxflightcase.com \ud83d\udc97<\/title>\n<meta name=\"description\" content=\"SX Rack Panels offer high-quality, affordable solutions for covering unused rack spaces. Easy to install and factory-direct priced for maximum value.\" \/>\n<meta name=\"robots\" content=\"index, follow, max-snippet:-1, max-image-preview:large, max-video-preview:-1\" \/>\n<link rel=\"canonical\" href=\"https:\/\/sxflightcase.com\/fr\/produit\/panneaux-de-rack-rae102-2\/\" \/>\n<meta property=\"og:locale\" content=\"fr_FR\" \/>\n<meta property=\"og:type\" content=\"article\" \/>\n<meta property=\"og:title\" content=\"Rack Panels RAE102\" \/>\n<meta property=\"og:description\" content=\"SX Rack Panels offer high-quality, affordable solutions for covering unused rack spaces. Easy to install and factory-direct priced for maximum value.\" \/>\n<meta property=\"og:url\" content=\"https:\/\/sxflightcase.com\/fr\/produit\/panneaux-de-rack-rae102-2\/\" \/>\n<meta property=\"og:site_name\" content=\"https:\/\/sxflightcase.com\" \/>\n<meta property=\"article:publisher\" content=\"https:\/\/www.facebook.com\/profile.php?id=61560407257971\" \/>\n<meta property=\"article:modified_time\" content=\"2024-09-18T06:22:11+00:00\" \/>\n<meta property=\"og:image\" content=\"https:\/\/sxflightcase.com\/wp-content\/uploads\/2024\/09\/RAE102.jpg\" \/>\n\t<meta property=\"og:image:width\" content=\"700\" \/>\n\t<meta property=\"og:image:height\" content=\"700\" \/>\n\t<meta property=\"og:image:type\" content=\"image\/jpeg\" \/>\n<meta name=\"twitter:card\" content=\"summary_large_image\" \/>\n<meta name=\"twitter:label1\" content=\"Dur\u00e9e de lecture estim\u00e9e\" \/>\n\t<meta name=\"twitter:data1\" content=\"3 minutes\" \/>\n<script type=\"application\/ld+json\" class=\"yoast-schema-graph\">{\"@context\":\"https:\/\/schema.org\",\"@graph\":[{\"@type\":\"WebPage\",\"@id\":\"https:\/\/sxflightcase.com\/product\/rack-panels-rae102\/\",\"url\":\"https:\/\/sxflightcase.com\/product\/rack-panels-rae102\/\",\"name\":\"Rack Panels RAE102 - https:\/\/sxflightcase.com \ud83d\udc97\",\"isPartOf\":{\"@id\":\"https:\/\/sxflightcase.com\/th\/#website\"},\"primaryImageOfPage\":{\"@id\":\"https:\/\/sxflightcase.com\/product\/rack-panels-rae102\/#primaryimage\"},\"image\":{\"@id\":\"https:\/\/sxflightcase.com\/product\/rack-panels-rae102\/#primaryimage\"},\"thumbnailUrl\":\"https:\/\/sxflightcase.com\/wp-content\/uploads\/2024\/09\/RAE102.jpg\",\"datePublished\":\"2024-09-18T06:22:10+00:00\",\"dateModified\":\"2024-09-18T06:22:11+00:00\",\"description\":\"SX Rack Panels offer high-quality, affordable solutions for covering unused rack spaces. Easy to install and factory-direct priced for maximum value.\",\"breadcrumb\":{\"@id\":\"https:\/\/sxflightcase.com\/product\/rack-panels-rae102\/#breadcrumb\"},\"inLanguage\":\"fr-FR\",\"potentialAction\":[{\"@type\":\"ReadAction\",\"target\":[\"https:\/\/sxflightcase.com\/product\/rack-panels-rae102\/\"]}]},{\"@type\":\"ImageObject\",\"inLanguage\":\"fr-FR\",\"@id\":\"https:\/\/sxflightcase.com\/product\/rack-panels-rae102\/#primaryimage\",\"url\":\"https:\/\/sxflightcase.com\/wp-content\/uploads\/2024\/09\/RAE102.jpg\",\"contentUrl\":\"https:\/\/sxflightcase.com\/wp-content\/uploads\/2024\/09\/RAE102.jpg\",\"width\":700,\"height\":700,\"caption\":\"Rack Panels\"},{\"@type\":\"BreadcrumbList\",\"@id\":\"https:\/\/sxflightcase.com\/product\/rack-panels-rae102\/#breadcrumb\",\"itemListElement\":[{\"@type\":\"ListItem\",\"position\":1,\"name\":\"Home\",\"item\":\"https:\/\/sxflightcase.com\/\"},{\"@type\":\"ListItem\",\"position\":2,\"name\":\"\u0e2a\u0e34\u0e19\u0e04\u0e49\u0e32\",\"item\":\"https:\/\/sxflightcase.com\/th\/shop\/\"},{\"@type\":\"ListItem\",\"position\":3,\"name\":\"Rack Panels RAE102\"}]},{\"@type\":\"WebSite\",\"@id\":\"https:\/\/sxflightcase.com\/th\/#website\",\"url\":\"https:\/\/sxflightcase.com\/th\/\",\"name\":\"sxpowercase.com\",\"description\":\"Flight Case Factory\",\"publisher\":{\"@id\":\"https:\/\/sxflightcase.com\/th\/#organization\"},\"potentialAction\":[{\"@type\":\"SearchAction\",\"target\":{\"@type\":\"EntryPoint\",\"urlTemplate\":\"https:\/\/sxflightcase.com\/th\/?s={search_term_string}\"},\"query-input\":{\"@type\":\"PropertyValueSpecification\",\"valueRequired\":true,\"valueName\":\"search_term_string\"}}],\"inLanguage\":\"fr-FR\"},{\"@type\":\"Organization\",\"@id\":\"https:\/\/sxflightcase.com\/th\/#organization\",\"name\":\"sxpowercase.com\",\"url\":\"https:\/\/sxflightcase.com\/th\/\",\"logo\":{\"@type\":\"ImageObject\",\"inLanguage\":\"fr-FR\",\"@id\":\"https:\/\/sxflightcase.com\/th\/#\/schema\/logo\/image\/\",\"url\":\"https:\/\/sxflightcase.com\/wp-content\/uploads\/2024\/04\/1713919036007.jpg\",\"contentUrl\":\"https:\/\/sxflightcase.com\/wp-content\/uploads\/2024\/04\/1713919036007.jpg\",\"width\":382,\"height\":388,\"caption\":\"sxpowercase.com\"},\"image\":{\"@id\":\"https:\/\/sxflightcase.com\/th\/#\/schema\/logo\/image\/\"},\"sameAs\":[\"https:\/\/www.facebook.com\/profile.php?id=61560407257971\"],\"numberOfEmployees\":{\"@type\":\"QuantitativeValue\",\"minValue\":\"11\",\"maxValue\":\"50\"}}]}<\/script>\n<!-- \/ Yoast SEO Premium plugin. -->","yoast_head_json":{"title":"Rack Panels RAE102 - https:\/\/sxflightcase.com \ud83d\udc97","description":"Les panneaux de rack SX offrent des solutions de haute qualit\u00e9 et abordables pour couvrir les espaces de rack inutilis\u00e9s. Ils sont faciles \u00e0 installer et leur prix est fix\u00e9 en usine pour une valeur maximale.","robots":{"index":"index","follow":"follow","max-snippet":"max-snippet:-1","max-image-preview":"max-image-preview:large","max-video-preview":"max-video-preview:-1"},"canonical":"https:\/\/sxflightcase.com\/fr\/produit\/panneaux-de-rack-rae102-2\/","og_locale":"fr_FR","og_type":"article","og_title":"Rack Panels RAE102","og_description":"SX Rack Panels offer high-quality, affordable solutions for covering unused rack spaces. Easy to install and factory-direct priced for maximum value.","og_url":"https:\/\/sxflightcase.com\/fr\/produit\/panneaux-de-rack-rae102-2\/","og_site_name":"https:\/\/sxflightcase.com","article_publisher":"https:\/\/www.facebook.com\/profile.php?id=61560407257971","article_modified_time":"2024-09-18T06:22:11+00:00","og_image":[{"width":700,"height":700,"url":"https:\/\/sxflightcase.com\/wp-content\/uploads\/2024\/09\/RAE102.jpg","type":"image\/jpeg"}],"twitter_card":"summary_large_image","twitter_misc":{"Dur\u00e9e de lecture estim\u00e9e":"3 minutes"},"schema":{"@context":"https:\/\/schema.org","@graph":[{"@type":"WebPage","@id":"https:\/\/sxflightcase.com\/product\/rack-panels-rae102\/","url":"https:\/\/sxflightcase.com\/product\/rack-panels-rae102\/","name":"Rack Panels RAE102 - https:\/\/sxflightcase.com \ud83d\udc97","isPartOf":{"@id":"https:\/\/sxflightcase.com\/th\/#website"},"primaryImageOfPage":{"@id":"https:\/\/sxflightcase.com\/product\/rack-panels-rae102\/#primaryimage"},"image":{"@id":"https:\/\/sxflightcase.com\/product\/rack-panels-rae102\/#primaryimage"},"thumbnailUrl":"https:\/\/sxflightcase.com\/wp-content\/uploads\/2024\/09\/RAE102.jpg","datePublished":"2024-09-18T06:22:10+00:00","dateModified":"2024-09-18T06:22:11+00:00","description":"Les panneaux de rack SX offrent des solutions de haute qualit\u00e9 et abordables pour couvrir les espaces de rack inutilis\u00e9s. Ils sont faciles \u00e0 installer et leur prix est fix\u00e9 en usine pour une valeur maximale.","breadcrumb":{"@id":"https:\/\/sxflightcase.com\/product\/rack-panels-rae102\/#breadcrumb"},"inLanguage":"fr-FR","potentialAction":[{"@type":"ReadAction","target":["https:\/\/sxflightcase.com\/product\/rack-panels-rae102\/"]}]},{"@type":"ImageObject","inLanguage":"fr-FR","@id":"https:\/\/sxflightcase.com\/product\/rack-panels-rae102\/#primaryimage","url":"https:\/\/sxflightcase.com\/wp-content\/uploads\/2024\/09\/RAE102.jpg","contentUrl":"https:\/\/sxflightcase.com\/wp-content\/uploads\/2024\/09\/RAE102.jpg","width":700,"height":700,"caption":"Rack Panels"},{"@type":"BreadcrumbList","@id":"https:\/\/sxflightcase.com\/product\/rack-panels-rae102\/#breadcrumb","itemListElement":[{"@type":"ListItem","position":1,"name":"Home","item":"https:\/\/sxflightcase.com\/"},{"@type":"ListItem","position":2,"name":"\u0e2a\u0e34\u0e19\u0e04\u0e49\u0e32","item":"https:\/\/sxflightcase.com\/th\/shop\/"},{"@type":"ListItem","position":3,"name":"Rack Panels RAE102"}]},{"@type":"WebSite","@id":"https:\/\/sxflightcase.com\/th\/#website","url":"https:\/\/sxflightcase.com\/th\/","name":"sxpowercase.com","description":"Flight Case Factory","publisher":{"@id":"https:\/\/sxflightcase.com\/th\/#organization"},"potentialAction":[{"@type":"SearchAction","target":{"@type":"EntryPoint","urlTemplate":"https:\/\/sxflightcase.com\/th\/?s={search_term_string}"},"query-input":{"@type":"PropertyValueSpecification","valueRequired":true,"valueName":"search_term_string"}}],"inLanguage":"fr-FR"},{"@type":"Organization","@id":"https:\/\/sxflightcase.com\/th\/#organization","name":"sxpowercase.com","url":"https:\/\/sxflightcase.com\/th\/","logo":{"@type":"ImageObject","inLanguage":"fr-FR","@id":"https:\/\/sxflightcase.com\/th\/#\/schema\/logo\/image\/","url":"https:\/\/sxflightcase.com\/wp-content\/uploads\/2024\/04\/1713919036007.jpg","contentUrl":"https:\/\/sxflightcase.com\/wp-content\/uploads\/2024\/04\/1713919036007.jpg","width":382,"height":388,"caption":"sxpowercase.com"},"image":{"@id":"https:\/\/sxflightcase.com\/th\/#\/schema\/logo\/image\/"},"sameAs":["https:\/\/www.facebook.com\/profile.php?id=61560407257971"],"numberOfEmployees":{"@type":"QuantitativeValue","minValue":"11","maxValue":"50"}}]}},"_links":{"self":[{"href":"https:\/\/sxflightcase.com\/fr\/wp-json\/wp\/v2\/product\/4431","targetHints":{"allow":["GET"]}}],"collection":[{"href":"https:\/\/sxflightcase.com\/fr\/wp-json\/wp\/v2\/product"}],"about":[{"href":"https:\/\/sxflightcase.com\/fr\/wp-json\/wp\/v2\/types\/product"}],"replies":[{"embeddable":true,"href":"https:\/\/sxflightcase.com\/fr\/wp-json\/wp\/v2\/comments?post=4431"}],"version-history":[{"count":0,"href":"https:\/\/sxflightcase.com\/fr\/wp-json\/wp\/v2\/product\/4431\/revisions"}],"wp:featuredmedia":[{"embeddable":true,"href":"https:\/\/sxflightcase.com\/fr\/wp-json\/wp\/v2\/media\/4294"}],"wp:attachment":[{"href":"https:\/\/sxflightcase.com\/fr\/wp-json\/wp\/v2\/media?parent=4431"}],"wp:term":[{"taxonomy":"product_brand","embeddable":true,"href":"https:\/\/sxflightcase.com\/fr\/wp-json\/wp\/v2\/product_brand?post=4431"},{"taxonomy":"product_cat","embeddable":true,"href":"https:\/\/sxflightcase.com\/fr\/wp-json\/wp\/v2\/product_cat?post=4431"},{"taxonomy":"product_tag","embeddable":true,"href":"https:\/\/sxflightcase.com\/fr\/wp-json\/wp\/v2\/product_tag?post=4431"}],"curies":[{"name":"wp","href":"https:\/\/api.w.org\/{rel}","templated":true}]}}