{"id":4436,"date":"2024-09-19T04:09:39","date_gmt":"2024-09-19T03:09:39","guid":{"rendered":"https:\/\/sxpowercase.com\/?post_type=product&#038;p=4436"},"modified":"2024-09-19T04:10:17","modified_gmt":"2024-09-19T03:10:17","slug":"rack-accessories-raf301","status":"publish","type":"product","link":"https:\/\/sxflightcase.com\/fr\/produit\/accessoires-pour-rack-raf301-2\/","title":{"rendered":"Accessoires pour rack RAF301"},"content":{"rendered":"<h3>Accessoires pour baies SX : Am\u00e9liorez votre syst\u00e8me de rack avec des solutions abordables<\/h3>\n<p>Choisir le bon <a href=\"https:\/\/sxpowercase.com\/product\/rack-accessories-raf201\/\"><strong>Accessoires pour baies<\/strong><\/a> est essentiel pour maximiser la fonctionnalit\u00e9 de votre syst\u00e8me de rayonnage. \u00c0 <strong>SX<\/strong>En outre, nous proposons une gamme compl\u00e8te d'accessoires de haute qualit\u00e9, notamment des panneaux ventil\u00e9s, des outils de gestion des c\u00e2bles et des supports de montage. Chaque produit est con\u00e7u pour r\u00e9pondre aux besoins sp\u00e9cifiques des installations audiovisuelles et informatiques professionnelles, garantissant que votre \u00e9quipement reste organis\u00e9 et s\u00e9curis\u00e9.<\/p>\n<h3>\u00c9conomies directes \u00e0 l'usine et assurance de la qualit\u00e9<\/h3>\n<p>Avec <strong><a title=\"SX\" href=\"https:\/\/sxpowercase.com\/\" target=\"_blank\" rel=\"noopener\" data-wpil-monitor-id=\"767\">SX<\/a><\/strong>vous obtenez une prime <strong>Accessoires pour baies<\/strong> \u00e0 des prix imbattables. Notre mod\u00e8le de vente directe nous permet d'\u00e9liminer les interm\u00e9diaires et de vous faire b\u00e9n\u00e9ficier directement de ces \u00e9conomies. Nous privil\u00e9gions la qualit\u00e9 sans le prix \u00e9lev\u00e9, en veillant \u00e0 ce que chaque produit offre des performances fiables \u00e0 un prix rentable. Choisissez <strong>SX<\/strong> pour des solutions abordables et fiables.<\/p>\n<h3>Facile \u00e0 utiliser et \u00e0 installer<\/h3>\n<p>Notre <strong>Accessoires pour le rack SX<\/strong> sont con\u00e7us pour une installation rapide et facile. Qu'il s'agisse d'ajouter une ventilation suppl\u00e9mentaire pour \u00e9viter la surchauffe ou d'installer un syst\u00e8me de gestion des c\u00e2bles pour garder les choses en ordre, chaque accessoire s'adapte parfaitement aux configurations de rack standard. Avec <strong>SX<\/strong>En outre, la configuration ou la mise \u00e0 niveau de votre syst\u00e8me est simple, ce qui vous permet de gagner du temps et d'\u00e9conomiser des efforts.<\/p>\n<h3>Durable et r\u00e9sistant<\/h3>\n<p>Tous <strong>SX<\/strong> sont fabriqu\u00e9s \u00e0 partir de mat\u00e9riaux durables, de qualit\u00e9 industrielle, qui garantissent \u00e0 vos clients un service de qualit\u00e9. <strong>Accessoires pour baies<\/strong> durent des ann\u00e9es. Qu'il s'agisse d'appareils \u00e9lectroniques sensibles ou de mat\u00e9riel lourd, nos accessoires offrent la solidit\u00e9 et la durabilit\u00e9 n\u00e9cessaires pour prot\u00e9ger votre \u00e9quipement de valeur. Avec <strong>SX<\/strong>Vous disposez ainsi d'accessoires con\u00e7us pour r\u00e9sister \u00e0 des environnements exigeants.<\/p>\n<h3>Options polyvalentes pour toutes les configurations de baies<\/h3>\n<p>\u00c0 <strong>SX<\/strong>Nous offrons une large s\u00e9lection de <strong>Accessoire pour rack<\/strong>\u00a0pour r\u00e9pondre \u00e0 tous les besoins. Des panneaux de remplissage aux chemins de c\u00e2bles en passant par les rails de montage, nos produits couvrent tous les besoins essentiels. Quelle que soit votre configuration, <strong>SX<\/strong> dispose des accessoires n\u00e9cessaires pour compl\u00e9ter votre syst\u00e8me de rayonnage et le rendre plus organis\u00e9, plus efficace et plus s\u00fbr.<\/p>\n<h3>Conclusion<\/h3>\n<p>Pour une qualit\u00e9 sup\u00e9rieure \u00e0 un prix abordable <strong>Accessoire pour rack<\/strong>, la confiance <strong>SX<\/strong> pour tenir ses promesses. Nos prix d'usine, nos mat\u00e9riaux durables et notre facilit\u00e9 d'installation font de nous le premier choix des professionnels qui cherchent \u00e0 am\u00e9liorer leur syst\u00e8me de rack. Am\u00e9liorez votre syst\u00e8me de rack avec <strong>Accessoires pour le rack SX<\/strong> aujourd'hui.<\/p>\n<ol>\n<li>Contactez-nous maintenant :<span style=\"color: #0000ff;\"><a style=\"color: #0000ff;\" href=\"https:\/\/sxpowercase.com\/contact-us\/\">https:\/\/sxpowercase.com\/<\/a><\/span><\/li>\n<li>Catalogue de produits mat\u00e9riels :<span style=\"color: #0000ff;\"><a style=\"color: #0000ff;\" href=\"https:\/\/sxpowercase.com\/wp-content\/uploads\/2024\/07\/\u4e94\u91d1.pdf\">Catalogue d&#039;accessoires de quincaillerie<\/a><\/span><\/li>\n<\/ol>","protected":false},"excerpt":{"rendered":"<h3>Optimisez votre rack avec les accessoires pour rack SX<\/h3>\n<p>Les accessoires pour rack SX offrent une organisation et une protection sup\u00e9rieures pour votre syst\u00e8me, avec des solutions durables telles que la gestion des c\u00e2bles et les rails de rack.<\/p>\n<h3>Des prix directs d'usine pour des \u00e9conomies maximales<\/h3>\n<p>Avec SX, vous b\u00e9n\u00e9ficiez d'accessoires de rack haut de gamme \u00e0 des prix directs d'usine, ce qui vous garantit une qualit\u00e9 sup\u00e9rieure sans grever votre budget.<\/p>\n<h3>Installation facile et mat\u00e9riaux durables<\/h3>\n<p>Les accessoires de rack SX sont construits pour durer et con\u00e7us pour une installation facile, ce qui les rend parfaits pour am\u00e9liorer l'efficacit\u00e9 et la dur\u00e9e de vie de votre installation de rack.<\/p>","protected":false},"featured_media":4298,"comment_status":"open","ping_status":"closed","template":"","meta":[],"product_brand":[],"product_cat":[66],"product_tag":[],"class_list":{"0":"post-4436","1":"product","2":"type-product","3":"status-publish","4":"has-post-thumbnail","6":"product_cat-rack-hardware","8":"first","9":"instock","10":"shipping-taxable","11":"product-type-simple"},"yoast_head":"<!-- This site is optimized with the Yoast SEO Premium plugin v27.1 (Yoast SEO v27.2) - https:\/\/yoast.com\/product\/yoast-seo-premium-wordpress\/ -->\n<title>Rack Accessories RAF301 - https:\/\/sxflightcase.com \ud83d\udc97<\/title>\n<meta name=\"description\" content=\"SX Rack Accessories offer durable, affordable solutions for any rack setup. Factory-direct pricing ensures you get premium products without the high cost.\" \/>\n<meta name=\"robots\" content=\"index, follow, max-snippet:-1, max-image-preview:large, max-video-preview:-1\" \/>\n<link rel=\"canonical\" href=\"https:\/\/sxflightcase.com\/fr\/produk\/aksesoris-rak-raf301-2\/\" \/>\n<meta property=\"og:locale\" content=\"fr_FR\" \/>\n<meta property=\"og:type\" content=\"article\" \/>\n<meta property=\"og:title\" content=\"Rack Accessories RAF301\" \/>\n<meta property=\"og:description\" content=\"SX Rack Accessories offer durable, affordable solutions for any rack setup. Factory-direct pricing ensures you get premium products without the high cost.\" \/>\n<meta property=\"og:url\" content=\"https:\/\/sxflightcase.com\/fr\/produk\/aksesoris-rak-raf301-2\/\" \/>\n<meta property=\"og:site_name\" content=\"https:\/\/sxflightcase.com\" \/>\n<meta property=\"article:publisher\" content=\"https:\/\/www.facebook.com\/profile.php?id=61560407257971\" \/>\n<meta property=\"article:modified_time\" content=\"2024-09-19T03:10:17+00:00\" \/>\n<meta property=\"og:image\" content=\"https:\/\/sxflightcase.com\/wp-content\/uploads\/2024\/09\/RAF301.jpg\" \/>\n\t<meta property=\"og:image:width\" content=\"700\" \/>\n\t<meta property=\"og:image:height\" content=\"700\" \/>\n\t<meta property=\"og:image:type\" content=\"image\/jpeg\" \/>\n<meta name=\"twitter:card\" content=\"summary_large_image\" \/>\n<meta name=\"twitter:label1\" content=\"Dur\u00e9e de lecture estim\u00e9e\" \/>\n\t<meta name=\"twitter:data1\" content=\"3 minutes\" \/>\n<script type=\"application\/ld+json\" class=\"yoast-schema-graph\">{\"@context\":\"https:\/\/schema.org\",\"@graph\":[{\"@type\":\"WebPage\",\"@id\":\"https:\/\/sxflightcase.com\/id\/produk\/aksesoris-rak-raf301-2\/\",\"url\":\"https:\/\/sxflightcase.com\/id\/produk\/aksesoris-rak-raf301-2\/\",\"name\":\"Rack Accessories RAF301 - https:\/\/sxflightcase.com \ud83d\udc97\",\"isPartOf\":{\"@id\":\"https:\/\/sxflightcase.com\/th\/#website\"},\"primaryImageOfPage\":{\"@id\":\"https:\/\/sxflightcase.com\/id\/produk\/aksesoris-rak-raf301-2\/#primaryimage\"},\"image\":{\"@id\":\"https:\/\/sxflightcase.com\/id\/produk\/aksesoris-rak-raf301-2\/#primaryimage\"},\"thumbnailUrl\":\"https:\/\/sxflightcase.com\/wp-content\/uploads\/2024\/09\/RAF301.jpg\",\"datePublished\":\"2024-09-19T03:09:39+00:00\",\"dateModified\":\"2024-09-19T03:10:17+00:00\",\"description\":\"SX Rack Accessories offer durable, affordable solutions for any rack setup. Factory-direct pricing ensures you get premium products without the high cost.\",\"breadcrumb\":{\"@id\":\"https:\/\/sxflightcase.com\/id\/produk\/aksesoris-rak-raf301-2\/#breadcrumb\"},\"inLanguage\":\"fr-FR\",\"potentialAction\":[{\"@type\":\"ReadAction\",\"target\":[\"https:\/\/sxflightcase.com\/id\/produk\/aksesoris-rak-raf301-2\/\"]}]},{\"@type\":\"ImageObject\",\"inLanguage\":\"fr-FR\",\"@id\":\"https:\/\/sxflightcase.com\/id\/produk\/aksesoris-rak-raf301-2\/#primaryimage\",\"url\":\"https:\/\/sxflightcase.com\/wp-content\/uploads\/2024\/09\/RAF301.jpg\",\"contentUrl\":\"https:\/\/sxflightcase.com\/wp-content\/uploads\/2024\/09\/RAF301.jpg\",\"width\":700,\"height\":700,\"caption\":\"Rack Accessories\"},{\"@type\":\"BreadcrumbList\",\"@id\":\"https:\/\/sxflightcase.com\/id\/produk\/aksesoris-rak-raf301-2\/#breadcrumb\",\"itemListElement\":[{\"@type\":\"ListItem\",\"position\":1,\"name\":\"Home\",\"item\":\"https:\/\/sxflightcase.com\/\"},{\"@type\":\"ListItem\",\"position\":2,\"name\":\"\u0e2a\u0e34\u0e19\u0e04\u0e49\u0e32\",\"item\":\"https:\/\/sxflightcase.com\/th\/shop\/\"},{\"@type\":\"ListItem\",\"position\":3,\"name\":\"Rack Accessories RAF301\"}]},{\"@type\":\"WebSite\",\"@id\":\"https:\/\/sxflightcase.com\/th\/#website\",\"url\":\"https:\/\/sxflightcase.com\/th\/\",\"name\":\"sxpowercase.com\",\"description\":\"Flight Case Factory\",\"publisher\":{\"@id\":\"https:\/\/sxflightcase.com\/th\/#organization\"},\"potentialAction\":[{\"@type\":\"SearchAction\",\"target\":{\"@type\":\"EntryPoint\",\"urlTemplate\":\"https:\/\/sxflightcase.com\/th\/?s={search_term_string}\"},\"query-input\":{\"@type\":\"PropertyValueSpecification\",\"valueRequired\":true,\"valueName\":\"search_term_string\"}}],\"inLanguage\":\"fr-FR\"},{\"@type\":\"Organization\",\"@id\":\"https:\/\/sxflightcase.com\/th\/#organization\",\"name\":\"sxpowercase.com\",\"url\":\"https:\/\/sxflightcase.com\/th\/\",\"logo\":{\"@type\":\"ImageObject\",\"inLanguage\":\"fr-FR\",\"@id\":\"https:\/\/sxflightcase.com\/th\/#\/schema\/logo\/image\/\",\"url\":\"https:\/\/sxflightcase.com\/wp-content\/uploads\/2024\/04\/1713919036007.jpg\",\"contentUrl\":\"https:\/\/sxflightcase.com\/wp-content\/uploads\/2024\/04\/1713919036007.jpg\",\"width\":382,\"height\":388,\"caption\":\"sxpowercase.com\"},\"image\":{\"@id\":\"https:\/\/sxflightcase.com\/th\/#\/schema\/logo\/image\/\"},\"sameAs\":[\"https:\/\/www.facebook.com\/profile.php?id=61560407257971\"],\"numberOfEmployees\":{\"@type\":\"QuantitativeValue\",\"minValue\":\"11\",\"maxValue\":\"50\"}}]}<\/script>\n<!-- \/ Yoast SEO Premium plugin. -->","yoast_head_json":{"title":"Rack Accessories RAF301 - https:\/\/sxflightcase.com \ud83d\udc97","description":"Les accessoires pour rack SX offrent des solutions durables et abordables pour toute configuration de rack. Les prix directs d'usine vous garantissent des produits de qualit\u00e9 sup\u00e9rieure sans les co\u00fbts \u00e9lev\u00e9s.","robots":{"index":"index","follow":"follow","max-snippet":"max-snippet:-1","max-image-preview":"max-image-preview:large","max-video-preview":"max-video-preview:-1"},"canonical":"https:\/\/sxflightcase.com\/fr\/produk\/aksesoris-rak-raf301-2\/","og_locale":"fr_FR","og_type":"article","og_title":"Rack Accessories RAF301","og_description":"SX Rack Accessories offer durable, affordable solutions for any rack setup. Factory-direct pricing ensures you get premium products without the high cost.","og_url":"https:\/\/sxflightcase.com\/fr\/produk\/aksesoris-rak-raf301-2\/","og_site_name":"https:\/\/sxflightcase.com","article_publisher":"https:\/\/www.facebook.com\/profile.php?id=61560407257971","article_modified_time":"2024-09-19T03:10:17+00:00","og_image":[{"width":700,"height":700,"url":"https:\/\/sxflightcase.com\/wp-content\/uploads\/2024\/09\/RAF301.jpg","type":"image\/jpeg"}],"twitter_card":"summary_large_image","twitter_misc":{"Dur\u00e9e de lecture estim\u00e9e":"3 minutes"},"schema":{"@context":"https:\/\/schema.org","@graph":[{"@type":"WebPage","@id":"https:\/\/sxflightcase.com\/id\/produk\/aksesoris-rak-raf301-2\/","url":"https:\/\/sxflightcase.com\/id\/produk\/aksesoris-rak-raf301-2\/","name":"Rack Accessories RAF301 - https:\/\/sxflightcase.com \ud83d\udc97","isPartOf":{"@id":"https:\/\/sxflightcase.com\/th\/#website"},"primaryImageOfPage":{"@id":"https:\/\/sxflightcase.com\/id\/produk\/aksesoris-rak-raf301-2\/#primaryimage"},"image":{"@id":"https:\/\/sxflightcase.com\/id\/produk\/aksesoris-rak-raf301-2\/#primaryimage"},"thumbnailUrl":"https:\/\/sxflightcase.com\/wp-content\/uploads\/2024\/09\/RAF301.jpg","datePublished":"2024-09-19T03:09:39+00:00","dateModified":"2024-09-19T03:10:17+00:00","description":"Les accessoires pour rack SX offrent des solutions durables et abordables pour toute configuration de rack. Les prix directs d'usine vous garantissent des produits de qualit\u00e9 sup\u00e9rieure sans les co\u00fbts \u00e9lev\u00e9s.","breadcrumb":{"@id":"https:\/\/sxflightcase.com\/id\/produk\/aksesoris-rak-raf301-2\/#breadcrumb"},"inLanguage":"fr-FR","potentialAction":[{"@type":"ReadAction","target":["https:\/\/sxflightcase.com\/id\/produk\/aksesoris-rak-raf301-2\/"]}]},{"@type":"ImageObject","inLanguage":"fr-FR","@id":"https:\/\/sxflightcase.com\/id\/produk\/aksesoris-rak-raf301-2\/#primaryimage","url":"https:\/\/sxflightcase.com\/wp-content\/uploads\/2024\/09\/RAF301.jpg","contentUrl":"https:\/\/sxflightcase.com\/wp-content\/uploads\/2024\/09\/RAF301.jpg","width":700,"height":700,"caption":"Rack Accessories"},{"@type":"BreadcrumbList","@id":"https:\/\/sxflightcase.com\/id\/produk\/aksesoris-rak-raf301-2\/#breadcrumb","itemListElement":[{"@type":"ListItem","position":1,"name":"Home","item":"https:\/\/sxflightcase.com\/"},{"@type":"ListItem","position":2,"name":"\u0e2a\u0e34\u0e19\u0e04\u0e49\u0e32","item":"https:\/\/sxflightcase.com\/th\/shop\/"},{"@type":"ListItem","position":3,"name":"Rack Accessories RAF301"}]},{"@type":"WebSite","@id":"https:\/\/sxflightcase.com\/th\/#website","url":"https:\/\/sxflightcase.com\/th\/","name":"sxpowercase.com","description":"Flight Case Factory","publisher":{"@id":"https:\/\/sxflightcase.com\/th\/#organization"},"potentialAction":[{"@type":"SearchAction","target":{"@type":"EntryPoint","urlTemplate":"https:\/\/sxflightcase.com\/th\/?s={search_term_string}"},"query-input":{"@type":"PropertyValueSpecification","valueRequired":true,"valueName":"search_term_string"}}],"inLanguage":"fr-FR"},{"@type":"Organization","@id":"https:\/\/sxflightcase.com\/th\/#organization","name":"sxpowercase.com","url":"https:\/\/sxflightcase.com\/th\/","logo":{"@type":"ImageObject","inLanguage":"fr-FR","@id":"https:\/\/sxflightcase.com\/th\/#\/schema\/logo\/image\/","url":"https:\/\/sxflightcase.com\/wp-content\/uploads\/2024\/04\/1713919036007.jpg","contentUrl":"https:\/\/sxflightcase.com\/wp-content\/uploads\/2024\/04\/1713919036007.jpg","width":382,"height":388,"caption":"sxpowercase.com"},"image":{"@id":"https:\/\/sxflightcase.com\/th\/#\/schema\/logo\/image\/"},"sameAs":["https:\/\/www.facebook.com\/profile.php?id=61560407257971"],"numberOfEmployees":{"@type":"QuantitativeValue","minValue":"11","maxValue":"50"}}]}},"_links":{"self":[{"href":"https:\/\/sxflightcase.com\/fr\/wp-json\/wp\/v2\/product\/4436","targetHints":{"allow":["GET"]}}],"collection":[{"href":"https:\/\/sxflightcase.com\/fr\/wp-json\/wp\/v2\/product"}],"about":[{"href":"https:\/\/sxflightcase.com\/fr\/wp-json\/wp\/v2\/types\/product"}],"replies":[{"embeddable":true,"href":"https:\/\/sxflightcase.com\/fr\/wp-json\/wp\/v2\/comments?post=4436"}],"version-history":[{"count":0,"href":"https:\/\/sxflightcase.com\/fr\/wp-json\/wp\/v2\/product\/4436\/revisions"}],"wp:featuredmedia":[{"embeddable":true,"href":"https:\/\/sxflightcase.com\/fr\/wp-json\/wp\/v2\/media\/4298"}],"wp:attachment":[{"href":"https:\/\/sxflightcase.com\/fr\/wp-json\/wp\/v2\/media?parent=4436"}],"wp:term":[{"taxonomy":"product_brand","embeddable":true,"href":"https:\/\/sxflightcase.com\/fr\/wp-json\/wp\/v2\/product_brand?post=4436"},{"taxonomy":"product_cat","embeddable":true,"href":"https:\/\/sxflightcase.com\/fr\/wp-json\/wp\/v2\/product_cat?post=4436"},{"taxonomy":"product_tag","embeddable":true,"href":"https:\/\/sxflightcase.com\/fr\/wp-json\/wp\/v2\/product_tag?post=4436"}],"curies":[{"name":"wp","href":"https:\/\/api.w.org\/{rel}","templated":true}]}}