{"id":4513,"date":"2024-09-23T08:23:50","date_gmt":"2024-09-23T07:23:50","guid":{"rendered":"https:\/\/sxpowercase.com\/?post_type=product&#038;p=4513"},"modified":"2024-09-23T08:23:55","modified_gmt":"2024-09-23T07:23:55","slug":"hinges-supplier-hia203","status":"publish","type":"product","link":"https:\/\/sxflightcase.com\/fr\/produit\/charnieres-fournisseur-hia203-2\/","title":{"rendered":"Charni\u00e8res Fournisseur HIA203"},"content":{"rendered":"<h3>SX : Fournisseur de charni\u00e8res de premier plan offrant des produits abordables et de haute qualit\u00e9<\/h3>\n<p>Lorsque vous avez besoin d'un <a href=\"https:\/\/sxpowercase.com\/product\/hinges-supplier-hia202\/\"><strong>fournisseurs de charni\u00e8res<\/strong><\/a>, <strong>SX<\/strong> vous couvre. Notre vaste s\u00e9lection de charni\u00e8res vous garantit des produits de qualit\u00e9 sup\u00e9rieure \u00e0 des prix comp\u00e9titifs. Avec des ann\u00e9es d'exp\u00e9rience dans la fabrication, nous fournissons des charni\u00e8res qui conviennent \u00e0 une vari\u00e9t\u00e9 d'applications, des besoins r\u00e9sidentiels aux besoins industriels.<\/p>\n<h3>Des prix en direct de l'usine pour des \u00e9conomies maximales<\/h3>\n<p>\u00c0 <strong><a href=\"https:\/\/sxpowercase.com\/\" target=\"_blank\" rel=\"noopener\" title=\"SX\" data-wpil-monitor-id=\"773\">SX<\/a><\/strong>Nous sommes fiers de fournir <strong>la tarification directe \u00e0 l'usine<\/strong>Ce qui nous permet de proposer des charni\u00e8res de qualit\u00e9 sup\u00e9rieure aux prix les plus abordables. En \u00e9liminant les interm\u00e9diaires, vous b\u00e9n\u00e9ficiez de co\u00fbts r\u00e9duits sans compromis sur la qualit\u00e9. Vous \u00eates ainsi assur\u00e9 de recevoir des charni\u00e8res rentables qui r\u00e9pondent \u00e0 vos attentes.<\/p>\n<h3>Durabilit\u00e9 et assurance qualit\u00e9 in\u00e9gal\u00e9es<\/h3>\n<p>En tant que leader <strong>fournisseurs de charni\u00e8res<\/strong>, <strong>SX<\/strong> garantit que tous nos produits sont soumis \u00e0 des contr\u00f4les de qualit\u00e9 stricts afin de garantir leur durabilit\u00e9 et leur fiabilit\u00e9. Nous utilisons des mat\u00e9riaux de haute qualit\u00e9 pour fabriquer des charni\u00e8res qui durent. Que vous recherchiez des charni\u00e8res robustes ou d\u00e9coratives, notre gamme vous garantit la solidit\u00e9 et les performances n\u00e9cessaires \u00e0 toute application.<\/p>\n<h3>Large choix de charni\u00e8res pour tous les projets<\/h3>\n<p>Des mod\u00e8les de base aux charni\u00e8res sp\u00e9cialis\u00e9es, <strong>SX<\/strong> offre une vari\u00e9t\u00e9 de <strong>charni\u00e8res de haute qualit\u00e9<\/strong> pour r\u00e9pondre \u00e0 vos besoins sp\u00e9cifiques. Notre collection comprend des charni\u00e8res encastr\u00e9es, des charni\u00e8res \u00e0 pivot et des charni\u00e8res industrielles, toutes con\u00e7ues pour offrir des performances de premier ordre. Nous proposons \u00e9galement des solutions personnalis\u00e9es pour r\u00e9pondre aux exigences sp\u00e9cifiques de vos projets.<\/p>\n<h3>Installation rapide et sans probl\u00e8me<\/h3>\n<p>Les charni\u00e8res que nous proposons sont non seulement con\u00e7ues pour durer, mais aussi pour \u00eatre facilement install\u00e9es. <strong>SX<\/strong> s'assure que nos produits simplifient votre travail, qu'il s'agisse d'un projet de construction de grande envergure ou d'une simple t\u00e2che d'am\u00e9lioration de l'habitat. Nos charni\u00e8res permettent de gagner du temps tout en offrant des r\u00e9sultats professionnels.<\/p>\n<h3>Conclusion<\/h3>\n<p>Lors de la recherche d'un <strong>fournisseurs de charni\u00e8res<\/strong>, <strong>SX<\/strong> offre un m\u00e9lange parfait de qualit\u00e9, d'accessibilit\u00e9 et de durabilit\u00e9. Avec des prix directs d'usine et une large gamme de produits, nous sommes le choix de confiance pour tous vos besoins en mati\u00e8re de charni\u00e8res.<\/p>\n<ol>\n<li>Contactez-nous maintenant :<span style=\"color: #0000ff;\"><a style=\"color: #0000ff;\" href=\"https:\/\/sxpowercase.com\/contact-us\/\">https:\/\/sxpowercase.com\/<\/a><\/span><\/li>\n<li>Catalogue de produits mat\u00e9riels :<span style=\"color: #0000ff;\"><a style=\"color: #0000ff;\" href=\"https:\/\/sxpowercase.com\/wp-content\/uploads\/2024\/07\/\u4e94\u91d1.pdf\">Catalogue d&#039;accessoires de quincaillerie<\/a><\/span><\/li>\n<\/ol>","protected":false},"excerpt":{"rendered":"<h3>SX : Votre fournisseur de charni\u00e8res de confiance pour la qualit\u00e9 et le prix<\/h3>\n<p>SX propose des charni\u00e8res durables et de haute qualit\u00e9 pour un usage industriel, r\u00e9sidentiel et commercial. Nous r\u00e9pondons \u00e0 des normes strictes tout en maintenant des prix comp\u00e9titifs.<\/p>\n<h3>Des prix directs en usine pour r\u00e9duire les co\u00fbts<\/h3>\n<p>En \u00e9liminant les interm\u00e9diaires, SX propose des prix directs d'usine, ce qui vous permet d'obtenir des charni\u00e8res de qualit\u00e9 sup\u00e9rieure aux prix les plus bas, rendant ainsi la qualit\u00e9 abordable.<\/p>\n<h3>Qualit\u00e9 sup\u00e9rieure et installation facile<\/h3>\n<p>SX garantit des charni\u00e8res durables, construites pour durer et con\u00e7ues pour une installation rapide et sans probl\u00e8me, permettant de gagner du temps et d'obtenir des r\u00e9sultats professionnels.<\/p>","protected":false},"featured_media":4492,"comment_status":"open","ping_status":"closed","template":"","meta":[],"product_brand":[],"product_cat":[67],"product_tag":[],"class_list":{"0":"post-4513","1":"product","2":"type-product","3":"status-publish","4":"has-post-thumbnail","6":"product_cat-hingesstays","8":"first","9":"instock","10":"shipping-taxable","11":"product-type-simple"},"yoast_head":"<!-- This site is optimized with the Yoast SEO Premium plugin v27.1 (Yoast SEO v27.2) - https:\/\/yoast.com\/product\/yoast-seo-premium-wordpress\/ -->\n<title>Hinges Supplier HIA203 - https:\/\/sxflightcase.com \ud83d\udc97<\/title>\n<meta name=\"description\" content=\"Find the best hinges supplier with SX, offering affordable, durable products at factory-direct prices. Explore our high-quality selection for any project.\" \/>\n<meta name=\"robots\" content=\"index, follow, max-snippet:-1, max-image-preview:large, max-video-preview:-1\" \/>\n<link rel=\"canonical\" href=\"https:\/\/sxflightcase.com\/fr\/produit\/charnieres-fournisseur-hia203-2\/\" \/>\n<meta property=\"og:locale\" content=\"fr_FR\" \/>\n<meta property=\"og:type\" content=\"article\" \/>\n<meta property=\"og:title\" content=\"Hinges Supplier HIA203\" \/>\n<meta property=\"og:description\" content=\"Find the best hinges supplier with SX, offering affordable, durable products at factory-direct prices. Explore our high-quality selection for any project.\" \/>\n<meta property=\"og:url\" content=\"https:\/\/sxflightcase.com\/fr\/produit\/charnieres-fournisseur-hia203-2\/\" \/>\n<meta property=\"og:site_name\" content=\"https:\/\/sxflightcase.com\" \/>\n<meta property=\"article:publisher\" content=\"https:\/\/www.facebook.com\/profile.php?id=61560407257971\" \/>\n<meta property=\"article:modified_time\" content=\"2024-09-23T07:23:55+00:00\" \/>\n<meta property=\"og:image\" content=\"https:\/\/sxflightcase.com\/wp-content\/uploads\/2024\/09\/HIA203.jpg\" \/>\n\t<meta property=\"og:image:width\" content=\"700\" \/>\n\t<meta property=\"og:image:height\" content=\"700\" \/>\n\t<meta property=\"og:image:type\" content=\"image\/jpeg\" \/>\n<meta name=\"twitter:card\" content=\"summary_large_image\" \/>\n<meta name=\"twitter:label1\" content=\"Dur\u00e9e de lecture estim\u00e9e\" \/>\n\t<meta name=\"twitter:data1\" content=\"2 minutes\" \/>\n<script type=\"application\/ld+json\" class=\"yoast-schema-graph\">{\"@context\":\"https:\/\/schema.org\",\"@graph\":[{\"@type\":\"WebPage\",\"@id\":\"https:\/\/sxflightcase.com\/product\/hinges-supplier-hia203\/\",\"url\":\"https:\/\/sxflightcase.com\/product\/hinges-supplier-hia203\/\",\"name\":\"Hinges Supplier HIA203 - https:\/\/sxflightcase.com \ud83d\udc97\",\"isPartOf\":{\"@id\":\"https:\/\/sxflightcase.com\/th\/#website\"},\"primaryImageOfPage\":{\"@id\":\"https:\/\/sxflightcase.com\/product\/hinges-supplier-hia203\/#primaryimage\"},\"image\":{\"@id\":\"https:\/\/sxflightcase.com\/product\/hinges-supplier-hia203\/#primaryimage\"},\"thumbnailUrl\":\"https:\/\/sxflightcase.com\/wp-content\/uploads\/2024\/09\/HIA203.jpg\",\"datePublished\":\"2024-09-23T07:23:50+00:00\",\"dateModified\":\"2024-09-23T07:23:55+00:00\",\"description\":\"Find the best hinges supplier with SX, offering affordable, durable products at factory-direct prices. Explore our high-quality selection for any project.\",\"breadcrumb\":{\"@id\":\"https:\/\/sxflightcase.com\/product\/hinges-supplier-hia203\/#breadcrumb\"},\"inLanguage\":\"fr-FR\",\"potentialAction\":[{\"@type\":\"ReadAction\",\"target\":[\"https:\/\/sxflightcase.com\/product\/hinges-supplier-hia203\/\"]}]},{\"@type\":\"ImageObject\",\"inLanguage\":\"fr-FR\",\"@id\":\"https:\/\/sxflightcase.com\/product\/hinges-supplier-hia203\/#primaryimage\",\"url\":\"https:\/\/sxflightcase.com\/wp-content\/uploads\/2024\/09\/HIA203.jpg\",\"contentUrl\":\"https:\/\/sxflightcase.com\/wp-content\/uploads\/2024\/09\/HIA203.jpg\",\"width\":700,\"height\":700,\"caption\":\"Hinges Supplier\"},{\"@type\":\"BreadcrumbList\",\"@id\":\"https:\/\/sxflightcase.com\/product\/hinges-supplier-hia203\/#breadcrumb\",\"itemListElement\":[{\"@type\":\"ListItem\",\"position\":1,\"name\":\"Home\",\"item\":\"https:\/\/sxflightcase.com\/\"},{\"@type\":\"ListItem\",\"position\":2,\"name\":\"\u0e2a\u0e34\u0e19\u0e04\u0e49\u0e32\",\"item\":\"https:\/\/sxflightcase.com\/th\/shop\/\"},{\"@type\":\"ListItem\",\"position\":3,\"name\":\"Hinges Supplier HIA203\"}]},{\"@type\":\"WebSite\",\"@id\":\"https:\/\/sxflightcase.com\/th\/#website\",\"url\":\"https:\/\/sxflightcase.com\/th\/\",\"name\":\"sxpowercase.com\",\"description\":\"Flight Case Factory\",\"publisher\":{\"@id\":\"https:\/\/sxflightcase.com\/th\/#organization\"},\"potentialAction\":[{\"@type\":\"SearchAction\",\"target\":{\"@type\":\"EntryPoint\",\"urlTemplate\":\"https:\/\/sxflightcase.com\/th\/?s={search_term_string}\"},\"query-input\":{\"@type\":\"PropertyValueSpecification\",\"valueRequired\":true,\"valueName\":\"search_term_string\"}}],\"inLanguage\":\"fr-FR\"},{\"@type\":\"Organization\",\"@id\":\"https:\/\/sxflightcase.com\/th\/#organization\",\"name\":\"sxpowercase.com\",\"url\":\"https:\/\/sxflightcase.com\/th\/\",\"logo\":{\"@type\":\"ImageObject\",\"inLanguage\":\"fr-FR\",\"@id\":\"https:\/\/sxflightcase.com\/th\/#\/schema\/logo\/image\/\",\"url\":\"https:\/\/sxflightcase.com\/wp-content\/uploads\/2024\/04\/1713919036007.jpg\",\"contentUrl\":\"https:\/\/sxflightcase.com\/wp-content\/uploads\/2024\/04\/1713919036007.jpg\",\"width\":382,\"height\":388,\"caption\":\"sxpowercase.com\"},\"image\":{\"@id\":\"https:\/\/sxflightcase.com\/th\/#\/schema\/logo\/image\/\"},\"sameAs\":[\"https:\/\/www.facebook.com\/profile.php?id=61560407257971\"],\"numberOfEmployees\":{\"@type\":\"QuantitativeValue\",\"minValue\":\"11\",\"maxValue\":\"50\"}}]}<\/script>\n<!-- \/ Yoast SEO Premium plugin. -->","yoast_head_json":{"title":"Hinges Supplier HIA203 - https:\/\/sxflightcase.com \ud83d\udc97","description":"Trouvez le meilleur fournisseur de charni\u00e8res avec SX, qui offre des produits durables et abordables \u00e0 des prix directs. Explorez notre s\u00e9lection de haute qualit\u00e9 pour tout projet.","robots":{"index":"index","follow":"follow","max-snippet":"max-snippet:-1","max-image-preview":"max-image-preview:large","max-video-preview":"max-video-preview:-1"},"canonical":"https:\/\/sxflightcase.com\/fr\/produit\/charnieres-fournisseur-hia203-2\/","og_locale":"fr_FR","og_type":"article","og_title":"Hinges Supplier HIA203","og_description":"Find the best hinges supplier with SX, offering affordable, durable products at factory-direct prices. Explore our high-quality selection for any project.","og_url":"https:\/\/sxflightcase.com\/fr\/produit\/charnieres-fournisseur-hia203-2\/","og_site_name":"https:\/\/sxflightcase.com","article_publisher":"https:\/\/www.facebook.com\/profile.php?id=61560407257971","article_modified_time":"2024-09-23T07:23:55+00:00","og_image":[{"width":700,"height":700,"url":"https:\/\/sxflightcase.com\/wp-content\/uploads\/2024\/09\/HIA203.jpg","type":"image\/jpeg"}],"twitter_card":"summary_large_image","twitter_misc":{"Dur\u00e9e de lecture estim\u00e9e":"2 minutes"},"schema":{"@context":"https:\/\/schema.org","@graph":[{"@type":"WebPage","@id":"https:\/\/sxflightcase.com\/product\/hinges-supplier-hia203\/","url":"https:\/\/sxflightcase.com\/product\/hinges-supplier-hia203\/","name":"Hinges Supplier HIA203 - https:\/\/sxflightcase.com \ud83d\udc97","isPartOf":{"@id":"https:\/\/sxflightcase.com\/th\/#website"},"primaryImageOfPage":{"@id":"https:\/\/sxflightcase.com\/product\/hinges-supplier-hia203\/#primaryimage"},"image":{"@id":"https:\/\/sxflightcase.com\/product\/hinges-supplier-hia203\/#primaryimage"},"thumbnailUrl":"https:\/\/sxflightcase.com\/wp-content\/uploads\/2024\/09\/HIA203.jpg","datePublished":"2024-09-23T07:23:50+00:00","dateModified":"2024-09-23T07:23:55+00:00","description":"Trouvez le meilleur fournisseur de charni\u00e8res avec SX, qui offre des produits durables et abordables \u00e0 des prix directs. Explorez notre s\u00e9lection de haute qualit\u00e9 pour tout projet.","breadcrumb":{"@id":"https:\/\/sxflightcase.com\/product\/hinges-supplier-hia203\/#breadcrumb"},"inLanguage":"fr-FR","potentialAction":[{"@type":"ReadAction","target":["https:\/\/sxflightcase.com\/product\/hinges-supplier-hia203\/"]}]},{"@type":"ImageObject","inLanguage":"fr-FR","@id":"https:\/\/sxflightcase.com\/product\/hinges-supplier-hia203\/#primaryimage","url":"https:\/\/sxflightcase.com\/wp-content\/uploads\/2024\/09\/HIA203.jpg","contentUrl":"https:\/\/sxflightcase.com\/wp-content\/uploads\/2024\/09\/HIA203.jpg","width":700,"height":700,"caption":"Hinges Supplier"},{"@type":"BreadcrumbList","@id":"https:\/\/sxflightcase.com\/product\/hinges-supplier-hia203\/#breadcrumb","itemListElement":[{"@type":"ListItem","position":1,"name":"Home","item":"https:\/\/sxflightcase.com\/"},{"@type":"ListItem","position":2,"name":"\u0e2a\u0e34\u0e19\u0e04\u0e49\u0e32","item":"https:\/\/sxflightcase.com\/th\/shop\/"},{"@type":"ListItem","position":3,"name":"Hinges Supplier HIA203"}]},{"@type":"WebSite","@id":"https:\/\/sxflightcase.com\/th\/#website","url":"https:\/\/sxflightcase.com\/th\/","name":"sxpowercase.com","description":"Flight Case Factory","publisher":{"@id":"https:\/\/sxflightcase.com\/th\/#organization"},"potentialAction":[{"@type":"SearchAction","target":{"@type":"EntryPoint","urlTemplate":"https:\/\/sxflightcase.com\/th\/?s={search_term_string}"},"query-input":{"@type":"PropertyValueSpecification","valueRequired":true,"valueName":"search_term_string"}}],"inLanguage":"fr-FR"},{"@type":"Organization","@id":"https:\/\/sxflightcase.com\/th\/#organization","name":"sxpowercase.com","url":"https:\/\/sxflightcase.com\/th\/","logo":{"@type":"ImageObject","inLanguage":"fr-FR","@id":"https:\/\/sxflightcase.com\/th\/#\/schema\/logo\/image\/","url":"https:\/\/sxflightcase.com\/wp-content\/uploads\/2024\/04\/1713919036007.jpg","contentUrl":"https:\/\/sxflightcase.com\/wp-content\/uploads\/2024\/04\/1713919036007.jpg","width":382,"height":388,"caption":"sxpowercase.com"},"image":{"@id":"https:\/\/sxflightcase.com\/th\/#\/schema\/logo\/image\/"},"sameAs":["https:\/\/www.facebook.com\/profile.php?id=61560407257971"],"numberOfEmployees":{"@type":"QuantitativeValue","minValue":"11","maxValue":"50"}}]}},"_links":{"self":[{"href":"https:\/\/sxflightcase.com\/fr\/wp-json\/wp\/v2\/product\/4513","targetHints":{"allow":["GET"]}}],"collection":[{"href":"https:\/\/sxflightcase.com\/fr\/wp-json\/wp\/v2\/product"}],"about":[{"href":"https:\/\/sxflightcase.com\/fr\/wp-json\/wp\/v2\/types\/product"}],"replies":[{"embeddable":true,"href":"https:\/\/sxflightcase.com\/fr\/wp-json\/wp\/v2\/comments?post=4513"}],"version-history":[{"count":0,"href":"https:\/\/sxflightcase.com\/fr\/wp-json\/wp\/v2\/product\/4513\/revisions"}],"wp:featuredmedia":[{"embeddable":true,"href":"https:\/\/sxflightcase.com\/fr\/wp-json\/wp\/v2\/media\/4492"}],"wp:attachment":[{"href":"https:\/\/sxflightcase.com\/fr\/wp-json\/wp\/v2\/media?parent=4513"}],"wp:term":[{"taxonomy":"product_brand","embeddable":true,"href":"https:\/\/sxflightcase.com\/fr\/wp-json\/wp\/v2\/product_brand?post=4513"},{"taxonomy":"product_cat","embeddable":true,"href":"https:\/\/sxflightcase.com\/fr\/wp-json\/wp\/v2\/product_cat?post=4513"},{"taxonomy":"product_tag","embeddable":true,"href":"https:\/\/sxflightcase.com\/fr\/wp-json\/wp\/v2\/product_tag?post=4513"}],"curies":[{"name":"wp","href":"https:\/\/api.w.org\/{rel}","templated":true}]}}