{"id":4539,"date":"2024-09-24T07:36:38","date_gmt":"2024-09-24T06:36:38","guid":{"rendered":"https:\/\/sxpowercase.com\/?post_type=product&#038;p=4539"},"modified":"2024-09-24T07:36:39","modified_gmt":"2024-09-24T06:36:39","slug":"hinges-wholesaler-hib101","status":"publish","type":"product","link":"https:\/\/sxflightcase.com\/fr\/produit\/charnieres-grossiste-hib101-2\/","title":{"rendered":"Grossiste en charni\u00e8res HIB101"},"content":{"rendered":"<h3>SX : Votre grossiste en charni\u00e8res de confiance pour la qualit\u00e9 et la valeur<\/h3>\n<p>Lorsque vous \u00eates \u00e0 la recherche d'un <a href=\"https:\/\/sxpowercase.com\/product\/hinges-supplier-hia203\/\"><strong>grossiste en charni\u00e8res<\/strong><\/a>ne cherchez pas plus loin que <strong>SX<\/strong>. Nous sommes sp\u00e9cialis\u00e9s dans la fourniture d'une vaste s\u00e9lection de charni\u00e8res con\u00e7ues pour r\u00e9pondre \u00e0 divers besoins dans les applications r\u00e9sidentielles et commerciales. Notre engagement en mati\u00e8re de qualit\u00e9 vous garantit des produits dignes de confiance.<\/p>\n<h3>Des prix directs d'usine pour maximiser vos \u00e9conomies<\/h3>\n<p>En tant que leader <strong>grossiste en charni\u00e8res<\/strong>Nous offrons <strong>la tarification directe \u00e0 l'usine<\/strong> qui vous permet de r\u00e9aliser des \u00e9conomies substantielles. En \u00e9liminant les interm\u00e9diaires inutiles, <strong><a href=\"https:\/\/sxpowercase.com\/\" target=\"_blank\" rel=\"noopener\" title=\"SX\" data-wpil-monitor-id=\"775\">SX<\/a><\/strong> garantit des prix bas sans sacrifier la qualit\u00e9. Cette approche fait de nos charni\u00e8res un excellent choix pour les entreprises qui cherchent \u00e0 maintenir leurs marges b\u00e9n\u00e9ficiaires tout en offrant une grande valeur \u00e0 leurs clients.<\/p>\n<h3>Une assurance qualit\u00e9 sur laquelle vous pouvez compter<\/h3>\n<p>\u00c0 <strong>SX<\/strong>Pour nous, la qualit\u00e9 est primordiale. Toutes nos charni\u00e8res sont soumises \u00e0 des tests rigoureux pour s'assurer qu'elles r\u00e9pondent aux normes de l'industrie. En tant que fournisseur fiable de <strong>grossiste en charni\u00e8res<\/strong>En tant que fabricant de charni\u00e8res, nous n'utilisons que des mat\u00e9riaux de haute qualit\u00e9 pour fabriquer des produits qui sont con\u00e7us pour durer. Que vous ayez besoin de charni\u00e8res pour des portes, des armoires ou des applications industrielles, nos options offrent performance et durabilit\u00e9.<\/p>\n<h3>Une gamme \u00e9tendue de charni\u00e8res pour toutes les applications<\/h3>\n<p>Notre inventaire vari\u00e9 comprend divers types de charni\u00e8res, telles que les charni\u00e8res encastr\u00e9es, les charni\u00e8res en bout et les charni\u00e8res \u00e0 pivot. En tant qu'entreprise de confiance <strong>grossiste en charni\u00e8res<\/strong>Nous comprenons que chaque projet a des exigences uniques. C'est pourquoi nous proposons des options personnalisables, afin que vous trouviez la charni\u00e8re parfaite pour vos besoins sp\u00e9cifiques.<\/p>\n<h3>Processus de commande simplifi\u00e9<\/h3>\n<p>Commande aupr\u00e8s de <strong>SX<\/strong> est simple et sans souci. Notre plateforme en ligne conviviale permet de parcourir facilement notre s\u00e9lection et de passer des commandes rapidement. De plus, notre \u00e9quipe d\u00e9vou\u00e9e de service \u00e0 la client\u00e8le est toujours disponible pour vous aider en cas de questions ou de demandes sp\u00e9ciales. Nous nous engageons \u00e0 faire en sorte que votre exp\u00e9rience soit aussi transparente que possible.<\/p>\n<h3>Conclusion<\/h3>\n<p>Choisir <strong>SX<\/strong> comme votre <strong>grossiste en charni\u00e8res<\/strong> signifie que vous vous associez \u00e0 une marque qui privil\u00e9gie la qualit\u00e9, le prix et la satisfaction du client. Gr\u00e2ce \u00e0 nos prix d'usine et \u00e0 notre vaste gamme de produits, vous pouvez r\u00e9pondre en toute confiance \u00e0 toutes vos exigences en mati\u00e8re de charni\u00e8res.<\/p>\n<ol>\n<li>Contactez-nous maintenant :<span style=\"color: #0000ff;\"><a style=\"color: #0000ff;\" href=\"https:\/\/sxpowercase.com\/contact-us\/\">https:\/\/sxpowercase.com\/<\/a><\/span><\/li>\n<li>Catalogue de produits mat\u00e9riels :<span style=\"color: #0000ff;\"><a style=\"color: #0000ff;\" href=\"https:\/\/sxpowercase.com\/wp-content\/uploads\/2024\/07\/\u4e94\u91d1.pdf\">Catalogue d&#039;accessoires de quincaillerie<\/a><\/span><\/li>\n<\/ol>","protected":false},"excerpt":{"rendered":"<h3>SX : Votre grossiste en charni\u00e8res de confiance pour la qualit\u00e9 et la valeur<\/h3>\n<p>SX offre une large s\u00e9lection de charni\u00e8res de haute qualit\u00e9 pour les besoins r\u00e9sidentiels et commerciaux, ce qui vous garantit des produits fiables en lesquels vous pouvez avoir confiance.<\/p>\n<h3>Des prix directs d'usine pour des \u00e9conomies maximales<\/h3>\n<p>Nos prix directs \u00e9liminent les interm\u00e9diaires, ce qui vous permet de r\u00e9aliser des \u00e9conomies consid\u00e9rables tout en maintenant la qualit\u00e9 - id\u00e9al pour les entreprises qui cherchent \u00e0 maximiser leurs marges b\u00e9n\u00e9ficiaires.<\/p>\n<h3>Une gamme \u00e9tendue de charni\u00e8res pour toutes les applications<\/h3>\n<p>Des charni\u00e8res encastr\u00e9es aux charni\u00e8res \u00e0 pivot, SX propose des options personnalisables adapt\u00e9es aux exigences de votre projet, ce qui vous permet de trouver la solution de charni\u00e8re id\u00e9ale.<\/p>","protected":false},"featured_media":4493,"comment_status":"open","ping_status":"closed","template":"","meta":[],"product_brand":[],"product_cat":[67],"product_tag":[],"class_list":{"0":"post-4539","1":"product","2":"type-product","3":"status-publish","4":"has-post-thumbnail","6":"product_cat-hingesstays","8":"first","9":"instock","10":"shipping-taxable","11":"product-type-simple"},"yoast_head":"<!-- This site is optimized with the Yoast SEO Premium plugin v27.1 (Yoast SEO v27.2) - https:\/\/yoast.com\/product\/yoast-seo-premium-wordpress\/ -->\n<title>Hinges Wholesaler HIB101 - https:\/\/sxflightcase.com \ud83d\udc97<\/title>\n<meta name=\"description\" content=\"Discover SX, your trusted hinges wholesaler, offering quality products at factory-direct prices. Explore our extensive selection for all your needs.\" \/>\n<meta name=\"robots\" content=\"index, follow, max-snippet:-1, max-image-preview:large, max-video-preview:-1\" \/>\n<link rel=\"canonical\" href=\"https:\/\/sxflightcase.com\/fr\/\u7522\u54c1\/\u9278\u93c8\u6279\u767c\u5546-hib101-2\/\" \/>\n<meta property=\"og:locale\" content=\"fr_FR\" \/>\n<meta property=\"og:type\" content=\"article\" \/>\n<meta property=\"og:title\" content=\"Hinges Wholesaler HIB101\" \/>\n<meta property=\"og:description\" content=\"Discover SX, your trusted hinges wholesaler, offering quality products at factory-direct prices. Explore our extensive selection for all your needs.\" \/>\n<meta property=\"og:url\" content=\"https:\/\/sxflightcase.com\/fr\/\u7522\u54c1\/\u9278\u93c8\u6279\u767c\u5546-hib101-2\/\" \/>\n<meta property=\"og:site_name\" content=\"https:\/\/sxflightcase.com\" \/>\n<meta property=\"article:publisher\" content=\"https:\/\/www.facebook.com\/profile.php?id=61560407257971\" \/>\n<meta property=\"article:modified_time\" content=\"2024-09-24T06:36:39+00:00\" \/>\n<meta property=\"og:image\" content=\"https:\/\/sxflightcase.com\/wp-content\/uploads\/2024\/09\/HIB101.jpg\" \/>\n\t<meta property=\"og:image:width\" content=\"700\" \/>\n\t<meta property=\"og:image:height\" content=\"700\" \/>\n\t<meta property=\"og:image:type\" content=\"image\/jpeg\" \/>\n<meta name=\"twitter:card\" content=\"summary_large_image\" \/>\n<meta name=\"twitter:label1\" content=\"Dur\u00e9e de lecture estim\u00e9e\" \/>\n\t<meta name=\"twitter:data1\" content=\"2 minutes\" \/>\n<script type=\"application\/ld+json\" class=\"yoast-schema-graph\">{\"@context\":\"https:\/\/schema.org\",\"@graph\":[{\"@type\":\"WebPage\",\"@id\":\"https:\/\/sxflightcase.com\/zh_hk\/\u7522\u54c1\/\u9278\u93c8\u6279\u767c\u5546-hib101-2\/\",\"url\":\"https:\/\/sxflightcase.com\/zh_hk\/\u7522\u54c1\/\u9278\u93c8\u6279\u767c\u5546-hib101-2\/\",\"name\":\"Hinges Wholesaler HIB101 - https:\/\/sxflightcase.com \ud83d\udc97\",\"isPartOf\":{\"@id\":\"https:\/\/sxflightcase.com\/th\/#website\"},\"primaryImageOfPage\":{\"@id\":\"https:\/\/sxflightcase.com\/zh_hk\/\u7522\u54c1\/\u9278\u93c8\u6279\u767c\u5546-hib101-2\/#primaryimage\"},\"image\":{\"@id\":\"https:\/\/sxflightcase.com\/zh_hk\/\u7522\u54c1\/\u9278\u93c8\u6279\u767c\u5546-hib101-2\/#primaryimage\"},\"thumbnailUrl\":\"https:\/\/sxflightcase.com\/wp-content\/uploads\/2024\/09\/HIB101.jpg\",\"datePublished\":\"2024-09-24T06:36:38+00:00\",\"dateModified\":\"2024-09-24T06:36:39+00:00\",\"description\":\"Discover SX, your trusted hinges wholesaler, offering quality products at factory-direct prices. Explore our extensive selection for all your needs.\",\"breadcrumb\":{\"@id\":\"https:\/\/sxflightcase.com\/zh_hk\/\u7522\u54c1\/\u9278\u93c8\u6279\u767c\u5546-hib101-2\/#breadcrumb\"},\"inLanguage\":\"fr-FR\",\"potentialAction\":[{\"@type\":\"ReadAction\",\"target\":[\"https:\/\/sxflightcase.com\/zh_hk\/\u7522\u54c1\/\u9278\u93c8\u6279\u767c\u5546-hib101-2\/\"]}]},{\"@type\":\"ImageObject\",\"inLanguage\":\"fr-FR\",\"@id\":\"https:\/\/sxflightcase.com\/zh_hk\/\u7522\u54c1\/\u9278\u93c8\u6279\u767c\u5546-hib101-2\/#primaryimage\",\"url\":\"https:\/\/sxflightcase.com\/wp-content\/uploads\/2024\/09\/HIB101.jpg\",\"contentUrl\":\"https:\/\/sxflightcase.com\/wp-content\/uploads\/2024\/09\/HIB101.jpg\",\"width\":700,\"height\":700,\"caption\":\"Hinges Wholesaler\"},{\"@type\":\"BreadcrumbList\",\"@id\":\"https:\/\/sxflightcase.com\/zh_hk\/\u7522\u54c1\/\u9278\u93c8\u6279\u767c\u5546-hib101-2\/#breadcrumb\",\"itemListElement\":[{\"@type\":\"ListItem\",\"position\":1,\"name\":\"Home\",\"item\":\"https:\/\/sxflightcase.com\/\"},{\"@type\":\"ListItem\",\"position\":2,\"name\":\"\u0e2a\u0e34\u0e19\u0e04\u0e49\u0e32\",\"item\":\"https:\/\/sxflightcase.com\/th\/shop\/\"},{\"@type\":\"ListItem\",\"position\":3,\"name\":\"Hinges Wholesaler HIB101\"}]},{\"@type\":\"WebSite\",\"@id\":\"https:\/\/sxflightcase.com\/th\/#website\",\"url\":\"https:\/\/sxflightcase.com\/th\/\",\"name\":\"sxpowercase.com\",\"description\":\"Flight Case Factory\",\"publisher\":{\"@id\":\"https:\/\/sxflightcase.com\/th\/#organization\"},\"potentialAction\":[{\"@type\":\"SearchAction\",\"target\":{\"@type\":\"EntryPoint\",\"urlTemplate\":\"https:\/\/sxflightcase.com\/th\/?s={search_term_string}\"},\"query-input\":{\"@type\":\"PropertyValueSpecification\",\"valueRequired\":true,\"valueName\":\"search_term_string\"}}],\"inLanguage\":\"fr-FR\"},{\"@type\":\"Organization\",\"@id\":\"https:\/\/sxflightcase.com\/th\/#organization\",\"name\":\"sxpowercase.com\",\"url\":\"https:\/\/sxflightcase.com\/th\/\",\"logo\":{\"@type\":\"ImageObject\",\"inLanguage\":\"fr-FR\",\"@id\":\"https:\/\/sxflightcase.com\/th\/#\/schema\/logo\/image\/\",\"url\":\"https:\/\/sxflightcase.com\/wp-content\/uploads\/2024\/04\/1713919036007.jpg\",\"contentUrl\":\"https:\/\/sxflightcase.com\/wp-content\/uploads\/2024\/04\/1713919036007.jpg\",\"width\":382,\"height\":388,\"caption\":\"sxpowercase.com\"},\"image\":{\"@id\":\"https:\/\/sxflightcase.com\/th\/#\/schema\/logo\/image\/\"},\"sameAs\":[\"https:\/\/www.facebook.com\/profile.php?id=61560407257971\"],\"numberOfEmployees\":{\"@type\":\"QuantitativeValue\",\"minValue\":\"11\",\"maxValue\":\"50\"}}]}<\/script>\n<!-- \/ Yoast SEO Premium plugin. -->","yoast_head_json":{"title":"Hinges Wholesaler HIB101 - https:\/\/sxflightcase.com \ud83d\udc97","description":"D\u00e9couvrez SX, votre grossiste en charni\u00e8res de confiance, offrant des produits de qualit\u00e9 \u00e0 des prix d'usine. Explorez notre vaste s\u00e9lection pour r\u00e9pondre \u00e0 tous vos besoins.","robots":{"index":"index","follow":"follow","max-snippet":"max-snippet:-1","max-image-preview":"max-image-preview:large","max-video-preview":"max-video-preview:-1"},"canonical":"https:\/\/sxflightcase.com\/fr\/\u7522\u54c1\/\u9278\u93c8\u6279\u767c\u5546-hib101-2\/","og_locale":"fr_FR","og_type":"article","og_title":"Hinges Wholesaler HIB101","og_description":"Discover SX, your trusted hinges wholesaler, offering quality products at factory-direct prices. Explore our extensive selection for all your needs.","og_url":"https:\/\/sxflightcase.com\/fr\/\u7522\u54c1\/\u9278\u93c8\u6279\u767c\u5546-hib101-2\/","og_site_name":"https:\/\/sxflightcase.com","article_publisher":"https:\/\/www.facebook.com\/profile.php?id=61560407257971","article_modified_time":"2024-09-24T06:36:39+00:00","og_image":[{"width":700,"height":700,"url":"https:\/\/sxflightcase.com\/wp-content\/uploads\/2024\/09\/HIB101.jpg","type":"image\/jpeg"}],"twitter_card":"summary_large_image","twitter_misc":{"Dur\u00e9e de lecture estim\u00e9e":"2 minutes"},"schema":{"@context":"https:\/\/schema.org","@graph":[{"@type":"WebPage","@id":"https:\/\/sxflightcase.com\/zh_hk\/\u7522\u54c1\/\u9278\u93c8\u6279\u767c\u5546-hib101-2\/","url":"https:\/\/sxflightcase.com\/zh_hk\/\u7522\u54c1\/\u9278\u93c8\u6279\u767c\u5546-hib101-2\/","name":"Hinges Wholesaler HIB101 - https:\/\/sxflightcase.com \ud83d\udc97","isPartOf":{"@id":"https:\/\/sxflightcase.com\/th\/#website"},"primaryImageOfPage":{"@id":"https:\/\/sxflightcase.com\/zh_hk\/\u7522\u54c1\/\u9278\u93c8\u6279\u767c\u5546-hib101-2\/#primaryimage"},"image":{"@id":"https:\/\/sxflightcase.com\/zh_hk\/\u7522\u54c1\/\u9278\u93c8\u6279\u767c\u5546-hib101-2\/#primaryimage"},"thumbnailUrl":"https:\/\/sxflightcase.com\/wp-content\/uploads\/2024\/09\/HIB101.jpg","datePublished":"2024-09-24T06:36:38+00:00","dateModified":"2024-09-24T06:36:39+00:00","description":"D\u00e9couvrez SX, votre grossiste en charni\u00e8res de confiance, offrant des produits de qualit\u00e9 \u00e0 des prix d'usine. Explorez notre vaste s\u00e9lection pour r\u00e9pondre \u00e0 tous vos besoins.","breadcrumb":{"@id":"https:\/\/sxflightcase.com\/zh_hk\/\u7522\u54c1\/\u9278\u93c8\u6279\u767c\u5546-hib101-2\/#breadcrumb"},"inLanguage":"fr-FR","potentialAction":[{"@type":"ReadAction","target":["https:\/\/sxflightcase.com\/zh_hk\/\u7522\u54c1\/\u9278\u93c8\u6279\u767c\u5546-hib101-2\/"]}]},{"@type":"ImageObject","inLanguage":"fr-FR","@id":"https:\/\/sxflightcase.com\/zh_hk\/\u7522\u54c1\/\u9278\u93c8\u6279\u767c\u5546-hib101-2\/#primaryimage","url":"https:\/\/sxflightcase.com\/wp-content\/uploads\/2024\/09\/HIB101.jpg","contentUrl":"https:\/\/sxflightcase.com\/wp-content\/uploads\/2024\/09\/HIB101.jpg","width":700,"height":700,"caption":"Hinges Wholesaler"},{"@type":"BreadcrumbList","@id":"https:\/\/sxflightcase.com\/zh_hk\/\u7522\u54c1\/\u9278\u93c8\u6279\u767c\u5546-hib101-2\/#breadcrumb","itemListElement":[{"@type":"ListItem","position":1,"name":"Home","item":"https:\/\/sxflightcase.com\/"},{"@type":"ListItem","position":2,"name":"\u0e2a\u0e34\u0e19\u0e04\u0e49\u0e32","item":"https:\/\/sxflightcase.com\/th\/shop\/"},{"@type":"ListItem","position":3,"name":"Hinges Wholesaler HIB101"}]},{"@type":"WebSite","@id":"https:\/\/sxflightcase.com\/th\/#website","url":"https:\/\/sxflightcase.com\/th\/","name":"sxpowercase.com","description":"Flight Case Factory","publisher":{"@id":"https:\/\/sxflightcase.com\/th\/#organization"},"potentialAction":[{"@type":"SearchAction","target":{"@type":"EntryPoint","urlTemplate":"https:\/\/sxflightcase.com\/th\/?s={search_term_string}"},"query-input":{"@type":"PropertyValueSpecification","valueRequired":true,"valueName":"search_term_string"}}],"inLanguage":"fr-FR"},{"@type":"Organization","@id":"https:\/\/sxflightcase.com\/th\/#organization","name":"sxpowercase.com","url":"https:\/\/sxflightcase.com\/th\/","logo":{"@type":"ImageObject","inLanguage":"fr-FR","@id":"https:\/\/sxflightcase.com\/th\/#\/schema\/logo\/image\/","url":"https:\/\/sxflightcase.com\/wp-content\/uploads\/2024\/04\/1713919036007.jpg","contentUrl":"https:\/\/sxflightcase.com\/wp-content\/uploads\/2024\/04\/1713919036007.jpg","width":382,"height":388,"caption":"sxpowercase.com"},"image":{"@id":"https:\/\/sxflightcase.com\/th\/#\/schema\/logo\/image\/"},"sameAs":["https:\/\/www.facebook.com\/profile.php?id=61560407257971"],"numberOfEmployees":{"@type":"QuantitativeValue","minValue":"11","maxValue":"50"}}]}},"_links":{"self":[{"href":"https:\/\/sxflightcase.com\/fr\/wp-json\/wp\/v2\/product\/4539","targetHints":{"allow":["GET"]}}],"collection":[{"href":"https:\/\/sxflightcase.com\/fr\/wp-json\/wp\/v2\/product"}],"about":[{"href":"https:\/\/sxflightcase.com\/fr\/wp-json\/wp\/v2\/types\/product"}],"replies":[{"embeddable":true,"href":"https:\/\/sxflightcase.com\/fr\/wp-json\/wp\/v2\/comments?post=4539"}],"version-history":[{"count":0,"href":"https:\/\/sxflightcase.com\/fr\/wp-json\/wp\/v2\/product\/4539\/revisions"}],"wp:featuredmedia":[{"embeddable":true,"href":"https:\/\/sxflightcase.com\/fr\/wp-json\/wp\/v2\/media\/4493"}],"wp:attachment":[{"href":"https:\/\/sxflightcase.com\/fr\/wp-json\/wp\/v2\/media?parent=4539"}],"wp:term":[{"taxonomy":"product_brand","embeddable":true,"href":"https:\/\/sxflightcase.com\/fr\/wp-json\/wp\/v2\/product_brand?post=4539"},{"taxonomy":"product_cat","embeddable":true,"href":"https:\/\/sxflightcase.com\/fr\/wp-json\/wp\/v2\/product_cat?post=4539"},{"taxonomy":"product_tag","embeddable":true,"href":"https:\/\/sxflightcase.com\/fr\/wp-json\/wp\/v2\/product_tag?post=4539"}],"curies":[{"name":"wp","href":"https:\/\/api.w.org\/{rel}","templated":true}]}}