{"id":4542,"date":"2024-09-24T07:44:19","date_gmt":"2024-09-24T06:44:19","guid":{"rendered":"https:\/\/sxpowercase.com\/?post_type=product&#038;p=4542"},"modified":"2024-09-24T07:44:19","modified_gmt":"2024-09-24T06:44:19","slug":"flight-case-hinges-hic101","status":"publish","type":"product","link":"https:\/\/sxflightcase.com\/fr\/produit\/charnieres-pour-flight-case-hic101\/","title":{"rendered":"Charni\u00e8res pour Flight Case HIC101"},"content":{"rendered":"<h3>X : Votre source de charni\u00e8res fiables pour Flight Case<\/h3>\n<p>Lorsqu'il s'agit de prot\u00e9ger votre mat\u00e9riel de valeur, la qualit\u00e9 de votre <span style=\"color: #0000ff;\"><a style=\"color: #0000ff;\" href=\"https:\/\/sxpowercase.com\/product\/hinges-wholesaler-hib102\/\">charni\u00e8res de flight case<\/a><\/span> est cruciale. A l'heure actuelle <strong>SX<\/strong>Nous sommes sp\u00e9cialis\u00e9s dans la fourniture de charni\u00e8res de flight case de premi\u00e8re qualit\u00e9 qui garantissent la durabilit\u00e9 et la fiabilit\u00e9. Nos produits sont con\u00e7us pour r\u00e9sister aux rigueurs du transport tout en assurant la s\u00e9curit\u00e9 de votre mat\u00e9riel.<\/p>\n<h3>Prix direct usine pour des charni\u00e8res de qualit\u00e9<\/h3>\n<p>En tant que fournisseur de premier plan, <strong><a href=\"https:\/\/sxpowercase.com\/\" target=\"_blank\" rel=\"noopener\" title=\"SX\" data-wpil-monitor-id=\"777\">SX<\/a><\/strong> offres <strong>prix direct usine<\/strong> sur toutes nos charni\u00e8res pour flight cases. Cela signifie que vous b\u00e9n\u00e9ficiez de prix comp\u00e9titifs sans sacrifier la qualit\u00e9. En supprimant les interm\u00e9diaires, nous vous faisons b\u00e9n\u00e9ficier directement des \u00e9conomies r\u00e9alis\u00e9es, ce qui vous permet de respecter plus facilement le budget de vos projets.<\/p>\n<h3>Engagement en faveur de l'assurance qualit\u00e9<\/h3>\n<p>\u00c0 <strong>SX<\/strong>Nous comprenons que la qualit\u00e9 n'est pas n\u00e9gociable lorsqu'il s'agit de charni\u00e8res pour flight cases. Nos charni\u00e8res sont soumises \u00e0 des contr\u00f4les de qualit\u00e9 rigoureux afin de garantir qu'elles r\u00e9pondent aux normes les plus strictes. Nous nous engageons \u00e0 fournir des produits non seulement durables mais aussi fiables, afin que vous puissiez avoir l'esprit tranquille en sachant que votre \u00e9quipement est bien prot\u00e9g\u00e9.<\/p>\n<h3>Des options polyvalentes pour tous les besoins<\/h3>\n<p>Notre gamme de charni\u00e8res pour flight cases est con\u00e7ue pour r\u00e9pondre \u00e0 diverses applications. Qu'il s'agisse de charni\u00e8res standard ou de charni\u00e8res \u00e0 usage intensif, <strong>SX<\/strong> vous couvre. Nous sommes fiers de proposer une s\u00e9lection vari\u00e9e qui r\u00e9pond aux besoins sp\u00e9cifiques des professionnels de diff\u00e9rents secteurs d'activit\u00e9, vous garantissant ainsi de trouver le produit id\u00e9al pour vos flight cases.<\/p>\n<h3>Commande facile et livraison rapide<\/h3>\n<p>Commande de charni\u00e8res de flight case aupr\u00e8s de <strong>SX<\/strong> est simple et efficace. Notre site web convivial vous permet de parcourir facilement notre s\u00e9lection et de passer vos commandes en quelques clics. De plus, nous sommes fiers de notre rapidit\u00e9 de livraison, ce qui vous permet de recevoir vos charni\u00e8res rapidement et de retourner \u00e0 ce que vous faites de mieux.<\/p>\n<h3>Conclusion<\/h3>\n<p>Choisir <strong>SX<\/strong> pour votre charni\u00e8re de flight case et profitez de la combinaison parfaite de la qualit\u00e9, du prix et de la commodit\u00e9. Notre engagement \u00e0 satisfaire nos clients fait de nous le partenaire id\u00e9al pour tous vos besoins en mati\u00e8re de charni\u00e8res.<\/p>\n<ol>\n<li>Contactez-nous maintenant :<span style=\"color: #0000ff;\"><a style=\"color: #0000ff;\" href=\"https:\/\/sxpowercase.com\/contact-us\/\">https:\/\/sxpowercase.com\/<\/a><\/span><\/li>\n<li>Catalogue de produits mat\u00e9riels :<span style=\"color: #0000ff;\"><a style=\"color: #0000ff;\" href=\"https:\/\/sxpowercase.com\/wp-content\/uploads\/2024\/07\/\u4e94\u91d1.pdf\">Catalogue d&#039;accessoires de quincaillerie<\/a><\/span><\/li>\n<\/ol>","protected":false},"excerpt":{"rendered":"<div class=\"flex max-w-full flex-col flex-grow\">\n<div class=\"min-h-[20px] text-message flex w-full flex-col items-end gap-2 whitespace-normal break-words [.text-message+&amp;]:mt-5\" dir=\"auto\" data-message-author-role=\"assistant\" data-message-id=\"5a0f762f-b3da-4e73-8630-b5ec1058c8fc\">\n<div class=\"flex w-full flex-col gap-1 empty:hidden first:pt-[3px]\">\n<div class=\"markdown prose w-full break-words dark:prose-invert light\">\n<h3>SX: Your Source for Reliable Flight Case Hinges<\/h3>\n<p>At SX, we specialize in high-quality flight case hinges designed for durability and reliability, ensuring your equipment is safe during transport.<\/p>\n<h3>Factory Direct Pricing for Quality Hinges<\/h3>\n<p>Benefit from competitive factory direct pricing on all flight case hinges, allowing you to stay within budget without sacrificing quality.<\/p>\n<h3>Versatile Options for Every Need<\/h3>\n<p>Our diverse selection includes standard and heavy-duty hinges, catering to various applications to meet the specific needs of professionals across industries.<\/p>\n<\/div>\n<\/div>\n<\/div>\n<\/div>\n","protected":false},"featured_media":4495,"comment_status":"open","ping_status":"closed","template":"","meta":[],"product_brand":[],"product_cat":[67],"product_tag":[],"class_list":{"0":"post-4542","1":"product","2":"type-product","3":"status-publish","4":"has-post-thumbnail","6":"product_cat-hingesstays","8":"first","9":"instock","10":"shipping-taxable","11":"product-type-simple"},"yoast_head":"<!-- This site is optimized with the Yoast SEO Premium plugin v27.1 (Yoast SEO v27.2) - https:\/\/yoast.com\/product\/yoast-seo-premium-wordpress\/ -->\n<title>Flight Case Hinges HIC101 - https:\/\/sxflightcase.com \ud83d\udc97<\/title>\n<meta name=\"description\" content=\"Discover high-quality flight case hinges from SX at factory direct prices. Enjoy fast delivery and reliable quality for your equipment protection.\" \/>\n<meta name=\"robots\" content=\"index, follow, max-snippet:-1, max-image-preview:large, max-video-preview:-1\" \/>\n<link rel=\"canonical\" href=\"https:\/\/sxflightcase.com\/fr\/produk\/flight-case-hinges-hic101\/\" \/>\n<meta property=\"og:locale\" content=\"fr_FR\" \/>\n<meta property=\"og:type\" content=\"article\" \/>\n<meta property=\"og:title\" content=\"Flight Case Hinges HIC101\" \/>\n<meta property=\"og:description\" content=\"Discover high-quality flight case hinges from SX at factory direct prices. Enjoy fast delivery and reliable quality for your equipment protection.\" \/>\n<meta property=\"og:url\" content=\"https:\/\/sxflightcase.com\/fr\/produk\/flight-case-hinges-hic101\/\" \/>\n<meta property=\"og:site_name\" content=\"https:\/\/sxflightcase.com\" \/>\n<meta property=\"article:publisher\" content=\"https:\/\/www.facebook.com\/profile.php?id=61560407257971\" \/>\n<meta property=\"og:image\" content=\"https:\/\/sxflightcase.com\/wp-content\/uploads\/2024\/09\/HIC101.jpg\" \/>\n\t<meta property=\"og:image:width\" content=\"700\" \/>\n\t<meta property=\"og:image:height\" content=\"700\" \/>\n\t<meta property=\"og:image:type\" content=\"image\/jpeg\" \/>\n<meta name=\"twitter:card\" content=\"summary_large_image\" \/>\n<meta name=\"twitter:label1\" content=\"Dur\u00e9e de lecture estim\u00e9e\" \/>\n\t<meta name=\"twitter:data1\" content=\"2 minutes\" \/>\n<script type=\"application\/ld+json\" class=\"yoast-schema-graph\">{\"@context\":\"https:\/\/schema.org\",\"@graph\":[{\"@type\":\"WebPage\",\"@id\":\"https:\/\/sxflightcase.com\/af\/produk\/flight-case-hinges-hic101\/\",\"url\":\"https:\/\/sxflightcase.com\/af\/produk\/flight-case-hinges-hic101\/\",\"name\":\"Flight Case Hinges HIC101 - https:\/\/sxflightcase.com \ud83d\udc97\",\"isPartOf\":{\"@id\":\"https:\/\/sxflightcase.com\/th\/#website\"},\"primaryImageOfPage\":{\"@id\":\"https:\/\/sxflightcase.com\/af\/produk\/flight-case-hinges-hic101\/#primaryimage\"},\"image\":{\"@id\":\"https:\/\/sxflightcase.com\/af\/produk\/flight-case-hinges-hic101\/#primaryimage\"},\"thumbnailUrl\":\"https:\/\/sxflightcase.com\/wp-content\/uploads\/2024\/09\/HIC101.jpg\",\"datePublished\":\"2024-09-24T06:44:19+00:00\",\"description\":\"Discover high-quality flight case hinges from SX at factory direct prices. Enjoy fast delivery and reliable quality for your equipment protection.\",\"breadcrumb\":{\"@id\":\"https:\/\/sxflightcase.com\/af\/produk\/flight-case-hinges-hic101\/#breadcrumb\"},\"inLanguage\":\"fr-FR\",\"potentialAction\":[{\"@type\":\"ReadAction\",\"target\":[\"https:\/\/sxflightcase.com\/af\/produk\/flight-case-hinges-hic101\/\"]}]},{\"@type\":\"ImageObject\",\"inLanguage\":\"fr-FR\",\"@id\":\"https:\/\/sxflightcase.com\/af\/produk\/flight-case-hinges-hic101\/#primaryimage\",\"url\":\"https:\/\/sxflightcase.com\/wp-content\/uploads\/2024\/09\/HIC101.jpg\",\"contentUrl\":\"https:\/\/sxflightcase.com\/wp-content\/uploads\/2024\/09\/HIC101.jpg\",\"width\":700,\"height\":700,\"caption\":\"Flight Case Hinges\"},{\"@type\":\"BreadcrumbList\",\"@id\":\"https:\/\/sxflightcase.com\/af\/produk\/flight-case-hinges-hic101\/#breadcrumb\",\"itemListElement\":[{\"@type\":\"ListItem\",\"position\":1,\"name\":\"Home\",\"item\":\"https:\/\/sxflightcase.com\/\"},{\"@type\":\"ListItem\",\"position\":2,\"name\":\"\u0e2a\u0e34\u0e19\u0e04\u0e49\u0e32\",\"item\":\"https:\/\/sxflightcase.com\/th\/shop\/\"},{\"@type\":\"ListItem\",\"position\":3,\"name\":\"Flight Case Hinges HIC101\"}]},{\"@type\":\"WebSite\",\"@id\":\"https:\/\/sxflightcase.com\/th\/#website\",\"url\":\"https:\/\/sxflightcase.com\/th\/\",\"name\":\"sxpowercase.com\",\"description\":\"Flight Case Factory\",\"publisher\":{\"@id\":\"https:\/\/sxflightcase.com\/th\/#organization\"},\"potentialAction\":[{\"@type\":\"SearchAction\",\"target\":{\"@type\":\"EntryPoint\",\"urlTemplate\":\"https:\/\/sxflightcase.com\/th\/?s={search_term_string}\"},\"query-input\":{\"@type\":\"PropertyValueSpecification\",\"valueRequired\":true,\"valueName\":\"search_term_string\"}}],\"inLanguage\":\"fr-FR\"},{\"@type\":\"Organization\",\"@id\":\"https:\/\/sxflightcase.com\/th\/#organization\",\"name\":\"sxpowercase.com\",\"url\":\"https:\/\/sxflightcase.com\/th\/\",\"logo\":{\"@type\":\"ImageObject\",\"inLanguage\":\"fr-FR\",\"@id\":\"https:\/\/sxflightcase.com\/th\/#\/schema\/logo\/image\/\",\"url\":\"https:\/\/sxflightcase.com\/wp-content\/uploads\/2024\/04\/1713919036007.jpg\",\"contentUrl\":\"https:\/\/sxflightcase.com\/wp-content\/uploads\/2024\/04\/1713919036007.jpg\",\"width\":382,\"height\":388,\"caption\":\"sxpowercase.com\"},\"image\":{\"@id\":\"https:\/\/sxflightcase.com\/th\/#\/schema\/logo\/image\/\"},\"sameAs\":[\"https:\/\/www.facebook.com\/profile.php?id=61560407257971\"],\"numberOfEmployees\":{\"@type\":\"QuantitativeValue\",\"minValue\":\"11\",\"maxValue\":\"50\"}}]}<\/script>\n<!-- \/ Yoast SEO Premium plugin. -->","yoast_head_json":{"title":"Flight Case Hinges HIC101 - https:\/\/sxflightcase.com \ud83d\udc97","description":"D\u00e9couvrez les charni\u00e8res de flight case de haute qualit\u00e9 de SX \u00e0 des prix directs d'usine. Profitez d'une livraison rapide et d'une qualit\u00e9 fiable pour la protection de votre \u00e9quipement.","robots":{"index":"index","follow":"follow","max-snippet":"max-snippet:-1","max-image-preview":"max-image-preview:large","max-video-preview":"max-video-preview:-1"},"canonical":"https:\/\/sxflightcase.com\/fr\/produk\/flight-case-hinges-hic101\/","og_locale":"fr_FR","og_type":"article","og_title":"Flight Case Hinges HIC101","og_description":"Discover high-quality flight case hinges from SX at factory direct prices. Enjoy fast delivery and reliable quality for your equipment protection.","og_url":"https:\/\/sxflightcase.com\/fr\/produk\/flight-case-hinges-hic101\/","og_site_name":"https:\/\/sxflightcase.com","article_publisher":"https:\/\/www.facebook.com\/profile.php?id=61560407257971","og_image":[{"width":700,"height":700,"url":"https:\/\/sxflightcase.com\/wp-content\/uploads\/2024\/09\/HIC101.jpg","type":"image\/jpeg"}],"twitter_card":"summary_large_image","twitter_misc":{"Dur\u00e9e de lecture estim\u00e9e":"2 minutes"},"schema":{"@context":"https:\/\/schema.org","@graph":[{"@type":"WebPage","@id":"https:\/\/sxflightcase.com\/af\/produk\/flight-case-hinges-hic101\/","url":"https:\/\/sxflightcase.com\/af\/produk\/flight-case-hinges-hic101\/","name":"Flight Case Hinges HIC101 - https:\/\/sxflightcase.com \ud83d\udc97","isPartOf":{"@id":"https:\/\/sxflightcase.com\/th\/#website"},"primaryImageOfPage":{"@id":"https:\/\/sxflightcase.com\/af\/produk\/flight-case-hinges-hic101\/#primaryimage"},"image":{"@id":"https:\/\/sxflightcase.com\/af\/produk\/flight-case-hinges-hic101\/#primaryimage"},"thumbnailUrl":"https:\/\/sxflightcase.com\/wp-content\/uploads\/2024\/09\/HIC101.jpg","datePublished":"2024-09-24T06:44:19+00:00","description":"D\u00e9couvrez les charni\u00e8res de flight case de haute qualit\u00e9 de SX \u00e0 des prix directs d'usine. Profitez d'une livraison rapide et d'une qualit\u00e9 fiable pour la protection de votre \u00e9quipement.","breadcrumb":{"@id":"https:\/\/sxflightcase.com\/af\/produk\/flight-case-hinges-hic101\/#breadcrumb"},"inLanguage":"fr-FR","potentialAction":[{"@type":"ReadAction","target":["https:\/\/sxflightcase.com\/af\/produk\/flight-case-hinges-hic101\/"]}]},{"@type":"ImageObject","inLanguage":"fr-FR","@id":"https:\/\/sxflightcase.com\/af\/produk\/flight-case-hinges-hic101\/#primaryimage","url":"https:\/\/sxflightcase.com\/wp-content\/uploads\/2024\/09\/HIC101.jpg","contentUrl":"https:\/\/sxflightcase.com\/wp-content\/uploads\/2024\/09\/HIC101.jpg","width":700,"height":700,"caption":"Flight Case Hinges"},{"@type":"BreadcrumbList","@id":"https:\/\/sxflightcase.com\/af\/produk\/flight-case-hinges-hic101\/#breadcrumb","itemListElement":[{"@type":"ListItem","position":1,"name":"Home","item":"https:\/\/sxflightcase.com\/"},{"@type":"ListItem","position":2,"name":"\u0e2a\u0e34\u0e19\u0e04\u0e49\u0e32","item":"https:\/\/sxflightcase.com\/th\/shop\/"},{"@type":"ListItem","position":3,"name":"Flight Case Hinges HIC101"}]},{"@type":"WebSite","@id":"https:\/\/sxflightcase.com\/th\/#website","url":"https:\/\/sxflightcase.com\/th\/","name":"sxpowercase.com","description":"Flight Case Factory","publisher":{"@id":"https:\/\/sxflightcase.com\/th\/#organization"},"potentialAction":[{"@type":"SearchAction","target":{"@type":"EntryPoint","urlTemplate":"https:\/\/sxflightcase.com\/th\/?s={search_term_string}"},"query-input":{"@type":"PropertyValueSpecification","valueRequired":true,"valueName":"search_term_string"}}],"inLanguage":"fr-FR"},{"@type":"Organization","@id":"https:\/\/sxflightcase.com\/th\/#organization","name":"sxpowercase.com","url":"https:\/\/sxflightcase.com\/th\/","logo":{"@type":"ImageObject","inLanguage":"fr-FR","@id":"https:\/\/sxflightcase.com\/th\/#\/schema\/logo\/image\/","url":"https:\/\/sxflightcase.com\/wp-content\/uploads\/2024\/04\/1713919036007.jpg","contentUrl":"https:\/\/sxflightcase.com\/wp-content\/uploads\/2024\/04\/1713919036007.jpg","width":382,"height":388,"caption":"sxpowercase.com"},"image":{"@id":"https:\/\/sxflightcase.com\/th\/#\/schema\/logo\/image\/"},"sameAs":["https:\/\/www.facebook.com\/profile.php?id=61560407257971"],"numberOfEmployees":{"@type":"QuantitativeValue","minValue":"11","maxValue":"50"}}]}},"_links":{"self":[{"href":"https:\/\/sxflightcase.com\/fr\/wp-json\/wp\/v2\/product\/4542","targetHints":{"allow":["GET"]}}],"collection":[{"href":"https:\/\/sxflightcase.com\/fr\/wp-json\/wp\/v2\/product"}],"about":[{"href":"https:\/\/sxflightcase.com\/fr\/wp-json\/wp\/v2\/types\/product"}],"replies":[{"embeddable":true,"href":"https:\/\/sxflightcase.com\/fr\/wp-json\/wp\/v2\/comments?post=4542"}],"version-history":[{"count":0,"href":"https:\/\/sxflightcase.com\/fr\/wp-json\/wp\/v2\/product\/4542\/revisions"}],"wp:featuredmedia":[{"embeddable":true,"href":"https:\/\/sxflightcase.com\/fr\/wp-json\/wp\/v2\/media\/4495"}],"wp:attachment":[{"href":"https:\/\/sxflightcase.com\/fr\/wp-json\/wp\/v2\/media?parent=4542"}],"wp:term":[{"taxonomy":"product_brand","embeddable":true,"href":"https:\/\/sxflightcase.com\/fr\/wp-json\/wp\/v2\/product_brand?post=4542"},{"taxonomy":"product_cat","embeddable":true,"href":"https:\/\/sxflightcase.com\/fr\/wp-json\/wp\/v2\/product_cat?post=4542"},{"taxonomy":"product_tag","embeddable":true,"href":"https:\/\/sxflightcase.com\/fr\/wp-json\/wp\/v2\/product_tag?post=4542"}],"curies":[{"name":"wp","href":"https:\/\/api.w.org\/{rel}","templated":true}]}}