{"id":4551,"date":"2024-09-25T07:26:27","date_gmt":"2024-09-25T06:26:27","guid":{"rendered":"https:\/\/sxpowercase.com\/?post_type=product&#038;p=4551"},"modified":"2024-09-25T07:26:28","modified_gmt":"2024-09-25T06:26:28","slug":"support-hinges-stb101","status":"publish","type":"product","link":"https:\/\/sxflightcase.com\/fr\/produit\/charnieres-de-support-stb101-2\/","title":{"rendered":"Charni\u00e8res de support STB101"},"content":{"rendered":"<h3>SX : Votre source fiable pour <strong>Charni\u00e8res de support<\/strong><\/h3>\n<p>Chez SX, nous sommes fiers d'\u00eatre un fournisseur de confiance de <strong>charni\u00e8res de support<\/strong> qui allient durabilit\u00e9 et prix abordable. Que ce soit pour des applications r\u00e9sidentielles, commerciales ou industrielles, nos charni\u00e8res sont con\u00e7ues pour offrir un soutien durable et une fonctionnalit\u00e9 sans faille. Avec <strong>la tarification directe \u00e0 l'usine<\/strong>vous pouvez \u00eatre assur\u00e9 d'obtenir des charni\u00e8res de qualit\u00e9 au meilleur prix possible, sans faire de compromis sur la qualit\u00e9 du travail ou la solidit\u00e9.<\/p>\n<h3>Une qualit\u00e9 sup\u00e9rieure \u00e0 des prix bas<\/h3>\n<p><a href=\"https:\/\/sxpowercase.com\/\" target=\"_blank\" rel=\"noopener\" title=\"SX\" data-wpil-monitor-id=\"783\">SX<\/a> comprend l'importance de la qualit\u00e9 lorsqu'il s'agit de <strong>charni\u00e8res de support<\/strong>. C'est pourquoi nous veillons \u00e0 ce que chaque produit soit fabriqu\u00e9 selon les normes les plus strictes, afin de vous offrir des charni\u00e8res qui r\u00e9sistent \u00e0 l'\u00e9preuve du temps. Gr\u00e2ce \u00e0 notre <strong>direct de l'usine<\/strong> nous sommes en mesure de supprimer les interm\u00e9diaires et de vous faire b\u00e9n\u00e9ficier directement de ces \u00e9conomies. Vous obtenez des produits de qualit\u00e9 sup\u00e9rieure \u00e0 <strong>des prix comp\u00e9titifs<\/strong>et b\u00e9n\u00e9ficient de notre garantie de qualit\u00e9.<\/p>\n<h3>Large \u00e9ventail d'applications<\/h3>\n<p>Notre <strong>charni\u00e8res de support<\/strong> sont polyvalentes, ce qui les rend adapt\u00e9es \u00e0 diverses applications telles que les armoires, les portes ou d'autres installations qui n\u00e9cessitent des charni\u00e8res solides et fiables. La gamme SX comprend une vari\u00e9t\u00e9 d'options qui r\u00e9pondent \u00e0 diff\u00e9rentes exigences, offrant \u00e0 la fois fonctionnalit\u00e9 et facilit\u00e9 d'installation. Nous veillons \u00e0 ce que chaque charni\u00e8re soit <strong>rentable<\/strong> sans sacrifier la qualit\u00e9.<\/p>\n<h3>L'engagement du SX en faveur de l'excellence<\/h3>\n<p>Ce qui diff\u00e9rencie SX, c'est son engagement en faveur d'un prix abordable et d'une qualit\u00e9 de service irr\u00e9prochable. <strong>assurance qualit\u00e9<\/strong>. Notre <strong>charni\u00e8res de support<\/strong> Les charni\u00e8res SX ne se contentent pas d'offrir des performances fiables, elles sont \u00e9galement soutenues par notre engagement \u00e0 respecter des normes de fabrication \u00e9lev\u00e9es. Avec SX, vous pouvez \u00eatre s\u00fbr que chaque charni\u00e8re que vous achetez est faite pour durer. Nos charni\u00e8res <strong>usine directe<\/strong> vous permet de b\u00e9n\u00e9ficier de la meilleure offre possible pour du mat\u00e9riel de haute qualit\u00e9.<\/p>\n<h3>Pourquoi choisir SX?<\/h3>\n<p>SX est la marque de r\u00e9f\u00e9rence pour les produits de haute performance. <strong>charni\u00e8res de support<\/strong> qui ne vous ruinera pas. Nous sommes convaincus qu'il faut allier prix abordable et qualit\u00e9, en veillant \u00e0 ce que chaque charni\u00e8re soit con\u00e7ue pour fonctionner et durer. Nos produits sont id\u00e9aux pour ceux qui recherchent des solutions durables \u00e0 un prix abordable. <strong>des prix abordables<\/strong>. En choisissant SX, vous investissez dans l'excellence.<\/p>\n<h3>Conclusion<\/h3>\n<p>Choisissez SX pour votre <strong>charni\u00e8res de support<\/strong> et de profiter du meilleur des deux mondes : <strong>qualit\u00e9 et prix abordable<\/strong>. Notre mod\u00e8le d'usine directe et notre engagement \u00e0 <strong>un savoir-faire sup\u00e9rieur<\/strong> font de nous le fournisseur privil\u00e9gi\u00e9 des clients qui recherchent l'\u00e9quilibre parfait entre prix et fiabilit\u00e9.<\/p>\n<ol>\n<li>Contactez-nous maintenant :<span style=\"color: #0000ff;\"><a style=\"color: #0000ff;\" href=\"https:\/\/sxpowercase.com\/contact-us\/\">https:\/\/sxpowercase.com\/<\/a><\/span><\/li>\n<li>Catalogue de produits mat\u00e9riels :<span style=\"color: #0000ff;\"><a style=\"color: #0000ff;\" href=\"https:\/\/sxpowercase.com\/wp-content\/uploads\/2024\/07\/\u4e94\u91d1.pdf\">Catalogue d&#039;accessoires de quincaillerie<\/a><\/span><\/li>\n<\/ol>","protected":false},"excerpt":{"rendered":"<h3>Des charni\u00e8res de support durables \u00e0 des prix abordables<\/h3>\n<p>SX propose des charni\u00e8res de support de haute qualit\u00e9 con\u00e7ues pour une performance durable dans les applications r\u00e9sidentielles, commerciales et industrielles, le tout \u00e0 des prix comp\u00e9titifs en direct de l'usine.<\/p>\n<h3>Des solutions polyvalentes et rentables<\/h3>\n<p>Nos charni\u00e8res de support sont polyvalentes et faciles \u00e0 installer, ce qui les rend adapt\u00e9es aux armoires, aux portes et autres, sans compromis sur la durabilit\u00e9 ou le co\u00fbt.<\/p>\n<h3>Excellence en mati\u00e8re de qualit\u00e9 et d'accessibilit\u00e9 financi\u00e8re<\/h3>\n<p>SX allie savoir-faire et prix abordable, en veillant \u00e0 ce que chaque charni\u00e8re de support r\u00e9ponde \u00e0 des normes de qualit\u00e9 strictes tout en offrant le meilleur rapport qualit\u00e9-prix.<\/p>","protected":false},"featured_media":4501,"comment_status":"open","ping_status":"closed","template":"","meta":[],"product_brand":[],"product_cat":[67],"product_tag":[],"class_list":{"0":"post-4551","1":"product","2":"type-product","3":"status-publish","4":"has-post-thumbnail","6":"product_cat-hingesstays","8":"first","9":"instock","10":"shipping-taxable","11":"product-type-simple"},"yoast_head":"<!-- This site is optimized with the Yoast SEO Premium plugin v27.1 (Yoast SEO v27.2) - https:\/\/yoast.com\/product\/yoast-seo-premium-wordpress\/ -->\n<title>Support Hinges STB101 - https:\/\/sxflightcase.com \ud83d\udc97<\/title>\n<meta name=\"description\" content=\"SX offers high-quality support hinges at factory-direct prices. Durable, reliable, and affordable, SX is your trusted source for hinges.\" \/>\n<meta name=\"robots\" content=\"index, follow, max-snippet:-1, max-image-preview:large, max-video-preview:-1\" \/>\n<link rel=\"canonical\" href=\"https:\/\/sxflightcase.com\/fr\/\u4ea7\u54c1\/\u652f\u6491\u94f0\u94fe-stb101-2\/\" \/>\n<meta property=\"og:locale\" content=\"fr_FR\" \/>\n<meta property=\"og:type\" content=\"article\" \/>\n<meta property=\"og:title\" content=\"Support Hinges STB101\" \/>\n<meta property=\"og:description\" content=\"SX offers high-quality support hinges at factory-direct prices. Durable, reliable, and affordable, SX is your trusted source for hinges.\" \/>\n<meta property=\"og:url\" content=\"https:\/\/sxflightcase.com\/fr\/\u4ea7\u54c1\/\u652f\u6491\u94f0\u94fe-stb101-2\/\" \/>\n<meta property=\"og:site_name\" content=\"https:\/\/sxflightcase.com\" \/>\n<meta property=\"article:publisher\" content=\"https:\/\/www.facebook.com\/profile.php?id=61560407257971\" \/>\n<meta property=\"article:modified_time\" content=\"2024-09-25T06:26:28+00:00\" \/>\n<meta property=\"og:image\" content=\"https:\/\/sxflightcase.com\/wp-content\/uploads\/2024\/09\/STB101.jpg\" \/>\n\t<meta property=\"og:image:width\" content=\"700\" \/>\n\t<meta property=\"og:image:height\" content=\"700\" \/>\n\t<meta property=\"og:image:type\" content=\"image\/jpeg\" \/>\n<meta name=\"twitter:card\" content=\"summary_large_image\" \/>\n<meta name=\"twitter:label1\" content=\"Dur\u00e9e de lecture estim\u00e9e\" \/>\n\t<meta name=\"twitter:data1\" content=\"3 minutes\" \/>\n<script type=\"application\/ld+json\" class=\"yoast-schema-graph\">{\"@context\":\"https:\/\/schema.org\",\"@graph\":[{\"@type\":\"WebPage\",\"@id\":\"https:\/\/sxflightcase.com\/zh\/\u4ea7\u54c1\/\u652f\u6491\u94f0\u94fe-stb101-2\/\",\"url\":\"https:\/\/sxflightcase.com\/zh\/\u4ea7\u54c1\/\u652f\u6491\u94f0\u94fe-stb101-2\/\",\"name\":\"Support Hinges STB101 - https:\/\/sxflightcase.com \ud83d\udc97\",\"isPartOf\":{\"@id\":\"https:\/\/sxflightcase.com\/th\/#website\"},\"primaryImageOfPage\":{\"@id\":\"https:\/\/sxflightcase.com\/zh\/\u4ea7\u54c1\/\u652f\u6491\u94f0\u94fe-stb101-2\/#primaryimage\"},\"image\":{\"@id\":\"https:\/\/sxflightcase.com\/zh\/\u4ea7\u54c1\/\u652f\u6491\u94f0\u94fe-stb101-2\/#primaryimage\"},\"thumbnailUrl\":\"https:\/\/sxflightcase.com\/wp-content\/uploads\/2024\/09\/STB101.jpg\",\"datePublished\":\"2024-09-25T06:26:27+00:00\",\"dateModified\":\"2024-09-25T06:26:28+00:00\",\"description\":\"SX offers high-quality support hinges at factory-direct prices. Durable, reliable, and affordable, SX is your trusted source for hinges.\",\"breadcrumb\":{\"@id\":\"https:\/\/sxflightcase.com\/zh\/\u4ea7\u54c1\/\u652f\u6491\u94f0\u94fe-stb101-2\/#breadcrumb\"},\"inLanguage\":\"fr-FR\",\"potentialAction\":[{\"@type\":\"ReadAction\",\"target\":[\"https:\/\/sxflightcase.com\/zh\/\u4ea7\u54c1\/\u652f\u6491\u94f0\u94fe-stb101-2\/\"]}]},{\"@type\":\"ImageObject\",\"inLanguage\":\"fr-FR\",\"@id\":\"https:\/\/sxflightcase.com\/zh\/\u4ea7\u54c1\/\u652f\u6491\u94f0\u94fe-stb101-2\/#primaryimage\",\"url\":\"https:\/\/sxflightcase.com\/wp-content\/uploads\/2024\/09\/STB101.jpg\",\"contentUrl\":\"https:\/\/sxflightcase.com\/wp-content\/uploads\/2024\/09\/STB101.jpg\",\"width\":700,\"height\":700,\"caption\":\"Support Hinges\"},{\"@type\":\"BreadcrumbList\",\"@id\":\"https:\/\/sxflightcase.com\/zh\/\u4ea7\u54c1\/\u652f\u6491\u94f0\u94fe-stb101-2\/#breadcrumb\",\"itemListElement\":[{\"@type\":\"ListItem\",\"position\":1,\"name\":\"Home\",\"item\":\"https:\/\/sxflightcase.com\/\"},{\"@type\":\"ListItem\",\"position\":2,\"name\":\"\u0e2a\u0e34\u0e19\u0e04\u0e49\u0e32\",\"item\":\"https:\/\/sxflightcase.com\/th\/shop\/\"},{\"@type\":\"ListItem\",\"position\":3,\"name\":\"Support Hinges STB101\"}]},{\"@type\":\"WebSite\",\"@id\":\"https:\/\/sxflightcase.com\/th\/#website\",\"url\":\"https:\/\/sxflightcase.com\/th\/\",\"name\":\"sxpowercase.com\",\"description\":\"Flight Case Factory\",\"publisher\":{\"@id\":\"https:\/\/sxflightcase.com\/th\/#organization\"},\"potentialAction\":[{\"@type\":\"SearchAction\",\"target\":{\"@type\":\"EntryPoint\",\"urlTemplate\":\"https:\/\/sxflightcase.com\/th\/?s={search_term_string}\"},\"query-input\":{\"@type\":\"PropertyValueSpecification\",\"valueRequired\":true,\"valueName\":\"search_term_string\"}}],\"inLanguage\":\"fr-FR\"},{\"@type\":\"Organization\",\"@id\":\"https:\/\/sxflightcase.com\/th\/#organization\",\"name\":\"sxpowercase.com\",\"url\":\"https:\/\/sxflightcase.com\/th\/\",\"logo\":{\"@type\":\"ImageObject\",\"inLanguage\":\"fr-FR\",\"@id\":\"https:\/\/sxflightcase.com\/th\/#\/schema\/logo\/image\/\",\"url\":\"https:\/\/sxflightcase.com\/wp-content\/uploads\/2024\/04\/1713919036007.jpg\",\"contentUrl\":\"https:\/\/sxflightcase.com\/wp-content\/uploads\/2024\/04\/1713919036007.jpg\",\"width\":382,\"height\":388,\"caption\":\"sxpowercase.com\"},\"image\":{\"@id\":\"https:\/\/sxflightcase.com\/th\/#\/schema\/logo\/image\/\"},\"sameAs\":[\"https:\/\/www.facebook.com\/profile.php?id=61560407257971\"],\"numberOfEmployees\":{\"@type\":\"QuantitativeValue\",\"minValue\":\"11\",\"maxValue\":\"50\"}}]}<\/script>\n<!-- \/ Yoast SEO Premium plugin. -->","yoast_head_json":{"title":"Support Hinges STB101 - https:\/\/sxflightcase.com \ud83d\udc97","description":"SX offre des charni\u00e8res de support de haute qualit\u00e9 \u00e0 des prix d'usine. Durable, fiable et abordable, SX est votre source de confiance pour les charni\u00e8res.","robots":{"index":"index","follow":"follow","max-snippet":"max-snippet:-1","max-image-preview":"max-image-preview:large","max-video-preview":"max-video-preview:-1"},"canonical":"https:\/\/sxflightcase.com\/fr\/\u4ea7\u54c1\/\u652f\u6491\u94f0\u94fe-stb101-2\/","og_locale":"fr_FR","og_type":"article","og_title":"Support Hinges STB101","og_description":"SX offers high-quality support hinges at factory-direct prices. Durable, reliable, and affordable, SX is your trusted source for hinges.","og_url":"https:\/\/sxflightcase.com\/fr\/\u4ea7\u54c1\/\u652f\u6491\u94f0\u94fe-stb101-2\/","og_site_name":"https:\/\/sxflightcase.com","article_publisher":"https:\/\/www.facebook.com\/profile.php?id=61560407257971","article_modified_time":"2024-09-25T06:26:28+00:00","og_image":[{"width":700,"height":700,"url":"https:\/\/sxflightcase.com\/wp-content\/uploads\/2024\/09\/STB101.jpg","type":"image\/jpeg"}],"twitter_card":"summary_large_image","twitter_misc":{"Dur\u00e9e de lecture estim\u00e9e":"3 minutes"},"schema":{"@context":"https:\/\/schema.org","@graph":[{"@type":"WebPage","@id":"https:\/\/sxflightcase.com\/zh\/\u4ea7\u54c1\/\u652f\u6491\u94f0\u94fe-stb101-2\/","url":"https:\/\/sxflightcase.com\/zh\/\u4ea7\u54c1\/\u652f\u6491\u94f0\u94fe-stb101-2\/","name":"Support Hinges STB101 - https:\/\/sxflightcase.com \ud83d\udc97","isPartOf":{"@id":"https:\/\/sxflightcase.com\/th\/#website"},"primaryImageOfPage":{"@id":"https:\/\/sxflightcase.com\/zh\/\u4ea7\u54c1\/\u652f\u6491\u94f0\u94fe-stb101-2\/#primaryimage"},"image":{"@id":"https:\/\/sxflightcase.com\/zh\/\u4ea7\u54c1\/\u652f\u6491\u94f0\u94fe-stb101-2\/#primaryimage"},"thumbnailUrl":"https:\/\/sxflightcase.com\/wp-content\/uploads\/2024\/09\/STB101.jpg","datePublished":"2024-09-25T06:26:27+00:00","dateModified":"2024-09-25T06:26:28+00:00","description":"SX offre des charni\u00e8res de support de haute qualit\u00e9 \u00e0 des prix d'usine. Durable, fiable et abordable, SX est votre source de confiance pour les charni\u00e8res.","breadcrumb":{"@id":"https:\/\/sxflightcase.com\/zh\/\u4ea7\u54c1\/\u652f\u6491\u94f0\u94fe-stb101-2\/#breadcrumb"},"inLanguage":"fr-FR","potentialAction":[{"@type":"ReadAction","target":["https:\/\/sxflightcase.com\/zh\/\u4ea7\u54c1\/\u652f\u6491\u94f0\u94fe-stb101-2\/"]}]},{"@type":"ImageObject","inLanguage":"fr-FR","@id":"https:\/\/sxflightcase.com\/zh\/\u4ea7\u54c1\/\u652f\u6491\u94f0\u94fe-stb101-2\/#primaryimage","url":"https:\/\/sxflightcase.com\/wp-content\/uploads\/2024\/09\/STB101.jpg","contentUrl":"https:\/\/sxflightcase.com\/wp-content\/uploads\/2024\/09\/STB101.jpg","width":700,"height":700,"caption":"Support Hinges"},{"@type":"BreadcrumbList","@id":"https:\/\/sxflightcase.com\/zh\/\u4ea7\u54c1\/\u652f\u6491\u94f0\u94fe-stb101-2\/#breadcrumb","itemListElement":[{"@type":"ListItem","position":1,"name":"Home","item":"https:\/\/sxflightcase.com\/"},{"@type":"ListItem","position":2,"name":"\u0e2a\u0e34\u0e19\u0e04\u0e49\u0e32","item":"https:\/\/sxflightcase.com\/th\/shop\/"},{"@type":"ListItem","position":3,"name":"Support Hinges STB101"}]},{"@type":"WebSite","@id":"https:\/\/sxflightcase.com\/th\/#website","url":"https:\/\/sxflightcase.com\/th\/","name":"sxpowercase.com","description":"Flight Case Factory","publisher":{"@id":"https:\/\/sxflightcase.com\/th\/#organization"},"potentialAction":[{"@type":"SearchAction","target":{"@type":"EntryPoint","urlTemplate":"https:\/\/sxflightcase.com\/th\/?s={search_term_string}"},"query-input":{"@type":"PropertyValueSpecification","valueRequired":true,"valueName":"search_term_string"}}],"inLanguage":"fr-FR"},{"@type":"Organization","@id":"https:\/\/sxflightcase.com\/th\/#organization","name":"sxpowercase.com","url":"https:\/\/sxflightcase.com\/th\/","logo":{"@type":"ImageObject","inLanguage":"fr-FR","@id":"https:\/\/sxflightcase.com\/th\/#\/schema\/logo\/image\/","url":"https:\/\/sxflightcase.com\/wp-content\/uploads\/2024\/04\/1713919036007.jpg","contentUrl":"https:\/\/sxflightcase.com\/wp-content\/uploads\/2024\/04\/1713919036007.jpg","width":382,"height":388,"caption":"sxpowercase.com"},"image":{"@id":"https:\/\/sxflightcase.com\/th\/#\/schema\/logo\/image\/"},"sameAs":["https:\/\/www.facebook.com\/profile.php?id=61560407257971"],"numberOfEmployees":{"@type":"QuantitativeValue","minValue":"11","maxValue":"50"}}]}},"_links":{"self":[{"href":"https:\/\/sxflightcase.com\/fr\/wp-json\/wp\/v2\/product\/4551","targetHints":{"allow":["GET"]}}],"collection":[{"href":"https:\/\/sxflightcase.com\/fr\/wp-json\/wp\/v2\/product"}],"about":[{"href":"https:\/\/sxflightcase.com\/fr\/wp-json\/wp\/v2\/types\/product"}],"replies":[{"embeddable":true,"href":"https:\/\/sxflightcase.com\/fr\/wp-json\/wp\/v2\/comments?post=4551"}],"version-history":[{"count":0,"href":"https:\/\/sxflightcase.com\/fr\/wp-json\/wp\/v2\/product\/4551\/revisions"}],"wp:featuredmedia":[{"embeddable":true,"href":"https:\/\/sxflightcase.com\/fr\/wp-json\/wp\/v2\/media\/4501"}],"wp:attachment":[{"href":"https:\/\/sxflightcase.com\/fr\/wp-json\/wp\/v2\/media?parent=4551"}],"wp:term":[{"taxonomy":"product_brand","embeddable":true,"href":"https:\/\/sxflightcase.com\/fr\/wp-json\/wp\/v2\/product_brand?post=4551"},{"taxonomy":"product_cat","embeddable":true,"href":"https:\/\/sxflightcase.com\/fr\/wp-json\/wp\/v2\/product_cat?post=4551"},{"taxonomy":"product_tag","embeddable":true,"href":"https:\/\/sxflightcase.com\/fr\/wp-json\/wp\/v2\/product_tag?post=4551"}],"curies":[{"name":"wp","href":"https:\/\/api.w.org\/{rel}","templated":true}]}}