{"id":1058,"date":"2024-05-06T04:04:43","date_gmt":"2024-05-06T03:04:43","guid":{"rendered":"https:\/\/sxpowercase.com\/?post_type=product&#038;p=1058"},"modified":"2025-02-17T22:56:11","modified_gmt":"2025-02-18T06:56:11","slug":"amp-flight-case-8u-10u-12u","status":"publish","type":"product","link":"https:\/\/sxflightcase.com\/hu\/termek\/erosito-repulo-tok-8u-10u-12u-2\/","title":{"rendered":"Customize Flight Case 8u 10u 12u"},"content":{"rendered":"<h2 data-start=\"118\" data-end=\"181\">Friss\u00edtse a felszerel\u00e9s v\u00e9delm\u00e9t az SX testreszabott rep\u00fcl\u00e9si tokj\u00e1val<\/h2>\n<h3 data-start=\"183\" data-end=\"231\"><strong data-start=\"187\" data-end=\"231\">P\u00e1ratlan v\u00e9delem az er\u0151s\u00edt\u0151k sz\u00e1m\u00e1ra<\/strong><\/h3>\n<p data-start=\"233\" data-end=\"563\">Amikor az \u00e9rt\u00e9kes \u00e1ruk sz\u00e1ll\u00edt\u00e1s\u00e1r\u00f3l van sz\u00f3 <strong data-start=\"277\" data-end=\"291\">er\u0151s\u00edt\u0151k<\/strong>, a biztons\u00e1guk garant\u00e1l\u00e1sa kulcsfontoss\u00e1g\u00fa. SX <a href=\"https:\/\/sxpowercase.com\/product\/stage-lighting-flight-case\/\"><strong data-start=\"332\" data-end=\"358\">testreszabott rep\u00fcl\u00e9si tokok<\/strong><\/a> a v\u00e9gs\u0151 v\u00e9delmet ny\u00fajtj\u00e1k, prec\u00edzen \u00e9s a r\u00e9szletekre odafigyelve. Ak\u00e1r koncertre, turn\u00e9ra vagy st\u00fadi\u00f3ba tart, ezek a rep\u00fcl\u0151 tokok \u00fagy vannak kialak\u00edtva, hogy biztons\u00e1gban \u00e9s s\u00e9r\u00fcl\u00e9smentesen tarts\u00e1k felszerel\u00e9s\u00e9t.<\/p>\n<h3 data-start=\"565\" data-end=\"612\"><strong data-start=\"569\" data-end=\"612\">Mi\u00e9rt v\u00e1lassza az SX testreszabott rep\u00fcl\u00e9si tokjait?<\/strong><\/h3>\n<p data-start=\"614\" data-end=\"1059\">Az SX-n\u00e9l meg\u00e9rtj\u00fck, hogy minden er\u0151s\u00edt\u0151 a legjobb v\u00e9delmet \u00e9rdemli. A <strong data-start=\"690\" data-end=\"716\">testreszab\u00e1s <a href=\"https:\/\/sxpowercase.com\/product\/mixer-case-rack\/\">rep\u00fcl\u0151t\u00e1sk\u00e1k<\/a><\/strong> a tart\u00f3ss\u00e1g \u00e9s a funkcionalit\u00e1s szem el\u0151tt tart\u00e1s\u00e1val tervezt\u00e9k. A <strong data-start=\"778\" data-end=\"810\">nagy s\u0171r\u0171s\u00e9g\u0171 \u00fct\u00e9s\u00e1ll\u00f3 hab<\/strong> \u00e9s massz\u00edv <strong data-start=\"822\" data-end=\"840\">alum\u00ednium keret<\/strong> fel\u00e9p\u00edt\u00e9s\u0171 tokjaink megv\u00e9dik er\u0151s\u00edt\u0151it az \u00fct\u00e9sekt\u0151l, rezg\u00e9sekt\u0151l \u00e9s a durva kezel\u00e9st\u0151l. Ak\u00e1r egy <strong data-start=\"959\" data-end=\"972\">kombin\u00e1lt er\u0151s\u00edt\u0151<\/strong> vagy <strong data-start=\"976\" data-end=\"997\">\u00e1llv\u00e1nyra szerelt fogasker\u00e9k<\/strong>, biztos\u00edtjuk, hogy a berendez\u00e9s s\u00e9rtetlen maradjon a sz\u00e1ll\u00edt\u00e1s sor\u00e1n.<\/p>\n<h3 data-start=\"1061\" data-end=\"1106\"><strong data-start=\"1065\" data-end=\"1106\">Egyedi megold\u00e1sok az \u00d6n er\u0151s\u00edt\u0151j\u00e9re szabva<\/strong><\/h3>\n<p data-start=\"1108\" data-end=\"1498\">Nincs k\u00e9t egyforma er\u0151s\u00edt\u0151, \u00e9s ez az oka annak, hogy <strong data-start=\"1155\" data-end=\"1161\">SX<\/strong> szakter\u00fclete <strong data-start=\"1177\" data-end=\"1203\">testreszabott rep\u00fcl\u00e9si tokok<\/strong>. Tervez\u0151csapatunk szorosan egy\u00fcttm\u0171k\u00f6dik \u00d6nnel, hogy olyan tokot fejlesszen ki, amely megfelel az \u00d6n er\u0151s\u00edt\u0151j\u00e9nek m\u00e9reteinek, biztos\u00edtva a k\u00e9nyelmes \u00e9s biztons\u00e1gos illeszked\u00e9st. Testreszab\u00e1st k\u00edn\u00e1lunk a k\u00f6vetkez\u0151k tekintet\u00e9ben <strong data-start=\"1368\" data-end=\"1376\">m\u00e9ret<\/strong>, <strong data-start=\"1378\" data-end=\"1391\">anyagok<\/strong>, <strong data-start=\"1393\" data-end=\"1418\">bels\u0151 t\u00e9r hab design<\/strong>, <strong data-start=\"1420\" data-end=\"1431\">foganty\u00fak<\/strong>, <strong data-start=\"1433\" data-end=\"1442\">z\u00e1rak<\/strong>, \u00e9s m\u00e9g sok minden m\u00e1s, \u00edgy egy olyan rep\u00fcl\u0151t\u00e1sk\u00e1t kapsz, amely val\u00f3ban a ti\u00e9d.<\/p>\n<h3 data-start=\"1500\" data-end=\"1570\"><strong data-start=\"1504\" data-end=\"1570\">N\u00f6velje szakmai im\u00e1zs\u00e1t az SX testreszabott rep\u00fcl\u00e9si tokjaival<\/strong><\/h3>\n<p data-start=\"1572\" data-end=\"1895\">Egy <strong data-start=\"1580\" data-end=\"1605\">testreszabott rep\u00fcl\u00e9si tok<\/strong> az SX-t\u0151l nem csak a felszerel\u00e9s\u00e9t v\u00e9di, hanem az \u00d6n szakmai im\u00e1zs\u00e1t is jav\u00edtja. \u00dcgyfelei \u00e9s partnerei \u00e9rt\u00e9kelni fogj\u00e1k a r\u00e9szletekre val\u00f3 odafigyel\u00e9s\u00e9t \u00e9s a felszerel\u00e9s\u00e9nek v\u00e9delme ir\u00e1nti elk\u00f6telezetts\u00e9g\u00e9t. Ez hitelesebb\u00e9 \u00e9s megb\u00edzhat\u00f3bb\u00e1 teszi m\u00e1rk\u00e1j\u00e1t, \u00e9s seg\u00edt kit\u0171nni a versenyz\u0151 piacon.<\/p>\n<h3 data-start=\"1897\" data-end=\"1964\"><strong data-start=\"1901\" data-end=\"1964\">Hat\u00e9kony \u00e9s k\u00e9nyelmes kialak\u00edt\u00e1s az \u00faton l\u00e9v\u0151 szakemberek sz\u00e1m\u00e1ra<\/strong><\/h3>\n<p data-start=\"1966\" data-end=\"2364\">A <strong data-start=\"1970\" data-end=\"1996\">testreszabott rep\u00fcl\u00e9si tokok<\/strong> a k\u00e9nyelmet szem el\u0151tt tartva tervezt\u00e9k. Az olyan funkci\u00f3k, mint <strong data-start=\"2050\" data-end=\"2070\">be\u00e9p\u00edtett foganty\u00fak<\/strong>, <strong data-start=\"2072\" data-end=\"2093\">nagy teherb\u00edr\u00e1s\u00fa kerekek<\/strong>, \u00e9s <strong data-start=\"2099\" data-end=\"2118\">pillang\u00f3 z\u00e1rak<\/strong> biztos\u00edtja, hogy a felszerel\u00e9s sz\u00e1ll\u00edt\u00e1sa k\u00f6nnyed\u00e9n menjen. Nincs t\u00f6bb\u00e9 neh\u00e9zkes tokokkal val\u00f3 bajl\u00f3d\u00e1s - csak z\u00f6kken\u0151mentes, probl\u00e9mamentes mozgat\u00e1s koncertr\u0151l koncertre. Az SX seg\u00edts\u00e9g\u00e9vel kevesebb id\u0151t t\u00f6ltesz a felszerel\u00e9s v\u00e9delm\u00e9vel, \u00e9s t\u00f6bb id\u0151t ford\u00edthatsz a teljes\u00edtm\u00e9nyedre.<\/p>\n<h3 data-start=\"2366\" data-end=\"2427\"><strong data-start=\"2370\" data-end=\"2427\">B\u0151v\u00edtse v\u00e1llalkoz\u00e1s\u00e1t az SX testreszabott rep\u00fcl\u00e9si tokjaival<\/strong><\/h3>\n<p data-start=\"2429\" data-end=\"2758\">Az SX-be t\u00f6rt\u00e9n\u0151 befektet\u00e9ssel <strong data-start=\"2450\" data-end=\"2476\">testreszabott rep\u00fcl\u00e9si tokok<\/strong>, nem csak a felszerel\u00e9s\u00e9t v\u00e9di, hanem v\u00e1llalkoz\u00e1s\u00e1nak n\u00f6veked\u00e9s\u00e9be is befektet. A biztons\u00e1gos, professzion\u00e1lis megjelen\u00e9s\u0171 felszerel\u00e9sv\u00e9delemmel t\u00f6bb \u00fcgyfelet vonz, t\u00f6bb fell\u00e9p\u00e9st biztos\u00edt, \u00e9s v\u00e9gs\u0151 soron n\u00f6veli bev\u00e9teleit. V\u00e1lassza az SX-et, \u00e9s emelje v\u00e1llalkoz\u00e1s\u00e1t \u00faj magass\u00e1gokba.<\/p>\n<h3 data-start=\"2760\" data-end=\"2800\"><strong data-start=\"2764\" data-end=\"2800\">Garant\u00e1lt \u00fcgyf\u00e9l-el\u00e9gedetts\u00e9g<\/strong><\/h3>\n<p data-start=\"2802\" data-end=\"3064\">Az SX-n\u00e9l elk\u00f6telezettek vagyunk a legmagasabb szint\u0171 \u00fcgyf\u00e9l-el\u00e9gedetts\u00e9g biztos\u00edt\u00e1sa ir\u00e1nt. A <strong data-start=\"2887\" data-end=\"2913\">testreszabott rep\u00fcl\u00e9si tokok<\/strong> vil\u00e1gszerte megb\u00edznak tart\u00f3ss\u00e1guk, min\u0151s\u00e9g\u00fck \u00e9s megb\u00edzhat\u00f3s\u00e1guk miatt. Csatlakozzon ahhoz a sok szakemberhez, akik az SX-re t\u00e1maszkodnak \u00e9rt\u00e9kes er\u0151s\u00edt\u0151ik v\u00e9delm\u00e9ben.<\/p>\n<h3 data-start=\"3066\" data-end=\"3117\"><strong data-start=\"3070\" data-end=\"3117\">Az SX testreszabott rep\u00fcl\u00e9si tokok legfontosabb jellemz\u0151i<\/strong><\/h3>\n<ul data-start=\"3119\" data-end=\"3529\">\n<li data-start=\"3119\" data-end=\"3173\"><strong data-start=\"3121\" data-end=\"3134\">Anyag:<\/strong> Alum\u00ednium keret + t\u0171z\u00e1ll\u00f3 9 mm-es r\u00e9tegelt lemez<\/li>\n<li data-start=\"3174\" data-end=\"3218\"><strong data-start=\"3176\" data-end=\"3189\">Bels\u0151 t\u00e9r:<\/strong> Nagy s\u0171r\u0171s\u00e9g\u0171 \u00fct\u00e9s\u00e1ll\u00f3 hab<\/li>\n<li data-start=\"3219\" data-end=\"3292\"><strong data-start=\"3221\" data-end=\"3239\">Testreszab\u00e1s:<\/strong> Az \u00d6n berendez\u00e9s\u00e9nek m\u00e9ret\u00e9re \u00e9s specifik\u00e1ci\u00f3ira szabva<\/li>\n<li data-start=\"3293\" data-end=\"3347\"><strong data-start=\"3295\" data-end=\"3307\">Csomagol\u00e1s:<\/strong> Bubor\u00e9kos zs\u00e1k + karton a biztons\u00e1gos sz\u00e1ll\u00edt\u00e1shoz<\/li>\n<li data-start=\"3348\" data-end=\"3383\"><strong data-start=\"3350\" data-end=\"3366\">Mintaid\u0151:<\/strong> 3-5 munkanap<\/li>\n<li data-start=\"3384\" data-end=\"3427\"><strong data-start=\"3386\" data-end=\"3408\">Hivatalos rendel\u00e9si id\u0151:<\/strong> 15-20 munkanap<\/li>\n<li data-start=\"3428\" data-end=\"3529\"><strong data-start=\"3430\" data-end=\"3446\">Tartoz\u00e9kok:<\/strong> N\u00e9gy pillang\u00f3z\u00e1r, n\u00e9gy ker\u00e9k \u00e9s n\u00e9gy er\u0151s foganty\u00fa a k\u00f6nny\u0171 sz\u00e1ll\u00edt\u00e1shoz<\/li>\n<\/ul>\n<h3 data-start=\"3531\" data-end=\"3577\"><strong data-start=\"3535\" data-end=\"3577\">GYIK az SX testreszabott rep\u00fcl\u00e9si tokokr\u00f3l<\/strong><\/h3>\n<p data-start=\"3579\" data-end=\"3745\"><strong data-start=\"3579\" data-end=\"3652\">K: Az SX testre szabhatja a testreszabott rep\u00fcl\u00e9si tokok hab bels\u0151 ter\u00e9t?<\/strong><br data-start=\"3652\" data-end=\"3655\" \/><strong data-start=\"3655\" data-end=\"3661\">A:<\/strong> Igen! Mi biztos\u00edtjuk <strong data-start=\"3678\" data-end=\"3703\">egyedi hab bels\u0151 terek<\/strong> \u00fagy tervezt\u00e9k, hogy pontosan illeszkedjen az er\u0151s\u00edt\u0151j\u00e9hez.<\/p>\n<p data-start=\"3747\" data-end=\"3982\"><strong data-start=\"3747\" data-end=\"3837\">K: Az SX testreszabott rep\u00fcl\u0151 tokjai alkalmasak mind a combo er\u0151s\u00edt\u0151k, mind a rackbe szerelt felszerel\u00e9sek sz\u00e1m\u00e1ra?<\/strong><br data-start=\"3837\" data-end=\"3840\" \/><strong data-start=\"3840\" data-end=\"3846\">A:<\/strong> Abszol\u00fat! Mi tervezz\u00fck <strong data-start=\"3869\" data-end=\"3890\">egyedi k\u00f6z\u00fati tokok<\/strong> az er\u0151s\u00edt\u0151 konfigur\u00e1ci\u00f3k sz\u00e9les sk\u00e1l\u00e1j\u00e1hoz, bele\u00e9rtve a k\u00f6vetkez\u0151ket is <strong data-start=\"3941\" data-end=\"3955\">kombin\u00e1lt er\u0151s\u00edt\u0151k<\/strong> \u00e9s <strong data-start=\"3960\" data-end=\"3981\">\u00e1llv\u00e1nyra szerelt fogasker\u00e9k<\/strong>.<\/p>\n<p data-start=\"3984\" data-end=\"4200\"><strong data-start=\"3984\" data-end=\"4035\">K: Mennyire tart\u00f3sak az SX testreszabott rep\u00fcl\u00e9si tokok?<\/strong><br data-start=\"4035\" data-end=\"4038\" \/><strong data-start=\"4038\" data-end=\"4044\">A:<\/strong> Rendk\u00edv\u00fcl tart\u00f3s. A <strong data-start=\"4068\" data-end=\"4094\">testreszabott rep\u00fcl\u00e9si tokok<\/strong> a legkem\u00e9nyebb k\u00f6r\u00fclm\u00e9nyeknek is ellen\u00e1llnak, \u00edgy megb\u00edzhat\u00f3 v\u00e9delmet ny\u00fajtanak \u00e9rt\u00e9kes berendez\u00e9sei sz\u00e1m\u00e1ra.<\/p>\n<p data-start=\"4202\" data-end=\"4433\"><strong data-start=\"4202\" data-end=\"4274\">K: Az SX testreszabott rep\u00fcl\u00e9si tokjainak haszn\u00e1lata seg\u00edt t\u00f6bb \u00fcgyfelet vonzani?<\/strong><br data-start=\"4274\" data-end=\"4277\" \/><strong data-start=\"4277\" data-end=\"4283\">A:<\/strong> Igen! A professzion\u00e1lis min\u0151s\u00e9g\u0171 <strong data-start=\"4315\" data-end=\"4341\">testreszabott rep\u00fcl\u00e9si tokok<\/strong> jav\u00edtja az \u00d6n im\u00e1zs\u00e1t, az \u00fcgyfelek jobban megb\u00edznak \u00d6nben, \u00e9s v\u00e9gs\u0151 soron n\u00f6veli az \u00fczlet\u00e9t.<\/p>\n<p data-start=\"4435\" data-end=\"4618\"><strong data-start=\"4435\" data-end=\"4489\">K: Hogyan rendelhetek testreszabott rep\u00fcl\u0151t\u00e1sk\u00e1kat az SX-t\u0151l?<\/strong><br data-start=\"4489\" data-end=\"4492\" \/><strong data-start=\"4492\" data-end=\"4498\">A:<\/strong> Egyszer\u0171en vegye fel a kapcsolatot csapatunkkal, \u00e9s mi egy\u00fcttm\u0171k\u00f6d\u00fcnk \u00d6nnel a t\u00f6k\u00e9letes <strong data-start=\"4577\" data-end=\"4602\">testreszab\u00e1s <a href=\"https:\/\/sxpowercase.com\/are-flight-case-safe\/\" target=\"_blank\" rel=\"noopener\"  data-wpil-monitor-id=\"903\">rep\u00fcl\u0151t\u00e1ska<\/a><\/strong> az \u00d6n ig\u00e9nyeinek megfelel\u0151en.<\/p>\n<h3 data-start=\"4620\" data-end=\"4645\"><strong data-start=\"4624\" data-end=\"4643\">Hozz\u00e1f\u00e9r\u00e9s most:<\/strong><\/h3>\n<p data-start=\"4646\" data-end=\"4695\"><a href=\"https:\/\/sxpowercase.com\/contact-us\/\" target=\"_new\" rel=\"noopener\" data-start=\"4646\" data-end=\"4695\">Kapcsolat SX<\/a><\/p>\n<hr data-start=\"4697\" data-end=\"4700\" \/>\n<h3 data-start=\"4702\" data-end=\"4721\"><strong data-start=\"4706\" data-end=\"4719\">Hot Tags:<\/strong><\/h3>\n<p data-start=\"4722\" data-end=\"5006\"><strong data-start=\"4722\" data-end=\"5006\">Alacsony \u00e1r, rakt\u00e1ron, ingyenes minta, t\u00e1p- \u00e9s jelk\u00e1bel, 16 Gauge 4 vezet\u00e9kes vezet\u00e9k, mikrofon\u00e1llv\u00e1ny tok, k\u00fclt\u00e9ri Led kijelz\u0151szekr\u00e9ny, Rack Mount, elektromos eloszt\u00f3 doboz, K\u00edna, besz\u00e1ll\u00edt\u00f3k, gy\u00e1r, testreszabott, nagykereskedelem, t\u00e1pdobozok, t\u00e1pk\u00e1belek, emel\u0151vez\u00e9rl\u0151k, rep\u00fcl\u00e9si esetek<\/strong><\/p>","protected":false},"excerpt":{"rendered":"<h2><strong>Testreszabott v\u00e9delem<\/strong><\/h2>\n<p>Az SX er\u0151s\u00edt\u0151 rep\u00fcl\u0151 tokjait a tart\u00f3ss\u00e1g \u00e9rdek\u00e9ben tervezt\u00e9k, \u00e9s egyedi habszivacs bels\u0151vel rendelkeznek, hogy megv\u00e9dj\u00e9k a berendez\u00e9seket a sz\u00e1ll\u00edt\u00e1s k\u00f6zbeni \u00fct\u00e9sekt\u0151l, \u00fct\u0151d\u00e9sekt\u0151l \u00e9s rezg\u00e9sekt\u0151l.<\/p>\n<h2><strong>Testre szabott megold\u00e1sok minden er\u0151s\u00edt\u0151h\u00f6z<\/strong><\/h2>\n<p>A combo er\u0151s\u00edt\u0151kt\u0151l a rackbe szerelt felszerel\u00e9sekig az SX egyedi, az \u00d6n egyedi er\u0151s\u00edt\u0151j\u00e9hez tervezett road tokokat k\u00edn\u00e1l, amelyek maxim\u00e1lis v\u00e9delmet \u00e9s nyugalmat biztos\u00edtanak \u00fatk\u00f6zben.<\/p>\n<h2><strong>Professzionalizmus \u00e9s hat\u00e9konys\u00e1g<\/strong><\/h2>\n<p>Az SX's Amp Flight Cases-be val\u00f3 befektet\u00e9s nemcsak v\u00e9di a felszerel\u00e9s\u00e9t, hanem n\u00f6veli a szakmai im\u00e1zs\u00e1t \u00e9s hat\u00e9konys\u00e1g\u00e1t is. Az olyan k\u00e9nyelmes funkci\u00f3knak k\u00f6sz\u00f6nhet\u0151en, mint a be\u00e9p\u00edtett foganty\u00fak \u00e9s a stabil kerekek, a teljes\u00edtm\u00e9ny\u00e9re koncentr\u00e1lhat, t\u00f6bb \u00fcgyfelet vonzva \u00e9s t\u00f6bb fell\u00e9p\u00e9st biztos\u00edtva.<\/p>","protected":false},"featured_media":1059,"comment_status":"open","ping_status":"closed","template":"","meta":[],"product_brand":[],"product_cat":[35],"product_tag":[54],"class_list":{"0":"post-1058","1":"product","2":"type-product","3":"status-publish","4":"has-post-thumbnail","6":"product_cat-standard-rack-cases","7":"product_tag-customize","9":"first","10":"instock","11":"shipping-taxable","12":"product-type-simple"},"yoast_head":"<!-- This site is optimized with the Yoast SEO Premium plugin v27.1 (Yoast SEO v27.2) - https:\/\/yoast.com\/product\/yoast-seo-premium-wordpress\/ -->\n<title>Customize Flight Case 8u 10u 12u - https:\/\/sxflightcase.com \ud83d\udc97<\/title>\n<meta name=\"description\" content=\"Customize Flight Case: Explore factory-direct sales and professional customization for the ultimate protection of your equipment\" \/>\n<meta name=\"robots\" content=\"index, follow, max-snippet:-1, max-image-preview:large, max-video-preview:-1\" \/>\n<link rel=\"canonical\" href=\"https:\/\/sxflightcase.com\/hu\/\u4ea7\u54c1\/\u653e\u5927\u5668\u98de\u884c\u7bb1-8u-10u-12u\/\" \/>\n<meta property=\"og:locale\" content=\"hu_HU\" \/>\n<meta property=\"og:type\" content=\"article\" \/>\n<meta property=\"og:title\" content=\"Customize Flight Case 8u 10u 12u\" \/>\n<meta property=\"og:description\" content=\"Customize Flight Case: Explore factory-direct sales and professional customization for the ultimate protection of your equipment\" \/>\n<meta property=\"og:url\" content=\"https:\/\/sxflightcase.com\/hu\/\u4ea7\u54c1\/\u653e\u5927\u5668\u98de\u884c\u7bb1-8u-10u-12u\/\" \/>\n<meta property=\"og:site_name\" content=\"https:\/\/sxflightcase.com\" \/>\n<meta property=\"article:publisher\" content=\"https:\/\/www.facebook.com\/profile.php?id=61560407257971\" \/>\n<meta property=\"article:modified_time\" content=\"2025-02-18T06:56:11+00:00\" \/>\n<meta property=\"og:image\" content=\"https:\/\/sxflightcase.com\/wp-content\/uploads\/2024\/05\/1714963187169.jpg\" \/>\n\t<meta property=\"og:image:width\" content=\"700\" \/>\n\t<meta property=\"og:image:height\" content=\"700\" \/>\n\t<meta property=\"og:image:type\" content=\"image\/jpeg\" \/>\n<meta name=\"twitter:card\" content=\"summary_large_image\" \/>\n<meta name=\"twitter:label1\" content=\"Becs\u00fclt olvas\u00e1si id\u0151\" \/>\n\t<meta name=\"twitter:data1\" content=\"4 perc\" \/>\n<script type=\"application\/ld+json\" class=\"yoast-schema-graph\">{\"@context\":\"https:\/\/schema.org\",\"@graph\":[{\"@type\":\"WebPage\",\"@id\":\"https:\/\/sxflightcase.com\/zh\/\u4ea7\u54c1\/\u653e\u5927\u5668\u98de\u884c\u7bb1-8u-10u-12u\/\",\"url\":\"https:\/\/sxflightcase.com\/zh\/\u4ea7\u54c1\/\u653e\u5927\u5668\u98de\u884c\u7bb1-8u-10u-12u\/\",\"name\":\"Customize Flight Case 8u 10u 12u - https:\/\/sxflightcase.com \ud83d\udc97\",\"isPartOf\":{\"@id\":\"https:\/\/sxflightcase.com\/th\/#website\"},\"primaryImageOfPage\":{\"@id\":\"https:\/\/sxflightcase.com\/zh\/\u4ea7\u54c1\/\u653e\u5927\u5668\u98de\u884c\u7bb1-8u-10u-12u\/#primaryimage\"},\"image\":{\"@id\":\"https:\/\/sxflightcase.com\/zh\/\u4ea7\u54c1\/\u653e\u5927\u5668\u98de\u884c\u7bb1-8u-10u-12u\/#primaryimage\"},\"thumbnailUrl\":\"https:\/\/sxflightcase.com\/wp-content\/uploads\/2024\/05\/1714963187169.jpg\",\"datePublished\":\"2024-05-06T03:04:43+00:00\",\"dateModified\":\"2025-02-18T06:56:11+00:00\",\"description\":\"Customize Flight Case: Explore factory-direct sales and professional customization for the ultimate protection of your equipment\",\"breadcrumb\":{\"@id\":\"https:\/\/sxflightcase.com\/zh\/\u4ea7\u54c1\/\u653e\u5927\u5668\u98de\u884c\u7bb1-8u-10u-12u\/#breadcrumb\"},\"inLanguage\":\"hu\",\"potentialAction\":[{\"@type\":\"ReadAction\",\"target\":[\"https:\/\/sxflightcase.com\/zh\/\u4ea7\u54c1\/\u653e\u5927\u5668\u98de\u884c\u7bb1-8u-10u-12u\/\"]}]},{\"@type\":\"ImageObject\",\"inLanguage\":\"hu\",\"@id\":\"https:\/\/sxflightcase.com\/zh\/\u4ea7\u54c1\/\u653e\u5927\u5668\u98de\u884c\u7bb1-8u-10u-12u\/#primaryimage\",\"url\":\"https:\/\/sxflightcase.com\/wp-content\/uploads\/2024\/05\/1714963187169.jpg\",\"contentUrl\":\"https:\/\/sxflightcase.com\/wp-content\/uploads\/2024\/05\/1714963187169.jpg\",\"width\":700,\"height\":700,\"caption\":\"amp flight case\"},{\"@type\":\"BreadcrumbList\",\"@id\":\"https:\/\/sxflightcase.com\/zh\/\u4ea7\u54c1\/\u653e\u5927\u5668\u98de\u884c\u7bb1-8u-10u-12u\/#breadcrumb\",\"itemListElement\":[{\"@type\":\"ListItem\",\"position\":1,\"name\":\"Home\",\"item\":\"https:\/\/sxflightcase.com\/\"},{\"@type\":\"ListItem\",\"position\":2,\"name\":\"\u0e2a\u0e34\u0e19\u0e04\u0e49\u0e32\",\"item\":\"https:\/\/sxflightcase.com\/th\/shop\/\"},{\"@type\":\"ListItem\",\"position\":3,\"name\":\"Customize Flight Case 8u 10u 12u\"}]},{\"@type\":\"WebSite\",\"@id\":\"https:\/\/sxflightcase.com\/th\/#website\",\"url\":\"https:\/\/sxflightcase.com\/th\/\",\"name\":\"sxpowercase.com\",\"description\":\"Flight Case Factory\",\"publisher\":{\"@id\":\"https:\/\/sxflightcase.com\/th\/#organization\"},\"potentialAction\":[{\"@type\":\"SearchAction\",\"target\":{\"@type\":\"EntryPoint\",\"urlTemplate\":\"https:\/\/sxflightcase.com\/th\/?s={search_term_string}\"},\"query-input\":{\"@type\":\"PropertyValueSpecification\",\"valueRequired\":true,\"valueName\":\"search_term_string\"}}],\"inLanguage\":\"hu\"},{\"@type\":\"Organization\",\"@id\":\"https:\/\/sxflightcase.com\/th\/#organization\",\"name\":\"sxpowercase.com\",\"url\":\"https:\/\/sxflightcase.com\/th\/\",\"logo\":{\"@type\":\"ImageObject\",\"inLanguage\":\"hu\",\"@id\":\"https:\/\/sxflightcase.com\/th\/#\/schema\/logo\/image\/\",\"url\":\"https:\/\/sxflightcase.com\/wp-content\/uploads\/2024\/04\/1713919036007.jpg\",\"contentUrl\":\"https:\/\/sxflightcase.com\/wp-content\/uploads\/2024\/04\/1713919036007.jpg\",\"width\":382,\"height\":388,\"caption\":\"sxpowercase.com\"},\"image\":{\"@id\":\"https:\/\/sxflightcase.com\/th\/#\/schema\/logo\/image\/\"},\"sameAs\":[\"https:\/\/www.facebook.com\/profile.php?id=61560407257971\"],\"numberOfEmployees\":{\"@type\":\"QuantitativeValue\",\"minValue\":\"11\",\"maxValue\":\"50\"}}]}<\/script>\n<!-- \/ Yoast SEO Premium plugin. -->","yoast_head_json":{"title":"Customize Flight Case 8u 10u 12u - https:\/\/sxflightcase.com \ud83d\udc97","description":"Flight Case testreszab\u00e1sa: Fedezze fel a gy\u00e1ri k\u00f6zvetlen \u00e9rt\u00e9kes\u00edt\u00e9st \u00e9s a professzion\u00e1lis testreszab\u00e1st a felszerel\u00e9s v\u00e9gs\u0151 v\u00e9delme \u00e9rdek\u00e9ben.","robots":{"index":"index","follow":"follow","max-snippet":"max-snippet:-1","max-image-preview":"max-image-preview:large","max-video-preview":"max-video-preview:-1"},"canonical":"https:\/\/sxflightcase.com\/hu\/\u4ea7\u54c1\/\u653e\u5927\u5668\u98de\u884c\u7bb1-8u-10u-12u\/","og_locale":"hu_HU","og_type":"article","og_title":"Customize Flight Case 8u 10u 12u","og_description":"Customize Flight Case: Explore factory-direct sales and professional customization for the ultimate protection of your equipment","og_url":"https:\/\/sxflightcase.com\/hu\/\u4ea7\u54c1\/\u653e\u5927\u5668\u98de\u884c\u7bb1-8u-10u-12u\/","og_site_name":"https:\/\/sxflightcase.com","article_publisher":"https:\/\/www.facebook.com\/profile.php?id=61560407257971","article_modified_time":"2025-02-18T06:56:11+00:00","og_image":[{"width":700,"height":700,"url":"https:\/\/sxflightcase.com\/wp-content\/uploads\/2024\/05\/1714963187169.jpg","type":"image\/jpeg"}],"twitter_card":"summary_large_image","twitter_misc":{"Becs\u00fclt olvas\u00e1si id\u0151":"4 perc"},"schema":{"@context":"https:\/\/schema.org","@graph":[{"@type":"WebPage","@id":"https:\/\/sxflightcase.com\/zh\/\u4ea7\u54c1\/\u653e\u5927\u5668\u98de\u884c\u7bb1-8u-10u-12u\/","url":"https:\/\/sxflightcase.com\/zh\/\u4ea7\u54c1\/\u653e\u5927\u5668\u98de\u884c\u7bb1-8u-10u-12u\/","name":"Customize Flight Case 8u 10u 12u - https:\/\/sxflightcase.com \ud83d\udc97","isPartOf":{"@id":"https:\/\/sxflightcase.com\/th\/#website"},"primaryImageOfPage":{"@id":"https:\/\/sxflightcase.com\/zh\/\u4ea7\u54c1\/\u653e\u5927\u5668\u98de\u884c\u7bb1-8u-10u-12u\/#primaryimage"},"image":{"@id":"https:\/\/sxflightcase.com\/zh\/\u4ea7\u54c1\/\u653e\u5927\u5668\u98de\u884c\u7bb1-8u-10u-12u\/#primaryimage"},"thumbnailUrl":"https:\/\/sxflightcase.com\/wp-content\/uploads\/2024\/05\/1714963187169.jpg","datePublished":"2024-05-06T03:04:43+00:00","dateModified":"2025-02-18T06:56:11+00:00","description":"Flight Case testreszab\u00e1sa: Fedezze fel a gy\u00e1ri k\u00f6zvetlen \u00e9rt\u00e9kes\u00edt\u00e9st \u00e9s a professzion\u00e1lis testreszab\u00e1st a felszerel\u00e9s v\u00e9gs\u0151 v\u00e9delme \u00e9rdek\u00e9ben.","breadcrumb":{"@id":"https:\/\/sxflightcase.com\/zh\/\u4ea7\u54c1\/\u653e\u5927\u5668\u98de\u884c\u7bb1-8u-10u-12u\/#breadcrumb"},"inLanguage":"hu","potentialAction":[{"@type":"ReadAction","target":["https:\/\/sxflightcase.com\/zh\/\u4ea7\u54c1\/\u653e\u5927\u5668\u98de\u884c\u7bb1-8u-10u-12u\/"]}]},{"@type":"ImageObject","inLanguage":"hu","@id":"https:\/\/sxflightcase.com\/zh\/\u4ea7\u54c1\/\u653e\u5927\u5668\u98de\u884c\u7bb1-8u-10u-12u\/#primaryimage","url":"https:\/\/sxflightcase.com\/wp-content\/uploads\/2024\/05\/1714963187169.jpg","contentUrl":"https:\/\/sxflightcase.com\/wp-content\/uploads\/2024\/05\/1714963187169.jpg","width":700,"height":700,"caption":"amp flight case"},{"@type":"BreadcrumbList","@id":"https:\/\/sxflightcase.com\/zh\/\u4ea7\u54c1\/\u653e\u5927\u5668\u98de\u884c\u7bb1-8u-10u-12u\/#breadcrumb","itemListElement":[{"@type":"ListItem","position":1,"name":"Home","item":"https:\/\/sxflightcase.com\/"},{"@type":"ListItem","position":2,"name":"\u0e2a\u0e34\u0e19\u0e04\u0e49\u0e32","item":"https:\/\/sxflightcase.com\/th\/shop\/"},{"@type":"ListItem","position":3,"name":"Customize Flight Case 8u 10u 12u"}]},{"@type":"WebSite","@id":"https:\/\/sxflightcase.com\/th\/#website","url":"https:\/\/sxflightcase.com\/th\/","name":"sxpowercase.com","description":"Flight Case Factory","publisher":{"@id":"https:\/\/sxflightcase.com\/th\/#organization"},"potentialAction":[{"@type":"SearchAction","target":{"@type":"EntryPoint","urlTemplate":"https:\/\/sxflightcase.com\/th\/?s={search_term_string}"},"query-input":{"@type":"PropertyValueSpecification","valueRequired":true,"valueName":"search_term_string"}}],"inLanguage":"hu"},{"@type":"Organization","@id":"https:\/\/sxflightcase.com\/th\/#organization","name":"sxpowercase.com","url":"https:\/\/sxflightcase.com\/th\/","logo":{"@type":"ImageObject","inLanguage":"hu","@id":"https:\/\/sxflightcase.com\/th\/#\/schema\/logo\/image\/","url":"https:\/\/sxflightcase.com\/wp-content\/uploads\/2024\/04\/1713919036007.jpg","contentUrl":"https:\/\/sxflightcase.com\/wp-content\/uploads\/2024\/04\/1713919036007.jpg","width":382,"height":388,"caption":"sxpowercase.com"},"image":{"@id":"https:\/\/sxflightcase.com\/th\/#\/schema\/logo\/image\/"},"sameAs":["https:\/\/www.facebook.com\/profile.php?id=61560407257971"],"numberOfEmployees":{"@type":"QuantitativeValue","minValue":"11","maxValue":"50"}}]}},"_links":{"self":[{"href":"https:\/\/sxflightcase.com\/hu\/wp-json\/wp\/v2\/product\/1058","targetHints":{"allow":["GET"]}}],"collection":[{"href":"https:\/\/sxflightcase.com\/hu\/wp-json\/wp\/v2\/product"}],"about":[{"href":"https:\/\/sxflightcase.com\/hu\/wp-json\/wp\/v2\/types\/product"}],"replies":[{"embeddable":true,"href":"https:\/\/sxflightcase.com\/hu\/wp-json\/wp\/v2\/comments?post=1058"}],"version-history":[{"count":0,"href":"https:\/\/sxflightcase.com\/hu\/wp-json\/wp\/v2\/product\/1058\/revisions"}],"wp:featuredmedia":[{"embeddable":true,"href":"https:\/\/sxflightcase.com\/hu\/wp-json\/wp\/v2\/media\/1059"}],"wp:attachment":[{"href":"https:\/\/sxflightcase.com\/hu\/wp-json\/wp\/v2\/media?parent=1058"}],"wp:term":[{"taxonomy":"product_brand","embeddable":true,"href":"https:\/\/sxflightcase.com\/hu\/wp-json\/wp\/v2\/product_brand?post=1058"},{"taxonomy":"product_cat","embeddable":true,"href":"https:\/\/sxflightcase.com\/hu\/wp-json\/wp\/v2\/product_cat?post=1058"},{"taxonomy":"product_tag","embeddable":true,"href":"https:\/\/sxflightcase.com\/hu\/wp-json\/wp\/v2\/product_tag?post=1058"}],"curies":[{"name":"wp","href":"https:\/\/api.w.org\/{rel}","templated":true}]}}