{"id":1063,"date":"2024-05-06T04:41:12","date_gmt":"2024-05-06T03:41:12","guid":{"rendered":"https:\/\/sxpowercase.com\/?post_type=product&#038;p=1063"},"modified":"2025-09-16T01:04:00","modified_gmt":"2025-09-16T08:04:00","slug":"midas-m32-case","status":"publish","type":"product","link":"https:\/\/sxflightcase.com\/hu\/termek\/rack-repulo-tok-gyar\/","title":{"rendered":"Midas M32 tok gy\u00e1r"},"content":{"rendered":"<h2 data-start=\"416\" data-end=\"488\">Midas M32 Case - V\u00e9dje felszerel\u00e9s\u00e9t pr\u00e9mium rep\u00fcl\u00e9si tok megold\u00e1sokkal<\/h2>\n<h3 data-start=\"490\" data-end=\"536\"><strong data-start=\"494\" data-end=\"536\">Mi\u00e9rt v\u00e1lassza a Midas M32 tokot az SX-t\u0151l?<\/strong><\/h3>\n<p data-start=\"538\" data-end=\"896\">Az \u00e9rt\u00e9kes Midas M32 berendez\u00e9sek sz\u00e1ll\u00edt\u00e1sakor a v\u00e9delem a legfontosabb. A <strong data-start=\"620\" data-end=\"638\">Midas M32 tok<\/strong> az SX-t\u0151l a t\u00f6k\u00e9letes megold\u00e1s arra, hogy felszerel\u00e9se biztons\u00e1gban maradjon utaz\u00e1s k\u00f6zben. Olyan pr\u00e9mium min\u0151s\u00e9g\u0171 anyagokb\u00f3l k\u00e9sz\u00fclt, mint <strong data-start=\"766\" data-end=\"785\">alum\u00ednium keretek<\/strong> \u00e9s <strong data-start=\"790\" data-end=\"815\">t\u0171z\u00e1ll\u00f3 9 mm-es r\u00e9tegelt lemez<\/strong>, a mi tokunk garant\u00e1lja a Midas M32 tart\u00f3ss\u00e1g\u00e1t \u00e9s biztons\u00e1g\u00e1t az \u00faton.<\/p>\n<h3 data-start=\"898\" data-end=\"949\"><strong data-start=\"902\" data-end=\"949\">P\u00e1ratlan min\u0151s\u00e9g \u00e9s testreszab\u00e1si lehet\u0151s\u00e9gek<\/strong><\/h3>\n<p data-start=\"951\" data-end=\"1466\">Az SX-n\u00e9l arr\u00f3l vagyunk ismertek, hogy kiv\u00e9teles rep\u00fcl\u00e9si tok megold\u00e1sokat k\u00edn\u00e1lunk. Mint megb\u00edzhat\u00f3 <strong data-start=\"1034\" data-end=\"1060\">Midas M32 tok gy\u00e1r<\/strong>, mi arra szakosodtunk, hogy szem\u00e9lyre szabott v\u00e9delmet ny\u00fajtsunk az \u00d6n berendez\u00e9sei sz\u00e1m\u00e1ra. A tokjainkat a k\u00f6vetkez\u0151kkel \u00e9p\u00edtj\u00fck <strong data-start=\"1154\" data-end=\"1186\">nagy s\u0171r\u0171s\u00e9g\u0171 \u00fct\u00e9s\u00e1ll\u00f3 hab<\/strong> hogy megv\u00e9dje a Midas M32 k\u00e9sz\u00fcl\u00e9ket az \u00fct\u00e9sekt\u0151l, a lees\u00e9st\u0151l \u00e9s a k\u00fcls\u0151 nyom\u00e1st\u00f3l. V\u00e1lasszon a k\u00f6vetkez\u0151k k\u00f6z\u00fcl <strong data-start=\"1266\" data-end=\"1282\">egyedi m\u00e9retek<\/strong>, anyagok \u00e9s bels\u0151 kialak\u00edt\u00e1sok az \u00d6n egyedi ig\u00e9nyeinek megfelel\u0151en. Sz\u00e1mos foganty\u00fat, z\u00e1rat \u00e9s tartoz\u00e9kot is k\u00edn\u00e1lunk, hogy t\u00e1sk\u00e1ja a lehet\u0151 legfunkcion\u00e1lisabb \u00e9s legbiztons\u00e1gosabb legyen.<\/p>\n<h3 data-start=\"1468\" data-end=\"1513\"><strong data-start=\"1472\" data-end=\"1513\">Szem\u00e9lyre szabott megold\u00e1sok az \u00d6n berendez\u00e9s\u00e9hez<\/strong><\/h3>\n<p data-start=\"1515\" data-end=\"1913\">Meg\u00e9rtj\u00fck, hogy minden egyes berendez\u00e9s egyedi, ez\u00e9rt k\u00edn\u00e1lunk <strong data-start=\"1591\" data-end=\"1611\">egyedi megold\u00e1sok<\/strong> a Midas M32 tokj\u00e1hoz. Ak\u00e1r egy <strong data-start=\"1656\" data-end=\"1678\">meghat\u00e1rozott dimenzi\u00f3<\/strong> vagy <strong data-start=\"1682\" data-end=\"1706\">speci\u00e1lis bels\u0151 t\u00e9r<\/strong> tervez\u00e9s sor\u00e1n szorosan egy\u00fcttm\u0171k\u00f6d\u00fcnk \u00d6nnel, hogy a tok pontosan megfeleljen az \u00d6n ig\u00e9nyeinek. Szak\u00e9rt\u0151i csapatunk elk\u00f6telezett amellett, hogy t\u00f6k\u00e9letes illeszked\u00e9st biztos\u00edtson a Midas M32 sz\u00e1m\u00e1ra, \u00e9s maxim\u00e1lis v\u00e9delmet ny\u00fajtson a sz\u00e1ll\u00edt\u00e1s sor\u00e1n.<\/p>\n<h3 data-start=\"1915\" data-end=\"1967\"><strong data-start=\"1919\" data-end=\"1967\">Tart\u00f3s \u00e9s megb\u00edzhat\u00f3 - \u00datra tervezve<\/strong><\/h3>\n<p data-start=\"1969\" data-end=\"2318\">A  c\u00edmen <strong data-start=\"1974\" data-end=\"1998\">n\u00e9gy pillang\u00f3z\u00e1r<\/strong>, <strong data-start=\"2000\" data-end=\"2023\">n\u00e9gy er\u0151s foganty\u00fa<\/strong>, \u00e9s <strong data-start=\"2029\" data-end=\"2044\">n\u00e9gy ker\u00e9k<\/strong> a k\u00f6nny\u0171 sz\u00e1ll\u00edt\u00e1shoz, a Midas M32 Case az SX-t\u0151l \u00fagy tervezt\u00e9k, hogy az utaz\u00e1sok gondtalanok legyenek. A tart\u00f3s konstrukci\u00f3 biztos\u00edtja, hogy Midas M32 felszerel\u00e9sei kiv\u00e1l\u00f3 \u00e1llapotban \u00e9rkezzenek meg a c\u00e9l\u00e1llom\u00e1sra, m\u00edg a praktikus kialak\u00edt\u00e1snak k\u00f6sz\u00f6nhet\u0151en a t\u00e1ska sz\u00e1ll\u00edt\u00e1sa \u00e9s man\u0151verez\u00e9se egyszer\u0171.<\/p>\n<h3 data-start=\"2320\" data-end=\"2366\"><strong data-start=\"2324\" data-end=\"2366\">Gyors lebonyol\u00edt\u00e1s \u00e9s megfizethet\u0151 \u00e1rk\u00e9pz\u00e9s<\/strong><\/h3>\n<p data-start=\"2368\" data-end=\"2651\">Az SX-n\u00e9l b\u00fcszk\u00e9k vagyunk arra, hogy cs\u00facsmin\u0151s\u00e9g\u0171 term\u00e9keket sz\u00e1ll\u00edtunk gyors \u00e1tfut\u00e1si id\u0151vel. V\u00e1rhat\u00f3an <strong data-start=\"2462\" data-end=\"2482\">3-5 munkanap<\/strong> mint\u00e1k \u00e9s <strong data-start=\"2499\" data-end=\"2521\">15-20 munkanap<\/strong> hivatalos megrendel\u00e9sekre. Versenyk\u00e9pes \u00e1rakat is biztos\u00edtunk, hogy a legjobb \u00e9rt\u00e9ket ny\u00fajtsuk \u00d6nnek a kiv\u00e1l\u00f3 min\u0151s\u00e9g\u0171 rep\u00fcl\u0151 tokokba t\u00f6rt\u00e9n\u0151 befektet\u00e9s\u00e9\u00e9rt.<\/p>\n<h3 data-start=\"2653\" data-end=\"2701\"><strong data-start=\"2657\" data-end=\"2701\">Az \u00d6n megb\u00edzhat\u00f3 Midas M32 tokgy\u00e1rt\u00f3ja<\/strong><\/h3>\n<p data-start=\"2703\" data-end=\"3075\">Mint vezet\u0151 <strong data-start=\"2716\" data-end=\"2747\">Midas M32 tok gy\u00e1rt\u00f3ja<\/strong>, az SX kiemelkedik a k\u00f6vetkez\u0151kre val\u00f3 \u00f6sszpontos\u00edt\u00e1ssal <strong data-start=\"2780\" data-end=\"2833\">min\u0151s\u00e9g, testreszab\u00e1s \u00e9s vev\u0151i el\u00e9gedetts\u00e9g<\/strong>. H\u00edrnevet szerezt\u00fcnk a tart\u00f3s, megb\u00edzhat\u00f3 \u00e9s professzion\u00e1lisan megtervezett tokok k\u00e9sz\u00edt\u00e9s\u00e9ben, amelyek utaz\u00e1s k\u00f6zben is nyugalmat biztos\u00edtanak. Ha az SX-et v\u00e1lasztja, megb\u00edzhat\u00f3 partnert v\u00e1laszt a Midas M32 \u00e9s m\u00e1s alapvet\u0151 felszerel\u00e9sek v\u00e9delm\u00e9re.<\/p>\n<h3 data-start=\"3077\" data-end=\"3119\"><strong data-start=\"3081\" data-end=\"3119\">Az M32 tok legfontosabb jellemz\u0151i<\/strong><\/h3>\n<ul data-start=\"3121\" data-end=\"3525\">\n<li data-start=\"3121\" data-end=\"3175\"><strong data-start=\"3123\" data-end=\"3136\">Anyag:<\/strong> Alum\u00ednium keret + t\u0171z\u00e1ll\u00f3 9 mm-es r\u00e9tegelt lemez<\/li>\n<li data-start=\"3176\" data-end=\"3220\"><strong data-start=\"3178\" data-end=\"3191\">Bels\u0151 t\u00e9r:<\/strong> Nagy s\u0171r\u0171s\u00e9g\u0171 \u00fct\u00e9s\u00e1ll\u00f3 hab<\/li>\n<li data-start=\"3221\" data-end=\"3294\"><strong data-start=\"3223\" data-end=\"3241\">Testreszab\u00e1s:<\/strong> M\u00e9ret, anyagok, bels\u0151 t\u00f6lt\u00e9s, foganty\u00fak, z\u00e1rak stb.<\/li>\n<li data-start=\"3295\" data-end=\"3348\"><strong data-start=\"3297\" data-end=\"3309\">Csomagol\u00e1s:<\/strong> Bubor\u00e9kf\u00f3lia + karton a biztons\u00e1gos sz\u00e1ll\u00edt\u00e1shoz<\/li>\n<li data-start=\"3349\" data-end=\"3384\"><strong data-start=\"3351\" data-end=\"3367\">Mintaid\u0151:<\/strong> 3-5 munkanap<\/li>\n<li data-start=\"3385\" data-end=\"3428\"><strong data-start=\"3387\" data-end=\"3409\">Hivatalos rendel\u00e9si id\u0151:<\/strong> 15-20 munkanap<\/li>\n<li data-start=\"3429\" data-end=\"3525\"><strong data-start=\"3431\" data-end=\"3447\">Tartoz\u00e9kok:<\/strong> N\u00e9gy pillang\u00f3z\u00e1r, n\u00e9gy ker\u00e9k \u00e9s n\u00e9gy er\u0151s foganty\u00fa a k\u00f6nny\u0171 sz\u00e1ll\u00edt\u00e1shoz<\/li>\n<\/ul>\n<h3 data-start=\"3527\" data-end=\"3549\"><strong data-start=\"3531\" data-end=\"3549\">Mi\u00e9rt v\u00e1lassza az SX-et?<\/strong><\/h3>\n<ul data-start=\"3551\" data-end=\"3820\">\n<li data-start=\"3551\" data-end=\"3615\"><strong data-start=\"3553\" data-end=\"3570\">Egyedi tervez\u00e9s<\/strong>: Szem\u00e9lyre szabott megold\u00e1sok a Midas M32 tokj\u00e1hoz.<\/li>\n<li data-start=\"3616\" data-end=\"3675\"><strong data-start=\"3618\" data-end=\"3633\">Megb\u00edzhat\u00f3s\u00e1g<\/strong>: \u00dagy \u00e9p\u00edtett\u00e9k, hogy ellen\u00e1lljon az utaz\u00e1s viszontags\u00e1gainak.<\/li>\n<li data-start=\"3676\" data-end=\"3733\"><strong data-start=\"3678\" data-end=\"3692\">Hat\u00e9konys\u00e1g<\/strong>: Gyors gy\u00e1rt\u00e1si \u00e9s sz\u00e1ll\u00edt\u00e1si hat\u00e1rid\u0151k.<\/li>\n<li data-start=\"3734\" data-end=\"3820\"><strong data-start=\"3736\" data-end=\"3761\">\u00dcgyf\u00e9l-el\u00e9gedetts\u00e9g<\/strong>: Az \u00d6n ig\u00e9nyeit el\u0151t\u00e9rbe helyezz\u00fck, \u00e9s kiv\u00e9teles szolg\u00e1ltat\u00e1st ny\u00fajtunk.<iframe title=\"Midas M32 Case\u2764\ufe0f\" width=\"563\" height=\"1000\" src=\"https:\/\/www.youtube.com\/embed\/_wQN6XUntyY?feature=oembed\" frameborder=\"0\" allow=\"accelerometer; autoplay; clipboard-write; encrypted-media; gyroscope; picture-in-picture; web-share\" referrerpolicy=\"strict-origin-when-cross-origin\" allowfullscreen><\/iframe><\/li>\n<\/ul>\n<h3 data-start=\"3822\" data-end=\"3859\"><strong data-start=\"3826\" data-end=\"3859\">GYIK az M32 tokkal kapcsolatban<\/strong><\/h3>\n<p data-start=\"3861\" data-end=\"4028\"><strong data-start=\"3861\" data-end=\"3933\">K: Az SX testre tudja szabni az M32 tokot az adott m\u00e9ret\u0171 berendez\u00e9sekhez?<\/strong><br data-start=\"3933\" data-end=\"3936\" \/><strong data-start=\"3936\" data-end=\"3942\">A:<\/strong> Igen! A berendez\u00e9s m\u00e9retei \u00e9s specifik\u00e1ci\u00f3i alapj\u00e1n testreszab\u00e1st k\u00edn\u00e1lunk.<\/p>\n<p data-start=\"4030\" data-end=\"4178\"><strong data-start=\"4030\" data-end=\"4071\">K: Mennyire tart\u00f3s az M32 tok?<\/strong><br data-start=\"4071\" data-end=\"4074\" \/><strong data-start=\"4074\" data-end=\"4080\">A:<\/strong> A t\u00e1sk\u00e1t \u00fagy tervezt\u00fck, hogy ellen\u00e1lljon a neh\u00e9z utaz\u00e1soknak, meger\u0151s\u00edtett anyagokkal a maxim\u00e1lis v\u00e9delem \u00e9rdek\u00e9ben.<\/p>\n<p data-start=\"4180\" data-end=\"4328\"><strong data-start=\"4180\" data-end=\"4238\">K: Az SX tud fogadni t\u00f6meges megrendel\u00e9seket az M32 tokokra?<\/strong><br data-start=\"4238\" data-end=\"4241\" \/><strong data-start=\"4241\" data-end=\"4247\">A:<\/strong> Igen, k\u00e9pesek vagyunk nagy mennyis\u00e9g\u0171 megrendel\u00e9seket kezelni, \u00e9s szem\u00e9lyre szabott megold\u00e1sokat k\u00edn\u00e1lunk az \u00d6n v\u00e1llalkoz\u00e1sa sz\u00e1m\u00e1ra.<\/p>\n<p data-start=\"4330\" data-end=\"4456\"><strong data-start=\"4330\" data-end=\"4387\">K: Van garanci\u00e1lis fedezet az M32 tokra?<\/strong><br data-start=\"4387\" data-end=\"4390\" \/><strong data-start=\"4390\" data-end=\"4396\">A:<\/strong> Igen, tokjainkat garanci\u00e1val sz\u00e1ll\u00edtjuk az \u00d6n nyugalma \u00e9rdek\u00e9ben.<\/p>\n<p data-start=\"4458\" data-end=\"4634\"><strong data-start=\"4458\" data-end=\"4521\">K: Hogyan rendelhetek az SX-t\u0151l M32 tokot?<\/strong><br data-start=\"4521\" data-end=\"4524\" \/><strong data-start=\"4524\" data-end=\"4530\">A:<\/strong> Egyszer\u0171en vegye fel a kapcsolatot csapatunkkal, hogy megbesz\u00e9lje ig\u00e9nyeit, \u00e9s mi v\u00e9gigvezetj\u00fck \u00d6nt a rendel\u00e9si folyamaton.<\/p>\n<h3 data-start=\"4636\" data-end=\"4694\"><strong data-start=\"4640\" data-end=\"4694\">Maxim\u00e1lis v\u00e9delem \u00e9s \u00fczleti potenci\u00e1l az SX seg\u00edts\u00e9g\u00e9vel<\/strong><\/h3>\n<p data-start=\"4696\" data-end=\"5045\">Befektet\u00e9s az SX-be <strong data-start=\"4714\" data-end=\"4732\">M32 tok<\/strong> nem csak a felszerel\u00e9s\u00e9t v\u00e9di, hanem a szakmai im\u00e1zs\u00e1t is jav\u00edtja. B\u00edzzon az SX-ben, hogy a legmagasabb szint\u0171 v\u00e9delmet ny\u00fajtja \u00e9rt\u00e9kes felszerel\u00e9sei sz\u00e1m\u00e1ra. Ak\u00e1r turn\u00e9zik, ak\u00e1r rendezv\u00e9nyen l\u00e9p fel, ak\u00e1r \u00fczleti \u00faton van, a Midas M32 Case gondoskodik arr\u00f3l, hogy felszerel\u00e9se biztons\u00e1gban \u00e9s tettre k\u00e9szen \u00e9rkezzen meg.<\/p>\n<p data-start=\"5047\" data-end=\"5154\">Tov\u00e1bbi inform\u00e1ci\u00f3k\u00e9rt vagy megrendel\u00e9s lead\u00e1s\u00e1hoz l\u00e1togasson el a k\u00f6vetkez\u0151 weboldalunkra <a href=\"https:\/\/sxpowercase.com\/contact-us\/\" target=\"_new\" rel=\"noopener\" data-start=\"5102\" data-end=\"5153\">kapcsolatfelv\u00e9teli oldal<\/a>.<\/p>","protected":false},"excerpt":{"rendered":"<h2><strong>Garant\u00e1lt min\u0151s\u00e9gbiztos\u00edt\u00e1s<\/strong>&lt;\/h2&gt;<\/h2>\n<p>Vezet\u0151 rep\u00fcl\u0151 tokgy\u00e1rt\u00f3k\u00e9nt az SX kiv\u00e1l\u00f3 min\u0151s\u00e9g\u0171, pr\u00e9mium min\u0151s\u00e9g\u0171 anyagokb\u00f3l \u00e9s cs\u00facstechnol\u00f3gi\u00e1val k\u00e9sz\u00fclt rack rep\u00fcl\u0151 tokokat sz\u00e1ll\u00edt, amelyek maxim\u00e1lis v\u00e9delmet biztos\u00edtanak felszerel\u00e9s\u00e9nek \u00fatk\u00f6zben.<\/p>\n<h2><strong>Egyedi megold\u00e1sok az \u00d6n berendez\u00e9s\u00e9hez<\/strong><\/h2>\n<p>Az SX az \u00d6n egyedi ig\u00e9nyeihez szabott, egyedi rack Flight Case-eket k\u00edn\u00e1l, amelyek t\u00f6k\u00e9letesen illeszkednek a berendez\u00e9s\u00e9hez. Legyen partner vel\u00fcnk, hogy megtervezhess\u00fck az ide\u00e1lis megold\u00e1st az \u00d6n felszerel\u00e9s\u00e9nek v\u00e9delm\u00e9re.<\/p>\n<h2><strong>Szak\u00e9rtelem \u00e9s megb\u00edzhat\u00f3s\u00e1g<\/strong><\/h2>\n<p>Az SX t\u00f6bb \u00e9vtizedes tapasztalattal rendelkezik a k\u00f6z\u00fati tokgy\u00e1rt\u00e1s ter\u00fclet\u00e9n, \u00edgy az SX megb\u00edzhat\u00f3 partnere \u00e9rt\u00e9kes felszerel\u00e9seinek v\u00e9delm\u00e9ben. A min\u0151s\u00e9g, a megb\u00edzhat\u00f3s\u00e1g \u00e9s a vev\u0151i el\u00e9gedetts\u00e9g ir\u00e1nti elk\u00f6telezetts\u00e9g\u00fcnk megk\u00fcl\u00f6nb\u00f6ztet minket az ipar\u00e1gban.<\/p>","protected":false},"featured_media":7645,"comment_status":"open","ping_status":"closed","template":"","meta":[],"product_brand":[],"product_cat":[41],"product_tag":[],"class_list":{"0":"post-1063","1":"product","2":"type-product","3":"status-publish","4":"has-post-thumbnail","6":"product_cat-equipment-cases","8":"first","9":"instock","10":"shipping-taxable","11":"product-type-simple"},"yoast_head":"<!-- This site is optimized with the Yoast SEO Premium plugin v27.1 (Yoast SEO v27.2) - https:\/\/yoast.com\/product\/yoast-seo-premium-wordpress\/ -->\n<title>Midas M32 Case Factory - https:\/\/sxflightcase.com \ud83d\udc97<\/title>\n<meta name=\"description\" content=\"Midas M32 Case Factory: Specializing in direct sales and professional customization for premium equipment protection solutions.\" \/>\n<meta name=\"robots\" content=\"index, follow, max-snippet:-1, max-image-preview:large, max-video-preview:-1\" \/>\n<link rel=\"canonical\" href=\"https:\/\/sxflightcase.com\/hu\/produkt\/rack-flightcase-fabrik\/\" \/>\n<meta property=\"og:locale\" content=\"hu_HU\" \/>\n<meta property=\"og:type\" content=\"article\" \/>\n<meta property=\"og:title\" content=\"Midas M32 Case Factory\" \/>\n<meta property=\"og:description\" content=\"Midas M32 Case Factory: Specializing in direct sales and professional customization for premium equipment protection solutions.\" \/>\n<meta property=\"og:url\" content=\"https:\/\/sxflightcase.com\/hu\/produkt\/rack-flightcase-fabrik\/\" \/>\n<meta property=\"og:site_name\" content=\"https:\/\/sxflightcase.com\" \/>\n<meta property=\"article:publisher\" content=\"https:\/\/www.facebook.com\/profile.php?id=61560407257971\" \/>\n<meta property=\"article:modified_time\" content=\"2025-09-16T08:04:00+00:00\" \/>\n<meta property=\"og:image\" content=\"https:\/\/sxflightcase.com\/wp-content\/uploads\/2024\/05\/e19ee469-b0d3-4b48-96b6-c465aa5df5b1.jpg\" \/>\n\t<meta property=\"og:image:width\" content=\"800\" \/>\n\t<meta property=\"og:image:height\" content=\"800\" \/>\n\t<meta property=\"og:image:type\" content=\"image\/jpeg\" \/>\n<meta name=\"twitter:card\" content=\"summary_large_image\" \/>\n<meta name=\"twitter:label1\" content=\"Becs\u00fclt olvas\u00e1si id\u0151\" \/>\n\t<meta name=\"twitter:data1\" content=\"4 perc\" \/>\n<script type=\"application\/ld+json\" class=\"yoast-schema-graph\">{\"@context\":\"https:\/\/schema.org\",\"@graph\":[{\"@type\":\"WebPage\",\"@id\":\"https:\/\/sxflightcase.com\/de\/produkt\/rack-flightcase-fabrik\/\",\"url\":\"https:\/\/sxflightcase.com\/de\/produkt\/rack-flightcase-fabrik\/\",\"name\":\"Midas M32 Case Factory - https:\/\/sxflightcase.com \ud83d\udc97\",\"isPartOf\":{\"@id\":\"https:\/\/sxflightcase.com\/th\/#website\"},\"primaryImageOfPage\":{\"@id\":\"https:\/\/sxflightcase.com\/de\/produkt\/rack-flightcase-fabrik\/#primaryimage\"},\"image\":{\"@id\":\"https:\/\/sxflightcase.com\/de\/produkt\/rack-flightcase-fabrik\/#primaryimage\"},\"thumbnailUrl\":\"https:\/\/sxflightcase.com\/wp-content\/uploads\/2024\/05\/e19ee469-b0d3-4b48-96b6-c465aa5df5b1.jpg\",\"datePublished\":\"2024-05-06T03:41:12+00:00\",\"dateModified\":\"2025-09-16T08:04:00+00:00\",\"description\":\"Midas M32 Case Factory: Specializing in direct sales and professional customization for premium equipment protection solutions.\",\"breadcrumb\":{\"@id\":\"https:\/\/sxflightcase.com\/de\/produkt\/rack-flightcase-fabrik\/#breadcrumb\"},\"inLanguage\":\"hu\",\"potentialAction\":[{\"@type\":\"ReadAction\",\"target\":[\"https:\/\/sxflightcase.com\/de\/produkt\/rack-flightcase-fabrik\/\"]}]},{\"@type\":\"ImageObject\",\"inLanguage\":\"hu\",\"@id\":\"https:\/\/sxflightcase.com\/de\/produkt\/rack-flightcase-fabrik\/#primaryimage\",\"url\":\"https:\/\/sxflightcase.com\/wp-content\/uploads\/2024\/05\/e19ee469-b0d3-4b48-96b6-c465aa5df5b1.jpg\",\"contentUrl\":\"https:\/\/sxflightcase.com\/wp-content\/uploads\/2024\/05\/e19ee469-b0d3-4b48-96b6-c465aa5df5b1.jpg\",\"width\":800,\"height\":800,\"caption\":\"Midas M32 Case\"},{\"@type\":\"BreadcrumbList\",\"@id\":\"https:\/\/sxflightcase.com\/de\/produkt\/rack-flightcase-fabrik\/#breadcrumb\",\"itemListElement\":[{\"@type\":\"ListItem\",\"position\":1,\"name\":\"Home\",\"item\":\"https:\/\/sxflightcase.com\/\"},{\"@type\":\"ListItem\",\"position\":2,\"name\":\"\u0e2a\u0e34\u0e19\u0e04\u0e49\u0e32\",\"item\":\"https:\/\/sxflightcase.com\/th\/shop\/\"},{\"@type\":\"ListItem\",\"position\":3,\"name\":\"Midas M32 Case Factory\"}]},{\"@type\":\"WebSite\",\"@id\":\"https:\/\/sxflightcase.com\/th\/#website\",\"url\":\"https:\/\/sxflightcase.com\/th\/\",\"name\":\"sxpowercase.com\",\"description\":\"Flight Case Factory\",\"publisher\":{\"@id\":\"https:\/\/sxflightcase.com\/th\/#organization\"},\"potentialAction\":[{\"@type\":\"SearchAction\",\"target\":{\"@type\":\"EntryPoint\",\"urlTemplate\":\"https:\/\/sxflightcase.com\/th\/?s={search_term_string}\"},\"query-input\":{\"@type\":\"PropertyValueSpecification\",\"valueRequired\":true,\"valueName\":\"search_term_string\"}}],\"inLanguage\":\"hu\"},{\"@type\":\"Organization\",\"@id\":\"https:\/\/sxflightcase.com\/th\/#organization\",\"name\":\"sxpowercase.com\",\"url\":\"https:\/\/sxflightcase.com\/th\/\",\"logo\":{\"@type\":\"ImageObject\",\"inLanguage\":\"hu\",\"@id\":\"https:\/\/sxflightcase.com\/th\/#\/schema\/logo\/image\/\",\"url\":\"https:\/\/sxflightcase.com\/wp-content\/uploads\/2024\/04\/1713919036007.jpg\",\"contentUrl\":\"https:\/\/sxflightcase.com\/wp-content\/uploads\/2024\/04\/1713919036007.jpg\",\"width\":382,\"height\":388,\"caption\":\"sxpowercase.com\"},\"image\":{\"@id\":\"https:\/\/sxflightcase.com\/th\/#\/schema\/logo\/image\/\"},\"sameAs\":[\"https:\/\/www.facebook.com\/profile.php?id=61560407257971\"],\"numberOfEmployees\":{\"@type\":\"QuantitativeValue\",\"minValue\":\"11\",\"maxValue\":\"50\"}}]}<\/script>\n<!-- \/ Yoast SEO Premium plugin. -->","yoast_head_json":{"title":"Midas M32 Case Factory - https:\/\/sxflightcase.com \ud83d\udc97","description":"Midas M32 tok gy\u00e1r: A pr\u00e9mium kateg\u00f3ri\u00e1s k\u00e9sz\u00fcl\u00e9kv\u00e9delmi megold\u00e1sok k\u00f6zvetlen \u00e9rt\u00e9kes\u00edt\u00e9s\u00e9re \u00e9s professzion\u00e1lis testreszab\u00e1s\u00e1ra szakosodott.","robots":{"index":"index","follow":"follow","max-snippet":"max-snippet:-1","max-image-preview":"max-image-preview:large","max-video-preview":"max-video-preview:-1"},"canonical":"https:\/\/sxflightcase.com\/hu\/produkt\/rack-flightcase-fabrik\/","og_locale":"hu_HU","og_type":"article","og_title":"Midas M32 Case Factory","og_description":"Midas M32 Case Factory: Specializing in direct sales and professional customization for premium equipment protection solutions.","og_url":"https:\/\/sxflightcase.com\/hu\/produkt\/rack-flightcase-fabrik\/","og_site_name":"https:\/\/sxflightcase.com","article_publisher":"https:\/\/www.facebook.com\/profile.php?id=61560407257971","article_modified_time":"2025-09-16T08:04:00+00:00","og_image":[{"width":800,"height":800,"url":"https:\/\/sxflightcase.com\/wp-content\/uploads\/2024\/05\/e19ee469-b0d3-4b48-96b6-c465aa5df5b1.jpg","type":"image\/jpeg"}],"twitter_card":"summary_large_image","twitter_misc":{"Becs\u00fclt olvas\u00e1si id\u0151":"4 perc"},"schema":{"@context":"https:\/\/schema.org","@graph":[{"@type":"WebPage","@id":"https:\/\/sxflightcase.com\/de\/produkt\/rack-flightcase-fabrik\/","url":"https:\/\/sxflightcase.com\/de\/produkt\/rack-flightcase-fabrik\/","name":"Midas M32 Case Factory - https:\/\/sxflightcase.com \ud83d\udc97","isPartOf":{"@id":"https:\/\/sxflightcase.com\/th\/#website"},"primaryImageOfPage":{"@id":"https:\/\/sxflightcase.com\/de\/produkt\/rack-flightcase-fabrik\/#primaryimage"},"image":{"@id":"https:\/\/sxflightcase.com\/de\/produkt\/rack-flightcase-fabrik\/#primaryimage"},"thumbnailUrl":"https:\/\/sxflightcase.com\/wp-content\/uploads\/2024\/05\/e19ee469-b0d3-4b48-96b6-c465aa5df5b1.jpg","datePublished":"2024-05-06T03:41:12+00:00","dateModified":"2025-09-16T08:04:00+00:00","description":"Midas M32 tok gy\u00e1r: A pr\u00e9mium kateg\u00f3ri\u00e1s k\u00e9sz\u00fcl\u00e9kv\u00e9delmi megold\u00e1sok k\u00f6zvetlen \u00e9rt\u00e9kes\u00edt\u00e9s\u00e9re \u00e9s professzion\u00e1lis testreszab\u00e1s\u00e1ra szakosodott.","breadcrumb":{"@id":"https:\/\/sxflightcase.com\/de\/produkt\/rack-flightcase-fabrik\/#breadcrumb"},"inLanguage":"hu","potentialAction":[{"@type":"ReadAction","target":["https:\/\/sxflightcase.com\/de\/produkt\/rack-flightcase-fabrik\/"]}]},{"@type":"ImageObject","inLanguage":"hu","@id":"https:\/\/sxflightcase.com\/de\/produkt\/rack-flightcase-fabrik\/#primaryimage","url":"https:\/\/sxflightcase.com\/wp-content\/uploads\/2024\/05\/e19ee469-b0d3-4b48-96b6-c465aa5df5b1.jpg","contentUrl":"https:\/\/sxflightcase.com\/wp-content\/uploads\/2024\/05\/e19ee469-b0d3-4b48-96b6-c465aa5df5b1.jpg","width":800,"height":800,"caption":"Midas M32 Case"},{"@type":"BreadcrumbList","@id":"https:\/\/sxflightcase.com\/de\/produkt\/rack-flightcase-fabrik\/#breadcrumb","itemListElement":[{"@type":"ListItem","position":1,"name":"Home","item":"https:\/\/sxflightcase.com\/"},{"@type":"ListItem","position":2,"name":"\u0e2a\u0e34\u0e19\u0e04\u0e49\u0e32","item":"https:\/\/sxflightcase.com\/th\/shop\/"},{"@type":"ListItem","position":3,"name":"Midas M32 Case Factory"}]},{"@type":"WebSite","@id":"https:\/\/sxflightcase.com\/th\/#website","url":"https:\/\/sxflightcase.com\/th\/","name":"sxpowercase.com","description":"Flight Case Factory","publisher":{"@id":"https:\/\/sxflightcase.com\/th\/#organization"},"potentialAction":[{"@type":"SearchAction","target":{"@type":"EntryPoint","urlTemplate":"https:\/\/sxflightcase.com\/th\/?s={search_term_string}"},"query-input":{"@type":"PropertyValueSpecification","valueRequired":true,"valueName":"search_term_string"}}],"inLanguage":"hu"},{"@type":"Organization","@id":"https:\/\/sxflightcase.com\/th\/#organization","name":"sxpowercase.com","url":"https:\/\/sxflightcase.com\/th\/","logo":{"@type":"ImageObject","inLanguage":"hu","@id":"https:\/\/sxflightcase.com\/th\/#\/schema\/logo\/image\/","url":"https:\/\/sxflightcase.com\/wp-content\/uploads\/2024\/04\/1713919036007.jpg","contentUrl":"https:\/\/sxflightcase.com\/wp-content\/uploads\/2024\/04\/1713919036007.jpg","width":382,"height":388,"caption":"sxpowercase.com"},"image":{"@id":"https:\/\/sxflightcase.com\/th\/#\/schema\/logo\/image\/"},"sameAs":["https:\/\/www.facebook.com\/profile.php?id=61560407257971"],"numberOfEmployees":{"@type":"QuantitativeValue","minValue":"11","maxValue":"50"}}]}},"_links":{"self":[{"href":"https:\/\/sxflightcase.com\/hu\/wp-json\/wp\/v2\/product\/1063","targetHints":{"allow":["GET"]}}],"collection":[{"href":"https:\/\/sxflightcase.com\/hu\/wp-json\/wp\/v2\/product"}],"about":[{"href":"https:\/\/sxflightcase.com\/hu\/wp-json\/wp\/v2\/types\/product"}],"replies":[{"embeddable":true,"href":"https:\/\/sxflightcase.com\/hu\/wp-json\/wp\/v2\/comments?post=1063"}],"version-history":[{"count":0,"href":"https:\/\/sxflightcase.com\/hu\/wp-json\/wp\/v2\/product\/1063\/revisions"}],"wp:featuredmedia":[{"embeddable":true,"href":"https:\/\/sxflightcase.com\/hu\/wp-json\/wp\/v2\/media\/7645"}],"wp:attachment":[{"href":"https:\/\/sxflightcase.com\/hu\/wp-json\/wp\/v2\/media?parent=1063"}],"wp:term":[{"taxonomy":"product_brand","embeddable":true,"href":"https:\/\/sxflightcase.com\/hu\/wp-json\/wp\/v2\/product_brand?post=1063"},{"taxonomy":"product_cat","embeddable":true,"href":"https:\/\/sxflightcase.com\/hu\/wp-json\/wp\/v2\/product_cat?post=1063"},{"taxonomy":"product_tag","embeddable":true,"href":"https:\/\/sxflightcase.com\/hu\/wp-json\/wp\/v2\/product_tag?post=1063"}],"curies":[{"name":"wp","href":"https:\/\/api.w.org\/{rel}","templated":true}]}}