{"id":1069,"date":"2024-05-06T08:08:32","date_gmt":"2024-05-06T07:08:32","guid":{"rendered":"https:\/\/sxpowercase.com\/?post_type=product&#038;p=1069"},"modified":"2025-02-18T18:45:02","modified_gmt":"2025-02-19T02:45:02","slug":"road-case-workbox","status":"publish","type":"product","link":"https:\/\/sxflightcase.com\/hu\/termek\/road-case-workbox\/","title":{"rendered":"Dj tok gy\u00e1r"},"content":{"rendered":"<p><strong>C\u00edm:<\/strong><br \/>\nSX DJ Case Factory: Flycases &amp; Rack Flight Cases: Custom Road Cases for DJ Equipment | Flycases &amp; Rack Flight Cases<\/p>\n<p><strong>Meta Description:<\/strong><br \/>\nV\u00e9dje DJ felszerel\u00e9s\u00e9t az SX egyedi road tokjaival. Tart\u00f3s, hordozhat\u00f3 \u00e9s a felszerel\u00e9s\u00e9hez szabott. N\u00f6velje \u00fczleti tev\u00e9kenys\u00e9g\u00e9t professzion\u00e1lis szint\u0171 v\u00e9delemmel.<\/p>\n<h3><strong>SX: Az \u00d6n megb\u00edzhat\u00f3 DJ tokgy\u00e1ra<\/strong><\/h3>\n<p><strong>SX<\/strong> a legjobb v\u00e1laszt\u00e1s a DJ-felszerel\u00e9s v\u00e9delm\u00e9re. Ak\u00e1r turn\u00e9zik, ak\u00e1r st\u00fadi\u00f3ban van, tokjaink biztons\u00e1gban tartj\u00e1k felszerel\u00e9s\u00e9t, \u00e9s k\u00e9szen \u00e1llnak minden fell\u00e9p\u00e9sre.<\/p>\n<h3><strong>Mi\u00e9rt v\u00e1lassza az SX DJ tokokat?<\/strong><\/h3>\n<ol>\n<li><strong>Egyedi megold\u00e1sok az \u00d6n felszerel\u00e9s\u00e9hez<\/strong><br \/>\nMinden DJ-felszerel\u00e9s egyedi, \u00e9s \u00edgy a mi eset\u00fcnk is az. Az SX-n\u00e9l <strong>egyedi k\u00f6z\u00fati tokok<\/strong> csak neked. Sz\u00fcks\u00e9ge van egy tokra lemezj\u00e1tsz\u00f3k, kever\u0151k vagy egy teljes berendez\u00e9s sz\u00e1m\u00e1ra? Mi gondoskodunk r\u00f3la.<\/li>\n<li><strong>Flycases a k\u00f6nny\u0171 sz\u00e1ll\u00edt\u00e1shoz<\/strong><br \/>\nA <strong>flycases<\/strong> t\u00f6k\u00e9letesek a mozg\u00e1sban l\u00e9v\u0151 DJ-k sz\u00e1m\u00e1ra. Tart\u00f3ss\u00e1gra \u00e9p\u00fcltek, ergonomikus foganty\u00fakkal \u00e9s sima kerekekkel. M\u00e9g soha nem volt ilyen egyszer\u0171 a felszerel\u00e9sed sz\u00e1ll\u00edt\u00e1sa.<\/li>\n<li><strong>Rack Flight Cases a maxim\u00e1lis v\u00e9delem\u00e9rt<\/strong><br \/>\nNagyobb be\u00e1ll\u00edt\u00e1sok eset\u00e9n a <strong>rack rep\u00fcl\u0151 tokok<\/strong> cs\u00facsmin\u0151s\u00e9g\u0171 v\u00e9delmet ny\u00fajtanak. A k\u00f6vetkez\u0151kkel k\u00e9sz\u00fcltek <strong>alum\u00ednium keretek<\/strong>, <strong>t\u0171z\u00e1ll\u00f3 12 mm-es r\u00e9tegelt lemez<\/strong>, \u00e9s <strong>nagy s\u0171r\u0171s\u00e9g\u0171 \u00fct\u00e9s\u00e1ll\u00f3 hab<\/strong>. Ezek a tokok b\u00e1rmit kib\u00edrnak, amit az \u00fat el\u00e9j\u00fck vet.<\/li>\n<li><strong>N\u00f6velje \u00fczleti tev\u00e9kenys\u00e9g\u00e9t az SX DJ tokokkal<\/strong><br \/>\nAz SX DJ tokokba val\u00f3 befektet\u00e9s az \u00d6n v\u00e1llalkoz\u00e1s\u00e1ba val\u00f3 befektet\u00e9st jelenti. Professzion\u00e1lis szint\u0171 v\u00e9delm\u00fcnkkel \u00d6n a leny\u0171g\u00f6z\u0151 el\u0151ad\u00e1sokra koncentr\u00e1lhat, mik\u00f6zben mi gondoskodunk felszerel\u00e9s\u00e9r\u0151l.<\/li>\n<li><strong>Maximaliz\u00e1lja nyeres\u00e9g\u00e9t<\/strong><br \/>\nAz \u00e9rt\u00e9kes DJ-felszerel\u00e9s v\u00e9delme nem csak a biztons\u00e1gr\u00f3l sz\u00f3l. Hanem a profit maximaliz\u00e1l\u00e1s\u00e1r\u00f3l is. A megb\u00edzhat\u00f3 v\u00e9delem t\u00f6bb fell\u00e9p\u00e9st, boldogabb \u00fcgyfeleket \u00e9s t\u00f6bb bev\u00e9telt jelent.<\/li>\n<\/ol>\n<h3><strong>Kulcsfontoss\u00e1g\u00fa jellemz\u0151k:<\/strong><\/h3>\n<ul>\n<li><strong>Anyag:<\/strong> Alum\u00ednium v\u00e1z + t\u0171z\u00e1ll\u00f3 12 mm-es r\u00e9tegelt lemez<\/li>\n<li><strong>Bels\u0151 t\u00e9r:<\/strong> Nagy s\u0171r\u0171s\u00e9g\u0171 \u00fct\u00e9s\u00e1ll\u00f3 hab a maxim\u00e1lis v\u00e9delem \u00e9rdek\u00e9ben<\/li>\n<li><strong>M\u00e9ret:<\/strong> Teljesen testre szabhat\u00f3, hogy illeszkedjen a berendez\u00e9s\u00e9hez<\/li>\n<li><strong>Tartoz\u00e9kok:<\/strong> N\u00e9gy pillang\u00f3z\u00e1r, n\u00e9gy ker\u00e9k, n\u00e9gy er\u0151s foganty\u00fa<\/li>\n<li><strong>Testreszab\u00e1s:<\/strong> Testre szabhatja a t\u00e1sk\u00e1t az \u00d6n ig\u00e9nyei szerint - v\u00e1lassza ki az anyagokat, m\u00e9reteket, bels\u0151 t\u00f6ltel\u00e9keket, foganty\u00fakat \u00e9s z\u00e1rakat.<\/li>\n<\/ul>\n<h3><strong>Kiv\u00e9teles min\u0151s\u00e9g \u00e9s szolg\u00e1ltat\u00e1s<\/strong><\/h3>\n<p>Az SX-n\u00e9l minden\u00fcnk a <strong>kiv\u00e9teles min\u0151s\u00e9g<\/strong> \u00e9s <strong>\u00fcgyf\u00e9lszolg\u00e1lat<\/strong>. A tart\u00f3s \u00fatit\u00e1sk\u00e1inkt\u00f3l kezdve a gyors reag\u00e1l\u00e1s\u00fa \u00fcgyf\u00e9lszolg\u00e1latunkig, elk\u00f6telezettek vagyunk az \u00d6n el\u00e9gedetts\u00e9ge ir\u00e1nt.<\/p>\n<h3><strong>GYIK<\/strong><\/h3>\n<p><strong>K: Az SX testre tudja szabni a road tokokat az adott m\u00e9ret\u0171 DJ-felszerel\u00e9sekhez?<\/strong><br \/>\nV: Igen, egyedi megold\u00e1sokat k\u00edn\u00e1lunk az \u00d6n berendez\u00e9s\u00e9nek m\u00e9reteire \u00e9s specifik\u00e1ci\u00f3ira szabottan.<\/p>\n<p><strong>K: Az SX DJ tokok el\u00e9g tart\u00f3sak a gyakori utaz\u00e1shoz?<\/strong><br \/>\nA: Term\u00e9szetesen! \u00datit\u00e1sk\u00e1inkat \u00fagy tervezt\u00fck, hogy ellen\u00e1lljanak az \u00fat viszontags\u00e1gainak, \u00e9s maxim\u00e1lis v\u00e9delmet biztos\u00edtsanak felszerel\u00e9s\u00e9nek.<\/p>\n<p><strong>K: K\u00edn\u00e1l garanci\u00e1lis fedezetet az SX DJ tokokhoz?<\/strong><br \/>\nV: Igen, a DJ tokok garanci\u00e1lis fedezetet ny\u00fajtanak a tov\u00e1bbi nyugalom \u00e9rdek\u00e9ben.<\/p>\n<p><strong>K: Hogyan rendelhetek az SX-t\u0151l egyedi DJ tokokat?<\/strong><br \/>\nV: Egyszer\u0171en forduljon csapatunkhoz, \u00e9s mi v\u00e9gigvezetj\u00fck a DJ-felszerel\u00e9s\u00e9hez igaz\u00edtott, egyedi \u00fatit\u00e1sk\u00e1k megrendel\u00e9s\u00e9nek folyamat\u00e1n.<\/p>\n<p><strong>K: Rendelhetek nagy t\u00e9telben az SX DJ Case Factory-t\u00f3l?<\/strong><br \/>\nV: Igen, v\u00e1llalunk t\u00f6meges megrendel\u00e9seket, hogy megfeleljen az \u00d6n \u00fczleti ig\u00e9nyeinek.<\/p>\n<h3><strong>Rendelje meg egyedi DJ tokj\u00e1t m\u00e9g ma!<\/strong><\/h3>\n<p>K\u00e9szen \u00e1llsz arra, hogy megv\u00e9dd DJ felszerel\u00e9sedet az SX pr\u00e9mium kateg\u00f3ri\u00e1s road tokjaival? L\u00e9pjen kapcsolatba vel\u00fcnk most, hogy megtervezhess\u00fck egyedi megold\u00e1s\u00e1t.<\/p>\n<p><strong>Hozz\u00e1f\u00e9r\u00e9s most:<\/strong> <a href=\"https:\/\/sxpowercase.com\/contact-us\/\" target=\"_blank\" rel=\"noopener noreferrer\">https:\/\/sxpowercase.com\/contact-us\/<\/a><\/p>\n<h3><strong>Hot Tags:<\/strong><\/h3>\n<p>Alacsony \u00e1r, rakt\u00e1ron, ingyenes minta, t\u00e1p- \u00e9s jelk\u00e1bel, 16 Gauge 4 vezet\u00e9kes vezet\u00e9k, mikrofon\u00e1llv\u00e1ny tok, k\u00fclt\u00e9ri LED kijelz\u0151szekr\u00e9ny, Rack Mount, elektromos eloszt\u00f3 doboz, K\u00edna, besz\u00e1ll\u00edt\u00f3k, gy\u00e1r, testreszabott, nagykereskedelem, t\u00e1pdobozok, t\u00e1pk\u00e1belek, emel\u0151vez\u00e9rl\u0151k, rep\u00fcl\u00e9si esetek.<\/p>","protected":false},"excerpt":{"rendered":"<h2><strong>Testreszabott v\u00e9delem az \u00d6n felszerel\u00e9s\u00e9nek<\/strong><\/h2>\n<p>Az SX az \u00d6n egyedi DJ-felszerel\u00e9seire szabott, egyedi road tokok l\u00e9trehoz\u00e1s\u00e1ra specializ\u00e1l\u00f3dott, \u00edgy biztos\u00edtva a maxim\u00e1lis v\u00e9delmet a felszerel\u00e9s\u00e9nek.<\/p>\n<h2><strong>Flycases a k\u00f6nny\u0171 sz\u00e1ll\u00edt\u00e1shoz<\/strong><\/h2>\n<p>A flycase-eket a mozg\u00e1sban l\u00e9v\u0151 DJ-k sz\u00e1m\u00e1ra tervezt\u00fck, tart\u00f3s konstrukci\u00f3val \u00e9s k\u00e9nyelmes foganty\u00fakkal a koncertek k\u00f6z\u00f6tti probl\u00e9mamentes sz\u00e1ll\u00edt\u00e1shoz.<\/p>\n<h2><strong>Rack Flight tokok a v\u00e9gs\u0151 v\u00e9delem\u00e9rt<\/strong><\/h2>\n<p>Nagyobb DJ-k\u00e9sz\u00fcl\u00e9kekhez a rack rep\u00fcl\u0151 tokok tov\u00e1bbi v\u00e9delmet ny\u00fajtanak az \u00fct\u00e9sek \u00e9s karcol\u00e1sok ellen, \u00edgy biztos\u00edtva, hogy a felszerel\u00e9s biztons\u00e1gban maradjon a roa...<\/p>","protected":false},"featured_media":1070,"comment_status":"open","ping_status":"closed","template":"","meta":[],"product_brand":[],"product_cat":[41],"product_tag":[],"class_list":{"0":"post-1069","1":"product","2":"type-product","3":"status-publish","4":"has-post-thumbnail","6":"product_cat-equipment-cases","8":"first","9":"instock","10":"shipping-taxable","11":"product-type-simple"},"yoast_head":"<!-- This site is optimized with the Yoast SEO Premium plugin v27.1 (Yoast SEO v27.2) - https:\/\/yoast.com\/product\/yoast-seo-premium-wordpress\/ -->\n<title>Dj Case Factory - https:\/\/sxflightcase.com \ud83d\udc97<\/title>\n<meta name=\"description\" content=\"Dj case factory: Specializing in direct sales and professional customization for premium equipment protection solutions.\" \/>\n<meta name=\"robots\" content=\"index, follow, max-snippet:-1, max-image-preview:large, max-video-preview:-1\" \/>\n<link rel=\"canonical\" href=\"https:\/\/sxflightcase.com\/hu\/produit\/boite-de-travail-pour-valise-de-route\/\" \/>\n<meta property=\"og:locale\" content=\"hu_HU\" \/>\n<meta property=\"og:type\" content=\"article\" \/>\n<meta property=\"og:title\" content=\"Dj Case Factory\" \/>\n<meta property=\"og:description\" content=\"Dj case factory: Specializing in direct sales and professional customization for premium equipment protection solutions.\" \/>\n<meta property=\"og:url\" content=\"https:\/\/sxflightcase.com\/hu\/produit\/boite-de-travail-pour-valise-de-route\/\" \/>\n<meta property=\"og:site_name\" content=\"https:\/\/sxflightcase.com\" \/>\n<meta property=\"article:publisher\" content=\"https:\/\/www.facebook.com\/profile.php?id=61560407257971\" \/>\n<meta property=\"article:modified_time\" content=\"2025-02-19T02:45:02+00:00\" \/>\n<meta property=\"og:image\" content=\"https:\/\/sxflightcase.com\/wp-content\/uploads\/2024\/05\/1714963576972.jpg\" \/>\n\t<meta property=\"og:image:width\" content=\"742\" \/>\n\t<meta property=\"og:image:height\" content=\"746\" \/>\n\t<meta property=\"og:image:type\" content=\"image\/jpeg\" \/>\n<meta name=\"twitter:card\" content=\"summary_large_image\" \/>\n<meta name=\"twitter:label1\" content=\"Becs\u00fclt olvas\u00e1si id\u0151\" \/>\n\t<meta name=\"twitter:data1\" content=\"4 perc\" \/>\n<script type=\"application\/ld+json\" class=\"yoast-schema-graph\">{\"@context\":\"https:\/\/schema.org\",\"@graph\":[{\"@type\":\"WebPage\",\"@id\":\"https:\/\/sxflightcase.com\/fr\/produit\/boite-de-travail-pour-valise-de-route\/\",\"url\":\"https:\/\/sxflightcase.com\/fr\/produit\/boite-de-travail-pour-valise-de-route\/\",\"name\":\"Dj Case Factory - https:\/\/sxflightcase.com \ud83d\udc97\",\"isPartOf\":{\"@id\":\"https:\/\/sxflightcase.com\/th\/#website\"},\"primaryImageOfPage\":{\"@id\":\"https:\/\/sxflightcase.com\/fr\/produit\/boite-de-travail-pour-valise-de-route\/#primaryimage\"},\"image\":{\"@id\":\"https:\/\/sxflightcase.com\/fr\/produit\/boite-de-travail-pour-valise-de-route\/#primaryimage\"},\"thumbnailUrl\":\"https:\/\/sxflightcase.com\/wp-content\/uploads\/2024\/05\/1714963576972.jpg\",\"datePublished\":\"2024-05-06T07:08:32+00:00\",\"dateModified\":\"2025-02-19T02:45:02+00:00\",\"description\":\"Dj case factory: Specializing in direct sales and professional customization for premium equipment protection solutions.\",\"breadcrumb\":{\"@id\":\"https:\/\/sxflightcase.com\/fr\/produit\/boite-de-travail-pour-valise-de-route\/#breadcrumb\"},\"inLanguage\":\"hu\",\"potentialAction\":[{\"@type\":\"ReadAction\",\"target\":[\"https:\/\/sxflightcase.com\/fr\/produit\/boite-de-travail-pour-valise-de-route\/\"]}]},{\"@type\":\"ImageObject\",\"inLanguage\":\"hu\",\"@id\":\"https:\/\/sxflightcase.com\/fr\/produit\/boite-de-travail-pour-valise-de-route\/#primaryimage\",\"url\":\"https:\/\/sxflightcase.com\/wp-content\/uploads\/2024\/05\/1714963576972.jpg\",\"contentUrl\":\"https:\/\/sxflightcase.com\/wp-content\/uploads\/2024\/05\/1714963576972.jpg\",\"width\":742,\"height\":746,\"caption\":\"road case workbox\"},{\"@type\":\"BreadcrumbList\",\"@id\":\"https:\/\/sxflightcase.com\/fr\/produit\/boite-de-travail-pour-valise-de-route\/#breadcrumb\",\"itemListElement\":[{\"@type\":\"ListItem\",\"position\":1,\"name\":\"Home\",\"item\":\"https:\/\/sxflightcase.com\/\"},{\"@type\":\"ListItem\",\"position\":2,\"name\":\"\u0e2a\u0e34\u0e19\u0e04\u0e49\u0e32\",\"item\":\"https:\/\/sxflightcase.com\/th\/shop\/\"},{\"@type\":\"ListItem\",\"position\":3,\"name\":\"Dj Case Factory\"}]},{\"@type\":\"WebSite\",\"@id\":\"https:\/\/sxflightcase.com\/th\/#website\",\"url\":\"https:\/\/sxflightcase.com\/th\/\",\"name\":\"sxpowercase.com\",\"description\":\"Flight Case Factory\",\"publisher\":{\"@id\":\"https:\/\/sxflightcase.com\/th\/#organization\"},\"potentialAction\":[{\"@type\":\"SearchAction\",\"target\":{\"@type\":\"EntryPoint\",\"urlTemplate\":\"https:\/\/sxflightcase.com\/th\/?s={search_term_string}\"},\"query-input\":{\"@type\":\"PropertyValueSpecification\",\"valueRequired\":true,\"valueName\":\"search_term_string\"}}],\"inLanguage\":\"hu\"},{\"@type\":\"Organization\",\"@id\":\"https:\/\/sxflightcase.com\/th\/#organization\",\"name\":\"sxpowercase.com\",\"url\":\"https:\/\/sxflightcase.com\/th\/\",\"logo\":{\"@type\":\"ImageObject\",\"inLanguage\":\"hu\",\"@id\":\"https:\/\/sxflightcase.com\/th\/#\/schema\/logo\/image\/\",\"url\":\"https:\/\/sxflightcase.com\/wp-content\/uploads\/2024\/04\/1713919036007.jpg\",\"contentUrl\":\"https:\/\/sxflightcase.com\/wp-content\/uploads\/2024\/04\/1713919036007.jpg\",\"width\":382,\"height\":388,\"caption\":\"sxpowercase.com\"},\"image\":{\"@id\":\"https:\/\/sxflightcase.com\/th\/#\/schema\/logo\/image\/\"},\"sameAs\":[\"https:\/\/www.facebook.com\/profile.php?id=61560407257971\"],\"numberOfEmployees\":{\"@type\":\"QuantitativeValue\",\"minValue\":\"11\",\"maxValue\":\"50\"}}]}<\/script>\n<!-- \/ Yoast SEO Premium plugin. -->","yoast_head_json":{"title":"Dj Case Factory - https:\/\/sxflightcase.com \ud83d\udc97","description":"Dj tok gy\u00e1r: A pr\u00e9mium felszerel\u00e9sv\u00e9delmi megold\u00e1sok k\u00f6zvetlen \u00e9rt\u00e9kes\u00edt\u00e9s\u00e9re \u00e9s professzion\u00e1lis testreszab\u00e1s\u00e1ra szakosodott.","robots":{"index":"index","follow":"follow","max-snippet":"max-snippet:-1","max-image-preview":"max-image-preview:large","max-video-preview":"max-video-preview:-1"},"canonical":"https:\/\/sxflightcase.com\/hu\/produit\/boite-de-travail-pour-valise-de-route\/","og_locale":"hu_HU","og_type":"article","og_title":"Dj Case Factory","og_description":"Dj case factory: Specializing in direct sales and professional customization for premium equipment protection solutions.","og_url":"https:\/\/sxflightcase.com\/hu\/produit\/boite-de-travail-pour-valise-de-route\/","og_site_name":"https:\/\/sxflightcase.com","article_publisher":"https:\/\/www.facebook.com\/profile.php?id=61560407257971","article_modified_time":"2025-02-19T02:45:02+00:00","og_image":[{"width":742,"height":746,"url":"https:\/\/sxflightcase.com\/wp-content\/uploads\/2024\/05\/1714963576972.jpg","type":"image\/jpeg"}],"twitter_card":"summary_large_image","twitter_misc":{"Becs\u00fclt olvas\u00e1si id\u0151":"4 perc"},"schema":{"@context":"https:\/\/schema.org","@graph":[{"@type":"WebPage","@id":"https:\/\/sxflightcase.com\/fr\/produit\/boite-de-travail-pour-valise-de-route\/","url":"https:\/\/sxflightcase.com\/fr\/produit\/boite-de-travail-pour-valise-de-route\/","name":"Dj Case Factory - https:\/\/sxflightcase.com \ud83d\udc97","isPartOf":{"@id":"https:\/\/sxflightcase.com\/th\/#website"},"primaryImageOfPage":{"@id":"https:\/\/sxflightcase.com\/fr\/produit\/boite-de-travail-pour-valise-de-route\/#primaryimage"},"image":{"@id":"https:\/\/sxflightcase.com\/fr\/produit\/boite-de-travail-pour-valise-de-route\/#primaryimage"},"thumbnailUrl":"https:\/\/sxflightcase.com\/wp-content\/uploads\/2024\/05\/1714963576972.jpg","datePublished":"2024-05-06T07:08:32+00:00","dateModified":"2025-02-19T02:45:02+00:00","description":"Dj tok gy\u00e1r: A pr\u00e9mium felszerel\u00e9sv\u00e9delmi megold\u00e1sok k\u00f6zvetlen \u00e9rt\u00e9kes\u00edt\u00e9s\u00e9re \u00e9s professzion\u00e1lis testreszab\u00e1s\u00e1ra szakosodott.","breadcrumb":{"@id":"https:\/\/sxflightcase.com\/fr\/produit\/boite-de-travail-pour-valise-de-route\/#breadcrumb"},"inLanguage":"hu","potentialAction":[{"@type":"ReadAction","target":["https:\/\/sxflightcase.com\/fr\/produit\/boite-de-travail-pour-valise-de-route\/"]}]},{"@type":"ImageObject","inLanguage":"hu","@id":"https:\/\/sxflightcase.com\/fr\/produit\/boite-de-travail-pour-valise-de-route\/#primaryimage","url":"https:\/\/sxflightcase.com\/wp-content\/uploads\/2024\/05\/1714963576972.jpg","contentUrl":"https:\/\/sxflightcase.com\/wp-content\/uploads\/2024\/05\/1714963576972.jpg","width":742,"height":746,"caption":"road case workbox"},{"@type":"BreadcrumbList","@id":"https:\/\/sxflightcase.com\/fr\/produit\/boite-de-travail-pour-valise-de-route\/#breadcrumb","itemListElement":[{"@type":"ListItem","position":1,"name":"Home","item":"https:\/\/sxflightcase.com\/"},{"@type":"ListItem","position":2,"name":"\u0e2a\u0e34\u0e19\u0e04\u0e49\u0e32","item":"https:\/\/sxflightcase.com\/th\/shop\/"},{"@type":"ListItem","position":3,"name":"Dj Case Factory"}]},{"@type":"WebSite","@id":"https:\/\/sxflightcase.com\/th\/#website","url":"https:\/\/sxflightcase.com\/th\/","name":"sxpowercase.com","description":"Flight Case Factory","publisher":{"@id":"https:\/\/sxflightcase.com\/th\/#organization"},"potentialAction":[{"@type":"SearchAction","target":{"@type":"EntryPoint","urlTemplate":"https:\/\/sxflightcase.com\/th\/?s={search_term_string}"},"query-input":{"@type":"PropertyValueSpecification","valueRequired":true,"valueName":"search_term_string"}}],"inLanguage":"hu"},{"@type":"Organization","@id":"https:\/\/sxflightcase.com\/th\/#organization","name":"sxpowercase.com","url":"https:\/\/sxflightcase.com\/th\/","logo":{"@type":"ImageObject","inLanguage":"hu","@id":"https:\/\/sxflightcase.com\/th\/#\/schema\/logo\/image\/","url":"https:\/\/sxflightcase.com\/wp-content\/uploads\/2024\/04\/1713919036007.jpg","contentUrl":"https:\/\/sxflightcase.com\/wp-content\/uploads\/2024\/04\/1713919036007.jpg","width":382,"height":388,"caption":"sxpowercase.com"},"image":{"@id":"https:\/\/sxflightcase.com\/th\/#\/schema\/logo\/image\/"},"sameAs":["https:\/\/www.facebook.com\/profile.php?id=61560407257971"],"numberOfEmployees":{"@type":"QuantitativeValue","minValue":"11","maxValue":"50"}}]}},"_links":{"self":[{"href":"https:\/\/sxflightcase.com\/hu\/wp-json\/wp\/v2\/product\/1069","targetHints":{"allow":["GET"]}}],"collection":[{"href":"https:\/\/sxflightcase.com\/hu\/wp-json\/wp\/v2\/product"}],"about":[{"href":"https:\/\/sxflightcase.com\/hu\/wp-json\/wp\/v2\/types\/product"}],"replies":[{"embeddable":true,"href":"https:\/\/sxflightcase.com\/hu\/wp-json\/wp\/v2\/comments?post=1069"}],"version-history":[{"count":0,"href":"https:\/\/sxflightcase.com\/hu\/wp-json\/wp\/v2\/product\/1069\/revisions"}],"wp:featuredmedia":[{"embeddable":true,"href":"https:\/\/sxflightcase.com\/hu\/wp-json\/wp\/v2\/media\/1070"}],"wp:attachment":[{"href":"https:\/\/sxflightcase.com\/hu\/wp-json\/wp\/v2\/media?parent=1069"}],"wp:term":[{"taxonomy":"product_brand","embeddable":true,"href":"https:\/\/sxflightcase.com\/hu\/wp-json\/wp\/v2\/product_brand?post=1069"},{"taxonomy":"product_cat","embeddable":true,"href":"https:\/\/sxflightcase.com\/hu\/wp-json\/wp\/v2\/product_cat?post=1069"},{"taxonomy":"product_tag","embeddable":true,"href":"https:\/\/sxflightcase.com\/hu\/wp-json\/wp\/v2\/product_tag?post=1069"}],"curies":[{"name":"wp","href":"https:\/\/api.w.org\/{rel}","templated":true}]}}