{"id":1082,"date":"2024-05-06T09:24:28","date_gmt":"2024-05-06T08:24:28","guid":{"rendered":"https:\/\/sxpowercase.com\/?post_type=product&#038;p=1082"},"modified":"2025-02-18T19:48:08","modified_gmt":"2025-02-19T03:48:08","slug":"cable-case-with-heavy-duty-wheels","status":"publish","type":"product","link":"https:\/\/sxflightcase.com\/hu\/termek\/kabeltaska-nagy-teherbirasu-kerekekkel-2\/","title":{"rendered":"K\u00e1belt\u00e1ska nagy teherb\u00edr\u00e1s\u00fa kerekekkel"},"content":{"rendered":"<p><strong>C\u00edm:<\/strong><br \/>\nSX k\u00e1bel tokok: Testreszabhat\u00f3 \u00e9s tart\u00f3s<\/p>\n<p><strong>Meta Description:<\/strong><br \/>\nV\u00e9dje k\u00e1beleit az SX kiv\u00e1l\u00f3 min\u0151s\u00e9g\u0171 <a href=\"https:\/\/sxpowercase.com\/product\/wireless-microphone-case\/\">k\u00e1belh\u00fcvelyek<\/a>. Testreszabhat\u00f3, tart\u00f3s \u00e9s maxim\u00e1lis v\u00e9delemre tervezett. N\u00f6velje \u00fczleti hat\u00e9konys\u00e1g\u00e1t m\u00e9g ma!<\/p>\n<h3><strong>SX: Az \u00d6n megb\u00edzhat\u00f3 k\u00e1bel tok besz\u00e1ll\u00edt\u00f3ja<\/strong><\/h3>\n<p><strong>SX<\/strong> a legjobb v\u00e1laszt\u00e1s a <a href=\"https:\/\/sxpowercase.com\/product\/flight-case-19-rack\/\">k\u00e1belh\u00fcvelyek<\/a>. A tokjaink biztons\u00e1gban \u00e9s rendben tartj\u00e1k a k\u00e1beleket. T\u00f6k\u00e9letesek audio-, video- vagy t\u00e1pk\u00e1belek sz\u00e1m\u00e1ra.<\/p>\n<h3><strong>Mi\u00e9rt v\u00e1lassza az SX Cable Cases-t?<\/strong><\/h3>\n<ol>\n<li><strong>Maxim\u00e1lis v\u00e9delem a k\u00e1belek sz\u00e1m\u00e1ra<\/strong><br \/>\nAz \u00fcgyeink <strong>alum\u00ednium keretek<\/strong>, <strong>t\u0171z\u00e1ll\u00f3 12 mm-es r\u00e9tegelt lemez<\/strong>, \u00e9s <strong>nagy s\u0171r\u0171s\u00e9g\u0171 \u00fct\u00e9s\u00e1ll\u00f3 hab bels\u0151 r\u00e9szek<\/strong>. Megv\u00e9dik a k\u00e1beleket az \u00fct\u00e9sekt\u0151l, a nedvess\u00e9gt\u0151l \u00e9s m\u00e1s vesz\u00e9lyekt\u0151l.<\/li>\n<li><strong>Egyedi megold\u00e1sok az \u00d6n ig\u00e9nyeihez<\/strong><br \/>\nMinden k\u00e1belk\u00e9szlet egyedi, ahogy a tokjaink is. Megtervezhet\u00fcnk egy <strong>egyedi megold\u00e1s<\/strong> az \u00d6n egyedi ig\u00e9nyeinek megfelel\u0151en.<\/li>\n<li><strong>Fokozza az \u00fczleti hat\u00e9konys\u00e1got<\/strong><br \/>\nAz SX k\u00e1beltokok rendezetten \u00e9s v\u00e9detten tartj\u00e1k a k\u00e1beleket. Ezzel id\u0151t takar\u00edt meg \u00e9s cs\u00f6kkenti a stresszt. Jobban \u00f6sszpontos\u00edthat projektjeire, ami jobb termel\u00e9kenys\u00e9get \u00e9s t\u00f6bb bev\u00e9telt eredm\u00e9nyez.<\/li>\n<li><strong>Maximaliz\u00e1lja nyeres\u00e9g\u00e9t<\/strong><br \/>\nB\u00f6lcs dolog befektetni az SX k\u00e1beltokokba. A s\u00e9r\u00fcl\u00e9sek \u00e9s a cser\u00e9k elker\u00fcl\u00e9se r\u00e9v\u00e9n p\u00e9nzt takar\u00edthat meg. A tart\u00f3s tokokkal t\u00f6bb projektet v\u00e1llalhat, n\u00f6velve ezzel a nyeres\u00e9g\u00e9t.<\/li>\n<li><strong>Kiv\u00e9teles min\u0151s\u00e9g \u00e9s szolg\u00e1ltat\u00e1s<\/strong><br \/>\nAz SX-n\u00e9l a k\u00f6vetkez\u0151 c\u00e9lokat t\u0171zt\u00fck ki <strong>kiv\u00e9teles min\u0151s\u00e9g<\/strong> \u00e9s <strong>\u00fcgyf\u00e9lszolg\u00e1lat<\/strong>. Szorosan egy\u00fcttm\u0171k\u00f6d\u00fcnk \u00d6nnel, hogy az \u00d6n el\u00e9gedetts\u00e9ge az elej\u00e9t\u0151l a v\u00e9g\u00e9ig biztos\u00edtva legyen.<\/li>\n<\/ol>\n<h3><strong>Kulcsfontoss\u00e1g\u00fa jellemz\u0151k:<\/strong><\/h3>\n<ul>\n<li><strong>Anyag:<\/strong> Alum\u00ednium v\u00e1z + t\u0171z\u00e1ll\u00f3 12 mm-es r\u00e9tegelt lemez<\/li>\n<li><strong>Bels\u0151 t\u00e9r:<\/strong> Nagy s\u0171r\u0171s\u00e9g\u0171 \u00fct\u00e9s\u00e1ll\u00f3 hab a maxim\u00e1lis v\u00e9delem \u00e9rdek\u00e9ben<\/li>\n<li><strong>Tartoz\u00e9kok:<\/strong> N\u00e9gy pillang\u00f3z\u00e1r, n\u00e9gy ker\u00e9k \u00e9s n\u00e9gy er\u0151s foganty\u00fa a k\u00f6nny\u0171 sz\u00e1ll\u00edt\u00e1shoz<\/li>\n<li><strong>Testreszab\u00e1s:<\/strong> Testre szabhatja a t\u00e1sk\u00e1t az \u00d6n ig\u00e9nyei szerint - v\u00e1lassza ki az anyagokat, m\u00e9reteket, bels\u0151 t\u00f6ltel\u00e9keket, foganty\u00fakat \u00e9s z\u00e1rakat.<\/li>\n<li><strong>Csomagol\u00e1s:<\/strong> Bubor\u00e9kos zs\u00e1k + karton a biztons\u00e1gos sz\u00e1ll\u00edt\u00e1shoz<\/li>\n<\/ul>\n<h3><strong>N\u00f6velje \u00fczleti tev\u00e9kenys\u00e9g\u00e9t az SX k\u00e1beltokokkal<\/strong><\/h3>\n<p>Ne hagyja, hogy a s\u00e9r\u00fclt vagy rendezetlen k\u00e1belek lelass\u00edts\u00e1k. Az SX k\u00e1beltokokkal:<\/p>\n<ul>\n<li><strong>V\u00e9dje \u00e9rt\u00e9kes k\u00e1beleit<\/strong> a sz\u00e1ll\u00edt\u00e1s sor\u00e1n keletkez\u0151 s\u00e9r\u00fcl\u00e9sekt\u0151l.<\/li>\n<li><strong>Maradjon szervezett<\/strong> \u00e9s k\u00e9szen \u00e1ll minden projektre.<\/li>\n<li><strong>N\u00f6velje az eredm\u00e9nyt<\/strong> t\u00f6bb fell\u00e9p\u00e9s magabiztos v\u00e1llal\u00e1s\u00e1val.<\/li>\n<\/ul>\n<h3><strong>GYIK<\/strong><\/h3>\n<p><strong>K: Az SX testre szabhatja a k\u00e1beltokokat bizonyos k\u00e1belm\u00e9retekhez?<\/strong><br \/>\nV: Igen, egyedi megold\u00e1sokat k\u00edn\u00e1lunk az \u00d6n k\u00e1belm\u00e9reteihez \u00e9s specifik\u00e1ci\u00f3ihoz igaz\u00edtva.<\/p>\n<p><strong>K: Az SX k\u00e1beltokok alkalmasak belt\u00e9ri \u00e9s k\u00fclt\u00e9ri haszn\u00e1latra egyar\u00e1nt?<\/strong><br \/>\nA: Term\u00e9szetesen! A tokjainkat \u00fagy tervezt\u00fck, hogy ellen\u00e1lljanak a k\u00fcl\u00f6nb\u00f6z\u0151 k\u00f6rnyezeteknek, \u00edgy biztos\u00edtva, hogy a k\u00e1belek v\u00e9dve maradjanak, b\u00e1rhov\u00e1 is megy.<\/p>\n<p><strong>K: Mennyi id\u0151be telik, am\u00edg az SX-t\u0151l megkapom az egyedi k\u00e1beltokot?<\/strong><br \/>\nV: Az \u00e1tfut\u00e1si id\u0151 az \u00fcgy \u00f6sszetetts\u00e9g\u00e9t\u0151l \u00e9s az aktu\u00e1lis munkaterhel\u00e9st\u0151l f\u00fcgg\u0151en v\u00e1ltozik. A konkr\u00e9t sz\u00e1ll\u00edt\u00e1si hat\u00e1rid\u0151k\u00e9rt vegye fel vel\u00fcnk a kapcsolatot.<\/p>\n<p><strong>K: Az SX k\u00e1beltokok rendelkeznek garanci\u00e1val?<\/strong><br \/>\nV: Igen, a tokjainkhoz garanci\u00e1lis fedezet is j\u00e1r, hogy m\u00e9g nyugodtabbak legy\u00fcnk.<\/p>\n<p><strong>K: Rendelhetek k\u00e1beltokokat \u00f6mlesztve az SX-t\u0151l?<\/strong><br \/>\nV: Igen, t\u00f6meges megrendel\u00e9seket is tudunk fogadni. L\u00e9pjen kapcsolatba vel\u00fcnk az \u00e1rak \u00e9s a rendelkez\u00e9sre \u00e1ll\u00e1s miatt.<\/p>\n<h3><strong>Rendelje meg egyedi k\u00e1belt\u00e1sk\u00e1j\u00e1t m\u00e9g ma!<\/strong><\/h3>\n<p>K\u00e9szen \u00e1ll arra, hogy megv\u00e9dje k\u00e1beleit az SX pr\u00e9mium kateg\u00f3ri\u00e1s tokjaival? L\u00e9pjen kapcsolatba vel\u00fcnk most, hogy megtervezhess\u00fck egyedi megold\u00e1s\u00e1t.<\/p>\n<p><strong>Hozz\u00e1f\u00e9r\u00e9s most:<\/strong> <a href=\"https:\/\/sxpowercase.com\/contact-us\/\" target=\"_blank\" rel=\"noopener noreferrer\">https:\/\/sxpowercase.com\/contact-us\/<\/a><\/p>\n<h3><strong>Hot Tags:<\/strong><\/h3>\n<p>Alacsony \u00e1r, t\u00e1p- \u00e9s jelk\u00e1bel, 16 Gauge 4 vezet\u0151j\u0171 vezet\u00e9k, mikrofon\u00e1llv\u00e1ny tok, k\u00fclt\u00e9ri LED kijelz\u0151szekr\u00e9ny, Rack Mount, elektromos eloszt\u00f3 doboz, K\u00edna, besz\u00e1ll\u00edt\u00f3k, gy\u00e1r, gy\u00e1r, testreszabott, nagykereskedelem, t\u00e1pdobozok, t\u00e1pk\u00e1belek, emel\u0151vez\u00e9rl\u0151k, rep\u00fcl\u00e9si esetek.<\/p>\n<h1><\/h1>","protected":false},"excerpt":{"rendered":"<h2><strong>Min\u0151s\u00e9gi tokok a maxim\u00e1lis v\u00e9delem\u00e9rt<\/strong><\/h2>\n<p>Az SX k\u00e1belt\u00e1sk\u00e1k tart\u00f3sak, tart\u00f3s anyagokkal \u00e9s biztons\u00e1gos z\u00e1r\u00f3d\u00e1ssal biztos\u00edtj\u00e1k, hogy a k\u00e1belek biztons\u00e1gban \u00e9s rendben maradjanak, b\u00e1rhov\u00e1 is megy.<\/p>\n<h2><strong>Egyedi megold\u00e1sok az \u00d6n k\u00e1belig\u00e9nyeihez<\/strong><\/h2>\n<p>Egyedi, az \u00d6n egyedi ig\u00e9nyeire szabott k\u00e1beltokokat k\u00edn\u00e1lunk, legyen sz\u00f3 audiok\u00e1belekr\u0151l, videok\u00e1belekr\u0151l vagy b\u00e1rmilyen m\u00e1s t\u00edpus\u00fa k\u00e1belekr\u0151l. Szem\u00e9lyre szabott megold\u00e1sainkkal rendezetten \u00e9s v\u00e9detten tarthatja k\u00e1beleit.<\/p>\n<h2><strong>N\u00f6velje az \u00fczleti hat\u00e9konys\u00e1got az SX k\u00e1belh\u00e1zakkal<\/strong><\/h2>\n<p>Befektessen az SX k\u00e1beltokokba az \u00fczleti hat\u00e9konys\u00e1g \u00e9s j\u00f6vedelmez\u0151s\u00e9g n\u00f6vel\u00e9se \u00e9rdek\u00e9ben. T\u00f6lts\u00f6n kevesebb id\u0151t a k\u00e1belek keres\u00e9s\u00e9vel, \u00e9s ford\u00edtson t\u00f6bb id\u0151t a projektjeire, ami jobb termel\u00e9kenys\u00e9get \u00e9s nagyobb bev\u00e9telt eredm\u00e9nyez.<\/p>","protected":false},"featured_media":1083,"comment_status":"open","ping_status":"closed","template":"","meta":[],"product_brand":[],"product_cat":[36],"product_tag":[],"class_list":{"0":"post-1082","1":"product","2":"type-product","3":"status-publish","4":"has-post-thumbnail","6":"product_cat-cables-cases","8":"first","9":"instock","10":"shipping-taxable","11":"product-type-simple"},"yoast_head":"<!-- This site is optimized with the Yoast SEO Premium plugin v27.1 (Yoast SEO v27.2) - https:\/\/yoast.com\/product\/yoast-seo-premium-wordpress\/ -->\n<title>Cable Case With Heavy Duty Wheels - https:\/\/sxflightcase.com \ud83d\udc97<\/title>\n<meta name=\"description\" content=\"Cable case Factory: Specializing in direct sales and professional customization for premium equipment protection solutions\" \/>\n<meta name=\"robots\" content=\"index, follow, max-snippet:-1, max-image-preview:large, max-video-preview:-1\" \/>\n<link rel=\"canonical\" href=\"https:\/\/sxflightcase.com\/hu\/produkt\/kabelkasse-med-kraftige-hjul\/\" \/>\n<meta property=\"og:locale\" content=\"hu_HU\" \/>\n<meta property=\"og:type\" content=\"article\" \/>\n<meta property=\"og:title\" content=\"Cable Case With Heavy Duty Wheels\" \/>\n<meta property=\"og:description\" content=\"Cable case Factory: Specializing in direct sales and professional customization for premium equipment protection solutions\" \/>\n<meta property=\"og:url\" content=\"https:\/\/sxflightcase.com\/hu\/produkt\/kabelkasse-med-kraftige-hjul\/\" \/>\n<meta property=\"og:site_name\" content=\"https:\/\/sxflightcase.com\" \/>\n<meta property=\"article:publisher\" content=\"https:\/\/www.facebook.com\/profile.php?id=61560407257971\" \/>\n<meta property=\"article:modified_time\" content=\"2025-02-19T03:48:08+00:00\" \/>\n<meta property=\"og:image\" content=\"https:\/\/sxflightcase.com\/wp-content\/uploads\/2024\/05\/1714963633661.jpg\" \/>\n\t<meta property=\"og:image:width\" content=\"691\" \/>\n\t<meta property=\"og:image:height\" content=\"692\" \/>\n\t<meta property=\"og:image:type\" content=\"image\/jpeg\" \/>\n<meta name=\"twitter:card\" content=\"summary_large_image\" \/>\n<meta name=\"twitter:label1\" content=\"Becs\u00fclt olvas\u00e1si id\u0151\" \/>\n\t<meta name=\"twitter:data1\" content=\"3 perc\" \/>\n<script type=\"application\/ld+json\" class=\"yoast-schema-graph\">{\"@context\":\"https:\/\/schema.org\",\"@graph\":[{\"@type\":\"WebPage\",\"@id\":\"https:\/\/sxflightcase.com\/da\/produkt\/kabelkasse-med-kraftige-hjul\/\",\"url\":\"https:\/\/sxflightcase.com\/da\/produkt\/kabelkasse-med-kraftige-hjul\/\",\"name\":\"Cable Case With Heavy Duty Wheels - https:\/\/sxflightcase.com \ud83d\udc97\",\"isPartOf\":{\"@id\":\"https:\/\/sxflightcase.com\/th\/#website\"},\"primaryImageOfPage\":{\"@id\":\"https:\/\/sxflightcase.com\/da\/produkt\/kabelkasse-med-kraftige-hjul\/#primaryimage\"},\"image\":{\"@id\":\"https:\/\/sxflightcase.com\/da\/produkt\/kabelkasse-med-kraftige-hjul\/#primaryimage\"},\"thumbnailUrl\":\"https:\/\/sxflightcase.com\/wp-content\/uploads\/2024\/05\/1714963633661.jpg\",\"datePublished\":\"2024-05-06T08:24:28+00:00\",\"dateModified\":\"2025-02-19T03:48:08+00:00\",\"description\":\"Cable case Factory: Specializing in direct sales and professional customization for premium equipment protection solutions\",\"breadcrumb\":{\"@id\":\"https:\/\/sxflightcase.com\/da\/produkt\/kabelkasse-med-kraftige-hjul\/#breadcrumb\"},\"inLanguage\":\"hu\",\"potentialAction\":[{\"@type\":\"ReadAction\",\"target\":[\"https:\/\/sxflightcase.com\/da\/produkt\/kabelkasse-med-kraftige-hjul\/\"]}]},{\"@type\":\"ImageObject\",\"inLanguage\":\"hu\",\"@id\":\"https:\/\/sxflightcase.com\/da\/produkt\/kabelkasse-med-kraftige-hjul\/#primaryimage\",\"url\":\"https:\/\/sxflightcase.com\/wp-content\/uploads\/2024\/05\/1714963633661.jpg\",\"contentUrl\":\"https:\/\/sxflightcase.com\/wp-content\/uploads\/2024\/05\/1714963633661.jpg\",\"width\":691,\"height\":692,\"caption\":\"cable case\"},{\"@type\":\"BreadcrumbList\",\"@id\":\"https:\/\/sxflightcase.com\/da\/produkt\/kabelkasse-med-kraftige-hjul\/#breadcrumb\",\"itemListElement\":[{\"@type\":\"ListItem\",\"position\":1,\"name\":\"Home\",\"item\":\"https:\/\/sxflightcase.com\/\"},{\"@type\":\"ListItem\",\"position\":2,\"name\":\"\u0e2a\u0e34\u0e19\u0e04\u0e49\u0e32\",\"item\":\"https:\/\/sxflightcase.com\/th\/shop\/\"},{\"@type\":\"ListItem\",\"position\":3,\"name\":\"Cable Case With Heavy Duty Wheels\"}]},{\"@type\":\"WebSite\",\"@id\":\"https:\/\/sxflightcase.com\/th\/#website\",\"url\":\"https:\/\/sxflightcase.com\/th\/\",\"name\":\"sxpowercase.com\",\"description\":\"Flight Case Factory\",\"publisher\":{\"@id\":\"https:\/\/sxflightcase.com\/th\/#organization\"},\"potentialAction\":[{\"@type\":\"SearchAction\",\"target\":{\"@type\":\"EntryPoint\",\"urlTemplate\":\"https:\/\/sxflightcase.com\/th\/?s={search_term_string}\"},\"query-input\":{\"@type\":\"PropertyValueSpecification\",\"valueRequired\":true,\"valueName\":\"search_term_string\"}}],\"inLanguage\":\"hu\"},{\"@type\":\"Organization\",\"@id\":\"https:\/\/sxflightcase.com\/th\/#organization\",\"name\":\"sxpowercase.com\",\"url\":\"https:\/\/sxflightcase.com\/th\/\",\"logo\":{\"@type\":\"ImageObject\",\"inLanguage\":\"hu\",\"@id\":\"https:\/\/sxflightcase.com\/th\/#\/schema\/logo\/image\/\",\"url\":\"https:\/\/sxflightcase.com\/wp-content\/uploads\/2024\/04\/1713919036007.jpg\",\"contentUrl\":\"https:\/\/sxflightcase.com\/wp-content\/uploads\/2024\/04\/1713919036007.jpg\",\"width\":382,\"height\":388,\"caption\":\"sxpowercase.com\"},\"image\":{\"@id\":\"https:\/\/sxflightcase.com\/th\/#\/schema\/logo\/image\/\"},\"sameAs\":[\"https:\/\/www.facebook.com\/profile.php?id=61560407257971\"],\"numberOfEmployees\":{\"@type\":\"QuantitativeValue\",\"minValue\":\"11\",\"maxValue\":\"50\"}}]}<\/script>\n<!-- \/ Yoast SEO Premium plugin. -->","yoast_head_json":{"title":"Cable Case With Heavy Duty Wheels - https:\/\/sxflightcase.com \ud83d\udc97","description":"K\u00e1bel tok Factory: A pr\u00e9mium kateg\u00f3ri\u00e1s k\u00e9sz\u00fcl\u00e9kv\u00e9delmi megold\u00e1sok k\u00f6zvetlen \u00e9rt\u00e9kes\u00edt\u00e9s\u00e9re \u00e9s professzion\u00e1lis testreszab\u00e1s\u00e1ra specializ\u00e1l\u00f3dott.","robots":{"index":"index","follow":"follow","max-snippet":"max-snippet:-1","max-image-preview":"max-image-preview:large","max-video-preview":"max-video-preview:-1"},"canonical":"https:\/\/sxflightcase.com\/hu\/produkt\/kabelkasse-med-kraftige-hjul\/","og_locale":"hu_HU","og_type":"article","og_title":"Cable Case With Heavy Duty Wheels","og_description":"Cable case Factory: Specializing in direct sales and professional customization for premium equipment protection solutions","og_url":"https:\/\/sxflightcase.com\/hu\/produkt\/kabelkasse-med-kraftige-hjul\/","og_site_name":"https:\/\/sxflightcase.com","article_publisher":"https:\/\/www.facebook.com\/profile.php?id=61560407257971","article_modified_time":"2025-02-19T03:48:08+00:00","og_image":[{"width":691,"height":692,"url":"https:\/\/sxflightcase.com\/wp-content\/uploads\/2024\/05\/1714963633661.jpg","type":"image\/jpeg"}],"twitter_card":"summary_large_image","twitter_misc":{"Becs\u00fclt olvas\u00e1si id\u0151":"3 perc"},"schema":{"@context":"https:\/\/schema.org","@graph":[{"@type":"WebPage","@id":"https:\/\/sxflightcase.com\/da\/produkt\/kabelkasse-med-kraftige-hjul\/","url":"https:\/\/sxflightcase.com\/da\/produkt\/kabelkasse-med-kraftige-hjul\/","name":"Cable Case With Heavy Duty Wheels - https:\/\/sxflightcase.com \ud83d\udc97","isPartOf":{"@id":"https:\/\/sxflightcase.com\/th\/#website"},"primaryImageOfPage":{"@id":"https:\/\/sxflightcase.com\/da\/produkt\/kabelkasse-med-kraftige-hjul\/#primaryimage"},"image":{"@id":"https:\/\/sxflightcase.com\/da\/produkt\/kabelkasse-med-kraftige-hjul\/#primaryimage"},"thumbnailUrl":"https:\/\/sxflightcase.com\/wp-content\/uploads\/2024\/05\/1714963633661.jpg","datePublished":"2024-05-06T08:24:28+00:00","dateModified":"2025-02-19T03:48:08+00:00","description":"K\u00e1bel tok Factory: A pr\u00e9mium kateg\u00f3ri\u00e1s k\u00e9sz\u00fcl\u00e9kv\u00e9delmi megold\u00e1sok k\u00f6zvetlen \u00e9rt\u00e9kes\u00edt\u00e9s\u00e9re \u00e9s professzion\u00e1lis testreszab\u00e1s\u00e1ra specializ\u00e1l\u00f3dott.","breadcrumb":{"@id":"https:\/\/sxflightcase.com\/da\/produkt\/kabelkasse-med-kraftige-hjul\/#breadcrumb"},"inLanguage":"hu","potentialAction":[{"@type":"ReadAction","target":["https:\/\/sxflightcase.com\/da\/produkt\/kabelkasse-med-kraftige-hjul\/"]}]},{"@type":"ImageObject","inLanguage":"hu","@id":"https:\/\/sxflightcase.com\/da\/produkt\/kabelkasse-med-kraftige-hjul\/#primaryimage","url":"https:\/\/sxflightcase.com\/wp-content\/uploads\/2024\/05\/1714963633661.jpg","contentUrl":"https:\/\/sxflightcase.com\/wp-content\/uploads\/2024\/05\/1714963633661.jpg","width":691,"height":692,"caption":"cable case"},{"@type":"BreadcrumbList","@id":"https:\/\/sxflightcase.com\/da\/produkt\/kabelkasse-med-kraftige-hjul\/#breadcrumb","itemListElement":[{"@type":"ListItem","position":1,"name":"Home","item":"https:\/\/sxflightcase.com\/"},{"@type":"ListItem","position":2,"name":"\u0e2a\u0e34\u0e19\u0e04\u0e49\u0e32","item":"https:\/\/sxflightcase.com\/th\/shop\/"},{"@type":"ListItem","position":3,"name":"Cable Case With Heavy Duty Wheels"}]},{"@type":"WebSite","@id":"https:\/\/sxflightcase.com\/th\/#website","url":"https:\/\/sxflightcase.com\/th\/","name":"sxpowercase.com","description":"Flight Case Factory","publisher":{"@id":"https:\/\/sxflightcase.com\/th\/#organization"},"potentialAction":[{"@type":"SearchAction","target":{"@type":"EntryPoint","urlTemplate":"https:\/\/sxflightcase.com\/th\/?s={search_term_string}"},"query-input":{"@type":"PropertyValueSpecification","valueRequired":true,"valueName":"search_term_string"}}],"inLanguage":"hu"},{"@type":"Organization","@id":"https:\/\/sxflightcase.com\/th\/#organization","name":"sxpowercase.com","url":"https:\/\/sxflightcase.com\/th\/","logo":{"@type":"ImageObject","inLanguage":"hu","@id":"https:\/\/sxflightcase.com\/th\/#\/schema\/logo\/image\/","url":"https:\/\/sxflightcase.com\/wp-content\/uploads\/2024\/04\/1713919036007.jpg","contentUrl":"https:\/\/sxflightcase.com\/wp-content\/uploads\/2024\/04\/1713919036007.jpg","width":382,"height":388,"caption":"sxpowercase.com"},"image":{"@id":"https:\/\/sxflightcase.com\/th\/#\/schema\/logo\/image\/"},"sameAs":["https:\/\/www.facebook.com\/profile.php?id=61560407257971"],"numberOfEmployees":{"@type":"QuantitativeValue","minValue":"11","maxValue":"50"}}]}},"_links":{"self":[{"href":"https:\/\/sxflightcase.com\/hu\/wp-json\/wp\/v2\/product\/1082","targetHints":{"allow":["GET"]}}],"collection":[{"href":"https:\/\/sxflightcase.com\/hu\/wp-json\/wp\/v2\/product"}],"about":[{"href":"https:\/\/sxflightcase.com\/hu\/wp-json\/wp\/v2\/types\/product"}],"replies":[{"embeddable":true,"href":"https:\/\/sxflightcase.com\/hu\/wp-json\/wp\/v2\/comments?post=1082"}],"version-history":[{"count":0,"href":"https:\/\/sxflightcase.com\/hu\/wp-json\/wp\/v2\/product\/1082\/revisions"}],"wp:featuredmedia":[{"embeddable":true,"href":"https:\/\/sxflightcase.com\/hu\/wp-json\/wp\/v2\/media\/1083"}],"wp:attachment":[{"href":"https:\/\/sxflightcase.com\/hu\/wp-json\/wp\/v2\/media?parent=1082"}],"wp:term":[{"taxonomy":"product_brand","embeddable":true,"href":"https:\/\/sxflightcase.com\/hu\/wp-json\/wp\/v2\/product_brand?post=1082"},{"taxonomy":"product_cat","embeddable":true,"href":"https:\/\/sxflightcase.com\/hu\/wp-json\/wp\/v2\/product_cat?post=1082"},{"taxonomy":"product_tag","embeddable":true,"href":"https:\/\/sxflightcase.com\/hu\/wp-json\/wp\/v2\/product_tag?post=1082"}],"curies":[{"name":"wp","href":"https:\/\/api.w.org\/{rel}","templated":true}]}}