{"id":1092,"date":"2024-05-07T03:02:55","date_gmt":"2024-05-07T02:02:55","guid":{"rendered":"https:\/\/sxpowercase.com\/?post_type=product&#038;p=1092"},"modified":"2025-02-18T19:11:18","modified_gmt":"2025-02-19T03:11:18","slug":"dj-coffin-case-manufacture","status":"publish","type":"product","link":"https:\/\/sxflightcase.com\/hu\/termek\/dj-koporso-tok-gyartasa\/","title":{"rendered":"DJ Coffin Case gy\u00e1rt\u00e1sa"},"content":{"rendered":"<p><strong>C\u00edm:<\/strong><br \/>\nSX DJ Coffin Case: Testreszabhat\u00f3 \u00e9s strapab\u00edr\u00f3<\/p>\n<p><strong>Meta Description:<\/strong><br \/>\nV\u00e9dje DJ felszerel\u00e9s\u00e9t az SX pr\u00e9mium kateg\u00f3ri\u00e1s DJ Coffin Cases-\u00e9vel. Testreszabhat\u00f3, tart\u00f3s \u00e9s maxim\u00e1lis v\u00e9delemre tervezett. N\u00f6velje \u00fczleti hat\u00e9konys\u00e1g\u00e1t m\u00e9g ma!<\/p>\n<h3><strong>SX: A Premier DJ Coffin Case gy\u00e1rt\u00f3ja<\/strong><\/h3>\n<p><strong>SX<\/strong> a legjobb v\u00e1laszt\u00e1s a DJ-felszerel\u00e9sek v\u00e9delm\u00e9re. A <strong>DJ kopors\u00f3 tokok<\/strong> \u00fagy k\u00e9sz\u00fcltek, hogy biztons\u00e1gban tarts\u00e1k felszerel\u00e9s\u00e9t, ak\u00e1r \u00faton van, ak\u00e1r a st\u00fadi\u00f3ban.<\/p>\n<h3><strong>Mi\u00e9rt v\u00e1lassza az SX DJ Coffin Cases-t?<\/strong><\/h3>\n<ol>\n<li><strong>Maxim\u00e1lis v\u00e9delem a felszerel\u00e9s\u00e9nek<\/strong><br \/>\nEseteinkben a <strong>9mm r\u00e9tegelt r\u00e9tegelt lemez<\/strong>, <strong>kereskedelmi min\u0151s\u00e9g\u0171 bevonatos hardver<\/strong>, \u00e9s <strong>rendk\u00edv\u00fcl tart\u00f3s EVA hab bels\u0151 p\u00e1rn\u00e1z\u00e1s<\/strong>. Ez azt jelenti, hogy berendez\u00e9sei biztons\u00e1gban vannak az \u00fct\u0151d\u00e9sekt\u0151l, lees\u00e9sekt\u0151l \u00e9s rezg\u00e9sekt\u0151l.<\/li>\n<li><strong>Egyedi megold\u00e1sok az \u00d6n be\u00e1ll\u00edt\u00e1saihoz<\/strong><br \/>\nMinden DJ be\u00e1ll\u00edt\u00e1sa m\u00e1s \u00e9s m\u00e1s. Mi k\u00e9sz\u00edthet\u00fcnk egy <strong>egyedi megold\u00e1s<\/strong> az \u00d6n pontos ig\u00e9nyeinek megfelel\u0151en, legyen sz\u00f3 ak\u00e1r k\u00e9t lemezj\u00e1tsz\u00f3r\u00f3l \u00e9s egy kever\u0151pultr\u00f3l, ak\u00e1r t\u00f6bbr\u0151l.<\/li>\n<li><strong>Fokozza az \u00fczleti hat\u00e9konys\u00e1got<\/strong><br \/>\nEseteink seg\u00edtenek \u00d6nnek abban, hogy a teljes\u00edtm\u00e9ny\u00e9re \u00f6sszpontos\u00edthasson. Ez t\u00f6bb fell\u00e9p\u00e9st, t\u00f6bb bev\u00e9telt \u00e9s jobb termel\u00e9kenys\u00e9get jelent.<\/li>\n<li><strong>Maximaliz\u00e1lja nyeres\u00e9g\u00e9t<\/strong><br \/>\nAz SX DJ Coffin Cases megv\u00e1s\u00e1rl\u00e1sa okos befektet\u00e9s. P\u00e9nzt takar\u00edt meg a s\u00e9r\u00fcl\u00e9sek \u00e9s a cser\u00e9k elker\u00fcl\u00e9se r\u00e9v\u00e9n. R\u00e1ad\u00e1sul a tart\u00f3s tokok lehet\u0151v\u00e9 teszik, hogy t\u00f6bb koncertet v\u00e1llalj, n\u00f6velve ezzel a profitodat.<\/li>\n<li><strong>Kiv\u00e9teles min\u0151s\u00e9g \u00e9s szolg\u00e1ltat\u00e1s<\/strong><br \/>\nAz SX-n\u00e9l minden\u00fcnk a <strong>kiv\u00e9teles min\u0151s\u00e9g<\/strong> \u00e9s <strong>\u00fcgyf\u00e9lszolg\u00e1lat<\/strong>. Szorosan egy\u00fcttm\u0171k\u00f6d\u00fcnk \u00d6nnel, hogy \u00d6n teljesen el\u00e9gedett legyen.<\/li>\n<\/ol>\n<h3><strong>Kulcsfontoss\u00e1g\u00fa jellemz\u0151k:<\/strong><\/h3>\n<ul>\n<li><strong>Anyag:<\/strong> 9 mm-es lamin\u00e1lt r\u00e9tegelt lemez, kereskedelmi min\u0151s\u00e9g\u0171 hardverrel<\/li>\n<li><strong>Bels\u0151 t\u00e9r:<\/strong> Rendk\u00edv\u00fcl tart\u00f3s EVA hab p\u00e1rn\u00e1z\u00e1s a maxim\u00e1lis v\u00e9delem \u00e9rdek\u00e9ben<\/li>\n<li><strong>Foganty\u00fak \u00e9s reteszek:<\/strong> Al\u00e1\u00edr\u00e1s Gator Red foganty\u00fak \u00e9s reteszek a k\u00f6nny\u0171 sz\u00e1ll\u00edt\u00e1shoz<\/li>\n<li><strong>Kerekek:<\/strong> Be\u00e9p\u00edtett rug\u00f3s, s\u00fcllyesztett vontat\u00f3foganty\u00fa \u00e9s kerekek a mobilit\u00e1s \u00e9rdek\u00e9ben<\/li>\n<li><strong>Szell\u0151z\u00e9s:<\/strong> A habblokkok helyet biztos\u00edtanak a ventil\u00e1tor szell\u0151ztet\u00e9s\u00e9nek az alj\u00e1n.<\/li>\n<li><strong>Sz\u00ednv\u00e1laszt\u00e9k:<\/strong> Fekete, k\u00e9k, piros, vagy egyedi sz\u00ednekben kaphat\u00f3<\/li>\n<\/ul>\n<h3><strong>N\u00f6velje \u00fczleti tev\u00e9kenys\u00e9g\u00e9t az SX DJ Coffin Cases seg\u00edts\u00e9g\u00e9vel<\/strong><\/h3>\n<p>Ne hagyja, hogy a s\u00e9r\u00fclt vagy rendezetlen felszerel\u00e9s lelass\u00edtsa. Az SX DJ Coffin Cases seg\u00edts\u00e9g\u00e9vel:<\/p>\n<ul>\n<li><strong>V\u00e9dje \u00e9rt\u00e9kes felszerel\u00e9s\u00e9t<\/strong> a sz\u00e1ll\u00edt\u00e1s sor\u00e1n keletkez\u0151 s\u00e9r\u00fcl\u00e9sekt\u0151l.<\/li>\n<li><strong>Maradjon szervezett<\/strong> \u00e9s k\u00e9szen \u00e1ll minden fell\u00e9p\u00e9sre.<\/li>\n<li><strong>N\u00f6velje az eredm\u00e9nyt<\/strong> t\u00f6bb projekt magabiztos elv\u00e1llal\u00e1s\u00e1val.<\/li>\n<\/ul>\n<h3><strong>GYIK<\/strong><\/h3>\n<p><strong>K: Az SX testre tudja szabni a DJ Coffin Cases-t az adott felszerel\u00e9s m\u00e9ret\u00e9hez?<\/strong><br \/>\nV: Igen, egyedi megold\u00e1sokat k\u00edn\u00e1lunk az \u00d6n berendez\u00e9s\u00e9nek m\u00e9reteire \u00e9s specifik\u00e1ci\u00f3ira szabottan.<\/p>\n<p><strong>K: Az SX DJ Coffin Cases alkalmas profi \u00e9s amat\u0151r DJ-k sz\u00e1m\u00e1ra egyar\u00e1nt?<\/strong><br \/>\nA: Term\u00e9szetesen! A tokjainkat \u00fagy tervezt\u00fck, hogy megfeleljenek a DJ-k ig\u00e9nyeinek minden tud\u00e1sszinten.<\/p>\n<p><strong>K: Mennyi id\u0151be telik, am\u00edg megkapom az egyedi DJ Coffin Case-t az SX-t\u0151l?<\/strong><br \/>\nV: Az \u00e1tfut\u00e1si id\u0151 az \u00fcgy \u00f6sszetetts\u00e9g\u00e9t\u0151l \u00e9s az aktu\u00e1lis munkaterhel\u00e9st\u0151l f\u00fcgg\u0151en v\u00e1ltozik. A konkr\u00e9t sz\u00e1ll\u00edt\u00e1si hat\u00e1rid\u0151k\u00e9rt vegye fel vel\u00fcnk a kapcsolatot.<\/p>\n<p><strong>K: Az SX DJ Coffin Cases tartalmaz garanci\u00e1t?<\/strong><br \/>\nV: Igen, a tokjainkhoz garanci\u00e1lis fedezet is j\u00e1r, hogy m\u00e9g nyugodtabbak legy\u00fcnk.<\/p>\n<p><strong>K: Rendelhetek DJ Coffin Cases-t \u00f6mlesztve az SX-t\u0151l?<\/strong><br \/>\nV: Igen, t\u00f6meges megrendel\u00e9seket is tudunk fogadni. L\u00e9pjen kapcsolatba vel\u00fcnk az \u00e1rak \u00e9s a rendelkez\u00e9sre \u00e1ll\u00e1s miatt.<\/p>\n<h3><strong>Rendelje meg egyedi DJ kopors\u00f3 tokj\u00e1t m\u00e9g ma!<\/strong><\/h3>\n<p>K\u00e9szen \u00e1llsz arra, hogy megv\u00e9dd DJ felszerel\u00e9sedet az SX pr\u00e9mium kateg\u00f3ri\u00e1s Coffin Cases-\u00e9vel? L\u00e9pjen kapcsolatba vel\u00fcnk most, hogy megtervezhess\u00fck egyedi megold\u00e1s\u00e1t.<\/p>\n<p><strong>Hozz\u00e1f\u00e9r\u00e9s most:<\/strong> <a href=\"https:\/\/sxpowercase.com\/contact-us\/\" target=\"_blank\" rel=\"noopener noreferrer\">https:\/\/sxpowercase.com\/contact-us\/<\/a><\/p>\n<h3><strong>Hot Tags:<\/strong><\/h3>\n<p>Alacsony \u00e1r, rakt\u00e1ron, t\u00e1p- \u00e9s jelk\u00e1bel, 16 Gauge 4 vezet\u00e9kes vezet\u00e9k, mikrofon\u00e1llv\u00e1ny tok, k\u00fclt\u00e9ri LED kijelz\u0151szekr\u00e9ny, Rack Mount, elektromos eloszt\u00f3 doboz, K\u00edna, besz\u00e1ll\u00edt\u00f3k, gy\u00e1r, gy\u00e1r, testreszabott, nagykereskedelem, t\u00e1pdobozok, t\u00e1pk\u00e1belek, emel\u0151vez\u00e9rl\u0151k, rep\u00fcl\u00e9si esetek.<\/p>","protected":false},"excerpt":{"rendered":"<h2 class=\"prodetails-name\">DJ kopors\u00f3 tok<\/h2>\n<p>A harci \u00fczemm\u00f3d\u00fa konzolunk 90 fokos forg\u00f3t\u00e1ny\u00e9ros k\u00fattal rendelkezik. Ez a tok teljesen p\u00e1rn\u00e1zott lemezj\u00e1tsz\u00f3ny\u00edl\u00e1sokkal \u00e9s s\u00fcllyesztett hardverrel rendelkezik. K\u00e9t 1200 Style lemezj\u00e1tsz\u00f3t tart csatapoz\u00edci\u00f3ban, \u00e9s egy 12\u2033-os kever\u0151t. Kerekeket tartalmaz a k\u00f6nny\u0171 sz\u00e1ll\u00edt\u00e1shoz.<\/p>\n<h2><strong>Termel\u00e9si bevezet\u00e9s<\/strong><\/h2>\n<p>DJ mixer tok<\/p>\n<p>- Csatam\u00f3d konzol<\/p>\n<p>- P\u00e1rn\u00e1zott lemezj\u00e1tsz\u00f3 kutak<\/p>\n<p>- 12\u2033 form\u00e1tum\u00fa DJ kever\u0151pultok befogad\u00e1s\u00e1ra alkalmas, k\u00f6r\u00fclbel\u00fcl 13\u2033 sz\u00e9les vagy ann\u00e1l kisebb m\u00e9retben.<\/p>\n<p>- Nagy teherb\u00edr\u00e1s\u00fa goly\u00f3 Sarkok<\/p>\n<p>- K\u00f6z\u00e9ps\u0151 kever\u0151 el\u00fcls\u0151 V-v\u00e1g\u00e1s\u00fa kivehet\u0151 panel<\/p>\n<p>- S\u00fcllyesztett foganty\u00fak \u00e9s reteszek<\/p>\n<p>- Be\u00e9p\u00edtett g\u00f6rg\u0151s kerekekkel a k\u00f6nny\u0171 sz\u00e1ll\u00edt\u00e1shoz<\/p>","protected":false},"featured_media":1093,"comment_status":"open","ping_status":"closed","template":"","meta":[],"product_brand":[],"product_cat":[41],"product_tag":[],"class_list":{"0":"post-1092","1":"product","2":"type-product","3":"status-publish","4":"has-post-thumbnail","6":"product_cat-equipment-cases","8":"first","9":"instock","10":"shipping-taxable","11":"product-type-simple"},"yoast_head":"<!-- This site is optimized with the Yoast SEO Premium plugin v27.1 (Yoast SEO v27.2) - https:\/\/yoast.com\/product\/yoast-seo-premium-wordpress\/ -->\n<title>DJ Coffin Case Manufacture - https:\/\/sxflightcase.com \ud83d\udc97<\/title>\n<meta name=\"description\" content=\"DJ Coffin Case Manufacture:: Factory-direct sales and professional customization for precise control solutions tailored to your needs.\" \/>\n<meta name=\"robots\" content=\"index, follow, max-snippet:-1, max-image-preview:large, max-video-preview:-1\" \/>\n<link rel=\"canonical\" href=\"https:\/\/sxflightcase.com\/hu\/\u0645\u0646\u062a\u062c\/\u062a\u0635\u0646\u064a\u0639-\u0639\u0644\u0628\u0629-\u062a\u0627\u0628\u0648\u062a-\u062f\u064a-\u062c\u064a-2\/\" \/>\n<meta property=\"og:locale\" content=\"hu_HU\" \/>\n<meta property=\"og:type\" content=\"article\" \/>\n<meta property=\"og:title\" content=\"DJ Coffin Case Manufacture\" \/>\n<meta property=\"og:description\" content=\"DJ Coffin Case Manufacture:: Factory-direct sales and professional customization for precise control solutions tailored to your needs.\" \/>\n<meta property=\"og:url\" content=\"https:\/\/sxflightcase.com\/hu\/\u0645\u0646\u062a\u062c\/\u062a\u0635\u0646\u064a\u0639-\u0639\u0644\u0628\u0629-\u062a\u0627\u0628\u0648\u062a-\u062f\u064a-\u062c\u064a-2\/\" \/>\n<meta property=\"og:site_name\" content=\"https:\/\/sxflightcase.com\" \/>\n<meta property=\"article:publisher\" content=\"https:\/\/www.facebook.com\/profile.php?id=61560407257971\" \/>\n<meta property=\"article:modified_time\" content=\"2025-02-19T03:11:18+00:00\" \/>\n<meta property=\"og:image\" content=\"https:\/\/sxflightcase.com\/wp-content\/uploads\/2024\/05\/1714984371581.jpg\" \/>\n\t<meta property=\"og:image:width\" content=\"700\" \/>\n\t<meta property=\"og:image:height\" content=\"700\" \/>\n\t<meta property=\"og:image:type\" content=\"image\/jpeg\" \/>\n<meta name=\"twitter:card\" content=\"summary_large_image\" \/>\n<meta name=\"twitter:label1\" content=\"Becs\u00fclt olvas\u00e1si id\u0151\" \/>\n\t<meta name=\"twitter:data1\" content=\"4 perc\" \/>\n<script type=\"application\/ld+json\" class=\"yoast-schema-graph\">{\"@context\":\"https:\/\/schema.org\",\"@graph\":[{\"@type\":\"WebPage\",\"@id\":\"https:\/\/sxflightcase.com\/ar\/\u0645\u0646\u062a\u062c\/\u062a\u0635\u0646\u064a\u0639-\u0639\u0644\u0628\u0629-\u062a\u0627\u0628\u0648\u062a-\u062f\u064a-\u062c\u064a-2\/\",\"url\":\"https:\/\/sxflightcase.com\/ar\/\u0645\u0646\u062a\u062c\/\u062a\u0635\u0646\u064a\u0639-\u0639\u0644\u0628\u0629-\u062a\u0627\u0628\u0648\u062a-\u062f\u064a-\u062c\u064a-2\/\",\"name\":\"DJ Coffin Case Manufacture - https:\/\/sxflightcase.com \ud83d\udc97\",\"isPartOf\":{\"@id\":\"https:\/\/sxflightcase.com\/th\/#website\"},\"primaryImageOfPage\":{\"@id\":\"https:\/\/sxflightcase.com\/ar\/\u0645\u0646\u062a\u062c\/\u062a\u0635\u0646\u064a\u0639-\u0639\u0644\u0628\u0629-\u062a\u0627\u0628\u0648\u062a-\u062f\u064a-\u062c\u064a-2\/#primaryimage\"},\"image\":{\"@id\":\"https:\/\/sxflightcase.com\/ar\/\u0645\u0646\u062a\u062c\/\u062a\u0635\u0646\u064a\u0639-\u0639\u0644\u0628\u0629-\u062a\u0627\u0628\u0648\u062a-\u062f\u064a-\u062c\u064a-2\/#primaryimage\"},\"thumbnailUrl\":\"https:\/\/sxflightcase.com\/wp-content\/uploads\/2024\/05\/1714984371581.jpg\",\"datePublished\":\"2024-05-07T02:02:55+00:00\",\"dateModified\":\"2025-02-19T03:11:18+00:00\",\"description\":\"DJ Coffin Case Manufacture:: Factory-direct sales and professional customization for precise control solutions tailored to your needs.\",\"breadcrumb\":{\"@id\":\"https:\/\/sxflightcase.com\/ar\/\u0645\u0646\u062a\u062c\/\u062a\u0635\u0646\u064a\u0639-\u0639\u0644\u0628\u0629-\u062a\u0627\u0628\u0648\u062a-\u062f\u064a-\u062c\u064a-2\/#breadcrumb\"},\"inLanguage\":\"hu\",\"potentialAction\":[{\"@type\":\"ReadAction\",\"target\":[\"https:\/\/sxflightcase.com\/ar\/\u0645\u0646\u062a\u062c\/\u062a\u0635\u0646\u064a\u0639-\u0639\u0644\u0628\u0629-\u062a\u0627\u0628\u0648\u062a-\u062f\u064a-\u062c\u064a-2\/\"]}]},{\"@type\":\"ImageObject\",\"inLanguage\":\"hu\",\"@id\":\"https:\/\/sxflightcase.com\/ar\/\u0645\u0646\u062a\u062c\/\u062a\u0635\u0646\u064a\u0639-\u0639\u0644\u0628\u0629-\u062a\u0627\u0628\u0648\u062a-\u062f\u064a-\u062c\u064a-2\/#primaryimage\",\"url\":\"https:\/\/sxflightcase.com\/wp-content\/uploads\/2024\/05\/1714984371581.jpg\",\"contentUrl\":\"https:\/\/sxflightcase.com\/wp-content\/uploads\/2024\/05\/1714984371581.jpg\",\"width\":700,\"height\":700,\"caption\":\"DJ Coffin Case\"},{\"@type\":\"BreadcrumbList\",\"@id\":\"https:\/\/sxflightcase.com\/ar\/\u0645\u0646\u062a\u062c\/\u062a\u0635\u0646\u064a\u0639-\u0639\u0644\u0628\u0629-\u062a\u0627\u0628\u0648\u062a-\u062f\u064a-\u062c\u064a-2\/#breadcrumb\",\"itemListElement\":[{\"@type\":\"ListItem\",\"position\":1,\"name\":\"Home\",\"item\":\"https:\/\/sxflightcase.com\/\"},{\"@type\":\"ListItem\",\"position\":2,\"name\":\"\u0e2a\u0e34\u0e19\u0e04\u0e49\u0e32\",\"item\":\"https:\/\/sxflightcase.com\/th\/shop\/\"},{\"@type\":\"ListItem\",\"position\":3,\"name\":\"DJ Coffin Case Manufacture\"}]},{\"@type\":\"WebSite\",\"@id\":\"https:\/\/sxflightcase.com\/th\/#website\",\"url\":\"https:\/\/sxflightcase.com\/th\/\",\"name\":\"sxpowercase.com\",\"description\":\"Flight Case Factory\",\"publisher\":{\"@id\":\"https:\/\/sxflightcase.com\/th\/#organization\"},\"potentialAction\":[{\"@type\":\"SearchAction\",\"target\":{\"@type\":\"EntryPoint\",\"urlTemplate\":\"https:\/\/sxflightcase.com\/th\/?s={search_term_string}\"},\"query-input\":{\"@type\":\"PropertyValueSpecification\",\"valueRequired\":true,\"valueName\":\"search_term_string\"}}],\"inLanguage\":\"hu\"},{\"@type\":\"Organization\",\"@id\":\"https:\/\/sxflightcase.com\/th\/#organization\",\"name\":\"sxpowercase.com\",\"url\":\"https:\/\/sxflightcase.com\/th\/\",\"logo\":{\"@type\":\"ImageObject\",\"inLanguage\":\"hu\",\"@id\":\"https:\/\/sxflightcase.com\/th\/#\/schema\/logo\/image\/\",\"url\":\"https:\/\/sxflightcase.com\/wp-content\/uploads\/2024\/04\/1713919036007.jpg\",\"contentUrl\":\"https:\/\/sxflightcase.com\/wp-content\/uploads\/2024\/04\/1713919036007.jpg\",\"width\":382,\"height\":388,\"caption\":\"sxpowercase.com\"},\"image\":{\"@id\":\"https:\/\/sxflightcase.com\/th\/#\/schema\/logo\/image\/\"},\"sameAs\":[\"https:\/\/www.facebook.com\/profile.php?id=61560407257971\"],\"numberOfEmployees\":{\"@type\":\"QuantitativeValue\",\"minValue\":\"11\",\"maxValue\":\"50\"}}]}<\/script>\n<!-- \/ Yoast SEO Premium plugin. -->","yoast_head_json":{"title":"DJ Coffin Case Manufacture - https:\/\/sxflightcase.com \ud83d\udc97","description":"DJ Coffin Case Gy\u00e1rt\u00e1s:: Gy\u00e1ri k\u00f6zvetlen \u00e9rt\u00e9kes\u00edt\u00e9s \u00e9s professzion\u00e1lis testreszab\u00e1s az \u00d6n ig\u00e9nyeihez igaz\u00edtott pontos vez\u00e9rl\u00e9si megold\u00e1sokhoz.","robots":{"index":"index","follow":"follow","max-snippet":"max-snippet:-1","max-image-preview":"max-image-preview:large","max-video-preview":"max-video-preview:-1"},"canonical":"https:\/\/sxflightcase.com\/hu\/\u0645\u0646\u062a\u062c\/\u062a\u0635\u0646\u064a\u0639-\u0639\u0644\u0628\u0629-\u062a\u0627\u0628\u0648\u062a-\u062f\u064a-\u062c\u064a-2\/","og_locale":"hu_HU","og_type":"article","og_title":"DJ Coffin Case Manufacture","og_description":"DJ Coffin Case Manufacture:: Factory-direct sales and professional customization for precise control solutions tailored to your needs.","og_url":"https:\/\/sxflightcase.com\/hu\/\u0645\u0646\u062a\u062c\/\u062a\u0635\u0646\u064a\u0639-\u0639\u0644\u0628\u0629-\u062a\u0627\u0628\u0648\u062a-\u062f\u064a-\u062c\u064a-2\/","og_site_name":"https:\/\/sxflightcase.com","article_publisher":"https:\/\/www.facebook.com\/profile.php?id=61560407257971","article_modified_time":"2025-02-19T03:11:18+00:00","og_image":[{"width":700,"height":700,"url":"https:\/\/sxflightcase.com\/wp-content\/uploads\/2024\/05\/1714984371581.jpg","type":"image\/jpeg"}],"twitter_card":"summary_large_image","twitter_misc":{"Becs\u00fclt olvas\u00e1si id\u0151":"4 perc"},"schema":{"@context":"https:\/\/schema.org","@graph":[{"@type":"WebPage","@id":"https:\/\/sxflightcase.com\/ar\/\u0645\u0646\u062a\u062c\/\u062a\u0635\u0646\u064a\u0639-\u0639\u0644\u0628\u0629-\u062a\u0627\u0628\u0648\u062a-\u062f\u064a-\u062c\u064a-2\/","url":"https:\/\/sxflightcase.com\/ar\/\u0645\u0646\u062a\u062c\/\u062a\u0635\u0646\u064a\u0639-\u0639\u0644\u0628\u0629-\u062a\u0627\u0628\u0648\u062a-\u062f\u064a-\u062c\u064a-2\/","name":"DJ Coffin Case Manufacture - https:\/\/sxflightcase.com \ud83d\udc97","isPartOf":{"@id":"https:\/\/sxflightcase.com\/th\/#website"},"primaryImageOfPage":{"@id":"https:\/\/sxflightcase.com\/ar\/\u0645\u0646\u062a\u062c\/\u062a\u0635\u0646\u064a\u0639-\u0639\u0644\u0628\u0629-\u062a\u0627\u0628\u0648\u062a-\u062f\u064a-\u062c\u064a-2\/#primaryimage"},"image":{"@id":"https:\/\/sxflightcase.com\/ar\/\u0645\u0646\u062a\u062c\/\u062a\u0635\u0646\u064a\u0639-\u0639\u0644\u0628\u0629-\u062a\u0627\u0628\u0648\u062a-\u062f\u064a-\u062c\u064a-2\/#primaryimage"},"thumbnailUrl":"https:\/\/sxflightcase.com\/wp-content\/uploads\/2024\/05\/1714984371581.jpg","datePublished":"2024-05-07T02:02:55+00:00","dateModified":"2025-02-19T03:11:18+00:00","description":"DJ Coffin Case Gy\u00e1rt\u00e1s:: Gy\u00e1ri k\u00f6zvetlen \u00e9rt\u00e9kes\u00edt\u00e9s \u00e9s professzion\u00e1lis testreszab\u00e1s az \u00d6n ig\u00e9nyeihez igaz\u00edtott pontos vez\u00e9rl\u00e9si megold\u00e1sokhoz.","breadcrumb":{"@id":"https:\/\/sxflightcase.com\/ar\/\u0645\u0646\u062a\u062c\/\u062a\u0635\u0646\u064a\u0639-\u0639\u0644\u0628\u0629-\u062a\u0627\u0628\u0648\u062a-\u062f\u064a-\u062c\u064a-2\/#breadcrumb"},"inLanguage":"hu","potentialAction":[{"@type":"ReadAction","target":["https:\/\/sxflightcase.com\/ar\/\u0645\u0646\u062a\u062c\/\u062a\u0635\u0646\u064a\u0639-\u0639\u0644\u0628\u0629-\u062a\u0627\u0628\u0648\u062a-\u062f\u064a-\u062c\u064a-2\/"]}]},{"@type":"ImageObject","inLanguage":"hu","@id":"https:\/\/sxflightcase.com\/ar\/\u0645\u0646\u062a\u062c\/\u062a\u0635\u0646\u064a\u0639-\u0639\u0644\u0628\u0629-\u062a\u0627\u0628\u0648\u062a-\u062f\u064a-\u062c\u064a-2\/#primaryimage","url":"https:\/\/sxflightcase.com\/wp-content\/uploads\/2024\/05\/1714984371581.jpg","contentUrl":"https:\/\/sxflightcase.com\/wp-content\/uploads\/2024\/05\/1714984371581.jpg","width":700,"height":700,"caption":"DJ Coffin Case"},{"@type":"BreadcrumbList","@id":"https:\/\/sxflightcase.com\/ar\/\u0645\u0646\u062a\u062c\/\u062a\u0635\u0646\u064a\u0639-\u0639\u0644\u0628\u0629-\u062a\u0627\u0628\u0648\u062a-\u062f\u064a-\u062c\u064a-2\/#breadcrumb","itemListElement":[{"@type":"ListItem","position":1,"name":"Home","item":"https:\/\/sxflightcase.com\/"},{"@type":"ListItem","position":2,"name":"\u0e2a\u0e34\u0e19\u0e04\u0e49\u0e32","item":"https:\/\/sxflightcase.com\/th\/shop\/"},{"@type":"ListItem","position":3,"name":"DJ Coffin Case Manufacture"}]},{"@type":"WebSite","@id":"https:\/\/sxflightcase.com\/th\/#website","url":"https:\/\/sxflightcase.com\/th\/","name":"sxpowercase.com","description":"Flight Case Factory","publisher":{"@id":"https:\/\/sxflightcase.com\/th\/#organization"},"potentialAction":[{"@type":"SearchAction","target":{"@type":"EntryPoint","urlTemplate":"https:\/\/sxflightcase.com\/th\/?s={search_term_string}"},"query-input":{"@type":"PropertyValueSpecification","valueRequired":true,"valueName":"search_term_string"}}],"inLanguage":"hu"},{"@type":"Organization","@id":"https:\/\/sxflightcase.com\/th\/#organization","name":"sxpowercase.com","url":"https:\/\/sxflightcase.com\/th\/","logo":{"@type":"ImageObject","inLanguage":"hu","@id":"https:\/\/sxflightcase.com\/th\/#\/schema\/logo\/image\/","url":"https:\/\/sxflightcase.com\/wp-content\/uploads\/2024\/04\/1713919036007.jpg","contentUrl":"https:\/\/sxflightcase.com\/wp-content\/uploads\/2024\/04\/1713919036007.jpg","width":382,"height":388,"caption":"sxpowercase.com"},"image":{"@id":"https:\/\/sxflightcase.com\/th\/#\/schema\/logo\/image\/"},"sameAs":["https:\/\/www.facebook.com\/profile.php?id=61560407257971"],"numberOfEmployees":{"@type":"QuantitativeValue","minValue":"11","maxValue":"50"}}]}},"_links":{"self":[{"href":"https:\/\/sxflightcase.com\/hu\/wp-json\/wp\/v2\/product\/1092","targetHints":{"allow":["GET"]}}],"collection":[{"href":"https:\/\/sxflightcase.com\/hu\/wp-json\/wp\/v2\/product"}],"about":[{"href":"https:\/\/sxflightcase.com\/hu\/wp-json\/wp\/v2\/types\/product"}],"replies":[{"embeddable":true,"href":"https:\/\/sxflightcase.com\/hu\/wp-json\/wp\/v2\/comments?post=1092"}],"version-history":[{"count":0,"href":"https:\/\/sxflightcase.com\/hu\/wp-json\/wp\/v2\/product\/1092\/revisions"}],"wp:featuredmedia":[{"embeddable":true,"href":"https:\/\/sxflightcase.com\/hu\/wp-json\/wp\/v2\/media\/1093"}],"wp:attachment":[{"href":"https:\/\/sxflightcase.com\/hu\/wp-json\/wp\/v2\/media?parent=1092"}],"wp:term":[{"taxonomy":"product_brand","embeddable":true,"href":"https:\/\/sxflightcase.com\/hu\/wp-json\/wp\/v2\/product_brand?post=1092"},{"taxonomy":"product_cat","embeddable":true,"href":"https:\/\/sxflightcase.com\/hu\/wp-json\/wp\/v2\/product_cat?post=1092"},{"taxonomy":"product_tag","embeddable":true,"href":"https:\/\/sxflightcase.com\/hu\/wp-json\/wp\/v2\/product_tag?post=1092"}],"curies":[{"name":"wp","href":"https:\/\/api.w.org\/{rel}","templated":true}]}}