{"id":1102,"date":"2024-05-07T06:44:03","date_gmt":"2024-05-07T05:44:03","guid":{"rendered":"https:\/\/sxpowercase.com\/?post_type=product&#038;p=1102"},"modified":"2025-02-19T23:31:10","modified_gmt":"2025-02-20T07:31:10","slug":"yamaha-mixer-case","status":"publish","type":"product","link":"https:\/\/sxflightcase.com\/hu\/termek\/yamaha-mixer-tok\/","title":{"rendered":"Yamaha mixer tok| Testreszabhat\u00f3 \u00e9s tart\u00f3s"},"content":{"rendered":"<h3><strong>Term\u00e9k \u00e1ttekint\u00e9se: Yamaha mixer tok<\/strong><\/h3>\n<p>A\u00a0<strong>Yamaha kever\u0151g\u00e9p tok<\/strong>\u00a0\u00fagy tervezt\u00e9k, hogy kiv\u00e1l\u00f3 v\u00e9delmet ny\u00fajtson a kever\u0151nek sz\u00e1ll\u00edt\u00e1s \u00e9s t\u00e1rol\u00e1s k\u00f6zben. Ak\u00e1r tornaterembe, sz\u00ednh\u00e1zba, sz\u00ednpadi el\u0151ad\u00e1sra vagy v\u00e1llalati rendezv\u00e9nyre k\u00e9sz\u00fcl, tokjaink biztos\u00edtj\u00e1k, hogy berendez\u00e9sei biztons\u00e1gban maradjanak.<\/p>\n<hr \/>\n<h3><strong>Kulcsfontoss\u00e1g\u00fa jellemz\u0151k:<\/strong><\/h3>\n<ul>\n<li><strong>Anyag:<\/strong>\u00a09 mm-es lamin\u00e1lt r\u00e9tegelt lemezszerkezet a maxim\u00e1lis tart\u00f3ss\u00e1g \u00e9rdek\u00e9ben<\/li>\n<li><strong>Hardver:<\/strong>\u00a0Kereskedelmi min\u0151s\u00e9g\u0171 bevonatos hardver, bele\u00e9rtve a k\u00f6vetkez\u0151ket\u00a0<strong>Al\u00e1\u00edr\u00e1s Gator Red foganty\u00fak \u00e9s reteszek<\/strong>, \u00e9s\u00a0<strong>labda sarkok<\/strong><\/li>\n<li><strong>Mobilit\u00e1s:<\/strong>\u00a0Be\u00e9p\u00edtett rug\u00f3s, s\u00fcllyesztett vontat\u00f3foganty\u00fa \u00e9s kerekek a k\u00f6nny\u0171 sz\u00e1ll\u00edt\u00e1shoz<\/li>\n<li><strong>Bels\u0151 t\u00e9r:<\/strong>\u00a0Ultra-Dur EVA hab p\u00e1rn\u00e1z\u00e1s szell\u0151z\u0151blokkokkal a ventil\u00e1tor l\u00e9g\u00e1raml\u00e1s\u00e1hoz<\/li>\n<li><strong>Sz\u00ednv\u00e1laszt\u00e9k:<\/strong>\u00a0Fekete, k\u00e9k, piros, vagy egyedi sz\u00ednekben kaphat\u00f3<\/li>\n<li><strong>Haszn\u00e1lat:<\/strong>\u00a0Ide\u00e1lis a Yamaha kever\u0151k v\u00e9delm\u00e9re, sz\u00e1ll\u00edt\u00e1s\u00e1ra \u00e9s t\u00e1rol\u00e1s\u00e1ra.<\/li>\n<\/ul>\n<hr \/>\n<h3><strong>Alkalmaz\u00e1sok:<\/strong><\/h3>\n<p>A Yamaha kever\u0151t\u00e1ska t\u00f6k\u00e9letes a legk\u00fcl\u00f6nf\u00e9l\u00e9bb be\u00e1ll\u00edt\u00e1sokhoz, t\u00f6bbek k\u00f6z\u00f6tt:<\/p>\n<ul>\n<li><strong>Tornacsarnokok<\/strong><\/li>\n<li><strong>Sz\u00ednh\u00e1zak<\/strong><\/li>\n<li><strong>Sz\u00ednpadi el\u0151ad\u00e1sok<\/strong><\/li>\n<li><strong>Szabadt\u00e9ri esem\u00e9nyek<\/strong><\/li>\n<li><strong>Sz\u00e1llod\u00e1k \u00e9s t\u00e1rgyal\u00f3k<\/strong><\/li>\n<\/ul>\n<hr \/>\n<h3><strong>Mi\u00e9rt v\u00e1lassza a Yamaha mixer tokunkat?<\/strong><\/h3>\n<ol start=\"1\">\n<li><strong>Kiemelked\u0151 v\u00e9delem<\/strong><br \/>\nT\u00e1sk\u00e1inkat \u00fagy \u00e9p\u00edtett\u00fck, hogy ellen\u00e1lljanak a sz\u00e1ll\u00edt\u00e1s viszontags\u00e1gainak, \u00edgy biztos\u00edtva, hogy kever\u0151je biztons\u00e1gban maradjon az \u00fct\u0151d\u00e9sekt\u0151l, lees\u00e9sekt\u0151l \u00e9s egy\u00e9b vesz\u00e9lyekt\u0151l.<\/li>\n<li><strong>Testreszabhat\u00f3 design<\/strong><br \/>\nK\u00edn\u00e1lunk\u00a0<strong>egyedi megold\u00e1sok<\/strong>\u00a0az \u00d6n egyedi kever\u0151modellj\u00e9nek \u00e9s k\u00f6vetelm\u00e9nyeinek megfelel\u0151en. V\u00e1lasszon a k\u00fcl\u00f6nb\u00f6z\u0151 sz\u00ednek, anyagok \u00e9s bels\u0151 elrendez\u00e9sek k\u00f6z\u00fcl.<\/li>\n<li><strong>Fokozott mobilit\u00e1s<\/strong><br \/>\nA be\u00e9p\u00edtett foganty\u00fakkal \u00e9s kerekekkel ell\u00e1tott tokok megk\u00f6nny\u00edtik a mixer sz\u00e1ll\u00edt\u00e1s\u00e1t a helysz\u00ednek k\u00f6z\u00f6tt, \u00edgy id\u0151t \u00e9s energi\u00e1t takar\u00edthat meg.<\/li>\n<li><strong>Tart\u00f3ss\u00e1g \u00e9s megb\u00edzhat\u00f3s\u00e1g<\/strong><br \/>\nKiv\u00e1l\u00f3 min\u0151s\u00e9g\u0171 anyagokb\u00f3l k\u00e9sz\u00fclt tokjainkat hossz\u00fa \u00e9lettartamra tervezt\u00fck, \u00edgy hossz\u00fa t\u00e1v\u00fa v\u00e9delmet ny\u00fajtanak \u00e9rt\u00e9kes eszk\u00f6zeinek.<\/li>\n<\/ol>\n<hr \/>\n<h3><strong>Csomagol\u00e1s \u00e9s sz\u00e1ll\u00edt\u00e1s:<\/strong><\/h3>\n<ul>\n<li><strong>Sz\u00e1ll\u00edt\u00e1si id\u0151:<\/strong>\n<ul>\n<li>Tengeren: 15-60 nap<\/li>\n<li>Rep\u00fcl\u0151vel: 4-9 nap<\/li>\n<li>Expresszel: 4-9 nap<\/li>\n<\/ul>\n<\/li>\n<li><strong>Sz\u00e1ll\u00edt\u00e1si id\u0151:<\/strong>\u00a07-15 munkanap vagy az \u00d6n ig\u00e9nyei szerint<\/li>\n<li><strong>Csomagol\u00e1s:<\/strong>\u00a0Karton vagy egyedi csomagol\u00e1s \u00e1ll rendelkez\u00e9sre<\/li>\n<\/ul>\n<hr \/>\n<h3><strong>Szolg\u00e1ltat\u00e1sunk:<\/strong><\/h3>\n<ul>\n<li><strong>Szakmai szolg\u00e1ltat\u00e1s:<\/strong>\u00a0Szak\u00e9rtelem a term\u00e9kek csomagol\u00e1s\u00e1ban \u00e9s export\u00e1l\u00e1s\u00e1ban vil\u00e1gszerte<\/li>\n<li><strong>Gy\u00e1rt\u00e1si kiv\u00e1l\u00f3s\u00e1g:<\/strong>\u00a0Kiv\u00e1l\u00f3 min\u0151s\u00e9g\u0171 gy\u00e1rt\u00e1s a r\u00e9szletekre val\u00f3 odafigyel\u00e9ssel<\/li>\n<li><strong>Rugalmas fizet\u00e9si lehet\u0151s\u00e9gek:<\/strong>\u00a0T\/T, Western Union, \u00e9s \u00edgy tov\u00e1bb<\/li>\n<\/ul>\n<hr \/>\n<h3><strong>R\u00f3lunk:<\/strong><\/h3>\n<p>T\u00f6bb \u00e9ves tapasztalatunkkal h\u00edrnevet szerezt\u00fcnk az integrit\u00e1s, a professzionalizmus \u00e9s a kiv\u00e1l\u00f3 \u00e1rk\u00e9pz\u00e9s ter\u00e9n. Term\u00e9keinkben orsz\u00e1gszerte \u00e9s nemzetk\u00f6zileg is megb\u00edznak az \u00fcgyfelek. Tov\u00e1bbra is elk\u00f6telezettek vagyunk a k\u00f6vetkez\u0151k ir\u00e1nt\u00a0<strong>min\u0151s\u00e9g, \u00e9rt\u00e9k \u00e9s vev\u0151i el\u00e9gedetts\u00e9g<\/strong>.<\/p>\n<hr \/>\n<h3><strong>GYIK:<\/strong><\/h3>\n<p><strong>K: A Yamaha kever\u0151t\u00e1ska testre szabhat\u00f3 bizonyos kever\u0151modellekhez?<\/strong><br \/>\nV: Igen, egyedi megold\u00e1sokat k\u00edn\u00e1lunk, amelyek t\u00f6k\u00e9letesen illeszkednek az \u00d6n kever\u0151j\u00e9hez.<\/p>\n<p><strong>K: Ezek a tokok alkalmasak k\u00fclt\u00e9ri haszn\u00e1latra?<\/strong><br \/>\nA: Term\u00e9szetesen! A tokjainkat \u00fagy tervezt\u00fck, hogy ellen\u00e1lljanak a k\u00fcl\u00f6nb\u00f6z\u0151 k\u00f6rnyezeteknek, \u00edgy biztos\u00edtva, hogy a mixered v\u00e9dve maradjon, b\u00e1rhov\u00e1 is m\u00e9sz.<\/p>\n<p><strong>K: Mennyi id\u0151be telik, am\u00edg megkapom az egyedi Yamaha kever\u0151pult tokot?<\/strong><br \/>\nV: Az \u00e1tfut\u00e1si id\u0151 az \u00fcgy \u00f6sszetetts\u00e9g\u00e9t\u0151l \u00e9s az aktu\u00e1lis munkaterhel\u00e9st\u0151l f\u00fcgg\u0151en v\u00e1ltozik. A konkr\u00e9t sz\u00e1ll\u00edt\u00e1si hat\u00e1rid\u0151k\u00e9rt vegye fel vel\u00fcnk a kapcsolatot.<\/p>\n<p><strong>K: Ezek a tokok tartalmaznak garanci\u00e1lis fedezetet?<\/strong><br \/>\nV: Igen, a tokjainkhoz garanci\u00e1lis fedezet is j\u00e1r, hogy m\u00e9g nyugodtabbak legy\u00fcnk.<\/p>\n<p><strong>K: Megrendelhetem \u00f6mlesztve?<\/strong><br \/>\nV: Igen, t\u00f6meges megrendel\u00e9seket is tudunk fogadni. L\u00e9pjen kapcsolatba vel\u00fcnk az \u00e1rak \u00e9s a rendelkez\u00e9sre \u00e1ll\u00e1s miatt.<\/p>\n<hr \/>\n<h3><strong>Rendelje meg Yamaha kever\u0151t\u00e1sk\u00e1j\u00e1t m\u00e9g ma!<\/strong><\/h3>\n<p>K\u00e9szen \u00e1ll arra, hogy megv\u00e9dje Yamaha kever\u0151pultj\u00e1t pr\u00e9mium kateg\u00f3ri\u00e1s rep\u00fcl\u0151 tokjainkkal? L\u00e9pjen kapcsolatba vel\u00fcnk most, hogy megtervezhess\u00fck egyedi megold\u00e1s\u00e1t.<\/p>\n<p><strong>Hozz\u00e1f\u00e9r\u00e9s most:<\/strong>\u00a0<a href=\"https:\/\/sxpowercase.com\/contact-us\/\" target=\"_blank\" rel=\"noopener noreferrer\">https:\/\/sxpowercase.com\/contact-us\/<\/a><\/p>\n<p class=\"productsTags\">Hot Tags: Alacsony \u00e1r, rakt\u00e1ron, ingyenes minta, t\u00e1p- \u00e9s jelk\u00e1bel, 16 Gauge 4 vezet\u00e9kes vezet\u00e9k, mikrofon\u00e1llv\u00e1ny tok, k\u00fclt\u00e9ri Led kijelz\u0151szekr\u00e9ny, Rack Mount, elektromos eloszt\u00f3 doboz, K\u00edna, besz\u00e1ll\u00edt\u00f3k, gy\u00e1r, testreszabott, nagykereskedelem, <span style=\"color: #993366;\"><a style=\"color: #993366;\" href=\"https:\/\/sxflightcase.com\/hu\/product-category\/all-product\/power-distribution-boxes\/\">t\u00e1pegys\u00e9gek<\/a>,\u00a0<a style=\"color: #993366;\" href=\"https:\/\/sxflightcase.com\/hu\/product-category\/all-product\/hoist-controllers\/\">t\u00e1pk\u00e1belek<\/a>,\u00a0<a style=\"color: #993366;\" href=\"https:\/\/sxflightcase.com\/hu\/product-category\/all-product\/hoist-controllers\/\">emel\u0151g\u00e9p-vez\u00e9rl\u0151k<\/a>,\u00a0<a style=\"color: #993366;\" href=\"https:\/\/sxflightcase.com\/hu\/product-category\/all-product\/flight-case\/\">rep\u00fcl\u00e9si esetek.<\/a><\/span><\/p>","protected":false},"excerpt":{"rendered":"<h2>Yamaha kever\u0151g\u00e9p tok<\/h2>\n<p>Kifejezetten a yamaha mixer tokj\u00e1hoz tervezt\u00e9k \u00e9s tervezt\u00e9k. Polikarbon\u00e1tb\u00f3l, egy sz\u00edv\u00f3s \u00e9s \u00e1tl\u00e1tsz\u00f3 m\u0171anyagb\u00f3l k\u00e9sz\u00fcl - strapab\u00edr\u00f3 \u00e9s \u00fct\u00e9s\u00e1ll\u00f3, ami n\u00e9lk\u00fcl\u00f6zhetetlen befektet\u00e9ss\u00e9 teszi. A fed\u00e9l megv\u00e9di a fadereket \u00e9s a gombokat a port\u00f3l, a folyad\u00e9kokt\u00f3l \u00e9s m\u00e1s k\u00e1ros\u00edt\u00f3 elemekt\u0151l. Befogadja a k\u00e1beleket \u00e9s burkolja a vez\u00e9rl\u0151ket. Az ipar \u00e1ltal aj\u00e1nlott - mag\u00e1nszem\u00e9lyek haszn\u00e1lj\u00e1k!<\/p>\n<h2><strong>Termel\u00e9si bevezet\u00e9s<\/strong><\/h2>\n<p>Yamaha mixer tok<\/p>\n<p>- A burkolat megv\u00e9di a kezel\u0151fel\u00fcletet, a fadereket \u00e9s a gombokat az \u00fct\u00e9sekt\u0151l, port\u00f3l, folyad\u00e9kokt\u00f3l \u00e9s egy\u00e9b k\u00e1ros\u00edt\u00f3 elemekt\u0151l.<\/p>\n<p>- A yamaha professzion\u00e1lis kever\u0151pulthoz tervezve<\/p>\n<p>- Polikarbon\u00e1tb\u00f3l k\u00e9sz\u00fclt, egy kem\u00e9nyen kop\u00f3 m\u0171anyagb\u00f3l, amelyet goly\u00f3\u00e1ll\u00f3 \u00fcvegben haszn\u00e1lnak.<\/p>\n<p>- Fedelek, mik\u00f6zben a k\u00e1belek csatlakoztatva maradnak. Fedje le a k\u00e9sz\u00fcl\u00e9ket haszn\u00e1lat k\u00f6zben a v\u00e9letlen kever\u00e9sv\u00e1lt\u00e1sok elker\u00fcl\u00e9se \u00e9rdek\u00e9ben, vagy a konzol t\u00e1vvez\u00e9rl\u00e9s\u00e9n\u00e9l.<\/p>\n<p>- Er\u0151s. vonz\u00f3 v\u00e9delem a konzol sz\u00e1m\u00e1ra<\/p>","protected":false},"featured_media":1106,"comment_status":"open","ping_status":"closed","template":"","meta":[],"product_brand":[],"product_cat":[41],"product_tag":[],"class_list":{"0":"post-1102","1":"product","2":"type-product","3":"status-publish","4":"has-post-thumbnail","6":"product_cat-equipment-cases","8":"first","9":"instock","10":"shipping-taxable","11":"product-type-simple"},"yoast_head":"<!-- This site is optimized with the Yoast SEO Premium plugin v27.1 (Yoast SEO v27.2) - https:\/\/yoast.com\/product\/yoast-seo-premium-wordpress\/ -->\n<title>Yamaha Mixer Case| Customizable &amp; Durable - https:\/\/sxflightcase.com \ud83d\udc97<\/title>\n<meta name=\"description\" content=\"Yamaha Mixer Case Factory: Specializing in direct sales and professional customization for premium equipment protection solutions.\" \/>\n<meta name=\"robots\" content=\"index, follow, max-snippet:-1, max-image-preview:large, max-video-preview:-1\" \/>\n<link rel=\"canonical\" href=\"https:\/\/sxflightcase.com\/hu\/termek\/yamaha-mixer-tok\/\" \/>\n<meta property=\"og:locale\" content=\"hu_HU\" \/>\n<meta property=\"og:type\" content=\"article\" \/>\n<meta property=\"og:title\" content=\"Yamaha Mixer Case| Customizable &amp; Durable\" \/>\n<meta property=\"og:description\" content=\"Yamaha Mixer Case Factory: Specializing in direct sales and professional customization for premium equipment protection solutions.\" \/>\n<meta property=\"og:url\" content=\"https:\/\/sxflightcase.com\/hu\/termek\/yamaha-mixer-tok\/\" \/>\n<meta property=\"og:site_name\" content=\"https:\/\/sxflightcase.com\" \/>\n<meta property=\"article:publisher\" content=\"https:\/\/www.facebook.com\/profile.php?id=61560407257971\" \/>\n<meta property=\"article:modified_time\" content=\"2025-02-20T07:31:10+00:00\" \/>\n<meta property=\"og:image\" content=\"https:\/\/sxflightcase.com\/wp-content\/uploads\/2024\/05\/yamaha-mixer-case59351388027.webp\" \/>\n\t<meta property=\"og:image:width\" content=\"730\" \/>\n\t<meta property=\"og:image:height\" content=\"730\" \/>\n\t<meta property=\"og:image:type\" content=\"image\/webp\" \/>\n<meta name=\"twitter:card\" content=\"summary_large_image\" \/>\n<meta name=\"twitter:label1\" content=\"Becs\u00fclt olvas\u00e1si id\u0151\" \/>\n\t<meta name=\"twitter:data1\" content=\"4 perc\" \/>\n<script type=\"application\/ld+json\" class=\"yoast-schema-graph\">{\"@context\":\"https:\/\/schema.org\",\"@graph\":[{\"@type\":\"WebPage\",\"@id\":\"https:\/\/sxflightcase.com\/hu\/termek\/yamaha-mixer-tok\/\",\"url\":\"https:\/\/sxflightcase.com\/hu\/termek\/yamaha-mixer-tok\/\",\"name\":\"Yamaha Mixer Case| Customizable & Durable - https:\/\/sxflightcase.com \ud83d\udc97\",\"isPartOf\":{\"@id\":\"https:\/\/sxflightcase.com\/th\/#website\"},\"primaryImageOfPage\":{\"@id\":\"https:\/\/sxflightcase.com\/hu\/termek\/yamaha-mixer-tok\/#primaryimage\"},\"image\":{\"@id\":\"https:\/\/sxflightcase.com\/hu\/termek\/yamaha-mixer-tok\/#primaryimage\"},\"thumbnailUrl\":\"https:\/\/sxflightcase.com\/wp-content\/uploads\/2024\/05\/yamaha-mixer-case59351388027.webp\",\"datePublished\":\"2024-05-07T05:44:03+00:00\",\"dateModified\":\"2025-02-20T07:31:10+00:00\",\"description\":\"Yamaha Mixer Case Factory: Specializing in direct sales and professional customization for premium equipment protection solutions.\",\"breadcrumb\":{\"@id\":\"https:\/\/sxflightcase.com\/hu\/termek\/yamaha-mixer-tok\/#breadcrumb\"},\"inLanguage\":\"hu\",\"potentialAction\":[{\"@type\":\"ReadAction\",\"target\":[\"https:\/\/sxflightcase.com\/hu\/termek\/yamaha-mixer-tok\/\"]}]},{\"@type\":\"ImageObject\",\"inLanguage\":\"hu\",\"@id\":\"https:\/\/sxflightcase.com\/hu\/termek\/yamaha-mixer-tok\/#primaryimage\",\"url\":\"https:\/\/sxflightcase.com\/wp-content\/uploads\/2024\/05\/yamaha-mixer-case59351388027.webp\",\"contentUrl\":\"https:\/\/sxflightcase.com\/wp-content\/uploads\/2024\/05\/yamaha-mixer-case59351388027.webp\",\"width\":730,\"height\":730,\"caption\":\"Yamaha Mixer Case\"},{\"@type\":\"BreadcrumbList\",\"@id\":\"https:\/\/sxflightcase.com\/hu\/termek\/yamaha-mixer-tok\/#breadcrumb\",\"itemListElement\":[{\"@type\":\"ListItem\",\"position\":1,\"name\":\"Home\",\"item\":\"https:\/\/sxflightcase.com\/\"},{\"@type\":\"ListItem\",\"position\":2,\"name\":\"\u0e2a\u0e34\u0e19\u0e04\u0e49\u0e32\",\"item\":\"https:\/\/sxflightcase.com\/th\/shop\/\"},{\"@type\":\"ListItem\",\"position\":3,\"name\":\"Yamaha Mixer Case| Customizable &#038; Durable\"}]},{\"@type\":\"WebSite\",\"@id\":\"https:\/\/sxflightcase.com\/th\/#website\",\"url\":\"https:\/\/sxflightcase.com\/th\/\",\"name\":\"sxpowercase.com\",\"description\":\"Flight Case Factory\",\"publisher\":{\"@id\":\"https:\/\/sxflightcase.com\/th\/#organization\"},\"potentialAction\":[{\"@type\":\"SearchAction\",\"target\":{\"@type\":\"EntryPoint\",\"urlTemplate\":\"https:\/\/sxflightcase.com\/th\/?s={search_term_string}\"},\"query-input\":{\"@type\":\"PropertyValueSpecification\",\"valueRequired\":true,\"valueName\":\"search_term_string\"}}],\"inLanguage\":\"hu\"},{\"@type\":\"Organization\",\"@id\":\"https:\/\/sxflightcase.com\/th\/#organization\",\"name\":\"sxpowercase.com\",\"url\":\"https:\/\/sxflightcase.com\/th\/\",\"logo\":{\"@type\":\"ImageObject\",\"inLanguage\":\"hu\",\"@id\":\"https:\/\/sxflightcase.com\/th\/#\/schema\/logo\/image\/\",\"url\":\"https:\/\/sxflightcase.com\/wp-content\/uploads\/2024\/04\/1713919036007.jpg\",\"contentUrl\":\"https:\/\/sxflightcase.com\/wp-content\/uploads\/2024\/04\/1713919036007.jpg\",\"width\":382,\"height\":388,\"caption\":\"sxpowercase.com\"},\"image\":{\"@id\":\"https:\/\/sxflightcase.com\/th\/#\/schema\/logo\/image\/\"},\"sameAs\":[\"https:\/\/www.facebook.com\/profile.php?id=61560407257971\"],\"numberOfEmployees\":{\"@type\":\"QuantitativeValue\",\"minValue\":\"11\",\"maxValue\":\"50\"}}]}<\/script>\n<!-- \/ Yoast SEO Premium plugin. -->","yoast_head_json":{"title":"Yamaha Mixer Case| Customizable & Durable - https:\/\/sxflightcase.com \ud83d\udc97","description":"Yamaha mixer tok gy\u00e1r: A pr\u00e9mium kateg\u00f3ri\u00e1s k\u00e9sz\u00fcl\u00e9kv\u00e9delmi megold\u00e1sok k\u00f6zvetlen \u00e9rt\u00e9kes\u00edt\u00e9s\u00e9re \u00e9s professzion\u00e1lis testreszab\u00e1s\u00e1ra szakosodott.","robots":{"index":"index","follow":"follow","max-snippet":"max-snippet:-1","max-image-preview":"max-image-preview:large","max-video-preview":"max-video-preview:-1"},"canonical":"https:\/\/sxflightcase.com\/hu\/termek\/yamaha-mixer-tok\/","og_locale":"hu_HU","og_type":"article","og_title":"Yamaha Mixer Case| Customizable & Durable","og_description":"Yamaha Mixer Case Factory: Specializing in direct sales and professional customization for premium equipment protection solutions.","og_url":"https:\/\/sxflightcase.com\/hu\/termek\/yamaha-mixer-tok\/","og_site_name":"https:\/\/sxflightcase.com","article_publisher":"https:\/\/www.facebook.com\/profile.php?id=61560407257971","article_modified_time":"2025-02-20T07:31:10+00:00","og_image":[{"width":730,"height":730,"url":"https:\/\/sxflightcase.com\/wp-content\/uploads\/2024\/05\/yamaha-mixer-case59351388027.webp","type":"image\/webp"}],"twitter_card":"summary_large_image","twitter_misc":{"Becs\u00fclt olvas\u00e1si id\u0151":"4 perc"},"schema":{"@context":"https:\/\/schema.org","@graph":[{"@type":"WebPage","@id":"https:\/\/sxflightcase.com\/hu\/termek\/yamaha-mixer-tok\/","url":"https:\/\/sxflightcase.com\/hu\/termek\/yamaha-mixer-tok\/","name":"Yamaha Mixer Case| Customizable & Durable - https:\/\/sxflightcase.com \ud83d\udc97","isPartOf":{"@id":"https:\/\/sxflightcase.com\/th\/#website"},"primaryImageOfPage":{"@id":"https:\/\/sxflightcase.com\/hu\/termek\/yamaha-mixer-tok\/#primaryimage"},"image":{"@id":"https:\/\/sxflightcase.com\/hu\/termek\/yamaha-mixer-tok\/#primaryimage"},"thumbnailUrl":"https:\/\/sxflightcase.com\/wp-content\/uploads\/2024\/05\/yamaha-mixer-case59351388027.webp","datePublished":"2024-05-07T05:44:03+00:00","dateModified":"2025-02-20T07:31:10+00:00","description":"Yamaha mixer tok gy\u00e1r: A pr\u00e9mium kateg\u00f3ri\u00e1s k\u00e9sz\u00fcl\u00e9kv\u00e9delmi megold\u00e1sok k\u00f6zvetlen \u00e9rt\u00e9kes\u00edt\u00e9s\u00e9re \u00e9s professzion\u00e1lis testreszab\u00e1s\u00e1ra szakosodott.","breadcrumb":{"@id":"https:\/\/sxflightcase.com\/hu\/termek\/yamaha-mixer-tok\/#breadcrumb"},"inLanguage":"hu","potentialAction":[{"@type":"ReadAction","target":["https:\/\/sxflightcase.com\/hu\/termek\/yamaha-mixer-tok\/"]}]},{"@type":"ImageObject","inLanguage":"hu","@id":"https:\/\/sxflightcase.com\/hu\/termek\/yamaha-mixer-tok\/#primaryimage","url":"https:\/\/sxflightcase.com\/wp-content\/uploads\/2024\/05\/yamaha-mixer-case59351388027.webp","contentUrl":"https:\/\/sxflightcase.com\/wp-content\/uploads\/2024\/05\/yamaha-mixer-case59351388027.webp","width":730,"height":730,"caption":"Yamaha Mixer Case"},{"@type":"BreadcrumbList","@id":"https:\/\/sxflightcase.com\/hu\/termek\/yamaha-mixer-tok\/#breadcrumb","itemListElement":[{"@type":"ListItem","position":1,"name":"Home","item":"https:\/\/sxflightcase.com\/"},{"@type":"ListItem","position":2,"name":"\u0e2a\u0e34\u0e19\u0e04\u0e49\u0e32","item":"https:\/\/sxflightcase.com\/th\/shop\/"},{"@type":"ListItem","position":3,"name":"Yamaha Mixer Case| Customizable &#038; Durable"}]},{"@type":"WebSite","@id":"https:\/\/sxflightcase.com\/th\/#website","url":"https:\/\/sxflightcase.com\/th\/","name":"sxpowercase.com","description":"Flight Case Factory","publisher":{"@id":"https:\/\/sxflightcase.com\/th\/#organization"},"potentialAction":[{"@type":"SearchAction","target":{"@type":"EntryPoint","urlTemplate":"https:\/\/sxflightcase.com\/th\/?s={search_term_string}"},"query-input":{"@type":"PropertyValueSpecification","valueRequired":true,"valueName":"search_term_string"}}],"inLanguage":"hu"},{"@type":"Organization","@id":"https:\/\/sxflightcase.com\/th\/#organization","name":"sxpowercase.com","url":"https:\/\/sxflightcase.com\/th\/","logo":{"@type":"ImageObject","inLanguage":"hu","@id":"https:\/\/sxflightcase.com\/th\/#\/schema\/logo\/image\/","url":"https:\/\/sxflightcase.com\/wp-content\/uploads\/2024\/04\/1713919036007.jpg","contentUrl":"https:\/\/sxflightcase.com\/wp-content\/uploads\/2024\/04\/1713919036007.jpg","width":382,"height":388,"caption":"sxpowercase.com"},"image":{"@id":"https:\/\/sxflightcase.com\/th\/#\/schema\/logo\/image\/"},"sameAs":["https:\/\/www.facebook.com\/profile.php?id=61560407257971"],"numberOfEmployees":{"@type":"QuantitativeValue","minValue":"11","maxValue":"50"}}]}},"_links":{"self":[{"href":"https:\/\/sxflightcase.com\/hu\/wp-json\/wp\/v2\/product\/1102","targetHints":{"allow":["GET"]}}],"collection":[{"href":"https:\/\/sxflightcase.com\/hu\/wp-json\/wp\/v2\/product"}],"about":[{"href":"https:\/\/sxflightcase.com\/hu\/wp-json\/wp\/v2\/types\/product"}],"replies":[{"embeddable":true,"href":"https:\/\/sxflightcase.com\/hu\/wp-json\/wp\/v2\/comments?post=1102"}],"version-history":[{"count":0,"href":"https:\/\/sxflightcase.com\/hu\/wp-json\/wp\/v2\/product\/1102\/revisions"}],"wp:featuredmedia":[{"embeddable":true,"href":"https:\/\/sxflightcase.com\/hu\/wp-json\/wp\/v2\/media\/1106"}],"wp:attachment":[{"href":"https:\/\/sxflightcase.com\/hu\/wp-json\/wp\/v2\/media?parent=1102"}],"wp:term":[{"taxonomy":"product_brand","embeddable":true,"href":"https:\/\/sxflightcase.com\/hu\/wp-json\/wp\/v2\/product_brand?post=1102"},{"taxonomy":"product_cat","embeddable":true,"href":"https:\/\/sxflightcase.com\/hu\/wp-json\/wp\/v2\/product_cat?post=1102"},{"taxonomy":"product_tag","embeddable":true,"href":"https:\/\/sxflightcase.com\/hu\/wp-json\/wp\/v2\/product_tag?post=1102"}],"curies":[{"name":"wp","href":"https:\/\/api.w.org\/{rel}","templated":true}]}}