{"id":1107,"date":"2024-05-07T06:46:14","date_gmt":"2024-05-07T05:46:14","guid":{"rendered":"https:\/\/sxpowercase.com\/?post_type=product&#038;p=1107"},"modified":"2025-02-20T00:04:50","modified_gmt":"2025-02-20T08:04:50","slug":"mixer-hard-case","status":"publish","type":"product","link":"https:\/\/sxflightcase.com\/hu\/termek\/mixer-kemeny-tok\/","title":{"rendered":"Kever\u0151 kem\u00e9ny tok"},"content":{"rendered":"<h3><strong>Term\u00e9k \u00e1ttekint\u00e9se: Hard Case: Mixer kem\u00e9ny tok<\/strong><\/h3>\n<p>A\u00a0<strong>SX kever\u0151 kem\u00e9ny tok<\/strong>\u00a0\u00fagy tervezt\u00e9k, hogy t\u00f6k\u00e9letes v\u00e9delmet ny\u00fajtson audioberendez\u00e9sei sz\u00e1m\u00e1ra. Legyen sz\u00f3 DJ-r\u0151l, hangm\u00e9rn\u00f6kr\u0151l vagy zen\u00e9szr\u0151l, tokjaink biztos\u00edtj\u00e1k, hogy kever\u0151pultja biztons\u00e1gban maradjon az \u00fct\u0151d\u00e9sekt\u0151l, lees\u00e9sekt\u0151l \u00e9s egy\u00e9b vesz\u00e9lyekt\u0151l a sz\u00e1ll\u00edt\u00e1s sor\u00e1n.<\/p>\n<hr \/>\n<h3><strong>Kulcsfontoss\u00e1g\u00fa jellemz\u0151k:<\/strong><\/h3>\n<ul>\n<li><strong>Anyag:<\/strong>\u00a09 mm-es r\u00e9tegelt lemez\u00a0<strong>kr\u00f3mozott\/horganyzott hardver<\/strong>\u00a0\u00e9s\u00a0<strong>alum\u00ednium extrud\u00e1l\u00e1s<\/strong>\u00a0a maxim\u00e1lis tart\u00f3ss\u00e1g \u00e9rdek\u00e9ben<\/li>\n<li><strong>Hab b\u00e9l\u00e9s:<\/strong>\u00a0Az opci\u00f3k a k\u00f6vetkez\u0151k\u00a0<strong>gy\u00f6ngyh\u00e1zhab<\/strong>,\u00a0<strong>EVA hab<\/strong>, vagy\u00a0<strong>toj\u00e1shab<\/strong>\u00a0a kiv\u00e1l\u00f3 csillap\u00edt\u00e1s\u00e9rt<\/li>\n<li><strong>Sz\u00ednv\u00e1laszt\u00e9k:<\/strong>\u00a0El\u00e9rhet\u0151\u00a0<strong>Fekete (alap\u00e9rtelmezett)<\/strong>, Piros, k\u00e9k, narancss\u00e1rga, s\u00e1rga, z\u00f6ld, \u00e9s m\u00e9g sok m\u00e1s<\/li>\n<li><strong>\u00c1tfut\u00e1si id\u0151:<\/strong>\u00a0Minta rendel\u00e9s\u00a0<strong>3 nap<\/strong>, norm\u00e1l sorrendben\u00a0<strong>7-15 nap<\/strong><\/li>\n<li><strong>M\u00e9retek:<\/strong>\u00a0Testreszabhat\u00f3 az \u00d6n egyedi felszerel\u00e9s\u00e9hez<\/li>\n<\/ul>\n<hr \/>\n<h3><strong>Mi\u00e9rt v\u00e1lassza az SX Mixer Hard Cases-t?<\/strong><\/h3>\n<ol start=\"1\">\n<li><strong>Gy\u00e1ri k\u00f6zvetlen \u00e9rt\u00e9kes\u00edt\u00e9s a verhetetlen \u00e9rt\u00e9k\u00e9rt<\/strong><br \/>\nA k\u00f6zvet\u00edt\u0151 c\u00e9gek kiz\u00e1r\u00e1s\u00e1val a k\u00f6vetkez\u0151ket k\u00edn\u00e1ljuk\u00a0<strong>kiv\u00e1l\u00f3 min\u0151s\u00e9g\u0171 tokok versenyk\u00e9pes \u00e1ron<\/strong>. Gy\u00e1ri k\u00f6zvetlen modell\u00fcnk biztos\u00edtja, hogy a legjobb \u00e1r-\u00e9rt\u00e9k ar\u00e1nyt kapja a min\u0151s\u00e9g kompromisszum n\u00e9lk\u00fcl.<\/li>\n<li><strong>Az \u00d6n ig\u00e9nyeihez igaz\u00edthat\u00f3<\/strong><br \/>\nMinden szakembernek egyedi k\u00f6vetelm\u00e9nyei vannak. Mi a k\u00f6vetkez\u0151ket k\u00edn\u00e1ljuk\u00a0<strong>sz\u00e9lesk\u00f6r\u0171 testreszab\u00e1si lehet\u0151s\u00e9gek<\/strong>, bele\u00e9rtve az egyedi m\u00e9reteket, habszivacs t\u00edpusokat \u00e9s tov\u00e1bbi rekeszeket, hogy olyan tokot hozzon l\u00e9tre, amely t\u00f6k\u00e9letesen illeszkedik a felszerel\u00e9s\u00e9hez.<\/li>\n<li><strong>Tart\u00f3s \u00e9s megb\u00edzhat\u00f3<\/strong><br \/>\nA legkem\u00e9nyebb k\u00f6r\u00fclm\u00e9nyeknek val\u00f3 ellen\u00e1ll\u00e1sra tervezett mixer kem\u00e9ny tokjainkat a k\u00f6vetkez\u0151kh\u00f6z tervezt\u00e9k\u00a0<strong>tart\u00f3s v\u00e9delem<\/strong>. Ak\u00e1r \u00faton van, ak\u00e1r a st\u00fadi\u00f3ban, felszerel\u00e9sei biztons\u00e1gban maradnak.<\/li>\n<li><strong>Fokozott mobilit\u00e1s<\/strong><br \/>\nStabil foganty\u00fakkal \u00e9s opcion\u00e1lis kerekekkel ell\u00e1tott tokjaink megk\u00f6nny\u00edtik a mixer sz\u00e1ll\u00edt\u00e1s\u00e1t a helysz\u00ednek k\u00f6z\u00f6tt, id\u0151t \u00e9s f\u00e1rads\u00e1got megtakar\u00edtva \u00d6nnek.<\/li>\n<\/ol>\n<hr \/>\n<h3><strong>Alkalmaz\u00e1sok:<\/strong><\/h3>\n<p>Az SX Mixer Hard Case ide\u00e1lis:<\/p>\n<ul>\n<li><strong>DJ-k<\/strong><\/li>\n<li><strong>Hangm\u00e9rn\u00f6k\u00f6k<\/strong><\/li>\n<li><strong>Zen\u00e9szek<\/strong><\/li>\n<li><strong>Rendezv\u00e9nyszervez\u0151k<\/strong><\/li>\n<li><strong>St\u00fadi\u00f3 szakemberek<\/strong><\/li>\n<\/ul>\n<hr \/>\n<h3><strong>Csomagol\u00e1s \u00e9s sz\u00e1ll\u00edt\u00e1s:<\/strong><\/h3>\n<ul>\n<li><strong>Sz\u00e1ll\u00edt\u00e1si id\u0151:<\/strong>\n<ul>\n<li>Tengeren: 15-60 nap<\/li>\n<li>Rep\u00fcl\u0151vel: 4-9 nap<\/li>\n<li>Expresszel: 4-9 nap<\/li>\n<\/ul>\n<\/li>\n<li><strong>Sz\u00e1ll\u00edt\u00e1si id\u0151:<\/strong>\u00a07-15 munkanap vagy az \u00d6n ig\u00e9nyei szerint<\/li>\n<li><strong>Csomagol\u00e1s:<\/strong>\u00a0Karton vagy egyedi csomagol\u00e1s \u00e1ll rendelkez\u00e9sre<\/li>\n<\/ul>\n<hr \/>\n<h3><strong>Szolg\u00e1ltat\u00e1sunk:<\/strong><\/h3>\n<ul>\n<li><strong>Szakmai szolg\u00e1ltat\u00e1s:<\/strong>\u00a0Szak\u00e9rtelem a kiv\u00e1l\u00f3 min\u0151s\u00e9g\u0171 tokok gy\u00e1rt\u00e1s\u00e1ban \u00e9s export\u00e1l\u00e1s\u00e1ban<\/li>\n<li><strong>Gy\u00e1rt\u00e1si kiv\u00e1l\u00f3s\u00e1g:<\/strong>\u00a0Figyelem a r\u00e9szletekre \u00e9s kiv\u00e1l\u00f3 k\u00e9zm\u0171ves kivitelez\u00e9s<\/li>\n<li><strong>Rugalmas fizet\u00e9si lehet\u0151s\u00e9gek:<\/strong>\u00a0T\/T, Western Union, \u00e9s \u00edgy tov\u00e1bb<\/li>\n<\/ul>\n<hr \/>\n<h3><strong>R\u00f3lunk:<\/strong><\/h3>\n<p>Az SX t\u00f6bb \u00e9ves tapasztalat\u00e1val az SX h\u00edrnevet szerzett a k\u00f6vetkez\u0151 ter\u00fcleteken\u00a0<strong>integrit\u00e1s, professzionalizmus \u00e9s kiv\u00e1l\u00f3 \u00e1rk\u00e9pz\u00e9s<\/strong>. Term\u00e9keinkben vil\u00e1gszerte megb\u00edznak \u00fcgyfeleink, \u00e9s tov\u00e1bbra is elk\u00f6telezettek vagyunk a k\u00f6vetkez\u0151k ir\u00e1nt\u00a0<strong>min\u0151s\u00e9g, \u00e9rt\u00e9k \u00e9s vev\u0151i el\u00e9gedetts\u00e9g<\/strong>.<\/p>\n<hr \/>\n<h3><strong>GYIK:<\/strong><\/h3>\n<p><strong>K: \u00d6n kereskedelmi v\u00e1llalat vagy gy\u00e1rt\u00f3?<\/strong><br \/>\nV: Mi egy\u00a0<strong>professzion\u00e1lis gy\u00e1rt\u00f3<\/strong>\u00a0audioeszk\u00f6z\u00f6kh\u00f6z val\u00f3 kiv\u00e1l\u00f3 min\u0151s\u00e9g\u0171 tokok gy\u00e1rt\u00e1s\u00e1ra specializ\u00e1l\u00f3dott.<\/p>\n<p><strong>K: A tokhoz tartozik extra habszivacs a k\u00fcl\u00f6nb\u00f6z\u0151 m\u00e9ret\u0171 vez\u00e9rl\u0151kh\u00f6z?<\/strong><br \/>\nV: A t\u00e1ska a cs\u00fasz\u00f3 platform alatt elt\u00e1vol\u00edthat\u00f3 habszivacsot tartalmaz, amely a kever\u0151t sz\u00e1ll\u00edt\u00e1s k\u00f6zben r\u00f6gz\u00edti. Tov\u00e1bbi habszivacs k\u00e9r\u00e9sre testre szabhat\u00f3.<\/p>\n<p><strong>K: Mennyire k\u00f6nny\u0171 elt\u00e1vol\u00edtani a habot a k\u00fcl\u00f6nb\u00f6z\u0151 felhaszn\u00e1l\u00e1sokhoz?<\/strong><br \/>\nV: A hab k\u00f6nnyen elt\u00e1vol\u00edthat\u00f3 vagy lev\u00e1ghat\u00f3 a k\u00fcl\u00f6nb\u00f6z\u0151 m\u00e9ret\u0171 berendez\u00e9sekhez, \u00edgy rugalmasan alkalmazhat\u00f3 a k\u00fcl\u00f6nb\u00f6z\u0151 felhaszn\u00e1l\u00e1si c\u00e9lokra.<\/p>\n<p><strong>K: Megrendelhetem \u00f6mlesztve?<\/strong><br \/>\nV: Igen, t\u00f6meges megrendel\u00e9seket is tudunk fogadni. L\u00e9pjen kapcsolatba vel\u00fcnk az \u00e1rak \u00e9s a rendelkez\u00e9sre \u00e1ll\u00e1s miatt.<\/p>\n<hr \/>\n<h3><strong>Rendelje meg a kever\u0151 kem\u00e9ny tokj\u00e1t m\u00e9g ma!<\/strong><\/h3>\n<p>K\u00e9szen \u00e1ll arra, hogy megv\u00e9dje mixer\u00e9t az SX pr\u00e9mium kem\u00e9ny tokjaival? L\u00e9pjen kapcsolatba vel\u00fcnk most, hogy megtervezhess\u00fck egyedi megold\u00e1s\u00e1t.<\/p>\n<p><strong>Hozz\u00e1f\u00e9r\u00e9s most:<\/strong>\u00a0<a href=\"https:\/\/sxpowercase.com\/contact-us\/\" target=\"_blank\" rel=\"noopener noreferrer\">https:\/\/sxpowercase.com\/contact-us\/<\/a><\/p>\n<p>Hot Tags: Alacsony \u00e1r, t\u00e1p- \u00e9s jelk\u00e1bel, 16 Gauge 4 vezet\u00e9kes vezet\u00e9k, mikrofon\u00e1llv\u00e1ny tok, k\u00fclt\u00e9ri Led kijelz\u0151szekr\u00e9ny, Rack Mount, elektromos eloszt\u00f3 doboz, K\u00edna, besz\u00e1ll\u00edt\u00f3k, gy\u00e1r, testreszabott, nagykereskedelem, <span style=\"color: #993366;\"><a style=\"color: #993366;\" href=\"https:\/\/sxflightcase.com\/hu\/product-category\/all-product\/power-distribution-boxes\/\">t\u00e1pegys\u00e9gek<\/a>,\u00a0<a style=\"color: #993366;\" href=\"https:\/\/sxflightcase.com\/hu\/product-category\/all-product\/hoist-controllers\/\">t\u00e1pk\u00e1belek<\/a>,\u00a0<a style=\"color: #993366;\" href=\"https:\/\/sxflightcase.com\/hu\/product-category\/all-product\/hoist-controllers\/\">emel\u0151g\u00e9p-vez\u00e9rl\u0151k<\/a>,\u00a0<a style=\"color: #993366;\" href=\"https:\/\/sxflightcase.com\/hu\/product-category\/all-product\/flight-case\/\">rep\u00fcl\u00e9si esetek.<\/a><\/span><\/p>","protected":false},"excerpt":{"rendered":"<h2 class=\"prodetails-name\">Kever\u0151 kem\u00e9ny tok<\/h2>\n<p>H\u00e1zon bel\u00fcli tapasztalataink azt jelentik, hogy meg\u00e9rtj\u00fck \u00fcgyfeleink elv\u00e1r\u00e1sait a tokkal szemben, mik\u00f6zben k\u00fcl\u00f6nb\u00f6z\u0151 testreszab\u00e1si lehet\u0151s\u00e9geket is tudunk k\u00edn\u00e1lni, hogy megk\u00f6nny\u00edts\u00fck az \u00d6n munk\u00e1j\u00e1t a berendez\u00e9sek mozgat\u00e1sakor. A Mixer hardcase a sokoldal\u00fas\u00e1g\u00e1nak k\u00f6sz\u00f6nhet\u0151en az egyik legn\u00e9pszer\u0171bb rep\u00fcl\u0151t\u00e1ska a piacon.<\/p>\n<h2><strong>Termel\u00e9si bevezet\u00e9s<\/strong><\/h2>\n<p>Kever\u0151 kem\u00e9ny tok<\/p>\n<p>A 9 mm-es vinil r\u00e9tegelt lemezb\u0151l, er\u0151s alum\u00edniumprofilokb\u00f3l \u00e9s nagy teherb\u00edr\u00e1s\u00fa pillang\u00f3reteszekb\u0151l k\u00e9sz\u00fclt, biztons\u00e1gos sz\u00e1ll\u00edt\u00e1st \u00e9s munka\u00e1llom\u00e1st biztos\u00edt egyben. A be\u00e9p\u00edtett cs\u00fasz\u00f3 laptopplatformnak \u00e9s a k\u00e9nyelmes k\u00e1bel-hozz\u00e1f\u00e9r\u00e9si ny\u00edl\u00e1snak k\u00f6sz\u00f6nhet\u0151en a fel\u00e1ll\u00edt\u00e1s pillanatok alatt k\u00e9szen \u00e1ll az akci\u00f3ra.<\/p>","protected":false},"featured_media":1108,"comment_status":"open","ping_status":"closed","template":"","meta":[],"product_brand":[],"product_cat":[41],"product_tag":[],"class_list":{"0":"post-1107","1":"product","2":"type-product","3":"status-publish","4":"has-post-thumbnail","6":"product_cat-equipment-cases","8":"first","9":"instock","10":"shipping-taxable","11":"product-type-simple"},"yoast_head":"<!-- This site is optimized with the Yoast SEO Premium plugin v27.1 (Yoast SEO v27.2) - https:\/\/yoast.com\/product\/yoast-seo-premium-wordpress\/ -->\n<title>Mixer Hard Case - https:\/\/sxflightcase.com \ud83d\udc97<\/title>\n<meta name=\"description\" content=\"Mixer Hard Case Factory: Specializing in direct sales and professional customization for premium equipment protection solutions.\" \/>\n<meta name=\"robots\" content=\"index, follow, max-snippet:-1, max-image-preview:large, max-video-preview:-1\" \/>\n<link rel=\"canonical\" href=\"https:\/\/sxflightcase.com\/hu\/san-pham\/mixer-hard-case\/\" \/>\n<meta property=\"og:locale\" content=\"hu_HU\" \/>\n<meta property=\"og:type\" content=\"article\" \/>\n<meta property=\"og:title\" content=\"Mixer Hard Case\" \/>\n<meta property=\"og:description\" content=\"Mixer Hard Case Factory: Specializing in direct sales and professional customization for premium equipment protection solutions.\" \/>\n<meta property=\"og:url\" content=\"https:\/\/sxflightcase.com\/hu\/san-pham\/mixer-hard-case\/\" \/>\n<meta property=\"og:site_name\" content=\"https:\/\/sxflightcase.com\" \/>\n<meta property=\"article:publisher\" content=\"https:\/\/www.facebook.com\/profile.php?id=61560407257971\" \/>\n<meta property=\"article:modified_time\" content=\"2025-02-20T08:04:50+00:00\" \/>\n<meta property=\"og:image\" content=\"https:\/\/sxflightcase.com\/wp-content\/uploads\/2024\/05\/mixer-hard-case55546902954.webp\" \/>\n\t<meta property=\"og:image:width\" content=\"700\" \/>\n\t<meta property=\"og:image:height\" content=\"700\" \/>\n\t<meta property=\"og:image:type\" content=\"image\/webp\" \/>\n<meta name=\"twitter:card\" content=\"summary_large_image\" \/>\n<meta name=\"twitter:label1\" content=\"Becs\u00fclt olvas\u00e1si id\u0151\" \/>\n\t<meta name=\"twitter:data1\" content=\"4 perc\" \/>\n<script type=\"application\/ld+json\" class=\"yoast-schema-graph\">{\"@context\":\"https:\/\/schema.org\",\"@graph\":[{\"@type\":\"WebPage\",\"@id\":\"https:\/\/sxflightcase.com\/vi\/san-pham\/mixer-hard-case\/\",\"url\":\"https:\/\/sxflightcase.com\/vi\/san-pham\/mixer-hard-case\/\",\"name\":\"Mixer Hard Case - https:\/\/sxflightcase.com \ud83d\udc97\",\"isPartOf\":{\"@id\":\"https:\/\/sxflightcase.com\/th\/#website\"},\"primaryImageOfPage\":{\"@id\":\"https:\/\/sxflightcase.com\/vi\/san-pham\/mixer-hard-case\/#primaryimage\"},\"image\":{\"@id\":\"https:\/\/sxflightcase.com\/vi\/san-pham\/mixer-hard-case\/#primaryimage\"},\"thumbnailUrl\":\"https:\/\/sxflightcase.com\/wp-content\/uploads\/2024\/05\/mixer-hard-case55546902954.webp\",\"datePublished\":\"2024-05-07T05:46:14+00:00\",\"dateModified\":\"2025-02-20T08:04:50+00:00\",\"description\":\"Mixer Hard Case Factory: Specializing in direct sales and professional customization for premium equipment protection solutions.\",\"breadcrumb\":{\"@id\":\"https:\/\/sxflightcase.com\/vi\/san-pham\/mixer-hard-case\/#breadcrumb\"},\"inLanguage\":\"hu\",\"potentialAction\":[{\"@type\":\"ReadAction\",\"target\":[\"https:\/\/sxflightcase.com\/vi\/san-pham\/mixer-hard-case\/\"]}]},{\"@type\":\"ImageObject\",\"inLanguage\":\"hu\",\"@id\":\"https:\/\/sxflightcase.com\/vi\/san-pham\/mixer-hard-case\/#primaryimage\",\"url\":\"https:\/\/sxflightcase.com\/wp-content\/uploads\/2024\/05\/mixer-hard-case55546902954.webp\",\"contentUrl\":\"https:\/\/sxflightcase.com\/wp-content\/uploads\/2024\/05\/mixer-hard-case55546902954.webp\",\"width\":700,\"height\":700,\"caption\":\"Mixer Hard Case\"},{\"@type\":\"BreadcrumbList\",\"@id\":\"https:\/\/sxflightcase.com\/vi\/san-pham\/mixer-hard-case\/#breadcrumb\",\"itemListElement\":[{\"@type\":\"ListItem\",\"position\":1,\"name\":\"Home\",\"item\":\"https:\/\/sxflightcase.com\/\"},{\"@type\":\"ListItem\",\"position\":2,\"name\":\"\u0e2a\u0e34\u0e19\u0e04\u0e49\u0e32\",\"item\":\"https:\/\/sxflightcase.com\/th\/shop\/\"},{\"@type\":\"ListItem\",\"position\":3,\"name\":\"Mixer Hard Case\"}]},{\"@type\":\"WebSite\",\"@id\":\"https:\/\/sxflightcase.com\/th\/#website\",\"url\":\"https:\/\/sxflightcase.com\/th\/\",\"name\":\"sxpowercase.com\",\"description\":\"Flight Case Factory\",\"publisher\":{\"@id\":\"https:\/\/sxflightcase.com\/th\/#organization\"},\"potentialAction\":[{\"@type\":\"SearchAction\",\"target\":{\"@type\":\"EntryPoint\",\"urlTemplate\":\"https:\/\/sxflightcase.com\/th\/?s={search_term_string}\"},\"query-input\":{\"@type\":\"PropertyValueSpecification\",\"valueRequired\":true,\"valueName\":\"search_term_string\"}}],\"inLanguage\":\"hu\"},{\"@type\":\"Organization\",\"@id\":\"https:\/\/sxflightcase.com\/th\/#organization\",\"name\":\"sxpowercase.com\",\"url\":\"https:\/\/sxflightcase.com\/th\/\",\"logo\":{\"@type\":\"ImageObject\",\"inLanguage\":\"hu\",\"@id\":\"https:\/\/sxflightcase.com\/th\/#\/schema\/logo\/image\/\",\"url\":\"https:\/\/sxflightcase.com\/wp-content\/uploads\/2024\/04\/1713919036007.jpg\",\"contentUrl\":\"https:\/\/sxflightcase.com\/wp-content\/uploads\/2024\/04\/1713919036007.jpg\",\"width\":382,\"height\":388,\"caption\":\"sxpowercase.com\"},\"image\":{\"@id\":\"https:\/\/sxflightcase.com\/th\/#\/schema\/logo\/image\/\"},\"sameAs\":[\"https:\/\/www.facebook.com\/profile.php?id=61560407257971\"],\"numberOfEmployees\":{\"@type\":\"QuantitativeValue\",\"minValue\":\"11\",\"maxValue\":\"50\"}}]}<\/script>\n<!-- \/ Yoast SEO Premium plugin. -->","yoast_head_json":{"title":"Mixer Hard Case - https:\/\/sxflightcase.com \ud83d\udc97","description":"Kever\u0151 kem\u00e9ny tok gy\u00e1r: Specializ\u00e1l\u00f3dott a pr\u00e9mium felszerel\u00e9sv\u00e9delmi megold\u00e1sok k\u00f6zvetlen \u00e9rt\u00e9kes\u00edt\u00e9s\u00e9re \u00e9s professzion\u00e1lis testreszab\u00e1s\u00e1ra.","robots":{"index":"index","follow":"follow","max-snippet":"max-snippet:-1","max-image-preview":"max-image-preview:large","max-video-preview":"max-video-preview:-1"},"canonical":"https:\/\/sxflightcase.com\/hu\/san-pham\/mixer-hard-case\/","og_locale":"hu_HU","og_type":"article","og_title":"Mixer Hard Case","og_description":"Mixer Hard Case Factory: Specializing in direct sales and professional customization for premium equipment protection solutions.","og_url":"https:\/\/sxflightcase.com\/hu\/san-pham\/mixer-hard-case\/","og_site_name":"https:\/\/sxflightcase.com","article_publisher":"https:\/\/www.facebook.com\/profile.php?id=61560407257971","article_modified_time":"2025-02-20T08:04:50+00:00","og_image":[{"width":700,"height":700,"url":"https:\/\/sxflightcase.com\/wp-content\/uploads\/2024\/05\/mixer-hard-case55546902954.webp","type":"image\/webp"}],"twitter_card":"summary_large_image","twitter_misc":{"Becs\u00fclt olvas\u00e1si id\u0151":"4 perc"},"schema":{"@context":"https:\/\/schema.org","@graph":[{"@type":"WebPage","@id":"https:\/\/sxflightcase.com\/vi\/san-pham\/mixer-hard-case\/","url":"https:\/\/sxflightcase.com\/vi\/san-pham\/mixer-hard-case\/","name":"Mixer Hard Case - https:\/\/sxflightcase.com \ud83d\udc97","isPartOf":{"@id":"https:\/\/sxflightcase.com\/th\/#website"},"primaryImageOfPage":{"@id":"https:\/\/sxflightcase.com\/vi\/san-pham\/mixer-hard-case\/#primaryimage"},"image":{"@id":"https:\/\/sxflightcase.com\/vi\/san-pham\/mixer-hard-case\/#primaryimage"},"thumbnailUrl":"https:\/\/sxflightcase.com\/wp-content\/uploads\/2024\/05\/mixer-hard-case55546902954.webp","datePublished":"2024-05-07T05:46:14+00:00","dateModified":"2025-02-20T08:04:50+00:00","description":"Kever\u0151 kem\u00e9ny tok gy\u00e1r: Specializ\u00e1l\u00f3dott a pr\u00e9mium felszerel\u00e9sv\u00e9delmi megold\u00e1sok k\u00f6zvetlen \u00e9rt\u00e9kes\u00edt\u00e9s\u00e9re \u00e9s professzion\u00e1lis testreszab\u00e1s\u00e1ra.","breadcrumb":{"@id":"https:\/\/sxflightcase.com\/vi\/san-pham\/mixer-hard-case\/#breadcrumb"},"inLanguage":"hu","potentialAction":[{"@type":"ReadAction","target":["https:\/\/sxflightcase.com\/vi\/san-pham\/mixer-hard-case\/"]}]},{"@type":"ImageObject","inLanguage":"hu","@id":"https:\/\/sxflightcase.com\/vi\/san-pham\/mixer-hard-case\/#primaryimage","url":"https:\/\/sxflightcase.com\/wp-content\/uploads\/2024\/05\/mixer-hard-case55546902954.webp","contentUrl":"https:\/\/sxflightcase.com\/wp-content\/uploads\/2024\/05\/mixer-hard-case55546902954.webp","width":700,"height":700,"caption":"Mixer Hard Case"},{"@type":"BreadcrumbList","@id":"https:\/\/sxflightcase.com\/vi\/san-pham\/mixer-hard-case\/#breadcrumb","itemListElement":[{"@type":"ListItem","position":1,"name":"Home","item":"https:\/\/sxflightcase.com\/"},{"@type":"ListItem","position":2,"name":"\u0e2a\u0e34\u0e19\u0e04\u0e49\u0e32","item":"https:\/\/sxflightcase.com\/th\/shop\/"},{"@type":"ListItem","position":3,"name":"Mixer Hard Case"}]},{"@type":"WebSite","@id":"https:\/\/sxflightcase.com\/th\/#website","url":"https:\/\/sxflightcase.com\/th\/","name":"sxpowercase.com","description":"Flight Case Factory","publisher":{"@id":"https:\/\/sxflightcase.com\/th\/#organization"},"potentialAction":[{"@type":"SearchAction","target":{"@type":"EntryPoint","urlTemplate":"https:\/\/sxflightcase.com\/th\/?s={search_term_string}"},"query-input":{"@type":"PropertyValueSpecification","valueRequired":true,"valueName":"search_term_string"}}],"inLanguage":"hu"},{"@type":"Organization","@id":"https:\/\/sxflightcase.com\/th\/#organization","name":"sxpowercase.com","url":"https:\/\/sxflightcase.com\/th\/","logo":{"@type":"ImageObject","inLanguage":"hu","@id":"https:\/\/sxflightcase.com\/th\/#\/schema\/logo\/image\/","url":"https:\/\/sxflightcase.com\/wp-content\/uploads\/2024\/04\/1713919036007.jpg","contentUrl":"https:\/\/sxflightcase.com\/wp-content\/uploads\/2024\/04\/1713919036007.jpg","width":382,"height":388,"caption":"sxpowercase.com"},"image":{"@id":"https:\/\/sxflightcase.com\/th\/#\/schema\/logo\/image\/"},"sameAs":["https:\/\/www.facebook.com\/profile.php?id=61560407257971"],"numberOfEmployees":{"@type":"QuantitativeValue","minValue":"11","maxValue":"50"}}]}},"_links":{"self":[{"href":"https:\/\/sxflightcase.com\/hu\/wp-json\/wp\/v2\/product\/1107","targetHints":{"allow":["GET"]}}],"collection":[{"href":"https:\/\/sxflightcase.com\/hu\/wp-json\/wp\/v2\/product"}],"about":[{"href":"https:\/\/sxflightcase.com\/hu\/wp-json\/wp\/v2\/types\/product"}],"replies":[{"embeddable":true,"href":"https:\/\/sxflightcase.com\/hu\/wp-json\/wp\/v2\/comments?post=1107"}],"version-history":[{"count":0,"href":"https:\/\/sxflightcase.com\/hu\/wp-json\/wp\/v2\/product\/1107\/revisions"}],"wp:featuredmedia":[{"embeddable":true,"href":"https:\/\/sxflightcase.com\/hu\/wp-json\/wp\/v2\/media\/1108"}],"wp:attachment":[{"href":"https:\/\/sxflightcase.com\/hu\/wp-json\/wp\/v2\/media?parent=1107"}],"wp:term":[{"taxonomy":"product_brand","embeddable":true,"href":"https:\/\/sxflightcase.com\/hu\/wp-json\/wp\/v2\/product_brand?post=1107"},{"taxonomy":"product_cat","embeddable":true,"href":"https:\/\/sxflightcase.com\/hu\/wp-json\/wp\/v2\/product_cat?post=1107"},{"taxonomy":"product_tag","embeddable":true,"href":"https:\/\/sxflightcase.com\/hu\/wp-json\/wp\/v2\/product_tag?post=1107"}],"curies":[{"name":"wp","href":"https:\/\/api.w.org\/{rel}","templated":true}]}}