{"id":1112,"date":"2024-05-07T06:48:18","date_gmt":"2024-05-07T05:48:18","guid":{"rendered":"https:\/\/sxpowercase.com\/?post_type=product&#038;p=1112"},"modified":"2025-02-20T23:54:54","modified_gmt":"2025-02-21T07:54:54","slug":"behringer-x32-case","status":"publish","type":"product","link":"https:\/\/sxflightcase.com\/hu\/termek\/behringer-x32-tok\/","title":{"rendered":"Behringer X32 tok"},"content":{"rendered":"<h3><strong>Term\u00e9k \u00e1ttekint\u00e9se: Behringer X32 tok<\/strong><\/h3>\n<p>A\u00a0<strong>SX Behringer X32 tok<\/strong>\u00a0\u00fagy tervezt\u00e9k, hogy megv\u00e9dje cs\u00facskateg\u00f3ri\u00e1s kever\u0151j\u00e9t a gyakori utaz\u00e1s ig\u00e9nyeit\u0151l. A zen\u00e9szek, hangm\u00e9rn\u00f6k\u00f6k \u00e9s rendezv\u00e9nyek szakemberei sz\u00e1m\u00e1ra tervezett tok a strapab\u00edr\u00f3 tart\u00f3ss\u00e1got intelligens funkci\u00f3kkal \u00f6tv\u00f6zi, hogy a felszerel\u00e9s\u00e9t \u00e9rintetlen\u00fcl \u00e9s teljes\u00edtm\u00e9nyre k\u00e9szen tartsa.<\/p>\n<hr \/>\n<h3><strong>Kulcsfontoss\u00e1g\u00fa jellemz\u0151k:<\/strong><\/h3>\n<ul>\n<li><strong>Robusztus fel\u00e9p\u00edt\u00e9s:<\/strong>\u00a09 mm-es r\u00e9tegelt r\u00e9tegelt lemez, meger\u0151s\u00edtve\u00a0<strong>kereskedelmi min\u0151s\u00e9g\u0171 bevonatos hardver<\/strong>\u00a0\u00e9s\u00a0<strong>alum\u00ednium extrud\u00e1l\u00e1s<\/strong><\/li>\n<li><strong>Biztons\u00e1gos bels\u0151 t\u00e9r:<\/strong>\u00a0Ultra-Dur EVA hab p\u00e1rn\u00e1z\u00e1s szell\u0151z\u0151blokkokkal a l\u00e9g\u00e1raml\u00e1s\u00e9rt \u00e9s a leng\u00e9scsillap\u00edt\u00e1s\u00e9rt<\/li>\n<li><strong>Mobilit\u00e1s:<\/strong>\u00a0Rug\u00f3s, s\u00fcllyesztett vontat\u00f3foganty\u00fa + nagy teherb\u00edr\u00e1s\u00fa kerekek a sima sz\u00e1ll\u00edt\u00e1shoz<\/li>\n<li><strong>Egyedi be\u00e1ll\u00edt\u00e1sok:<\/strong>\u00a0V\u00e1lasszon a fekete, k\u00e9k, piros vagy egyedi sz\u00ednek k\u00f6z\u00fcl; m\u00e9ret \u00e9s rekeszek testre szab\u00e1sa<\/li>\n<li><strong>V\u00e9delem:<\/strong>\u00a0Habszivaccsal b\u00e9lelt kutyah\u00e1z rekesz a k\u00e1belek \u00e9s csatlakoz\u00f3k rendszerez\u00e9s\u00e9hez<\/li>\n<\/ul>\n<hr \/>\n<h3><strong>Mi\u00e9rt v\u00e1lassza az SX Behringer X32 tokot?<\/strong><\/h3>\n<ol start=\"1\">\n<li><strong>K\u00f6zvetlen\u00fcl a gy\u00e1rb\u00f3l sz\u00e1rmaz\u00f3 \u00e1rk\u00e9pz\u00e9s<\/strong><br \/>\nHagyja ki a k\u00f6zvet\u00edt\u0151ket \u00e9s sp\u00f3roljon! Gy\u00e1rt\u00f3i k\u00f6zvetlen modell\u00fcnk a k\u00f6vetkez\u0151ket ny\u00fajtja\u00a0<strong>pr\u00e9mium min\u0151s\u00e9g versenyk\u00e9pes \u00e1ron<\/strong>, \u00edgy biztos\u00edtva, hogy t\u00falk\u00f6ltekez\u00e9s n\u00e9lk\u00fcl fektessen be a v\u00e9delembe.<\/li>\n<li><strong>Szakemberekre szabva<\/strong><br \/>\nExtra t\u00e1rol\u00f3helyre van sz\u00fcks\u00e9ge a kieg\u00e9sz\u00edt\u0151knek? Egyedi m\u00e9retek? A tokot a k\u00f6vetkez\u0151kh\u00f6z igaz\u00edtjuk\u00a0<em>a<\/em>\u00a0munkafolyamat, nem pedig ford\u00edtva.<\/li>\n<li><strong>\u00datra k\u00e9sz tart\u00f3ss\u00e1g<\/strong><br \/>\nT\u00far\u00e1k, fesztiv\u00e1lok \u00e9s mindennapos be\u00e1ll\u00edt\u00e1sok elvisel\u00e9s\u00e9re k\u00e9sz\u00fclt. A v\u00edz\u00e1ll\u00f3 r\u00e9tegelt lemez \u00e9s a meger\u0151s\u00edtett sarkok megv\u00e9dik a kever\u0151pultot a lees\u00e9st\u0151l, ki\u00f6ml\u00e9st\u0151l \u00e9s \u00fct\u0151d\u00e9sekt\u0151l.<\/li>\n<li><strong>\u00c1ramvonalas szervezet<\/strong><br \/>\nAz integr\u00e1lt kutyah\u00e1z elrejtve tartja a k\u00e1beleket, m\u00e9gis hozz\u00e1f\u00e9rhet\u0151v\u00e9 teszi \u0151ket, m\u00edg a habszivacs blokkok szil\u00e1rdan r\u00f6gz\u00edtik az X32-t a hely\u00e9n - m\u00e9g akkor is, ha a tok felborul.<\/li>\n<\/ol>\n<hr \/>\n<h3><strong>Alkalmaz\u00e1sok:<\/strong><\/h3>\n<ul>\n<li><strong>\u00c9l\u0151 koncertek<\/strong><\/li>\n<li><strong>St\u00fadi\u00f3 \u00fcl\u00e9sek<\/strong><\/li>\n<li><strong>V\u00e1llalati esem\u00e9nyek<\/strong><\/li>\n<li><strong>Broadcast be\u00e1ll\u00edt\u00e1sok<\/strong><\/li>\n<li><strong>Mobil DJ Rigs<\/strong><\/li>\n<\/ul>\n<hr \/>\n<h3><strong>Csomagol\u00e1s \u00e9s sz\u00e1ll\u00edt\u00e1s:<\/strong><\/h3>\n<ul>\n<li><strong>Csomagol\u00e1si lehet\u0151s\u00e9gek:<\/strong>\u00a0Kartondoboz, bubor\u00e9kos zacsk\u00f3 vagy export min\u0151s\u00e9g\u0171 zsugorf\u00f3li\u00e1zott kartondoboz<\/li>\n<li><strong>\u00c1tfut\u00e1si id\u0151:<\/strong>\n<ul>\n<li>Mint\u00e1k: 3-5 nap<\/li>\n<li>T\u00f6meges megrendel\u00e9sek: 15-20 nap<\/li>\n<\/ul>\n<\/li>\n<li><strong>Glob\u00e1lis sz\u00e1ll\u00edt\u00e1s:<\/strong>\u00a0L\u00e9gi, tengeri vagy expressz sz\u00e1ll\u00edt\u00e1s<\/li>\n<\/ul>\n<hr \/>\n<h3><strong>Mi\u00e9rt b\u00edzzon az SX-ben?<\/strong><\/h3>\n<p>Az audi\u00f3 berendez\u00e9sek v\u00e9delm\u00e9ben szerzett sok\u00e9ves tapasztalat\u00e1val az SX priorit\u00e1st \u00e9lvez:<\/p>\n<ul>\n<li><strong>K\u00e9zm\u0171vess\u00e9g:<\/strong>\u00a0Prec\u00edzi\u00f3s tervez\u00e9s a hossz\u00fa t\u00e1v\u00fa haszn\u00e1lat\u00e9rt<\/li>\n<li><strong>\u00c1tl\u00e1that\u00f3s\u00e1g:<\/strong>\u00a0Nincsenek rejtett d\u00edjak, k\u00f6zvetlen \u00fcgyf\u00e9lszolg\u00e1lat<\/li>\n<li><strong>Rugalmass\u00e1g:<\/strong>\u00a0Egyedi m\u00e1rka\u00e9p\u00edt\u00e9s, habos elrendez\u00e9s \u00e9s hardverfriss\u00edt\u00e9s<\/li>\n<\/ul>\n<hr \/>\n<h3><strong>GYIK<\/strong><\/h3>\n<p><strong>K: Hogyan akad\u00e1lyozza meg a tok, hogy a kever\u0151 elmozduljon, ha leesik?<\/strong><br \/>\nV: Az orrfed\u00e9lben l\u00e9v\u0151 habp\u00e1rn\u00e1k r\u00f6gz\u00edtik az X32-t a hely\u00e9n, m\u00e9g akkor is, ha a tok megd\u0151l vagy leesik.<\/p>\n<p><strong>K: M\u00f3dos\u00edthatom a habot m\u00e1s felszerel\u00e9sekhez?<\/strong><br \/>\nA: Igen! A hab k\u00f6nnyen elt\u00e1vol\u00edthat\u00f3 vagy testre szabhat\u00f3 - v\u00e1gja ki a vez\u00e9rl\u0151kh\u00f6z, interf\u00e9szekhez vagy kieg\u00e9sz\u00edt\u0151kh\u00f6z.<\/p>\n<p><strong>K: K\u00edn\u00e1lnak t\u00f6meges \u00e1rengedm\u00e9nyeket?<\/strong><br \/>\nA: Term\u00e9szetesen. Vegye fel vel\u00fcnk a kapcsolatot a mennyis\u00e9gi \u00e1rk\u00e9pz\u00e9s \u00e9s a gyors\u00edtott gy\u00e1rt\u00e1s \u00e9rdek\u00e9ben.<\/p>\n<hr \/>\n<h3><strong>Emelje meg a felszerel\u00e9s v\u00e9delm\u00e9t m\u00e9g ma!<\/strong><\/h3>\n<p>K\u00e9szen \u00e1ll a Behringer X32 r\u00f6gz\u00edt\u00e9s\u00e9re? Tervezz\u00fck meg az \u00d6n ig\u00e9nyeinek megfelel\u0151 tokot.<\/p>\n<p><strong>Kezdje el a rendel\u00e9st:<\/strong>\u00a0<a href=\"https:\/\/sxpowercase.com\/contact-us\/\" target=\"_blank\" rel=\"noopener noreferrer\">https:\/\/sxpowercase.com\/contact-us\/<\/a><\/p>\n<p>Hot Tags: Alacsony \u00e1r, rakt\u00e1ron, ingyenes minta, t\u00e1p- \u00e9s jelk\u00e1bel, 16 Gauge 4 vezet\u00e9kes vezet\u00e9k, mikrofon\u00e1llv\u00e1ny tok, k\u00fclt\u00e9ri Led kijelz\u0151szekr\u00e9ny, Rack Mount, elektromos eloszt\u00f3 doboz, K\u00edna, besz\u00e1ll\u00edt\u00f3k, gy\u00e1r, testreszabott, nagykereskedelem, <span style=\"color: #993366;\"><a style=\"color: #993366;\" href=\"https:\/\/sxflightcase.com\/hu\/product-category\/all-product\/power-distribution-boxes\/\">t\u00e1pegys\u00e9gek<\/a>,\u00a0<a style=\"color: #993366;\" href=\"https:\/\/sxflightcase.com\/hu\/product-category\/all-product\/hoist-controllers\/\">t\u00e1pk\u00e1belek<\/a>,\u00a0<a style=\"color: #993366;\" href=\"https:\/\/sxflightcase.com\/hu\/product-category\/all-product\/hoist-controllers\/\">emel\u0151g\u00e9p-vez\u00e9rl\u0151k<\/a>,\u00a0<a style=\"color: #993366;\" href=\"https:\/\/sxflightcase.com\/hu\/product-category\/all-product\/flight-case\/\">rep\u00fcl\u00e9si esetek.<\/a><\/span><\/p>","protected":false},"excerpt":{"rendered":"<h2 class=\"prodetails-name\">Behringer X32 tok<\/h2>\n<p>H\u00e1zon bel\u00fcli tapasztalataink azt jelentik, hogy meg\u00e9rtj\u00fck \u00fcgyfeleink elv\u00e1r\u00e1sait a tokkal szemben, mik\u00f6zben k\u00fcl\u00f6nb\u00f6z\u0151 testreszab\u00e1si lehet\u0151s\u00e9geket is tudunk k\u00edn\u00e1lni, hogy megk\u00f6nny\u00edts\u00fck a munk\u00e1t a berendez\u00e9sek mozgat\u00e1sakor.A Behringer x32 tok az egyik legn\u00e9pszer\u0171bb rep\u00fcl\u0151 tok a piacon a sokoldal\u00fas\u00e1g\u00e1nak k\u00f6sz\u00f6nhet\u0151en.<\/p>\n<h2><strong>Termel\u00e9si bevezet\u00e9s<\/strong><\/h2>\n<p>9 mm-es r\u00e9tegelt lemezb\u0151l k\u00e9sz\u00fcl, amelyet k\u00fcls\u0151leg v\u00e9d\u0151r\u00e9teggel bor\u00edtottak. A lamin\u00e1lt bels\u0151 t\u00e9rben EVA habblokkok tal\u00e1lhat\u00f3k, amelyek kett\u0151s feladatot l\u00e1tnak el, hogy v\u00e9dj\u00e9k \u00e9s a hely\u00fck\u00f6n tarts\u00e1k a kever\u0151t sz\u00e1ll\u00edt\u00e1s k\u00f6zben, mik\u00f6zben helyet biztos\u00edtanak a megfelel\u0151 ventil\u00e1torszell\u0151z\u00e9snek a t\u00e1bla alj\u00e1n. Kereskedelmi min\u0151s\u00e9g\u0171 hardverek veszik k\u00f6r\u00fcl a tokot, amely a Gator jellegzetes piros s\u00fcllyesztett, bet\u00e9tekkel z\u00e1rhat\u00f3 csavarz\u00e1rakkal \u00e9s rug\u00f3s gumihevederes foganty\u00fakkal rendelkezik. A tok mind a n\u00e9gy sark\u00e1n tal\u00e1lhat\u00f3 v\u00e9d\u0151 g\u00f6mbsarkok \u00fagy vannak be\u00e1ll\u00edtva, hogy elnyelj\u00e9k az \u00fct\u00e9seket. A behringer X32 mixer sz\u00e1ll\u00edt\u00e1sa a be\u00e9p\u00edtett kerekekkel \u00e9s a vontat\u00f3foganty\u00faval k\u00f6nnyed\u00e9n megoldhat\u00f3.<\/p>","protected":false},"featured_media":1113,"comment_status":"open","ping_status":"closed","template":"","meta":[],"product_brand":[],"product_cat":[41],"product_tag":[],"class_list":{"0":"post-1112","1":"product","2":"type-product","3":"status-publish","4":"has-post-thumbnail","6":"product_cat-equipment-cases","8":"first","9":"instock","10":"shipping-taxable","11":"product-type-simple"},"yoast_head":"<!-- This site is optimized with the Yoast SEO Premium plugin v27.1 (Yoast SEO v27.2) - https:\/\/yoast.com\/product\/yoast-seo-premium-wordpress\/ -->\n<title>Behringer X32 Case - https:\/\/sxflightcase.com \ud83d\udc97<\/title>\n<meta name=\"description\" content=\"Behringer X32 Case Factory: Specializing in direct sales and professional customization for premium equipment protection solutions.\" \/>\n<meta name=\"robots\" content=\"index, follow, max-snippet:-1, max-image-preview:large, max-video-preview:-1\" \/>\n<link rel=\"canonical\" href=\"https:\/\/sxflightcase.com\/hu\/prodotto\/cassa-behringer-x32-2\/\" \/>\n<meta property=\"og:locale\" content=\"hu_HU\" \/>\n<meta property=\"og:type\" content=\"article\" \/>\n<meta property=\"og:title\" content=\"Behringer X32 Case\" \/>\n<meta property=\"og:description\" content=\"Behringer X32 Case Factory: Specializing in direct sales and professional customization for premium equipment protection solutions.\" \/>\n<meta property=\"og:url\" content=\"https:\/\/sxflightcase.com\/hu\/prodotto\/cassa-behringer-x32-2\/\" \/>\n<meta property=\"og:site_name\" content=\"https:\/\/sxflightcase.com\" \/>\n<meta property=\"article:publisher\" content=\"https:\/\/www.facebook.com\/profile.php?id=61560407257971\" \/>\n<meta property=\"article:modified_time\" content=\"2025-02-21T07:54:54+00:00\" \/>\n<meta property=\"og:image\" content=\"https:\/\/sxflightcase.com\/wp-content\/uploads\/2024\/05\/behringer-x32-case52395594589.webp\" \/>\n\t<meta property=\"og:image:width\" content=\"750\" \/>\n\t<meta property=\"og:image:height\" content=\"750\" \/>\n\t<meta property=\"og:image:type\" content=\"image\/webp\" \/>\n<meta name=\"twitter:card\" content=\"summary_large_image\" \/>\n<meta name=\"twitter:label1\" content=\"Becs\u00fclt olvas\u00e1si id\u0151\" \/>\n\t<meta name=\"twitter:data1\" content=\"3 perc\" \/>\n<script type=\"application\/ld+json\" class=\"yoast-schema-graph\">{\"@context\":\"https:\/\/schema.org\",\"@graph\":[{\"@type\":\"WebPage\",\"@id\":\"https:\/\/sxflightcase.com\/it\/prodotto\/cassa-behringer-x32-2\/\",\"url\":\"https:\/\/sxflightcase.com\/it\/prodotto\/cassa-behringer-x32-2\/\",\"name\":\"Behringer X32 Case - https:\/\/sxflightcase.com \ud83d\udc97\",\"isPartOf\":{\"@id\":\"https:\/\/sxflightcase.com\/th\/#website\"},\"primaryImageOfPage\":{\"@id\":\"https:\/\/sxflightcase.com\/it\/prodotto\/cassa-behringer-x32-2\/#primaryimage\"},\"image\":{\"@id\":\"https:\/\/sxflightcase.com\/it\/prodotto\/cassa-behringer-x32-2\/#primaryimage\"},\"thumbnailUrl\":\"https:\/\/sxflightcase.com\/wp-content\/uploads\/2024\/05\/behringer-x32-case52395594589.webp\",\"datePublished\":\"2024-05-07T05:48:18+00:00\",\"dateModified\":\"2025-02-21T07:54:54+00:00\",\"description\":\"Behringer X32 Case Factory: Specializing in direct sales and professional customization for premium equipment protection solutions.\",\"breadcrumb\":{\"@id\":\"https:\/\/sxflightcase.com\/it\/prodotto\/cassa-behringer-x32-2\/#breadcrumb\"},\"inLanguage\":\"hu\",\"potentialAction\":[{\"@type\":\"ReadAction\",\"target\":[\"https:\/\/sxflightcase.com\/it\/prodotto\/cassa-behringer-x32-2\/\"]}]},{\"@type\":\"ImageObject\",\"inLanguage\":\"hu\",\"@id\":\"https:\/\/sxflightcase.com\/it\/prodotto\/cassa-behringer-x32-2\/#primaryimage\",\"url\":\"https:\/\/sxflightcase.com\/wp-content\/uploads\/2024\/05\/behringer-x32-case52395594589.webp\",\"contentUrl\":\"https:\/\/sxflightcase.com\/wp-content\/uploads\/2024\/05\/behringer-x32-case52395594589.webp\",\"width\":750,\"height\":750,\"caption\":\"Behringer X32 Case\"},{\"@type\":\"BreadcrumbList\",\"@id\":\"https:\/\/sxflightcase.com\/it\/prodotto\/cassa-behringer-x32-2\/#breadcrumb\",\"itemListElement\":[{\"@type\":\"ListItem\",\"position\":1,\"name\":\"Home\",\"item\":\"https:\/\/sxflightcase.com\/\"},{\"@type\":\"ListItem\",\"position\":2,\"name\":\"\u0e2a\u0e34\u0e19\u0e04\u0e49\u0e32\",\"item\":\"https:\/\/sxflightcase.com\/th\/shop\/\"},{\"@type\":\"ListItem\",\"position\":3,\"name\":\"Behringer X32 Case\"}]},{\"@type\":\"WebSite\",\"@id\":\"https:\/\/sxflightcase.com\/th\/#website\",\"url\":\"https:\/\/sxflightcase.com\/th\/\",\"name\":\"sxpowercase.com\",\"description\":\"Flight Case Factory\",\"publisher\":{\"@id\":\"https:\/\/sxflightcase.com\/th\/#organization\"},\"potentialAction\":[{\"@type\":\"SearchAction\",\"target\":{\"@type\":\"EntryPoint\",\"urlTemplate\":\"https:\/\/sxflightcase.com\/th\/?s={search_term_string}\"},\"query-input\":{\"@type\":\"PropertyValueSpecification\",\"valueRequired\":true,\"valueName\":\"search_term_string\"}}],\"inLanguage\":\"hu\"},{\"@type\":\"Organization\",\"@id\":\"https:\/\/sxflightcase.com\/th\/#organization\",\"name\":\"sxpowercase.com\",\"url\":\"https:\/\/sxflightcase.com\/th\/\",\"logo\":{\"@type\":\"ImageObject\",\"inLanguage\":\"hu\",\"@id\":\"https:\/\/sxflightcase.com\/th\/#\/schema\/logo\/image\/\",\"url\":\"https:\/\/sxflightcase.com\/wp-content\/uploads\/2024\/04\/1713919036007.jpg\",\"contentUrl\":\"https:\/\/sxflightcase.com\/wp-content\/uploads\/2024\/04\/1713919036007.jpg\",\"width\":382,\"height\":388,\"caption\":\"sxpowercase.com\"},\"image\":{\"@id\":\"https:\/\/sxflightcase.com\/th\/#\/schema\/logo\/image\/\"},\"sameAs\":[\"https:\/\/www.facebook.com\/profile.php?id=61560407257971\"],\"numberOfEmployees\":{\"@type\":\"QuantitativeValue\",\"minValue\":\"11\",\"maxValue\":\"50\"}}]}<\/script>\n<!-- \/ Yoast SEO Premium plugin. -->","yoast_head_json":{"title":"Behringer X32 Case - https:\/\/sxflightcase.com \ud83d\udc97","description":"Behringer X32 Case Factory: A pr\u00e9mium kateg\u00f3ri\u00e1s k\u00e9sz\u00fcl\u00e9kv\u00e9delmi megold\u00e1sok k\u00f6zvetlen \u00e9rt\u00e9kes\u00edt\u00e9s\u00e9re \u00e9s professzion\u00e1lis testreszab\u00e1s\u00e1ra specializ\u00e1l\u00f3dott.","robots":{"index":"index","follow":"follow","max-snippet":"max-snippet:-1","max-image-preview":"max-image-preview:large","max-video-preview":"max-video-preview:-1"},"canonical":"https:\/\/sxflightcase.com\/hu\/prodotto\/cassa-behringer-x32-2\/","og_locale":"hu_HU","og_type":"article","og_title":"Behringer X32 Case","og_description":"Behringer X32 Case Factory: Specializing in direct sales and professional customization for premium equipment protection solutions.","og_url":"https:\/\/sxflightcase.com\/hu\/prodotto\/cassa-behringer-x32-2\/","og_site_name":"https:\/\/sxflightcase.com","article_publisher":"https:\/\/www.facebook.com\/profile.php?id=61560407257971","article_modified_time":"2025-02-21T07:54:54+00:00","og_image":[{"width":750,"height":750,"url":"https:\/\/sxflightcase.com\/wp-content\/uploads\/2024\/05\/behringer-x32-case52395594589.webp","type":"image\/webp"}],"twitter_card":"summary_large_image","twitter_misc":{"Becs\u00fclt olvas\u00e1si id\u0151":"3 perc"},"schema":{"@context":"https:\/\/schema.org","@graph":[{"@type":"WebPage","@id":"https:\/\/sxflightcase.com\/it\/prodotto\/cassa-behringer-x32-2\/","url":"https:\/\/sxflightcase.com\/it\/prodotto\/cassa-behringer-x32-2\/","name":"Behringer X32 Case - https:\/\/sxflightcase.com \ud83d\udc97","isPartOf":{"@id":"https:\/\/sxflightcase.com\/th\/#website"},"primaryImageOfPage":{"@id":"https:\/\/sxflightcase.com\/it\/prodotto\/cassa-behringer-x32-2\/#primaryimage"},"image":{"@id":"https:\/\/sxflightcase.com\/it\/prodotto\/cassa-behringer-x32-2\/#primaryimage"},"thumbnailUrl":"https:\/\/sxflightcase.com\/wp-content\/uploads\/2024\/05\/behringer-x32-case52395594589.webp","datePublished":"2024-05-07T05:48:18+00:00","dateModified":"2025-02-21T07:54:54+00:00","description":"Behringer X32 Case Factory: A pr\u00e9mium kateg\u00f3ri\u00e1s k\u00e9sz\u00fcl\u00e9kv\u00e9delmi megold\u00e1sok k\u00f6zvetlen \u00e9rt\u00e9kes\u00edt\u00e9s\u00e9re \u00e9s professzion\u00e1lis testreszab\u00e1s\u00e1ra specializ\u00e1l\u00f3dott.","breadcrumb":{"@id":"https:\/\/sxflightcase.com\/it\/prodotto\/cassa-behringer-x32-2\/#breadcrumb"},"inLanguage":"hu","potentialAction":[{"@type":"ReadAction","target":["https:\/\/sxflightcase.com\/it\/prodotto\/cassa-behringer-x32-2\/"]}]},{"@type":"ImageObject","inLanguage":"hu","@id":"https:\/\/sxflightcase.com\/it\/prodotto\/cassa-behringer-x32-2\/#primaryimage","url":"https:\/\/sxflightcase.com\/wp-content\/uploads\/2024\/05\/behringer-x32-case52395594589.webp","contentUrl":"https:\/\/sxflightcase.com\/wp-content\/uploads\/2024\/05\/behringer-x32-case52395594589.webp","width":750,"height":750,"caption":"Behringer X32 Case"},{"@type":"BreadcrumbList","@id":"https:\/\/sxflightcase.com\/it\/prodotto\/cassa-behringer-x32-2\/#breadcrumb","itemListElement":[{"@type":"ListItem","position":1,"name":"Home","item":"https:\/\/sxflightcase.com\/"},{"@type":"ListItem","position":2,"name":"\u0e2a\u0e34\u0e19\u0e04\u0e49\u0e32","item":"https:\/\/sxflightcase.com\/th\/shop\/"},{"@type":"ListItem","position":3,"name":"Behringer X32 Case"}]},{"@type":"WebSite","@id":"https:\/\/sxflightcase.com\/th\/#website","url":"https:\/\/sxflightcase.com\/th\/","name":"sxpowercase.com","description":"Flight Case Factory","publisher":{"@id":"https:\/\/sxflightcase.com\/th\/#organization"},"potentialAction":[{"@type":"SearchAction","target":{"@type":"EntryPoint","urlTemplate":"https:\/\/sxflightcase.com\/th\/?s={search_term_string}"},"query-input":{"@type":"PropertyValueSpecification","valueRequired":true,"valueName":"search_term_string"}}],"inLanguage":"hu"},{"@type":"Organization","@id":"https:\/\/sxflightcase.com\/th\/#organization","name":"sxpowercase.com","url":"https:\/\/sxflightcase.com\/th\/","logo":{"@type":"ImageObject","inLanguage":"hu","@id":"https:\/\/sxflightcase.com\/th\/#\/schema\/logo\/image\/","url":"https:\/\/sxflightcase.com\/wp-content\/uploads\/2024\/04\/1713919036007.jpg","contentUrl":"https:\/\/sxflightcase.com\/wp-content\/uploads\/2024\/04\/1713919036007.jpg","width":382,"height":388,"caption":"sxpowercase.com"},"image":{"@id":"https:\/\/sxflightcase.com\/th\/#\/schema\/logo\/image\/"},"sameAs":["https:\/\/www.facebook.com\/profile.php?id=61560407257971"],"numberOfEmployees":{"@type":"QuantitativeValue","minValue":"11","maxValue":"50"}}]}},"_links":{"self":[{"href":"https:\/\/sxflightcase.com\/hu\/wp-json\/wp\/v2\/product\/1112","targetHints":{"allow":["GET"]}}],"collection":[{"href":"https:\/\/sxflightcase.com\/hu\/wp-json\/wp\/v2\/product"}],"about":[{"href":"https:\/\/sxflightcase.com\/hu\/wp-json\/wp\/v2\/types\/product"}],"replies":[{"embeddable":true,"href":"https:\/\/sxflightcase.com\/hu\/wp-json\/wp\/v2\/comments?post=1112"}],"version-history":[{"count":0,"href":"https:\/\/sxflightcase.com\/hu\/wp-json\/wp\/v2\/product\/1112\/revisions"}],"wp:featuredmedia":[{"embeddable":true,"href":"https:\/\/sxflightcase.com\/hu\/wp-json\/wp\/v2\/media\/1113"}],"wp:attachment":[{"href":"https:\/\/sxflightcase.com\/hu\/wp-json\/wp\/v2\/media?parent=1112"}],"wp:term":[{"taxonomy":"product_brand","embeddable":true,"href":"https:\/\/sxflightcase.com\/hu\/wp-json\/wp\/v2\/product_brand?post=1112"},{"taxonomy":"product_cat","embeddable":true,"href":"https:\/\/sxflightcase.com\/hu\/wp-json\/wp\/v2\/product_cat?post=1112"},{"taxonomy":"product_tag","embeddable":true,"href":"https:\/\/sxflightcase.com\/hu\/wp-json\/wp\/v2\/product_tag?post=1112"}],"curies":[{"name":"wp","href":"https:\/\/api.w.org\/{rel}","templated":true}]}}