{"id":1116,"date":"2024-05-07T06:53:16","date_gmt":"2024-05-07T05:53:16","guid":{"rendered":"https:\/\/sxpowercase.com\/?post_type=product&#038;p=1116"},"modified":"2025-02-20T23:45:49","modified_gmt":"2025-02-21T07:45:49","slug":"mixer-flight-case-2","status":"publish","type":"product","link":"https:\/\/sxflightcase.com\/hu\/termek\/kevero-repulo-tok-2\/","title":{"rendered":"Mixer Flight Case 2"},"content":{"rendered":"<h3><strong>Term\u00e9k \u00e1ttekint\u00e9se: Flight Case: Mixer Flight Case<\/strong><\/h3>\n<p>A\u00a0<strong>SX kever\u0151 <a href=\"https:\/\/sxpowercase.com\/product\/19-inch-rack-abs-flight-case\/\">Flight Case<\/a><\/strong>\u00a0\u00fagy tervezt\u00e9k, hogy t\u00f6k\u00e9letes v\u00e9delmet ny\u00fajtson audioberendez\u00e9sei sz\u00e1m\u00e1ra. Ak\u00e1r zen\u00e9sz, DJ vagy hangm\u00e9rn\u00f6k, tokjaink biztos\u00edtj\u00e1k, hogy kever\u0151pultja biztons\u00e1gban maradjon az \u00fct\u0151d\u00e9sekt\u0151l, lees\u00e9sekt\u0151l \u00e9s egy\u00e9b vesz\u00e9lyekt\u0151l a sz\u00e1ll\u00edt\u00e1s sor\u00e1n.<\/p>\n<hr \/>\n<h3><strong>Kulcsfontoss\u00e1g\u00fa jellemz\u0151k:<\/strong><\/h3>\n<ul>\n<li><strong>Anyag:<\/strong>\u00a09 mm-es r\u00e9tegelt r\u00e9tegelt lemez\u00a0<strong>kereskedelmi min\u0151s\u00e9g\u0171 bevonatos hardver<\/strong>\u00a0\u00e9s\u00a0<strong>alum\u00ednium extrud\u00e1l\u00e1s<\/strong>\u00a0a maxim\u00e1lis tart\u00f3ss\u00e1g \u00e9rdek\u00e9ben<\/li>\n<li><strong>Hab b\u00e9l\u00e9s:<\/strong>\u00a0Ultra-Dur EVA hab p\u00e1rn\u00e1z\u00e1s szell\u0151z\u0151blokkokkal a ventil\u00e1tor l\u00e9g\u00e1raml\u00e1s\u00e1hoz<\/li>\n<li><strong>Sz\u00ednv\u00e1laszt\u00e9k:<\/strong>\u00a0El\u00e9rhet\u0151\u00a0<strong>Fekete (alap\u00e9rtelmezett)<\/strong>, k\u00e9k, piros, vagy egyedi sz\u00ednek<\/li>\n<li><strong>Mobilit\u00e1s:<\/strong>\u00a0Be\u00e9p\u00edtett rug\u00f3s, s\u00fcllyesztett vontat\u00f3foganty\u00fa \u00e9s kerekek a k\u00f6nny\u0171 sz\u00e1ll\u00edt\u00e1shoz<\/li>\n<li><strong>M\u00e9retek:<\/strong>\u00a0Testreszabhat\u00f3 az \u00d6n egyedi felszerel\u00e9s\u00e9hez<\/li>\n<\/ul>\n<hr \/>\n<h3><strong>Mi\u00e9rt v\u00e1lassza az SX Mixer Flight Cases-t?<\/strong><\/h3>\n<ol start=\"1\">\n<li><strong>Gy\u00e1ri k\u00f6zvetlen \u00e9rt\u00e9kes\u00edt\u00e9s a verhetetlen \u00e9rt\u00e9k\u00e9rt<\/strong><br \/>\nA k\u00f6zvet\u00edt\u0151 c\u00e9gek kiz\u00e1r\u00e1s\u00e1val a k\u00f6vetkez\u0151ket k\u00edn\u00e1ljuk\u00a0<strong>kiv\u00e1l\u00f3 min\u0151s\u00e9g\u0171 tokok versenyk\u00e9pes \u00e1ron<\/strong>. Gy\u00e1ri k\u00f6zvetlen modell\u00fcnk biztos\u00edtja, hogy a legjobb \u00e1r-\u00e9rt\u00e9k ar\u00e1nyt kapja a min\u0151s\u00e9g kompromisszum n\u00e9lk\u00fcl.<\/li>\n<li><strong>Az \u00d6n ig\u00e9nyeihez igaz\u00edthat\u00f3<\/strong><br \/>\nMinden szakembernek egyedi k\u00f6vetelm\u00e9nyei vannak. Mi a k\u00f6vetkez\u0151ket k\u00edn\u00e1ljuk\u00a0<strong>sz\u00e9lesk\u00f6r\u0171 testreszab\u00e1si lehet\u0151s\u00e9gek<\/strong>, bele\u00e9rtve az egyedi m\u00e9reteket, habszivacs t\u00edpusokat \u00e9s tov\u00e1bbi rekeszeket, hogy olyan tokot hozzon l\u00e9tre, amely t\u00f6k\u00e9letesen illeszkedik a felszerel\u00e9s\u00e9hez.<\/li>\n<li><strong>Tart\u00f3s \u00e9s megb\u00edzhat\u00f3<\/strong><br \/>\nA legkem\u00e9nyebb k\u00f6r\u00fclm\u00e9nyeknek is ellen\u00e1llva \u00e9p\u00edtett kever\u0151nk <a href=\"https:\/\/sxpowercase.com\/product\/rack-road-case\/\">Rep\u00fcl\u0151 tokok<\/a> a k\u00f6vetkez\u0151kre tervezt\u00e9k\u00a0<strong>tart\u00f3s v\u00e9delem<\/strong>. Ak\u00e1r \u00faton van, ak\u00e1r a st\u00fadi\u00f3ban, felszerel\u00e9sei biztons\u00e1gban maradnak.<\/li>\n<li><strong>Fokozott mobilit\u00e1s<\/strong><br \/>\nStabil foganty\u00fakkal \u00e9s opcion\u00e1lis kerekekkel ell\u00e1tott tokjaink megk\u00f6nny\u00edtik a mixer sz\u00e1ll\u00edt\u00e1s\u00e1t a helysz\u00ednek k\u00f6z\u00f6tt, id\u0151t \u00e9s f\u00e1rads\u00e1got megtakar\u00edtva \u00d6nnek.<\/li>\n<\/ol>\n<hr \/>\n<h3><strong>Alkalmaz\u00e1sok:<\/strong><\/h3>\n<p>Az SX Mixer <a href=\"https:\/\/sxpowercase.com\/product\/tv-rack-cabinet\/\">Flight Case<\/a> ide\u00e1lis:<\/p>\n<ul>\n<li><strong>DJ-k<\/strong><\/li>\n<li><strong>Hangm\u00e9rn\u00f6k\u00f6k<\/strong><\/li>\n<li><strong>Zen\u00e9szek<\/strong><\/li>\n<li><strong>Rendezv\u00e9nyszervez\u0151k<\/strong><\/li>\n<li><strong>St\u00fadi\u00f3 szakemberek<\/strong><\/li>\n<\/ul>\n<hr \/>\n<h3><strong>Csomagol\u00e1s \u00e9s sz\u00e1ll\u00edt\u00e1s:<\/strong><\/h3>\n<ul>\n<li><strong>Sz\u00e1ll\u00edt\u00e1si id\u0151:<\/strong>\n<ul>\n<li>Tengeren: 15-60 nap<\/li>\n<li>Rep\u00fcl\u0151vel: 4-9 nap<\/li>\n<li>Expresszel: 4-9 nap<\/li>\n<\/ul>\n<\/li>\n<li><strong>Sz\u00e1ll\u00edt\u00e1si id\u0151:<\/strong>\u00a07-15 munkanap vagy az \u00d6n ig\u00e9nyei szerint<\/li>\n<li><strong>Csomagol\u00e1s:<\/strong>\u00a0Karton vagy egyedi csomagol\u00e1s \u00e1ll rendelkez\u00e9sre<\/li>\n<\/ul>\n<hr \/>\n<h3><strong>Szolg\u00e1ltat\u00e1sunk:<\/strong><\/h3>\n<ul>\n<li><strong>Szakmai szolg\u00e1ltat\u00e1s:<\/strong>\u00a0Szak\u00e9rtelem a kiv\u00e1l\u00f3 min\u0151s\u00e9g\u0171 tokok gy\u00e1rt\u00e1s\u00e1ban \u00e9s export\u00e1l\u00e1s\u00e1ban<\/li>\n<li><strong>Gy\u00e1rt\u00e1si kiv\u00e1l\u00f3s\u00e1g:<\/strong>\u00a0Figyelem a r\u00e9szletekre \u00e9s kiv\u00e1l\u00f3 k\u00e9zm\u0171ves kivitelez\u00e9s<\/li>\n<li><strong>Rugalmas fizet\u00e9si lehet\u0151s\u00e9gek:<\/strong>\u00a0T\/T, Western Union, \u00e9s \u00edgy tov\u00e1bb<\/li>\n<\/ul>\n<hr \/>\n<h3><strong>R\u00f3lunk:<\/strong><\/h3>\n<p>Az SX t\u00f6bb \u00e9ves tapasztalat\u00e1val az SX h\u00edrnevet szerzett a k\u00f6vetkez\u0151 ter\u00fcleteken\u00a0<strong>integrit\u00e1s, professzionalizmus \u00e9s kiv\u00e1l\u00f3 \u00e1rk\u00e9pz\u00e9s<\/strong>. Term\u00e9keinkben vil\u00e1gszerte megb\u00edznak \u00fcgyfeleink, \u00e9s tov\u00e1bbra is elk\u00f6telezettek vagyunk a k\u00f6vetkez\u0151k ir\u00e1nt\u00a0<strong>min\u0151s\u00e9g, \u00e9rt\u00e9k \u00e9s vev\u0151i el\u00e9gedetts\u00e9g<\/strong>.<\/p>\n<hr \/>\n<h3><strong>GYIK:<\/strong><\/h3>\n<p><strong>K: Mi akad\u00e1lyozza meg, hogy a kever\u0151 a fels\u0151 oldal\u00e1ra essen, amikor a tokot bez\u00e1rj\u00e1k?<\/strong><br \/>\nV: Az orrfed\u00e9lben habszivacs p\u00e1rn\u00e1k vannak, hogy a kever\u0151 biztons\u00e1gban legyen, \u00e9s ne essen a fels\u0151 r\u00e9szbe.<\/p>\n<p><strong>K: Mennyire k\u00f6nny\u0171 elt\u00e1vol\u00edtani a habot a k\u00fcl\u00f6nb\u00f6z\u0151 felhaszn\u00e1l\u00e1sokhoz?<\/strong><br \/>\nV: A hab k\u00f6nnyen elt\u00e1vol\u00edthat\u00f3 vagy lev\u00e1ghat\u00f3 a k\u00fcl\u00f6nb\u00f6z\u0151 m\u00e9ret\u0171 berendez\u00e9sekhez, \u00edgy rugalmasan alkalmazhat\u00f3 a k\u00fcl\u00f6nb\u00f6z\u0151 felhaszn\u00e1l\u00e1si c\u00e9lokra.<\/p>\n<p><strong>K: Megrendelhetem \u00f6mlesztve?<\/strong><br \/>\nV: Igen, t\u00f6meges megrendel\u00e9seket is tudunk fogadni. L\u00e9pjen kapcsolatba vel\u00fcnk az \u00e1rak \u00e9s a rendelkez\u00e9sre \u00e1ll\u00e1s miatt.<\/p>\n<hr \/>\n<h3><strong>Rendelje meg a kever\u0151 rep\u00fcl\u0151 tokj\u00e1t m\u00e9g ma!<\/strong><\/h3>\n<p>K\u00e9szen \u00e1ll arra, hogy megv\u00e9dje mixer\u00e9t az SX pr\u00e9mium kateg\u00f3ri\u00e1s rep\u00fcl\u0151 tokjaival? L\u00e9pjen kapcsolatba vel\u00fcnk most, hogy megtervezhess\u00fck egyedi megold\u00e1s\u00e1t.<\/p>\n<p><strong>Hozz\u00e1f\u00e9r\u00e9s most:<\/strong>\u00a0<a href=\"https:\/\/sxpowercase.com\/contact-us\/\" target=\"_blank\" rel=\"noopener noreferrer\">https:\/\/sxpowercase.com\/contact-us\/<\/a><\/p>","protected":false},"excerpt":{"rendered":"<h2 class=\"prodetails-name\">Kever\u0151 rep\u00fcl\u0151 tok<\/h2>\n<p>Minden Shengxiang rep\u00fcl\u0151 tok a legmagasabb szint\u0171 kivitelez\u00e9si szabv\u00e1nyok szerint k\u00e9sz\u00fcl. Tervez\u0151csapatunk t\u00f6bb \u00e9ves tapasztalattal rendelkezik mind a napi rep\u00fcl\u0151t\u00e1sk\u00e1k haszn\u00e1lat\u00e1ban, mind pedig a tokgy\u00e1rt\u00e1s ter\u00e9n.<\/p>\n<h2><strong>Termel\u00e9si bevezet\u00e9s<\/strong><\/h2>\n<p>Kever\u0151 rep\u00fcl\u0151 tok<\/p>\n<p>A kever\u0151 rep\u00fcl\u0151 tok k\u00fclseje 9 mm-es lamin\u00e1lt r\u00e9tegelt lemezb\u0151l k\u00e9sz\u00fclt, \u00e9s alum\u00ednium szeg\u00e9llyel van ell\u00e1tva, amely seg\u00edti a fed\u00e9l \u00e9s az alap \u00f6sszehangol\u00e1s\u00e1t, amikor a reteszel\u00e9s minden alkalommal t\u00f6k\u00e9letes z\u00e1r\u00e1st biztos\u00edt. A belsej\u00e9t v\u00e9d\u0151 EVA-habbal b\u00e9lelt\u00e9k ki, amely a kever\u0151h\u00f6z igazodik. Ez a t\u00e1ska jellegzetes piros, z\u00e1rhat\u00f3 csavarz\u00e1rakkal \u00e9s rug\u00f3s gumihevederes foganty\u00fakkal rendelkezik, hogy a kever\u0151 biztons\u00e1g\u00e1t biztos\u00edtsa sz\u00e1ll\u00edt\u00e1s k\u00f6zben. Az \u00f6sszes hardver kereskedelmi min\u0151s\u00e9g\u0171, \u00e9s \u00fagy lett kialak\u00edtva, hogy ellen\u00e1lljon az \u00e1lland\u00f3 sz\u00e1ll\u00edt\u00e1ssal j\u00e1r\u00f3 \u00fct\u00e9seknek \u00e9s baleseteknek, bele\u00e9rtve a 2 d\u00f6nthet\u0151 \u00e9s elmozd\u00edthat\u00f3 s\u00fcllyesztett kereket.<\/p>","protected":false},"featured_media":1117,"comment_status":"open","ping_status":"closed","template":"","meta":[],"product_brand":[],"product_cat":[41],"product_tag":[],"class_list":{"0":"post-1116","1":"product","2":"type-product","3":"status-publish","4":"has-post-thumbnail","6":"product_cat-equipment-cases","8":"first","9":"instock","10":"shipping-taxable","11":"product-type-simple"},"yoast_head":"<!-- This site is optimized with the Yoast SEO Premium plugin v27.1 (Yoast SEO v27.2) - https:\/\/yoast.com\/product\/yoast-seo-premium-wordpress\/ -->\n<title>Mixer Flight Case 2 - https:\/\/sxflightcase.com \ud83d\udc97<\/title>\n<meta name=\"description\" content=\"Mixer Flight Case Factory: Specializing in direct sales and professional customization for premium equipment protection solutions.\" \/>\n<meta name=\"robots\" content=\"index, follow, max-snippet:-1, max-image-preview:large, max-video-preview:-1\" \/>\n<link rel=\"canonical\" href=\"https:\/\/sxflightcase.com\/hu\/\u7522\u54c1\/\u6df7\u97f3\u5668\u98db\u884c\u7bb1-2\/\" \/>\n<meta property=\"og:locale\" content=\"hu_HU\" \/>\n<meta property=\"og:type\" content=\"article\" \/>\n<meta property=\"og:title\" content=\"Mixer Flight Case 2\" \/>\n<meta property=\"og:description\" content=\"Mixer Flight Case Factory: Specializing in direct sales and professional customization for premium equipment protection solutions.\" \/>\n<meta property=\"og:url\" content=\"https:\/\/sxflightcase.com\/hu\/\u7522\u54c1\/\u6df7\u97f3\u5668\u98db\u884c\u7bb1-2\/\" \/>\n<meta property=\"og:site_name\" content=\"https:\/\/sxflightcase.com\" \/>\n<meta property=\"article:publisher\" content=\"https:\/\/www.facebook.com\/profile.php?id=61560407257971\" \/>\n<meta property=\"article:modified_time\" content=\"2025-02-21T07:45:49+00:00\" \/>\n<meta property=\"og:image\" content=\"https:\/\/sxflightcase.com\/wp-content\/uploads\/2024\/05\/mixer-flight-case49513600912.webp\" \/>\n\t<meta property=\"og:image:width\" content=\"700\" \/>\n\t<meta property=\"og:image:height\" content=\"700\" \/>\n\t<meta property=\"og:image:type\" content=\"image\/webp\" \/>\n<meta name=\"twitter:card\" content=\"summary_large_image\" \/>\n<meta name=\"twitter:label1\" content=\"Becs\u00fclt olvas\u00e1si id\u0151\" \/>\n\t<meta name=\"twitter:data1\" content=\"3 perc\" \/>\n<script type=\"application\/ld+json\" class=\"yoast-schema-graph\">{\"@context\":\"https:\/\/schema.org\",\"@graph\":[{\"@type\":\"WebPage\",\"@id\":\"https:\/\/sxflightcase.com\/zh_hk\/\u7522\u54c1\/\u6df7\u97f3\u5668\u98db\u884c\u7bb1-2\/\",\"url\":\"https:\/\/sxflightcase.com\/zh_hk\/\u7522\u54c1\/\u6df7\u97f3\u5668\u98db\u884c\u7bb1-2\/\",\"name\":\"Mixer Flight Case 2 - https:\/\/sxflightcase.com \ud83d\udc97\",\"isPartOf\":{\"@id\":\"https:\/\/sxflightcase.com\/th\/#website\"},\"primaryImageOfPage\":{\"@id\":\"https:\/\/sxflightcase.com\/zh_hk\/\u7522\u54c1\/\u6df7\u97f3\u5668\u98db\u884c\u7bb1-2\/#primaryimage\"},\"image\":{\"@id\":\"https:\/\/sxflightcase.com\/zh_hk\/\u7522\u54c1\/\u6df7\u97f3\u5668\u98db\u884c\u7bb1-2\/#primaryimage\"},\"thumbnailUrl\":\"https:\/\/sxflightcase.com\/wp-content\/uploads\/2024\/05\/mixer-flight-case49513600912.webp\",\"datePublished\":\"2024-05-07T05:53:16+00:00\",\"dateModified\":\"2025-02-21T07:45:49+00:00\",\"description\":\"Mixer Flight Case Factory: Specializing in direct sales and professional customization for premium equipment protection solutions.\",\"breadcrumb\":{\"@id\":\"https:\/\/sxflightcase.com\/zh_hk\/\u7522\u54c1\/\u6df7\u97f3\u5668\u98db\u884c\u7bb1-2\/#breadcrumb\"},\"inLanguage\":\"hu\",\"potentialAction\":[{\"@type\":\"ReadAction\",\"target\":[\"https:\/\/sxflightcase.com\/zh_hk\/\u7522\u54c1\/\u6df7\u97f3\u5668\u98db\u884c\u7bb1-2\/\"]}]},{\"@type\":\"ImageObject\",\"inLanguage\":\"hu\",\"@id\":\"https:\/\/sxflightcase.com\/zh_hk\/\u7522\u54c1\/\u6df7\u97f3\u5668\u98db\u884c\u7bb1-2\/#primaryimage\",\"url\":\"https:\/\/sxflightcase.com\/wp-content\/uploads\/2024\/05\/mixer-flight-case49513600912.webp\",\"contentUrl\":\"https:\/\/sxflightcase.com\/wp-content\/uploads\/2024\/05\/mixer-flight-case49513600912.webp\",\"width\":700,\"height\":700,\"caption\":\"Mixer Flight Case\"},{\"@type\":\"BreadcrumbList\",\"@id\":\"https:\/\/sxflightcase.com\/zh_hk\/\u7522\u54c1\/\u6df7\u97f3\u5668\u98db\u884c\u7bb1-2\/#breadcrumb\",\"itemListElement\":[{\"@type\":\"ListItem\",\"position\":1,\"name\":\"Home\",\"item\":\"https:\/\/sxflightcase.com\/\"},{\"@type\":\"ListItem\",\"position\":2,\"name\":\"\u0e2a\u0e34\u0e19\u0e04\u0e49\u0e32\",\"item\":\"https:\/\/sxflightcase.com\/th\/shop\/\"},{\"@type\":\"ListItem\",\"position\":3,\"name\":\"Mixer Flight Case 2\"}]},{\"@type\":\"WebSite\",\"@id\":\"https:\/\/sxflightcase.com\/th\/#website\",\"url\":\"https:\/\/sxflightcase.com\/th\/\",\"name\":\"sxpowercase.com\",\"description\":\"Flight Case Factory\",\"publisher\":{\"@id\":\"https:\/\/sxflightcase.com\/th\/#organization\"},\"potentialAction\":[{\"@type\":\"SearchAction\",\"target\":{\"@type\":\"EntryPoint\",\"urlTemplate\":\"https:\/\/sxflightcase.com\/th\/?s={search_term_string}\"},\"query-input\":{\"@type\":\"PropertyValueSpecification\",\"valueRequired\":true,\"valueName\":\"search_term_string\"}}],\"inLanguage\":\"hu\"},{\"@type\":\"Organization\",\"@id\":\"https:\/\/sxflightcase.com\/th\/#organization\",\"name\":\"sxpowercase.com\",\"url\":\"https:\/\/sxflightcase.com\/th\/\",\"logo\":{\"@type\":\"ImageObject\",\"inLanguage\":\"hu\",\"@id\":\"https:\/\/sxflightcase.com\/th\/#\/schema\/logo\/image\/\",\"url\":\"https:\/\/sxflightcase.com\/wp-content\/uploads\/2024\/04\/1713919036007.jpg\",\"contentUrl\":\"https:\/\/sxflightcase.com\/wp-content\/uploads\/2024\/04\/1713919036007.jpg\",\"width\":382,\"height\":388,\"caption\":\"sxpowercase.com\"},\"image\":{\"@id\":\"https:\/\/sxflightcase.com\/th\/#\/schema\/logo\/image\/\"},\"sameAs\":[\"https:\/\/www.facebook.com\/profile.php?id=61560407257971\"],\"numberOfEmployees\":{\"@type\":\"QuantitativeValue\",\"minValue\":\"11\",\"maxValue\":\"50\"}}]}<\/script>\n<!-- \/ Yoast SEO Premium plugin. -->","yoast_head_json":{"title":"Mixer Flight Case 2 - https:\/\/sxflightcase.com \ud83d\udc97","description":"Mixer Flight Case Factory: A pr\u00e9mium kateg\u00f3ri\u00e1s berendez\u00e9sek v\u00e9delm\u00e9re szolg\u00e1l\u00f3 megold\u00e1sok k\u00f6zvetlen \u00e9rt\u00e9kes\u00edt\u00e9s\u00e9re \u00e9s professzion\u00e1lis testreszab\u00e1s\u00e1ra szakosodott.","robots":{"index":"index","follow":"follow","max-snippet":"max-snippet:-1","max-image-preview":"max-image-preview:large","max-video-preview":"max-video-preview:-1"},"canonical":"https:\/\/sxflightcase.com\/hu\/\u7522\u54c1\/\u6df7\u97f3\u5668\u98db\u884c\u7bb1-2\/","og_locale":"hu_HU","og_type":"article","og_title":"Mixer Flight Case 2","og_description":"Mixer Flight Case Factory: Specializing in direct sales and professional customization for premium equipment protection solutions.","og_url":"https:\/\/sxflightcase.com\/hu\/\u7522\u54c1\/\u6df7\u97f3\u5668\u98db\u884c\u7bb1-2\/","og_site_name":"https:\/\/sxflightcase.com","article_publisher":"https:\/\/www.facebook.com\/profile.php?id=61560407257971","article_modified_time":"2025-02-21T07:45:49+00:00","og_image":[{"width":700,"height":700,"url":"https:\/\/sxflightcase.com\/wp-content\/uploads\/2024\/05\/mixer-flight-case49513600912.webp","type":"image\/webp"}],"twitter_card":"summary_large_image","twitter_misc":{"Becs\u00fclt olvas\u00e1si id\u0151":"3 perc"},"schema":{"@context":"https:\/\/schema.org","@graph":[{"@type":"WebPage","@id":"https:\/\/sxflightcase.com\/zh_hk\/\u7522\u54c1\/\u6df7\u97f3\u5668\u98db\u884c\u7bb1-2\/","url":"https:\/\/sxflightcase.com\/zh_hk\/\u7522\u54c1\/\u6df7\u97f3\u5668\u98db\u884c\u7bb1-2\/","name":"Mixer Flight Case 2 - https:\/\/sxflightcase.com \ud83d\udc97","isPartOf":{"@id":"https:\/\/sxflightcase.com\/th\/#website"},"primaryImageOfPage":{"@id":"https:\/\/sxflightcase.com\/zh_hk\/\u7522\u54c1\/\u6df7\u97f3\u5668\u98db\u884c\u7bb1-2\/#primaryimage"},"image":{"@id":"https:\/\/sxflightcase.com\/zh_hk\/\u7522\u54c1\/\u6df7\u97f3\u5668\u98db\u884c\u7bb1-2\/#primaryimage"},"thumbnailUrl":"https:\/\/sxflightcase.com\/wp-content\/uploads\/2024\/05\/mixer-flight-case49513600912.webp","datePublished":"2024-05-07T05:53:16+00:00","dateModified":"2025-02-21T07:45:49+00:00","description":"Mixer Flight Case Factory: A pr\u00e9mium kateg\u00f3ri\u00e1s berendez\u00e9sek v\u00e9delm\u00e9re szolg\u00e1l\u00f3 megold\u00e1sok k\u00f6zvetlen \u00e9rt\u00e9kes\u00edt\u00e9s\u00e9re \u00e9s professzion\u00e1lis testreszab\u00e1s\u00e1ra szakosodott.","breadcrumb":{"@id":"https:\/\/sxflightcase.com\/zh_hk\/\u7522\u54c1\/\u6df7\u97f3\u5668\u98db\u884c\u7bb1-2\/#breadcrumb"},"inLanguage":"hu","potentialAction":[{"@type":"ReadAction","target":["https:\/\/sxflightcase.com\/zh_hk\/\u7522\u54c1\/\u6df7\u97f3\u5668\u98db\u884c\u7bb1-2\/"]}]},{"@type":"ImageObject","inLanguage":"hu","@id":"https:\/\/sxflightcase.com\/zh_hk\/\u7522\u54c1\/\u6df7\u97f3\u5668\u98db\u884c\u7bb1-2\/#primaryimage","url":"https:\/\/sxflightcase.com\/wp-content\/uploads\/2024\/05\/mixer-flight-case49513600912.webp","contentUrl":"https:\/\/sxflightcase.com\/wp-content\/uploads\/2024\/05\/mixer-flight-case49513600912.webp","width":700,"height":700,"caption":"Mixer Flight Case"},{"@type":"BreadcrumbList","@id":"https:\/\/sxflightcase.com\/zh_hk\/\u7522\u54c1\/\u6df7\u97f3\u5668\u98db\u884c\u7bb1-2\/#breadcrumb","itemListElement":[{"@type":"ListItem","position":1,"name":"Home","item":"https:\/\/sxflightcase.com\/"},{"@type":"ListItem","position":2,"name":"\u0e2a\u0e34\u0e19\u0e04\u0e49\u0e32","item":"https:\/\/sxflightcase.com\/th\/shop\/"},{"@type":"ListItem","position":3,"name":"Mixer Flight Case 2"}]},{"@type":"WebSite","@id":"https:\/\/sxflightcase.com\/th\/#website","url":"https:\/\/sxflightcase.com\/th\/","name":"sxpowercase.com","description":"Flight Case Factory","publisher":{"@id":"https:\/\/sxflightcase.com\/th\/#organization"},"potentialAction":[{"@type":"SearchAction","target":{"@type":"EntryPoint","urlTemplate":"https:\/\/sxflightcase.com\/th\/?s={search_term_string}"},"query-input":{"@type":"PropertyValueSpecification","valueRequired":true,"valueName":"search_term_string"}}],"inLanguage":"hu"},{"@type":"Organization","@id":"https:\/\/sxflightcase.com\/th\/#organization","name":"sxpowercase.com","url":"https:\/\/sxflightcase.com\/th\/","logo":{"@type":"ImageObject","inLanguage":"hu","@id":"https:\/\/sxflightcase.com\/th\/#\/schema\/logo\/image\/","url":"https:\/\/sxflightcase.com\/wp-content\/uploads\/2024\/04\/1713919036007.jpg","contentUrl":"https:\/\/sxflightcase.com\/wp-content\/uploads\/2024\/04\/1713919036007.jpg","width":382,"height":388,"caption":"sxpowercase.com"},"image":{"@id":"https:\/\/sxflightcase.com\/th\/#\/schema\/logo\/image\/"},"sameAs":["https:\/\/www.facebook.com\/profile.php?id=61560407257971"],"numberOfEmployees":{"@type":"QuantitativeValue","minValue":"11","maxValue":"50"}}]}},"_links":{"self":[{"href":"https:\/\/sxflightcase.com\/hu\/wp-json\/wp\/v2\/product\/1116","targetHints":{"allow":["GET"]}}],"collection":[{"href":"https:\/\/sxflightcase.com\/hu\/wp-json\/wp\/v2\/product"}],"about":[{"href":"https:\/\/sxflightcase.com\/hu\/wp-json\/wp\/v2\/types\/product"}],"replies":[{"embeddable":true,"href":"https:\/\/sxflightcase.com\/hu\/wp-json\/wp\/v2\/comments?post=1116"}],"version-history":[{"count":0,"href":"https:\/\/sxflightcase.com\/hu\/wp-json\/wp\/v2\/product\/1116\/revisions"}],"wp:featuredmedia":[{"embeddable":true,"href":"https:\/\/sxflightcase.com\/hu\/wp-json\/wp\/v2\/media\/1117"}],"wp:attachment":[{"href":"https:\/\/sxflightcase.com\/hu\/wp-json\/wp\/v2\/media?parent=1116"}],"wp:term":[{"taxonomy":"product_brand","embeddable":true,"href":"https:\/\/sxflightcase.com\/hu\/wp-json\/wp\/v2\/product_brand?post=1116"},{"taxonomy":"product_cat","embeddable":true,"href":"https:\/\/sxflightcase.com\/hu\/wp-json\/wp\/v2\/product_cat?post=1116"},{"taxonomy":"product_tag","embeddable":true,"href":"https:\/\/sxflightcase.com\/hu\/wp-json\/wp\/v2\/product_tag?post=1116"}],"curies":[{"name":"wp","href":"https:\/\/api.w.org\/{rel}","templated":true}]}}