{"id":1120,"date":"2024-05-07T06:56:29","date_gmt":"2024-05-07T05:56:29","guid":{"rendered":"https:\/\/sxpowercase.com\/?post_type=product&#038;p=1120"},"modified":"2025-05-16T00:23:02","modified_gmt":"2025-05-16T07:23:02","slug":"mixer-rack-case","status":"publish","type":"product","link":"https:\/\/sxflightcase.com\/hu\/termek\/keveroallvany-tok\/","title":{"rendered":"Mixer Rack tok"},"content":{"rendered":"<h3><strong>Term\u00e9k \u00e1ttekint\u00e9se: Kever\u0151 Rack Case<\/strong><\/h3>\n<p>A\u00a0<strong>SX <a href=\"https:\/\/sxpowercase.com\/product\/19-flight-case-racks\/\">Mixer Rack tok<\/a><\/strong>\u00a0\u00fagy tervezt\u00e9k, hogy t\u00f6k\u00e9letes v\u00e9delmet ny\u00fajtson audioberendez\u00e9sei sz\u00e1m\u00e1ra. Legyen sz\u00f3 DJ-r\u0151l, hangm\u00e9rn\u00f6kr\u0151l vagy zen\u00e9szr\u0151l, tokjaink biztos\u00edtj\u00e1k, hogy kever\u0151pultja biztons\u00e1gban maradjon az \u00fct\u0151d\u00e9sekt\u0151l, lees\u00e9sekt\u0151l \u00e9s egy\u00e9b vesz\u00e9lyekt\u0151l a sz\u00e1ll\u00edt\u00e1s sor\u00e1n.<\/p>\n<hr \/>\n<h3><strong>Kulcsfontoss\u00e1g\u00fa jellemz\u0151k:<\/strong><\/h3>\n<ul>\n<li><strong>Anyag:<\/strong>\u00a09 mm-es r\u00e9tegelt r\u00e9tegelt lemez\u00a0<strong>kereskedelmi min\u0151s\u00e9g\u0171 bevonatos hardver<\/strong>\u00a0\u00e9s\u00a0<strong>alum\u00ednium extrud\u00e1l\u00e1s<\/strong>\u00a0a maxim\u00e1lis tart\u00f3ss\u00e1g \u00e9rdek\u00e9ben<\/li>\n<li><strong>Hab b\u00e9l\u00e9s:<\/strong>\u00a0Ultra-Dur EVA hab p\u00e1rn\u00e1z\u00e1s szell\u0151z\u0151blokkokkal a ventil\u00e1tor l\u00e9g\u00e1raml\u00e1s\u00e1hoz<\/li>\n<li><strong>Sz\u00ednv\u00e1laszt\u00e9k:<\/strong>\u00a0El\u00e9rhet\u0151\u00a0<strong>Fekete (alap\u00e9rtelmezett)<\/strong>, k\u00e9k, piros, vagy egyedi sz\u00ednek<\/li>\n<li><strong>Mobilit\u00e1s:<\/strong>\u00a0Be\u00e9p\u00edtett rug\u00f3s, s\u00fcllyesztett vontat\u00f3foganty\u00fa \u00e9s kerekek a k\u00f6nny\u0171 sz\u00e1ll\u00edt\u00e1shoz<\/li>\n<li><strong>M\u00e9retek:<\/strong>\u00a0Testreszabhat\u00f3 az \u00d6n egyedi felszerel\u00e9s\u00e9hez<\/li>\n<\/ul>\n<hr \/>\n<h3><strong>Mi\u00e9rt v\u00e1lassza az SX Mixer Rack Cases-t?<\/strong><\/h3>\n<ol start=\"1\">\n<li><strong>Gy\u00e1ri k\u00f6zvetlen \u00e9rt\u00e9kes\u00edt\u00e9s a verhetetlen \u00e9rt\u00e9k\u00e9rt<\/strong><br \/>\nA k\u00f6zvet\u00edt\u0151 c\u00e9gek kiz\u00e1r\u00e1s\u00e1val a k\u00f6vetkez\u0151ket k\u00edn\u00e1ljuk\u00a0<strong>kiv\u00e1l\u00f3 min\u0151s\u00e9g\u0171 tokok versenyk\u00e9pes \u00e1ron<\/strong>. Gy\u00e1ri k\u00f6zvetlen modell\u00fcnk biztos\u00edtja, hogy a legjobb \u00e1r-\u00e9rt\u00e9k ar\u00e1nyt kapja a min\u0151s\u00e9g kompromisszum n\u00e9lk\u00fcl.<\/li>\n<li><strong>Az \u00d6n ig\u00e9nyeihez igaz\u00edthat\u00f3<\/strong><br \/>\nMinden szakembernek egyedi k\u00f6vetelm\u00e9nyei vannak. Mi a k\u00f6vetkez\u0151ket k\u00edn\u00e1ljuk\u00a0<strong>sz\u00e9lesk\u00f6r\u0171 testreszab\u00e1si lehet\u0151s\u00e9gek<\/strong>, bele\u00e9rtve az egyedi m\u00e9reteket, habszivacs t\u00edpusokat \u00e9s tov\u00e1bbi rekeszeket, hogy olyan tokot hozzon l\u00e9tre, amely t\u00f6k\u00e9letesen illeszkedik a felszerel\u00e9s\u00e9hez.<\/li>\n<li><strong>Tart\u00f3s \u00e9s megb\u00edzhat\u00f3<\/strong><br \/>\nA legkem\u00e9nyebb k\u00f6r\u00fclm\u00e9nyeknek is ellen\u00e1llni k\u00e9pes kever\u0151\u00e1llv\u00e1ny tokjainkat a k\u00f6vetkez\u0151 c\u00e9lokra tervezt\u00e9k\u00a0<strong>tart\u00f3s v\u00e9delem<\/strong>. Ak\u00e1r \u00faton van, ak\u00e1r a st\u00fadi\u00f3ban, felszerel\u00e9sei biztons\u00e1gban maradnak.<\/li>\n<li><strong>Fokozott mobilit\u00e1s<\/strong><br \/>\nStabil foganty\u00fakkal \u00e9s opcion\u00e1lis kerekekkel ell\u00e1tott tokjaink megk\u00f6nny\u00edtik a mixer sz\u00e1ll\u00edt\u00e1s\u00e1t a helysz\u00ednek k\u00f6z\u00f6tt, id\u0151t \u00e9s f\u00e1rads\u00e1got megtakar\u00edtva \u00d6nnek.<\/li>\n<\/ol>\n<hr \/>\n<h3><strong>Alkalmaz\u00e1sok:<\/strong><\/h3>\n<p>Az SX Mixer Rack Case ide\u00e1lis:<\/p>\n<ul>\n<li><strong>DJ-k<\/strong><\/li>\n<li><strong>Hangm\u00e9rn\u00f6k\u00f6k<\/strong><\/li>\n<li><strong>Zen\u00e9szek<\/strong><\/li>\n<li><strong>Rendezv\u00e9nyszervez\u0151k<\/strong><\/li>\n<li><strong>St\u00fadi\u00f3 szakemberek<\/strong><\/li>\n<\/ul>\n<hr \/>\n<h3><strong>Csomagol\u00e1s \u00e9s sz\u00e1ll\u00edt\u00e1s:<\/strong><\/h3>\n<ul>\n<li><strong>Sz\u00e1ll\u00edt\u00e1si id\u0151:<\/strong>\n<ul>\n<li>Tengeren: 15-60 nap<\/li>\n<li>Rep\u00fcl\u0151vel: 4-9 nap<\/li>\n<li>Expresszel: 4-9 nap<\/li>\n<\/ul>\n<\/li>\n<li><strong>Sz\u00e1ll\u00edt\u00e1si id\u0151:<\/strong>\u00a07-15 munkanap vagy az \u00d6n ig\u00e9nyei szerint<\/li>\n<li><strong>Csomagol\u00e1s:<\/strong>\u00a0Karton vagy egyedi csomagol\u00e1s \u00e1ll rendelkez\u00e9sre<\/li>\n<\/ul>\n<hr \/>\n<h3><strong>Szolg\u00e1ltat\u00e1sunk:<\/strong><\/h3>\n<ul>\n<li><strong>Szakmai szolg\u00e1ltat\u00e1s:<\/strong>\u00a0Szak\u00e9rtelem a kiv\u00e1l\u00f3 min\u0151s\u00e9g\u0171 tokok gy\u00e1rt\u00e1s\u00e1ban \u00e9s export\u00e1l\u00e1s\u00e1ban<\/li>\n<li><strong>Gy\u00e1rt\u00e1si kiv\u00e1l\u00f3s\u00e1g:<\/strong>\u00a0Figyelem a r\u00e9szletekre \u00e9s kiv\u00e1l\u00f3 k\u00e9zm\u0171ves kivitelez\u00e9s<\/li>\n<li><strong>Rugalmas fizet\u00e9si lehet\u0151s\u00e9gek:<\/strong>\u00a0T\/T, Western Union, \u00e9s \u00edgy tov\u00e1bb<\/li>\n<\/ul>\n<hr \/>\n<h3><strong>R\u00f3lunk:<\/strong><\/h3>\n<p>Az SX t\u00f6bb \u00e9ves tapasztalat\u00e1val az SX h\u00edrnevet szerzett a k\u00f6vetkez\u0151 ter\u00fcleteken\u00a0<strong>integrit\u00e1s, professzionalizmus \u00e9s kiv\u00e1l\u00f3 \u00e1rk\u00e9pz\u00e9s<\/strong>. Term\u00e9keinkben vil\u00e1gszerte megb\u00edznak \u00fcgyfeleink, \u00e9s tov\u00e1bbra is elk\u00f6telezettek vagyunk a k\u00f6vetkez\u0151k ir\u00e1nt\u00a0<strong>min\u0151s\u00e9g, \u00e9rt\u00e9k \u00e9s vev\u0151i el\u00e9gedetts\u00e9g<\/strong>.<\/p>\n<hr \/>\n<h3><strong>GYIK:<\/strong><\/h3>\n<p><strong>K: Mi akad\u00e1lyozza meg, hogy a kever\u0151 a fels\u0151 oldal\u00e1ra essen, amikor a tokot bez\u00e1rj\u00e1k?<\/strong><br \/>\nV: Az orrfed\u00e9lben habszivacs p\u00e1rn\u00e1k vannak, hogy a kever\u0151 biztons\u00e1gban legyen, \u00e9s ne essen a fels\u0151 r\u00e9szbe.<\/p>\n<p><strong>K: Mire val\u00f3 a kutyah\u00e1z?<\/strong><br \/>\nV: A kutyah\u00e1zat \u00fagy tervezt\u00e9k, hogy t\u00e1rolja \u00e9s elrejtse a csatlakoz\u00e1sokat \u00e9s a vezet\u00e9keket, \u00edgy rendezett \u00e9s tiszta marad a be\u00e1ll\u00edt\u00e1s.<\/p>\n<p><strong>K: Megrendelhetem \u00f6mlesztve?<\/strong><br \/>\nV: Igen, t\u00f6meges megrendel\u00e9seket is tudunk fogadni. L\u00e9pjen kapcsolatba vel\u00fcnk az \u00e1rak \u00e9s a rendelkez\u00e9sre \u00e1ll\u00e1s miatt.<\/p>\n<hr \/>\n<h3><strong>Rendelje meg kever\u0151\u00e1llv\u00e1ny tokj\u00e1t m\u00e9g ma!<\/strong><\/h3>\n<p>K\u00e9szen \u00e1ll arra, hogy megv\u00e9dje kever\u0151j\u00e9t az SX pr\u00e9mium rack tokjaival? L\u00e9pjen kapcsolatba vel\u00fcnk most, hogy megtervezhess\u00fck egyedi megold\u00e1s\u00e1t.<\/p>\n<p><strong>Hozz\u00e1f\u00e9r\u00e9s most:<\/strong>\u00a0<a href=\"https:\/\/sxpowercase.com\/contact-us\/\" target=\"_blank\" rel=\"noopener noreferrer\">https:\/\/sxpowercase.com\/contact-us\/<\/a><\/p>\n<p>Hot Tags: Elektromos k\u00e1bel, 16 Gauge 4 vezet\u0151 vezet\u00e9k, mikrofon \u00e1llv\u00e1ny tok, k\u00fclt\u00e9ri led kijelz\u0151szekr\u00e9ny, Rack Mount, elektromos eloszt\u00f3 doboz, K\u00edna, besz\u00e1ll\u00edt\u00f3k, gy\u00e1r, testreszabott, nagykereskedelem, <span style=\"color: #993366;\"><a style=\"color: #993366;\" href=\"https:\/\/sxflightcase.com\/hu\/product-category\/all-product\/power-distribution-boxes\/\">t\u00e1pegys\u00e9gek<\/a>,\u00a0<a style=\"color: #993366;\" href=\"https:\/\/sxflightcase.com\/hu\/product-category\/all-product\/hoist-controllers\/\">t\u00e1pk\u00e1belek<\/a>,\u00a0<a style=\"color: #993366;\" href=\"https:\/\/sxflightcase.com\/hu\/product-category\/all-product\/hoist-controllers\/\">emel\u0151g\u00e9p-vez\u00e9rl\u0151k<\/a>,\u00a0<a style=\"color: #993366;\" href=\"https:\/\/sxflightcase.com\/hu\/product-category\/all-product\/flight-case\/\">rep\u00fcl\u00e9si esetek.<\/a><\/span><\/p>","protected":false},"excerpt":{"rendered":"<h2>Turmixg\u00e9p \u00e1llv\u00e1ny tokok<\/h2>\n<p>Minden Shengxiang rep\u00fcl\u0151 tokot a legmagasabb szint\u0171 k\u00e9zm\u0171ves min\u0151s\u00e9gben gy\u00e1rtanak. Tervez\u0151csapatunk t\u00f6bb \u00e9ves tapasztalattal rendelkezik a mindennapi rep\u00fcl\u0151 tokok ter\u00e9n, valamint a tokgy\u00e1rt\u00e1s ter\u00e9n is.<\/p>\n<h2>Termel\u00e9s bevezet\u00e9se<\/h2>\n<p>Turmixg\u00e9p \u00e1llv\u00e1ny tokok<\/p>\n<p>- Egyedi rep\u00fcl\u0151 tokok kompakt turmixg\u00e9pekhez<\/p>\n<p>- 9 mm-es r\u00e9tegelt lemezszerkezet merev lamin\u00e1lt p\u00e1nc\u00e9lzattal<\/p>\n<p>- Az alum\u00ednium perem seg\u00edt a fed\u00e9l \u00e9s a talp \u00f6sszehangol\u00e1s\u00e1ban, amikor z\u00e1rva van<\/p>\n<p>- Eva hab v\u00e9di a bels\u0151 teret a turmixg\u00e9phez igazodva<\/p>\n<p>- Al\u00e1\u00edr\u00e1s kereskedelmi min\u0151s\u00e9g\u0171 Gator Red z\u00e1rhat\u00f3 csavarz\u00e1r \u00e9s rug\u00f3s gumi markolat<\/p>","protected":false},"featured_media":1121,"comment_status":"open","ping_status":"closed","template":"","meta":[],"product_brand":[],"product_cat":[41],"product_tag":[],"class_list":{"0":"post-1120","1":"product","2":"type-product","3":"status-publish","4":"has-post-thumbnail","6":"product_cat-equipment-cases","8":"first","9":"instock","10":"shipping-taxable","11":"product-type-simple"},"yoast_head":"<!-- This site is optimized with the Yoast SEO Premium plugin v27.1 (Yoast SEO v27.2) - https:\/\/yoast.com\/product\/yoast-seo-premium-wordpress\/ -->\n<title>Mixer Rack Case - https:\/\/sxflightcase.com \ud83d\udc97<\/title>\n<meta name=\"description\" content=\"Mixer Rack Case: Explore factory-direct sales and professional customization for the ultimate protection of your equipment.\" \/>\n<meta name=\"robots\" content=\"index, follow, max-snippet:-1, max-image-preview:large, max-video-preview:-1\" \/>\n<link rel=\"canonical\" href=\"https:\/\/sxflightcase.com\/hu\/\u4ea7\u54c1\/\u6405\u62cc\u673a\u673a\u67b6\u76d2\/\" \/>\n<meta property=\"og:locale\" content=\"hu_HU\" \/>\n<meta property=\"og:type\" content=\"article\" \/>\n<meta property=\"og:title\" content=\"Mixer Rack Case\" \/>\n<meta property=\"og:description\" content=\"Mixer Rack Case: Explore factory-direct sales and professional customization for the ultimate protection of your equipment.\" \/>\n<meta property=\"og:url\" content=\"https:\/\/sxflightcase.com\/hu\/\u4ea7\u54c1\/\u6405\u62cc\u673a\u673a\u67b6\u76d2\/\" \/>\n<meta property=\"og:site_name\" content=\"https:\/\/sxflightcase.com\" \/>\n<meta property=\"article:publisher\" content=\"https:\/\/www.facebook.com\/profile.php?id=61560407257971\" \/>\n<meta property=\"article:modified_time\" content=\"2025-05-16T07:23:02+00:00\" \/>\n<meta property=\"og:image\" content=\"https:\/\/sxflightcase.com\/wp-content\/uploads\/2024\/05\/mixer-rack-case47218518680.webp\" \/>\n\t<meta property=\"og:image:width\" content=\"700\" \/>\n\t<meta property=\"og:image:height\" content=\"700\" \/>\n\t<meta property=\"og:image:type\" content=\"image\/webp\" \/>\n<meta name=\"twitter:card\" content=\"summary_large_image\" \/>\n<meta name=\"twitter:label1\" content=\"Becs\u00fclt olvas\u00e1si id\u0151\" \/>\n\t<meta name=\"twitter:data1\" content=\"3 perc\" \/>\n<script type=\"application\/ld+json\" class=\"yoast-schema-graph\">{\"@context\":\"https:\/\/schema.org\",\"@graph\":[{\"@type\":\"WebPage\",\"@id\":\"https:\/\/sxflightcase.com\/zh\/\u4ea7\u54c1\/\u6405\u62cc\u673a\u673a\u67b6\u76d2\/\",\"url\":\"https:\/\/sxflightcase.com\/zh\/\u4ea7\u54c1\/\u6405\u62cc\u673a\u673a\u67b6\u76d2\/\",\"name\":\"Mixer Rack Case - https:\/\/sxflightcase.com \ud83d\udc97\",\"isPartOf\":{\"@id\":\"https:\/\/sxflightcase.com\/th\/#website\"},\"primaryImageOfPage\":{\"@id\":\"https:\/\/sxflightcase.com\/zh\/\u4ea7\u54c1\/\u6405\u62cc\u673a\u673a\u67b6\u76d2\/#primaryimage\"},\"image\":{\"@id\":\"https:\/\/sxflightcase.com\/zh\/\u4ea7\u54c1\/\u6405\u62cc\u673a\u673a\u67b6\u76d2\/#primaryimage\"},\"thumbnailUrl\":\"https:\/\/sxflightcase.com\/wp-content\/uploads\/2024\/05\/mixer-rack-case47218518680.webp\",\"datePublished\":\"2024-05-07T05:56:29+00:00\",\"dateModified\":\"2025-05-16T07:23:02+00:00\",\"description\":\"Mixer Rack Case: Explore factory-direct sales and professional customization for the ultimate protection of your equipment.\",\"breadcrumb\":{\"@id\":\"https:\/\/sxflightcase.com\/zh\/\u4ea7\u54c1\/\u6405\u62cc\u673a\u673a\u67b6\u76d2\/#breadcrumb\"},\"inLanguage\":\"hu\",\"potentialAction\":[{\"@type\":\"ReadAction\",\"target\":[\"https:\/\/sxflightcase.com\/zh\/\u4ea7\u54c1\/\u6405\u62cc\u673a\u673a\u67b6\u76d2\/\"]}]},{\"@type\":\"ImageObject\",\"inLanguage\":\"hu\",\"@id\":\"https:\/\/sxflightcase.com\/zh\/\u4ea7\u54c1\/\u6405\u62cc\u673a\u673a\u67b6\u76d2\/#primaryimage\",\"url\":\"https:\/\/sxflightcase.com\/wp-content\/uploads\/2024\/05\/mixer-rack-case47218518680.webp\",\"contentUrl\":\"https:\/\/sxflightcase.com\/wp-content\/uploads\/2024\/05\/mixer-rack-case47218518680.webp\",\"width\":700,\"height\":700,\"caption\":\"mixer rack case\"},{\"@type\":\"BreadcrumbList\",\"@id\":\"https:\/\/sxflightcase.com\/zh\/\u4ea7\u54c1\/\u6405\u62cc\u673a\u673a\u67b6\u76d2\/#breadcrumb\",\"itemListElement\":[{\"@type\":\"ListItem\",\"position\":1,\"name\":\"Home\",\"item\":\"https:\/\/sxflightcase.com\/\"},{\"@type\":\"ListItem\",\"position\":2,\"name\":\"\u0e2a\u0e34\u0e19\u0e04\u0e49\u0e32\",\"item\":\"https:\/\/sxflightcase.com\/th\/shop\/\"},{\"@type\":\"ListItem\",\"position\":3,\"name\":\"Mixer Rack Case\"}]},{\"@type\":\"WebSite\",\"@id\":\"https:\/\/sxflightcase.com\/th\/#website\",\"url\":\"https:\/\/sxflightcase.com\/th\/\",\"name\":\"sxpowercase.com\",\"description\":\"Flight Case Factory\",\"publisher\":{\"@id\":\"https:\/\/sxflightcase.com\/th\/#organization\"},\"potentialAction\":[{\"@type\":\"SearchAction\",\"target\":{\"@type\":\"EntryPoint\",\"urlTemplate\":\"https:\/\/sxflightcase.com\/th\/?s={search_term_string}\"},\"query-input\":{\"@type\":\"PropertyValueSpecification\",\"valueRequired\":true,\"valueName\":\"search_term_string\"}}],\"inLanguage\":\"hu\"},{\"@type\":\"Organization\",\"@id\":\"https:\/\/sxflightcase.com\/th\/#organization\",\"name\":\"sxpowercase.com\",\"url\":\"https:\/\/sxflightcase.com\/th\/\",\"logo\":{\"@type\":\"ImageObject\",\"inLanguage\":\"hu\",\"@id\":\"https:\/\/sxflightcase.com\/th\/#\/schema\/logo\/image\/\",\"url\":\"https:\/\/sxflightcase.com\/wp-content\/uploads\/2024\/04\/1713919036007.jpg\",\"contentUrl\":\"https:\/\/sxflightcase.com\/wp-content\/uploads\/2024\/04\/1713919036007.jpg\",\"width\":382,\"height\":388,\"caption\":\"sxpowercase.com\"},\"image\":{\"@id\":\"https:\/\/sxflightcase.com\/th\/#\/schema\/logo\/image\/\"},\"sameAs\":[\"https:\/\/www.facebook.com\/profile.php?id=61560407257971\"],\"numberOfEmployees\":{\"@type\":\"QuantitativeValue\",\"minValue\":\"11\",\"maxValue\":\"50\"}}]}<\/script>\n<!-- \/ Yoast SEO Premium plugin. -->","yoast_head_json":{"title":"Mixer Rack Case - https:\/\/sxflightcase.com \ud83d\udc97","description":"Mixer Rack tok: Fedezze fel a gy\u00e1ri k\u00f6zvetlen \u00e9rt\u00e9kes\u00edt\u00e9st \u00e9s a professzion\u00e1lis testreszab\u00e1st a berendez\u00e9sek v\u00e9gs\u0151 v\u00e9delme \u00e9rdek\u00e9ben.","robots":{"index":"index","follow":"follow","max-snippet":"max-snippet:-1","max-image-preview":"max-image-preview:large","max-video-preview":"max-video-preview:-1"},"canonical":"https:\/\/sxflightcase.com\/hu\/\u4ea7\u54c1\/\u6405\u62cc\u673a\u673a\u67b6\u76d2\/","og_locale":"hu_HU","og_type":"article","og_title":"Mixer Rack Case","og_description":"Mixer Rack Case: Explore factory-direct sales and professional customization for the ultimate protection of your equipment.","og_url":"https:\/\/sxflightcase.com\/hu\/\u4ea7\u54c1\/\u6405\u62cc\u673a\u673a\u67b6\u76d2\/","og_site_name":"https:\/\/sxflightcase.com","article_publisher":"https:\/\/www.facebook.com\/profile.php?id=61560407257971","article_modified_time":"2025-05-16T07:23:02+00:00","og_image":[{"width":700,"height":700,"url":"https:\/\/sxflightcase.com\/wp-content\/uploads\/2024\/05\/mixer-rack-case47218518680.webp","type":"image\/webp"}],"twitter_card":"summary_large_image","twitter_misc":{"Becs\u00fclt olvas\u00e1si id\u0151":"3 perc"},"schema":{"@context":"https:\/\/schema.org","@graph":[{"@type":"WebPage","@id":"https:\/\/sxflightcase.com\/zh\/\u4ea7\u54c1\/\u6405\u62cc\u673a\u673a\u67b6\u76d2\/","url":"https:\/\/sxflightcase.com\/zh\/\u4ea7\u54c1\/\u6405\u62cc\u673a\u673a\u67b6\u76d2\/","name":"Mixer Rack Case - https:\/\/sxflightcase.com \ud83d\udc97","isPartOf":{"@id":"https:\/\/sxflightcase.com\/th\/#website"},"primaryImageOfPage":{"@id":"https:\/\/sxflightcase.com\/zh\/\u4ea7\u54c1\/\u6405\u62cc\u673a\u673a\u67b6\u76d2\/#primaryimage"},"image":{"@id":"https:\/\/sxflightcase.com\/zh\/\u4ea7\u54c1\/\u6405\u62cc\u673a\u673a\u67b6\u76d2\/#primaryimage"},"thumbnailUrl":"https:\/\/sxflightcase.com\/wp-content\/uploads\/2024\/05\/mixer-rack-case47218518680.webp","datePublished":"2024-05-07T05:56:29+00:00","dateModified":"2025-05-16T07:23:02+00:00","description":"Mixer Rack tok: Fedezze fel a gy\u00e1ri k\u00f6zvetlen \u00e9rt\u00e9kes\u00edt\u00e9st \u00e9s a professzion\u00e1lis testreszab\u00e1st a berendez\u00e9sek v\u00e9gs\u0151 v\u00e9delme \u00e9rdek\u00e9ben.","breadcrumb":{"@id":"https:\/\/sxflightcase.com\/zh\/\u4ea7\u54c1\/\u6405\u62cc\u673a\u673a\u67b6\u76d2\/#breadcrumb"},"inLanguage":"hu","potentialAction":[{"@type":"ReadAction","target":["https:\/\/sxflightcase.com\/zh\/\u4ea7\u54c1\/\u6405\u62cc\u673a\u673a\u67b6\u76d2\/"]}]},{"@type":"ImageObject","inLanguage":"hu","@id":"https:\/\/sxflightcase.com\/zh\/\u4ea7\u54c1\/\u6405\u62cc\u673a\u673a\u67b6\u76d2\/#primaryimage","url":"https:\/\/sxflightcase.com\/wp-content\/uploads\/2024\/05\/mixer-rack-case47218518680.webp","contentUrl":"https:\/\/sxflightcase.com\/wp-content\/uploads\/2024\/05\/mixer-rack-case47218518680.webp","width":700,"height":700,"caption":"mixer rack case"},{"@type":"BreadcrumbList","@id":"https:\/\/sxflightcase.com\/zh\/\u4ea7\u54c1\/\u6405\u62cc\u673a\u673a\u67b6\u76d2\/#breadcrumb","itemListElement":[{"@type":"ListItem","position":1,"name":"Home","item":"https:\/\/sxflightcase.com\/"},{"@type":"ListItem","position":2,"name":"\u0e2a\u0e34\u0e19\u0e04\u0e49\u0e32","item":"https:\/\/sxflightcase.com\/th\/shop\/"},{"@type":"ListItem","position":3,"name":"Mixer Rack Case"}]},{"@type":"WebSite","@id":"https:\/\/sxflightcase.com\/th\/#website","url":"https:\/\/sxflightcase.com\/th\/","name":"sxpowercase.com","description":"Flight Case Factory","publisher":{"@id":"https:\/\/sxflightcase.com\/th\/#organization"},"potentialAction":[{"@type":"SearchAction","target":{"@type":"EntryPoint","urlTemplate":"https:\/\/sxflightcase.com\/th\/?s={search_term_string}"},"query-input":{"@type":"PropertyValueSpecification","valueRequired":true,"valueName":"search_term_string"}}],"inLanguage":"hu"},{"@type":"Organization","@id":"https:\/\/sxflightcase.com\/th\/#organization","name":"sxpowercase.com","url":"https:\/\/sxflightcase.com\/th\/","logo":{"@type":"ImageObject","inLanguage":"hu","@id":"https:\/\/sxflightcase.com\/th\/#\/schema\/logo\/image\/","url":"https:\/\/sxflightcase.com\/wp-content\/uploads\/2024\/04\/1713919036007.jpg","contentUrl":"https:\/\/sxflightcase.com\/wp-content\/uploads\/2024\/04\/1713919036007.jpg","width":382,"height":388,"caption":"sxpowercase.com"},"image":{"@id":"https:\/\/sxflightcase.com\/th\/#\/schema\/logo\/image\/"},"sameAs":["https:\/\/www.facebook.com\/profile.php?id=61560407257971"],"numberOfEmployees":{"@type":"QuantitativeValue","minValue":"11","maxValue":"50"}}]}},"_links":{"self":[{"href":"https:\/\/sxflightcase.com\/hu\/wp-json\/wp\/v2\/product\/1120","targetHints":{"allow":["GET"]}}],"collection":[{"href":"https:\/\/sxflightcase.com\/hu\/wp-json\/wp\/v2\/product"}],"about":[{"href":"https:\/\/sxflightcase.com\/hu\/wp-json\/wp\/v2\/types\/product"}],"replies":[{"embeddable":true,"href":"https:\/\/sxflightcase.com\/hu\/wp-json\/wp\/v2\/comments?post=1120"}],"version-history":[{"count":0,"href":"https:\/\/sxflightcase.com\/hu\/wp-json\/wp\/v2\/product\/1120\/revisions"}],"wp:featuredmedia":[{"embeddable":true,"href":"https:\/\/sxflightcase.com\/hu\/wp-json\/wp\/v2\/media\/1121"}],"wp:attachment":[{"href":"https:\/\/sxflightcase.com\/hu\/wp-json\/wp\/v2\/media?parent=1120"}],"wp:term":[{"taxonomy":"product_brand","embeddable":true,"href":"https:\/\/sxflightcase.com\/hu\/wp-json\/wp\/v2\/product_brand?post=1120"},{"taxonomy":"product_cat","embeddable":true,"href":"https:\/\/sxflightcase.com\/hu\/wp-json\/wp\/v2\/product_cat?post=1120"},{"taxonomy":"product_tag","embeddable":true,"href":"https:\/\/sxflightcase.com\/hu\/wp-json\/wp\/v2\/product_tag?post=1120"}],"curies":[{"name":"wp","href":"https:\/\/api.w.org\/{rel}","templated":true}]}}