{"id":1592,"date":"2024-05-10T02:03:41","date_gmt":"2024-05-10T01:03:41","guid":{"rendered":"https:\/\/sxpowercase.com\/?post_type=product&#038;p=1592"},"modified":"2024-10-18T09:33:09","modified_gmt":"2024-10-18T08:33:09","slug":"rack-mount-case","status":"publish","type":"product","link":"https:\/\/sxflightcase.com\/hu\/termek\/allvanyra-szerelheto-tok-2\/","title":{"rendered":"Rack Mount tok testreszab\u00e1sa"},"content":{"rendered":"<p><strong>Term\u00e9k param\u00e9ter (specifik\u00e1ci\u00f3)<\/strong><\/p>\n<section class=\"table-wrap\">\n<table class=\"table\" width=\"100%\" cellspacing=\"0\" cellpadding=\"0\">\n<tbody>\n<tr class=\"firstRow\">\n<td width=\"134\">A term\u00e9k neve:<\/td>\n<td width=\"503\">Rackbe szerelhet\u0151 tok<\/td>\n<\/tr>\n<tr>\n<td width=\"134\">Dimenzi\u00f3<\/td>\n<td width=\"503\">Egyedi k\u00e9r\u00e9s alapj\u00e1n<\/td>\n<\/tr>\n<tr>\n<td width=\"134\">Sz\u00ednes<\/td>\n<td width=\"503\">Ez\u00fcst \/fekete \/v\u00f6r\u00f6s \/k\u00e9k stb.<\/td>\n<\/tr>\n<tr>\n<td width=\"134\">Anyagok<\/td>\n<td width=\"503\">Alum\u00ednium + MDF panel<\/td>\n<\/tr>\n<tr>\n<td width=\"134\">Log\u00f3<\/td>\n<td width=\"503\">El\u00e9rhet\u0151 szitanyom\u00e1sos log\u00f3 \/ dombornyomott log\u00f3 \/ l\u00e9zer log\u00f3hoz<\/td>\n<\/tr>\n<tr>\n<td width=\"134\">\u00c1rfelt\u00e9telek<\/td>\n<td width=\"503\">Ex-work \/ FOB \/ CIF \/ DDU<\/td>\n<\/tr>\n<\/tbody>\n<\/table>\n<\/section>\n<h3>Emelje fel a be\u00e1ll\u00edt\u00e1sait az SX Rack Mount tokkal<\/h3>\n<h4>Biztos\u00edtsa berendez\u00e9seit az SX Rack Mount tokkal<\/h4>\n<p>A <a title=\"SX\" href=\"https:\/\/sxpowercase.com\/\" target=\"_blank\" rel=\"noopener\" data-wpil-monitor-id=\"500\">SX<\/a> A Rack Mount Case a v\u00e9gs\u0151 megold\u00e1s \u00e9rt\u00e9kes eszk\u00f6zeinek v\u00e9delm\u00e9re \u00e9s rendszerez\u00e9s\u00e9re. Ak\u00e1r szervereket, audioberendez\u00e9seket vagy m\u00e1s elektronikai eszk\u00f6z\u00f6ket szerel fel, ez a tok massz\u00edv v\u00e9delmet ny\u00fajt az \u00fct\u00e9sekkel, rezg\u00e9sekkel \u00e9s a sz\u00e1ll\u00edt\u00e1s egy\u00e9b vesz\u00e9lyeivel szemben. Az SX biztos\u00edtja, hogy felszerel\u00e9sei biztons\u00e1gban \u00e9s m\u0171k\u00f6d\u0151k\u00e9pesek maradjanak, b\u00e1rhov\u00e1 is viszi a munk\u00e1ja.<\/p>\n<h4>K\u00f6zvetlen\u00fcl a gy\u00e1rb\u00f3l \u00d6nnek<\/h4>\n<p>Az SX-n\u00e9l kihagyjuk a k\u00f6zvet\u00edt\u0151ket, hogy kiv\u00e9teles min\u0151s\u00e9get ny\u00fajtsunk \u00d6nnek k\u00f6zvetlen\u00fcl a gy\u00e1runkb\u00f3l. Ez a k\u00f6zvetlen \u00e9rt\u00e9kes\u00edt\u00e9si megk\u00f6zel\u00edt\u00e9s nemcsak a megfizethet\u0151s\u00e9get biztos\u00edtja, hanem azt is garant\u00e1lja, hogy a legmagasabb szint\u0171 k\u00e9zm\u0171ves munk\u00e1t kapja. Rack Mount Case tokunk \u00fagy k\u00e9sz\u00fclt, hogy ellen\u00e1lljon a professzion\u00e1lis haszn\u00e1lat k\u00f6vetelm\u00e9nyeinek, \u00edgy t\u00f6k\u00e9letes v\u00e1laszt\u00e1s minden olyan be\u00e1ll\u00edt\u00e1shoz, amely megb\u00edzhat\u00f3 eszk\u00f6zv\u00e9delmet ig\u00e9nyel.<\/p>\n<h4>Egyedi megold\u00e1sok az \u00d6n ig\u00e9nyeihez<\/h4>\n<p>Minden be\u00e1ll\u00edt\u00e1s egyedi, \u00e9s \u00edgy a megold\u00e1saink is. Az SX Rack Mount Case az \u00d6n egyedi ig\u00e9nyeihez igaz\u00edthat\u00f3, legyen sz\u00f3 k\u00fcl\u00f6nleges m\u00e9retekr\u0151l, tov\u00e1bbi funkci\u00f3kr\u00f3l vagy egyedi konfigur\u00e1ci\u00f3kr\u00f3l. Testreszab\u00e1si lehet\u0151s\u00e9geink biztos\u00edtj\u00e1k, hogy berendez\u00e9sei j\u00f3l \u00e9s biztons\u00e1gosan illeszkedjenek, maximaliz\u00e1lva mind a v\u00e9delmet, mind a hat\u00e9konys\u00e1got.<\/p>\n<hr \/>\n<h4>Mi\u00e9rt v\u00e1lassza az SX Rack Mount Case-t?<\/h4>\n<p>Az SX v\u00e1laszt\u00e1sa azt jelenti, hogy a megb\u00edzhat\u00f3s\u00e1got, a tart\u00f3ss\u00e1got \u00e9s az \u00e9rt\u00e9ket v\u00e1lasztja. Rackbe szerelhet\u0151 tokjainkat \u00fagy tervezt\u00e9k, hogy ellen\u00e1lljanak a gyakori haszn\u00e1lat \u00e9s sz\u00e1ll\u00edt\u00e1s viszontags\u00e1gainak, \u00edgy biztos\u00edtva, hogy berendez\u00e9sei biztons\u00e1gosak \u00e9s m\u0171k\u00f6d\u0151k\u00e9pesek maradjanak. A gy\u00e1runkb\u00f3l t\u00f6rt\u00e9n\u0151 k\u00f6zvetlen \u00e9rt\u00e9kes\u00edt\u00e9ssel a legjobb \u00e1rat kapja a min\u0151s\u00e9g kompromisszumai n\u00e9lk\u00fcl.<\/p>\n<hr \/>\n<h4>V\u00e9dje befektet\u00e9s\u00e9t az SX-szel<\/h4>\n<p>Fektessen be az SX Rack Mount Cases-be, \u00e9s biztos\u00edtsa, hogy felszerel\u00e9sei mindenhol v\u00e9dve legyenek. A min\u0151s\u00e9g \u00e9s a vev\u0151i el\u00e9gedetts\u00e9g ir\u00e1nti elk\u00f6telezetts\u00e9g\u00fcnk azt jelenti, hogy az SX-re t\u00e1maszkodhat minden eszk\u00f6zv\u00e9delmi ig\u00e9ny\u00e9t illet\u0151en. L\u00e9pjen kapcsolatba vel\u00fcnk m\u00e9g ma, hogy t\u00f6bbet tudjon meg Rack Mount Cases-\u00fcnkr\u0151l \u00e9s arr\u00f3l, hogy hogyan jav\u00edthat a be\u00e1ll\u00edt\u00e1sainkon.<\/p>\n<p><strong>GYIK<\/strong><\/p>\n<p>K: Mennyi a sz\u00e1ll\u00edt\u00e1si id\u0151?<\/p>\n<p>V: Az \u00e1ltal\u00e1nos sz\u00e1ll\u00edt\u00e1si id\u0151 15-20 nap a megrendel\u00e9s visszaigazol\u00e1sa ut\u00e1n. M\u00e1sik, ha az \u00e1ru rakt\u00e1ron van, csak 1-2 napot vesz ig\u00e9nybe.<\/p>\n<p>K: Meg tudja csin\u00e1lni az OEM \u00e9s az ODM?<\/p>\n<p>V: Igen, az OEM \u00e9s az ODM egyar\u00e1nt elfogadhat\u00f3. Az anyag, a sz\u00edn, a st\u00edlus testre szabhat\u00f3, az alapmennyis\u00e9get megvitat\u00e1s ut\u00e1n tan\u00e1csot adunk.<\/p>\n<p>K: Haszn\u00e1lhatjuk saj\u00e1t log\u00f3nkat?<\/p>\n<p>V: Igen, nyomtathatunk saj\u00e1t log\u00f3t az \u00d6n k\u00e9r\u00e9s\u00e9nek megfelel\u0151en.<\/p>\n<p>Hot Tags: Alacsony \u00e1r, rakt\u00e1ron, ingyenes minta, t\u00e1p- \u00e9s jelk\u00e1bel, 16 Gauge 4 vezet\u0151 vezet\u00e9k, mikrofon \u00e1llv\u00e1ny tok, k\u00fclt\u00e9ri Led kijelz\u0151szekr\u00e9ny, Rack Mount, 19\" Rackmount Mixer Flight Cases\uff0celektromos disztr\u00f3 doboz, K\u00edna, besz\u00e1ll\u00edt\u00f3k, gy\u00e1r, testreszabott, nagykereskedelem, <span style=\"color: #993366;\"><a style=\"color: #993366;\" href=\"https:\/\/sxflightcase.com\/hu\/product-category\/all-product\/power-distribution-boxes\/\">t\u00e1pegys\u00e9gek<\/a>,\u00a0<a style=\"color: #993366;\" href=\"https:\/\/sxflightcase.com\/hu\/product-category\/all-product\/hoist-controllers\/\">t\u00e1pk\u00e1belek<\/a>,\u00a0<a style=\"color: #993366;\" href=\"https:\/\/sxflightcase.com\/hu\/product-category\/all-product\/hoist-controllers\/\">emel\u0151g\u00e9p-vez\u00e9rl\u0151k<\/a>,\u00a0<a style=\"color: #993366;\" href=\"https:\/\/sxflightcase.com\/hu\/product-category\/all-product\/flight-case\/\">rep\u00fcl\u00e9si esetek.<\/a><\/span><\/p>","protected":false},"excerpt":{"rendered":"<h2 class=\"prodetails-name\">Rackmount tok<\/h2>\n<p>A ker\u00e9kkel ell\u00e1tott \u00e1llv\u00e1nyra szerelhet\u0151 tok megb\u00edzhat\u00f3 v\u00e9delmet ny\u00fajt a dr\u00e1ga felszerel\u00e9seknek \u00e9s berendez\u00e9seknek haszn\u00e1lat, csomagol\u00e1s, t\u00e1rol\u00e1s \u00e9s sz\u00e1ll\u00edt\u00e1s sor\u00e1n. Elk\u00f6telezt\u00fck magunkat a k\u00f6vetkez\u0151knek <a>=\"wpil_keyword_link\" title=\"rep\u00fcl\u00e9si eset\" href=\"https:\/\/sxpowercase.com\/product-category\/all-product\/flight-case\/\" target=\"_blank\" rel=\"noopener\" data-wpil-keyword-link=\"linked\" data-wpil-monitor-id=\"388\u2033&gt;rep\u00fcl\u00e9si eset<\/a> sok \u00e9ven \u00e1t, az amerikai \u00e9s \u00e1zsiai piac nagy r\u00e9sz\u00e9t lefedve. Arra sz\u00e1m\u00edtunk, hogy hossz\u00fa t\u00e1v\u00fa csapatt\u00e1rsa lesz\u00fcnk K\u00edn\u00e1ban.<\/p>\n<h2><strong>Termel\u00e9si bevezet\u00e9s<\/strong><\/h2>\n<p>Nagy teherb\u00edr\u00e1s\u00fa konstrukci\u00f3<\/p>\n<p>500 mm m\u00e9ly k\u00f6z\u00e9ps\u0151 r\u00e9sz<\/p>\n<p>S\u00fcllyesztett reteszek \u00e9s foganty\u00fak<\/p>\n<p>HD g\u00f6rg\u0151k (2 f\u00e9kezett)<\/p>\n<p>Rack szalag el&ouml;l &eacute;s h&aacute;tul&lt;\/p&gt;<\/p>","protected":false},"featured_media":1595,"comment_status":"open","ping_status":"closed","template":"","meta":[],"product_brand":[],"product_cat":[35],"product_tag":[54],"class_list":{"0":"post-1592","1":"product","2":"type-product","3":"status-publish","4":"has-post-thumbnail","6":"product_cat-standard-rack-cases","7":"product_tag-customize","9":"first","10":"instock","11":"shipping-taxable","12":"product-type-simple"},"yoast_head":"<!-- This site is optimized with the Yoast SEO Premium plugin v27.1 (Yoast SEO v27.2) - https:\/\/yoast.com\/product\/yoast-seo-premium-wordpress\/ -->\n<title>Customize Rack Mount Case - https:\/\/sxflightcase.com \ud83d\udc97<\/title>\n<meta name=\"description\" content=\"Rack mount Case: Explore our factory-direct options for professional customization, ensuring your equipment stays protected and organized.&quot;\" \/>\n<meta name=\"robots\" content=\"index, follow, max-snippet:-1, max-image-preview:large, max-video-preview:-1\" \/>\n<link rel=\"canonical\" href=\"https:\/\/sxflightcase.com\/hu\/\u7522\u54c1\/\u6a5f\u67b6\u5b89\u88dd\u7bb1\/\" \/>\n<meta property=\"og:locale\" content=\"hu_HU\" \/>\n<meta property=\"og:type\" content=\"article\" \/>\n<meta property=\"og:title\" content=\"Customize Rack Mount Case\" \/>\n<meta property=\"og:description\" content=\"Rack mount Case: Explore our factory-direct options for professional customization, ensuring your equipment stays protected and organized.&quot;\" \/>\n<meta property=\"og:url\" content=\"https:\/\/sxflightcase.com\/hu\/\u7522\u54c1\/\u6a5f\u67b6\u5b89\u88dd\u7bb1\/\" \/>\n<meta property=\"og:site_name\" content=\"https:\/\/sxflightcase.com\" \/>\n<meta property=\"article:publisher\" content=\"https:\/\/www.facebook.com\/profile.php?id=61560407257971\" \/>\n<meta property=\"article:modified_time\" content=\"2024-10-18T08:33:09+00:00\" \/>\n<meta property=\"og:image\" content=\"https:\/\/sxflightcase.com\/wp-content\/uploads\/2024\/05\/rackmount-case12286554388.webp\" \/>\n\t<meta property=\"og:image:width\" content=\"700\" \/>\n\t<meta property=\"og:image:height\" content=\"700\" \/>\n\t<meta property=\"og:image:type\" content=\"image\/webp\" \/>\n<meta name=\"twitter:card\" content=\"summary_large_image\" \/>\n<meta name=\"twitter:label1\" content=\"Becs\u00fclt olvas\u00e1si id\u0151\" \/>\n\t<meta name=\"twitter:data1\" content=\"3 perc\" \/>\n<script type=\"application\/ld+json\" class=\"yoast-schema-graph\">{\"@context\":\"https:\/\/schema.org\",\"@graph\":[{\"@type\":\"WebPage\",\"@id\":\"https:\/\/sxflightcase.com\/zh_hk\/\u7522\u54c1\/\u6a5f\u67b6\u5b89\u88dd\u7bb1\/\",\"url\":\"https:\/\/sxflightcase.com\/zh_hk\/\u7522\u54c1\/\u6a5f\u67b6\u5b89\u88dd\u7bb1\/\",\"name\":\"Customize Rack Mount Case - https:\/\/sxflightcase.com \ud83d\udc97\",\"isPartOf\":{\"@id\":\"https:\/\/sxflightcase.com\/th\/#website\"},\"primaryImageOfPage\":{\"@id\":\"https:\/\/sxflightcase.com\/zh_hk\/\u7522\u54c1\/\u6a5f\u67b6\u5b89\u88dd\u7bb1\/#primaryimage\"},\"image\":{\"@id\":\"https:\/\/sxflightcase.com\/zh_hk\/\u7522\u54c1\/\u6a5f\u67b6\u5b89\u88dd\u7bb1\/#primaryimage\"},\"thumbnailUrl\":\"https:\/\/sxflightcase.com\/wp-content\/uploads\/2024\/05\/rackmount-case12286554388.webp\",\"datePublished\":\"2024-05-10T01:03:41+00:00\",\"dateModified\":\"2024-10-18T08:33:09+00:00\",\"description\":\"Rack mount Case: Explore our factory-direct options for professional customization, ensuring your equipment stays protected and organized.\\\"\",\"breadcrumb\":{\"@id\":\"https:\/\/sxflightcase.com\/zh_hk\/\u7522\u54c1\/\u6a5f\u67b6\u5b89\u88dd\u7bb1\/#breadcrumb\"},\"inLanguage\":\"hu\",\"potentialAction\":[{\"@type\":\"ReadAction\",\"target\":[\"https:\/\/sxflightcase.com\/zh_hk\/\u7522\u54c1\/\u6a5f\u67b6\u5b89\u88dd\u7bb1\/\"]}]},{\"@type\":\"ImageObject\",\"inLanguage\":\"hu\",\"@id\":\"https:\/\/sxflightcase.com\/zh_hk\/\u7522\u54c1\/\u6a5f\u67b6\u5b89\u88dd\u7bb1\/#primaryimage\",\"url\":\"https:\/\/sxflightcase.com\/wp-content\/uploads\/2024\/05\/rackmount-case12286554388.webp\",\"contentUrl\":\"https:\/\/sxflightcase.com\/wp-content\/uploads\/2024\/05\/rackmount-case12286554388.webp\",\"width\":700,\"height\":700,\"caption\":\"Rackmount Case\"},{\"@type\":\"BreadcrumbList\",\"@id\":\"https:\/\/sxflightcase.com\/zh_hk\/\u7522\u54c1\/\u6a5f\u67b6\u5b89\u88dd\u7bb1\/#breadcrumb\",\"itemListElement\":[{\"@type\":\"ListItem\",\"position\":1,\"name\":\"Home\",\"item\":\"https:\/\/sxflightcase.com\/\"},{\"@type\":\"ListItem\",\"position\":2,\"name\":\"\u0e2a\u0e34\u0e19\u0e04\u0e49\u0e32\",\"item\":\"https:\/\/sxflightcase.com\/th\/shop\/\"},{\"@type\":\"ListItem\",\"position\":3,\"name\":\"Customize Rack Mount Case\"}]},{\"@type\":\"WebSite\",\"@id\":\"https:\/\/sxflightcase.com\/th\/#website\",\"url\":\"https:\/\/sxflightcase.com\/th\/\",\"name\":\"sxpowercase.com\",\"description\":\"Flight Case Factory\",\"publisher\":{\"@id\":\"https:\/\/sxflightcase.com\/th\/#organization\"},\"potentialAction\":[{\"@type\":\"SearchAction\",\"target\":{\"@type\":\"EntryPoint\",\"urlTemplate\":\"https:\/\/sxflightcase.com\/th\/?s={search_term_string}\"},\"query-input\":{\"@type\":\"PropertyValueSpecification\",\"valueRequired\":true,\"valueName\":\"search_term_string\"}}],\"inLanguage\":\"hu\"},{\"@type\":\"Organization\",\"@id\":\"https:\/\/sxflightcase.com\/th\/#organization\",\"name\":\"sxpowercase.com\",\"url\":\"https:\/\/sxflightcase.com\/th\/\",\"logo\":{\"@type\":\"ImageObject\",\"inLanguage\":\"hu\",\"@id\":\"https:\/\/sxflightcase.com\/th\/#\/schema\/logo\/image\/\",\"url\":\"https:\/\/sxflightcase.com\/wp-content\/uploads\/2024\/04\/1713919036007.jpg\",\"contentUrl\":\"https:\/\/sxflightcase.com\/wp-content\/uploads\/2024\/04\/1713919036007.jpg\",\"width\":382,\"height\":388,\"caption\":\"sxpowercase.com\"},\"image\":{\"@id\":\"https:\/\/sxflightcase.com\/th\/#\/schema\/logo\/image\/\"},\"sameAs\":[\"https:\/\/www.facebook.com\/profile.php?id=61560407257971\"],\"numberOfEmployees\":{\"@type\":\"QuantitativeValue\",\"minValue\":\"11\",\"maxValue\":\"50\"}}]}<\/script>\n<!-- \/ Yoast SEO Premium plugin. -->","yoast_head_json":{"title":"Customize Rack Mount Case - https:\/\/sxflightcase.com \ud83d\udc97","description":"Rackbe szerelhet\u0151 tok: Fedezze fel gy\u00e1ri k\u00f6zvetlen lehet\u0151s\u00e9geinket a professzion\u00e1lis testreszab\u00e1shoz, biztos\u00edtva, hogy berendez\u00e9sei v\u00e9dettek \u00e9s szervezettek maradjanak.\"","robots":{"index":"index","follow":"follow","max-snippet":"max-snippet:-1","max-image-preview":"max-image-preview:large","max-video-preview":"max-video-preview:-1"},"canonical":"https:\/\/sxflightcase.com\/hu\/\u7522\u54c1\/\u6a5f\u67b6\u5b89\u88dd\u7bb1\/","og_locale":"hu_HU","og_type":"article","og_title":"Customize Rack Mount Case","og_description":"Rack mount Case: Explore our factory-direct options for professional customization, ensuring your equipment stays protected and organized.\"","og_url":"https:\/\/sxflightcase.com\/hu\/\u7522\u54c1\/\u6a5f\u67b6\u5b89\u88dd\u7bb1\/","og_site_name":"https:\/\/sxflightcase.com","article_publisher":"https:\/\/www.facebook.com\/profile.php?id=61560407257971","article_modified_time":"2024-10-18T08:33:09+00:00","og_image":[{"width":700,"height":700,"url":"https:\/\/sxflightcase.com\/wp-content\/uploads\/2024\/05\/rackmount-case12286554388.webp","type":"image\/webp"}],"twitter_card":"summary_large_image","twitter_misc":{"Becs\u00fclt olvas\u00e1si id\u0151":"3 perc"},"schema":{"@context":"https:\/\/schema.org","@graph":[{"@type":"WebPage","@id":"https:\/\/sxflightcase.com\/zh_hk\/\u7522\u54c1\/\u6a5f\u67b6\u5b89\u88dd\u7bb1\/","url":"https:\/\/sxflightcase.com\/zh_hk\/\u7522\u54c1\/\u6a5f\u67b6\u5b89\u88dd\u7bb1\/","name":"Customize Rack Mount Case - https:\/\/sxflightcase.com \ud83d\udc97","isPartOf":{"@id":"https:\/\/sxflightcase.com\/th\/#website"},"primaryImageOfPage":{"@id":"https:\/\/sxflightcase.com\/zh_hk\/\u7522\u54c1\/\u6a5f\u67b6\u5b89\u88dd\u7bb1\/#primaryimage"},"image":{"@id":"https:\/\/sxflightcase.com\/zh_hk\/\u7522\u54c1\/\u6a5f\u67b6\u5b89\u88dd\u7bb1\/#primaryimage"},"thumbnailUrl":"https:\/\/sxflightcase.com\/wp-content\/uploads\/2024\/05\/rackmount-case12286554388.webp","datePublished":"2024-05-10T01:03:41+00:00","dateModified":"2024-10-18T08:33:09+00:00","description":"Rackbe szerelhet\u0151 tok: Fedezze fel gy\u00e1ri k\u00f6zvetlen lehet\u0151s\u00e9geinket a professzion\u00e1lis testreszab\u00e1shoz, biztos\u00edtva, hogy berendez\u00e9sei v\u00e9dettek \u00e9s szervezettek maradjanak.\"","breadcrumb":{"@id":"https:\/\/sxflightcase.com\/zh_hk\/\u7522\u54c1\/\u6a5f\u67b6\u5b89\u88dd\u7bb1\/#breadcrumb"},"inLanguage":"hu","potentialAction":[{"@type":"ReadAction","target":["https:\/\/sxflightcase.com\/zh_hk\/\u7522\u54c1\/\u6a5f\u67b6\u5b89\u88dd\u7bb1\/"]}]},{"@type":"ImageObject","inLanguage":"hu","@id":"https:\/\/sxflightcase.com\/zh_hk\/\u7522\u54c1\/\u6a5f\u67b6\u5b89\u88dd\u7bb1\/#primaryimage","url":"https:\/\/sxflightcase.com\/wp-content\/uploads\/2024\/05\/rackmount-case12286554388.webp","contentUrl":"https:\/\/sxflightcase.com\/wp-content\/uploads\/2024\/05\/rackmount-case12286554388.webp","width":700,"height":700,"caption":"Rackmount Case"},{"@type":"BreadcrumbList","@id":"https:\/\/sxflightcase.com\/zh_hk\/\u7522\u54c1\/\u6a5f\u67b6\u5b89\u88dd\u7bb1\/#breadcrumb","itemListElement":[{"@type":"ListItem","position":1,"name":"Home","item":"https:\/\/sxflightcase.com\/"},{"@type":"ListItem","position":2,"name":"\u0e2a\u0e34\u0e19\u0e04\u0e49\u0e32","item":"https:\/\/sxflightcase.com\/th\/shop\/"},{"@type":"ListItem","position":3,"name":"Customize Rack Mount Case"}]},{"@type":"WebSite","@id":"https:\/\/sxflightcase.com\/th\/#website","url":"https:\/\/sxflightcase.com\/th\/","name":"sxpowercase.com","description":"Flight Case Factory","publisher":{"@id":"https:\/\/sxflightcase.com\/th\/#organization"},"potentialAction":[{"@type":"SearchAction","target":{"@type":"EntryPoint","urlTemplate":"https:\/\/sxflightcase.com\/th\/?s={search_term_string}"},"query-input":{"@type":"PropertyValueSpecification","valueRequired":true,"valueName":"search_term_string"}}],"inLanguage":"hu"},{"@type":"Organization","@id":"https:\/\/sxflightcase.com\/th\/#organization","name":"sxpowercase.com","url":"https:\/\/sxflightcase.com\/th\/","logo":{"@type":"ImageObject","inLanguage":"hu","@id":"https:\/\/sxflightcase.com\/th\/#\/schema\/logo\/image\/","url":"https:\/\/sxflightcase.com\/wp-content\/uploads\/2024\/04\/1713919036007.jpg","contentUrl":"https:\/\/sxflightcase.com\/wp-content\/uploads\/2024\/04\/1713919036007.jpg","width":382,"height":388,"caption":"sxpowercase.com"},"image":{"@id":"https:\/\/sxflightcase.com\/th\/#\/schema\/logo\/image\/"},"sameAs":["https:\/\/www.facebook.com\/profile.php?id=61560407257971"],"numberOfEmployees":{"@type":"QuantitativeValue","minValue":"11","maxValue":"50"}}]}},"_links":{"self":[{"href":"https:\/\/sxflightcase.com\/hu\/wp-json\/wp\/v2\/product\/1592","targetHints":{"allow":["GET"]}}],"collection":[{"href":"https:\/\/sxflightcase.com\/hu\/wp-json\/wp\/v2\/product"}],"about":[{"href":"https:\/\/sxflightcase.com\/hu\/wp-json\/wp\/v2\/types\/product"}],"replies":[{"embeddable":true,"href":"https:\/\/sxflightcase.com\/hu\/wp-json\/wp\/v2\/comments?post=1592"}],"version-history":[{"count":0,"href":"https:\/\/sxflightcase.com\/hu\/wp-json\/wp\/v2\/product\/1592\/revisions"}],"wp:featuredmedia":[{"embeddable":true,"href":"https:\/\/sxflightcase.com\/hu\/wp-json\/wp\/v2\/media\/1595"}],"wp:attachment":[{"href":"https:\/\/sxflightcase.com\/hu\/wp-json\/wp\/v2\/media?parent=1592"}],"wp:term":[{"taxonomy":"product_brand","embeddable":true,"href":"https:\/\/sxflightcase.com\/hu\/wp-json\/wp\/v2\/product_brand?post=1592"},{"taxonomy":"product_cat","embeddable":true,"href":"https:\/\/sxflightcase.com\/hu\/wp-json\/wp\/v2\/product_cat?post=1592"},{"taxonomy":"product_tag","embeddable":true,"href":"https:\/\/sxflightcase.com\/hu\/wp-json\/wp\/v2\/product_tag?post=1592"}],"curies":[{"name":"wp","href":"https:\/\/api.w.org\/{rel}","templated":true}]}}