{"id":1602,"date":"2024-05-10T02:17:12","date_gmt":"2024-05-10T01:17:12","guid":{"rendered":"https:\/\/sxpowercase.com\/?post_type=product&#038;p=1602"},"modified":"2024-06-27T08:15:23","modified_gmt":"2024-06-27T07:15:23","slug":"19-inch-rack-2","status":"publish","type":"product","link":"https:\/\/sxflightcase.com\/hu\/termek\/19-huvelykes-allvany-2\/","title":{"rendered":"MP 19 h\u00fcvelykes \u00e1llv\u00e1ny"},"content":{"rendered":"<h3><strong>Termel\u00e9si bevezet\u00e9s<\/strong><\/h3>\n<p>A 19 h\u00fcvelykes rack bels\u0151 sz\u00e9less\u00e9g\u00e9nek m\u00e9rete a szabv\u00e1nyos 19 h\u00fcvelykes m\u00e9ret. Az \u00e1llv\u00e1ny m\u00e9lys\u00e9ge (a h\u00e1ts\u00f3 fed\u00e9lig) 20,25\". Fed\u00e9lm\u00e9lys\u00e9g: 3,75\", 4 rug\u00f3s foganty\u00fa, 8 s\u00fcllyesztett csavart retesz lakatbet\u00e9tekkel. A Shengxiang rack tok sorozat 2U, 4U, 6U, 8U, 10U, 12U, 14U \u00e9s 16U rack tokokban is kaphat\u00f3.<\/p>\n<h3><strong>Term\u00e9k param\u00e9ter (specifik\u00e1ci\u00f3)<\/strong><\/h3>\n<section class=\"table-wrap\">\n<table class=\"table\" width=\"100%\" cellspacing=\"0\" cellpadding=\"0\">\n<tbody>\n<tr class=\"firstRow\">\n<td width=\"134\">Term\u00e9k neve<\/td>\n<td width=\"504\">19 h\u00fcvelykes \u00e1llv\u00e1ny<\/td>\n<\/tr>\n<tr>\n<td width=\"134\">Anyagok<\/td>\n<td width=\"504\">9 mm-es lamin\u00e1lt r\u00e9tegelt lemezb\u0151l k\u00e9sz\u00fclt szerkezet, kereskedelmi min\u0151s\u00e9g\u0171, lemezelt hardverrel, nagy teherb\u00edr\u00e1s\u00fa foganty\u00fakkal \u00e9s reteszekkel, valamint g\u00f6mbsarkokkal.<br \/>\nBe\u00e9p\u00edtett rug\u00f3s, s\u00fcllyesztett vontat\u00f3foganty\u00fa<br \/>\nEVA hab bels\u0151 p\u00e1rn\u00e1z\u00e1s, hogy az \u00fct\u00e9s\u00e1ll\u00f3 t\u00edpus\u00fa tok<\/td>\n<\/tr>\n<tr>\n<td width=\"134\">Sz\u00ednes<\/td>\n<td width=\"504\">Fekete, k\u00e9k, piros vagy egyedi<\/td>\n<\/tr>\n<tr>\n<td width=\"134\">Haszn\u00e1lat<\/td>\n<td width=\"504\">Sz\u00e1ll\u00edt\u00e1si t\u00e1rol\u00e1s v\u00e9delme<\/td>\n<\/tr>\n<\/tbody>\n<\/table>\n<\/section>\n<h3>Szervezze felszerel\u00e9s\u00e9t az SX 19 h\u00fcvelykes \u00e1llv\u00e1nymegold\u00e1sokkal<\/h3>\n<h4>SX 19 h\u00fcvelykes \u00e1llv\u00e1ny: Szervezze meg hat\u00e9konyan a munkater\u00fclet\u00e9t<\/h4>\n<p>A <a href=\"https:\/\/sxpowercase.com\/\" target=\"_blank\"  rel=\"noopener\" title=\"SX\"  data-wpil-monitor-id=\"502\">SX<\/a> A 19 h\u00fcvelykes \u00e1llv\u00e1nyt \u00fagy tervezt\u00e9k, hogy racionaliz\u00e1lja munkater\u00fclet\u00e9t, mivel sokoldal\u00fa \u00e9s megb\u00edzhat\u00f3 megold\u00e1st k\u00edn\u00e1l a berendez\u00e9sek felszerel\u00e9s\u00e9hez \u00e9s rendszerez\u00e9s\u00e9hez. Ak\u00e1r szerverek, audioeszk\u00f6z\u00f6k vagy h\u00e1l\u00f3zati berendez\u00e9sek kezel\u00e9s\u00e9r\u0151l van sz\u00f3, \u00e1llv\u00e1nyaink k\u00f6nny\u0171 hozz\u00e1f\u00e9r\u00e9st \u00e9s hat\u00e9kony helykihaszn\u00e1l\u00e1st biztos\u00edtanak.<\/p>\n<h4>Gy\u00e1ri k\u00f6zvetlen min\u0151s\u00e9g<\/h4>\n<p>Az SX-n\u00e9l a min\u0151s\u00e9get \u00e9s a megfizethet\u0151s\u00e9get helyezz\u00fck el\u0151t\u00e9rbe azzal, hogy 19 h\u00fcvelykes \u00e1llv\u00e1nyunkat k\u00f6zvetlen\u00fcl a gy\u00e1rb\u00f3l k\u00edn\u00e1ljuk. A k\u00f6zvet\u00edt\u0151k kik\u00fcsz\u00f6b\u00f6l\u00e9s\u00e9vel fenntartjuk a gy\u00e1rt\u00e1si szabv\u00e1nyok \u00e9s a k\u00f6lts\u00e9gek ellen\u0151rz\u00e9s\u00e9t, \u00edgy biztos\u00edtva, hogy \u00d6n versenyk\u00e9pes \u00e1ron kapja meg a kiv\u00e1l\u00f3 min\u0151s\u00e9g\u0171 term\u00e9ket.<\/p>\n<h4>Az \u00d6n ig\u00e9nyeire szabva<\/h4>\n<p>Tudjuk, hogy minden be\u00e1ll\u00edt\u00e1s egyedi. Ez\u00e9rt a 19 h\u00fcvelykes \u00e1llv\u00e1nyunk testre szabhat\u00f3, hogy megfeleljen az \u00d6n egyedi ig\u00e9nyeinek. Ak\u00e1r tov\u00e1bbi polcokra, k\u00e1belkezel\u00e9si megold\u00e1sokra vagy m\u00e1s m\u00e9retre van sz\u00fcks\u00e9ge, rackjeinket \u00fagy alak\u00edthatjuk, hogy z\u00f6kken\u0151mentesen illeszkedjenek k\u00f6rnyezet\u00e9be.<\/p>\n<hr \/>\n<h4>Mi\u00e9rt v\u00e1lassza az SX 19 h\u00fcvelykes \u00e1llv\u00e1nyt?<\/h4>\n<p>Az SX v\u00e1laszt\u00e1sa a tart\u00f3ss\u00e1g, a megb\u00edzhat\u00f3s\u00e1g \u00e9s a k\u00f6lts\u00e9ghat\u00e9konys\u00e1g v\u00e1laszt\u00e1s\u00e1t jelenti. \u00c1llv\u00e1nyainkat tart\u00f3san \u00e9p\u00edtik, \u00e9s \u00fagy tervezt\u00e9k, hogy b\u00e1rmilyen k\u00f6rnyezetben optimaliz\u00e1lj\u00e1k a helyet \u00e9s a szervez\u00e9st. Egyszer\u0171 telep\u00edt\u00e9s\u00fcknek \u00e9s robusztus fel\u00e9p\u00edt\u00e9s\u00fcknek k\u00f6sz\u00f6nhet\u0151en minden professzion\u00e1lis k\u00f6rnyezetben n\u00e9lk\u00fcl\u00f6zhetetlen eszk\u00f6zt jelentenek.<\/p>\n<hr \/>\n<h4>N\u00f6velje munkater\u00fclet\u00e9t az SX-szel<\/h4>\n<p>Fektessen be m\u00e9g ma egy SX 19 h\u00fcvelykes \u00e1llv\u00e1nyba, \u00e9s tapasztalja meg a k\u00fcl\u00f6nbs\u00e9get a szervezetts\u00e9g \u00e9s a hat\u00e9konys\u00e1g ter\u00e9n. Ak\u00e1r otthoni haszn\u00e1latra, st\u00fadi\u00f3felszerel\u00e9sekhez vagy professzion\u00e1lis install\u00e1ci\u00f3khoz, az SX \u00e1llv\u00e1nyok p\u00e1ratlan min\u0151s\u00e9get \u00e9s funkcionalit\u00e1st biztos\u00edtanak. L\u00e9pjen kapcsolatba vel\u00fcnk most, hogy felfedezze 19 h\u00fcvelykes Rack-v\u00e1laszt\u00e9kunkat, \u00e9s megtal\u00e1lja az \u00d6n ig\u00e9nyeinek megfelel\u0151 t\u00f6k\u00e9letes megold\u00e1st.<\/p>\n<p><strong>GYIK<\/strong><\/p>\n<p>Q: Mi a sz\u00e1ll\u00edt\u00e1si hat\u00e1rid\u0151?<\/p>\n<p>V: A szok\u00e1sos sz\u00e1ll\u00edt\u00e1si hat\u00e1rid\u0151 EXW Guangzhou. FOB, CFR, CIF, DDP, DDU stb. is elfogadjuk. Felaj\u00e1nljuk \u00d6nnek a sz\u00e1ll\u00edt\u00e1si d\u00edjakat, \u00e9s kiv\u00e1laszthatja azt, amelyik a legk\u00e9nyelmesebb \u00e9s leghat\u00e9konyabb az \u00d6n sz\u00e1m\u00e1ra.<\/p>\n<p>K: Melyik fizet\u00e9si form\u00e1t tudja elfogadni?<\/p>\n<p>V: T\/T, Western Union stb. Elfogadunk b\u00e1rmilyen k\u00e9nyelmes \u00e9s gyors fizet\u00e9si hat\u00e1rid\u0151t.<\/p>\n<p>K: Mikor kaphatom meg az \u00e1rat?<\/p>\n<p>V: \u00c1ltal\u00e1ban 8 \u00f3r\u00e1n bel\u00fcl \u00e1raj\u00e1nlatot adunk, miut\u00e1n megkaptuk a megkeres\u00e9s\u00e9t.<\/p>\n<p>K: Meg tudja csin\u00e1lni a saj\u00e1t csomagol\u00e1sunkat?<\/p>\n<p>V: Igen, \u00d6n csak megadja a csomagtervet, mi pedig elk\u00e9sz\u00edtj\u00fck, amit szeretne. A professzion\u00e1lis tervez\u0151 is seg\u00edthet a csomagol\u00e1s tervez\u00e9s\u00e9ben.<\/p>\n<p><strong>Min\u0151s\u00e9gellen\u0151rz\u00e9s<\/strong><\/p>\n<p>Van QC szem\u00e9ly\u00fcnk, aki a gy\u00e1rt\u00f3sorokon tart\u00f3zkodik az ellen\u0151rz\u00e9shez. Minden term\u00e9ket sz\u00e1ll\u00edt\u00e1s el\u0151tt ellen\u0151rizni kell. Mi csin\u00e1l inline ellen\u0151rz\u00e9s \u00e9s v\u00e9gs\u0151 ellen\u0151rz\u00e9s.<\/p>\n<p>1.Minden nyersanyag ellen\u0151rizve, amint meg\u00e9rkezik a gy\u00e1runkba.<\/p>\n<p>2.Minden darab \u00e9s log\u00f3 \u00e9s minden r\u00e9szlet ellen\u0151rizve a gy\u00e1rt\u00e1s sor\u00e1n.<\/p>\n<p>3.Minden csomagol\u00e1si r\u00e9szletet ellen\u0151riznek a gy\u00e1rt\u00e1s sor\u00e1n.<\/p>\n<p>4.Minden gy\u00e1rt\u00e1si min\u0151s\u00e9g \u00e9s csomagol\u00e1s ellen\u0151rz\u00f6tt a v\u00e9gs\u0151 ellen\u0151rz\u00e9s ut\u00e1n.<\/p>\n<p>Hot Tags: Alacsony \u00e1r, rakt\u00e1ron, ingyenes minta, t\u00e1p- \u00e9s jelk\u00e1bel, 16 Gauge 4 vezet\u0151 vezet\u00e9k, mikrofon \u00e1llv\u00e1ny tok, k\u00fclt\u00e9ri Led kijelz\u0151szekr\u00e9ny, Rack Mount, 19\" Rackmount Mixer Flight Cases\uff0celektromos disztr\u00f3 doboz, K\u00edna, besz\u00e1ll\u00edt\u00f3k, gy\u00e1r, testreszabott, nagykereskedelem, <span style=\"color: #993366;\"><a style=\"color: #993366;\" href=\"https:\/\/sxflightcase.com\/hu\/product-category\/all-product\/power-distribution-boxes\/\">t\u00e1pegys\u00e9gek<\/a>,\u00a0<a style=\"color: #993366;\" href=\"https:\/\/sxflightcase.com\/hu\/product-category\/all-product\/hoist-controllers\/\">t\u00e1pk\u00e1belek<\/a>,\u00a0<a style=\"color: #993366;\" href=\"https:\/\/sxflightcase.com\/hu\/product-category\/all-product\/hoist-controllers\/\">emel\u0151g\u00e9p-vez\u00e9rl\u0151k<\/a>,\u00a0<a style=\"color: #993366;\" href=\"https:\/\/sxflightcase.com\/hu\/product-category\/all-product\/flight-case\/\">rep\u00fcl\u00e9si esetek.<\/a><\/span><\/p>","protected":false},"excerpt":{"rendered":"<h2 class=\"prodetails-name\">19 h\u00fcvelykes \u00e1llv\u00e1ny<\/h2>\n<p>K\u00edn\u00e1lunk egy sor 19 h\u00fcvelykes racket, amelyek megfelelnek a legt\u00f6bb sz\u00ednpadi felszerel\u00e9snek, mint p\u00e9ld\u00e1ul az er\u0151s\u00edt\u0151 \u00e9s a processzor, k\u00fcl\u00f6nb\u00f6z\u0151 opci\u00f3kkal. A tok egy egyedi \u00e9p\u00edt\u00e9s\u0171 <a class=\"wpil_keyword_link\" title=\"rep\u00fcl\u0151t\u00e1ska\" href=\"https:\/\/sxpowercase.com\/product-category\/all-product\/flight-case\/\" target=\"_blank\" rel=\"noopener\" data-wpil-keyword-link=\"linked\" data-wpil-monitor-id=\"389\">rep\u00fcl\u0151t\u00e1ska<\/a> nagy teherb\u00edr\u00e1s\u00fa szerelv\u00e9nyekkel \u00e9s szabv\u00e1nyos kivitel\u0171 fekete r\u00e9tegelt lemezzel.<\/p>\n<h2><strong>Termel\u00e9si bevezet\u00e9s<\/strong><\/h2>\n<p>A 19 h\u00fcvelykes rack bels\u0151 sz\u00e9less\u00e9g\u00e9nek m\u00e9rete a szabv\u00e1nyos 19 h\u00fcvelykes m\u00e9ret. Az \u00e1llv\u00e1ny m\u00e9lys\u00e9ge (a h\u00e1ts\u00f3 fed\u00e9lig) 20,25\". Fed\u00e9lm\u00e9lys\u00e9g: 3,75\", 4 rug\u00f3s foganty\u00fa, 8 s\u00fcllyesztett csavart retesz lakatbet\u00e9tekkel. A Shengxiang rack tok sorozat 2U, 4U, 6U, 8U, 10U, 12U, 14U \u00e9s 16U rack tokokban is kaphat\u00f3.<\/p>","protected":false},"featured_media":1603,"comment_status":"open","ping_status":"closed","template":"","meta":[],"product_brand":[],"product_cat":[35],"product_tag":[50],"class_list":{"0":"post-1602","1":"product","2":"type-product","3":"status-publish","4":"has-post-thumbnail","6":"product_cat-standard-rack-cases","7":"product_tag-mp","9":"first","10":"instock","11":"shipping-taxable","12":"product-type-simple"},"yoast_head":"<!-- This site is optimized with the Yoast SEO Premium plugin v27.1 (Yoast SEO v27.2) - https:\/\/yoast.com\/product\/yoast-seo-premium-wordpress\/ -->\n<title>MP 19-Inch Rack - https:\/\/sxflightcase.com \ud83d\udc97<\/title>\n<meta name=\"description\" content=\"19-Inch Rack: Discover our factory-direct options, offering professional customization for efficient organization and storage of your equipment.\" \/>\n<meta name=\"robots\" content=\"index, follow, max-snippet:-1, max-image-preview:large, max-video-preview:-1\" \/>\n<link rel=\"canonical\" href=\"https:\/\/sxflightcase.com\/hu\/produkt\/19-tommer-rack-2\/\" \/>\n<meta property=\"og:locale\" content=\"hu_HU\" \/>\n<meta property=\"og:type\" content=\"article\" \/>\n<meta property=\"og:title\" content=\"MP 19-Inch Rack\" \/>\n<meta property=\"og:description\" content=\"19-Inch Rack: Discover our factory-direct options, offering professional customization for efficient organization and storage of your equipment.\" \/>\n<meta property=\"og:url\" content=\"https:\/\/sxflightcase.com\/hu\/produkt\/19-tommer-rack-2\/\" \/>\n<meta property=\"og:site_name\" content=\"https:\/\/sxflightcase.com\" \/>\n<meta property=\"article:publisher\" content=\"https:\/\/www.facebook.com\/profile.php?id=61560407257971\" \/>\n<meta property=\"article:modified_time\" content=\"2024-06-27T07:15:23+00:00\" \/>\n<meta property=\"og:image\" content=\"https:\/\/sxflightcase.com\/wp-content\/uploads\/2024\/05\/19-inch-rack03459619372.webp\" \/>\n\t<meta property=\"og:image:width\" content=\"750\" \/>\n\t<meta property=\"og:image:height\" content=\"750\" \/>\n\t<meta property=\"og:image:type\" content=\"image\/webp\" \/>\n<meta name=\"twitter:card\" content=\"summary_large_image\" \/>\n<meta name=\"twitter:label1\" content=\"Becs\u00fclt olvas\u00e1si id\u0151\" \/>\n\t<meta name=\"twitter:data1\" content=\"4 perc\" \/>\n<script type=\"application\/ld+json\" class=\"yoast-schema-graph\">{\"@context\":\"https:\/\/schema.org\",\"@graph\":[{\"@type\":\"WebPage\",\"@id\":\"https:\/\/sxflightcase.com\/da\/produkt\/19-tommer-rack-2\/\",\"url\":\"https:\/\/sxflightcase.com\/da\/produkt\/19-tommer-rack-2\/\",\"name\":\"MP 19-Inch Rack - https:\/\/sxflightcase.com \ud83d\udc97\",\"isPartOf\":{\"@id\":\"https:\/\/sxflightcase.com\/th\/#website\"},\"primaryImageOfPage\":{\"@id\":\"https:\/\/sxflightcase.com\/da\/produkt\/19-tommer-rack-2\/#primaryimage\"},\"image\":{\"@id\":\"https:\/\/sxflightcase.com\/da\/produkt\/19-tommer-rack-2\/#primaryimage\"},\"thumbnailUrl\":\"https:\/\/sxflightcase.com\/wp-content\/uploads\/2024\/05\/19-inch-rack03459619372.webp\",\"datePublished\":\"2024-05-10T01:17:12+00:00\",\"dateModified\":\"2024-06-27T07:15:23+00:00\",\"description\":\"19-Inch Rack: Discover our factory-direct options, offering professional customization for efficient organization and storage of your equipment.\",\"breadcrumb\":{\"@id\":\"https:\/\/sxflightcase.com\/da\/produkt\/19-tommer-rack-2\/#breadcrumb\"},\"inLanguage\":\"hu\",\"potentialAction\":[{\"@type\":\"ReadAction\",\"target\":[\"https:\/\/sxflightcase.com\/da\/produkt\/19-tommer-rack-2\/\"]}]},{\"@type\":\"ImageObject\",\"inLanguage\":\"hu\",\"@id\":\"https:\/\/sxflightcase.com\/da\/produkt\/19-tommer-rack-2\/#primaryimage\",\"url\":\"https:\/\/sxflightcase.com\/wp-content\/uploads\/2024\/05\/19-inch-rack03459619372.webp\",\"contentUrl\":\"https:\/\/sxflightcase.com\/wp-content\/uploads\/2024\/05\/19-inch-rack03459619372.webp\",\"width\":750,\"height\":750,\"caption\":\"19-Inch Rack\"},{\"@type\":\"BreadcrumbList\",\"@id\":\"https:\/\/sxflightcase.com\/da\/produkt\/19-tommer-rack-2\/#breadcrumb\",\"itemListElement\":[{\"@type\":\"ListItem\",\"position\":1,\"name\":\"Home\",\"item\":\"https:\/\/sxflightcase.com\/\"},{\"@type\":\"ListItem\",\"position\":2,\"name\":\"\u0e2a\u0e34\u0e19\u0e04\u0e49\u0e32\",\"item\":\"https:\/\/sxflightcase.com\/th\/shop\/\"},{\"@type\":\"ListItem\",\"position\":3,\"name\":\"MP 19-Inch Rack\"}]},{\"@type\":\"WebSite\",\"@id\":\"https:\/\/sxflightcase.com\/th\/#website\",\"url\":\"https:\/\/sxflightcase.com\/th\/\",\"name\":\"sxpowercase.com\",\"description\":\"Flight Case Factory\",\"publisher\":{\"@id\":\"https:\/\/sxflightcase.com\/th\/#organization\"},\"potentialAction\":[{\"@type\":\"SearchAction\",\"target\":{\"@type\":\"EntryPoint\",\"urlTemplate\":\"https:\/\/sxflightcase.com\/th\/?s={search_term_string}\"},\"query-input\":{\"@type\":\"PropertyValueSpecification\",\"valueRequired\":true,\"valueName\":\"search_term_string\"}}],\"inLanguage\":\"hu\"},{\"@type\":\"Organization\",\"@id\":\"https:\/\/sxflightcase.com\/th\/#organization\",\"name\":\"sxpowercase.com\",\"url\":\"https:\/\/sxflightcase.com\/th\/\",\"logo\":{\"@type\":\"ImageObject\",\"inLanguage\":\"hu\",\"@id\":\"https:\/\/sxflightcase.com\/th\/#\/schema\/logo\/image\/\",\"url\":\"https:\/\/sxflightcase.com\/wp-content\/uploads\/2024\/04\/1713919036007.jpg\",\"contentUrl\":\"https:\/\/sxflightcase.com\/wp-content\/uploads\/2024\/04\/1713919036007.jpg\",\"width\":382,\"height\":388,\"caption\":\"sxpowercase.com\"},\"image\":{\"@id\":\"https:\/\/sxflightcase.com\/th\/#\/schema\/logo\/image\/\"},\"sameAs\":[\"https:\/\/www.facebook.com\/profile.php?id=61560407257971\"],\"numberOfEmployees\":{\"@type\":\"QuantitativeValue\",\"minValue\":\"11\",\"maxValue\":\"50\"}}]}<\/script>\n<!-- \/ Yoast SEO Premium plugin. -->","yoast_head_json":{"title":"MP 19-Inch Rack - https:\/\/sxflightcase.com \ud83d\udc97","description":"19 h\u00fcvelykes \u00e1llv\u00e1ny: Fedezze fel gy\u00e1ri k\u00f6zvetlen opci\u00f3inkat, amelyek professzion\u00e1lis testreszab\u00e1st k\u00edn\u00e1lnak a berendez\u00e9sek hat\u00e9kony szervez\u00e9s\u00e9hez \u00e9s t\u00e1rol\u00e1s\u00e1hoz.","robots":{"index":"index","follow":"follow","max-snippet":"max-snippet:-1","max-image-preview":"max-image-preview:large","max-video-preview":"max-video-preview:-1"},"canonical":"https:\/\/sxflightcase.com\/hu\/produkt\/19-tommer-rack-2\/","og_locale":"hu_HU","og_type":"article","og_title":"MP 19-Inch Rack","og_description":"19-Inch Rack: Discover our factory-direct options, offering professional customization for efficient organization and storage of your equipment.","og_url":"https:\/\/sxflightcase.com\/hu\/produkt\/19-tommer-rack-2\/","og_site_name":"https:\/\/sxflightcase.com","article_publisher":"https:\/\/www.facebook.com\/profile.php?id=61560407257971","article_modified_time":"2024-06-27T07:15:23+00:00","og_image":[{"width":750,"height":750,"url":"https:\/\/sxflightcase.com\/wp-content\/uploads\/2024\/05\/19-inch-rack03459619372.webp","type":"image\/webp"}],"twitter_card":"summary_large_image","twitter_misc":{"Becs\u00fclt olvas\u00e1si id\u0151":"4 perc"},"schema":{"@context":"https:\/\/schema.org","@graph":[{"@type":"WebPage","@id":"https:\/\/sxflightcase.com\/da\/produkt\/19-tommer-rack-2\/","url":"https:\/\/sxflightcase.com\/da\/produkt\/19-tommer-rack-2\/","name":"MP 19-Inch Rack - https:\/\/sxflightcase.com \ud83d\udc97","isPartOf":{"@id":"https:\/\/sxflightcase.com\/th\/#website"},"primaryImageOfPage":{"@id":"https:\/\/sxflightcase.com\/da\/produkt\/19-tommer-rack-2\/#primaryimage"},"image":{"@id":"https:\/\/sxflightcase.com\/da\/produkt\/19-tommer-rack-2\/#primaryimage"},"thumbnailUrl":"https:\/\/sxflightcase.com\/wp-content\/uploads\/2024\/05\/19-inch-rack03459619372.webp","datePublished":"2024-05-10T01:17:12+00:00","dateModified":"2024-06-27T07:15:23+00:00","description":"19 h\u00fcvelykes \u00e1llv\u00e1ny: Fedezze fel gy\u00e1ri k\u00f6zvetlen opci\u00f3inkat, amelyek professzion\u00e1lis testreszab\u00e1st k\u00edn\u00e1lnak a berendez\u00e9sek hat\u00e9kony szervez\u00e9s\u00e9hez \u00e9s t\u00e1rol\u00e1s\u00e1hoz.","breadcrumb":{"@id":"https:\/\/sxflightcase.com\/da\/produkt\/19-tommer-rack-2\/#breadcrumb"},"inLanguage":"hu","potentialAction":[{"@type":"ReadAction","target":["https:\/\/sxflightcase.com\/da\/produkt\/19-tommer-rack-2\/"]}]},{"@type":"ImageObject","inLanguage":"hu","@id":"https:\/\/sxflightcase.com\/da\/produkt\/19-tommer-rack-2\/#primaryimage","url":"https:\/\/sxflightcase.com\/wp-content\/uploads\/2024\/05\/19-inch-rack03459619372.webp","contentUrl":"https:\/\/sxflightcase.com\/wp-content\/uploads\/2024\/05\/19-inch-rack03459619372.webp","width":750,"height":750,"caption":"19-Inch Rack"},{"@type":"BreadcrumbList","@id":"https:\/\/sxflightcase.com\/da\/produkt\/19-tommer-rack-2\/#breadcrumb","itemListElement":[{"@type":"ListItem","position":1,"name":"Home","item":"https:\/\/sxflightcase.com\/"},{"@type":"ListItem","position":2,"name":"\u0e2a\u0e34\u0e19\u0e04\u0e49\u0e32","item":"https:\/\/sxflightcase.com\/th\/shop\/"},{"@type":"ListItem","position":3,"name":"MP 19-Inch Rack"}]},{"@type":"WebSite","@id":"https:\/\/sxflightcase.com\/th\/#website","url":"https:\/\/sxflightcase.com\/th\/","name":"sxpowercase.com","description":"Flight Case Factory","publisher":{"@id":"https:\/\/sxflightcase.com\/th\/#organization"},"potentialAction":[{"@type":"SearchAction","target":{"@type":"EntryPoint","urlTemplate":"https:\/\/sxflightcase.com\/th\/?s={search_term_string}"},"query-input":{"@type":"PropertyValueSpecification","valueRequired":true,"valueName":"search_term_string"}}],"inLanguage":"hu"},{"@type":"Organization","@id":"https:\/\/sxflightcase.com\/th\/#organization","name":"sxpowercase.com","url":"https:\/\/sxflightcase.com\/th\/","logo":{"@type":"ImageObject","inLanguage":"hu","@id":"https:\/\/sxflightcase.com\/th\/#\/schema\/logo\/image\/","url":"https:\/\/sxflightcase.com\/wp-content\/uploads\/2024\/04\/1713919036007.jpg","contentUrl":"https:\/\/sxflightcase.com\/wp-content\/uploads\/2024\/04\/1713919036007.jpg","width":382,"height":388,"caption":"sxpowercase.com"},"image":{"@id":"https:\/\/sxflightcase.com\/th\/#\/schema\/logo\/image\/"},"sameAs":["https:\/\/www.facebook.com\/profile.php?id=61560407257971"],"numberOfEmployees":{"@type":"QuantitativeValue","minValue":"11","maxValue":"50"}}]}},"_links":{"self":[{"href":"https:\/\/sxflightcase.com\/hu\/wp-json\/wp\/v2\/product\/1602","targetHints":{"allow":["GET"]}}],"collection":[{"href":"https:\/\/sxflightcase.com\/hu\/wp-json\/wp\/v2\/product"}],"about":[{"href":"https:\/\/sxflightcase.com\/hu\/wp-json\/wp\/v2\/types\/product"}],"replies":[{"embeddable":true,"href":"https:\/\/sxflightcase.com\/hu\/wp-json\/wp\/v2\/comments?post=1602"}],"version-history":[{"count":0,"href":"https:\/\/sxflightcase.com\/hu\/wp-json\/wp\/v2\/product\/1602\/revisions"}],"wp:featuredmedia":[{"embeddable":true,"href":"https:\/\/sxflightcase.com\/hu\/wp-json\/wp\/v2\/media\/1603"}],"wp:attachment":[{"href":"https:\/\/sxflightcase.com\/hu\/wp-json\/wp\/v2\/media?parent=1602"}],"wp:term":[{"taxonomy":"product_brand","embeddable":true,"href":"https:\/\/sxflightcase.com\/hu\/wp-json\/wp\/v2\/product_brand?post=1602"},{"taxonomy":"product_cat","embeddable":true,"href":"https:\/\/sxflightcase.com\/hu\/wp-json\/wp\/v2\/product_cat?post=1602"},{"taxonomy":"product_tag","embeddable":true,"href":"https:\/\/sxflightcase.com\/hu\/wp-json\/wp\/v2\/product_tag?post=1602"}],"curies":[{"name":"wp","href":"https:\/\/api.w.org\/{rel}","templated":true}]}}