{"id":1607,"date":"2024-05-10T02:29:21","date_gmt":"2024-05-10T01:29:21","guid":{"rendered":"https:\/\/sxpowercase.com\/?post_type=product&#038;p=1607"},"modified":"2024-06-27T08:16:10","modified_gmt":"2024-06-27T07:16:10","slug":"rack-mount-enclosure","status":"publish","type":"product","link":"https:\/\/sxflightcase.com\/hu\/termek\/rackbe-szerelheto-haz\/","title":{"rendered":"FC rackbe szerelhet\u0151 h\u00e1z"},"content":{"rendered":"<p><strong>Term\u00e9k param\u00e9ter (specifik\u00e1ci\u00f3)<\/strong><\/p>\n<section class=\"table-wrap\">\n<table class=\"table\" width=\"100%\" cellspacing=\"0\" cellpadding=\"0\">\n<tbody>\n<tr class=\"firstRow\">\n<td width=\"134\">A term\u00e9k neve:<\/td>\n<td width=\"503\">Rackbe szerelhet\u0151 h\u00e1z<\/td>\n<\/tr>\n<tr>\n<td width=\"134\">Anyag<\/td>\n<td width=\"503\">Alum\u00ednium keret + t\u0171z\u00e1ll\u00f3 +9mm r\u00e9tegelt lemez<\/td>\n<\/tr>\n<tr>\n<td width=\"134\">Bel\u00fcl<\/td>\n<td width=\"503\">Nagy s\u0171r\u0171s\u00e9g\u0171 \u00fct\u00e9s\u00e1ll\u00f3 hab<\/td>\n<\/tr>\n<tr>\n<td width=\"134\">M\u00e9ret<\/td>\n<td width=\"503\">Testre szabhat\u00f3<\/td>\n<\/tr>\n<tr>\n<td width=\"134\">Tartoz\u00e9kok<\/td>\n<td width=\"503\">Nyolc pillang\u00f3z\u00e1r, n\u00e9gy ker\u00e9k a k\u00f6nny\u0171 sz\u00e1ll\u00edt\u00e1shoz, n\u00e9gy er\u0151s foganty\u00fa<\/td>\n<\/tr>\n<tr>\n<td width=\"134\">Custom<\/td>\n<td width=\"503\">Mindenf\u00e9le testreszab\u00e1st \u00fcdv\u00f6z\u00f6l\u00fcnk, mint p\u00e9ld\u00e1ul az alum\u00ednium tok anyaga, m\u00e9rete, bels\u0151 t\u00f6ltel\u00e9kek, foganty\u00fak, z\u00e1rak \u00e9s \u00edgy tov\u00e1bb.<\/td>\n<\/tr>\n<\/tbody>\n<\/table>\n<\/section>\n<h3>Biztos\u00edtsa berendez\u00e9seit az SX Rack Mount h\u00e1zakkal<\/h3>\n<h4>SX rackbe szerelhet\u0151 szekr\u00e9nyek: V\u00e9dje \u00e9s rendszerezze berendez\u00e9seit<\/h4>\n<p>Biztos\u00edtsa \u00e9rt\u00e9kes felszerel\u00e9s\u00e9nek biztons\u00e1g\u00e1t \u00e9s rendszerez\u00e9s\u00e9t a k\u00f6vetkez\u0151 eszk\u00f6z\u00f6kkel <a href=\"https:\/\/sxpowercase.com\/\" target=\"_blank\"  rel=\"noopener\" title=\"SX\"  data-wpil-monitor-id=\"503\">SX<\/a> Rackbe szerelhet\u0151 szekr\u00e9nyek. Ezeket a h\u00e1zakat \u00fagy tervezt\u00e9k, hogy biztons\u00e1gosan elhelyezz\u00e9k az elektronik\u00e1t, v\u00e9delmet ny\u00fajtanak a por, a nedvess\u00e9g \u00e9s a fizikai s\u00e9r\u00fcl\u00e9sek ellen, mik\u00f6zben optimaliz\u00e1lj\u00e1k a helyet \u00e9s a hozz\u00e1f\u00e9rhet\u0151s\u00e9get.<\/p>\n<h4>K\u00f6zvetlen\u00fcl a gy\u00e1runkb\u00f3l<\/h4>\n<p>Az SX-n\u00e9l a min\u0151s\u00e9get \u00e9s a megb\u00edzhat\u00f3s\u00e1got helyezz\u00fck el\u0151t\u00e9rbe. Rackbe szerelhet\u0151 burkolatainkat k\u00f6zvetlen\u00fcl a gy\u00e1runkban gy\u00e1rtjuk, ami lehet\u0151v\u00e9 teszi sz\u00e1munkra a szigor\u00fa min\u0151s\u00e9gellen\u0151rz\u00e9st \u00e9s a versenyk\u00e9pes \u00e1rakat. A k\u00f6zvet\u00edt\u0151k kik\u00fcsz\u00f6b\u00f6l\u00e9s\u00e9vel biztos\u00edtjuk, hogy tart\u00f3s \u00e9s k\u00f6lts\u00e9ghat\u00e9kony megold\u00e1st kapjon.<\/p>\n<h4>Testreszabhat\u00f3 megold\u00e1sok<\/h4>\n<p>Meg\u00e9rtj\u00fck, hogy minden be\u00e1ll\u00edt\u00e1s egyedi. Ez\u00e9rt a Rack Mount Enclosure-inket az \u00d6n egyedi ig\u00e9nyeihez igaz\u00edthatjuk. Ak\u00e1r tov\u00e1bbi szell\u0151z\u00e9sre, k\u00e1belkezel\u00e9si lehet\u0151s\u00e9gekre vagy egy adott m\u00e9retre van sz\u00fcks\u00e9ge, a mi h\u00e1zainkat \u00fagy alak\u00edtjuk ki, hogy z\u00f6kken\u0151mentesen illeszkedjenek k\u00f6rnyezet\u00e9be.<\/p>\n<hr \/>\n<h4>Mi\u00e9rt v\u00e1lassza az SX Rack Mount Enclosures-t?<\/h4>\n<p>Az SX v\u00e1laszt\u00e1sa a tart\u00f3ss\u00e1g, a funkcionalit\u00e1s \u00e9s a nyugalom v\u00e1laszt\u00e1s\u00e1t jelenti. Burkolatainkat \u00fagy tervezt\u00e9k, hogy ellen\u00e1lljanak a professzion\u00e1lis haszn\u00e1lat viszontags\u00e1gainak, mik\u00f6zben k\u00f6nny\u0171 hozz\u00e1f\u00e9r\u00e9st \u00e9s v\u00e9delmet biztos\u00edtanak berendez\u00e9sei sz\u00e1m\u00e1ra. Sokoldal\u00fa kialak\u00edt\u00e1sukkal \u00e9s robusztus fel\u00e9p\u00edt\u00e9s\u00fckkel ide\u00e1lisak a legk\u00fcl\u00f6nb\u00f6z\u0151bb alkalmaz\u00e1sokhoz.<\/p>\n<hr \/>\n<h4>N\u00f6velje be\u00e1ll\u00edt\u00e1sait az SX seg\u00edts\u00e9g\u00e9vel<\/h4>\n<p>Fektessen be m\u00e9g ma egy SX Rack Mount Enclosure k\u00e9sz\u00fcl\u00e9kh\u00e1zba, \u00e9s tapasztalja meg elektronik\u00e1ja fokozott biztons\u00e1g\u00e1t \u00e9s szervezetts\u00e9g\u00e9t. Legyen sz\u00f3 adatk\u00f6zpontokr\u00f3l, audiovizu\u00e1lis berendez\u00e9sekr\u0151l vagy ipari alkalmaz\u00e1sokr\u00f3l, az SX szekr\u00e9nyek kiv\u00e1l\u00f3 teljes\u00edtm\u00e9nyt \u00e9s megb\u00edzhat\u00f3s\u00e1got ny\u00fajtanak. L\u00e9pjen kapcsolatba vel\u00fcnk most, hogy felfedezze k\u00edn\u00e1latunkat, \u00e9s megtal\u00e1lja az \u00d6n ig\u00e9nyeinek megfelel\u0151 t\u00f6k\u00e9letes megold\u00e1st.<\/p>\n<p><strong>GYIK<\/strong><\/p>\n<p>Q: Mi a sz\u00e1ll\u00edt\u00e1si hat\u00e1rid\u0151?<\/p>\n<p>V: A szok\u00e1sos sz\u00e1ll\u00edt\u00e1si hat\u00e1rid\u0151 EXW Guangzhou. FOB, CFR, CIF, DDP, DDU stb. is elfogadjuk. Felaj\u00e1nljuk \u00d6nnek a sz\u00e1ll\u00edt\u00e1si d\u00edjakat, \u00e9s kiv\u00e1laszthatja azt, amelyik a legk\u00e9nyelmesebb \u00e9s leghat\u00e9konyabb az \u00d6n sz\u00e1m\u00e1ra.<\/p>\n<p>K: Melyik fizet\u00e9si form\u00e1t tudja elfogadni?<\/p>\n<p>V: T\/T, Western Union stb. Elfogadunk b\u00e1rmilyen k\u00e9nyelmes \u00e9s gyors fizet\u00e9si hat\u00e1rid\u0151t.<\/p>\n<p>Hot Tags: Alacsony \u00e1r, rakt\u00e1ron, ingyenes minta, t\u00e1p- \u00e9s jelk\u00e1bel, 16 Gauge 4 vezet\u0151 vezet\u00e9k, mikrofon \u00e1llv\u00e1ny tok, k\u00fclt\u00e9ri Led kijelz\u0151szekr\u00e9ny, Rack Mount, 19\" Rackmount Mixer Flight Cases\uff0celektromos disztr\u00f3 doboz, K\u00edna, besz\u00e1ll\u00edt\u00f3k, gy\u00e1r, testreszabott, nagykereskedelem, <span style=\"color: #993366;\"><a style=\"color: #993366;\" href=\"https:\/\/sxflightcase.com\/hu\/product-category\/all-product\/power-distribution-boxes\/\">t\u00e1pegys\u00e9gek<\/a>,\u00a0<a style=\"color: #993366;\" href=\"https:\/\/sxflightcase.com\/hu\/product-category\/all-product\/hoist-controllers\/\">t\u00e1pk\u00e1belek<\/a>,\u00a0<a style=\"color: #993366;\" href=\"https:\/\/sxflightcase.com\/hu\/product-category\/all-product\/hoist-controllers\/\">emel\u0151g\u00e9p-vez\u00e9rl\u0151k<\/a>,\u00a0<a style=\"color: #993366;\" href=\"https:\/\/sxflightcase.com\/hu\/product-category\/all-product\/flight-case\/\">rep\u00fcl\u00e9si esetek.<\/a><\/span><\/p>","protected":false},"excerpt":{"rendered":"<h2>Rack szerelhet\u0151 burkolat<\/h2>\n<p>A 2001-ben alap\u00edtott c\u00e9g\u00fcnk mindenf\u00e9le rackbe szerelhet\u0151 szekr\u00e9ny gy\u00e1rt\u00e1s\u00e1ra specializ\u00e1l\u00f3dott, t\u00f6bb mint 20 00 n\u00e9gyzetm\u00e9teres m\u0171helyter\u00fclettel. \u00c1ltal\u00e1ban 2u-t\u00f3l 20u-ig terjed\u0151 rackbe szerelhet\u0151 h\u00e1zakat k\u00e9sz\u00edt\u00fcnk, de k\u00fcl\u00f6nb\u00f6z\u0151 m\u00e9reteket is k\u00e9sz\u00edt\u00fcnk az \u00d6n ig\u00e9nyeit\u0151l f\u00fcgg\u0151en.<\/p>\n<h2><strong>Termel\u00e9si bevezet\u00e9s<\/strong><\/h2>\n<p>A rackbe szerelhet\u0151 szekr\u00e9ny bels\u0151 sz\u00e9less\u00e9g\u00e9nek m\u00e9rete szabv\u00e1nyos 19\". A rack m\u00e9lys\u00e9ge (a h\u00e1ts\u00f3 fed\u00e9lig) 20,25\". Fed\u00e9lm\u00e9lys\u00e9g: 3,75\", 4 rug\u00f3s foganty\u00fa, 8 s\u00fcllyesztett csavart retesz lakatbet\u00e9tekkel. A Shengxiang rack tok sorozat 2U, 4U, 6U, 8U, 10U, 12U, 14U \u00e9s 16U rack tokokban is kaphat\u00f3.<\/p>","protected":false},"featured_media":1611,"comment_status":"open","ping_status":"closed","template":"","meta":[],"product_brand":[],"product_cat":[35],"product_tag":[52],"class_list":{"0":"post-1607","1":"product","2":"type-product","3":"status-publish","4":"has-post-thumbnail","6":"product_cat-standard-rack-cases","7":"product_tag-fc","9":"first","10":"instock","11":"shipping-taxable","12":"product-type-simple"},"yoast_head":"<!-- This site is optimized with the Yoast SEO Premium plugin v27.1 (Yoast SEO v27.2) - https:\/\/yoast.com\/product\/yoast-seo-premium-wordpress\/ -->\n<title>FC Rack Mount Enclosure - https:\/\/sxflightcase.com \ud83d\udc97<\/title>\n<meta name=\"description\" content=\"Rack Mount Enclosure: Explore our factory-direct options for professional customization, ensuring optimal organization and protection of your equipment.\" \/>\n<meta name=\"robots\" content=\"index, follow, max-snippet:-1, max-image-preview:large, max-video-preview:-1\" \/>\n<link rel=\"canonical\" href=\"https:\/\/sxflightcase.com\/hu\/\u0645\u0646\u062a\u062c\/\u0636\u0645\u064a\u0645\u0629-\u062a\u0631\u0643\u064a\u0628-\u0627\u0644\u062d\u0627\u0645\u0644-2\/\" \/>\n<meta property=\"og:locale\" content=\"hu_HU\" \/>\n<meta property=\"og:type\" content=\"article\" \/>\n<meta property=\"og:title\" content=\"FC Rack Mount Enclosure\" \/>\n<meta property=\"og:description\" content=\"Rack Mount Enclosure: Explore our factory-direct options for professional customization, ensuring optimal organization and protection of your equipment.\" \/>\n<meta property=\"og:url\" content=\"https:\/\/sxflightcase.com\/hu\/\u0645\u0646\u062a\u062c\/\u0636\u0645\u064a\u0645\u0629-\u062a\u0631\u0643\u064a\u0628-\u0627\u0644\u062d\u0627\u0645\u0644-2\/\" \/>\n<meta property=\"og:site_name\" content=\"https:\/\/sxflightcase.com\" \/>\n<meta property=\"article:publisher\" content=\"https:\/\/www.facebook.com\/profile.php?id=61560407257971\" \/>\n<meta property=\"article:modified_time\" content=\"2024-06-27T07:16:10+00:00\" \/>\n<meta property=\"og:image\" content=\"https:\/\/sxflightcase.com\/wp-content\/uploads\/2024\/05\/rack-mount-enclosure00548436494.webp\" \/>\n\t<meta property=\"og:image:width\" content=\"730\" \/>\n\t<meta property=\"og:image:height\" content=\"730\" \/>\n\t<meta property=\"og:image:type\" content=\"image\/webp\" \/>\n<meta name=\"twitter:card\" content=\"summary_large_image\" \/>\n<meta name=\"twitter:label1\" content=\"Becs\u00fclt olvas\u00e1si id\u0151\" \/>\n\t<meta name=\"twitter:data1\" content=\"3 perc\" \/>\n<script type=\"application\/ld+json\" class=\"yoast-schema-graph\">{\"@context\":\"https:\/\/schema.org\",\"@graph\":[{\"@type\":\"WebPage\",\"@id\":\"https:\/\/sxflightcase.com\/ar\/\u0645\u0646\u062a\u062c\/\u0636\u0645\u064a\u0645\u0629-\u062a\u0631\u0643\u064a\u0628-\u0627\u0644\u062d\u0627\u0645\u0644-2\/\",\"url\":\"https:\/\/sxflightcase.com\/ar\/\u0645\u0646\u062a\u062c\/\u0636\u0645\u064a\u0645\u0629-\u062a\u0631\u0643\u064a\u0628-\u0627\u0644\u062d\u0627\u0645\u0644-2\/\",\"name\":\"FC Rack Mount Enclosure - https:\/\/sxflightcase.com \ud83d\udc97\",\"isPartOf\":{\"@id\":\"https:\/\/sxflightcase.com\/th\/#website\"},\"primaryImageOfPage\":{\"@id\":\"https:\/\/sxflightcase.com\/ar\/\u0645\u0646\u062a\u062c\/\u0636\u0645\u064a\u0645\u0629-\u062a\u0631\u0643\u064a\u0628-\u0627\u0644\u062d\u0627\u0645\u0644-2\/#primaryimage\"},\"image\":{\"@id\":\"https:\/\/sxflightcase.com\/ar\/\u0645\u0646\u062a\u062c\/\u0636\u0645\u064a\u0645\u0629-\u062a\u0631\u0643\u064a\u0628-\u0627\u0644\u062d\u0627\u0645\u0644-2\/#primaryimage\"},\"thumbnailUrl\":\"https:\/\/sxflightcase.com\/wp-content\/uploads\/2024\/05\/rack-mount-enclosure00548436494.webp\",\"datePublished\":\"2024-05-10T01:29:21+00:00\",\"dateModified\":\"2024-06-27T07:16:10+00:00\",\"description\":\"Rack Mount Enclosure: Explore our factory-direct options for professional customization, ensuring optimal organization and protection of your equipment.\",\"breadcrumb\":{\"@id\":\"https:\/\/sxflightcase.com\/ar\/\u0645\u0646\u062a\u062c\/\u0636\u0645\u064a\u0645\u0629-\u062a\u0631\u0643\u064a\u0628-\u0627\u0644\u062d\u0627\u0645\u0644-2\/#breadcrumb\"},\"inLanguage\":\"hu\",\"potentialAction\":[{\"@type\":\"ReadAction\",\"target\":[\"https:\/\/sxflightcase.com\/ar\/\u0645\u0646\u062a\u062c\/\u0636\u0645\u064a\u0645\u0629-\u062a\u0631\u0643\u064a\u0628-\u0627\u0644\u062d\u0627\u0645\u0644-2\/\"]}]},{\"@type\":\"ImageObject\",\"inLanguage\":\"hu\",\"@id\":\"https:\/\/sxflightcase.com\/ar\/\u0645\u0646\u062a\u062c\/\u0636\u0645\u064a\u0645\u0629-\u062a\u0631\u0643\u064a\u0628-\u0627\u0644\u062d\u0627\u0645\u0644-2\/#primaryimage\",\"url\":\"https:\/\/sxflightcase.com\/wp-content\/uploads\/2024\/05\/rack-mount-enclosure00548436494.webp\",\"contentUrl\":\"https:\/\/sxflightcase.com\/wp-content\/uploads\/2024\/05\/rack-mount-enclosure00548436494.webp\",\"width\":730,\"height\":730,\"caption\":\"Rack Mount Enclosure\"},{\"@type\":\"BreadcrumbList\",\"@id\":\"https:\/\/sxflightcase.com\/ar\/\u0645\u0646\u062a\u062c\/\u0636\u0645\u064a\u0645\u0629-\u062a\u0631\u0643\u064a\u0628-\u0627\u0644\u062d\u0627\u0645\u0644-2\/#breadcrumb\",\"itemListElement\":[{\"@type\":\"ListItem\",\"position\":1,\"name\":\"Home\",\"item\":\"https:\/\/sxflightcase.com\/\"},{\"@type\":\"ListItem\",\"position\":2,\"name\":\"\u0e2a\u0e34\u0e19\u0e04\u0e49\u0e32\",\"item\":\"https:\/\/sxflightcase.com\/th\/shop\/\"},{\"@type\":\"ListItem\",\"position\":3,\"name\":\"FC Rack Mount Enclosure\"}]},{\"@type\":\"WebSite\",\"@id\":\"https:\/\/sxflightcase.com\/th\/#website\",\"url\":\"https:\/\/sxflightcase.com\/th\/\",\"name\":\"sxpowercase.com\",\"description\":\"Flight Case Factory\",\"publisher\":{\"@id\":\"https:\/\/sxflightcase.com\/th\/#organization\"},\"potentialAction\":[{\"@type\":\"SearchAction\",\"target\":{\"@type\":\"EntryPoint\",\"urlTemplate\":\"https:\/\/sxflightcase.com\/th\/?s={search_term_string}\"},\"query-input\":{\"@type\":\"PropertyValueSpecification\",\"valueRequired\":true,\"valueName\":\"search_term_string\"}}],\"inLanguage\":\"hu\"},{\"@type\":\"Organization\",\"@id\":\"https:\/\/sxflightcase.com\/th\/#organization\",\"name\":\"sxpowercase.com\",\"url\":\"https:\/\/sxflightcase.com\/th\/\",\"logo\":{\"@type\":\"ImageObject\",\"inLanguage\":\"hu\",\"@id\":\"https:\/\/sxflightcase.com\/th\/#\/schema\/logo\/image\/\",\"url\":\"https:\/\/sxflightcase.com\/wp-content\/uploads\/2024\/04\/1713919036007.jpg\",\"contentUrl\":\"https:\/\/sxflightcase.com\/wp-content\/uploads\/2024\/04\/1713919036007.jpg\",\"width\":382,\"height\":388,\"caption\":\"sxpowercase.com\"},\"image\":{\"@id\":\"https:\/\/sxflightcase.com\/th\/#\/schema\/logo\/image\/\"},\"sameAs\":[\"https:\/\/www.facebook.com\/profile.php?id=61560407257971\"],\"numberOfEmployees\":{\"@type\":\"QuantitativeValue\",\"minValue\":\"11\",\"maxValue\":\"50\"}}]}<\/script>\n<!-- \/ Yoast SEO Premium plugin. -->","yoast_head_json":{"title":"FC Rack Mount Enclosure - https:\/\/sxflightcase.com \ud83d\udc97","description":"Rackbe szerelhet\u0151 h\u00e1z: Fedezze fel a gy\u00e1rilag k\u00f6zvetlen\u00fcl k\u00edn\u00e1lt lehet\u0151s\u00e9geinket a professzion\u00e1lis testreszab\u00e1shoz, biztos\u00edtva a berendez\u00e9sek optim\u00e1lis szervez\u00e9s\u00e9t \u00e9s v\u00e9delm\u00e9t.","robots":{"index":"index","follow":"follow","max-snippet":"max-snippet:-1","max-image-preview":"max-image-preview:large","max-video-preview":"max-video-preview:-1"},"canonical":"https:\/\/sxflightcase.com\/hu\/\u0645\u0646\u062a\u062c\/\u0636\u0645\u064a\u0645\u0629-\u062a\u0631\u0643\u064a\u0628-\u0627\u0644\u062d\u0627\u0645\u0644-2\/","og_locale":"hu_HU","og_type":"article","og_title":"FC Rack Mount Enclosure","og_description":"Rack Mount Enclosure: Explore our factory-direct options for professional customization, ensuring optimal organization and protection of your equipment.","og_url":"https:\/\/sxflightcase.com\/hu\/\u0645\u0646\u062a\u062c\/\u0636\u0645\u064a\u0645\u0629-\u062a\u0631\u0643\u064a\u0628-\u0627\u0644\u062d\u0627\u0645\u0644-2\/","og_site_name":"https:\/\/sxflightcase.com","article_publisher":"https:\/\/www.facebook.com\/profile.php?id=61560407257971","article_modified_time":"2024-06-27T07:16:10+00:00","og_image":[{"width":730,"height":730,"url":"https:\/\/sxflightcase.com\/wp-content\/uploads\/2024\/05\/rack-mount-enclosure00548436494.webp","type":"image\/webp"}],"twitter_card":"summary_large_image","twitter_misc":{"Becs\u00fclt olvas\u00e1si id\u0151":"3 perc"},"schema":{"@context":"https:\/\/schema.org","@graph":[{"@type":"WebPage","@id":"https:\/\/sxflightcase.com\/ar\/\u0645\u0646\u062a\u062c\/\u0636\u0645\u064a\u0645\u0629-\u062a\u0631\u0643\u064a\u0628-\u0627\u0644\u062d\u0627\u0645\u0644-2\/","url":"https:\/\/sxflightcase.com\/ar\/\u0645\u0646\u062a\u062c\/\u0636\u0645\u064a\u0645\u0629-\u062a\u0631\u0643\u064a\u0628-\u0627\u0644\u062d\u0627\u0645\u0644-2\/","name":"FC Rack Mount Enclosure - https:\/\/sxflightcase.com \ud83d\udc97","isPartOf":{"@id":"https:\/\/sxflightcase.com\/th\/#website"},"primaryImageOfPage":{"@id":"https:\/\/sxflightcase.com\/ar\/\u0645\u0646\u062a\u062c\/\u0636\u0645\u064a\u0645\u0629-\u062a\u0631\u0643\u064a\u0628-\u0627\u0644\u062d\u0627\u0645\u0644-2\/#primaryimage"},"image":{"@id":"https:\/\/sxflightcase.com\/ar\/\u0645\u0646\u062a\u062c\/\u0636\u0645\u064a\u0645\u0629-\u062a\u0631\u0643\u064a\u0628-\u0627\u0644\u062d\u0627\u0645\u0644-2\/#primaryimage"},"thumbnailUrl":"https:\/\/sxflightcase.com\/wp-content\/uploads\/2024\/05\/rack-mount-enclosure00548436494.webp","datePublished":"2024-05-10T01:29:21+00:00","dateModified":"2024-06-27T07:16:10+00:00","description":"Rackbe szerelhet\u0151 h\u00e1z: Fedezze fel a gy\u00e1rilag k\u00f6zvetlen\u00fcl k\u00edn\u00e1lt lehet\u0151s\u00e9geinket a professzion\u00e1lis testreszab\u00e1shoz, biztos\u00edtva a berendez\u00e9sek optim\u00e1lis szervez\u00e9s\u00e9t \u00e9s v\u00e9delm\u00e9t.","breadcrumb":{"@id":"https:\/\/sxflightcase.com\/ar\/\u0645\u0646\u062a\u062c\/\u0636\u0645\u064a\u0645\u0629-\u062a\u0631\u0643\u064a\u0628-\u0627\u0644\u062d\u0627\u0645\u0644-2\/#breadcrumb"},"inLanguage":"hu","potentialAction":[{"@type":"ReadAction","target":["https:\/\/sxflightcase.com\/ar\/\u0645\u0646\u062a\u062c\/\u0636\u0645\u064a\u0645\u0629-\u062a\u0631\u0643\u064a\u0628-\u0627\u0644\u062d\u0627\u0645\u0644-2\/"]}]},{"@type":"ImageObject","inLanguage":"hu","@id":"https:\/\/sxflightcase.com\/ar\/\u0645\u0646\u062a\u062c\/\u0636\u0645\u064a\u0645\u0629-\u062a\u0631\u0643\u064a\u0628-\u0627\u0644\u062d\u0627\u0645\u0644-2\/#primaryimage","url":"https:\/\/sxflightcase.com\/wp-content\/uploads\/2024\/05\/rack-mount-enclosure00548436494.webp","contentUrl":"https:\/\/sxflightcase.com\/wp-content\/uploads\/2024\/05\/rack-mount-enclosure00548436494.webp","width":730,"height":730,"caption":"Rack Mount Enclosure"},{"@type":"BreadcrumbList","@id":"https:\/\/sxflightcase.com\/ar\/\u0645\u0646\u062a\u062c\/\u0636\u0645\u064a\u0645\u0629-\u062a\u0631\u0643\u064a\u0628-\u0627\u0644\u062d\u0627\u0645\u0644-2\/#breadcrumb","itemListElement":[{"@type":"ListItem","position":1,"name":"Home","item":"https:\/\/sxflightcase.com\/"},{"@type":"ListItem","position":2,"name":"\u0e2a\u0e34\u0e19\u0e04\u0e49\u0e32","item":"https:\/\/sxflightcase.com\/th\/shop\/"},{"@type":"ListItem","position":3,"name":"FC Rack Mount Enclosure"}]},{"@type":"WebSite","@id":"https:\/\/sxflightcase.com\/th\/#website","url":"https:\/\/sxflightcase.com\/th\/","name":"sxpowercase.com","description":"Flight Case Factory","publisher":{"@id":"https:\/\/sxflightcase.com\/th\/#organization"},"potentialAction":[{"@type":"SearchAction","target":{"@type":"EntryPoint","urlTemplate":"https:\/\/sxflightcase.com\/th\/?s={search_term_string}"},"query-input":{"@type":"PropertyValueSpecification","valueRequired":true,"valueName":"search_term_string"}}],"inLanguage":"hu"},{"@type":"Organization","@id":"https:\/\/sxflightcase.com\/th\/#organization","name":"sxpowercase.com","url":"https:\/\/sxflightcase.com\/th\/","logo":{"@type":"ImageObject","inLanguage":"hu","@id":"https:\/\/sxflightcase.com\/th\/#\/schema\/logo\/image\/","url":"https:\/\/sxflightcase.com\/wp-content\/uploads\/2024\/04\/1713919036007.jpg","contentUrl":"https:\/\/sxflightcase.com\/wp-content\/uploads\/2024\/04\/1713919036007.jpg","width":382,"height":388,"caption":"sxpowercase.com"},"image":{"@id":"https:\/\/sxflightcase.com\/th\/#\/schema\/logo\/image\/"},"sameAs":["https:\/\/www.facebook.com\/profile.php?id=61560407257971"],"numberOfEmployees":{"@type":"QuantitativeValue","minValue":"11","maxValue":"50"}}]}},"_links":{"self":[{"href":"https:\/\/sxflightcase.com\/hu\/wp-json\/wp\/v2\/product\/1607","targetHints":{"allow":["GET"]}}],"collection":[{"href":"https:\/\/sxflightcase.com\/hu\/wp-json\/wp\/v2\/product"}],"about":[{"href":"https:\/\/sxflightcase.com\/hu\/wp-json\/wp\/v2\/types\/product"}],"replies":[{"embeddable":true,"href":"https:\/\/sxflightcase.com\/hu\/wp-json\/wp\/v2\/comments?post=1607"}],"version-history":[{"count":0,"href":"https:\/\/sxflightcase.com\/hu\/wp-json\/wp\/v2\/product\/1607\/revisions"}],"wp:featuredmedia":[{"embeddable":true,"href":"https:\/\/sxflightcase.com\/hu\/wp-json\/wp\/v2\/media\/1611"}],"wp:attachment":[{"href":"https:\/\/sxflightcase.com\/hu\/wp-json\/wp\/v2\/media?parent=1607"}],"wp:term":[{"taxonomy":"product_brand","embeddable":true,"href":"https:\/\/sxflightcase.com\/hu\/wp-json\/wp\/v2\/product_brand?post=1607"},{"taxonomy":"product_cat","embeddable":true,"href":"https:\/\/sxflightcase.com\/hu\/wp-json\/wp\/v2\/product_cat?post=1607"},{"taxonomy":"product_tag","embeddable":true,"href":"https:\/\/sxflightcase.com\/hu\/wp-json\/wp\/v2\/product_tag?post=1607"}],"curies":[{"name":"wp","href":"https:\/\/api.w.org\/{rel}","templated":true}]}}