{"id":1612,"date":"2024-05-10T02:37:34","date_gmt":"2024-05-10T01:37:34","guid":{"rendered":"https:\/\/sxpowercase.com\/?post_type=product&#038;p=1612"},"modified":"2024-06-27T08:16:57","modified_gmt":"2024-06-27T07:16:57","slug":"19-rack-flight-case","status":"publish","type":"product","link":"https:\/\/sxflightcase.com\/hu\/termek\/19-rack-repulo-tok\/","title":{"rendered":"MP 19 Rack Flight Case"},"content":{"rendered":"<p><strong>Term\u00e9k param\u00e9ter (specifik\u00e1ci\u00f3)<\/strong><\/p>\n<section class=\"table-wrap\">\n<table class=\"table\" width=\"100%\" cellspacing=\"0\" cellpadding=\"0\">\n<tbody>\n<tr class=\"firstRow\">\n<td width=\"134\">A term\u00e9k neve:<\/td>\n<td width=\"503\">19 rack rep\u00fcl\u0151 tok<\/td>\n<\/tr>\n<tr>\n<td width=\"134\">Anyag \u00e9s tartoz\u00e9k:<\/td>\n<td width=\"503\">9mm r\u00e9tegelt lemez + Kr\u00f3mozott\/horganyzott hardver + Alum\u00ednium extrud\u00e1l\u00e1s<br \/>\nEl\u00fcls\u0151 \u00e9s h\u00e1ts\u00f3 levehet\u0151 fedelek<\/td>\n<\/tr>\n<tr>\n<td width=\"134\">Habszivacs b\u00e9l\u00e9s:<\/td>\n<td width=\"503\">Gy\u00f6ngyhab \/EVA hab \/ toj\u00e1shab stb...rendszeres vagy k\u00e9r\u00e9s szerint<\/td>\n<\/tr>\n<tr>\n<td width=\"134\">Sz\u00edn:<\/td>\n<td width=\"503\">Fekete (alap\u00e9rtelmezett sz\u00edn), piros, k\u00e9k, narancs, s\u00e1rga, z\u00f6ld, stb...<\/td>\n<\/tr>\n<tr>\n<td width=\"134\">\u00c1tfut\u00e1si id\u0151:<\/td>\n<td width=\"503\">Minta rendel\u00e9s 3 nap, norm\u00e1l rendel\u00e9s 7-15 nap<\/td>\n<\/tr>\n<tr>\n<td width=\"134\">M\u00e9ret:<\/td>\n<td width=\"503\">A berendez\u00e9s m\u00e9ret\u00e9t\u0151l f\u00fcgg<\/td>\n<\/tr>\n<\/tbody>\n<\/table>\n<\/section>\n<h3>V\u00e9dje felszerel\u00e9s\u00e9t az SX 19\u2033 Rack Flight Cases seg\u00edts\u00e9g\u00e9vel<\/h3>\n<h4>SX 19\u2033 Rack Flight Cases: Biztons\u00e1gos, megb\u00edzhat\u00f3, sokoldal\u00fa<\/h4>\n<p>Az SX 19\"-os Rack Flight Cases biztos\u00edtja a berendez\u00e9sek biztons\u00e1g\u00e1t \u00e9s hordozhat\u00f3s\u00e1g\u00e1t. Ezek a professzion\u00e1lis haszn\u00e1latra tervezett tokok robusztus v\u00e9delmet ny\u00fajtanak az \u00fct\u00e9sekkel, \u00fct\u00e9sekkel \u00e9s k\u00f6rnyezeti t\u00e9nyez\u0151kkel szemben, mik\u00f6zben a sz\u00e1ll\u00edt\u00e1s \u00e9s a fel\u00e1ll\u00edt\u00e1s egyszer\u0171.<\/p>\n<h4>Tart\u00f3ss\u00e1gra \u00e9p\u00fclt<\/h4>\n<p>Az SX-n\u00e9l a tart\u00f3ss\u00e1got \u00e9s a teljes\u00edtm\u00e9nyt helyezz\u00fck el\u0151t\u00e9rbe. A 19\"-os Rack Flight Case-eket kiv\u00e1l\u00f3 min\u0151s\u00e9g\u0171 anyagokb\u00f3l k\u00e9sz\u00edtj\u00fck, \u00edgy biztos\u00edtva \u00e9rt\u00e9kes felszerel\u00e9s\u00e9nek hossz\u00fa t\u00e1v\u00fa v\u00e9delm\u00e9t. Ak\u00e1r koncertek k\u00f6z\u00f6tt utazik, ak\u00e1r egy fix helyen \u00e1ll\u00edtja fel a felszerel\u00e9s\u00e9t, a mi tokjaink biztons\u00e1gban \u00e9s \u00e9ps\u00e9gben tartj\u00e1k a felszerel\u00e9s\u00e9t.<\/p>\n<h4>Testreszabhat\u00f3 lehet\u0151s\u00e9gek<\/h4>\n<p>Tudjuk, hogy minden be\u00e1ll\u00edt\u00e1s egyedi. Ez\u00e9rt 19\"-os Rack Flight Case-\u00fcnk az \u00d6n egyedi ig\u00e9nyeihez igaz\u00edthat\u00f3. A bels\u0151 p\u00e1rn\u00e1z\u00e1st\u00f3l \u00e9s a leng\u00e9scsillap\u00edt\u00e1st\u00f3l kezdve a k\u00fcls\u0151 sz\u00ednekig \u00e9s a m\u00e1rkajelz\u00e9si lehet\u0151s\u00e9gekig \u00fagy alak\u00edtjuk ki tokjainkat, hogy azok t\u00f6k\u00e9letesen megfeleljenek az \u00d6n ig\u00e9nyeinek.<\/p>\n<hr \/>\n<h4>Mi\u00e9rt v\u00e1lassza az SX 19\u2033 Rack Flight Cases-t?<\/h4>\n<p>Az SX v\u00e1laszt\u00e1sa a megb\u00edzhat\u00f3s\u00e1g \u00e9s a nyugalom v\u00e1laszt\u00e1s\u00e1t jelenti. Sz\u00e1mos ipar\u00e1gban, t\u00f6bbek k\u00f6z\u00f6tt az audiovizu\u00e1lis, az informatikai \u00e9s a t\u00e1vk\u00f6zl\u00e9si ipar\u00e1gakban dolgoz\u00f3 szakemberek b\u00edznak tokjainkban. Robusztus fel\u00e9p\u00edt\u00e9s\u00fckkel \u00e9s \u00e1tgondolt tervez\u00e9s\u00fckkel biztos\u00edtj\u00e1k, hogy eszk\u00f6zei v\u00e9dve maradjanak, b\u00e1rhov\u00e1 is megy.<\/p>\n<hr \/>\n<h4>Fokozza a felszerel\u00e9s v\u00e9delm\u00e9t<\/h4>\n<p>Fektessen be m\u00e9g ma az SX 19\"-os Rack Flight Cases-be, \u00e9s tapasztalja meg a fokozott biztons\u00e1got \u00e9s k\u00e9nyelmet a felszerel\u00e9sei sz\u00e1m\u00e1ra. Legyen sz\u00f3 \u00e9l\u0151 el\u0151ad\u00e1sokr\u00f3l, st\u00fadi\u00f3install\u00e1ci\u00f3kr\u00f3l vagy informatikai telep\u00edt\u00e9sekr\u0151l, az SX tokok biztos\u00edtj\u00e1k a sz\u00fcks\u00e9ges megb\u00edzhat\u00f3s\u00e1got \u00e9s tart\u00f3ss\u00e1got. L\u00e9pjen kapcsolatba vel\u00fcnk most, hogy felfedezze k\u00edn\u00e1latunkat, \u00e9s megtal\u00e1lja a t\u00f6k\u00e9letes megold\u00e1st az \u00d6n be\u00e1ll\u00edt\u00e1saihoz.<\/p>\n<h3><strong>GYIK<\/strong><\/h3>\n<ul>\n<li><strong>Hogyan m\u0171k\u00f6dik egy eloszt\u00f3 doboz?<\/strong><br \/>\nAz eloszt\u00f3szekr\u00e9nyek szab\u00e1lyozz\u00e1k a villamos energia \u00e1raml\u00e1s\u00e1t az \u00e9p\u00fcleten bel\u00fcli k\u00fcl\u00f6nb\u00f6z\u0151 \u00e1ramk\u00f6r\u00f6kbe, biztos\u00edtva a biztons\u00e1gos \u00e9s hat\u00e9kony \u00e1rameloszt\u00e1st.<\/li>\n<li><strong>Milyen el\u0151nyei vannak az elektromos \u00e1rameloszt\u00e1snak?<\/strong><br \/>\nA hat\u00e9kony energiaeloszt\u00e1s n\u00f6veli a megb\u00edzhat\u00f3s\u00e1got, a biztons\u00e1got \u00e9s az energiahat\u00e9konys\u00e1got, hozz\u00e1j\u00e1rulva az \u00fczleti termel\u00e9kenys\u00e9ghez \u00e9s a bev\u00e9telek n\u00f6veked\u00e9s\u00e9hez.<\/li>\n<li><strong>Hogyan optimaliz\u00e1lhatja a sz\u00ednpadi rendezv\u00e9ny az energiaeloszt\u00e1si strat\u00e9gi\u00e1j\u00e1t?<\/strong><br \/>\nA sz\u00ednpadi rendezv\u00e9ny optimaliz\u00e1lhatja az energiaeloszt\u00e1st modern berendez\u00e9sekbe val\u00f3 beruh\u00e1z\u00e1ssal, rendszeres karbantart\u00e1ssal \u00e9s energiatakar\u00e9koss\u00e1gi int\u00e9zked\u00e9sek v\u00e9grehajt\u00e1s\u00e1val.<\/li>\n<li><strong>Milyen szerepet j\u00e1tszik <a title=\"SX\" href=\"https:\/\/sxpowercase.com\/\" target=\"_blank\" rel=\"noopener\" data-wpil-monitor-id=\"111\">SX<\/a> j\u00e1tszanak az energiaeloszt\u00e1sban?<\/strong><br \/>\nAz SX megold\u00e1sokat k\u00edn\u00e1l az energiaeloszt\u00e1s optimaliz\u00e1l\u00e1s\u00e1ra, seg\u00edtve a v\u00e1llalkoz\u00e1soknak a hat\u00e9konys\u00e1g, a megb\u00edzhat\u00f3s\u00e1g \u00e9s a nyeres\u00e9gess\u00e9g jav\u00edt\u00e1s\u00e1ban.<\/li>\n<li><strong>Az optimaliz\u00e1lt energiaeloszt\u00e1s k\u00f6lts\u00e9gmegtakar\u00edt\u00e1st eredm\u00e9nyezhet?<\/strong><br \/>\nIgen, az energiapazarl\u00e1s cs\u00f6kkent\u00e9se \u00e9s az \u00e1ll\u00e1sid\u0151 minimaliz\u00e1l\u00e1sa r\u00e9v\u00e9n az optimaliz\u00e1lt energiaeloszt\u00e1s jelent\u0151s k\u00f6lts\u00e9gmegtakar\u00edt\u00e1st eredm\u00e9nyezhet a v\u00e1llalkoz\u00e1sok sz\u00e1m\u00e1ra.<\/li>\n<li><strong>Hogyan j\u00e1rul hozz\u00e1 az energiaeloszt\u00e1s az \u00fczleti n\u00f6veked\u00e9shez?<\/strong><br \/>\nA megb\u00edzhat\u00f3 \u00e1rameloszt\u00e1s biztos\u00edtja a megszak\u00edt\u00e1s n\u00e9lk\u00fcli m\u0171k\u00f6d\u00e9st, ami a termel\u00e9kenys\u00e9g, az \u00fcgyfelek el\u00e9gedetts\u00e9g\u00e9nek n\u00f6veked\u00e9s\u00e9hez \u00e9s v\u00e9gs\u0151 soron az \u00fczleti n\u00f6veked\u00e9shez vezet.<\/li>\n<\/ul>\n<p>Hot Tags: Alacsony \u00e1r, rakt\u00e1ron, ingyenes minta, t\u00e1p- \u00e9s jelk\u00e1bel, 16 Gauge 4 vezet\u00e9kes vezet\u00e9k, mikrofon\u00e1llv\u00e1ny tok, k\u00fclt\u00e9ri Led kijelz\u0151szekr\u00e9ny, Rack Mount, elektromos eloszt\u00f3 doboz, K\u00edna, besz\u00e1ll\u00edt\u00f3k, gy\u00e1r, gy\u00e1r, testreszabott, nagykereskedelem, <span style=\"color: #993366;\"><a style=\"color: #993366;\" href=\"https:\/\/sxflightcase.com\/hu\/product-category\/all-product\/power-distribution-boxes\/\">t\u00e1pegys\u00e9gek<\/a>,\u00a0<a style=\"color: #993366;\" href=\"https:\/\/sxflightcase.com\/hu\/product-category\/all-product\/hoist-controllers\/\">t\u00e1pk\u00e1belek<\/a>,\u00a0<a style=\"color: #993366;\" href=\"https:\/\/sxflightcase.com\/hu\/product-category\/all-product\/hoist-controllers\/\">emel\u0151g\u00e9p-vez\u00e9rl\u0151k<\/a>,\u00a0<a style=\"color: #993366;\" href=\"https:\/\/sxflightcase.com\/hu\/product-category\/all-product\/flight-case\/\">rep\u00fcl\u00e9si esetek.<\/a><\/span><\/p>","protected":false},"excerpt":{"rendered":"<h2 class=\"prodetails-name\">19 Rack Flight Case<\/h2>\n<p>2001-ben alap\u00edtott, vagyunk szakosodott gy\u00e1rt\u00e1sa mindenf\u00e9le rack mount rep\u00fcl\u00e9si tok egy m\u0171hely ter\u00fclete t\u00f6bb mint 20.00 n\u00e9gyzetm\u00e9ter. Mi 19 rack rep\u00fcl\u00e9si tok, 2u till 20u f\u00fcgg az \u00d6n ig\u00e9nyeit\u0151l.<\/p>\n<p>&lt;p&gt;&lt;h2&gt;<strong>Termel\u00e9si bevezet\u00e9s<\/strong><\/p>\n<p>19 rack rep\u00fcl\u0151 tok k\u00f6nny\u0171 r\u00f6gz\u00edt\u00e9s\u0171 alum\u00ednium nyelvvel \u00e9s horonnyal. K\u00e1bel-hozz\u00e1f\u00e9r\u00e9si lyuk elt\u00e1vol\u00edthat\u00f3 embl\u00e9m\u00e1s bor\u00edt\u00e1ssal \u00e9s ipari s\u00fcllyesztett pillang\u00f3 csavarz\u00e1rakkal - lakat k\u00e9sz.<\/p>","protected":false},"featured_media":1613,"comment_status":"open","ping_status":"closed","template":"","meta":[],"product_brand":[],"product_cat":[35],"product_tag":[50],"class_list":{"0":"post-1612","1":"product","2":"type-product","3":"status-publish","4":"has-post-thumbnail","6":"product_cat-standard-rack-cases","7":"product_tag-mp","9":"first","10":"instock","11":"shipping-taxable","12":"product-type-simple"},"yoast_head":"<!-- This site is optimized with the Yoast SEO Premium plugin v27.1 (Yoast SEO v27.2) - https:\/\/yoast.com\/product\/yoast-seo-premium-wordpress\/ -->\n<title>MP 19 Rack Flight Case - https:\/\/sxflightcase.com \ud83d\udc97<\/title>\n<meta name=\"description\" content=\"19 Rack Flight Case: Explore our factory-direct options for professional customization, ensuring optimal organization and protection of your equipment.\" \/>\n<meta name=\"robots\" content=\"index, follow, max-snippet:-1, max-image-preview:large, max-video-preview:-1\" \/>\n<link rel=\"canonical\" href=\"https:\/\/sxflightcase.com\/hu\/termek\/19-rack-repulo-tok\/\" \/>\n<meta property=\"og:locale\" content=\"hu_HU\" \/>\n<meta property=\"og:type\" content=\"article\" \/>\n<meta property=\"og:title\" content=\"MP 19 Rack Flight Case\" \/>\n<meta property=\"og:description\" content=\"19 Rack Flight Case: Explore our factory-direct options for professional customization, ensuring optimal organization and protection of your equipment.\" \/>\n<meta property=\"og:url\" content=\"https:\/\/sxflightcase.com\/hu\/termek\/19-rack-repulo-tok\/\" \/>\n<meta property=\"og:site_name\" content=\"https:\/\/sxflightcase.com\" \/>\n<meta property=\"article:publisher\" content=\"https:\/\/www.facebook.com\/profile.php?id=61560407257971\" \/>\n<meta property=\"article:modified_time\" content=\"2024-06-27T07:16:57+00:00\" \/>\n<meta property=\"og:image\" content=\"https:\/\/sxflightcase.com\/wp-content\/uploads\/2024\/05\/19-rack-flight-case42121776330.webp\" \/>\n\t<meta property=\"og:image:width\" content=\"750\" \/>\n\t<meta property=\"og:image:height\" content=\"750\" \/>\n\t<meta property=\"og:image:type\" content=\"image\/webp\" \/>\n<meta name=\"twitter:card\" content=\"summary_large_image\" \/>\n<meta name=\"twitter:label1\" content=\"Becs\u00fclt olvas\u00e1si id\u0151\" \/>\n\t<meta name=\"twitter:data1\" content=\"3 perc\" \/>\n<script type=\"application\/ld+json\" class=\"yoast-schema-graph\">{\"@context\":\"https:\/\/schema.org\",\"@graph\":[{\"@type\":\"WebPage\",\"@id\":\"https:\/\/sxflightcase.com\/product\/19-rack-flight-case\/\",\"url\":\"https:\/\/sxflightcase.com\/product\/19-rack-flight-case\/\",\"name\":\"MP 19 Rack Flight Case - https:\/\/sxflightcase.com \ud83d\udc97\",\"isPartOf\":{\"@id\":\"https:\/\/sxflightcase.com\/th\/#website\"},\"primaryImageOfPage\":{\"@id\":\"https:\/\/sxflightcase.com\/product\/19-rack-flight-case\/#primaryimage\"},\"image\":{\"@id\":\"https:\/\/sxflightcase.com\/product\/19-rack-flight-case\/#primaryimage\"},\"thumbnailUrl\":\"https:\/\/sxflightcase.com\/wp-content\/uploads\/2024\/05\/19-rack-flight-case42121776330.webp\",\"datePublished\":\"2024-05-10T01:37:34+00:00\",\"dateModified\":\"2024-06-27T07:16:57+00:00\",\"description\":\"19 Rack Flight Case: Explore our factory-direct options for professional customization, ensuring optimal organization and protection of your equipment.\",\"breadcrumb\":{\"@id\":\"https:\/\/sxflightcase.com\/product\/19-rack-flight-case\/#breadcrumb\"},\"inLanguage\":\"hu\",\"potentialAction\":[{\"@type\":\"ReadAction\",\"target\":[\"https:\/\/sxflightcase.com\/product\/19-rack-flight-case\/\"]}]},{\"@type\":\"ImageObject\",\"inLanguage\":\"hu\",\"@id\":\"https:\/\/sxflightcase.com\/product\/19-rack-flight-case\/#primaryimage\",\"url\":\"https:\/\/sxflightcase.com\/wp-content\/uploads\/2024\/05\/19-rack-flight-case42121776330.webp\",\"contentUrl\":\"https:\/\/sxflightcase.com\/wp-content\/uploads\/2024\/05\/19-rack-flight-case42121776330.webp\",\"width\":750,\"height\":750,\"caption\":\"19 Rack Flight Case\"},{\"@type\":\"BreadcrumbList\",\"@id\":\"https:\/\/sxflightcase.com\/product\/19-rack-flight-case\/#breadcrumb\",\"itemListElement\":[{\"@type\":\"ListItem\",\"position\":1,\"name\":\"Home\",\"item\":\"https:\/\/sxflightcase.com\/\"},{\"@type\":\"ListItem\",\"position\":2,\"name\":\"\u0e2a\u0e34\u0e19\u0e04\u0e49\u0e32\",\"item\":\"https:\/\/sxflightcase.com\/th\/shop\/\"},{\"@type\":\"ListItem\",\"position\":3,\"name\":\"MP 19 Rack Flight Case\"}]},{\"@type\":\"WebSite\",\"@id\":\"https:\/\/sxflightcase.com\/th\/#website\",\"url\":\"https:\/\/sxflightcase.com\/th\/\",\"name\":\"sxpowercase.com\",\"description\":\"Flight Case Factory\",\"publisher\":{\"@id\":\"https:\/\/sxflightcase.com\/th\/#organization\"},\"potentialAction\":[{\"@type\":\"SearchAction\",\"target\":{\"@type\":\"EntryPoint\",\"urlTemplate\":\"https:\/\/sxflightcase.com\/th\/?s={search_term_string}\"},\"query-input\":{\"@type\":\"PropertyValueSpecification\",\"valueRequired\":true,\"valueName\":\"search_term_string\"}}],\"inLanguage\":\"hu\"},{\"@type\":\"Organization\",\"@id\":\"https:\/\/sxflightcase.com\/th\/#organization\",\"name\":\"sxpowercase.com\",\"url\":\"https:\/\/sxflightcase.com\/th\/\",\"logo\":{\"@type\":\"ImageObject\",\"inLanguage\":\"hu\",\"@id\":\"https:\/\/sxflightcase.com\/th\/#\/schema\/logo\/image\/\",\"url\":\"https:\/\/sxflightcase.com\/wp-content\/uploads\/2024\/04\/1713919036007.jpg\",\"contentUrl\":\"https:\/\/sxflightcase.com\/wp-content\/uploads\/2024\/04\/1713919036007.jpg\",\"width\":382,\"height\":388,\"caption\":\"sxpowercase.com\"},\"image\":{\"@id\":\"https:\/\/sxflightcase.com\/th\/#\/schema\/logo\/image\/\"},\"sameAs\":[\"https:\/\/www.facebook.com\/profile.php?id=61560407257971\"],\"numberOfEmployees\":{\"@type\":\"QuantitativeValue\",\"minValue\":\"11\",\"maxValue\":\"50\"}}]}<\/script>\n<!-- \/ Yoast SEO Premium plugin. -->","yoast_head_json":{"title":"MP 19 Rack Flight Case - https:\/\/sxflightcase.com \ud83d\udc97","description":"19 Rack Flight Case: Fedezze fel gy\u00e1ri k\u00f6zvetlen lehet\u0151s\u00e9geinket a professzion\u00e1lis testreszab\u00e1shoz, biztos\u00edtva a berendez\u00e9sek optim\u00e1lis szervez\u00e9s\u00e9t \u00e9s v\u00e9delm\u00e9t.","robots":{"index":"index","follow":"follow","max-snippet":"max-snippet:-1","max-image-preview":"max-image-preview:large","max-video-preview":"max-video-preview:-1"},"canonical":"https:\/\/sxflightcase.com\/hu\/termek\/19-rack-repulo-tok\/","og_locale":"hu_HU","og_type":"article","og_title":"MP 19 Rack Flight Case","og_description":"19 Rack Flight Case: Explore our factory-direct options for professional customization, ensuring optimal organization and protection of your equipment.","og_url":"https:\/\/sxflightcase.com\/hu\/termek\/19-rack-repulo-tok\/","og_site_name":"https:\/\/sxflightcase.com","article_publisher":"https:\/\/www.facebook.com\/profile.php?id=61560407257971","article_modified_time":"2024-06-27T07:16:57+00:00","og_image":[{"width":750,"height":750,"url":"https:\/\/sxflightcase.com\/wp-content\/uploads\/2024\/05\/19-rack-flight-case42121776330.webp","type":"image\/webp"}],"twitter_card":"summary_large_image","twitter_misc":{"Becs\u00fclt olvas\u00e1si id\u0151":"3 perc"},"schema":{"@context":"https:\/\/schema.org","@graph":[{"@type":"WebPage","@id":"https:\/\/sxflightcase.com\/product\/19-rack-flight-case\/","url":"https:\/\/sxflightcase.com\/product\/19-rack-flight-case\/","name":"MP 19 Rack Flight Case - https:\/\/sxflightcase.com \ud83d\udc97","isPartOf":{"@id":"https:\/\/sxflightcase.com\/th\/#website"},"primaryImageOfPage":{"@id":"https:\/\/sxflightcase.com\/product\/19-rack-flight-case\/#primaryimage"},"image":{"@id":"https:\/\/sxflightcase.com\/product\/19-rack-flight-case\/#primaryimage"},"thumbnailUrl":"https:\/\/sxflightcase.com\/wp-content\/uploads\/2024\/05\/19-rack-flight-case42121776330.webp","datePublished":"2024-05-10T01:37:34+00:00","dateModified":"2024-06-27T07:16:57+00:00","description":"19 Rack Flight Case: Fedezze fel gy\u00e1ri k\u00f6zvetlen lehet\u0151s\u00e9geinket a professzion\u00e1lis testreszab\u00e1shoz, biztos\u00edtva a berendez\u00e9sek optim\u00e1lis szervez\u00e9s\u00e9t \u00e9s v\u00e9delm\u00e9t.","breadcrumb":{"@id":"https:\/\/sxflightcase.com\/product\/19-rack-flight-case\/#breadcrumb"},"inLanguage":"hu","potentialAction":[{"@type":"ReadAction","target":["https:\/\/sxflightcase.com\/product\/19-rack-flight-case\/"]}]},{"@type":"ImageObject","inLanguage":"hu","@id":"https:\/\/sxflightcase.com\/product\/19-rack-flight-case\/#primaryimage","url":"https:\/\/sxflightcase.com\/wp-content\/uploads\/2024\/05\/19-rack-flight-case42121776330.webp","contentUrl":"https:\/\/sxflightcase.com\/wp-content\/uploads\/2024\/05\/19-rack-flight-case42121776330.webp","width":750,"height":750,"caption":"19 Rack Flight Case"},{"@type":"BreadcrumbList","@id":"https:\/\/sxflightcase.com\/product\/19-rack-flight-case\/#breadcrumb","itemListElement":[{"@type":"ListItem","position":1,"name":"Home","item":"https:\/\/sxflightcase.com\/"},{"@type":"ListItem","position":2,"name":"\u0e2a\u0e34\u0e19\u0e04\u0e49\u0e32","item":"https:\/\/sxflightcase.com\/th\/shop\/"},{"@type":"ListItem","position":3,"name":"MP 19 Rack Flight Case"}]},{"@type":"WebSite","@id":"https:\/\/sxflightcase.com\/th\/#website","url":"https:\/\/sxflightcase.com\/th\/","name":"sxpowercase.com","description":"Flight Case Factory","publisher":{"@id":"https:\/\/sxflightcase.com\/th\/#organization"},"potentialAction":[{"@type":"SearchAction","target":{"@type":"EntryPoint","urlTemplate":"https:\/\/sxflightcase.com\/th\/?s={search_term_string}"},"query-input":{"@type":"PropertyValueSpecification","valueRequired":true,"valueName":"search_term_string"}}],"inLanguage":"hu"},{"@type":"Organization","@id":"https:\/\/sxflightcase.com\/th\/#organization","name":"sxpowercase.com","url":"https:\/\/sxflightcase.com\/th\/","logo":{"@type":"ImageObject","inLanguage":"hu","@id":"https:\/\/sxflightcase.com\/th\/#\/schema\/logo\/image\/","url":"https:\/\/sxflightcase.com\/wp-content\/uploads\/2024\/04\/1713919036007.jpg","contentUrl":"https:\/\/sxflightcase.com\/wp-content\/uploads\/2024\/04\/1713919036007.jpg","width":382,"height":388,"caption":"sxpowercase.com"},"image":{"@id":"https:\/\/sxflightcase.com\/th\/#\/schema\/logo\/image\/"},"sameAs":["https:\/\/www.facebook.com\/profile.php?id=61560407257971"],"numberOfEmployees":{"@type":"QuantitativeValue","minValue":"11","maxValue":"50"}}]}},"_links":{"self":[{"href":"https:\/\/sxflightcase.com\/hu\/wp-json\/wp\/v2\/product\/1612","targetHints":{"allow":["GET"]}}],"collection":[{"href":"https:\/\/sxflightcase.com\/hu\/wp-json\/wp\/v2\/product"}],"about":[{"href":"https:\/\/sxflightcase.com\/hu\/wp-json\/wp\/v2\/types\/product"}],"replies":[{"embeddable":true,"href":"https:\/\/sxflightcase.com\/hu\/wp-json\/wp\/v2\/comments?post=1612"}],"version-history":[{"count":0,"href":"https:\/\/sxflightcase.com\/hu\/wp-json\/wp\/v2\/product\/1612\/revisions"}],"wp:featuredmedia":[{"embeddable":true,"href":"https:\/\/sxflightcase.com\/hu\/wp-json\/wp\/v2\/media\/1613"}],"wp:attachment":[{"href":"https:\/\/sxflightcase.com\/hu\/wp-json\/wp\/v2\/media?parent=1612"}],"wp:term":[{"taxonomy":"product_brand","embeddable":true,"href":"https:\/\/sxflightcase.com\/hu\/wp-json\/wp\/v2\/product_brand?post=1612"},{"taxonomy":"product_cat","embeddable":true,"href":"https:\/\/sxflightcase.com\/hu\/wp-json\/wp\/v2\/product_cat?post=1612"},{"taxonomy":"product_tag","embeddable":true,"href":"https:\/\/sxflightcase.com\/hu\/wp-json\/wp\/v2\/product_tag?post=1612"}],"curies":[{"name":"wp","href":"https:\/\/api.w.org\/{rel}","templated":true}]}}