{"id":1615,"date":"2024-05-10T02:48:20","date_gmt":"2024-05-10T01:48:20","guid":{"rendered":"https:\/\/sxpowercase.com\/?post_type=product&#038;p=1615"},"modified":"2024-06-26T10:08:20","modified_gmt":"2024-06-26T09:08:20","slug":"4u-rack-flight-case","status":"publish","type":"product","link":"https:\/\/sxflightcase.com\/hu\/termek\/4u-rack-repulo-tok\/","title":{"rendered":"FC 4u Rack Flight Case"},"content":{"rendered":"<h3><strong>Product parameter(specification)<\/strong><\/h3>\n<section class=\"table-wrap\">\n<table class=\"table\" width=\"100%\" cellspacing=\"0\" cellpadding=\"0\">\n<tbody>\n<tr class=\"firstRow\">\n<td>Product name<\/td>\n<td>4u Rack Flight Case<\/td>\n<\/tr>\n<tr>\n<td>Material<\/td>\n<td>Aluminum frame+ Fireproof +9mm Plywood<\/td>\n<\/tr>\n<tr>\n<td>Inside<\/td>\n<td>High density shockproof foam<\/td>\n<\/tr>\n<tr>\n<td>Size<\/td>\n<td>Can be customized<\/td>\n<\/tr>\n<tr>\n<td>Accessories<\/td>\n<td>Four butterfly locks, four wheels to easy carry, four strong handles<\/td>\n<\/tr>\n<tr>\n<td>Custom<\/td>\n<td>All kinds of customize are welcomed, such as Aluminum case&#8217;s material, dimension, inner fillings, handles, locks, and so on.<\/td>\n<\/tr>\n<tr>\n<td>Sample time<\/td>\n<td>About 3-5 working days<\/td>\n<\/tr>\n<tr>\n<td>Formal order time<\/td>\n<td>about 15-20 days<\/td>\n<\/tr>\n<tr>\n<td>Packing<\/td>\n<td>Bubble bag +carton<\/td>\n<\/tr>\n<\/tbody>\n<\/table>\n<\/section>\n<div class=\"flex-shrink-0 flex flex-col relative items-end\">\n<div>\n<div class=\"pt-0.5 juice:pt-0\">\n<div class=\"gizmo-bot-avatar flex h-6 w-6 items-center justify-center overflow-hidden rounded-full juice:h-8 juice:w-8\">\n<div class=\"relative p-1 rounded-sm flex items-center justify-center bg-token-main-surface-primary text-token-text-primary h-8 w-8\"><\/div>\n<\/div>\n<\/div>\n<\/div>\n<\/div>\n<div class=\"group\/conversation-turn relative flex w-full min-w-0 flex-col agent-turn\">\n<div class=\"flex-col gap-1 md:gap-3\">\n<div class=\"flex flex-grow flex-col max-w-full AIPRM__conversation__response\">\n<div class=\"min-h-[20px] text-message flex flex-col items-start whitespace-pre-wrap break-words [.text-message+&amp;]:mt-5 juice:w-full juice:items-end overflow-x-auto gap-2\" dir=\"auto\" data-message-author-role=\"assistant\" data-message-id=\"7fb0c6f8-95e7-43b2-80d1-c05226f91079\">\n<div class=\"flex w-full flex-col gap-1 juice:empty:hidden juice:first:pt-[3px]\">\n<div class=\"markdown prose w-full break-words dark:prose-invert light\">\n<h2>SX 4U Rack Flight Case: Reliable Equipment Protection<\/h2>\n<h3>Stable Protection<\/h3>\n<p><a href=\"https:\/\/sxpowercase.com\/\" target=\"_blank\"  rel=\"noopener\" title=\"SX\"  data-wpil-monitor-id=\"481\">SX<\/a> introduces the 4U Rack Flight Case, providing stable protection for your valuable equipment. Whether you are a musician, DJ, or an AV professional, this 4U rack flight case ensures the safety of your gear during transport and storage. Its sturdy construction and padded interior design effectively prevent bumps and vibrations, safeguarding your delicate electronic devices and instruments.<\/p>\n<h3>Factory Direct Sales to Enhance Efficiency<\/h3>\n<p>At SX, we prioritize factory direct sales to enhance business efficiency and offer competitive prices. By eliminating middlemen, we not only maintain control over product quality but also pass the cost savings directly to our customers. The 4U Rack Flight Case exemplifies our commitment to providing high-quality flight cases at reasonable prices, ensuring you get the best value without compromising on protection.<\/p>\n<h3>Customization Services Available<\/h3>\n<p>We understand that every professional\u2019s needs are unique. That\u2019s why SX offers customization services for the 4U Rack Flight Case. Whether you need additional compartments, custom sizes, or branded logos, our team can tailor the case to your specific requirements. Our personalized solutions enhance your professional image and meet your functional needs.<\/p>\n<hr \/>\n<h3>Why Choose SX?<\/h3>\n<p>Choosing the SX 4U Rack Flight Case means experiencing exceptional protection and customization options. Our factory direct sales model ensures transparency and cost-effectiveness, allowing you to purchase a flight case that meets your expectations within your budget. Contact SX today to explore our flight case solutions and provide comprehensive protection for your equipment during transport and storage.<\/p>\n<\/div>\n<\/div>\n<\/div>\n<\/div>\n<\/div>\n<\/div>\n<p><strong>FAQ<\/strong><\/p>\n<p>Q: Can you provide the FBA shipping service?<\/p>\n<p>A: Yes, we have the good experience in providing the professional FBA service.<\/p>\n<p>Q: How can we get a quote?<\/p>\n<p>A: Contact us with specification: such as material, design, size, shape, color, quantity, surface finishing, etc.<\/p>\n<p><strong>Quality control<\/strong><\/p>\n<p>We have QC person stay on the production lines do to the inspection. All products must have been inspected before delivery. We do inline inspection and final inspection.<\/p>\n<p>1.All raw material checked once it arrive our factory.<\/p>\n<p>2.All pieces and logo and all details checked during production.<\/p>\n<p>3.All packing details checked during production.<\/p>\n<p>4.All production quality and packing checked on final inspection after finished.<\/p>\n<p>Hot Tags: Rack Flight Case,Low price, in stock, free sample, Power And Signal Cable, 16 Gauge 4 Conductor Wire, Microphone Stand Case, Outdoor Led Display Cabinet, Rack Mount, 19&#8221; Rackmount Mixer Flight Cases\uff0celectrical distro box, China, suppliers, factory, customized, wholesale, <span style=\"color: #993366;\"><a style=\"color: #993366;\" href=\"https:\/\/sxflightcase.com\/product-category\/all-product\/power-distribution-boxes\/\">power boxes<\/a>,\u00a0<a style=\"color: #993366;\" href=\"https:\/\/sxflightcase.com\/product-category\/all-product\/hoist-controllers\/\">power cables<\/a>,\u00a0<a style=\"color: #993366;\" href=\"https:\/\/sxflightcase.com\/product-category\/all-product\/hoist-controllers\/\">hoist controllers<\/a>,\u00a0<a style=\"color: #993366;\" href=\"https:\/\/sxflightcase.com\/product-category\/all-product\/flight-case\/\">flight cases.<\/a><\/span><\/p>\n","protected":false},"excerpt":{"rendered":"<h2 class=\"prodetails-name\">4u Rack Flight Case<\/h2>\n<p>\u00d6r\u00f6mmel k\u00edn\u00e1lunk egy sor rack rep\u00fcl\u00e9si tokot az ipar\u00e1gon bel\u00fcli szakemberek sz\u00e1m\u00e1ra, hogy biztons\u00e1gosan sz\u00e1ll\u00edts\u00e1k \u00e9s t\u00e1rolj\u00e1k er\u0151s\u00edt\u0151j\u00fcket vagy hasonl\u00f3kat. Az \u00e9vek sor\u00e1n sok \u00f3r\u00e1t t\u00f6lt\u00f6tt\u00fcnk azzal, hogy megtervezz\u00fck a t\u00f6k\u00e9letes megold\u00e1st szeretett l\u00e1mp\u00e1inak sz\u00e1ll\u00edt\u00e1s\u00e1ra a k\u00e1rosod\u00e1st\u00f3l val\u00f3 f\u00e9lelem n\u00e9lk\u00fcl.<\/p>\n<h2><strong>Termel\u00e9si bevezet\u00e9s<\/strong><\/h2>\n<p>4u rack rep\u00fcl\u0151 tok Easy Locking Fit alum\u00ednium nyelvvel \u00e9s horonnyal. K\u00e1bel hozz\u00e1f\u00e9r\u00e9si lyuk elt\u00e1vol\u00edthat\u00f3 embl\u00e9m\u00e1s bor\u00edt\u00e1ssal \u00e9s ipari s\u00fcllyesztett pillang\u00f3 csavart z\u00e1rral - lakat k\u00e9sz.<\/p>","protected":false},"featured_media":1616,"comment_status":"open","ping_status":"closed","template":"","meta":[],"product_brand":[],"product_cat":[35],"product_tag":[52],"class_list":{"0":"post-1615","1":"product","2":"type-product","3":"status-publish","4":"has-post-thumbnail","6":"product_cat-standard-rack-cases","7":"product_tag-fc","9":"first","10":"instock","11":"shipping-taxable","12":"product-type-simple"},"yoast_head":"<!-- This site is optimized with the Yoast SEO Premium plugin v27.1 (Yoast SEO v27.2) - https:\/\/yoast.com\/product\/yoast-seo-premium-wordpress\/ -->\n<title>FC 4u Rack Flight Case - https:\/\/sxflightcase.com \ud83d\udc97<\/title>\n<meta name=\"description\" content=\"4u Rack Flight Case: Explore our factory-direct options for professional customization, ensuring optimal organization and protection of your equipment.\" \/>\n<meta name=\"robots\" content=\"index, follow, max-snippet:-1, max-image-preview:large, max-video-preview:-1\" \/>\n<link rel=\"canonical\" href=\"https:\/\/sxflightcase.com\/hu\/termek\/4u-rack-repulo-tok\/\" \/>\n<meta property=\"og:locale\" content=\"hu_HU\" \/>\n<meta property=\"og:type\" content=\"article\" \/>\n<meta property=\"og:title\" content=\"FC 4u Rack Flight Case\" \/>\n<meta property=\"og:description\" content=\"4u Rack Flight Case: Explore our factory-direct options for professional customization, ensuring optimal organization and protection of your equipment.\" \/>\n<meta property=\"og:url\" content=\"https:\/\/sxflightcase.com\/hu\/termek\/4u-rack-repulo-tok\/\" \/>\n<meta property=\"og:site_name\" content=\"https:\/\/sxflightcase.com\" \/>\n<meta property=\"article:publisher\" content=\"https:\/\/www.facebook.com\/profile.php?id=61560407257971\" \/>\n<meta property=\"article:modified_time\" content=\"2024-06-26T09:08:20+00:00\" \/>\n<meta property=\"og:image\" content=\"https:\/\/sxflightcase.com\/wp-content\/uploads\/2024\/05\/4u-rack-flight-case40058260545.webp\" \/>\n\t<meta property=\"og:image:width\" content=\"750\" \/>\n\t<meta property=\"og:image:height\" content=\"750\" \/>\n\t<meta property=\"og:image:type\" content=\"image\/webp\" \/>\n<meta name=\"twitter:card\" content=\"summary_large_image\" \/>\n<meta name=\"twitter:label1\" content=\"Becs\u00fclt olvas\u00e1si id\u0151\" \/>\n\t<meta name=\"twitter:data1\" content=\"3 perc\" \/>\n<script type=\"application\/ld+json\" class=\"yoast-schema-graph\">{\"@context\":\"https:\/\/schema.org\",\"@graph\":[{\"@type\":\"WebPage\",\"@id\":\"https:\/\/sxflightcase.com\/hu\/termek\/4u-rack-repulo-tok\/\",\"url\":\"https:\/\/sxflightcase.com\/hu\/termek\/4u-rack-repulo-tok\/\",\"name\":\"FC 4u Rack Flight Case - https:\/\/sxflightcase.com \ud83d\udc97\",\"isPartOf\":{\"@id\":\"https:\/\/sxflightcase.com\/th\/#website\"},\"primaryImageOfPage\":{\"@id\":\"https:\/\/sxflightcase.com\/hu\/termek\/4u-rack-repulo-tok\/#primaryimage\"},\"image\":{\"@id\":\"https:\/\/sxflightcase.com\/hu\/termek\/4u-rack-repulo-tok\/#primaryimage\"},\"thumbnailUrl\":\"https:\/\/sxflightcase.com\/wp-content\/uploads\/2024\/05\/4u-rack-flight-case40058260545.webp\",\"datePublished\":\"2024-05-10T01:48:20+00:00\",\"dateModified\":\"2024-06-26T09:08:20+00:00\",\"description\":\"4u Rack Flight Case: Explore our factory-direct options for professional customization, ensuring optimal organization and protection of your equipment.\",\"breadcrumb\":{\"@id\":\"https:\/\/sxflightcase.com\/hu\/termek\/4u-rack-repulo-tok\/#breadcrumb\"},\"inLanguage\":\"hu\",\"potentialAction\":[{\"@type\":\"ReadAction\",\"target\":[\"https:\/\/sxflightcase.com\/hu\/termek\/4u-rack-repulo-tok\/\"]}]},{\"@type\":\"ImageObject\",\"inLanguage\":\"hu\",\"@id\":\"https:\/\/sxflightcase.com\/hu\/termek\/4u-rack-repulo-tok\/#primaryimage\",\"url\":\"https:\/\/sxflightcase.com\/wp-content\/uploads\/2024\/05\/4u-rack-flight-case40058260545.webp\",\"contentUrl\":\"https:\/\/sxflightcase.com\/wp-content\/uploads\/2024\/05\/4u-rack-flight-case40058260545.webp\",\"width\":750,\"height\":750,\"caption\":\"4u Rack Flight Case\"},{\"@type\":\"BreadcrumbList\",\"@id\":\"https:\/\/sxflightcase.com\/hu\/termek\/4u-rack-repulo-tok\/#breadcrumb\",\"itemListElement\":[{\"@type\":\"ListItem\",\"position\":1,\"name\":\"Home\",\"item\":\"https:\/\/sxflightcase.com\/\"},{\"@type\":\"ListItem\",\"position\":2,\"name\":\"\u0e2a\u0e34\u0e19\u0e04\u0e49\u0e32\",\"item\":\"https:\/\/sxflightcase.com\/th\/shop\/\"},{\"@type\":\"ListItem\",\"position\":3,\"name\":\"FC 4u Rack Flight Case\"}]},{\"@type\":\"WebSite\",\"@id\":\"https:\/\/sxflightcase.com\/th\/#website\",\"url\":\"https:\/\/sxflightcase.com\/th\/\",\"name\":\"sxpowercase.com\",\"description\":\"Flight Case Factory\",\"publisher\":{\"@id\":\"https:\/\/sxflightcase.com\/th\/#organization\"},\"potentialAction\":[{\"@type\":\"SearchAction\",\"target\":{\"@type\":\"EntryPoint\",\"urlTemplate\":\"https:\/\/sxflightcase.com\/th\/?s={search_term_string}\"},\"query-input\":{\"@type\":\"PropertyValueSpecification\",\"valueRequired\":true,\"valueName\":\"search_term_string\"}}],\"inLanguage\":\"hu\"},{\"@type\":\"Organization\",\"@id\":\"https:\/\/sxflightcase.com\/th\/#organization\",\"name\":\"sxpowercase.com\",\"url\":\"https:\/\/sxflightcase.com\/th\/\",\"logo\":{\"@type\":\"ImageObject\",\"inLanguage\":\"hu\",\"@id\":\"https:\/\/sxflightcase.com\/th\/#\/schema\/logo\/image\/\",\"url\":\"https:\/\/sxflightcase.com\/wp-content\/uploads\/2024\/04\/1713919036007.jpg\",\"contentUrl\":\"https:\/\/sxflightcase.com\/wp-content\/uploads\/2024\/04\/1713919036007.jpg\",\"width\":382,\"height\":388,\"caption\":\"sxpowercase.com\"},\"image\":{\"@id\":\"https:\/\/sxflightcase.com\/th\/#\/schema\/logo\/image\/\"},\"sameAs\":[\"https:\/\/www.facebook.com\/profile.php?id=61560407257971\"],\"numberOfEmployees\":{\"@type\":\"QuantitativeValue\",\"minValue\":\"11\",\"maxValue\":\"50\"}}]}<\/script>\n<!-- \/ Yoast SEO Premium plugin. -->","yoast_head_json":{"title":"FC 4u Rack Flight Case - https:\/\/sxflightcase.com \ud83d\udc97","description":"4u Rack Flight Case: Fedezze fel gy\u00e1ri k\u00f6zvetlen lehet\u0151s\u00e9geinket a professzion\u00e1lis testreszab\u00e1shoz, biztos\u00edtva a berendez\u00e9sek optim\u00e1lis szervez\u00e9s\u00e9t \u00e9s v\u00e9delm\u00e9t.","robots":{"index":"index","follow":"follow","max-snippet":"max-snippet:-1","max-image-preview":"max-image-preview:large","max-video-preview":"max-video-preview:-1"},"canonical":"https:\/\/sxflightcase.com\/hu\/termek\/4u-rack-repulo-tok\/","og_locale":"hu_HU","og_type":"article","og_title":"FC 4u Rack Flight Case","og_description":"4u Rack Flight Case: Explore our factory-direct options for professional customization, ensuring optimal organization and protection of your equipment.","og_url":"https:\/\/sxflightcase.com\/hu\/termek\/4u-rack-repulo-tok\/","og_site_name":"https:\/\/sxflightcase.com","article_publisher":"https:\/\/www.facebook.com\/profile.php?id=61560407257971","article_modified_time":"2024-06-26T09:08:20+00:00","og_image":[{"width":750,"height":750,"url":"https:\/\/sxflightcase.com\/wp-content\/uploads\/2024\/05\/4u-rack-flight-case40058260545.webp","type":"image\/webp"}],"twitter_card":"summary_large_image","twitter_misc":{"Becs\u00fclt olvas\u00e1si id\u0151":"3 perc"},"schema":{"@context":"https:\/\/schema.org","@graph":[{"@type":"WebPage","@id":"https:\/\/sxflightcase.com\/hu\/termek\/4u-rack-repulo-tok\/","url":"https:\/\/sxflightcase.com\/hu\/termek\/4u-rack-repulo-tok\/","name":"FC 4u Rack Flight Case - https:\/\/sxflightcase.com \ud83d\udc97","isPartOf":{"@id":"https:\/\/sxflightcase.com\/th\/#website"},"primaryImageOfPage":{"@id":"https:\/\/sxflightcase.com\/hu\/termek\/4u-rack-repulo-tok\/#primaryimage"},"image":{"@id":"https:\/\/sxflightcase.com\/hu\/termek\/4u-rack-repulo-tok\/#primaryimage"},"thumbnailUrl":"https:\/\/sxflightcase.com\/wp-content\/uploads\/2024\/05\/4u-rack-flight-case40058260545.webp","datePublished":"2024-05-10T01:48:20+00:00","dateModified":"2024-06-26T09:08:20+00:00","description":"4u Rack Flight Case: Fedezze fel gy\u00e1ri k\u00f6zvetlen lehet\u0151s\u00e9geinket a professzion\u00e1lis testreszab\u00e1shoz, biztos\u00edtva a berendez\u00e9sek optim\u00e1lis szervez\u00e9s\u00e9t \u00e9s v\u00e9delm\u00e9t.","breadcrumb":{"@id":"https:\/\/sxflightcase.com\/hu\/termek\/4u-rack-repulo-tok\/#breadcrumb"},"inLanguage":"hu","potentialAction":[{"@type":"ReadAction","target":["https:\/\/sxflightcase.com\/hu\/termek\/4u-rack-repulo-tok\/"]}]},{"@type":"ImageObject","inLanguage":"hu","@id":"https:\/\/sxflightcase.com\/hu\/termek\/4u-rack-repulo-tok\/#primaryimage","url":"https:\/\/sxflightcase.com\/wp-content\/uploads\/2024\/05\/4u-rack-flight-case40058260545.webp","contentUrl":"https:\/\/sxflightcase.com\/wp-content\/uploads\/2024\/05\/4u-rack-flight-case40058260545.webp","width":750,"height":750,"caption":"4u Rack Flight Case"},{"@type":"BreadcrumbList","@id":"https:\/\/sxflightcase.com\/hu\/termek\/4u-rack-repulo-tok\/#breadcrumb","itemListElement":[{"@type":"ListItem","position":1,"name":"Home","item":"https:\/\/sxflightcase.com\/"},{"@type":"ListItem","position":2,"name":"\u0e2a\u0e34\u0e19\u0e04\u0e49\u0e32","item":"https:\/\/sxflightcase.com\/th\/shop\/"},{"@type":"ListItem","position":3,"name":"FC 4u Rack Flight Case"}]},{"@type":"WebSite","@id":"https:\/\/sxflightcase.com\/th\/#website","url":"https:\/\/sxflightcase.com\/th\/","name":"sxpowercase.com","description":"Flight Case Factory","publisher":{"@id":"https:\/\/sxflightcase.com\/th\/#organization"},"potentialAction":[{"@type":"SearchAction","target":{"@type":"EntryPoint","urlTemplate":"https:\/\/sxflightcase.com\/th\/?s={search_term_string}"},"query-input":{"@type":"PropertyValueSpecification","valueRequired":true,"valueName":"search_term_string"}}],"inLanguage":"hu"},{"@type":"Organization","@id":"https:\/\/sxflightcase.com\/th\/#organization","name":"sxpowercase.com","url":"https:\/\/sxflightcase.com\/th\/","logo":{"@type":"ImageObject","inLanguage":"hu","@id":"https:\/\/sxflightcase.com\/th\/#\/schema\/logo\/image\/","url":"https:\/\/sxflightcase.com\/wp-content\/uploads\/2024\/04\/1713919036007.jpg","contentUrl":"https:\/\/sxflightcase.com\/wp-content\/uploads\/2024\/04\/1713919036007.jpg","width":382,"height":388,"caption":"sxpowercase.com"},"image":{"@id":"https:\/\/sxflightcase.com\/th\/#\/schema\/logo\/image\/"},"sameAs":["https:\/\/www.facebook.com\/profile.php?id=61560407257971"],"numberOfEmployees":{"@type":"QuantitativeValue","minValue":"11","maxValue":"50"}}]}},"_links":{"self":[{"href":"https:\/\/sxflightcase.com\/hu\/wp-json\/wp\/v2\/product\/1615","targetHints":{"allow":["GET"]}}],"collection":[{"href":"https:\/\/sxflightcase.com\/hu\/wp-json\/wp\/v2\/product"}],"about":[{"href":"https:\/\/sxflightcase.com\/hu\/wp-json\/wp\/v2\/types\/product"}],"replies":[{"embeddable":true,"href":"https:\/\/sxflightcase.com\/hu\/wp-json\/wp\/v2\/comments?post=1615"}],"version-history":[{"count":0,"href":"https:\/\/sxflightcase.com\/hu\/wp-json\/wp\/v2\/product\/1615\/revisions"}],"wp:featuredmedia":[{"embeddable":true,"href":"https:\/\/sxflightcase.com\/hu\/wp-json\/wp\/v2\/media\/1616"}],"wp:attachment":[{"href":"https:\/\/sxflightcase.com\/hu\/wp-json\/wp\/v2\/media?parent=1615"}],"wp:term":[{"taxonomy":"product_brand","embeddable":true,"href":"https:\/\/sxflightcase.com\/hu\/wp-json\/wp\/v2\/product_brand?post=1615"},{"taxonomy":"product_cat","embeddable":true,"href":"https:\/\/sxflightcase.com\/hu\/wp-json\/wp\/v2\/product_cat?post=1615"},{"taxonomy":"product_tag","embeddable":true,"href":"https:\/\/sxflightcase.com\/hu\/wp-json\/wp\/v2\/product_tag?post=1615"}],"curies":[{"name":"wp","href":"https:\/\/api.w.org\/{rel}","templated":true}]}}