{"id":1632,"date":"2024-05-10T03:09:46","date_gmt":"2024-05-10T02:09:46","guid":{"rendered":"https:\/\/sxpowercase.com\/?post_type=product&#038;p=1632"},"modified":"2024-06-26T10:14:35","modified_gmt":"2024-06-26T09:14:35","slug":"19-inch-rack-mount-enclosure","status":"publish","type":"product","link":"https:\/\/sxflightcase.com\/hu\/termek\/19-huvelykes-rackbe-szerelheto-haz\/","title":{"rendered":"MP 19 h\u00fcvelykes \u00e1llv\u00e1nyra szerelhet\u0151 h\u00e1z"},"content":{"rendered":"<h3><strong>Term\u00e9k param\u00e9ter (specifik\u00e1ci\u00f3)<\/strong><\/h3>\n<section class=\"table-wrap\">\n<table class=\"table\" width=\"100%\" cellspacing=\"0\" cellpadding=\"0\">\n<tbody>\n<tr class=\"firstRow\">\n<td width=\"134\">A term\u00e9k neve:<\/td>\n<td width=\"503\">19 h\u00fcvelykes rackbe szerelhet\u0151 h\u00e1z<\/td>\n<\/tr>\n<tr>\n<td width=\"134\">Anyag<\/td>\n<td width=\"503\">Alum\u00ednium keret + t\u0171z\u00e1ll\u00f3 +9mm r\u00e9tegelt lemez<\/td>\n<\/tr>\n<tr>\n<td width=\"134\">Bel\u00fcl<\/td>\n<td width=\"503\">Nagy s\u0171r\u0171s\u00e9g\u0171 \u00fct\u00e9s\u00e1ll\u00f3 hab<\/td>\n<\/tr>\n<tr>\n<td width=\"134\">M\u00e9ret<\/td>\n<td width=\"503\">Testre szabhat\u00f3<\/td>\n<\/tr>\n<tr>\n<td width=\"134\">Tartoz\u00e9kok<\/td>\n<td width=\"503\">Nyolc pillang\u00f3z\u00e1r, n\u00e9gy ker\u00e9k a k\u00f6nny\u0171 sz\u00e1ll\u00edt\u00e1shoz, n\u00e9gy er\u0151s foganty\u00fa<\/td>\n<\/tr>\n<tr>\n<td width=\"134\">Custom<\/td>\n<td width=\"503\">Mindenf\u00e9le testreszab\u00e1st \u00fcdv\u00f6z\u00f6l\u00fcnk, mint p\u00e9ld\u00e1ul az alum\u00ednium tok anyaga, m\u00e9rete, bels\u0151 t\u00f6ltel\u00e9kek, foganty\u00fak, z\u00e1rak \u00e9s \u00edgy tov\u00e1bb.<\/td>\n<\/tr>\n<\/tbody>\n<\/table>\n<\/section>\n<h2>Fokozza a berendez\u00e9sek v\u00e9delm\u00e9t az SX 19 h\u00fcvelykes rackbe szerelhet\u0151 h\u00e1zzal<\/h2>\n<h3>Kiv\u00e1l\u00f3 v\u00e9delem a felszerel\u00e9s\u00e9nek<\/h3>\n<p>Bemutatkozik a <a href=\"https:\/\/sxpowercase.com\/\" target=\"_blank\"  rel=\"noopener\" title=\"SX\"  data-wpil-monitor-id=\"485\">SX<\/a> 19 h\u00fcvelykes rackbe szerelhet\u0151 h\u00e1z, a v\u00e9gs\u0151 megold\u00e1s \u00e9rt\u00e9kes eszk\u00f6zeinek v\u00e9delm\u00e9re \u00e9s biztos\u00edt\u00e1s\u00e1ra. A robusztus anyagokb\u00f3l \u00e9s prec\u00edz kialak\u00edt\u00e1ssal k\u00e9sz\u00fclt h\u00e1zunk biztos\u00edtja, hogy felszerel\u00e9sei biztons\u00e1gban maradjanak a s\u00e9r\u00fcl\u00e9sekt\u0151l, ak\u00e1r sz\u00e1ll\u00edt\u00e1s, ak\u00e1r a telep\u00edt\u00e9s sor\u00e1n. B\u00edzzon az SX-ben, hogy biztos\u00edtja a sz\u00fcks\u00e9ges megb\u00edzhat\u00f3s\u00e1got \u00e9s tart\u00f3ss\u00e1got.<\/p>\n<h3>Gy\u00e1ri k\u00f6zvetlen \u00e9rt\u00e9kes\u00edt\u00e9s a maxim\u00e1lis \u00e9rt\u00e9k\u00e9rt<\/h3>\n<p>Az SX-n\u00e9l hisz\u00fcnk abban, hogy a legjobb \u00e9rt\u00e9ket k\u00edn\u00e1ljuk \u00fcgyfeleinknek. A gy\u00e1ri k\u00f6zvetlen \u00e9rt\u00e9kes\u00edt\u00e9ssel kik\u00fcsz\u00f6b\u00f6lj\u00fck a k\u00f6zvet\u00edt\u0151ket, \u00edgy 19 h\u00fcvelykes rackbe szerelhet\u0151 h\u00e1zainkat verhetetlen \u00e1ron tudjuk biztos\u00edtani. Ez a k\u00f6zvetlen megk\u00f6zel\u00edt\u00e9s nem csak p\u00e9nzt takar\u00edt meg \u00d6nnek, hanem biztos\u00edtja azt is, hogy a legmagasabb min\u0151s\u00e9g\u0171 term\u00e9ket kapja. N\u00f6velje \u00fczleti hat\u00e9konys\u00e1g\u00e1t az SX k\u00f6lts\u00e9ghat\u00e9kony megold\u00e1saival.<\/p>\n<h3>Testre szabott testreszab\u00e1s az \u00d6n ig\u00e9nyeinek megfelel\u0151en<\/h3>\n<p>Az SX meg\u00e9rti, hogy minden szakembernek egyedi k\u00f6vetelm\u00e9nyei vannak, ez\u00e9rt \u00e1tfog\u00f3 testreszab\u00e1si szolg\u00e1ltat\u00e1sokat k\u00edn\u00e1l. 19 h\u00fcvelykes rackbe szerelhet\u0151 szekr\u00e9nyeinket az \u00d6n ig\u00e9nyei szerint alak\u00edthatjuk ki, az egyedi m\u00e9retekt\u0151l kezdve az olyan kieg\u00e9sz\u00edt\u0151 funkci\u00f3kig, mint az extra rekeszek vagy a szem\u00e9lyre szabott m\u00e1rkajelz\u00e9s. Testreszabott megold\u00e1sainkkal berendez\u00e9sei t\u00f6k\u00e9letes v\u00e9delmet kapnak, \u00e9s szakmai im\u00e1zsa is javulni fog.<\/p>\n<hr \/>\n<h3>Mi\u00e9rt v\u00e1lassza az SX-et?<\/h3>\n<p>Az SX v\u00e1laszt\u00e1sa azt jelenti, hogy befektet a felszerel\u00e9s\u00e9nek cs\u00facsmin\u0151s\u00e9g\u0171 v\u00e9delm\u00e9be. Gy\u00e1ri k\u00f6zvetlen \u00e9rt\u00e9kes\u00edt\u00e9si modell\u00fcnk a legjobb \u00e1rakat garant\u00e1lja \u00d6nnek a min\u0151s\u00e9g kompromisszumai n\u00e9lk\u00fcl. A testreszab\u00e1s ir\u00e1nti elk\u00f6telezetts\u00e9g\u00fcnknek k\u00f6sz\u00f6nhet\u0151en a 19 h\u00fcvelykes Rack Mount Enclosure pontosan megfelel az \u00d6n ig\u00e9nyeinek, \u00e9s p\u00e1ratlan v\u00e9delmet ny\u00fajt felszerel\u00e9s\u00e9nek. Legyen partner az SX-szel m\u00e9g ma, hogy megtudja, term\u00e9keink hogyan jav\u00edthatj\u00e1k \u00fczleti tev\u00e9kenys\u00e9g\u00e9t, \u00e9s hogyan v\u00e9dhetik meg \u00e9rt\u00e9kes berendez\u00e9seit.<\/p>\n<p><strong>GYIK<\/strong><\/p>\n<p>K: Mi a MOQ?<\/p>\n<p>V: Ha a term\u00e9kek rakt\u00e1ron vannak, akkor nem lesz MOQ. Ha gy\u00e1rtani kell, akkor a MOQ-t az \u00fcgyf\u00e9l pontos helyzet\u00e9nek megfelel\u0151en tudjuk megvitatni.<\/p>\n<p>K: Mi a sz\u00e1ll\u00edt\u00e1si szolg\u00e1ltat\u00e1sa?<\/p>\n<p>V: Szolg\u00e1ltat\u00e1sokat tudunk ny\u00fajtani a haj\u00f3foglal\u00e1shoz, az \u00e1ruk konszolid\u00e1l\u00e1s\u00e1hoz, a v\u00e1m\u00e1ru-nyilatkozathoz, a sz\u00e1ll\u00edt\u00e1si dokumentumok el\u0151k\u00e9sz\u00edt\u00e9s\u00e9hez \u00e9s a sz\u00e1ll\u00edt\u00e1si kik\u00f6t\u0151ben t\u00f6rt\u00e9n\u0151 \u00f6mlesztett sz\u00e1ll\u00edt\u00e1shoz.<\/p>\n<p>K: Tud seg\u00edteni a tervez\u00e9sben?<\/p>\n<p>V: Igen, egyszer\u0171en tervezzen ingyen, a k\u00fcl\u00f6nleges tervez\u00e9s\u00e9rt fizetni kell.<\/p>\n<p><strong>Min\u0151s\u00e9gellen\u0151rz\u00e9s<\/strong><\/p>\n<p>Van QC szem\u00e9ly tart\u00f3zkodik a gy\u00e1rt\u00f3sorokon, hogy az ellen\u0151rz\u00e9s.Minden term\u00e9ket ellen\u0151rizni kell a sz\u00e1ll\u00edt\u00e1s el\u0151tt. Mi nem inline ellen\u0151rz\u00e9s \u00e9s v\u00e9gs\u0151 ellen\u0151rz\u00e9s.<\/p>\n<p>1.Minden nyersanyag ellen\u0151rizve, amint meg\u00e9rkezik a gy\u00e1runkba.<\/p>\n<p>2.Minden darab \u00e9s log\u00f3 \u00e9s minden r\u00e9szlet ellen\u0151rizve a gy\u00e1rt\u00e1s sor\u00e1n.<\/p>\n<p>3.Minden csomagol\u00e1si r\u00e9szletet ellen\u0151riznek a gy\u00e1rt\u00e1s sor\u00e1n.<\/p>\n<p>4.Minden gy\u00e1rt\u00e1si min\u0151s\u00e9g \u00e9s csomagol\u00e1s ellen\u0151rz\u00f6tt a v\u00e9gs\u0151 ellen\u0151rz\u00e9s ut\u00e1n.<\/p>\n<p>Hot Tags: Alacsony \u00e1r, rakt\u00e1ron, ingyenes minta, t\u00e1p- \u00e9s jelk\u00e1bel, 16 Gauge 4 vezet\u0151 vezet\u00e9k, mikrofon \u00e1llv\u00e1ny tok, k\u00fclt\u00e9ri Led kijelz\u0151szekr\u00e9ny, Rack Mount, 19\" Rackmount Mixer Flight Cases\uff0celektromos disztr\u00f3 doboz, K\u00edna, besz\u00e1ll\u00edt\u00f3k, gy\u00e1r, testreszabott, nagykereskedelem, <span style=\"color: #993366;\"><a style=\"color: #993366;\" href=\"https:\/\/sxflightcase.com\/hu\/product-category\/all-product\/power-distribution-boxes\/\">t\u00e1pegys\u00e9gek<\/a>,\u00a0<a style=\"color: #993366;\" href=\"https:\/\/sxflightcase.com\/hu\/product-category\/all-product\/hoist-controllers\/\">t\u00e1pk\u00e1belek<\/a>,\u00a0<a style=\"color: #993366;\" href=\"https:\/\/sxflightcase.com\/hu\/product-category\/all-product\/hoist-controllers\/\">emel\u0151g\u00e9p-vez\u00e9rl\u0151k<\/a>,\u00a0<a style=\"color: #993366;\" href=\"https:\/\/sxflightcase.com\/hu\/product-category\/all-product\/flight-case\/\">rep\u00fcl\u00e9si esetek.<\/a><\/span><\/p>","protected":false},"excerpt":{"rendered":"<h2 class=\"prodetails-name\">19 h\u00fcvelykes rackbe szerelhet\u0151 h\u00e1z<\/h2>\n<p>A 2001-ben alap\u00edtott c\u00e9g\u00fcnk mindenf\u00e9le 19 h\u00fcvelykes rackbe szerelhet\u0151 h\u00e1z gy\u00e1rt\u00e1s\u00e1ra specializ\u00e1l\u00f3dott, t\u00f6bb mint 20.00 n\u00e9gyzetm\u00e9teres m\u0171helyter\u00fclet\u00fcnk van. \u00c1ltal\u00e1ban 2u-t\u00f3l 20u-ig k\u00e9sz\u00edt\u00fcnk, de k\u00fcl\u00f6nb\u00f6z\u0151 m\u00e9reteket is k\u00e9sz\u00edt\u00fcnk az \u00d6n ig\u00e9nyeit\u0151l f\u00fcgg\u0151en.<\/p>\n<h2><strong>Termel\u00e9si bevezet\u00e9s<\/strong><\/h2>\n<p>A 19 h\u00fcvelykes rackbe szerelhet\u0151 szekr\u00e9ny bels\u0151 sz\u00e9less\u00e9g\u00e9nek m\u00e9rete a szabv\u00e1nyos 19\". A rack m\u00e9lys\u00e9ge (a h\u00e1ts\u00f3 fed\u00e9lig) 20,25\". Fed\u00e9lm\u00e9lys\u00e9g: 3,75\", 4 rug\u00f3s foganty\u00fa, 8 s\u00fcllyesztett csavart retesz lakatbet\u00e9tekkel. A Shengxiang rack tok sorozat 2U, 4U, 6U, 8U, 10U, 12U, 14U \u00e9s 16U rack tokokban is kaphat\u00f3.<\/p>","protected":false},"featured_media":1633,"comment_status":"open","ping_status":"closed","template":"","meta":[],"product_brand":[],"product_cat":[35],"product_tag":[50],"class_list":{"0":"post-1632","1":"product","2":"type-product","3":"status-publish","4":"has-post-thumbnail","6":"product_cat-standard-rack-cases","7":"product_tag-mp","9":"first","10":"instock","11":"shipping-taxable","12":"product-type-simple"},"yoast_head":"<!-- This site is optimized with the Yoast SEO Premium plugin v27.1 (Yoast SEO v27.2) - https:\/\/yoast.com\/product\/yoast-seo-premium-wordpress\/ -->\n<title>MP 19 Inch Rack Mount Enclosure - https:\/\/sxflightcase.com \ud83d\udc97<\/title>\n<meta name=\"description\" content=\"19 Inch Rack Mount Enclosure: Explore our factory-direct options for professional customization, ensuring optimal organization and protection of your equipment.\" \/>\n<meta name=\"robots\" content=\"index, follow, max-snippet:-1, max-image-preview:large, max-video-preview:-1\" \/>\n<link rel=\"canonical\" href=\"https:\/\/sxflightcase.com\/hu\/\u0645\u0646\u062a\u062c\/\u0636\u0645\u064a\u0645\u0629-\u0645\u062b\u0628\u062a\u0629-\u0639\u0644\u0649-\u062d\u0627\u0645\u0644-19-\u0628\u0648\u0635\u0629-2\/\" \/>\n<meta property=\"og:locale\" content=\"hu_HU\" \/>\n<meta property=\"og:type\" content=\"article\" \/>\n<meta property=\"og:title\" content=\"MP 19 Inch Rack Mount Enclosure\" \/>\n<meta property=\"og:description\" content=\"19 Inch Rack Mount Enclosure: Explore our factory-direct options for professional customization, ensuring optimal organization and protection of your equipment.\" \/>\n<meta property=\"og:url\" content=\"https:\/\/sxflightcase.com\/hu\/\u0645\u0646\u062a\u062c\/\u0636\u0645\u064a\u0645\u0629-\u0645\u062b\u0628\u062a\u0629-\u0639\u0644\u0649-\u062d\u0627\u0645\u0644-19-\u0628\u0648\u0635\u0629-2\/\" \/>\n<meta property=\"og:site_name\" content=\"https:\/\/sxflightcase.com\" \/>\n<meta property=\"article:publisher\" content=\"https:\/\/www.facebook.com\/profile.php?id=61560407257971\" \/>\n<meta property=\"article:modified_time\" content=\"2024-06-26T09:14:35+00:00\" \/>\n<meta property=\"og:image\" content=\"https:\/\/sxflightcase.com\/wp-content\/uploads\/2024\/05\/19-inch-rack-mount-enclosure58212769315.webp\" \/>\n\t<meta property=\"og:image:width\" content=\"750\" \/>\n\t<meta property=\"og:image:height\" content=\"750\" \/>\n\t<meta property=\"og:image:type\" content=\"image\/webp\" \/>\n<meta name=\"twitter:card\" content=\"summary_large_image\" \/>\n<meta name=\"twitter:label1\" content=\"Becs\u00fclt olvas\u00e1si id\u0151\" \/>\n\t<meta name=\"twitter:data1\" content=\"4 perc\" \/>\n<script type=\"application\/ld+json\" class=\"yoast-schema-graph\">{\"@context\":\"https:\/\/schema.org\",\"@graph\":[{\"@type\":\"WebPage\",\"@id\":\"https:\/\/sxflightcase.com\/ary\/\u0645\u0646\u062a\u062c\/\u0636\u0645\u064a\u0645\u0629-\u0645\u062b\u0628\u062a\u0629-\u0639\u0644\u0649-\u062d\u0627\u0645\u0644-19-\u0628\u0648\u0635\u0629-2\/\",\"url\":\"https:\/\/sxflightcase.com\/ary\/\u0645\u0646\u062a\u062c\/\u0636\u0645\u064a\u0645\u0629-\u0645\u062b\u0628\u062a\u0629-\u0639\u0644\u0649-\u062d\u0627\u0645\u0644-19-\u0628\u0648\u0635\u0629-2\/\",\"name\":\"MP 19 Inch Rack Mount Enclosure - https:\/\/sxflightcase.com \ud83d\udc97\",\"isPartOf\":{\"@id\":\"https:\/\/sxflightcase.com\/th\/#website\"},\"primaryImageOfPage\":{\"@id\":\"https:\/\/sxflightcase.com\/ary\/\u0645\u0646\u062a\u062c\/\u0636\u0645\u064a\u0645\u0629-\u0645\u062b\u0628\u062a\u0629-\u0639\u0644\u0649-\u062d\u0627\u0645\u0644-19-\u0628\u0648\u0635\u0629-2\/#primaryimage\"},\"image\":{\"@id\":\"https:\/\/sxflightcase.com\/ary\/\u0645\u0646\u062a\u062c\/\u0636\u0645\u064a\u0645\u0629-\u0645\u062b\u0628\u062a\u0629-\u0639\u0644\u0649-\u062d\u0627\u0645\u0644-19-\u0628\u0648\u0635\u0629-2\/#primaryimage\"},\"thumbnailUrl\":\"https:\/\/sxflightcase.com\/wp-content\/uploads\/2024\/05\/19-inch-rack-mount-enclosure58212769315.webp\",\"datePublished\":\"2024-05-10T02:09:46+00:00\",\"dateModified\":\"2024-06-26T09:14:35+00:00\",\"description\":\"19 Inch Rack Mount Enclosure: Explore our factory-direct options for professional customization, ensuring optimal organization and protection of your equipment.\",\"breadcrumb\":{\"@id\":\"https:\/\/sxflightcase.com\/ary\/\u0645\u0646\u062a\u062c\/\u0636\u0645\u064a\u0645\u0629-\u0645\u062b\u0628\u062a\u0629-\u0639\u0644\u0649-\u062d\u0627\u0645\u0644-19-\u0628\u0648\u0635\u0629-2\/#breadcrumb\"},\"inLanguage\":\"hu\",\"potentialAction\":[{\"@type\":\"ReadAction\",\"target\":[\"https:\/\/sxflightcase.com\/ary\/\u0645\u0646\u062a\u062c\/\u0636\u0645\u064a\u0645\u0629-\u0645\u062b\u0628\u062a\u0629-\u0639\u0644\u0649-\u062d\u0627\u0645\u0644-19-\u0628\u0648\u0635\u0629-2\/\"]}]},{\"@type\":\"ImageObject\",\"inLanguage\":\"hu\",\"@id\":\"https:\/\/sxflightcase.com\/ary\/\u0645\u0646\u062a\u062c\/\u0636\u0645\u064a\u0645\u0629-\u0645\u062b\u0628\u062a\u0629-\u0639\u0644\u0649-\u062d\u0627\u0645\u0644-19-\u0628\u0648\u0635\u0629-2\/#primaryimage\",\"url\":\"https:\/\/sxflightcase.com\/wp-content\/uploads\/2024\/05\/19-inch-rack-mount-enclosure58212769315.webp\",\"contentUrl\":\"https:\/\/sxflightcase.com\/wp-content\/uploads\/2024\/05\/19-inch-rack-mount-enclosure58212769315.webp\",\"width\":750,\"height\":750,\"caption\":\"19 Inch Rack Mount Enclosure\"},{\"@type\":\"BreadcrumbList\",\"@id\":\"https:\/\/sxflightcase.com\/ary\/\u0645\u0646\u062a\u062c\/\u0636\u0645\u064a\u0645\u0629-\u0645\u062b\u0628\u062a\u0629-\u0639\u0644\u0649-\u062d\u0627\u0645\u0644-19-\u0628\u0648\u0635\u0629-2\/#breadcrumb\",\"itemListElement\":[{\"@type\":\"ListItem\",\"position\":1,\"name\":\"Home\",\"item\":\"https:\/\/sxflightcase.com\/\"},{\"@type\":\"ListItem\",\"position\":2,\"name\":\"\u0e2a\u0e34\u0e19\u0e04\u0e49\u0e32\",\"item\":\"https:\/\/sxflightcase.com\/th\/shop\/\"},{\"@type\":\"ListItem\",\"position\":3,\"name\":\"MP 19 Inch Rack Mount Enclosure\"}]},{\"@type\":\"WebSite\",\"@id\":\"https:\/\/sxflightcase.com\/th\/#website\",\"url\":\"https:\/\/sxflightcase.com\/th\/\",\"name\":\"sxpowercase.com\",\"description\":\"Flight Case Factory\",\"publisher\":{\"@id\":\"https:\/\/sxflightcase.com\/th\/#organization\"},\"potentialAction\":[{\"@type\":\"SearchAction\",\"target\":{\"@type\":\"EntryPoint\",\"urlTemplate\":\"https:\/\/sxflightcase.com\/th\/?s={search_term_string}\"},\"query-input\":{\"@type\":\"PropertyValueSpecification\",\"valueRequired\":true,\"valueName\":\"search_term_string\"}}],\"inLanguage\":\"hu\"},{\"@type\":\"Organization\",\"@id\":\"https:\/\/sxflightcase.com\/th\/#organization\",\"name\":\"sxpowercase.com\",\"url\":\"https:\/\/sxflightcase.com\/th\/\",\"logo\":{\"@type\":\"ImageObject\",\"inLanguage\":\"hu\",\"@id\":\"https:\/\/sxflightcase.com\/th\/#\/schema\/logo\/image\/\",\"url\":\"https:\/\/sxflightcase.com\/wp-content\/uploads\/2024\/04\/1713919036007.jpg\",\"contentUrl\":\"https:\/\/sxflightcase.com\/wp-content\/uploads\/2024\/04\/1713919036007.jpg\",\"width\":382,\"height\":388,\"caption\":\"sxpowercase.com\"},\"image\":{\"@id\":\"https:\/\/sxflightcase.com\/th\/#\/schema\/logo\/image\/\"},\"sameAs\":[\"https:\/\/www.facebook.com\/profile.php?id=61560407257971\"],\"numberOfEmployees\":{\"@type\":\"QuantitativeValue\",\"minValue\":\"11\",\"maxValue\":\"50\"}}]}<\/script>\n<!-- \/ Yoast SEO Premium plugin. -->","yoast_head_json":{"title":"MP 19 Inch Rack Mount Enclosure - https:\/\/sxflightcase.com \ud83d\udc97","description":"19 h\u00fcvelykes rackbe szerelhet\u0151 h\u00e1z: Fedezze fel a gy\u00e1ri k\u00f6zvetlen lehet\u0151s\u00e9geinket a professzion\u00e1lis testreszab\u00e1shoz, biztos\u00edtva a berendez\u00e9sek optim\u00e1lis szervez\u00e9s\u00e9t \u00e9s v\u00e9delm\u00e9t.","robots":{"index":"index","follow":"follow","max-snippet":"max-snippet:-1","max-image-preview":"max-image-preview:large","max-video-preview":"max-video-preview:-1"},"canonical":"https:\/\/sxflightcase.com\/hu\/\u0645\u0646\u062a\u062c\/\u0636\u0645\u064a\u0645\u0629-\u0645\u062b\u0628\u062a\u0629-\u0639\u0644\u0649-\u062d\u0627\u0645\u0644-19-\u0628\u0648\u0635\u0629-2\/","og_locale":"hu_HU","og_type":"article","og_title":"MP 19 Inch Rack Mount Enclosure","og_description":"19 Inch Rack Mount Enclosure: Explore our factory-direct options for professional customization, ensuring optimal organization and protection of your equipment.","og_url":"https:\/\/sxflightcase.com\/hu\/\u0645\u0646\u062a\u062c\/\u0636\u0645\u064a\u0645\u0629-\u0645\u062b\u0628\u062a\u0629-\u0639\u0644\u0649-\u062d\u0627\u0645\u0644-19-\u0628\u0648\u0635\u0629-2\/","og_site_name":"https:\/\/sxflightcase.com","article_publisher":"https:\/\/www.facebook.com\/profile.php?id=61560407257971","article_modified_time":"2024-06-26T09:14:35+00:00","og_image":[{"width":750,"height":750,"url":"https:\/\/sxflightcase.com\/wp-content\/uploads\/2024\/05\/19-inch-rack-mount-enclosure58212769315.webp","type":"image\/webp"}],"twitter_card":"summary_large_image","twitter_misc":{"Becs\u00fclt olvas\u00e1si id\u0151":"4 perc"},"schema":{"@context":"https:\/\/schema.org","@graph":[{"@type":"WebPage","@id":"https:\/\/sxflightcase.com\/ary\/\u0645\u0646\u062a\u062c\/\u0636\u0645\u064a\u0645\u0629-\u0645\u062b\u0628\u062a\u0629-\u0639\u0644\u0649-\u062d\u0627\u0645\u0644-19-\u0628\u0648\u0635\u0629-2\/","url":"https:\/\/sxflightcase.com\/ary\/\u0645\u0646\u062a\u062c\/\u0636\u0645\u064a\u0645\u0629-\u0645\u062b\u0628\u062a\u0629-\u0639\u0644\u0649-\u062d\u0627\u0645\u0644-19-\u0628\u0648\u0635\u0629-2\/","name":"MP 19 Inch Rack Mount Enclosure - https:\/\/sxflightcase.com \ud83d\udc97","isPartOf":{"@id":"https:\/\/sxflightcase.com\/th\/#website"},"primaryImageOfPage":{"@id":"https:\/\/sxflightcase.com\/ary\/\u0645\u0646\u062a\u062c\/\u0636\u0645\u064a\u0645\u0629-\u0645\u062b\u0628\u062a\u0629-\u0639\u0644\u0649-\u062d\u0627\u0645\u0644-19-\u0628\u0648\u0635\u0629-2\/#primaryimage"},"image":{"@id":"https:\/\/sxflightcase.com\/ary\/\u0645\u0646\u062a\u062c\/\u0636\u0645\u064a\u0645\u0629-\u0645\u062b\u0628\u062a\u0629-\u0639\u0644\u0649-\u062d\u0627\u0645\u0644-19-\u0628\u0648\u0635\u0629-2\/#primaryimage"},"thumbnailUrl":"https:\/\/sxflightcase.com\/wp-content\/uploads\/2024\/05\/19-inch-rack-mount-enclosure58212769315.webp","datePublished":"2024-05-10T02:09:46+00:00","dateModified":"2024-06-26T09:14:35+00:00","description":"19 h\u00fcvelykes rackbe szerelhet\u0151 h\u00e1z: Fedezze fel a gy\u00e1ri k\u00f6zvetlen lehet\u0151s\u00e9geinket a professzion\u00e1lis testreszab\u00e1shoz, biztos\u00edtva a berendez\u00e9sek optim\u00e1lis szervez\u00e9s\u00e9t \u00e9s v\u00e9delm\u00e9t.","breadcrumb":{"@id":"https:\/\/sxflightcase.com\/ary\/\u0645\u0646\u062a\u062c\/\u0636\u0645\u064a\u0645\u0629-\u0645\u062b\u0628\u062a\u0629-\u0639\u0644\u0649-\u062d\u0627\u0645\u0644-19-\u0628\u0648\u0635\u0629-2\/#breadcrumb"},"inLanguage":"hu","potentialAction":[{"@type":"ReadAction","target":["https:\/\/sxflightcase.com\/ary\/\u0645\u0646\u062a\u062c\/\u0636\u0645\u064a\u0645\u0629-\u0645\u062b\u0628\u062a\u0629-\u0639\u0644\u0649-\u062d\u0627\u0645\u0644-19-\u0628\u0648\u0635\u0629-2\/"]}]},{"@type":"ImageObject","inLanguage":"hu","@id":"https:\/\/sxflightcase.com\/ary\/\u0645\u0646\u062a\u062c\/\u0636\u0645\u064a\u0645\u0629-\u0645\u062b\u0628\u062a\u0629-\u0639\u0644\u0649-\u062d\u0627\u0645\u0644-19-\u0628\u0648\u0635\u0629-2\/#primaryimage","url":"https:\/\/sxflightcase.com\/wp-content\/uploads\/2024\/05\/19-inch-rack-mount-enclosure58212769315.webp","contentUrl":"https:\/\/sxflightcase.com\/wp-content\/uploads\/2024\/05\/19-inch-rack-mount-enclosure58212769315.webp","width":750,"height":750,"caption":"19 Inch Rack Mount Enclosure"},{"@type":"BreadcrumbList","@id":"https:\/\/sxflightcase.com\/ary\/\u0645\u0646\u062a\u062c\/\u0636\u0645\u064a\u0645\u0629-\u0645\u062b\u0628\u062a\u0629-\u0639\u0644\u0649-\u062d\u0627\u0645\u0644-19-\u0628\u0648\u0635\u0629-2\/#breadcrumb","itemListElement":[{"@type":"ListItem","position":1,"name":"Home","item":"https:\/\/sxflightcase.com\/"},{"@type":"ListItem","position":2,"name":"\u0e2a\u0e34\u0e19\u0e04\u0e49\u0e32","item":"https:\/\/sxflightcase.com\/th\/shop\/"},{"@type":"ListItem","position":3,"name":"MP 19 Inch Rack Mount Enclosure"}]},{"@type":"WebSite","@id":"https:\/\/sxflightcase.com\/th\/#website","url":"https:\/\/sxflightcase.com\/th\/","name":"sxpowercase.com","description":"Flight Case Factory","publisher":{"@id":"https:\/\/sxflightcase.com\/th\/#organization"},"potentialAction":[{"@type":"SearchAction","target":{"@type":"EntryPoint","urlTemplate":"https:\/\/sxflightcase.com\/th\/?s={search_term_string}"},"query-input":{"@type":"PropertyValueSpecification","valueRequired":true,"valueName":"search_term_string"}}],"inLanguage":"hu"},{"@type":"Organization","@id":"https:\/\/sxflightcase.com\/th\/#organization","name":"sxpowercase.com","url":"https:\/\/sxflightcase.com\/th\/","logo":{"@type":"ImageObject","inLanguage":"hu","@id":"https:\/\/sxflightcase.com\/th\/#\/schema\/logo\/image\/","url":"https:\/\/sxflightcase.com\/wp-content\/uploads\/2024\/04\/1713919036007.jpg","contentUrl":"https:\/\/sxflightcase.com\/wp-content\/uploads\/2024\/04\/1713919036007.jpg","width":382,"height":388,"caption":"sxpowercase.com"},"image":{"@id":"https:\/\/sxflightcase.com\/th\/#\/schema\/logo\/image\/"},"sameAs":["https:\/\/www.facebook.com\/profile.php?id=61560407257971"],"numberOfEmployees":{"@type":"QuantitativeValue","minValue":"11","maxValue":"50"}}]}},"_links":{"self":[{"href":"https:\/\/sxflightcase.com\/hu\/wp-json\/wp\/v2\/product\/1632","targetHints":{"allow":["GET"]}}],"collection":[{"href":"https:\/\/sxflightcase.com\/hu\/wp-json\/wp\/v2\/product"}],"about":[{"href":"https:\/\/sxflightcase.com\/hu\/wp-json\/wp\/v2\/types\/product"}],"replies":[{"embeddable":true,"href":"https:\/\/sxflightcase.com\/hu\/wp-json\/wp\/v2\/comments?post=1632"}],"version-history":[{"count":0,"href":"https:\/\/sxflightcase.com\/hu\/wp-json\/wp\/v2\/product\/1632\/revisions"}],"wp:featuredmedia":[{"embeddable":true,"href":"https:\/\/sxflightcase.com\/hu\/wp-json\/wp\/v2\/media\/1633"}],"wp:attachment":[{"href":"https:\/\/sxflightcase.com\/hu\/wp-json\/wp\/v2\/media?parent=1632"}],"wp:term":[{"taxonomy":"product_brand","embeddable":true,"href":"https:\/\/sxflightcase.com\/hu\/wp-json\/wp\/v2\/product_brand?post=1632"},{"taxonomy":"product_cat","embeddable":true,"href":"https:\/\/sxflightcase.com\/hu\/wp-json\/wp\/v2\/product_cat?post=1632"},{"taxonomy":"product_tag","embeddable":true,"href":"https:\/\/sxflightcase.com\/hu\/wp-json\/wp\/v2\/product_tag?post=1632"}],"curies":[{"name":"wp","href":"https:\/\/api.w.org\/{rel}","templated":true}]}}