{"id":1636,"date":"2024-05-10T03:14:38","date_gmt":"2024-05-10T02:14:38","guid":{"rendered":"https:\/\/sxpowercase.com\/?post_type=product&#038;p=1636"},"modified":"2024-06-26T10:15:57","modified_gmt":"2024-06-26T09:15:57","slug":"rack-mount","status":"publish","type":"product","link":"https:\/\/sxflightcase.com\/hu\/termek\/allvanyra-szerelheto\/","title":{"rendered":"Nincs ajt\u00f3 Rack Mount 19U"},"content":{"rendered":"<p><strong>Term\u00e9k param\u00e9ter (specifik\u00e1ci\u00f3)<\/strong><\/p>\n<section class=\"table-wrap\">\n<table class=\"table\" width=\"100%\" cellspacing=\"0\" cellpadding=\"0\">\n<tbody>\n<tr class=\"firstRow\">\n<td width=\"134\">A term\u00e9k neve:<\/td>\n<td width=\"503\">Rackbe\u00e9p\u00edt\u00e9s<\/td>\n<\/tr>\n<tr>\n<td width=\"134\">Anyag<\/td>\n<td width=\"503\">Alum\u00ednium keret + t\u0171z\u00e1ll\u00f3 +9mm r\u00e9tegelt lemez<\/td>\n<\/tr>\n<tr>\n<td width=\"134\">Bel\u00fcl<\/td>\n<td width=\"503\">Nagy s\u0171r\u0171s\u00e9g\u0171 \u00fct\u00e9s\u00e1ll\u00f3 hab<\/td>\n<\/tr>\n<tr>\n<td width=\"134\">M\u00e9ret<\/td>\n<td width=\"503\">Testre szabhat\u00f3<\/td>\n<\/tr>\n<tr>\n<td width=\"134\">Tartoz\u00e9kok<\/td>\n<td width=\"503\">N\u00e9gy pillang\u00f3z\u00e1r, n\u00e9gy ker\u00e9k a k\u00f6nny\u0171 sz\u00e1ll\u00edt\u00e1shoz, n\u00e9gy er\u0151s foganty\u00fa<\/td>\n<\/tr>\n<tr>\n<td width=\"134\">Custom<\/td>\n<td width=\"503\">Mindenf\u00e9le testreszabott \u00fcdv\u00f6z\u00f6lj\u00fck, mint p\u00e9ld\u00e1ul az alum\u00ednium tok anyaga, m\u00e9rete, bels\u0151 t\u00f6ltel\u00e9kek, foganty\u00fak, z\u00e1rak \u00e9s \u00edgy tov\u00e1bb.<\/td>\n<\/tr>\n<\/tbody>\n<\/table>\n<\/section>\n<h2>Biztos\u00edtsa \u00e9s optimaliz\u00e1lja berendez\u00e9seit az SX \u00e1llv\u00e1nyra szerelhet\u0151 megold\u00e1saival<\/h2>\n<h3>P\u00e1ratlan min\u0151s\u00e9g \u00e9s v\u00e9delem<\/h3>\n<p>A  c\u00edmen. <a href=\"https:\/\/sxpowercase.com\/\" target=\"_blank\"  rel=\"noopener\" title=\"SX\"  data-wpil-monitor-id=\"486\">SX<\/a>, tiszt\u00e1ban vagyunk az \u00e9rt\u00e9kes felszerel\u00e9s biztons\u00e1g\u00e1nak \u00e9s rendszerez\u00e9s\u00e9nek fontoss\u00e1g\u00e1val. Rack Mount megold\u00e1sainkat \u00fagy tervezt\u00fck, hogy kiv\u00e1l\u00f3 v\u00e9delmet \u00e9s optim\u00e1lis szervez\u00e9st biztos\u00edtsanak minden professzion\u00e1lis felszerel\u00e9s\u00e9nek. A kiv\u00e1l\u00f3 min\u0151s\u00e9g\u0171 anyagokb\u00f3l k\u00e9sz\u00fclt SX Rack Mountok biztos\u00edtj\u00e1k, hogy felszerel\u00e9sei biztons\u00e1gban maradjanak a s\u00e9r\u00fcl\u00e9sekt\u0151l, ak\u00e1r t\u00e1rol\u00e1s, ak\u00e1r sz\u00e1ll\u00edt\u00e1s k\u00f6zben. B\u00edzzon az SX-ben, hogy biztos\u00edtja az \u00fczleti tev\u00e9kenys\u00e9g\u00e9hez sz\u00fcks\u00e9ges megb\u00edzhat\u00f3s\u00e1got.<\/p>\n<h3>Gy\u00e1ri k\u00f6zvetlen \u00e9rt\u00e9kes\u00edt\u00e9s a kiv\u00e1l\u00f3 \u00e9rt\u00e9k\u00e9rt<\/h3>\n<p>Az SX elk\u00f6telezett amellett, hogy a legjobb \u00e9rt\u00e9ket k\u00edn\u00e1lja \u00fcgyfeleinek. A gy\u00e1ri k\u00f6zvetlen \u00e9rt\u00e9kes\u00edt\u00e9ssel kik\u00fcsz\u00f6b\u00f6lj\u00fck a k\u00f6zvet\u00edt\u0151ket, \u00edgy versenyk\u00e9pes \u00e1ron tudjuk biztos\u00edtani a Rack Mount megold\u00e1sokat. Ez a megk\u00f6zel\u00edt\u00e9s biztos\u00edtja, hogy \u00d6n magas min\u0151s\u00e9g\u0171 term\u00e9keket kapjon a felhajtott k\u00f6lts\u00e9gek n\u00e9lk\u00fcl. Sp\u00f3roljon p\u00e9nzt \u00e9s kapja a legjobbat az SX gy\u00e1ri k\u00f6zvetlen \u00e9rt\u00e9kes\u00edt\u00e9si modellj\u00e9vel. N\u00f6velje \u00fczleti hat\u00e9konys\u00e1g\u00e1t az SX k\u00f6lts\u00e9ghat\u00e9kony \u00e9s megb\u00edzhat\u00f3 megold\u00e1saival.<\/p>\n<h3>Testreszab\u00e1s az \u00d6n egyedi ig\u00e9nyeihez<\/h3>\n<p>Minden professzion\u00e1lis be\u00e1ll\u00edt\u00e1snak egyedi k\u00f6vetelm\u00e9nyei vannak, \u00e9s az SX az\u00e9rt van itt, hogy megfeleljen ezeknek. Rack Mount megold\u00e1saink sz\u00e9lesk\u00f6r\u0171 testreszab\u00e1si lehet\u0151s\u00e9gekkel rendelkeznek. Ak\u00e1r egyedi m\u00e9retekre, tov\u00e1bbi rekeszekre vagy szem\u00e9lyre szabott m\u00e1rkajelz\u00e9sre van sz\u00fcks\u00e9ge, az SX az \u00d6n pontos ig\u00e9nyeihez igaz\u00edtja term\u00e9keinket. Egyedi szolg\u00e1ltat\u00e1saink biztos\u00edtj\u00e1k, hogy berendez\u00e9sei nem csak v\u00e9dve legyenek, hanem a lehet\u0151 leghat\u00e9konyabb m\u00f3don legyenek megszervezve.<\/p>\n<hr \/>\n<h3>Mi\u00e9rt v\u00e1lassza az SX-et?<\/h3>\n<p>Az SX v\u00e1laszt\u00e1sa azt jelenti, hogy befektet a felszerel\u00e9sei cs\u00facsszint\u0171 v\u00e9delm\u00e9be \u00e9s szervez\u00e9s\u00e9be. Gy\u00e1ri k\u00f6zvetlen \u00e9rt\u00e9kes\u00edt\u00e9si modell\u00fcnk garant\u00e1lja a legjobb \u00e1rakat a magas sz\u00ednvonal\u00fa szabv\u00e1nyok fenntart\u00e1sa mellett. A testreszab\u00e1s ir\u00e1nti elk\u00f6telezetts\u00e9g\u00fcnknek k\u00f6sz\u00f6nhet\u0151en az SX Rack Mount megold\u00e1sok megfelelnek az \u00d6n egyedi ig\u00e9nyeinek, \u00e9s fel\u00fclm\u00falj\u00e1k az elv\u00e1r\u00e1sait. Legyen partner az SX-szel m\u00e9g ma, hogy megtapasztalja, hogyan emelhetik term\u00e9keink \u00fczleti tev\u00e9kenys\u00e9g\u00e9t, \u00e9s hogyan v\u00e9dhetik hat\u00e9konyan \u00e9rt\u00e9kes felszerel\u00e9s\u00e9t.<\/p>\n<p><strong>Min\u0151s\u00e9gellen\u0151rz\u00e9s<\/strong><\/p>\n<p>Van QC szem\u00e9ly\u00fcnk, aki a gy\u00e1rt\u00f3sorokon tart\u00f3zkodik az ellen\u0151rz\u00e9shez. Minden term\u00e9ket sz\u00e1ll\u00edt\u00e1s el\u0151tt ellen\u0151rizni kell. Mi csin\u00e1l inline ellen\u0151rz\u00e9s \u00e9s v\u00e9gs\u0151 ellen\u0151rz\u00e9s.<\/p>\n<p>1.Minden nyersanyag ellen\u0151rizve, amint meg\u00e9rkezik a gy\u00e1runkba.<\/p>\n<p>2.Minden darab \u00e9s log\u00f3 \u00e9s minden r\u00e9szlet ellen\u0151rizve a gy\u00e1rt\u00e1s sor\u00e1n.<\/p>\n<p>3.Minden csomagol\u00e1si r\u00e9szletet ellen\u0151riznek a gy\u00e1rt\u00e1s sor\u00e1n.<\/p>\n<p>4.Minden gy\u00e1rt\u00e1si min\u0151s\u00e9g \u00e9s csomagol\u00e1s ellen\u0151rz\u00f6tt a v\u00e9gs\u0151 ellen\u0151rz\u00e9s ut\u00e1n.<\/p>\n<p>Hot Tags: Alacsony \u00e1r, rakt\u00e1ron, ingyenes minta, t\u00e1p- \u00e9s jelk\u00e1bel, 16 Gauge 4 vezet\u0151 vezet\u00e9k, mikrofon \u00e1llv\u00e1ny tok, k\u00fclt\u00e9ri Led kijelz\u0151szekr\u00e9ny, Rack Mount, 19\" Rackmount Mixer Flight Cases\uff0celektromos disztr\u00f3 doboz, K\u00edna, besz\u00e1ll\u00edt\u00f3k, gy\u00e1r, testreszabott, nagykereskedelem, <span style=\"color: #993366;\"><a style=\"color: #993366;\" href=\"https:\/\/sxflightcase.com\/hu\/product-category\/all-product\/power-distribution-boxes\/\">t\u00e1pegys\u00e9gek<\/a>,\u00a0<a style=\"color: #993366;\" href=\"https:\/\/sxflightcase.com\/hu\/product-category\/all-product\/hoist-controllers\/\">t\u00e1pk\u00e1belek<\/a>,\u00a0<a style=\"color: #993366;\" href=\"https:\/\/sxflightcase.com\/hu\/product-category\/all-product\/hoist-controllers\/\">emel\u0151g\u00e9p-vez\u00e9rl\u0151k<\/a>,\u00a0<a style=\"color: #993366;\" href=\"https:\/\/sxflightcase.com\/hu\/product-category\/all-product\/flight-case\/\">rep\u00fcl\u00e9si esetek.<\/a><\/span><\/p>","protected":false},"excerpt":{"rendered":"<h2 class=\"prodetails-name\">Rack szerel\u00e9s<\/h2>\n<p>2001-ben alap\u00edtott, mi szakosodott gy\u00e1rt\u00e1sa mindenf\u00e9le rack mount <a class=\"wpil_keyword_link\" title=\"rep\u00fcl\u0151t\u00e1ska\" href=\"https:\/\/sxpowercase.com\/product-category\/all-product\/flight-case\/\" target=\"_blank\" rel=\"noopener\" data-wpil-keyword-link=\"linked\" data-wpil-monitor-id=\"395\">rep\u00fcl\u0151t\u00e1ska<\/a> t\u00f6bb mint 20,00 n\u00e9gyzetm\u00e9teres m\u0171helyter\u00fclettel. Norm\u00e1lis esetben 2u-t\u00f3l 20u-ig tart\u00f3 rack szerel\u00e9st k\u00e9sz\u00edt\u00fcnk, de az \u00d6n ig\u00e9nyeit\u0151l f\u00fcgg\u0151en k\u00fcl\u00f6nb\u00f6z\u0151 m\u00e9reteket is k\u00e9sz\u00edt\u00fcnk.<\/p>\n<h2><strong>Termel\u00e9si bevezet\u00e9s<\/strong><\/h2>\n<p>Az \u00e1llv\u00e1nytart\u00f3 meger\u0151s\u00edtett ac\u00e9l g\u00f6mbsarkokkal rendelkezik a v\u00e9delem \u00e9s a k\u00f6nny\u0171 egym\u00e1sra helyez\u00e9s \u00e9rdek\u00e9ben, valamint s\u00fcllyesztett, gum\u00edrozott ac\u00e9l foganty\u00fakkal \u00e9s pillang\u00f3 csavart reteszekkel, amelyek s\u00fcllyesztve vannak, hogy megv\u00e9dj\u00e9k \u0151ket a sz\u00e1ll\u00edt\u00e1s k\u00f6zbeni s\u00e9r\u00fcl\u00e9sekt\u0151l.<\/p>","protected":false},"featured_media":1637,"comment_status":"open","ping_status":"closed","template":"","meta":[],"product_brand":[],"product_cat":[35],"product_tag":[51],"class_list":{"0":"post-1636","1":"product","2":"type-product","3":"status-publish","4":"has-post-thumbnail","6":"product_cat-standard-rack-cases","7":"product_tag-no-door","9":"first","10":"instock","11":"shipping-taxable","12":"product-type-simple"},"yoast_head":"<!-- This site is optimized with the Yoast SEO Premium plugin v27.1 (Yoast SEO v27.2) - https:\/\/yoast.com\/product\/yoast-seo-premium-wordpress\/ -->\n<title>No door Rack Mount 19U Manufacture- https:\/\/sxflightcase.com<\/title>\n<meta name=\"description\" content=\"Rack Mount Manufacture: Explore our factory-direct options for professional customization, ensuring optimal organization and protection of your equipment.\" \/>\n<meta name=\"robots\" content=\"index, follow, max-snippet:-1, max-image-preview:large, max-video-preview:-1\" \/>\n<link rel=\"canonical\" href=\"https:\/\/sxflightcase.com\/hu\/produkt\/gestellmontage-2\/\" \/>\n<meta property=\"og:locale\" content=\"hu_HU\" \/>\n<meta property=\"og:type\" content=\"article\" \/>\n<meta property=\"og:title\" content=\"No door Rack Mount 19U\" \/>\n<meta property=\"og:description\" content=\"Rack Mount Manufacture: Explore our factory-direct options for professional customization, ensuring optimal organization and protection of your equipment.\" \/>\n<meta property=\"og:url\" content=\"https:\/\/sxflightcase.com\/hu\/produkt\/gestellmontage-2\/\" \/>\n<meta property=\"og:site_name\" content=\"https:\/\/sxflightcase.com\" \/>\n<meta property=\"article:publisher\" content=\"https:\/\/www.facebook.com\/profile.php?id=61560407257971\" \/>\n<meta property=\"article:modified_time\" content=\"2024-06-26T09:15:57+00:00\" \/>\n<meta property=\"og:image\" content=\"https:\/\/sxflightcase.com\/wp-content\/uploads\/2024\/05\/rack-mount55514879495.webp\" \/>\n\t<meta property=\"og:image:width\" content=\"750\" \/>\n\t<meta property=\"og:image:height\" content=\"750\" \/>\n\t<meta property=\"og:image:type\" content=\"image\/webp\" \/>\n<meta name=\"twitter:card\" content=\"summary_large_image\" \/>\n<meta name=\"twitter:label1\" content=\"Becs\u00fclt olvas\u00e1si id\u0151\" \/>\n\t<meta name=\"twitter:data1\" content=\"3 perc\" \/>\n<script type=\"application\/ld+json\" class=\"yoast-schema-graph\">{\"@context\":\"https:\/\/schema.org\",\"@graph\":[{\"@type\":\"WebPage\",\"@id\":\"https:\/\/sxflightcase.com\/de\/produkt\/gestellmontage-2\/\",\"url\":\"https:\/\/sxflightcase.com\/de\/produkt\/gestellmontage-2\/\",\"name\":\"No door Rack Mount 19U Manufacture- https:\/\/sxflightcase.com\",\"isPartOf\":{\"@id\":\"https:\/\/sxflightcase.com\/th\/#website\"},\"primaryImageOfPage\":{\"@id\":\"https:\/\/sxflightcase.com\/de\/produkt\/gestellmontage-2\/#primaryimage\"},\"image\":{\"@id\":\"https:\/\/sxflightcase.com\/de\/produkt\/gestellmontage-2\/#primaryimage\"},\"thumbnailUrl\":\"https:\/\/sxflightcase.com\/wp-content\/uploads\/2024\/05\/rack-mount55514879495.webp\",\"datePublished\":\"2024-05-10T02:14:38+00:00\",\"dateModified\":\"2024-06-26T09:15:57+00:00\",\"description\":\"Rack Mount Manufacture: Explore our factory-direct options for professional customization, ensuring optimal organization and protection of your equipment.\",\"breadcrumb\":{\"@id\":\"https:\/\/sxflightcase.com\/de\/produkt\/gestellmontage-2\/#breadcrumb\"},\"inLanguage\":\"hu\",\"potentialAction\":[{\"@type\":\"ReadAction\",\"target\":[\"https:\/\/sxflightcase.com\/de\/produkt\/gestellmontage-2\/\"]}]},{\"@type\":\"ImageObject\",\"inLanguage\":\"hu\",\"@id\":\"https:\/\/sxflightcase.com\/de\/produkt\/gestellmontage-2\/#primaryimage\",\"url\":\"https:\/\/sxflightcase.com\/wp-content\/uploads\/2024\/05\/rack-mount55514879495.webp\",\"contentUrl\":\"https:\/\/sxflightcase.com\/wp-content\/uploads\/2024\/05\/rack-mount55514879495.webp\",\"width\":750,\"height\":750,\"caption\":\"Rack Mount\"},{\"@type\":\"BreadcrumbList\",\"@id\":\"https:\/\/sxflightcase.com\/de\/produkt\/gestellmontage-2\/#breadcrumb\",\"itemListElement\":[{\"@type\":\"ListItem\",\"position\":1,\"name\":\"Home\",\"item\":\"https:\/\/sxflightcase.com\/\"},{\"@type\":\"ListItem\",\"position\":2,\"name\":\"\u0e2a\u0e34\u0e19\u0e04\u0e49\u0e32\",\"item\":\"https:\/\/sxflightcase.com\/th\/shop\/\"},{\"@type\":\"ListItem\",\"position\":3,\"name\":\"No door Rack Mount 19U\"}]},{\"@type\":\"WebSite\",\"@id\":\"https:\/\/sxflightcase.com\/th\/#website\",\"url\":\"https:\/\/sxflightcase.com\/th\/\",\"name\":\"sxpowercase.com\",\"description\":\"Flight Case Factory\",\"publisher\":{\"@id\":\"https:\/\/sxflightcase.com\/th\/#organization\"},\"potentialAction\":[{\"@type\":\"SearchAction\",\"target\":{\"@type\":\"EntryPoint\",\"urlTemplate\":\"https:\/\/sxflightcase.com\/th\/?s={search_term_string}\"},\"query-input\":{\"@type\":\"PropertyValueSpecification\",\"valueRequired\":true,\"valueName\":\"search_term_string\"}}],\"inLanguage\":\"hu\"},{\"@type\":\"Organization\",\"@id\":\"https:\/\/sxflightcase.com\/th\/#organization\",\"name\":\"sxpowercase.com\",\"url\":\"https:\/\/sxflightcase.com\/th\/\",\"logo\":{\"@type\":\"ImageObject\",\"inLanguage\":\"hu\",\"@id\":\"https:\/\/sxflightcase.com\/th\/#\/schema\/logo\/image\/\",\"url\":\"https:\/\/sxflightcase.com\/wp-content\/uploads\/2024\/04\/1713919036007.jpg\",\"contentUrl\":\"https:\/\/sxflightcase.com\/wp-content\/uploads\/2024\/04\/1713919036007.jpg\",\"width\":382,\"height\":388,\"caption\":\"sxpowercase.com\"},\"image\":{\"@id\":\"https:\/\/sxflightcase.com\/th\/#\/schema\/logo\/image\/\"},\"sameAs\":[\"https:\/\/www.facebook.com\/profile.php?id=61560407257971\"],\"numberOfEmployees\":{\"@type\":\"QuantitativeValue\",\"minValue\":\"11\",\"maxValue\":\"50\"}}]}<\/script>\n<!-- \/ Yoast SEO Premium plugin. -->","yoast_head_json":{"title":"No door Rack Mount 19U Manufacture- https:\/\/sxflightcase.com","description":"Rack Mount Gy\u00e1rt\u00e1s: Fedezze fel gy\u00e1ri k\u00f6zvetlen lehet\u0151s\u00e9geinket a professzion\u00e1lis testreszab\u00e1shoz, biztos\u00edtva a berendez\u00e9sek optim\u00e1lis szervez\u00e9s\u00e9t \u00e9s v\u00e9delm\u00e9t.","robots":{"index":"index","follow":"follow","max-snippet":"max-snippet:-1","max-image-preview":"max-image-preview:large","max-video-preview":"max-video-preview:-1"},"canonical":"https:\/\/sxflightcase.com\/hu\/produkt\/gestellmontage-2\/","og_locale":"hu_HU","og_type":"article","og_title":"No door Rack Mount 19U","og_description":"Rack Mount Manufacture: Explore our factory-direct options for professional customization, ensuring optimal organization and protection of your equipment.","og_url":"https:\/\/sxflightcase.com\/hu\/produkt\/gestellmontage-2\/","og_site_name":"https:\/\/sxflightcase.com","article_publisher":"https:\/\/www.facebook.com\/profile.php?id=61560407257971","article_modified_time":"2024-06-26T09:15:57+00:00","og_image":[{"width":750,"height":750,"url":"https:\/\/sxflightcase.com\/wp-content\/uploads\/2024\/05\/rack-mount55514879495.webp","type":"image\/webp"}],"twitter_card":"summary_large_image","twitter_misc":{"Becs\u00fclt olvas\u00e1si id\u0151":"3 perc"},"schema":{"@context":"https:\/\/schema.org","@graph":[{"@type":"WebPage","@id":"https:\/\/sxflightcase.com\/de\/produkt\/gestellmontage-2\/","url":"https:\/\/sxflightcase.com\/de\/produkt\/gestellmontage-2\/","name":"No door Rack Mount 19U Manufacture- https:\/\/sxflightcase.com","isPartOf":{"@id":"https:\/\/sxflightcase.com\/th\/#website"},"primaryImageOfPage":{"@id":"https:\/\/sxflightcase.com\/de\/produkt\/gestellmontage-2\/#primaryimage"},"image":{"@id":"https:\/\/sxflightcase.com\/de\/produkt\/gestellmontage-2\/#primaryimage"},"thumbnailUrl":"https:\/\/sxflightcase.com\/wp-content\/uploads\/2024\/05\/rack-mount55514879495.webp","datePublished":"2024-05-10T02:14:38+00:00","dateModified":"2024-06-26T09:15:57+00:00","description":"Rack Mount Gy\u00e1rt\u00e1s: Fedezze fel gy\u00e1ri k\u00f6zvetlen lehet\u0151s\u00e9geinket a professzion\u00e1lis testreszab\u00e1shoz, biztos\u00edtva a berendez\u00e9sek optim\u00e1lis szervez\u00e9s\u00e9t \u00e9s v\u00e9delm\u00e9t.","breadcrumb":{"@id":"https:\/\/sxflightcase.com\/de\/produkt\/gestellmontage-2\/#breadcrumb"},"inLanguage":"hu","potentialAction":[{"@type":"ReadAction","target":["https:\/\/sxflightcase.com\/de\/produkt\/gestellmontage-2\/"]}]},{"@type":"ImageObject","inLanguage":"hu","@id":"https:\/\/sxflightcase.com\/de\/produkt\/gestellmontage-2\/#primaryimage","url":"https:\/\/sxflightcase.com\/wp-content\/uploads\/2024\/05\/rack-mount55514879495.webp","contentUrl":"https:\/\/sxflightcase.com\/wp-content\/uploads\/2024\/05\/rack-mount55514879495.webp","width":750,"height":750,"caption":"Rack Mount"},{"@type":"BreadcrumbList","@id":"https:\/\/sxflightcase.com\/de\/produkt\/gestellmontage-2\/#breadcrumb","itemListElement":[{"@type":"ListItem","position":1,"name":"Home","item":"https:\/\/sxflightcase.com\/"},{"@type":"ListItem","position":2,"name":"\u0e2a\u0e34\u0e19\u0e04\u0e49\u0e32","item":"https:\/\/sxflightcase.com\/th\/shop\/"},{"@type":"ListItem","position":3,"name":"No door Rack Mount 19U"}]},{"@type":"WebSite","@id":"https:\/\/sxflightcase.com\/th\/#website","url":"https:\/\/sxflightcase.com\/th\/","name":"sxpowercase.com","description":"Flight Case Factory","publisher":{"@id":"https:\/\/sxflightcase.com\/th\/#organization"},"potentialAction":[{"@type":"SearchAction","target":{"@type":"EntryPoint","urlTemplate":"https:\/\/sxflightcase.com\/th\/?s={search_term_string}"},"query-input":{"@type":"PropertyValueSpecification","valueRequired":true,"valueName":"search_term_string"}}],"inLanguage":"hu"},{"@type":"Organization","@id":"https:\/\/sxflightcase.com\/th\/#organization","name":"sxpowercase.com","url":"https:\/\/sxflightcase.com\/th\/","logo":{"@type":"ImageObject","inLanguage":"hu","@id":"https:\/\/sxflightcase.com\/th\/#\/schema\/logo\/image\/","url":"https:\/\/sxflightcase.com\/wp-content\/uploads\/2024\/04\/1713919036007.jpg","contentUrl":"https:\/\/sxflightcase.com\/wp-content\/uploads\/2024\/04\/1713919036007.jpg","width":382,"height":388,"caption":"sxpowercase.com"},"image":{"@id":"https:\/\/sxflightcase.com\/th\/#\/schema\/logo\/image\/"},"sameAs":["https:\/\/www.facebook.com\/profile.php?id=61560407257971"],"numberOfEmployees":{"@type":"QuantitativeValue","minValue":"11","maxValue":"50"}}]}},"_links":{"self":[{"href":"https:\/\/sxflightcase.com\/hu\/wp-json\/wp\/v2\/product\/1636","targetHints":{"allow":["GET"]}}],"collection":[{"href":"https:\/\/sxflightcase.com\/hu\/wp-json\/wp\/v2\/product"}],"about":[{"href":"https:\/\/sxflightcase.com\/hu\/wp-json\/wp\/v2\/types\/product"}],"replies":[{"embeddable":true,"href":"https:\/\/sxflightcase.com\/hu\/wp-json\/wp\/v2\/comments?post=1636"}],"version-history":[{"count":0,"href":"https:\/\/sxflightcase.com\/hu\/wp-json\/wp\/v2\/product\/1636\/revisions"}],"wp:featuredmedia":[{"embeddable":true,"href":"https:\/\/sxflightcase.com\/hu\/wp-json\/wp\/v2\/media\/1637"}],"wp:attachment":[{"href":"https:\/\/sxflightcase.com\/hu\/wp-json\/wp\/v2\/media?parent=1636"}],"wp:term":[{"taxonomy":"product_brand","embeddable":true,"href":"https:\/\/sxflightcase.com\/hu\/wp-json\/wp\/v2\/product_brand?post=1636"},{"taxonomy":"product_cat","embeddable":true,"href":"https:\/\/sxflightcase.com\/hu\/wp-json\/wp\/v2\/product_cat?post=1636"},{"taxonomy":"product_tag","embeddable":true,"href":"https:\/\/sxflightcase.com\/hu\/wp-json\/wp\/v2\/product_tag?post=1636"}],"curies":[{"name":"wp","href":"https:\/\/api.w.org\/{rel}","templated":true}]}}