{"id":1641,"date":"2024-05-10T03:25:08","date_gmt":"2024-05-10T02:25:08","guid":{"rendered":"https:\/\/sxpowercase.com\/?post_type=product&#038;p=1641"},"modified":"2024-07-16T03:18:06","modified_gmt":"2024-07-16T02:18:06","slug":"rack-mount-mixer-case","status":"publish","type":"product","link":"https:\/\/sxflightcase.com\/hu\/termek\/rackbe-szerelheto-keverohaz\/","title":{"rendered":"MP Rack Mount Mixer tok"},"content":{"rendered":"<h3><strong>Termel\u00e9si bevezet\u00e9s<\/strong><\/h3>\n<p>A rackbe szerelhet\u0151 kever\u0151h\u00e1z meger\u0151s\u00edtett ac\u00e9l g\u00f6mbsarkokkal rendelkezik a v\u00e9delem \u00e9s a k\u00f6nny\u0171 egym\u00e1sra helyez\u00e9s \u00e9rdek\u00e9ben, valamint s\u00fcllyesztett gumibet\u00e9tes ac\u00e9l foganty\u00fakkal \u00e9s pillang\u00f3 csavart reteszekkel, amelyek s\u00fcllyesztve vannak, hogy megv\u00e9dj\u00e9k \u0151ket a sz\u00e1ll\u00edt\u00e1s k\u00f6zbeni s\u00e9r\u00fcl\u00e9sekt\u0151l.<\/p>\n<h3><strong>Term\u00e9k param\u00e9ter (specifik\u00e1ci\u00f3)<\/strong><\/h3>\n<section class=\"table-wrap\">\n<table class=\"table\" width=\"100%\" cellspacing=\"0\" cellpadding=\"0\">\n<tbody>\n<tr class=\"firstRow\">\n<td width=\"134\">A term\u00e9k neve:<\/td>\n<td width=\"503\">Rackbe szerelhet\u0151 kever\u0151h\u00e1z<\/td>\n<\/tr>\n<tr>\n<td width=\"134\">Anyag<\/td>\n<td width=\"503\">Alum\u00ednium keret + t\u0171z\u00e1ll\u00f3 +9mm r\u00e9tegelt lemez<\/td>\n<\/tr>\n<tr>\n<td width=\"134\">Bel\u00fcl<\/td>\n<td width=\"503\">Nagy s\u0171r\u0171s\u00e9g\u0171 \u00fct\u00e9s\u00e1ll\u00f3 hab<\/td>\n<\/tr>\n<tr>\n<td width=\"134\">M\u00e9ret<\/td>\n<td width=\"503\">Testre szabhat\u00f3<\/td>\n<\/tr>\n<tr>\n<td width=\"134\">Tartoz\u00e9kok<\/td>\n<td width=\"503\">Nyolc pillang\u00f3z\u00e1r, n\u00e9gy ker\u00e9k a k\u00f6nny\u0171 sz\u00e1ll\u00edt\u00e1shoz, n\u00e9gy er\u0151s foganty\u00fa<\/td>\n<\/tr>\n<tr>\n<td width=\"134\">Custom<\/td>\n<td width=\"503\">Mindenf\u00e9le testreszab\u00e1st \u00fcdv\u00f6z\u00f6l\u00fcnk, mint p\u00e9ld\u00e1ul az alum\u00ednium tok anyaga, m\u00e9rete, bels\u0151 t\u00f6ltel\u00e9kek, foganty\u00fak, z\u00e1rak \u00e9s \u00edgy tov\u00e1bb.<\/td>\n<\/tr>\n<\/tbody>\n<\/table>\n<\/section>\n<h2>Fedezze fel a v\u00e9gs\u0151 v\u00e9delmet az SX \u00e1llv\u00e1nyra szerelhet\u0151 mixer tokj\u00e1val<\/h2>\n<h3>Kiv\u00e1l\u00f3 min\u0151s\u00e9g \u00e9s design<\/h3>\n<p><a href=\"https:\/\/sxpowercase.com\/\" target=\"_blank\" rel=\"noopener\" title=\"SX\" data-wpil-monitor-id=\"487\">SX<\/a> b\u00fcszk\u00e9n mutatja be a Rack Mount Mixer Case-t, amelyet \u00fagy terveztek, hogy p\u00e1ratlan v\u00e9delmet \u00e9s szervez\u00e9st ny\u00fajtson kever\u0151berendez\u00e9sei sz\u00e1m\u00e1ra. A kiv\u00e1l\u00f3 min\u0151s\u00e9g\u0171 anyagokb\u00f3l k\u00e9sz\u00fclt Rack Mount Mixer Case biztos\u00edtja, hogy felszerel\u00e9se biztons\u00e1gban maradjon, ak\u00e1r t\u00e1rol\u00e1s, ak\u00e1r sz\u00e1ll\u00edt\u00e1s k\u00f6zben. A robusztus \u00e9s tart\u00f3s kialak\u00edt\u00e1s\u00fa SX garant\u00e1lja a hossz\u00fa t\u00e1v\u00fa teljes\u00edtm\u00e9nyt \u00e9s megb\u00edzhat\u00f3s\u00e1got, \u00edgy az SX n\u00e9lk\u00fcl\u00f6zhetetlen befektet\u00e9s az \u00d6n v\u00e1llalkoz\u00e1sa sz\u00e1m\u00e1ra.<\/p>\n<h3>Gy\u00e1ri k\u00f6zvetlen \u00e9rt\u00e9kes\u00edt\u00e9s a verhetetlen \u00e9rt\u00e9k\u00e9rt<\/h3>\n<p>Az SX-n\u00e9l hisz\u00fcnk abban, hogy versenyk\u00e9pes \u00e1ron k\u00edn\u00e1lunk kiv\u00e1l\u00f3 min\u0151s\u00e9g\u0171 term\u00e9keket. Gy\u00e1ri k\u00f6zvetlen \u00e9rt\u00e9kes\u00edt\u00e9si modell\u00fcnk kik\u00fcsz\u00f6b\u00f6li a k\u00f6zvet\u00edt\u0151ket, \u00edgy a Rack Mount Mixer Case-t a lehet\u0151 legjobb \u00e1ron tudjuk k\u00edn\u00e1lni. Ez azt jelenti, hogy kiv\u00e1l\u00f3 min\u0151s\u00e9get \u00e9s v\u00e9delmet kap a felhajtott k\u00f6lts\u00e9gek n\u00e9lk\u00fcl. N\u00f6velje \u00fczleti hat\u00e9konys\u00e1g\u00e1t \u00e9s v\u00e9dje \u00e9rt\u00e9kes berendez\u00e9seit az SX k\u00f6lts\u00e9ghat\u00e9kony megold\u00e1saival.<\/p>\n<h3>Testreszab\u00e1s az \u00d6n ig\u00e9nyeihez<\/h3>\n<p>Minden professzion\u00e1lis be\u00e1ll\u00edt\u00e1s egyedi, \u00e9s az SX tiszt\u00e1ban van a szem\u00e9lyre szabott megold\u00e1sok fontoss\u00e1g\u00e1val. Rackbe szerelhet\u0151 kever\u0151h\u00e1zunk sz\u00e1mos testreszab\u00e1si lehet\u0151s\u00e9ggel rendelkezik, hogy megfeleljen az \u00d6n egyedi ig\u00e9nyeinek. Ak\u00e1r egyedi m\u00e9retekre, tov\u00e1bbi rekeszekre vagy szem\u00e9lyre szabott m\u00e1rkajelz\u00e9sre van sz\u00fcks\u00e9ge, az SX megtervezheti az \u00d6n ig\u00e9nyeinek t\u00f6k\u00e9letesen megfelel\u0151 tokot. Az egyedi szolg\u00e1ltat\u00e1sok ir\u00e1nti elk\u00f6telezetts\u00e9g\u00fcnk biztos\u00edtja, hogy berendez\u00e9sei nem csak v\u00e9dve, hanem a lehet\u0151 leghat\u00e9konyabb m\u00f3don szervezve is legyenek.<\/p>\n<hr \/>\n<h3>Mi\u00e9rt v\u00e1lassza az SX-et?<\/h3>\n<p>Az SX v\u00e1laszt\u00e1sa azt jelenti, hogy a legjobb v\u00e9delembe \u00e9s szervez\u00e9sbe fektet a kever\u0151berendez\u00e9sek sz\u00e1m\u00e1ra. Rack mixer tokunkat a legmagasabb min\u0151s\u00e9g\u0171 anyagokb\u00f3l tervezt\u00fck, hogy biztos\u00edtsuk a tart\u00f3ss\u00e1got \u00e9s a megb\u00edzhat\u00f3s\u00e1got. Gy\u00e1ri k\u00f6zvetlen \u00e9rt\u00e9kes\u00edt\u00e9si modell\u00fcnkkel verhetetlen \u00e9rt\u00e9ket \u00e9s megtakar\u00edt\u00e1st kap. R\u00e1ad\u00e1sul a testreszab\u00e1s ir\u00e1nti elk\u00f6telezetts\u00e9g\u00fcnk azt jelenti, hogy a t\u00e1sk\u00e1t az \u00d6n egyedi ig\u00e9nyeihez igaz\u00edtjuk. Legyen partner az SX-szel m\u00e9g ma, \u00e9s tapasztalja meg, hogy kever\u0151t\u00e1sk\u00e1nk hogyan emelheti \u00fczleti tev\u00e9kenys\u00e9g\u00e9t, \u00e9s hogyan v\u00e9dheti hat\u00e9konyan \u00e9rt\u00e9kes felszerel\u00e9s\u00e9t.<\/p>\n<p><strong>GYIK<\/strong><\/p>\n<p>K: Mi a MOQ?<\/p>\n<p>V: Ha a term\u00e9kek rakt\u00e1ron vannak, akkor nem lesz MOQ. Ha gy\u00e1rtani kell, akkor a MOQ-t az \u00fcgyf\u00e9l pontos helyzet\u00e9nek megfelel\u0151en tudjuk megvitatni.<\/p>\n<p>K: Mi a sz\u00e1ll\u00edt\u00e1si szolg\u00e1ltat\u00e1sa?<\/p>\n<p>V: Szolg\u00e1ltat\u00e1sokat tudunk ny\u00fajtani a haj\u00f3foglal\u00e1shoz, az \u00e1ruk konszolid\u00e1l\u00e1s\u00e1hoz, a v\u00e1m\u00e1ru-nyilatkozathoz, a sz\u00e1ll\u00edt\u00e1si dokumentumok el\u0151k\u00e9sz\u00edt\u00e9s\u00e9hez \u00e9s a sz\u00e1ll\u00edt\u00e1si kik\u00f6t\u0151ben t\u00f6rt\u00e9n\u0151 \u00f6mlesztett sz\u00e1ll\u00edt\u00e1shoz.<\/p>\n<p>K: Tud seg\u00edteni a tervez\u00e9sben?<\/p>\n<p>V: Igen, egyszer\u0171en tervezzen ingyen, a k\u00fcl\u00f6nleges tervez\u00e9s\u00e9rt fizetni kell.<\/p>\n<p><strong>Min\u0151s\u00e9gellen\u0151rz\u00e9s<\/strong><\/p>\n<p>Van QC szem\u00e9ly tart\u00f3zkodik a gy\u00e1rt\u00f3sorokon, hogy az ellen\u0151rz\u00e9s.Minden term\u00e9ket ellen\u0151rizni kell a sz\u00e1ll\u00edt\u00e1s el\u0151tt. Mi nem inline ellen\u0151rz\u00e9s \u00e9s v\u00e9gs\u0151 ellen\u0151rz\u00e9s.<\/p>\n<p>1.Minden nyersanyag ellen\u0151rizve, amint meg\u00e9rkezik a gy\u00e1runkba.<\/p>\n<p>2.Minden darab \u00e9s log\u00f3 \u00e9s minden r\u00e9szlet ellen\u0151rizve a gy\u00e1rt\u00e1s sor\u00e1n.<\/p>\n<p>3.Minden csomagol\u00e1si r\u00e9szletet ellen\u0151riznek a gy\u00e1rt\u00e1s sor\u00e1n.<\/p>\n<p>4.Minden gy\u00e1rt\u00e1si min\u0151s\u00e9g \u00e9s csomagol\u00e1s ellen\u0151rz\u00f6tt a v\u00e9gs\u0151 ellen\u0151rz\u00e9s ut\u00e1n.<\/p>\n<p>Hot Tags: Alacsony \u00e1r, rakt\u00e1ron, ingyenes minta, t\u00e1p- \u00e9s jelk\u00e1bel, 16 Gauge 4 vezet\u0151 vezet\u00e9k, mikrofon \u00e1llv\u00e1ny tok, k\u00fclt\u00e9ri Led kijelz\u0151szekr\u00e9ny, Rack Mount, 19\" Rackmount Mixer Flight Cases\uff0celektromos disztr\u00f3 doboz, K\u00edna, besz\u00e1ll\u00edt\u00f3k, gy\u00e1r, testreszabott, nagykereskedelem, <span style=\"color: #993366;\"><a style=\"color: #993366;\" href=\"https:\/\/sxflightcase.com\/hu\/product-category\/all-product\/power-distribution-boxes\/\">t\u00e1pegys\u00e9gek<\/a>,\u00a0<a style=\"color: #993366;\" href=\"https:\/\/sxflightcase.com\/hu\/product-category\/all-product\/hoist-controllers\/\">t\u00e1pk\u00e1belek<\/a>,\u00a0<a style=\"color: #993366;\" href=\"https:\/\/sxflightcase.com\/hu\/product-category\/all-product\/hoist-controllers\/\">emel\u0151g\u00e9p-vez\u00e9rl\u0151k<\/a>,\u00a0<a style=\"color: #993366;\" href=\"https:\/\/sxflightcase.com\/hu\/product-category\/all-product\/flight-case\/\">rep\u00fcl\u00e9si esetek.<\/a><\/span><\/p>","protected":false},"excerpt":{"rendered":"<h2 class=\"prodetails-name\">Rack Mount kever\u0151 tok<\/h2>\n<p>&lt;p&gt;&Ouml;r&ouml;mmel k&iacute;n&aacute;lunk egy sor rackbe szerelhet\u0151 kever\u0151t&aacute;sk&aacute;t az ipar&aacute;gban dolgoz&oacute; szakemberek sz&aacute;m&aacute;ra, hogy biztons&aacute;gosan sz&aacute;ll&iacute;ts&aacute;k &eacute;s t&aacute;rolj&aacute;k er\u0151s&iacute;t\u0151j&uuml;ket vagy processzorukat &eacute;s tartoz&eacute;kaikat.<\/p>\n<h2><strong>Termel\u00e9si bevezet\u00e9s<\/strong><\/h2>\n<p>A rackbe szerelhet\u0151 kever\u0151h\u00e1z meger\u0151s\u00edtett ac\u00e9l g\u00f6mbsarkokkal rendelkezik a v\u00e9delem \u00e9s a k\u00f6nny\u0171 egym\u00e1sra helyez\u00e9s \u00e9rdek\u00e9ben, valamint s\u00fcllyesztett gumibet\u00e9tes ac\u00e9l foganty\u00fakkal \u00e9s pillang\u00f3 csavart reteszekkel, amelyek s\u00fcllyesztve vannak, hogy megv\u00e9dj\u00e9k \u0151ket a sz\u00e1ll\u00edt\u00e1s k\u00f6zbeni s\u00e9r\u00fcl\u00e9sekt\u0151l.<\/p>","protected":false},"featured_media":1642,"comment_status":"open","ping_status":"closed","template":"","meta":[],"product_brand":[],"product_cat":[35],"product_tag":[50],"class_list":{"0":"post-1641","1":"product","2":"type-product","3":"status-publish","4":"has-post-thumbnail","6":"product_cat-standard-rack-cases","7":"product_tag-mp","9":"first","10":"instock","11":"shipping-taxable","12":"product-type-simple"},"yoast_head":"<!-- This site is optimized with the Yoast SEO Premium plugin v27.1 (Yoast SEO v27.2) - https:\/\/yoast.com\/product\/yoast-seo-premium-wordpress\/ -->\n<title>MP Rack Mount Mixer Case - https:\/\/sxflightcase.com \ud83d\udc97<\/title>\n<meta name=\"description\" content=\"Rack Mount Mixer Case: Explore our factory-direct options for professional customization, ensuring optimal organization and protection of your equipment.\" \/>\n<meta name=\"robots\" content=\"index, follow, max-snippet:-1, max-image-preview:large, max-video-preview:-1\" \/>\n<link rel=\"canonical\" href=\"https:\/\/sxflightcase.com\/hu\/prodotto\/cassa-per-mixer-a-rack-2\/\" \/>\n<meta property=\"og:locale\" content=\"hu_HU\" \/>\n<meta property=\"og:type\" content=\"article\" \/>\n<meta property=\"og:title\" content=\"MP Rack Mount Mixer Case\" \/>\n<meta property=\"og:description\" content=\"Rack Mount Mixer Case: Explore our factory-direct options for professional customization, ensuring optimal organization and protection of your equipment.\" \/>\n<meta property=\"og:url\" content=\"https:\/\/sxflightcase.com\/hu\/prodotto\/cassa-per-mixer-a-rack-2\/\" \/>\n<meta property=\"og:site_name\" content=\"https:\/\/sxflightcase.com\" \/>\n<meta property=\"article:publisher\" content=\"https:\/\/www.facebook.com\/profile.php?id=61560407257971\" \/>\n<meta property=\"article:modified_time\" content=\"2024-07-16T02:18:06+00:00\" \/>\n<meta property=\"og:image\" content=\"https:\/\/sxflightcase.com\/wp-content\/uploads\/2024\/05\/rack-mount-mixer-case53241581164.webp\" \/>\n\t<meta property=\"og:image:width\" content=\"750\" \/>\n\t<meta property=\"og:image:height\" content=\"750\" \/>\n\t<meta property=\"og:image:type\" content=\"image\/webp\" \/>\n<meta name=\"twitter:card\" content=\"summary_large_image\" \/>\n<meta name=\"twitter:label1\" content=\"Becs\u00fclt olvas\u00e1si id\u0151\" \/>\n\t<meta name=\"twitter:data1\" content=\"4 perc\" \/>\n<script type=\"application\/ld+json\" class=\"yoast-schema-graph\">{\"@context\":\"https:\/\/schema.org\",\"@graph\":[{\"@type\":\"WebPage\",\"@id\":\"https:\/\/sxflightcase.com\/it\/prodotto\/cassa-per-mixer-a-rack-2\/\",\"url\":\"https:\/\/sxflightcase.com\/it\/prodotto\/cassa-per-mixer-a-rack-2\/\",\"name\":\"MP Rack Mount Mixer Case - https:\/\/sxflightcase.com \ud83d\udc97\",\"isPartOf\":{\"@id\":\"https:\/\/sxflightcase.com\/th\/#website\"},\"primaryImageOfPage\":{\"@id\":\"https:\/\/sxflightcase.com\/it\/prodotto\/cassa-per-mixer-a-rack-2\/#primaryimage\"},\"image\":{\"@id\":\"https:\/\/sxflightcase.com\/it\/prodotto\/cassa-per-mixer-a-rack-2\/#primaryimage\"},\"thumbnailUrl\":\"https:\/\/sxflightcase.com\/wp-content\/uploads\/2024\/05\/rack-mount-mixer-case53241581164.webp\",\"datePublished\":\"2024-05-10T02:25:08+00:00\",\"dateModified\":\"2024-07-16T02:18:06+00:00\",\"description\":\"Rack Mount Mixer Case: Explore our factory-direct options for professional customization, ensuring optimal organization and protection of your equipment.\",\"breadcrumb\":{\"@id\":\"https:\/\/sxflightcase.com\/it\/prodotto\/cassa-per-mixer-a-rack-2\/#breadcrumb\"},\"inLanguage\":\"hu\",\"potentialAction\":[{\"@type\":\"ReadAction\",\"target\":[\"https:\/\/sxflightcase.com\/it\/prodotto\/cassa-per-mixer-a-rack-2\/\"]}]},{\"@type\":\"ImageObject\",\"inLanguage\":\"hu\",\"@id\":\"https:\/\/sxflightcase.com\/it\/prodotto\/cassa-per-mixer-a-rack-2\/#primaryimage\",\"url\":\"https:\/\/sxflightcase.com\/wp-content\/uploads\/2024\/05\/rack-mount-mixer-case53241581164.webp\",\"contentUrl\":\"https:\/\/sxflightcase.com\/wp-content\/uploads\/2024\/05\/rack-mount-mixer-case53241581164.webp\",\"width\":750,\"height\":750,\"caption\":\"Rack Mount Mixer Case\"},{\"@type\":\"BreadcrumbList\",\"@id\":\"https:\/\/sxflightcase.com\/it\/prodotto\/cassa-per-mixer-a-rack-2\/#breadcrumb\",\"itemListElement\":[{\"@type\":\"ListItem\",\"position\":1,\"name\":\"Home\",\"item\":\"https:\/\/sxflightcase.com\/\"},{\"@type\":\"ListItem\",\"position\":2,\"name\":\"\u0e2a\u0e34\u0e19\u0e04\u0e49\u0e32\",\"item\":\"https:\/\/sxflightcase.com\/th\/shop\/\"},{\"@type\":\"ListItem\",\"position\":3,\"name\":\"MP Rack Mount Mixer Case\"}]},{\"@type\":\"WebSite\",\"@id\":\"https:\/\/sxflightcase.com\/th\/#website\",\"url\":\"https:\/\/sxflightcase.com\/th\/\",\"name\":\"sxpowercase.com\",\"description\":\"Flight Case Factory\",\"publisher\":{\"@id\":\"https:\/\/sxflightcase.com\/th\/#organization\"},\"potentialAction\":[{\"@type\":\"SearchAction\",\"target\":{\"@type\":\"EntryPoint\",\"urlTemplate\":\"https:\/\/sxflightcase.com\/th\/?s={search_term_string}\"},\"query-input\":{\"@type\":\"PropertyValueSpecification\",\"valueRequired\":true,\"valueName\":\"search_term_string\"}}],\"inLanguage\":\"hu\"},{\"@type\":\"Organization\",\"@id\":\"https:\/\/sxflightcase.com\/th\/#organization\",\"name\":\"sxpowercase.com\",\"url\":\"https:\/\/sxflightcase.com\/th\/\",\"logo\":{\"@type\":\"ImageObject\",\"inLanguage\":\"hu\",\"@id\":\"https:\/\/sxflightcase.com\/th\/#\/schema\/logo\/image\/\",\"url\":\"https:\/\/sxflightcase.com\/wp-content\/uploads\/2024\/04\/1713919036007.jpg\",\"contentUrl\":\"https:\/\/sxflightcase.com\/wp-content\/uploads\/2024\/04\/1713919036007.jpg\",\"width\":382,\"height\":388,\"caption\":\"sxpowercase.com\"},\"image\":{\"@id\":\"https:\/\/sxflightcase.com\/th\/#\/schema\/logo\/image\/\"},\"sameAs\":[\"https:\/\/www.facebook.com\/profile.php?id=61560407257971\"],\"numberOfEmployees\":{\"@type\":\"QuantitativeValue\",\"minValue\":\"11\",\"maxValue\":\"50\"}}]}<\/script>\n<!-- \/ Yoast SEO Premium plugin. -->","yoast_head_json":{"title":"MP Rack Mount Mixer Case - https:\/\/sxflightcase.com \ud83d\udc97","description":"Rack Mount Mixer Case: Fedezze fel gy\u00e1ri k\u00f6zvetlen lehet\u0151s\u00e9geinket a professzion\u00e1lis testreszab\u00e1shoz, biztos\u00edtva a berendez\u00e9sek optim\u00e1lis szervez\u00e9s\u00e9t \u00e9s v\u00e9delm\u00e9t.","robots":{"index":"index","follow":"follow","max-snippet":"max-snippet:-1","max-image-preview":"max-image-preview:large","max-video-preview":"max-video-preview:-1"},"canonical":"https:\/\/sxflightcase.com\/hu\/prodotto\/cassa-per-mixer-a-rack-2\/","og_locale":"hu_HU","og_type":"article","og_title":"MP Rack Mount Mixer Case","og_description":"Rack Mount Mixer Case: Explore our factory-direct options for professional customization, ensuring optimal organization and protection of your equipment.","og_url":"https:\/\/sxflightcase.com\/hu\/prodotto\/cassa-per-mixer-a-rack-2\/","og_site_name":"https:\/\/sxflightcase.com","article_publisher":"https:\/\/www.facebook.com\/profile.php?id=61560407257971","article_modified_time":"2024-07-16T02:18:06+00:00","og_image":[{"width":750,"height":750,"url":"https:\/\/sxflightcase.com\/wp-content\/uploads\/2024\/05\/rack-mount-mixer-case53241581164.webp","type":"image\/webp"}],"twitter_card":"summary_large_image","twitter_misc":{"Becs\u00fclt olvas\u00e1si id\u0151":"4 perc"},"schema":{"@context":"https:\/\/schema.org","@graph":[{"@type":"WebPage","@id":"https:\/\/sxflightcase.com\/it\/prodotto\/cassa-per-mixer-a-rack-2\/","url":"https:\/\/sxflightcase.com\/it\/prodotto\/cassa-per-mixer-a-rack-2\/","name":"MP Rack Mount Mixer Case - https:\/\/sxflightcase.com \ud83d\udc97","isPartOf":{"@id":"https:\/\/sxflightcase.com\/th\/#website"},"primaryImageOfPage":{"@id":"https:\/\/sxflightcase.com\/it\/prodotto\/cassa-per-mixer-a-rack-2\/#primaryimage"},"image":{"@id":"https:\/\/sxflightcase.com\/it\/prodotto\/cassa-per-mixer-a-rack-2\/#primaryimage"},"thumbnailUrl":"https:\/\/sxflightcase.com\/wp-content\/uploads\/2024\/05\/rack-mount-mixer-case53241581164.webp","datePublished":"2024-05-10T02:25:08+00:00","dateModified":"2024-07-16T02:18:06+00:00","description":"Rack Mount Mixer Case: Fedezze fel gy\u00e1ri k\u00f6zvetlen lehet\u0151s\u00e9geinket a professzion\u00e1lis testreszab\u00e1shoz, biztos\u00edtva a berendez\u00e9sek optim\u00e1lis szervez\u00e9s\u00e9t \u00e9s v\u00e9delm\u00e9t.","breadcrumb":{"@id":"https:\/\/sxflightcase.com\/it\/prodotto\/cassa-per-mixer-a-rack-2\/#breadcrumb"},"inLanguage":"hu","potentialAction":[{"@type":"ReadAction","target":["https:\/\/sxflightcase.com\/it\/prodotto\/cassa-per-mixer-a-rack-2\/"]}]},{"@type":"ImageObject","inLanguage":"hu","@id":"https:\/\/sxflightcase.com\/it\/prodotto\/cassa-per-mixer-a-rack-2\/#primaryimage","url":"https:\/\/sxflightcase.com\/wp-content\/uploads\/2024\/05\/rack-mount-mixer-case53241581164.webp","contentUrl":"https:\/\/sxflightcase.com\/wp-content\/uploads\/2024\/05\/rack-mount-mixer-case53241581164.webp","width":750,"height":750,"caption":"Rack Mount Mixer Case"},{"@type":"BreadcrumbList","@id":"https:\/\/sxflightcase.com\/it\/prodotto\/cassa-per-mixer-a-rack-2\/#breadcrumb","itemListElement":[{"@type":"ListItem","position":1,"name":"Home","item":"https:\/\/sxflightcase.com\/"},{"@type":"ListItem","position":2,"name":"\u0e2a\u0e34\u0e19\u0e04\u0e49\u0e32","item":"https:\/\/sxflightcase.com\/th\/shop\/"},{"@type":"ListItem","position":3,"name":"MP Rack Mount Mixer Case"}]},{"@type":"WebSite","@id":"https:\/\/sxflightcase.com\/th\/#website","url":"https:\/\/sxflightcase.com\/th\/","name":"sxpowercase.com","description":"Flight Case Factory","publisher":{"@id":"https:\/\/sxflightcase.com\/th\/#organization"},"potentialAction":[{"@type":"SearchAction","target":{"@type":"EntryPoint","urlTemplate":"https:\/\/sxflightcase.com\/th\/?s={search_term_string}"},"query-input":{"@type":"PropertyValueSpecification","valueRequired":true,"valueName":"search_term_string"}}],"inLanguage":"hu"},{"@type":"Organization","@id":"https:\/\/sxflightcase.com\/th\/#organization","name":"sxpowercase.com","url":"https:\/\/sxflightcase.com\/th\/","logo":{"@type":"ImageObject","inLanguage":"hu","@id":"https:\/\/sxflightcase.com\/th\/#\/schema\/logo\/image\/","url":"https:\/\/sxflightcase.com\/wp-content\/uploads\/2024\/04\/1713919036007.jpg","contentUrl":"https:\/\/sxflightcase.com\/wp-content\/uploads\/2024\/04\/1713919036007.jpg","width":382,"height":388,"caption":"sxpowercase.com"},"image":{"@id":"https:\/\/sxflightcase.com\/th\/#\/schema\/logo\/image\/"},"sameAs":["https:\/\/www.facebook.com\/profile.php?id=61560407257971"],"numberOfEmployees":{"@type":"QuantitativeValue","minValue":"11","maxValue":"50"}}]}},"_links":{"self":[{"href":"https:\/\/sxflightcase.com\/hu\/wp-json\/wp\/v2\/product\/1641","targetHints":{"allow":["GET"]}}],"collection":[{"href":"https:\/\/sxflightcase.com\/hu\/wp-json\/wp\/v2\/product"}],"about":[{"href":"https:\/\/sxflightcase.com\/hu\/wp-json\/wp\/v2\/types\/product"}],"replies":[{"embeddable":true,"href":"https:\/\/sxflightcase.com\/hu\/wp-json\/wp\/v2\/comments?post=1641"}],"version-history":[{"count":0,"href":"https:\/\/sxflightcase.com\/hu\/wp-json\/wp\/v2\/product\/1641\/revisions"}],"wp:featuredmedia":[{"embeddable":true,"href":"https:\/\/sxflightcase.com\/hu\/wp-json\/wp\/v2\/media\/1642"}],"wp:attachment":[{"href":"https:\/\/sxflightcase.com\/hu\/wp-json\/wp\/v2\/media?parent=1641"}],"wp:term":[{"taxonomy":"product_brand","embeddable":true,"href":"https:\/\/sxflightcase.com\/hu\/wp-json\/wp\/v2\/product_brand?post=1641"},{"taxonomy":"product_cat","embeddable":true,"href":"https:\/\/sxflightcase.com\/hu\/wp-json\/wp\/v2\/product_cat?post=1641"},{"taxonomy":"product_tag","embeddable":true,"href":"https:\/\/sxflightcase.com\/hu\/wp-json\/wp\/v2\/product_tag?post=1641"}],"curies":[{"name":"wp","href":"https:\/\/api.w.org\/{rel}","templated":true}]}}