{"id":1647,"date":"2024-05-10T03:27:58","date_gmt":"2024-05-10T02:27:58","guid":{"rendered":"https:\/\/sxpowercase.com\/?post_type=product&#038;p=1647"},"modified":"2024-07-16T03:17:47","modified_gmt":"2024-07-16T02:17:47","slug":"6u-rack-flight-case","status":"publish","type":"product","link":"https:\/\/sxflightcase.com\/hu\/termek\/6u-rack-repulo-tok\/","title":{"rendered":"MC 6u Rack Flight Case"},"content":{"rendered":"<h3><strong>Term\u00e9k param\u00e9ter (specifik\u00e1ci\u00f3)<\/strong><\/h3>\n<section class=\"table-wrap\">\n<table class=\"table\" width=\"100%\" cellspacing=\"0\" cellpadding=\"0\">\n<tbody>\n<tr class=\"firstRow\">\n<td width=\"134\">A term\u00e9k neve:<\/td>\n<td width=\"503\">6u rack rep\u00fcl\u0151 tok<\/td>\n<\/tr>\n<tr>\n<td width=\"134\">Anyag<\/td>\n<td width=\"503\">Alum\u00ednium keret + t\u0171z\u00e1ll\u00f3 +9mm r\u00e9tegelt lemez<\/td>\n<\/tr>\n<tr>\n<td width=\"134\">Bel\u00fcl<\/td>\n<td width=\"503\">Nagy s\u0171r\u0171s\u00e9g\u0171 \u00fct\u00e9s\u00e1ll\u00f3 hab<\/td>\n<\/tr>\n<tr>\n<td width=\"134\">M\u00e9ret<\/td>\n<td width=\"503\">Testre szabhat\u00f3<\/td>\n<\/tr>\n<tr>\n<td width=\"134\">Tartoz\u00e9kok<\/td>\n<td width=\"503\">Nyolc pillang\u00f3z\u00e1r, n\u00e9gy ker\u00e9k a k\u00f6nny\u0171 sz\u00e1ll\u00edt\u00e1shoz, n\u00e9gy er\u0151s foganty\u00fa<\/td>\n<\/tr>\n<tr>\n<td width=\"134\">Custom<\/td>\n<td width=\"503\">Mindenf\u00e9le testreszabott \u00fcdv\u00f6z\u00f6lj\u00fck, mint p\u00e9ld\u00e1ul az alum\u00ednium tok anyaga, m\u00e9rete, bels\u0151 t\u00f6ltel\u00e9kek, foganty\u00fak, z\u00e1rak \u00e9s \u00edgy tov\u00e1bb.<\/td>\n<\/tr>\n<\/tbody>\n<\/table>\n<\/section>\n<h3>Fedezze fel a v\u00e9gs\u0151 v\u00e9delmet az SX 6u Rack Flight Case tokkal<\/h3>\n<h4>P\u00e1ratlan tart\u00f3ss\u00e1g \u00e9s biztons\u00e1g<\/h4>\n<p>Ha \u00e9rt\u00e9kes felszerel\u00e9s\u00e9nek v\u00e9delm\u00e9r\u0151l van sz\u00f3, a 6u Rack Flight Case a <a title=\"SX\" href=\"https:\/\/sxpowercase.com\/\" target=\"_blank\" rel=\"noopener\" data-wpil-monitor-id=\"488\">SX<\/a> kiemelkedik a legjobb v\u00e1laszt\u00e1sk\u00e9nt. Ez a robusztus anyagokkal \u00e9s kiv\u00e1l\u00f3 kivitelez\u00e9ssel tervezett tok biztos\u00edtja, hogy felszerel\u00e9se biztons\u00e1gban maradjon sz\u00e1ll\u00edt\u00e1s k\u00f6zben. Ak\u00e1r \u00faton van, ak\u00e1r t\u00e1rolja a felszerel\u00e9s\u00e9t, a 6u Rack Flight Case t\u00f6k\u00e9letes v\u00e9delmet ny\u00fajt az \u00fct\u00e9sek, a lees\u00e9sek \u00e9s az id\u0151j\u00e1r\u00e1s viszontags\u00e1gai ellen.<\/p>\n<h4>K\u00f6zvetlen\u00fcl a gy\u00e1runkb\u00f3l \u00d6nnek<\/h4>\n<p>Az SX-n\u00e9l kiemelten fontosnak tartjuk, hogy a gy\u00e1ri k\u00f6zvetlen \u00e9rt\u00e9kes\u00edt\u00e9si modell\u00fcnk r\u00e9v\u00e9n kiv\u00e9teles \u00e9rt\u00e9ket k\u00edn\u00e1ljunk. A k\u00f6zvet\u00edt\u0151k kik\u00fcsz\u00f6b\u00f6l\u00e9s\u00e9vel a 6u Rack Flight Case-et a legversenyk\u00e9pesebb \u00e1ron k\u00edn\u00e1ljuk \u00d6nnek. Ez a megk\u00f6zel\u00edt\u00e9s nemcsak k\u00f6lts\u00e9gmegtakar\u00edt\u00e1st biztos\u00edt, hanem lehet\u0151v\u00e9 teszi sz\u00e1munkra a szigor\u00fa min\u0151s\u00e9gellen\u0151rz\u00e9si szabv\u00e1nyok fenntart\u00e1s\u00e1t is. Fejlessze \u00fczleti tev\u00e9kenys\u00e9g\u00e9t egy megb\u00edzhat\u00f3, kiv\u00e1l\u00f3 min\u0151s\u00e9g\u0171 Flight Case-szel, amely nem fogja megt\u00f6rni a bankot.<\/p>\n<h4>Egyedi megold\u00e1sok az \u00d6n ig\u00e9nyeihez<\/h4>\n<p>Meg\u00e9rtj\u00fck, hogy minden v\u00e1llalkoz\u00e1snak egyedi k\u00f6vetelm\u00e9nyei vannak. Ez\u00e9rt az SX sz\u00e9lesk\u00f6r\u0171 testreszab\u00e1si lehet\u0151s\u00e9geket k\u00edn\u00e1l 6u Rack Flight Case-\u00fcnkh\u00f6z. Speci\u00e1lis m\u00e9retekre van sz\u00fcks\u00e9ge? Tov\u00e1bbi rekeszekre? Szem\u00e9lyre szabott m\u00e1rkajelz\u00e9s? Mi gondoskodunk r\u00f3la. Elk\u00f6telezett csapatunk szorosan egy\u00fcttm\u0171k\u00f6dik \u00d6nnel, hogy olyan Flight Case-t tervezzen, amely t\u00f6k\u00e9letesen megfelel az \u00d6n ig\u00e9nyeinek, biztos\u00edtva az optim\u00e1lis funkcionalit\u00e1st \u00e9s v\u00e9delmet a felszerel\u00e9s\u00e9nek.<\/p>\n<hr \/>\n<h4>Emelje fel v\u00e1llalkoz\u00e1s\u00e1t az SX seg\u00edts\u00e9g\u00e9vel<\/h4>\n<p>Az SX v\u00e1laszt\u00e1sa a megb\u00edzhat\u00f3s\u00e1gba, a tart\u00f3ss\u00e1gba \u00e9s a szem\u00e9lyre szabott megold\u00e1sokba val\u00f3 befektet\u00e9st jelenti. A 6u Rack Flight Case nem csup\u00e1n egy t\u00e1rol\u00e1si megold\u00e1s - ez egy elk\u00f6telezetts\u00e9g a felszerel\u00e9s\u00e9nek a legmagasabb min\u0151s\u00e9gi szabv\u00e1nyok szerinti v\u00e9delme mellett. Gy\u00e1ri k\u00f6zvetlen \u00e9rt\u00e9kes\u00edt\u00e9si modell\u00fcnket kihaszn\u00e1lva k\u00f6lts\u00e9ghat\u00e9kony, pr\u00e9mium min\u0151s\u00e9g\u0171 term\u00e9kekb\u0151l profit\u00e1lhat, amelyek t\u00e1mogatj\u00e1k v\u00e1llalkoz\u00e1sa n\u00f6veked\u00e9s\u00e9t. B\u00edzzon az SX-ben, hogy szem\u00e9lyre szabott, nagy teljes\u00edtm\u00e9ny\u0171 rep\u00fcl\u0151 tokokat sz\u00e1ll\u00edt, amelyek biztons\u00e1gban tartj\u00e1k felszerel\u00e9s\u00e9t \u00e9s z\u00f6kken\u0151mentesen m\u0171k\u00f6dtetik m\u0171k\u00f6d\u00e9s\u00e9t.<\/p>\n<p><strong>GYIK<\/strong><\/p>\n<p>K: Mi a MOQ?<\/p>\n<p>V: Ha a term\u00e9kek rakt\u00e1ron vannak, akkor nem lesz MOQ. Ha gy\u00e1rtani kell, akkor a MOQ-t az \u00fcgyf\u00e9l pontos helyzet\u00e9nek megfelel\u0151en tudjuk megvitatni.<\/p>\n<p>K: Mi a sz\u00e1ll\u00edt\u00e1si szolg\u00e1ltat\u00e1sa?<\/p>\n<p>V: Szolg\u00e1ltat\u00e1sokat tudunk ny\u00fajtani a haj\u00f3foglal\u00e1shoz, az \u00e1ruk konszolid\u00e1l\u00e1s\u00e1hoz, a v\u00e1m\u00e1ru-nyilatkozathoz, a sz\u00e1ll\u00edt\u00e1si dokumentumok el\u0151k\u00e9sz\u00edt\u00e9s\u00e9hez \u00e9s a sz\u00e1ll\u00edt\u00e1si kik\u00f6t\u0151ben t\u00f6rt\u00e9n\u0151 \u00f6mlesztett sz\u00e1ll\u00edt\u00e1shoz.<\/p>\n<p>K: Tudhatn\u00e1m, hogy mi a legk\u00f6zelebbi tengeri kik\u00f6t\u0151 a c\u00e9g\u00e9t\u0151l?abban az esetben, ha megl\u00e1togatn\u00e1m a c\u00e9g\u00e9t.<\/p>\n<p>V: El\u0151sz\u00f6r Huangpu tengeri kik\u00f6t\u0151, majd Shenzhen vagy Nansha tengeri kik\u00f6t\u0151, sz\u00edvesen l\u00e1tjuk.<\/p>\n<p><strong>Min\u0151s\u00e9gellen\u0151rz\u00e9s<\/strong><\/p>\n<p>Van QC szem\u00e9ly tart\u00f3zkodik a gy\u00e1rt\u00f3sorokon, hogy az ellen\u0151rz\u00e9s.Minden term\u00e9ket ellen\u0151rizni kell a sz\u00e1ll\u00edt\u00e1s el\u0151tt. Mi nem inline ellen\u0151rz\u00e9s \u00e9s v\u00e9gs\u0151 ellen\u0151rz\u00e9s.<\/p>\n<p>1.Minden nyersanyag ellen\u0151rizve, amint meg\u00e9rkezik a gy\u00e1runkba.<\/p>\n<p>2.Minden darab \u00e9s log\u00f3 \u00e9s minden r\u00e9szlet ellen\u0151rizve a gy\u00e1rt\u00e1s sor\u00e1n.<\/p>\n<p>3.Minden csomagol\u00e1si r\u00e9szletet ellen\u0151riznek a gy\u00e1rt\u00e1s sor\u00e1n.<\/p>\n<p>4.Minden gy\u00e1rt\u00e1si min\u0151s\u00e9g \u00e9s csomagol\u00e1s ellen\u0151rz\u00f6tt a v\u00e9gs\u0151 ellen\u0151rz\u00e9s ut\u00e1n.<\/p>\n<p>Hot Tags: Alacsony \u00e1r, rakt\u00e1ron, ingyenes minta, t\u00e1p- \u00e9s jelk\u00e1bel, 16 Gauge 4 vezet\u0151 vezet\u00e9k, mikrofon \u00e1llv\u00e1ny tok, k\u00fclt\u00e9ri Led kijelz\u0151szekr\u00e9ny, Rack Mount, 19\" Rackmount Mixer Flight Cases\uff0celektromos disztr\u00f3 doboz, K\u00edna, besz\u00e1ll\u00edt\u00f3k, gy\u00e1r, testreszabott, nagykereskedelem, <span style=\"color: #993366;\"><a style=\"color: #993366;\" href=\"https:\/\/sxflightcase.com\/hu\/product-category\/all-product\/power-distribution-boxes\/\">t\u00e1pegys\u00e9gek<\/a>,\u00a0<a style=\"color: #993366;\" href=\"https:\/\/sxflightcase.com\/hu\/product-category\/all-product\/hoist-controllers\/\">t\u00e1pk\u00e1belek<\/a>,\u00a0<a style=\"color: #993366;\" href=\"https:\/\/sxflightcase.com\/hu\/product-category\/all-product\/hoist-controllers\/\">emel\u0151g\u00e9p-vez\u00e9rl\u0151k<\/a>,\u00a0<a style=\"color: #993366;\" href=\"https:\/\/sxflightcase.com\/hu\/product-category\/all-product\/flight-case\/\">rep\u00fcl\u00e9si esetek.<\/a><\/span><\/p>","protected":false},"excerpt":{"rendered":"<h2 class=\"prodetails-name\">6u Rack Flight Case<\/h2>\n<p>2001-ben alap\u00edtott, vagyunk szakosodott gy\u00e1rt\u00e1sa mindenf\u00e9le rack mount rep\u00fcl\u00e9si tok egy m\u0171hely ter\u00fclete t\u00f6bb mint 20.00 n\u00e9gyzetm\u00e9ter. Norm\u00e1lis esetben 2u-t\u00f3l 20u-ig terjed\u0151 rack rep\u00fcl\u00e9si tokot k\u00e9sz\u00edt\u00fcnk, de k\u00fcl\u00f6nb\u00f6z\u0151 m\u00e9reteket is k\u00e9sz\u00edt\u00fcnk az \u00d6n ig\u00e9nyeit\u0151l f\u00fcgg\u0151en.<\/p>\n<h2><strong>Termel\u00e9si bevezet\u00e9s<\/strong><\/h2>\n<p>A 6u rack rep\u00fcl\u0151 tok belseje teljesen b\u00e9lelt 1\/4 h\u00fcvelykes, \u00fct\u00e9s\u00e1ll\u00f3 habp\u00e1rn\u00e1kkal, hogy extra biztons\u00e1got biztos\u00edtson, \u00e9s nyugalmat ad, amikor a felszerel\u00e9s\u00e9t sz\u00e1ll\u00edtj\u00e1k, tudva, hogy a felszerel\u00e9se egy darabban \u00e9rkezik meg. A tetej\u00e9t 3 s\u00fcllyesztett pillang\u00f3retesz tartja z\u00e1rva, \u00e9s h\u00e1tul csukl\u00f3s, k\u00e9t fed\u00e9lmeg\u00e1ll\u00edt\u00f3val a tok belsej\u00e9ben l\u00e9v\u0151 meg\u00e1ll\u00e1sokhoz.<\/p>","protected":false},"featured_media":1648,"comment_status":"open","ping_status":"closed","template":"","meta":[],"product_brand":[],"product_cat":[35],"product_tag":[49],"class_list":{"0":"post-1647","1":"product","2":"type-product","3":"status-publish","4":"has-post-thumbnail","6":"product_cat-standard-rack-cases","7":"product_tag-mc","9":"first","10":"instock","11":"shipping-taxable","12":"product-type-simple"},"yoast_head":"<!-- This site is optimized with the Yoast SEO Premium plugin v27.1 (Yoast SEO v27.2) - https:\/\/yoast.com\/product\/yoast-seo-premium-wordpress\/ -->\n<title>MC 6u Rack Flight Case - https:\/\/sxflightcase.com \ud83d\udc97<\/title>\n<meta name=\"description\" content=\"6u Rack Flight Case: Explore our factory-direct options for professional customization, ensuring optimal organization and protection of your equipment.\" \/>\n<meta name=\"robots\" content=\"index, follow, max-snippet:-1, max-image-preview:large, max-video-preview:-1\" \/>\n<link rel=\"canonical\" href=\"https:\/\/sxflightcase.com\/hu\/produkt\/6u-rack-flight-case\/\" \/>\n<meta property=\"og:locale\" content=\"hu_HU\" \/>\n<meta property=\"og:type\" content=\"article\" \/>\n<meta property=\"og:title\" content=\"MC 6u Rack Flight Case\" \/>\n<meta property=\"og:description\" content=\"6u Rack Flight Case: Explore our factory-direct options for professional customization, ensuring optimal organization and protection of your equipment.\" \/>\n<meta property=\"og:url\" content=\"https:\/\/sxflightcase.com\/hu\/produkt\/6u-rack-flight-case\/\" \/>\n<meta property=\"og:site_name\" content=\"https:\/\/sxflightcase.com\" \/>\n<meta property=\"article:publisher\" content=\"https:\/\/www.facebook.com\/profile.php?id=61560407257971\" \/>\n<meta property=\"article:modified_time\" content=\"2024-07-16T02:17:47+00:00\" \/>\n<meta property=\"og:image\" content=\"https:\/\/sxflightcase.com\/wp-content\/uploads\/2024\/05\/6u-rack-flight-case51081758129.webp\" \/>\n\t<meta property=\"og:image:width\" content=\"750\" \/>\n\t<meta property=\"og:image:height\" content=\"750\" \/>\n\t<meta property=\"og:image:type\" content=\"image\/webp\" \/>\n<meta name=\"twitter:card\" content=\"summary_large_image\" \/>\n<meta name=\"twitter:label1\" content=\"Becs\u00fclt olvas\u00e1si id\u0151\" \/>\n\t<meta name=\"twitter:data1\" content=\"4 perc\" \/>\n<script type=\"application\/ld+json\" class=\"yoast-schema-graph\">{\"@context\":\"https:\/\/schema.org\",\"@graph\":[{\"@type\":\"WebPage\",\"@id\":\"https:\/\/sxflightcase.com\/da\/produkt\/6u-rack-flight-case\/\",\"url\":\"https:\/\/sxflightcase.com\/da\/produkt\/6u-rack-flight-case\/\",\"name\":\"MC 6u Rack Flight Case - https:\/\/sxflightcase.com \ud83d\udc97\",\"isPartOf\":{\"@id\":\"https:\/\/sxflightcase.com\/th\/#website\"},\"primaryImageOfPage\":{\"@id\":\"https:\/\/sxflightcase.com\/da\/produkt\/6u-rack-flight-case\/#primaryimage\"},\"image\":{\"@id\":\"https:\/\/sxflightcase.com\/da\/produkt\/6u-rack-flight-case\/#primaryimage\"},\"thumbnailUrl\":\"https:\/\/sxflightcase.com\/wp-content\/uploads\/2024\/05\/6u-rack-flight-case51081758129.webp\",\"datePublished\":\"2024-05-10T02:27:58+00:00\",\"dateModified\":\"2024-07-16T02:17:47+00:00\",\"description\":\"6u Rack Flight Case: Explore our factory-direct options for professional customization, ensuring optimal organization and protection of your equipment.\",\"breadcrumb\":{\"@id\":\"https:\/\/sxflightcase.com\/da\/produkt\/6u-rack-flight-case\/#breadcrumb\"},\"inLanguage\":\"hu\",\"potentialAction\":[{\"@type\":\"ReadAction\",\"target\":[\"https:\/\/sxflightcase.com\/da\/produkt\/6u-rack-flight-case\/\"]}]},{\"@type\":\"ImageObject\",\"inLanguage\":\"hu\",\"@id\":\"https:\/\/sxflightcase.com\/da\/produkt\/6u-rack-flight-case\/#primaryimage\",\"url\":\"https:\/\/sxflightcase.com\/wp-content\/uploads\/2024\/05\/6u-rack-flight-case51081758129.webp\",\"contentUrl\":\"https:\/\/sxflightcase.com\/wp-content\/uploads\/2024\/05\/6u-rack-flight-case51081758129.webp\",\"width\":750,\"height\":750,\"caption\":\"6u Rack Flight Case\"},{\"@type\":\"BreadcrumbList\",\"@id\":\"https:\/\/sxflightcase.com\/da\/produkt\/6u-rack-flight-case\/#breadcrumb\",\"itemListElement\":[{\"@type\":\"ListItem\",\"position\":1,\"name\":\"Home\",\"item\":\"https:\/\/sxflightcase.com\/\"},{\"@type\":\"ListItem\",\"position\":2,\"name\":\"\u0e2a\u0e34\u0e19\u0e04\u0e49\u0e32\",\"item\":\"https:\/\/sxflightcase.com\/th\/shop\/\"},{\"@type\":\"ListItem\",\"position\":3,\"name\":\"MC 6u Rack Flight Case\"}]},{\"@type\":\"WebSite\",\"@id\":\"https:\/\/sxflightcase.com\/th\/#website\",\"url\":\"https:\/\/sxflightcase.com\/th\/\",\"name\":\"sxpowercase.com\",\"description\":\"Flight Case Factory\",\"publisher\":{\"@id\":\"https:\/\/sxflightcase.com\/th\/#organization\"},\"potentialAction\":[{\"@type\":\"SearchAction\",\"target\":{\"@type\":\"EntryPoint\",\"urlTemplate\":\"https:\/\/sxflightcase.com\/th\/?s={search_term_string}\"},\"query-input\":{\"@type\":\"PropertyValueSpecification\",\"valueRequired\":true,\"valueName\":\"search_term_string\"}}],\"inLanguage\":\"hu\"},{\"@type\":\"Organization\",\"@id\":\"https:\/\/sxflightcase.com\/th\/#organization\",\"name\":\"sxpowercase.com\",\"url\":\"https:\/\/sxflightcase.com\/th\/\",\"logo\":{\"@type\":\"ImageObject\",\"inLanguage\":\"hu\",\"@id\":\"https:\/\/sxflightcase.com\/th\/#\/schema\/logo\/image\/\",\"url\":\"https:\/\/sxflightcase.com\/wp-content\/uploads\/2024\/04\/1713919036007.jpg\",\"contentUrl\":\"https:\/\/sxflightcase.com\/wp-content\/uploads\/2024\/04\/1713919036007.jpg\",\"width\":382,\"height\":388,\"caption\":\"sxpowercase.com\"},\"image\":{\"@id\":\"https:\/\/sxflightcase.com\/th\/#\/schema\/logo\/image\/\"},\"sameAs\":[\"https:\/\/www.facebook.com\/profile.php?id=61560407257971\"],\"numberOfEmployees\":{\"@type\":\"QuantitativeValue\",\"minValue\":\"11\",\"maxValue\":\"50\"}}]}<\/script>\n<!-- \/ Yoast SEO Premium plugin. -->","yoast_head_json":{"title":"MC 6u Rack Flight Case - https:\/\/sxflightcase.com \ud83d\udc97","description":"6u Rack Flight Case: Fedezze fel gy\u00e1ri k\u00f6zvetlen lehet\u0151s\u00e9geinket a professzion\u00e1lis testreszab\u00e1shoz, biztos\u00edtva a berendez\u00e9sek optim\u00e1lis szervez\u00e9s\u00e9t \u00e9s v\u00e9delm\u00e9t.","robots":{"index":"index","follow":"follow","max-snippet":"max-snippet:-1","max-image-preview":"max-image-preview:large","max-video-preview":"max-video-preview:-1"},"canonical":"https:\/\/sxflightcase.com\/hu\/produkt\/6u-rack-flight-case\/","og_locale":"hu_HU","og_type":"article","og_title":"MC 6u Rack Flight Case","og_description":"6u Rack Flight Case: Explore our factory-direct options for professional customization, ensuring optimal organization and protection of your equipment.","og_url":"https:\/\/sxflightcase.com\/hu\/produkt\/6u-rack-flight-case\/","og_site_name":"https:\/\/sxflightcase.com","article_publisher":"https:\/\/www.facebook.com\/profile.php?id=61560407257971","article_modified_time":"2024-07-16T02:17:47+00:00","og_image":[{"width":750,"height":750,"url":"https:\/\/sxflightcase.com\/wp-content\/uploads\/2024\/05\/6u-rack-flight-case51081758129.webp","type":"image\/webp"}],"twitter_card":"summary_large_image","twitter_misc":{"Becs\u00fclt olvas\u00e1si id\u0151":"4 perc"},"schema":{"@context":"https:\/\/schema.org","@graph":[{"@type":"WebPage","@id":"https:\/\/sxflightcase.com\/da\/produkt\/6u-rack-flight-case\/","url":"https:\/\/sxflightcase.com\/da\/produkt\/6u-rack-flight-case\/","name":"MC 6u Rack Flight Case - https:\/\/sxflightcase.com \ud83d\udc97","isPartOf":{"@id":"https:\/\/sxflightcase.com\/th\/#website"},"primaryImageOfPage":{"@id":"https:\/\/sxflightcase.com\/da\/produkt\/6u-rack-flight-case\/#primaryimage"},"image":{"@id":"https:\/\/sxflightcase.com\/da\/produkt\/6u-rack-flight-case\/#primaryimage"},"thumbnailUrl":"https:\/\/sxflightcase.com\/wp-content\/uploads\/2024\/05\/6u-rack-flight-case51081758129.webp","datePublished":"2024-05-10T02:27:58+00:00","dateModified":"2024-07-16T02:17:47+00:00","description":"6u Rack Flight Case: Fedezze fel gy\u00e1ri k\u00f6zvetlen lehet\u0151s\u00e9geinket a professzion\u00e1lis testreszab\u00e1shoz, biztos\u00edtva a berendez\u00e9sek optim\u00e1lis szervez\u00e9s\u00e9t \u00e9s v\u00e9delm\u00e9t.","breadcrumb":{"@id":"https:\/\/sxflightcase.com\/da\/produkt\/6u-rack-flight-case\/#breadcrumb"},"inLanguage":"hu","potentialAction":[{"@type":"ReadAction","target":["https:\/\/sxflightcase.com\/da\/produkt\/6u-rack-flight-case\/"]}]},{"@type":"ImageObject","inLanguage":"hu","@id":"https:\/\/sxflightcase.com\/da\/produkt\/6u-rack-flight-case\/#primaryimage","url":"https:\/\/sxflightcase.com\/wp-content\/uploads\/2024\/05\/6u-rack-flight-case51081758129.webp","contentUrl":"https:\/\/sxflightcase.com\/wp-content\/uploads\/2024\/05\/6u-rack-flight-case51081758129.webp","width":750,"height":750,"caption":"6u Rack Flight Case"},{"@type":"BreadcrumbList","@id":"https:\/\/sxflightcase.com\/da\/produkt\/6u-rack-flight-case\/#breadcrumb","itemListElement":[{"@type":"ListItem","position":1,"name":"Home","item":"https:\/\/sxflightcase.com\/"},{"@type":"ListItem","position":2,"name":"\u0e2a\u0e34\u0e19\u0e04\u0e49\u0e32","item":"https:\/\/sxflightcase.com\/th\/shop\/"},{"@type":"ListItem","position":3,"name":"MC 6u Rack Flight Case"}]},{"@type":"WebSite","@id":"https:\/\/sxflightcase.com\/th\/#website","url":"https:\/\/sxflightcase.com\/th\/","name":"sxpowercase.com","description":"Flight Case Factory","publisher":{"@id":"https:\/\/sxflightcase.com\/th\/#organization"},"potentialAction":[{"@type":"SearchAction","target":{"@type":"EntryPoint","urlTemplate":"https:\/\/sxflightcase.com\/th\/?s={search_term_string}"},"query-input":{"@type":"PropertyValueSpecification","valueRequired":true,"valueName":"search_term_string"}}],"inLanguage":"hu"},{"@type":"Organization","@id":"https:\/\/sxflightcase.com\/th\/#organization","name":"sxpowercase.com","url":"https:\/\/sxflightcase.com\/th\/","logo":{"@type":"ImageObject","inLanguage":"hu","@id":"https:\/\/sxflightcase.com\/th\/#\/schema\/logo\/image\/","url":"https:\/\/sxflightcase.com\/wp-content\/uploads\/2024\/04\/1713919036007.jpg","contentUrl":"https:\/\/sxflightcase.com\/wp-content\/uploads\/2024\/04\/1713919036007.jpg","width":382,"height":388,"caption":"sxpowercase.com"},"image":{"@id":"https:\/\/sxflightcase.com\/th\/#\/schema\/logo\/image\/"},"sameAs":["https:\/\/www.facebook.com\/profile.php?id=61560407257971"],"numberOfEmployees":{"@type":"QuantitativeValue","minValue":"11","maxValue":"50"}}]}},"_links":{"self":[{"href":"https:\/\/sxflightcase.com\/hu\/wp-json\/wp\/v2\/product\/1647","targetHints":{"allow":["GET"]}}],"collection":[{"href":"https:\/\/sxflightcase.com\/hu\/wp-json\/wp\/v2\/product"}],"about":[{"href":"https:\/\/sxflightcase.com\/hu\/wp-json\/wp\/v2\/types\/product"}],"replies":[{"embeddable":true,"href":"https:\/\/sxflightcase.com\/hu\/wp-json\/wp\/v2\/comments?post=1647"}],"version-history":[{"count":0,"href":"https:\/\/sxflightcase.com\/hu\/wp-json\/wp\/v2\/product\/1647\/revisions"}],"wp:featuredmedia":[{"embeddable":true,"href":"https:\/\/sxflightcase.com\/hu\/wp-json\/wp\/v2\/media\/1648"}],"wp:attachment":[{"href":"https:\/\/sxflightcase.com\/hu\/wp-json\/wp\/v2\/media?parent=1647"}],"wp:term":[{"taxonomy":"product_brand","embeddable":true,"href":"https:\/\/sxflightcase.com\/hu\/wp-json\/wp\/v2\/product_brand?post=1647"},{"taxonomy":"product_cat","embeddable":true,"href":"https:\/\/sxflightcase.com\/hu\/wp-json\/wp\/v2\/product_cat?post=1647"},{"taxonomy":"product_tag","embeddable":true,"href":"https:\/\/sxflightcase.com\/hu\/wp-json\/wp\/v2\/product_tag?post=1647"}],"curies":[{"name":"wp","href":"https:\/\/api.w.org\/{rel}","templated":true}]}}