{"id":1651,"date":"2024-05-10T03:30:31","date_gmt":"2024-05-10T02:30:31","guid":{"rendered":"https:\/\/sxpowercase.com\/?post_type=product&#038;p=1651"},"modified":"2024-06-26T10:22:22","modified_gmt":"2024-06-26T09:22:22","slug":"19-inch-flight-case","status":"publish","type":"product","link":"https:\/\/sxflightcase.com\/hu\/termek\/19-huvelykes-repulo-tok\/","title":{"rendered":"MP 19 h\u00fcvelykes rep\u00fcl\u0151 tok"},"content":{"rendered":"<h3><strong>Product parameter(specification)<\/strong><\/h3>\n<section class=\"table-wrap\">\n<table class=\"table\" width=\"100%\" cellspacing=\"0\" cellpadding=\"0\">\n<tbody>\n<tr class=\"firstRow\">\n<td width=\"134\">Product name:<\/td>\n<td width=\"503\">19 inch flight case<\/td>\n<\/tr>\n<tr>\n<td width=\"134\">Material<\/td>\n<td width=\"503\">Aluminum frame+ Fireproof +9mm Plywood<\/td>\n<\/tr>\n<tr>\n<td width=\"134\">Inside<\/td>\n<td width=\"503\">High density shockproof foam<\/td>\n<\/tr>\n<tr>\n<td width=\"134\">Size<\/td>\n<td width=\"503\">Can be customized<\/td>\n<\/tr>\n<tr>\n<td width=\"134\">Accessories<\/td>\n<td width=\"503\">Four butterfly locks, four wheels to easy carry, four strong handles<\/td>\n<\/tr>\n<tr>\n<td width=\"134\">Custom<\/td>\n<td width=\"503\">All kinds of customize are welcomed, such as Aluminum case\u2019s material, dimension, inner fillings, handles, locks, and so on.<\/td>\n<\/tr>\n<\/tbody>\n<\/table>\n<\/section>\n<div class=\"flex-shrink-0 flex flex-col relative items-end\">\n<div>\n<div class=\"pt-0.5 juice:pt-0\">\n<div class=\"gizmo-bot-avatar flex h-6 w-6 items-center justify-center overflow-hidden rounded-full juice:h-8 juice:w-8\">\n<div class=\"relative p-1 rounded-sm flex items-center justify-center bg-token-main-surface-primary text-token-text-primary h-8 w-8\"><\/div>\n<\/div>\n<\/div>\n<\/div>\n<\/div>\n<div class=\"group\/conversation-turn relative flex w-full min-w-0 flex-col agent-turn\">\n<div class=\"flex-col gap-1 md:gap-3\">\n<div class=\"flex flex-grow flex-col max-w-full AIPRM__conversation__response\">\n<div class=\"min-h-[20px] text-message flex flex-col items-start whitespace-pre-wrap break-words [.text-message+&amp;]:mt-5 juice:w-full juice:items-end overflow-x-auto gap-2\" dir=\"auto\" data-message-author-role=\"assistant\" data-message-id=\"226cc720-0f55-4c4f-94fd-e5c2eb6d532a\">\n<div class=\"flex w-full flex-col gap-1 juice:empty:hidden juice:first:pt-[3px]\">\n<div class=\"markdown prose w-full break-words dark:prose-invert light\">\n<h3>Secure and Reliable: The SX 19 Inch Flight Case<\/h3>\n<h4>The Ultimate Protection for Your Equipment<\/h4>\n<p>When transporting valuable equipment, protection and reliability are paramount. The <a href=\"https:\/\/sxpowercase.com\/\" target=\"_blank\"  rel=\"noopener\" title=\"SX\"  data-wpil-monitor-id=\"489\">SX<\/a> 19 Inch Flight Case offers top-notch security for your gear. Made from high-quality materials, this flight case is built to withstand the rigors of travel, ensuring your equipment remains safe and intact. Whether you&#8217;re moving from one gig to another or shipping sensitive items, the 19 Inch Flight Case is your best defense against damage.<\/p>\n<h4>Factory Direct Sales for Superior Value<\/h4>\n<p>At SX, we pride ourselves on providing excellent products directly from our factory to you. This direct sales model eliminates middlemen, allowing us to offer the 19 Inch Flight Case at unbeatable prices. By purchasing directly from the manufacturer, you save money while ensuring you receive a product that meets our stringent quality standards. Enhance your business operations with our affordable and dependable flight case solutions.<\/p>\n<h4>Tailored to Your Needs<\/h4>\n<p>Understanding that each customer has unique requirements, SX offers extensive customization options for the 19 Inch Flight Case. Whether you need specific dimensions, additional compartments, or personalized branding, our team is ready to create a solution that fits your needs perfectly. Our custom services ensure that your flight case is not only functional but also aligns with your brand and operational requirements.<\/p>\n<hr \/>\n<h4>Elevate Your Business with SX<\/h4>\n<p>Investing in the SX 19 Inch Flight Case means choosing a product that combines durability, reliability, and customization. By leveraging our factory direct sales model, you gain access to high-quality flight cases at competitive prices. Our commitment to excellence ensures that your equipment is always protected, allowing you to focus on what matters most\u2014growing your business. Trust SX to deliver the best flight case solutions that keep your gear secure and your operations running smoothly.<\/p>\n<\/div>\n<\/div>\n<\/div>\n<\/div>\n<\/div>\n<\/div>\n<p><strong>FAQ<\/strong><\/p>\n<p>Q: What&#8217;s your MOQ?<\/p>\n<p>A: If we have the products in stock, it will be no MOQ. If we need to produce, we can discuss the MOQ according to customer&#8217;s exact situation.<\/p>\n<p>Q: What&#8217;s is your shipping service?<\/p>\n<p>A: We can provide services for vessel booking, goods consolidation, customs declaration, shipping documents preparation and delivery bulk at the shipping port.<\/p>\n<p>Q: Can you do our own packaging?<\/p>\n<p>A: Yes, you just provide the package design and we will produce what you want. We also have the professional designer can help you do the packaging design.<\/p>\n<p><strong>Quality control<\/strong><\/p>\n<p>We have QC person stay on the production lines do to the inspection.All products must have been inspected before delivery. We do inline inspection and final inspection.<\/p>\n<p>1.All raw material checked once it arrive our factory.<\/p>\n<p>2.All pieces and logo and all details checked during production.<\/p>\n<p>3.All packing details checked during production.<\/p>\n<p>4.All production quality and packing checked on final inspection after finished.<\/p>\n<p>Hot Tags: Low price, in stock, free sample, Power And Signal Cable, 16 Gauge 4 Conductor Wire, Microphone Stand Case, Outdoor Led Display Cabinet, Rack Mount, 19&#8221; Rackmount Mixer Flight Cases\uff0celectrical distro box, China, suppliers, factory, customized, wholesale, <span style=\"color: #993366;\"><a style=\"color: #993366;\" href=\"https:\/\/sxflightcase.com\/product-category\/all-product\/power-distribution-boxes\/\">power boxes<\/a>,\u00a0<a style=\"color: #993366;\" href=\"https:\/\/sxflightcase.com\/product-category\/all-product\/hoist-controllers\/\">power cables<\/a>,\u00a0<a style=\"color: #993366;\" href=\"https:\/\/sxflightcase.com\/product-category\/all-product\/hoist-controllers\/\">hoist controllers<\/a>,\u00a0<a style=\"color: #993366;\" href=\"https:\/\/sxflightcase.com\/product-category\/all-product\/flight-case\/\">flight cases.<\/a><\/span><\/p>\n","protected":false},"excerpt":{"rendered":"<h2 class=\"prodetails-name\">19 h\u00fcvelykes rep\u00fcl\u0151 tok<\/h2>\n<p>Ez a 19 h\u00fcvelykes rep\u00fcl\u0151 tok t\u00f6k\u00e9letes az er\u0151s\u00edt\u0151k, professzorok vagy m\u00e1s berendez\u00e9sek t\u00e1rol\u00e1s\u00e1ra \u00e9s sz\u00e1ll\u00edt\u00e1s\u00e1ra, amikor egy show vagy ki\u00e1ll\u00edt\u00e1s el\u0151k\u00e9sz\u00edt\u00e9s\u00e9re k\u00e9sz\u00fcl.<\/p>\n<h2><strong>Termel\u00e9si bevezet\u00e9s<\/strong><\/h2>\n<p>- Alkalmas a kis berendez\u00e9sekhez, p\u00e9ld\u00e1ul er\u0151s\u00edt\u0151kh\u00f6z \u00e9s professzorokhoz az egy\u00e9ni k\u00e9r\u00e9snek megfelel\u0151en<\/p>\n<p>- 9 mm-es t\u0171z\u00e1ll\u00f3 r\u00e9tegelt r\u00e9tegelt lemez<\/p>\n<p>- 30x30x3mm-es alum\u00ednium profilok szegecsekkel<\/p>\n<p>- k\u00f6z\u00e9ps\u0151 labda sarkok, l\u00e9pcs\u0151zetes<\/p>\n<p>- 6 lyuk\u00fa L-sarok<\/p>\n<p>- Extr\u00fazi\u00f3k a fed\u00e9l biztons\u00e1gos elhelyez\u00e9s\u00e9hez \u00e9s lez\u00e1r\u00e1s\u00e1hoz, h\u00edm\/n\u0151i 9mm<\/p>","protected":false},"featured_media":1652,"comment_status":"open","ping_status":"closed","template":"","meta":[],"product_brand":[],"product_cat":[35],"product_tag":[50],"class_list":{"0":"post-1651","1":"product","2":"type-product","3":"status-publish","4":"has-post-thumbnail","6":"product_cat-standard-rack-cases","7":"product_tag-mp","9":"first","10":"instock","11":"shipping-taxable","12":"product-type-simple"},"yoast_head":"<!-- This site is optimized with the Yoast SEO Premium plugin v27.1 (Yoast SEO v27.2) - https:\/\/yoast.com\/product\/yoast-seo-premium-wordpress\/ -->\n<title>MP 19 Inch Flight Case Manufacture- https:\/\/sxflightcase.com<\/title>\n<meta name=\"description\" content=\"19 Inch Flight Case Manufacture: Explore our factory-direct options for professional customization, ensuring optimal organization and protection of your equipment.\" \/>\n<meta name=\"robots\" content=\"index, follow, max-snippet:-1, max-image-preview:large, max-video-preview:-1\" \/>\n<link rel=\"canonical\" href=\"https:\/\/sxflightcase.com\/hu\/produkt\/19-tommer-flightcase\/\" \/>\n<meta property=\"og:locale\" content=\"hu_HU\" \/>\n<meta property=\"og:type\" content=\"article\" \/>\n<meta property=\"og:title\" content=\"MP 19 Inch Flight Case\" \/>\n<meta property=\"og:description\" content=\"19 Inch Flight Case Manufacture: Explore our factory-direct options for professional customization, ensuring optimal organization and protection of your equipment.\" \/>\n<meta property=\"og:url\" content=\"https:\/\/sxflightcase.com\/hu\/produkt\/19-tommer-flightcase\/\" \/>\n<meta property=\"og:site_name\" content=\"https:\/\/sxflightcase.com\" \/>\n<meta property=\"article:publisher\" content=\"https:\/\/www.facebook.com\/profile.php?id=61560407257971\" \/>\n<meta property=\"article:modified_time\" content=\"2024-06-26T09:22:22+00:00\" \/>\n<meta property=\"og:image\" content=\"https:\/\/sxflightcase.com\/wp-content\/uploads\/2024\/05\/19-inch-flight-case48146587566.webp\" \/>\n\t<meta property=\"og:image:width\" content=\"750\" \/>\n\t<meta property=\"og:image:height\" content=\"750\" \/>\n\t<meta property=\"og:image:type\" content=\"image\/webp\" \/>\n<meta name=\"twitter:card\" content=\"summary_large_image\" \/>\n<meta name=\"twitter:label1\" content=\"Becs\u00fclt olvas\u00e1si id\u0151\" \/>\n\t<meta name=\"twitter:data1\" content=\"4 perc\" \/>\n<script type=\"application\/ld+json\" class=\"yoast-schema-graph\">{\"@context\":\"https:\/\/schema.org\",\"@graph\":[{\"@type\":\"WebPage\",\"@id\":\"https:\/\/sxflightcase.com\/da\/produkt\/19-tommer-flightcase\/\",\"url\":\"https:\/\/sxflightcase.com\/da\/produkt\/19-tommer-flightcase\/\",\"name\":\"MP 19 Inch Flight Case Manufacture- https:\/\/sxflightcase.com\",\"isPartOf\":{\"@id\":\"https:\/\/sxflightcase.com\/th\/#website\"},\"primaryImageOfPage\":{\"@id\":\"https:\/\/sxflightcase.com\/da\/produkt\/19-tommer-flightcase\/#primaryimage\"},\"image\":{\"@id\":\"https:\/\/sxflightcase.com\/da\/produkt\/19-tommer-flightcase\/#primaryimage\"},\"thumbnailUrl\":\"https:\/\/sxflightcase.com\/wp-content\/uploads\/2024\/05\/19-inch-flight-case48146587566.webp\",\"datePublished\":\"2024-05-10T02:30:31+00:00\",\"dateModified\":\"2024-06-26T09:22:22+00:00\",\"description\":\"19 Inch Flight Case Manufacture: Explore our factory-direct options for professional customization, ensuring optimal organization and protection of your equipment.\",\"breadcrumb\":{\"@id\":\"https:\/\/sxflightcase.com\/da\/produkt\/19-tommer-flightcase\/#breadcrumb\"},\"inLanguage\":\"hu\",\"potentialAction\":[{\"@type\":\"ReadAction\",\"target\":[\"https:\/\/sxflightcase.com\/da\/produkt\/19-tommer-flightcase\/\"]}]},{\"@type\":\"ImageObject\",\"inLanguage\":\"hu\",\"@id\":\"https:\/\/sxflightcase.com\/da\/produkt\/19-tommer-flightcase\/#primaryimage\",\"url\":\"https:\/\/sxflightcase.com\/wp-content\/uploads\/2024\/05\/19-inch-flight-case48146587566.webp\",\"contentUrl\":\"https:\/\/sxflightcase.com\/wp-content\/uploads\/2024\/05\/19-inch-flight-case48146587566.webp\",\"width\":750,\"height\":750,\"caption\":\"19 Inch Flight Case\"},{\"@type\":\"BreadcrumbList\",\"@id\":\"https:\/\/sxflightcase.com\/da\/produkt\/19-tommer-flightcase\/#breadcrumb\",\"itemListElement\":[{\"@type\":\"ListItem\",\"position\":1,\"name\":\"Home\",\"item\":\"https:\/\/sxflightcase.com\/\"},{\"@type\":\"ListItem\",\"position\":2,\"name\":\"\u0e2a\u0e34\u0e19\u0e04\u0e49\u0e32\",\"item\":\"https:\/\/sxflightcase.com\/th\/shop\/\"},{\"@type\":\"ListItem\",\"position\":3,\"name\":\"MP 19 Inch Flight Case\"}]},{\"@type\":\"WebSite\",\"@id\":\"https:\/\/sxflightcase.com\/th\/#website\",\"url\":\"https:\/\/sxflightcase.com\/th\/\",\"name\":\"sxpowercase.com\",\"description\":\"Flight Case Factory\",\"publisher\":{\"@id\":\"https:\/\/sxflightcase.com\/th\/#organization\"},\"potentialAction\":[{\"@type\":\"SearchAction\",\"target\":{\"@type\":\"EntryPoint\",\"urlTemplate\":\"https:\/\/sxflightcase.com\/th\/?s={search_term_string}\"},\"query-input\":{\"@type\":\"PropertyValueSpecification\",\"valueRequired\":true,\"valueName\":\"search_term_string\"}}],\"inLanguage\":\"hu\"},{\"@type\":\"Organization\",\"@id\":\"https:\/\/sxflightcase.com\/th\/#organization\",\"name\":\"sxpowercase.com\",\"url\":\"https:\/\/sxflightcase.com\/th\/\",\"logo\":{\"@type\":\"ImageObject\",\"inLanguage\":\"hu\",\"@id\":\"https:\/\/sxflightcase.com\/th\/#\/schema\/logo\/image\/\",\"url\":\"https:\/\/sxflightcase.com\/wp-content\/uploads\/2024\/04\/1713919036007.jpg\",\"contentUrl\":\"https:\/\/sxflightcase.com\/wp-content\/uploads\/2024\/04\/1713919036007.jpg\",\"width\":382,\"height\":388,\"caption\":\"sxpowercase.com\"},\"image\":{\"@id\":\"https:\/\/sxflightcase.com\/th\/#\/schema\/logo\/image\/\"},\"sameAs\":[\"https:\/\/www.facebook.com\/profile.php?id=61560407257971\"],\"numberOfEmployees\":{\"@type\":\"QuantitativeValue\",\"minValue\":\"11\",\"maxValue\":\"50\"}}]}<\/script>\n<!-- \/ Yoast SEO Premium plugin. -->","yoast_head_json":{"title":"MP 19 Inch Flight Case Manufacture- https:\/\/sxflightcase.com","description":"19 h\u00fcvelykes rep\u00fcl\u0151 tok Gy\u00e1rt\u00e1s: Fedezze fel gy\u00e1ri k\u00f6zvetlen lehet\u0151s\u00e9geinket a professzion\u00e1lis testreszab\u00e1shoz, biztos\u00edtva a felszerel\u00e9s optim\u00e1lis szervez\u00e9s\u00e9t \u00e9s v\u00e9delm\u00e9t.","robots":{"index":"index","follow":"follow","max-snippet":"max-snippet:-1","max-image-preview":"max-image-preview:large","max-video-preview":"max-video-preview:-1"},"canonical":"https:\/\/sxflightcase.com\/hu\/produkt\/19-tommer-flightcase\/","og_locale":"hu_HU","og_type":"article","og_title":"MP 19 Inch Flight Case","og_description":"19 Inch Flight Case Manufacture: Explore our factory-direct options for professional customization, ensuring optimal organization and protection of your equipment.","og_url":"https:\/\/sxflightcase.com\/hu\/produkt\/19-tommer-flightcase\/","og_site_name":"https:\/\/sxflightcase.com","article_publisher":"https:\/\/www.facebook.com\/profile.php?id=61560407257971","article_modified_time":"2024-06-26T09:22:22+00:00","og_image":[{"width":750,"height":750,"url":"https:\/\/sxflightcase.com\/wp-content\/uploads\/2024\/05\/19-inch-flight-case48146587566.webp","type":"image\/webp"}],"twitter_card":"summary_large_image","twitter_misc":{"Becs\u00fclt olvas\u00e1si id\u0151":"4 perc"},"schema":{"@context":"https:\/\/schema.org","@graph":[{"@type":"WebPage","@id":"https:\/\/sxflightcase.com\/da\/produkt\/19-tommer-flightcase\/","url":"https:\/\/sxflightcase.com\/da\/produkt\/19-tommer-flightcase\/","name":"MP 19 Inch Flight Case Manufacture- https:\/\/sxflightcase.com","isPartOf":{"@id":"https:\/\/sxflightcase.com\/th\/#website"},"primaryImageOfPage":{"@id":"https:\/\/sxflightcase.com\/da\/produkt\/19-tommer-flightcase\/#primaryimage"},"image":{"@id":"https:\/\/sxflightcase.com\/da\/produkt\/19-tommer-flightcase\/#primaryimage"},"thumbnailUrl":"https:\/\/sxflightcase.com\/wp-content\/uploads\/2024\/05\/19-inch-flight-case48146587566.webp","datePublished":"2024-05-10T02:30:31+00:00","dateModified":"2024-06-26T09:22:22+00:00","description":"19 h\u00fcvelykes rep\u00fcl\u0151 tok Gy\u00e1rt\u00e1s: Fedezze fel gy\u00e1ri k\u00f6zvetlen lehet\u0151s\u00e9geinket a professzion\u00e1lis testreszab\u00e1shoz, biztos\u00edtva a felszerel\u00e9s optim\u00e1lis szervez\u00e9s\u00e9t \u00e9s v\u00e9delm\u00e9t.","breadcrumb":{"@id":"https:\/\/sxflightcase.com\/da\/produkt\/19-tommer-flightcase\/#breadcrumb"},"inLanguage":"hu","potentialAction":[{"@type":"ReadAction","target":["https:\/\/sxflightcase.com\/da\/produkt\/19-tommer-flightcase\/"]}]},{"@type":"ImageObject","inLanguage":"hu","@id":"https:\/\/sxflightcase.com\/da\/produkt\/19-tommer-flightcase\/#primaryimage","url":"https:\/\/sxflightcase.com\/wp-content\/uploads\/2024\/05\/19-inch-flight-case48146587566.webp","contentUrl":"https:\/\/sxflightcase.com\/wp-content\/uploads\/2024\/05\/19-inch-flight-case48146587566.webp","width":750,"height":750,"caption":"19 Inch Flight Case"},{"@type":"BreadcrumbList","@id":"https:\/\/sxflightcase.com\/da\/produkt\/19-tommer-flightcase\/#breadcrumb","itemListElement":[{"@type":"ListItem","position":1,"name":"Home","item":"https:\/\/sxflightcase.com\/"},{"@type":"ListItem","position":2,"name":"\u0e2a\u0e34\u0e19\u0e04\u0e49\u0e32","item":"https:\/\/sxflightcase.com\/th\/shop\/"},{"@type":"ListItem","position":3,"name":"MP 19 Inch Flight Case"}]},{"@type":"WebSite","@id":"https:\/\/sxflightcase.com\/th\/#website","url":"https:\/\/sxflightcase.com\/th\/","name":"sxpowercase.com","description":"Flight Case Factory","publisher":{"@id":"https:\/\/sxflightcase.com\/th\/#organization"},"potentialAction":[{"@type":"SearchAction","target":{"@type":"EntryPoint","urlTemplate":"https:\/\/sxflightcase.com\/th\/?s={search_term_string}"},"query-input":{"@type":"PropertyValueSpecification","valueRequired":true,"valueName":"search_term_string"}}],"inLanguage":"hu"},{"@type":"Organization","@id":"https:\/\/sxflightcase.com\/th\/#organization","name":"sxpowercase.com","url":"https:\/\/sxflightcase.com\/th\/","logo":{"@type":"ImageObject","inLanguage":"hu","@id":"https:\/\/sxflightcase.com\/th\/#\/schema\/logo\/image\/","url":"https:\/\/sxflightcase.com\/wp-content\/uploads\/2024\/04\/1713919036007.jpg","contentUrl":"https:\/\/sxflightcase.com\/wp-content\/uploads\/2024\/04\/1713919036007.jpg","width":382,"height":388,"caption":"sxpowercase.com"},"image":{"@id":"https:\/\/sxflightcase.com\/th\/#\/schema\/logo\/image\/"},"sameAs":["https:\/\/www.facebook.com\/profile.php?id=61560407257971"],"numberOfEmployees":{"@type":"QuantitativeValue","minValue":"11","maxValue":"50"}}]}},"_links":{"self":[{"href":"https:\/\/sxflightcase.com\/hu\/wp-json\/wp\/v2\/product\/1651","targetHints":{"allow":["GET"]}}],"collection":[{"href":"https:\/\/sxflightcase.com\/hu\/wp-json\/wp\/v2\/product"}],"about":[{"href":"https:\/\/sxflightcase.com\/hu\/wp-json\/wp\/v2\/types\/product"}],"replies":[{"embeddable":true,"href":"https:\/\/sxflightcase.com\/hu\/wp-json\/wp\/v2\/comments?post=1651"}],"version-history":[{"count":0,"href":"https:\/\/sxflightcase.com\/hu\/wp-json\/wp\/v2\/product\/1651\/revisions"}],"wp:featuredmedia":[{"embeddable":true,"href":"https:\/\/sxflightcase.com\/hu\/wp-json\/wp\/v2\/media\/1652"}],"wp:attachment":[{"href":"https:\/\/sxflightcase.com\/hu\/wp-json\/wp\/v2\/media?parent=1651"}],"wp:term":[{"taxonomy":"product_brand","embeddable":true,"href":"https:\/\/sxflightcase.com\/hu\/wp-json\/wp\/v2\/product_brand?post=1651"},{"taxonomy":"product_cat","embeddable":true,"href":"https:\/\/sxflightcase.com\/hu\/wp-json\/wp\/v2\/product_cat?post=1651"},{"taxonomy":"product_tag","embeddable":true,"href":"https:\/\/sxflightcase.com\/hu\/wp-json\/wp\/v2\/product_tag?post=1651"}],"curies":[{"name":"wp","href":"https:\/\/api.w.org\/{rel}","templated":true}]}}