{"id":1655,"date":"2024-05-10T03:33:38","date_gmt":"2024-05-10T02:33:38","guid":{"rendered":"https:\/\/sxpowercase.com\/?post_type=product&#038;p=1655"},"modified":"2024-06-26T10:23:10","modified_gmt":"2024-06-26T09:23:10","slug":"12u-rack-flight-case","status":"publish","type":"product","link":"https:\/\/sxflightcase.com\/hu\/termek\/12u-rack-repulo-tok\/","title":{"rendered":"MP 12u Rack Flight Case"},"content":{"rendered":"<h3><strong>Term\u00e9k param\u00e9ter (specifik\u00e1ci\u00f3)<\/strong><\/h3>\n<section class=\"table-wrap\">\n<table class=\"table\" width=\"100%\" cellspacing=\"0\" cellpadding=\"0\">\n<tbody>\n<tr class=\"firstRow\">\n<td width=\"134\">A term\u00e9k neve:<\/td>\n<td width=\"503\">12u rack rep\u00fcl\u0151 tok<\/td>\n<\/tr>\n<tr>\n<td width=\"134\">Anyag \u00e9s tartoz\u00e9k:<\/td>\n<td width=\"503\">9mm r\u00e9tegelt lemez + Kr\u00f3mozott\/horganyzott hardver + Alum\u00ednium extrud\u00e1l\u00e1s<br \/>\nEl\u00fcls\u0151 \u00e9s h\u00e1ts\u00f3 levehet\u0151 fedelek<\/td>\n<\/tr>\n<tr>\n<td width=\"134\">Habszivacs b\u00e9l\u00e9s:<\/td>\n<td width=\"503\">Gy\u00f6ngyhab \/EVA hab \/ toj\u00e1shab stb...rendszeres vagy k\u00e9r\u00e9s szerint<\/td>\n<\/tr>\n<tr>\n<td width=\"134\">Sz\u00edn:<\/td>\n<td width=\"503\">Fekete (alap\u00e9rtelmezett sz\u00edn), piros, k\u00e9k, narancs, s\u00e1rga, z\u00f6ld, stb...<\/td>\n<\/tr>\n<tr>\n<td width=\"134\">\u00c1tfut\u00e1si id\u0151:<\/td>\n<td width=\"503\">Minta rendel\u00e9s 3 nap, norm\u00e1l rendel\u00e9s 7-15 nap<\/td>\n<\/tr>\n<tr>\n<td width=\"134\">M\u00e9ret:<\/td>\n<td width=\"503\">A berendez\u00e9s m\u00e9ret\u00e9t\u0151l f\u00fcgg<\/td>\n<\/tr>\n<\/tbody>\n<\/table>\n<\/section>\n<h3>SX 12u Rack Flight Case: Biztons\u00e1gos v\u00e9delem a felszerel\u00e9s\u00e9nek biztons\u00e1ga \u00e9rdek\u00e9ben<\/h3>\n<h4>Megb\u00edzhat\u00f3 v\u00e9delem a felszerel\u00e9s\u00e9nek<\/h4>\n<p>Amikor k\u00e9nyes berendez\u00e9sek sz\u00e1ll\u00edt\u00e1s\u00e1r\u00f3l van sz\u00f3, a biztons\u00e1g nem k\u00e9pezi vita t\u00e1rgy\u00e1t. A <a href=\"https:\/\/sxpowercase.com\/\" target=\"_blank\"  rel=\"noopener\" title=\"SX\"  data-wpil-monitor-id=\"490\">SX<\/a> A 12u Rack Flight Case robusztus v\u00e9delmet ny\u00fajt \u00e9rt\u00e9kes felszerel\u00e9s\u00e9nek. Ez a tart\u00f3s anyagokb\u00f3l k\u00e9sz\u00fclt \u00e9s az utaz\u00e1s ig\u00e9nyeinek ellen\u00e1ll\u00e1s\u00e1ra tervezett rep\u00fcl\u0151 tok biztos\u00edtja, hogy felszerel\u00e9sei biztons\u00e1gban legyenek az \u00fct\u0151d\u00e9sekt\u0151l, rezg\u00e9sekt\u0151l \u00e9s az id\u0151j\u00e1r\u00e1s viszontags\u00e1gait\u00f3l. Ak\u00e1r utaz\u00f3 zen\u00e9sz, AV-szakember vagy ipari technikus, b\u00edzzon az SX-ben, hogy megv\u00e9di felszerel\u00e9s\u00e9t, b\u00e1rhov\u00e1 is vigye az \u00fatja.<\/p>\n<h4>K\u00f6zvetlen\u00fcl a gy\u00e1rb\u00f3l: Min\u0151s\u00e9g \u00e9s \u00e9rt\u00e9k kombin\u00e1lva<\/h4>\n<p>Az SX-n\u00e9l hisz\u00fcnk abban, hogy az \u00e9rt\u00e9ket k\u00f6zvetlen\u00fcl a gy\u00e1runkb\u00f3l az \u00d6n kez\u00e9be kell eljuttatnunk. A k\u00f6zvet\u00edt\u0151k kik\u00fcsz\u00f6b\u00f6l\u00e9s\u00e9vel a 12u Rack Flight Case-et versenyk\u00e9pes \u00e1ron k\u00edn\u00e1ljuk, an\u00e9lk\u00fcl, hogy kompromisszumot k\u00f6tn\u00e9nk a min\u0151s\u00e9gben. K\u00f6zvetlen \u00e9rt\u00e9kes\u00edt\u00e9si megk\u00f6zel\u00edt\u00e9s\u00fcnkkel nemcsak p\u00e9nzt takar\u00edt meg \u00d6nnek, hanem garant\u00e1lja, hogy a term\u00e9k megfelel a tart\u00f3ss\u00e1gra \u00e9s megb\u00edzhat\u00f3s\u00e1gra vonatkoz\u00f3 szigor\u00fa szabv\u00e1nyainknak. Emelje \u00fczleti tev\u00e9kenys\u00e9g\u00e9t a gy\u00e1ri k\u00f6zvetlen Flight Case-\u00fcnkkel, amelyet \u00fagy tervezt\u00fcnk, hogy megv\u00e9dje \u00e9s jav\u00edtsa berendez\u00e9seit.<\/p>\n<h4>Szem\u00e9lyre szabott megold\u00e1sok az \u00d6n ig\u00e9nyeihez<\/h4>\n<p>Meg\u00e9rtj\u00fck, hogy minden \u00fcgyf\u00e9lnek egyedi k\u00f6vetelm\u00e9nyei vannak. Ez\u00e9rt az SX sz\u00e9lesk\u00f6r\u0171 testreszab\u00e1si lehet\u0151s\u00e9geket k\u00edn\u00e1l a 12u Rack Flight Case sz\u00e1m\u00e1ra. Legyen sz\u00f3 egyedi m\u00e9retekr\u0151l, tov\u00e1bbi funkci\u00f3kr\u00f3l, p\u00e9ld\u00e1ul k\u00e1belkezel\u00e9sr\u0151l, vagy az \u00d6n identit\u00e1s\u00e1t t\u00fckr\u00f6z\u0151 m\u00e1rkajelz\u00e9sr\u0151l, testreszab\u00e1si szolg\u00e1ltat\u00e1saink biztos\u00edtj\u00e1k, hogy Flight Case-je pontosan az \u00d6n ig\u00e9nyeihez igazodjon. N\u00f6velje a hat\u00e9konys\u00e1got \u00e9s a professzionalizmust egy olyan rep\u00fcl\u0151 tokkal, amely nemcsak v\u00e9di, hanem megk\u00fcl\u00f6nb\u00f6ztetetten k\u00e9pviseli is m\u00e1rk\u00e1j\u00e1t.<\/p>\n<hr \/>\n<h4>Partner az SX-szel a kiv\u00e9teles min\u0151s\u00e9g\u00e9rt \u00e9s szolg\u00e1ltat\u00e1s\u00e9rt<\/h4>\n<p>Az SX 12u Rack Flight Case v\u00e1laszt\u00e1sa a nyugalomba \u00e9s a megb\u00edzhat\u00f3s\u00e1gba val\u00f3 befektet\u00e9st jelenti. A gy\u00e1ri k\u00f6zvetlen \u00e9rt\u00e9kes\u00edt\u00e9s \u00e9s a testreszabhat\u00f3 megold\u00e1sok ir\u00e1nti elk\u00f6telezetts\u00e9g\u00fcnk biztos\u00edtja, hogy olyan term\u00e9ket kapjon, amely meghaladja az elv\u00e1r\u00e1sokat. V\u00e9dje \u00e9rt\u00e9kes berendez\u00e9seit magabiztosan, tudva, hogy az SX Flight Case-eket \u00fagy tervezt\u00e9k, hogy ellen\u00e1lljanak a professzion\u00e1lis haszn\u00e1lat kih\u00edv\u00e1sainak. B\u00edzzon az SX-ben, hogy az \u00d6n \u00e1ltal meg\u00e9rdemelt min\u0151s\u00e9get \u00e9s szolg\u00e1ltat\u00e1st ny\u00fajtja, \u00edgy \u00d6n arra \u00f6sszpontos\u00edthat, ami sz\u00e1m\u00edt - az \u00d6n \u00fczleti siker\u00e9re.<\/p>\n<p><strong>GYIK<\/strong><\/p>\n<p>K: Mennyi a sz\u00e1ll\u00edt\u00e1si id\u0151?<\/p>\n<p>V: Az \u00e1ltal\u00e1nos sz\u00e1ll\u00edt\u00e1si id\u0151 25-30 nap a megrendel\u00e9s visszaigazol\u00e1sa ut\u00e1n. Ha az \u00e1ru rakt\u00e1ron van, akkor csak 1-2 napot vesz ig\u00e9nybe.<\/p>\n<p>K: Haszn\u00e1lhatjuk saj\u00e1t log\u00f3nkat?<\/p>\n<p>V: Igen, nyomtathatunk saj\u00e1t log\u00f3t az \u00d6n k\u00e9r\u00e9s\u00e9nek megfelel\u0151en.<\/p>\n<p>K: H\u00e1ny csomagol\u00e1sa van?<\/p>\n<p>V: Jelenleg h\u00e1rom csomagunk van, bele\u00e9rtve a kartondobozt, a bubor\u00e9kos zs\u00e1kot \u00e9s a kraftpap\u00edrt.<\/p>\n<p><strong>Min\u0151s\u00e9gellen\u0151rz\u00e9s<\/strong><\/p>\n<p>Van QC szem\u00e9ly\u00fcnk, aki a gy\u00e1rt\u00f3sorokon tart\u00f3zkodik az ellen\u0151rz\u00e9shez. Minden term\u00e9ket sz\u00e1ll\u00edt\u00e1s el\u0151tt ellen\u0151rizni kell. Mi csin\u00e1l inline ellen\u0151rz\u00e9s \u00e9s v\u00e9gs\u0151 ellen\u0151rz\u00e9s.<\/p>\n<p>1.Minden nyersanyag ellen\u0151rizve, amint meg\u00e9rkezik a gy\u00e1runkba.<\/p>\n<p>2.Minden darab \u00e9s log\u00f3 \u00e9s minden r\u00e9szlet ellen\u0151rizve a gy\u00e1rt\u00e1s sor\u00e1n.<\/p>\n<p>3.Minden csomagol\u00e1si r\u00e9szletet ellen\u0151riznek a gy\u00e1rt\u00e1s sor\u00e1n.<\/p>\n<p>4.Minden gy\u00e1rt\u00e1si min\u0151s\u00e9g \u00e9s csomagol\u00e1s ellen\u0151rz\u00f6tt a v\u00e9gs\u0151 ellen\u0151rz\u00e9s ut\u00e1n.<\/p>\n<p>Hot Tags: Alacsony \u00e1r, rakt\u00e1ron, ingyenes minta, t\u00e1p- \u00e9s jelk\u00e1bel, 16 Gauge 4 vezet\u0151 vezet\u00e9k, mikrofon \u00e1llv\u00e1ny tok, k\u00fclt\u00e9ri Led kijelz\u0151szekr\u00e9ny, Rack Mount, 19\" Rackmount Mixer Flight Cases\uff0celektromos disztr\u00f3 doboz, K\u00edna, besz\u00e1ll\u00edt\u00f3k, gy\u00e1r, testreszabott, nagykereskedelem, <span style=\"color: #993366;\"><a style=\"color: #993366;\" href=\"https:\/\/sxflightcase.com\/hu\/product-category\/all-product\/power-distribution-boxes\/\">t\u00e1pegys\u00e9gek<\/a>,\u00a0<a style=\"color: #993366;\" href=\"https:\/\/sxflightcase.com\/hu\/product-category\/all-product\/hoist-controllers\/\">t\u00e1pk\u00e1belek<\/a>,\u00a0<a style=\"color: #993366;\" href=\"https:\/\/sxflightcase.com\/hu\/product-category\/all-product\/hoist-controllers\/\">emel\u0151g\u00e9p-vez\u00e9rl\u0151k<\/a>,\u00a0<a style=\"color: #993366;\" href=\"https:\/\/sxflightcase.com\/hu\/product-category\/all-product\/flight-case\/\">rep\u00fcl\u00e9si esetek.<\/a><\/span><\/p>","protected":false},"excerpt":{"rendered":"<h2 class=\"prodetails-name\">12u Rack Flight Case<\/h2>\n<p>2001-ben alap\u00edtott, vagyunk szakosodott gy\u00e1rt\u00e1sa mindenf\u00e9le rack mount rep\u00fcl\u00e9si tok egy m\u0171hely ter\u00fclete t\u00f6bb mint 20.00 n\u00e9gyzetm\u00e9ter. \u00c1ltal\u00e1ban 12u rack rep\u00fcl\u00e9si tok is 16u, de mi is, hogy k\u00fcl\u00f6nb\u00f6z\u0151 m\u00e9ret\u0171 f\u00fcgg az \u00d6n ig\u00e9nyeit\u0151l.<\/p>\n<h2><strong>Termel\u00e9si bevezet\u00e9s<\/strong><\/h2>\n<p>12u rack rep\u00fcl\u0151 tok Easy Locking Fit alum\u00ednium nyelvvel \u00e9s horonnyal. K\u00e1bel hozz\u00e1f\u00e9r\u00e9si lyuk elt\u00e1vol\u00edthat\u00f3 embl\u00e9m\u00e1s bor\u00edt\u00e1ssal \u00e9s ipari s\u00fcllyesztett pillang\u00f3 csavart z\u00e1rral - lakat k\u00e9sz.<\/p>","protected":false},"featured_media":1656,"comment_status":"open","ping_status":"closed","template":"","meta":[],"product_brand":[],"product_cat":[35],"product_tag":[50],"class_list":{"0":"post-1655","1":"product","2":"type-product","3":"status-publish","4":"has-post-thumbnail","6":"product_cat-standard-rack-cases","7":"product_tag-mp","9":"first","10":"instock","11":"shipping-taxable","12":"product-type-simple"},"yoast_head":"<!-- This site is optimized with the Yoast SEO Premium plugin v27.1 (Yoast SEO v27.2) - https:\/\/yoast.com\/product\/yoast-seo-premium-wordpress\/ -->\n<title>MP 12u Rack Flight Case - https:\/\/sxflightcase.com \ud83d\udc97<\/title>\n<meta name=\"description\" content=\"12u Rack Flight Case: Discover our factory-direct options, offering professional customization for efficient organization and storage of your equipment.\" \/>\n<meta name=\"robots\" content=\"index, follow, max-snippet:-1, max-image-preview:large, max-video-preview:-1\" \/>\n<link rel=\"canonical\" href=\"https:\/\/sxflightcase.com\/hu\/\u0645\u0646\u062a\u062c\/\u062d\u0642\u064a\u0628\u0629-\u0637\u064a\u0631\u0627\u0646-12-\u0648\u062d\u062f\u0629\/\" \/>\n<meta property=\"og:locale\" content=\"hu_HU\" \/>\n<meta property=\"og:type\" content=\"article\" \/>\n<meta property=\"og:title\" content=\"MP 12u Rack Flight Case\" \/>\n<meta property=\"og:description\" content=\"12u Rack Flight Case: Discover our factory-direct options, offering professional customization for efficient organization and storage of your equipment.\" \/>\n<meta property=\"og:url\" content=\"https:\/\/sxflightcase.com\/hu\/\u0645\u0646\u062a\u062c\/\u062d\u0642\u064a\u0628\u0629-\u0637\u064a\u0631\u0627\u0646-12-\u0648\u062d\u062f\u0629\/\" \/>\n<meta property=\"og:site_name\" content=\"https:\/\/sxflightcase.com\" \/>\n<meta property=\"article:publisher\" content=\"https:\/\/www.facebook.com\/profile.php?id=61560407257971\" \/>\n<meta property=\"article:modified_time\" content=\"2024-06-26T09:23:10+00:00\" \/>\n<meta property=\"og:image\" content=\"https:\/\/sxflightcase.com\/wp-content\/uploads\/2024\/05\/12u-rack-flight-case44398687814.webp\" \/>\n\t<meta property=\"og:image:width\" content=\"750\" \/>\n\t<meta property=\"og:image:height\" content=\"750\" \/>\n\t<meta property=\"og:image:type\" content=\"image\/webp\" \/>\n<meta name=\"twitter:card\" content=\"summary_large_image\" \/>\n<meta name=\"twitter:label1\" content=\"Becs\u00fclt olvas\u00e1si id\u0151\" \/>\n\t<meta name=\"twitter:data1\" content=\"4 perc\" \/>\n<script type=\"application\/ld+json\" class=\"yoast-schema-graph\">{\"@context\":\"https:\/\/schema.org\",\"@graph\":[{\"@type\":\"WebPage\",\"@id\":\"https:\/\/sxflightcase.com\/ary\/\u0645\u0646\u062a\u062c\/\u062d\u0642\u064a\u0628\u0629-\u0637\u064a\u0631\u0627\u0646-12-\u0648\u062d\u062f\u0629\/\",\"url\":\"https:\/\/sxflightcase.com\/ary\/\u0645\u0646\u062a\u062c\/\u062d\u0642\u064a\u0628\u0629-\u0637\u064a\u0631\u0627\u0646-12-\u0648\u062d\u062f\u0629\/\",\"name\":\"MP 12u Rack Flight Case - https:\/\/sxflightcase.com \ud83d\udc97\",\"isPartOf\":{\"@id\":\"https:\/\/sxflightcase.com\/th\/#website\"},\"primaryImageOfPage\":{\"@id\":\"https:\/\/sxflightcase.com\/ary\/\u0645\u0646\u062a\u062c\/\u062d\u0642\u064a\u0628\u0629-\u0637\u064a\u0631\u0627\u0646-12-\u0648\u062d\u062f\u0629\/#primaryimage\"},\"image\":{\"@id\":\"https:\/\/sxflightcase.com\/ary\/\u0645\u0646\u062a\u062c\/\u062d\u0642\u064a\u0628\u0629-\u0637\u064a\u0631\u0627\u0646-12-\u0648\u062d\u062f\u0629\/#primaryimage\"},\"thumbnailUrl\":\"https:\/\/sxflightcase.com\/wp-content\/uploads\/2024\/05\/12u-rack-flight-case44398687814.webp\",\"datePublished\":\"2024-05-10T02:33:38+00:00\",\"dateModified\":\"2024-06-26T09:23:10+00:00\",\"description\":\"12u Rack Flight Case: Discover our factory-direct options, offering professional customization for efficient organization and storage of your equipment.\",\"breadcrumb\":{\"@id\":\"https:\/\/sxflightcase.com\/ary\/\u0645\u0646\u062a\u062c\/\u062d\u0642\u064a\u0628\u0629-\u0637\u064a\u0631\u0627\u0646-12-\u0648\u062d\u062f\u0629\/#breadcrumb\"},\"inLanguage\":\"hu\",\"potentialAction\":[{\"@type\":\"ReadAction\",\"target\":[\"https:\/\/sxflightcase.com\/ary\/\u0645\u0646\u062a\u062c\/\u062d\u0642\u064a\u0628\u0629-\u0637\u064a\u0631\u0627\u0646-12-\u0648\u062d\u062f\u0629\/\"]}]},{\"@type\":\"ImageObject\",\"inLanguage\":\"hu\",\"@id\":\"https:\/\/sxflightcase.com\/ary\/\u0645\u0646\u062a\u062c\/\u062d\u0642\u064a\u0628\u0629-\u0637\u064a\u0631\u0627\u0646-12-\u0648\u062d\u062f\u0629\/#primaryimage\",\"url\":\"https:\/\/sxflightcase.com\/wp-content\/uploads\/2024\/05\/12u-rack-flight-case44398687814.webp\",\"contentUrl\":\"https:\/\/sxflightcase.com\/wp-content\/uploads\/2024\/05\/12u-rack-flight-case44398687814.webp\",\"width\":750,\"height\":750,\"caption\":\"12u Rack Flight Case\"},{\"@type\":\"BreadcrumbList\",\"@id\":\"https:\/\/sxflightcase.com\/ary\/\u0645\u0646\u062a\u062c\/\u062d\u0642\u064a\u0628\u0629-\u0637\u064a\u0631\u0627\u0646-12-\u0648\u062d\u062f\u0629\/#breadcrumb\",\"itemListElement\":[{\"@type\":\"ListItem\",\"position\":1,\"name\":\"Home\",\"item\":\"https:\/\/sxflightcase.com\/\"},{\"@type\":\"ListItem\",\"position\":2,\"name\":\"\u0e2a\u0e34\u0e19\u0e04\u0e49\u0e32\",\"item\":\"https:\/\/sxflightcase.com\/th\/shop\/\"},{\"@type\":\"ListItem\",\"position\":3,\"name\":\"MP 12u Rack Flight Case\"}]},{\"@type\":\"WebSite\",\"@id\":\"https:\/\/sxflightcase.com\/th\/#website\",\"url\":\"https:\/\/sxflightcase.com\/th\/\",\"name\":\"sxpowercase.com\",\"description\":\"Flight Case Factory\",\"publisher\":{\"@id\":\"https:\/\/sxflightcase.com\/th\/#organization\"},\"potentialAction\":[{\"@type\":\"SearchAction\",\"target\":{\"@type\":\"EntryPoint\",\"urlTemplate\":\"https:\/\/sxflightcase.com\/th\/?s={search_term_string}\"},\"query-input\":{\"@type\":\"PropertyValueSpecification\",\"valueRequired\":true,\"valueName\":\"search_term_string\"}}],\"inLanguage\":\"hu\"},{\"@type\":\"Organization\",\"@id\":\"https:\/\/sxflightcase.com\/th\/#organization\",\"name\":\"sxpowercase.com\",\"url\":\"https:\/\/sxflightcase.com\/th\/\",\"logo\":{\"@type\":\"ImageObject\",\"inLanguage\":\"hu\",\"@id\":\"https:\/\/sxflightcase.com\/th\/#\/schema\/logo\/image\/\",\"url\":\"https:\/\/sxflightcase.com\/wp-content\/uploads\/2024\/04\/1713919036007.jpg\",\"contentUrl\":\"https:\/\/sxflightcase.com\/wp-content\/uploads\/2024\/04\/1713919036007.jpg\",\"width\":382,\"height\":388,\"caption\":\"sxpowercase.com\"},\"image\":{\"@id\":\"https:\/\/sxflightcase.com\/th\/#\/schema\/logo\/image\/\"},\"sameAs\":[\"https:\/\/www.facebook.com\/profile.php?id=61560407257971\"],\"numberOfEmployees\":{\"@type\":\"QuantitativeValue\",\"minValue\":\"11\",\"maxValue\":\"50\"}}]}<\/script>\n<!-- \/ Yoast SEO Premium plugin. -->","yoast_head_json":{"title":"MP 12u Rack Flight Case - https:\/\/sxflightcase.com \ud83d\udc97","description":"12u Rack Flight Case: Fedezze fel gy\u00e1ri k\u00f6zvetlen opci\u00f3inkat, amelyek professzion\u00e1lis testreszab\u00e1st k\u00edn\u00e1lnak a berendez\u00e9sek hat\u00e9kony szervez\u00e9s\u00e9hez \u00e9s t\u00e1rol\u00e1s\u00e1hoz.","robots":{"index":"index","follow":"follow","max-snippet":"max-snippet:-1","max-image-preview":"max-image-preview:large","max-video-preview":"max-video-preview:-1"},"canonical":"https:\/\/sxflightcase.com\/hu\/\u0645\u0646\u062a\u062c\/\u062d\u0642\u064a\u0628\u0629-\u0637\u064a\u0631\u0627\u0646-12-\u0648\u062d\u062f\u0629\/","og_locale":"hu_HU","og_type":"article","og_title":"MP 12u Rack Flight Case","og_description":"12u Rack Flight Case: Discover our factory-direct options, offering professional customization for efficient organization and storage of your equipment.","og_url":"https:\/\/sxflightcase.com\/hu\/\u0645\u0646\u062a\u062c\/\u062d\u0642\u064a\u0628\u0629-\u0637\u064a\u0631\u0627\u0646-12-\u0648\u062d\u062f\u0629\/","og_site_name":"https:\/\/sxflightcase.com","article_publisher":"https:\/\/www.facebook.com\/profile.php?id=61560407257971","article_modified_time":"2024-06-26T09:23:10+00:00","og_image":[{"width":750,"height":750,"url":"https:\/\/sxflightcase.com\/wp-content\/uploads\/2024\/05\/12u-rack-flight-case44398687814.webp","type":"image\/webp"}],"twitter_card":"summary_large_image","twitter_misc":{"Becs\u00fclt olvas\u00e1si id\u0151":"4 perc"},"schema":{"@context":"https:\/\/schema.org","@graph":[{"@type":"WebPage","@id":"https:\/\/sxflightcase.com\/ary\/\u0645\u0646\u062a\u062c\/\u062d\u0642\u064a\u0628\u0629-\u0637\u064a\u0631\u0627\u0646-12-\u0648\u062d\u062f\u0629\/","url":"https:\/\/sxflightcase.com\/ary\/\u0645\u0646\u062a\u062c\/\u062d\u0642\u064a\u0628\u0629-\u0637\u064a\u0631\u0627\u0646-12-\u0648\u062d\u062f\u0629\/","name":"MP 12u Rack Flight Case - https:\/\/sxflightcase.com \ud83d\udc97","isPartOf":{"@id":"https:\/\/sxflightcase.com\/th\/#website"},"primaryImageOfPage":{"@id":"https:\/\/sxflightcase.com\/ary\/\u0645\u0646\u062a\u062c\/\u062d\u0642\u064a\u0628\u0629-\u0637\u064a\u0631\u0627\u0646-12-\u0648\u062d\u062f\u0629\/#primaryimage"},"image":{"@id":"https:\/\/sxflightcase.com\/ary\/\u0645\u0646\u062a\u062c\/\u062d\u0642\u064a\u0628\u0629-\u0637\u064a\u0631\u0627\u0646-12-\u0648\u062d\u062f\u0629\/#primaryimage"},"thumbnailUrl":"https:\/\/sxflightcase.com\/wp-content\/uploads\/2024\/05\/12u-rack-flight-case44398687814.webp","datePublished":"2024-05-10T02:33:38+00:00","dateModified":"2024-06-26T09:23:10+00:00","description":"12u Rack Flight Case: Fedezze fel gy\u00e1ri k\u00f6zvetlen opci\u00f3inkat, amelyek professzion\u00e1lis testreszab\u00e1st k\u00edn\u00e1lnak a berendez\u00e9sek hat\u00e9kony szervez\u00e9s\u00e9hez \u00e9s t\u00e1rol\u00e1s\u00e1hoz.","breadcrumb":{"@id":"https:\/\/sxflightcase.com\/ary\/\u0645\u0646\u062a\u062c\/\u062d\u0642\u064a\u0628\u0629-\u0637\u064a\u0631\u0627\u0646-12-\u0648\u062d\u062f\u0629\/#breadcrumb"},"inLanguage":"hu","potentialAction":[{"@type":"ReadAction","target":["https:\/\/sxflightcase.com\/ary\/\u0645\u0646\u062a\u062c\/\u062d\u0642\u064a\u0628\u0629-\u0637\u064a\u0631\u0627\u0646-12-\u0648\u062d\u062f\u0629\/"]}]},{"@type":"ImageObject","inLanguage":"hu","@id":"https:\/\/sxflightcase.com\/ary\/\u0645\u0646\u062a\u062c\/\u062d\u0642\u064a\u0628\u0629-\u0637\u064a\u0631\u0627\u0646-12-\u0648\u062d\u062f\u0629\/#primaryimage","url":"https:\/\/sxflightcase.com\/wp-content\/uploads\/2024\/05\/12u-rack-flight-case44398687814.webp","contentUrl":"https:\/\/sxflightcase.com\/wp-content\/uploads\/2024\/05\/12u-rack-flight-case44398687814.webp","width":750,"height":750,"caption":"12u Rack Flight Case"},{"@type":"BreadcrumbList","@id":"https:\/\/sxflightcase.com\/ary\/\u0645\u0646\u062a\u062c\/\u062d\u0642\u064a\u0628\u0629-\u0637\u064a\u0631\u0627\u0646-12-\u0648\u062d\u062f\u0629\/#breadcrumb","itemListElement":[{"@type":"ListItem","position":1,"name":"Home","item":"https:\/\/sxflightcase.com\/"},{"@type":"ListItem","position":2,"name":"\u0e2a\u0e34\u0e19\u0e04\u0e49\u0e32","item":"https:\/\/sxflightcase.com\/th\/shop\/"},{"@type":"ListItem","position":3,"name":"MP 12u Rack Flight Case"}]},{"@type":"WebSite","@id":"https:\/\/sxflightcase.com\/th\/#website","url":"https:\/\/sxflightcase.com\/th\/","name":"sxpowercase.com","description":"Flight Case Factory","publisher":{"@id":"https:\/\/sxflightcase.com\/th\/#organization"},"potentialAction":[{"@type":"SearchAction","target":{"@type":"EntryPoint","urlTemplate":"https:\/\/sxflightcase.com\/th\/?s={search_term_string}"},"query-input":{"@type":"PropertyValueSpecification","valueRequired":true,"valueName":"search_term_string"}}],"inLanguage":"hu"},{"@type":"Organization","@id":"https:\/\/sxflightcase.com\/th\/#organization","name":"sxpowercase.com","url":"https:\/\/sxflightcase.com\/th\/","logo":{"@type":"ImageObject","inLanguage":"hu","@id":"https:\/\/sxflightcase.com\/th\/#\/schema\/logo\/image\/","url":"https:\/\/sxflightcase.com\/wp-content\/uploads\/2024\/04\/1713919036007.jpg","contentUrl":"https:\/\/sxflightcase.com\/wp-content\/uploads\/2024\/04\/1713919036007.jpg","width":382,"height":388,"caption":"sxpowercase.com"},"image":{"@id":"https:\/\/sxflightcase.com\/th\/#\/schema\/logo\/image\/"},"sameAs":["https:\/\/www.facebook.com\/profile.php?id=61560407257971"],"numberOfEmployees":{"@type":"QuantitativeValue","minValue":"11","maxValue":"50"}}]}},"_links":{"self":[{"href":"https:\/\/sxflightcase.com\/hu\/wp-json\/wp\/v2\/product\/1655","targetHints":{"allow":["GET"]}}],"collection":[{"href":"https:\/\/sxflightcase.com\/hu\/wp-json\/wp\/v2\/product"}],"about":[{"href":"https:\/\/sxflightcase.com\/hu\/wp-json\/wp\/v2\/types\/product"}],"replies":[{"embeddable":true,"href":"https:\/\/sxflightcase.com\/hu\/wp-json\/wp\/v2\/comments?post=1655"}],"version-history":[{"count":0,"href":"https:\/\/sxflightcase.com\/hu\/wp-json\/wp\/v2\/product\/1655\/revisions"}],"wp:featuredmedia":[{"embeddable":true,"href":"https:\/\/sxflightcase.com\/hu\/wp-json\/wp\/v2\/media\/1656"}],"wp:attachment":[{"href":"https:\/\/sxflightcase.com\/hu\/wp-json\/wp\/v2\/media?parent=1655"}],"wp:term":[{"taxonomy":"product_brand","embeddable":true,"href":"https:\/\/sxflightcase.com\/hu\/wp-json\/wp\/v2\/product_brand?post=1655"},{"taxonomy":"product_cat","embeddable":true,"href":"https:\/\/sxflightcase.com\/hu\/wp-json\/wp\/v2\/product_cat?post=1655"},{"taxonomy":"product_tag","embeddable":true,"href":"https:\/\/sxflightcase.com\/hu\/wp-json\/wp\/v2\/product_tag?post=1655"}],"curies":[{"name":"wp","href":"https:\/\/api.w.org\/{rel}","templated":true}]}}