{"id":1673,"date":"2024-05-10T03:49:46","date_gmt":"2024-05-10T02:49:46","guid":{"rendered":"https:\/\/sxpowercase.com\/?post_type=product&#038;p=1673"},"modified":"2024-07-16T02:59:52","modified_gmt":"2024-07-16T01:59:52","slug":"6u-flight-case","status":"publish","type":"product","link":"https:\/\/sxflightcase.com\/hu\/termek\/6u-repulo-tok\/","title":{"rendered":"FP 6u Flight Case"},"content":{"rendered":"<p><strong>Term\u00e9k param\u00e9ter (specifik\u00e1ci\u00f3)<\/strong><\/p>\n<section class=\"table-wrap\">\n<table class=\"table\" width=\"100%\" cellspacing=\"0\" cellpadding=\"0\">\n<tbody>\n<tr class=\"firstRow\">\n<td width=\"134\">A term\u00e9k neve:<\/td>\n<td width=\"503\">6u rep\u00fcl\u0151 tok<\/td>\n<\/tr>\n<tr>\n<td width=\"134\">Anyag:<\/td>\n<td width=\"503\">9mm r\u00e9tegelt lemez + Kr\u00f3mozott\/horganyzott hardver + Alum\u00ednium extrud\u00e1l\u00e1s<\/td>\n<\/tr>\n<tr>\n<td width=\"134\">Habszivacs b\u00e9l\u00e9s:<\/td>\n<td width=\"503\">Gy\u00f6ngyhab \/EVA hab \/ toj\u00e1shab stb...rendszeres vagy k\u00e9r\u00e9s szerint<\/td>\n<\/tr>\n<tr>\n<td width=\"134\">Sz\u00edn:<\/td>\n<td width=\"503\">Fekete (alap\u00e9rtelmezett sz\u00edn), piros, k\u00e9k, narancs, s\u00e1rga, z\u00f6ld, stb...<\/td>\n<\/tr>\n<tr>\n<td width=\"134\">\u00c1tfut\u00e1si id\u0151:<\/td>\n<td width=\"503\">Minta rendel\u00e9s 3 nap, norm\u00e1l rendel\u00e9s 7-15 nap<\/td>\n<\/tr>\n<tr>\n<td width=\"134\">M\u00e9ret:<\/td>\n<td width=\"503\">A berendez\u00e9s m\u00e9ret\u00e9t\u0151l f\u00fcgg<\/td>\n<\/tr>\n<\/tbody>\n<\/table>\n<\/section>\n<h1>SX 6U Flight Case: V\u00e9gs\u0151 v\u00e9delem a felszerel\u00e9s\u00e9nek<\/h1>\n<h2>Tart\u00f3s \u00e9s t\u00e1gas<\/h2>\n<p>A <a title=\"SX\" href=\"https:\/\/sxpowercase.com\/\" target=\"_blank\" rel=\"noopener\" data-wpil-monitor-id=\"473\">SX<\/a> A 6U Flight Case-t \u00fagy tervezt\u00e9k, hogy a lehet\u0151 legjobb v\u00e9delmet ny\u00fajtsa \u00e9rt\u00e9kes eszk\u00f6zeinek. A hat egys\u00e9gnyi rack-helyis\u00e9ggel ez a rep\u00fcl\u0151 tok elegend\u0151 helyet biztos\u00edt az \u00f6sszes felszerel\u00e9s\u00e9nek. Legyen sz\u00f3 zen\u00e9szr\u0151l, hangm\u00e9rn\u00f6kr\u0151l vagy DJ-r\u0151l, ez a tok biztos\u00edtja, hogy felszerel\u00e9sei biztons\u00e1gban \u00e9s rendben maradjanak sz\u00e1ll\u00edt\u00e1s k\u00f6zben.<\/p>\n<h2>Gy\u00e1ri k\u00f6zvetlen \u00e9rt\u00e9kes\u00edt\u00e9s a kiv\u00e1l\u00f3 \u00e9rt\u00e9k\u00e9rt<\/h2>\n<h3>Maxim\u00e1lis megtakar\u00edt\u00e1s<\/h3>\n<p>Az SX-n\u00e9l hisz\u00fcnk abban, hogy kiv\u00e1l\u00f3 min\u0151s\u00e9g\u0171 term\u00e9keket k\u00edn\u00e1lunk a lehet\u0151 legjobb \u00e1ron. A gy\u00e1ri k\u00f6zvetlen \u00e9rt\u00e9kes\u00edt\u00e9ssel kik\u00fcsz\u00f6b\u00f6lj\u00fck a k\u00f6zvet\u00edt\u0151ket, \u00e9s a megtakar\u00edt\u00e1sokat k\u00f6zvetlen\u00fcl \u00d6nnek adjuk \u00e1t. Ez a megk\u00f6zel\u00edt\u00e9s lehet\u0151v\u00e9 teszi sz\u00e1munkra, hogy a 6U Flight Case-et verhetetlen \u00e1ron k\u00edn\u00e1ljuk, biztos\u00edtva, hogy kiv\u00e9teles \u00e9rt\u00e9ket kapjon a min\u0151s\u00e9g kompromisszum n\u00e9lk\u00fcl.<\/p>\n<h2>Testreszab\u00e1s az \u00d6n ig\u00e9nyeihez<\/h2>\n<h3>Szem\u00e9lyre szabott v\u00e9delem<\/h3>\n<p>Minden szakembernek egyedi k\u00f6vetelm\u00e9nyei vannak, \u00e9s az SX 6U Flight Case testre szabhat\u00f3, hogy megfeleljen ezeknek az ig\u00e9nyeknek. Legyen sz\u00f3 extra p\u00e1rn\u00e1zotts\u00e1gr\u00f3l, speci\u00e1lis rekeszkonfigur\u00e1ci\u00f3kr\u00f3l vagy egyedi m\u00e9retekr\u0151l, testreszab\u00e1si szolg\u00e1ltat\u00e1saink biztos\u00edtj\u00e1k, hogy a rep\u00fcl\u0151 tok t\u00f6k\u00e9letesen illeszkedjen felszerel\u00e9s\u00e9hez. V\u00e9dje felszerel\u00e9s\u00e9t egy kifejezetten az \u00d6n sz\u00e1m\u00e1ra tervezett tokkal.<\/p>\n<h2>Emelje fel szakmai im\u00e1zs\u00e1t<\/h2>\n<h3>Eleg\u00e1ns \u00e9s megb\u00edzhat\u00f3 kialak\u00edt\u00e1s<\/h3>\n<p>Az SX 6U Flight Case nem csak kiv\u00e1l\u00f3 v\u00e9delmet ny\u00fajt, hanem a professzion\u00e1lis imidzs\u00e9t is er\u0151s\u00edti. Karcs\u00fa, robusztus kialak\u00edt\u00e1sa a min\u0151s\u00e9g \u00e9s a megb\u00edzhat\u00f3s\u00e1g ir\u00e1nti elk\u00f6telezetts\u00e9g\u00e9t mutatja. Tegyen maradand\u00f3 benyom\u00e1st az \u00fcgyfelekre \u00e9s koll\u00e9g\u00e1kra egy olyan rep\u00fcl\u0151 tokkal, amely ugyanolyan professzion\u00e1lisan n\u00e9z ki, mint a berendez\u00e9s, amelyet v\u00e9d.<\/p>\n<hr \/>\n<h2>Mi\u00e9rt v\u00e1lassza az SX-et?<\/h2>\n<p>Az SX 6U Flight Case v\u00e1laszt\u00e1sa olyan term\u00e9kbe val\u00f3 befektet\u00e9st jelent, amely egyes\u00edti a kiv\u00e1l\u00f3 v\u00e9delmet, a testreszabhat\u00f3s\u00e1got \u00e9s az \u00e9rt\u00e9ket. Gy\u00e1ri k\u00f6zvetlen \u00e9rt\u00e9kes\u00edt\u00e9si modell\u00fcnk, valamint a kiv\u00e1l\u00f3 min\u0151s\u00e9g\u0171 anyagok ir\u00e1nti elk\u00f6telezetts\u00e9g\u00fcnk garant\u00e1lja, hogy a rep\u00fcl\u0151 tok megfelel \u00e9s fel\u00fclm\u00falja az \u00d6n elv\u00e1r\u00e1sait. Fejlessze v\u00e1llalkoz\u00e1s\u00e1t egy olyan rep\u00fcl\u0151t\u00e1sk\u00e1val, amely az utaz\u00e1s viszontags\u00e1gait is kib\u00edrja, mik\u00f6zben professzion\u00e1lis megjelen\u00e9st biztos\u00edt.<\/p>\n<p>L\u00e9pjen kapcsolatba vel\u00fcnk m\u00e9g ma, ha t\u00f6bbet szeretne megtudni 6U Flight Case-\u00fcnkr\u0151l, \u00e9s fedezze fel, hogy testreszab\u00e1si lehet\u0151s\u00e9geink milyen el\u0151ny\u00f6kkel j\u00e1rhatnak az \u00d6n sz\u00e1m\u00e1ra. B\u00edzzon az SX-ben minden rep\u00fcl\u0151t\u00e1sk\u00e1val kapcsolatos ig\u00e9ny\u00e9t illet\u0151en, \u00e9s tapasztalja meg a min\u0151s\u00e9g \u00e9s az \u00e9rt\u00e9k \u00e1ltal ny\u00fajtott k\u00fcl\u00f6nbs\u00e9get.<\/p>\n<p><strong>GYIK<\/strong><\/p>\n<p>K: Meg tudja csin\u00e1lni az OEM \u00e9s az ODM?<\/p>\n<p>V: Igen, az OEM \u00e9s az ODM egyar\u00e1nt elfogadhat\u00f3. Az anyag, a sz\u00edn, a st\u00edlus testre szabhat\u00f3, az alapmennyis\u00e9get megvitat\u00e1s ut\u00e1n tan\u00e1csot adunk.<\/p>\n<p>K: Megk\u00e9rdezhetem, hogy melyik a legk\u00f6zelebbi tengeri kik\u00f6t\u0151 a c\u00e9g\u00e9t\u0151l? arra az esetre, ha megl\u00e1togatn\u00e1m a c\u00e9g\u00e9t.<\/p>\n<p>V: El\u0151sz\u00f6r Huangpu tengeri kik\u00f6t\u0151, majd Shenzhen vagy Nansha tengeri kik\u00f6t\u0151, sz\u00edvesen l\u00e1tjuk.<\/p>\n<p>K: Mik a fizet\u00e9si felt\u00e9telek?<\/p>\n<p>A: T.T with 30% down payment, 70%before shipment or West Union also accept.<\/p>\n<p><strong>Szolg\u00e1ltat\u00e1sunk<\/strong><\/p>\n<p>1.T\u00f6bb professzion\u00e1lis szolg\u00e1ltat\u00e1s a csomagol\u00e1si \u00e9s nyomtat\u00e1si term\u00e9kek export\u00e1l\u00e1s\u00e1ban<\/p>\n<p>2.Better gy\u00e1rt\u00e1si k\u00e9pess\u00e9g<\/p>\n<p>3.Various fizet\u00e9si felt\u00e9tel v\u00e1lasztani: T \/ T, Western Union<\/p>\n<p>Hot Tags: Alacsony \u00e1r, rakt\u00e1ron, ingyenes minta, t\u00e1p- \u00e9s jelk\u00e1bel, 16 Gauge 4 vezet\u0151 vezet\u00e9k, mikrofon \u00e1llv\u00e1ny tok, k\u00fclt\u00e9ri Led kijelz\u0151szekr\u00e9ny, Rack Mount, 19\" Rackmount Mixer Flight Cases\uff0celektromos disztr\u00f3 doboz, K\u00edna, besz\u00e1ll\u00edt\u00f3k, gy\u00e1r, testreszabott, nagykereskedelem, <span style=\"color: #993366;\"><a style=\"color: #993366;\" href=\"https:\/\/sxflightcase.com\/hu\/product-category\/all-product\/power-distribution-boxes\/\">t\u00e1pegys\u00e9gek<\/a>,\u00a0<a style=\"color: #993366;\" href=\"https:\/\/sxflightcase.com\/hu\/product-category\/all-product\/hoist-controllers\/\">t\u00e1pk\u00e1belek<\/a>,\u00a0<a style=\"color: #993366;\" href=\"https:\/\/sxflightcase.com\/hu\/product-category\/all-product\/hoist-controllers\/\">emel\u0151g\u00e9p-vez\u00e9rl\u0151k<\/a>,\u00a0<a style=\"color: #993366;\" href=\"https:\/\/sxflightcase.com\/hu\/product-category\/all-product\/flight-case\/\">rep\u00fcl\u00e9si esetek.<\/a><\/span><\/p>","protected":false},"excerpt":{"rendered":"<h2 class=\"prodetails-name\">6u Flight Case<\/h2>\n<p>Mi vagyunk a nagykeresked\u0151je mindenf\u00e9le <a class=\"wpil_keyword_link\" title=\"rep\u00fcl\u0151t\u00e1ska\" href=\"https:\/\/sxpowercase.com\/product-category\/all-product\/flight-case\/\" target=\"_blank\" rel=\"noopener\" data-wpil-keyword-link=\"linked\" data-wpil-monitor-id=\"401\">rep\u00fcl\u0151t\u00e1ska<\/a>, a 6u rep\u00fcl\u0151 tokot lakatolhat\u00f3 reteszekkel sz\u00e1ll\u00edtjuk, amelyek biztons\u00e1got ny\u00fajtanak a nyugalom \u00e9rdek\u00e9ben, az intelligens egym\u00e1sra rakhat\u00f3 sarkok lehet\u0151v\u00e9 teszik, hogy t\u00f6bb tokot nagy stabilit\u00e1ssal egym\u00e1sra helyezzen, \u00e9s a s\u00fcllyesztett foganty\u00fak k\u00e9nyelmesen hordozhat\u00f3k.<\/p>\n<h2><strong>Termel\u00e9si bevezet\u00e9s<\/strong><\/h2>\n<p>Ezt a 6u rep\u00fcl\u0151 tokot kiv\u00e1l\u00f3 min\u0151s\u00e9g\u0171 anyagok felhaszn\u00e1l\u00e1s\u00e1val tervezt\u00e9k, r\u00e9tegelt lemezb\u0151l, habszivacs b\u00e9l\u00e9sb\u0151l, alum\u00ednium extrud\u00e1l\u00e1sokb\u00f3l \u00e9s min\u0151s\u00e9gi hardverekb\u0151l.<\/p>","protected":false},"featured_media":1676,"comment_status":"open","ping_status":"closed","template":"","meta":[],"product_brand":[],"product_cat":[35],"product_tag":[53],"class_list":{"0":"post-1673","1":"product","2":"type-product","3":"status-publish","4":"has-post-thumbnail","6":"product_cat-standard-rack-cases","7":"product_tag-fp","9":"first","10":"instock","11":"shipping-taxable","12":"product-type-simple"},"yoast_head":"<!-- This site is optimized with the Yoast SEO Premium plugin v27.1 (Yoast SEO v27.2) - https:\/\/yoast.com\/product\/yoast-seo-premium-wordpress\/ -->\n<title>FP 6u Flight Case - https:\/\/sxflightcase.com \ud83d\udc97<\/title>\n<meta name=\"description\" content=\"6u Flight Case: Explore our factory-direct options for professional customization, ensuring optimal organization and protection of your equipment.\" \/>\n<meta name=\"robots\" content=\"index, follow, max-snippet:-1, max-image-preview:large, max-video-preview:-1\" \/>\n<link rel=\"canonical\" href=\"https:\/\/sxflightcase.com\/hu\/\u7522\u54c1\/6u-\u6a5f\u7bb1\/\" \/>\n<meta property=\"og:locale\" content=\"hu_HU\" \/>\n<meta property=\"og:type\" content=\"article\" \/>\n<meta property=\"og:title\" content=\"FP 6u Flight Case\" \/>\n<meta property=\"og:description\" content=\"6u Flight Case: Explore our factory-direct options for professional customization, ensuring optimal organization and protection of your equipment.\" \/>\n<meta property=\"og:url\" content=\"https:\/\/sxflightcase.com\/hu\/\u7522\u54c1\/6u-\u6a5f\u7bb1\/\" \/>\n<meta property=\"og:site_name\" content=\"https:\/\/sxflightcase.com\" \/>\n<meta property=\"article:publisher\" content=\"https:\/\/www.facebook.com\/profile.php?id=61560407257971\" \/>\n<meta property=\"article:modified_time\" content=\"2024-07-16T01:59:52+00:00\" \/>\n<meta property=\"og:image\" content=\"https:\/\/sxflightcase.com\/wp-content\/uploads\/2024\/05\/6u-flight-case49558055117.webp\" \/>\n\t<meta property=\"og:image:width\" content=\"750\" \/>\n\t<meta property=\"og:image:height\" content=\"750\" \/>\n\t<meta property=\"og:image:type\" content=\"image\/webp\" \/>\n<meta name=\"twitter:card\" content=\"summary_large_image\" \/>\n<meta name=\"twitter:label1\" content=\"Becs\u00fclt olvas\u00e1si id\u0151\" \/>\n\t<meta name=\"twitter:data1\" content=\"4 perc\" \/>\n<script type=\"application\/ld+json\" class=\"yoast-schema-graph\">{\"@context\":\"https:\/\/schema.org\",\"@graph\":[{\"@type\":\"WebPage\",\"@id\":\"https:\/\/sxflightcase.com\/zh_hk\/\u7522\u54c1\/6u-\u6a5f\u7bb1\/\",\"url\":\"https:\/\/sxflightcase.com\/zh_hk\/\u7522\u54c1\/6u-\u6a5f\u7bb1\/\",\"name\":\"FP 6u Flight Case - https:\/\/sxflightcase.com \ud83d\udc97\",\"isPartOf\":{\"@id\":\"https:\/\/sxflightcase.com\/th\/#website\"},\"primaryImageOfPage\":{\"@id\":\"https:\/\/sxflightcase.com\/zh_hk\/\u7522\u54c1\/6u-\u6a5f\u7bb1\/#primaryimage\"},\"image\":{\"@id\":\"https:\/\/sxflightcase.com\/zh_hk\/\u7522\u54c1\/6u-\u6a5f\u7bb1\/#primaryimage\"},\"thumbnailUrl\":\"https:\/\/sxflightcase.com\/wp-content\/uploads\/2024\/05\/6u-flight-case49558055117.webp\",\"datePublished\":\"2024-05-10T02:49:46+00:00\",\"dateModified\":\"2024-07-16T01:59:52+00:00\",\"description\":\"6u Flight Case: Explore our factory-direct options for professional customization, ensuring optimal organization and protection of your equipment.\",\"breadcrumb\":{\"@id\":\"https:\/\/sxflightcase.com\/zh_hk\/\u7522\u54c1\/6u-\u6a5f\u7bb1\/#breadcrumb\"},\"inLanguage\":\"hu\",\"potentialAction\":[{\"@type\":\"ReadAction\",\"target\":[\"https:\/\/sxflightcase.com\/zh_hk\/\u7522\u54c1\/6u-\u6a5f\u7bb1\/\"]}]},{\"@type\":\"ImageObject\",\"inLanguage\":\"hu\",\"@id\":\"https:\/\/sxflightcase.com\/zh_hk\/\u7522\u54c1\/6u-\u6a5f\u7bb1\/#primaryimage\",\"url\":\"https:\/\/sxflightcase.com\/wp-content\/uploads\/2024\/05\/6u-flight-case49558055117.webp\",\"contentUrl\":\"https:\/\/sxflightcase.com\/wp-content\/uploads\/2024\/05\/6u-flight-case49558055117.webp\",\"width\":750,\"height\":750,\"caption\":\"6u Flight Case\"},{\"@type\":\"BreadcrumbList\",\"@id\":\"https:\/\/sxflightcase.com\/zh_hk\/\u7522\u54c1\/6u-\u6a5f\u7bb1\/#breadcrumb\",\"itemListElement\":[{\"@type\":\"ListItem\",\"position\":1,\"name\":\"Home\",\"item\":\"https:\/\/sxflightcase.com\/\"},{\"@type\":\"ListItem\",\"position\":2,\"name\":\"\u0e2a\u0e34\u0e19\u0e04\u0e49\u0e32\",\"item\":\"https:\/\/sxflightcase.com\/th\/shop\/\"},{\"@type\":\"ListItem\",\"position\":3,\"name\":\"FP 6u Flight Case\"}]},{\"@type\":\"WebSite\",\"@id\":\"https:\/\/sxflightcase.com\/th\/#website\",\"url\":\"https:\/\/sxflightcase.com\/th\/\",\"name\":\"sxpowercase.com\",\"description\":\"Flight Case Factory\",\"publisher\":{\"@id\":\"https:\/\/sxflightcase.com\/th\/#organization\"},\"potentialAction\":[{\"@type\":\"SearchAction\",\"target\":{\"@type\":\"EntryPoint\",\"urlTemplate\":\"https:\/\/sxflightcase.com\/th\/?s={search_term_string}\"},\"query-input\":{\"@type\":\"PropertyValueSpecification\",\"valueRequired\":true,\"valueName\":\"search_term_string\"}}],\"inLanguage\":\"hu\"},{\"@type\":\"Organization\",\"@id\":\"https:\/\/sxflightcase.com\/th\/#organization\",\"name\":\"sxpowercase.com\",\"url\":\"https:\/\/sxflightcase.com\/th\/\",\"logo\":{\"@type\":\"ImageObject\",\"inLanguage\":\"hu\",\"@id\":\"https:\/\/sxflightcase.com\/th\/#\/schema\/logo\/image\/\",\"url\":\"https:\/\/sxflightcase.com\/wp-content\/uploads\/2024\/04\/1713919036007.jpg\",\"contentUrl\":\"https:\/\/sxflightcase.com\/wp-content\/uploads\/2024\/04\/1713919036007.jpg\",\"width\":382,\"height\":388,\"caption\":\"sxpowercase.com\"},\"image\":{\"@id\":\"https:\/\/sxflightcase.com\/th\/#\/schema\/logo\/image\/\"},\"sameAs\":[\"https:\/\/www.facebook.com\/profile.php?id=61560407257971\"],\"numberOfEmployees\":{\"@type\":\"QuantitativeValue\",\"minValue\":\"11\",\"maxValue\":\"50\"}}]}<\/script>\n<!-- \/ Yoast SEO Premium plugin. -->","yoast_head_json":{"title":"FP 6u Flight Case - https:\/\/sxflightcase.com \ud83d\udc97","description":"6u Flight Case: Fedezze fel gy\u00e1ri k\u00f6zvetlen lehet\u0151s\u00e9geinket a professzion\u00e1lis testreszab\u00e1shoz, biztos\u00edtva a berendez\u00e9sek optim\u00e1lis szervez\u00e9s\u00e9t \u00e9s v\u00e9delm\u00e9t.","robots":{"index":"index","follow":"follow","max-snippet":"max-snippet:-1","max-image-preview":"max-image-preview:large","max-video-preview":"max-video-preview:-1"},"canonical":"https:\/\/sxflightcase.com\/hu\/\u7522\u54c1\/6u-\u6a5f\u7bb1\/","og_locale":"hu_HU","og_type":"article","og_title":"FP 6u Flight Case","og_description":"6u Flight Case: Explore our factory-direct options for professional customization, ensuring optimal organization and protection of your equipment.","og_url":"https:\/\/sxflightcase.com\/hu\/\u7522\u54c1\/6u-\u6a5f\u7bb1\/","og_site_name":"https:\/\/sxflightcase.com","article_publisher":"https:\/\/www.facebook.com\/profile.php?id=61560407257971","article_modified_time":"2024-07-16T01:59:52+00:00","og_image":[{"width":750,"height":750,"url":"https:\/\/sxflightcase.com\/wp-content\/uploads\/2024\/05\/6u-flight-case49558055117.webp","type":"image\/webp"}],"twitter_card":"summary_large_image","twitter_misc":{"Becs\u00fclt olvas\u00e1si id\u0151":"4 perc"},"schema":{"@context":"https:\/\/schema.org","@graph":[{"@type":"WebPage","@id":"https:\/\/sxflightcase.com\/zh_hk\/\u7522\u54c1\/6u-\u6a5f\u7bb1\/","url":"https:\/\/sxflightcase.com\/zh_hk\/\u7522\u54c1\/6u-\u6a5f\u7bb1\/","name":"FP 6u Flight Case - https:\/\/sxflightcase.com \ud83d\udc97","isPartOf":{"@id":"https:\/\/sxflightcase.com\/th\/#website"},"primaryImageOfPage":{"@id":"https:\/\/sxflightcase.com\/zh_hk\/\u7522\u54c1\/6u-\u6a5f\u7bb1\/#primaryimage"},"image":{"@id":"https:\/\/sxflightcase.com\/zh_hk\/\u7522\u54c1\/6u-\u6a5f\u7bb1\/#primaryimage"},"thumbnailUrl":"https:\/\/sxflightcase.com\/wp-content\/uploads\/2024\/05\/6u-flight-case49558055117.webp","datePublished":"2024-05-10T02:49:46+00:00","dateModified":"2024-07-16T01:59:52+00:00","description":"6u Flight Case: Fedezze fel gy\u00e1ri k\u00f6zvetlen lehet\u0151s\u00e9geinket a professzion\u00e1lis testreszab\u00e1shoz, biztos\u00edtva a berendez\u00e9sek optim\u00e1lis szervez\u00e9s\u00e9t \u00e9s v\u00e9delm\u00e9t.","breadcrumb":{"@id":"https:\/\/sxflightcase.com\/zh_hk\/\u7522\u54c1\/6u-\u6a5f\u7bb1\/#breadcrumb"},"inLanguage":"hu","potentialAction":[{"@type":"ReadAction","target":["https:\/\/sxflightcase.com\/zh_hk\/\u7522\u54c1\/6u-\u6a5f\u7bb1\/"]}]},{"@type":"ImageObject","inLanguage":"hu","@id":"https:\/\/sxflightcase.com\/zh_hk\/\u7522\u54c1\/6u-\u6a5f\u7bb1\/#primaryimage","url":"https:\/\/sxflightcase.com\/wp-content\/uploads\/2024\/05\/6u-flight-case49558055117.webp","contentUrl":"https:\/\/sxflightcase.com\/wp-content\/uploads\/2024\/05\/6u-flight-case49558055117.webp","width":750,"height":750,"caption":"6u Flight Case"},{"@type":"BreadcrumbList","@id":"https:\/\/sxflightcase.com\/zh_hk\/\u7522\u54c1\/6u-\u6a5f\u7bb1\/#breadcrumb","itemListElement":[{"@type":"ListItem","position":1,"name":"Home","item":"https:\/\/sxflightcase.com\/"},{"@type":"ListItem","position":2,"name":"\u0e2a\u0e34\u0e19\u0e04\u0e49\u0e32","item":"https:\/\/sxflightcase.com\/th\/shop\/"},{"@type":"ListItem","position":3,"name":"FP 6u Flight Case"}]},{"@type":"WebSite","@id":"https:\/\/sxflightcase.com\/th\/#website","url":"https:\/\/sxflightcase.com\/th\/","name":"sxpowercase.com","description":"Flight Case Factory","publisher":{"@id":"https:\/\/sxflightcase.com\/th\/#organization"},"potentialAction":[{"@type":"SearchAction","target":{"@type":"EntryPoint","urlTemplate":"https:\/\/sxflightcase.com\/th\/?s={search_term_string}"},"query-input":{"@type":"PropertyValueSpecification","valueRequired":true,"valueName":"search_term_string"}}],"inLanguage":"hu"},{"@type":"Organization","@id":"https:\/\/sxflightcase.com\/th\/#organization","name":"sxpowercase.com","url":"https:\/\/sxflightcase.com\/th\/","logo":{"@type":"ImageObject","inLanguage":"hu","@id":"https:\/\/sxflightcase.com\/th\/#\/schema\/logo\/image\/","url":"https:\/\/sxflightcase.com\/wp-content\/uploads\/2024\/04\/1713919036007.jpg","contentUrl":"https:\/\/sxflightcase.com\/wp-content\/uploads\/2024\/04\/1713919036007.jpg","width":382,"height":388,"caption":"sxpowercase.com"},"image":{"@id":"https:\/\/sxflightcase.com\/th\/#\/schema\/logo\/image\/"},"sameAs":["https:\/\/www.facebook.com\/profile.php?id=61560407257971"],"numberOfEmployees":{"@type":"QuantitativeValue","minValue":"11","maxValue":"50"}}]}},"_links":{"self":[{"href":"https:\/\/sxflightcase.com\/hu\/wp-json\/wp\/v2\/product\/1673","targetHints":{"allow":["GET"]}}],"collection":[{"href":"https:\/\/sxflightcase.com\/hu\/wp-json\/wp\/v2\/product"}],"about":[{"href":"https:\/\/sxflightcase.com\/hu\/wp-json\/wp\/v2\/types\/product"}],"replies":[{"embeddable":true,"href":"https:\/\/sxflightcase.com\/hu\/wp-json\/wp\/v2\/comments?post=1673"}],"version-history":[{"count":0,"href":"https:\/\/sxflightcase.com\/hu\/wp-json\/wp\/v2\/product\/1673\/revisions"}],"wp:featuredmedia":[{"embeddable":true,"href":"https:\/\/sxflightcase.com\/hu\/wp-json\/wp\/v2\/media\/1676"}],"wp:attachment":[{"href":"https:\/\/sxflightcase.com\/hu\/wp-json\/wp\/v2\/media?parent=1673"}],"wp:term":[{"taxonomy":"product_brand","embeddable":true,"href":"https:\/\/sxflightcase.com\/hu\/wp-json\/wp\/v2\/product_brand?post=1673"},{"taxonomy":"product_cat","embeddable":true,"href":"https:\/\/sxflightcase.com\/hu\/wp-json\/wp\/v2\/product_cat?post=1673"},{"taxonomy":"product_tag","embeddable":true,"href":"https:\/\/sxflightcase.com\/hu\/wp-json\/wp\/v2\/product_tag?post=1673"}],"curies":[{"name":"wp","href":"https:\/\/api.w.org\/{rel}","templated":true}]}}