{"id":1678,"date":"2024-05-10T03:52:10","date_gmt":"2024-05-10T02:52:10","guid":{"rendered":"https:\/\/sxpowercase.com\/?post_type=product&#038;p=1678"},"modified":"2024-07-16T02:59:52","modified_gmt":"2024-07-16T01:59:52","slug":"2u-flight-case","status":"publish","type":"product","link":"https:\/\/sxflightcase.com\/hu\/termek\/2u-repulo-tok\/","title":{"rendered":"FP 2u Flight Case"},"content":{"rendered":"<p><strong>Term\u00e9k param\u00e9ter (specifik\u00e1ci\u00f3)<\/strong><\/p>\n<section class=\"table-wrap\">\n<table class=\"table\" width=\"100%\" cellspacing=\"0\" cellpadding=\"0\">\n<tbody>\n<tr class=\"firstRow\">\n<td width=\"134\">A term\u00e9k neve:<\/td>\n<td width=\"503\">2u rep\u00fcl\u0151 tok<\/td>\n<\/tr>\n<tr>\n<td width=\"134\">Anyag:<\/td>\n<td width=\"503\">9mm r\u00e9tegelt lemez + Kr\u00f3mozott\/horganyzott hardver + Alum\u00ednium extrud\u00e1l\u00e1s<\/td>\n<\/tr>\n<tr>\n<td width=\"134\">Habszivacs b\u00e9l\u00e9s:<\/td>\n<td width=\"503\">Gy\u00f6ngyhab \/EVA hab \/ toj\u00e1shab stb...rendszeres vagy k\u00e9r\u00e9s szerint<\/td>\n<\/tr>\n<tr>\n<td width=\"134\">Sz\u00edn:<\/td>\n<td width=\"503\">Fekete (alap\u00e9rtelmezett sz\u00edn), piros, k\u00e9k, narancs, s\u00e1rga, z\u00f6ld, stb...<\/td>\n<\/tr>\n<tr>\n<td width=\"134\">\u00c1tfut\u00e1si id\u0151:<\/td>\n<td width=\"503\">Minta rendel\u00e9s 3 nap, norm\u00e1l rendel\u00e9s 7-15 nap<\/td>\n<\/tr>\n<tr>\n<td width=\"134\">M\u00e9ret:<\/td>\n<td width=\"503\">A berendez\u00e9s m\u00e9ret\u00e9t\u0151l f\u00fcgg<\/td>\n<\/tr>\n<\/tbody>\n<\/table>\n<\/section>\n<h1>SX 2U Flight Case: Kompakt v\u00e9delem a felszerel\u00e9s\u00e9nek<\/h1>\n<h2>Megb\u00edzhat\u00f3 \u00e9s kompakt<\/h2>\n<p>\u00c9rt\u00e9kes berendez\u00e9sek sz\u00e1ll\u00edt\u00e1sa eset\u00e9n a t\u00e1ska m\u00e9rete \u00e9s tart\u00f3ss\u00e1ga sz\u00e1m\u00edt. A <a href=\"https:\/\/sxpowercase.com\/\" target=\"_blank\" rel=\"noopener\" title=\"SX\" data-wpil-monitor-id=\"472\">SX<\/a> A 2U Flight Case a kompakt kialak\u00edt\u00e1s \u00e9s a robusztus v\u00e9delem t\u00f6k\u00e9letes egyens\u00faly\u00e1t k\u00edn\u00e1lja. Ide\u00e1lis zen\u00e9szek, DJ-k \u00e9s hangm\u00e9rn\u00f6k\u00f6k sz\u00e1m\u00e1ra, ez a tok gondoskodik arr\u00f3l, hogy felszerel\u00e9se biztons\u00e1gban legyen, b\u00e1rhov\u00e1 is viszi a munk\u00e1ja.<\/p>\n<h2>Gy\u00e1ri k\u00f6zvetlen \u00e9rt\u00e9kes\u00edt\u00e9s a maxim\u00e1lis megtakar\u00edt\u00e1s\u00e9rt<\/h2>\n<h3>P\u00e1ratlan \u00e9rt\u00e9k<\/h3>\n<p>Az SX hisz abban, hogy kiv\u00e1l\u00f3 min\u0151s\u00e9g\u0171 term\u00e9keket sz\u00e1ll\u00edt verhetetlen \u00e1ron. A gy\u00e1ri k\u00f6zvetlen \u00e9rt\u00e9kes\u00edt\u00e9s kihaszn\u00e1l\u00e1s\u00e1val kik\u00fcsz\u00f6b\u00f6lj\u00fck a k\u00f6zvet\u00edt\u0151ket, \u00e9s a 2U Flight Case-t k\u00f6lts\u00e9ghat\u00e9kony \u00e1ron k\u00edn\u00e1ljuk a min\u0151s\u00e9g rov\u00e1s\u00e1ra. Ez a megk\u00f6zel\u00edt\u00e9s biztos\u00edtja, hogy a legjobb \u00e9rt\u00e9ket kapja a befektet\u00e9s\u00e9\u00e9rt, \u00e9s seg\u00edt a k\u00f6lts\u00e9gvet\u00e9sen bel\u00fcl maradni, mik\u00f6zben biztos\u00edtja felszerel\u00e9s\u00e9t.<\/p>\n<h2>Testreszab\u00e1s az \u00d6n egyedi ig\u00e9nyeihez<\/h2>\n<h3>T\u00f6k\u00e9letess\u00e9gre szabva<\/h3>\n<p>Minden professzion\u00e1lis be\u00e1ll\u00edt\u00e1s egyedi, ez\u00e9rt az SX sz\u00e9lesk\u00f6r\u0171 testreszab\u00e1si lehet\u0151s\u00e9geket biztos\u00edt a 2U Flight Case sz\u00e1m\u00e1ra. Ak\u00e1r tov\u00e1bbi p\u00e1rn\u00e1z\u00e1sra, speci\u00e1lis rekeszekre vagy egyedi m\u00e9retekre van sz\u00fcks\u00e9ge, testreszab\u00e1si szolg\u00e1ltat\u00e1saink biztos\u00edtj\u00e1k, hogy a rep\u00fcl\u0151 tok pontosan megfeleljen az \u00d6n ig\u00e9nyeinek. V\u00e9dje berendez\u00e9seit egy olyan tokkal, amelyet csak az \u00d6n sz\u00e1m\u00e1ra terveztek.<\/p>\n<h2>N\u00f6velje szakmai im\u00e1zs\u00e1t<\/h2>\n<h3>Tart\u00f3s \u00e9s eleg\u00e1ns kialak\u00edt\u00e1s<\/h3>\n<p>Az SX 2U Flight Case nem csak kiv\u00e1l\u00f3 v\u00e9delmet ny\u00fajt, hanem a professzion\u00e1lis imidzs\u00e9t is er\u0151s\u00edti. Eleg\u00e1ns \u00e9s tart\u00f3s kialak\u00edt\u00e1sa t\u00fckr\u00f6zi a min\u0151s\u00e9g \u00e9s megb\u00edzhat\u00f3s\u00e1g ir\u00e1nti elk\u00f6telezetts\u00e9g\u00e9t. Ny\u0171g\u00f6zze le \u00fcgyfeleit \u00e9s koll\u00e9g\u00e1it egy olyan rep\u00fcl\u0151 tokkal, amely ugyanolyan j\u00f3l n\u00e9z ki, mint amilyen j\u00f3l teljes\u00edt, \u00e9s biztos\u00edtja, hogy felszerel\u00e9sei mindig a lehet\u0151 legjobb f\u00e9nyben t\u0171njenek fel.<\/p>\n<hr \/>\n<h2>Mi\u00e9rt v\u00e1lassza az SX-et?<\/h2>\n<p>Az SX 2U Flight Case v\u00e1laszt\u00e1sa olyan term\u00e9kbe val\u00f3 befektet\u00e9st jelent, amely egyes\u00edti a kiv\u00e1l\u00f3 v\u00e9delmet, a testreszabhat\u00f3s\u00e1got \u00e9s az \u00e9rt\u00e9ket. Gy\u00e1ri k\u00f6zvetlen \u00e9rt\u00e9kes\u00edt\u00e9si modell\u00fcnk \u00e9s a kiv\u00e1l\u00f3 min\u0151s\u00e9g\u0171 anyagok ir\u00e1nti elk\u00f6telezetts\u00e9g\u00fcnk garant\u00e1lja az \u00d6n ig\u00e9nyeinek megfelel\u0151 rep\u00fcl\u0151 tokot. Emelje fel v\u00e1llalkoz\u00e1s\u00e1t egy olyan rep\u00fcl\u0151t\u00e1sk\u00e1val, amely ellen\u00e1ll az utaz\u00e1s viszontags\u00e1gainak, mik\u00f6zben megmutatja professzionalizmus\u00e1t.<\/p>\n<p>L\u00e9pjen kapcsolatba vel\u00fcnk m\u00e9g ma, ha t\u00f6bbet szeretne megtudni 2U Flight Case-\u00fcnkr\u0151l, \u00e9s fedezze fel, hogy testreszab\u00e1si lehet\u0151s\u00e9geink milyen el\u0151ny\u00f6kkel j\u00e1rhatnak az \u00d6n sz\u00e1m\u00e1ra. B\u00edzzon az SX-ben minden rep\u00fcl\u0151t\u00e1sk\u00e1val kapcsolatos ig\u00e9ny\u00e9t illet\u0151en, \u00e9s tapasztalja meg a min\u0151s\u00e9g \u00e9s az \u00e9rt\u00e9k \u00e1ltal ny\u00fajtott k\u00fcl\u00f6nbs\u00e9get.<\/p>\n<p><strong>GYIK<\/strong><\/p>\n<p>K: \u00d6n kereskedelmi v\u00e1llalat vagy gy\u00e1rt\u00f3?<\/p>\n<p>V: Professzion\u00e1lis gy\u00e1rt\u00f3 vagyunk, amely ortop\u00e9diai \u00e9s sportterm\u00e9kekre szakosodott. \u00c9s k\u00f6zvetlen\u00fcl keresked\u00fcnk term\u00e9keinkkel \u00fcgyfeleinkkel.<\/p>\n<p>K: H\u00e1ny csomagol\u00e1sa van?<\/p>\n<p>V: H\u00e1rom csomagunk van, bele\u00e9rtve a kartondobozt, a bubor\u00e9kos zs\u00e1kot, az exportkartont zsugor\u00edtott pap\u00edrral csomagolva.<\/p>\n<p>K: Meg tudja csin\u00e1lni a saj\u00e1t csomagol\u00e1sunkat?<\/p>\n<p>V: Igen, \u00d6n csak megadja a csomagtervet, mi pedig elk\u00e9sz\u00edtj\u00fck, amit szeretne. A professzion\u00e1lis tervez\u0151 is seg\u00edthet a csomagol\u00e1s tervez\u00e9s\u00e9ben.<\/p>\n<p>Hot Tags: Alacsony \u00e1r, rakt\u00e1ron, ingyenes minta, t\u00e1p- \u00e9s jelk\u00e1bel, 16 Gauge 4 vezet\u0151 vezet\u00e9k, mikrofon \u00e1llv\u00e1ny tok, k\u00fclt\u00e9ri Led kijelz\u0151szekr\u00e9ny, Rack Mount, 19\" Rackmount Mixer Flight Cases\uff0celektromos disztr\u00f3 doboz, K\u00edna, besz\u00e1ll\u00edt\u00f3k, gy\u00e1r, testreszabott, nagykereskedelem, <span style=\"color: #993366;\"><a style=\"color: #993366;\" href=\"https:\/\/sxflightcase.com\/hu\/product-category\/all-product\/power-distribution-boxes\/\">t\u00e1pegys\u00e9gek<\/a>,\u00a0<a style=\"color: #993366;\" href=\"https:\/\/sxflightcase.com\/hu\/product-category\/all-product\/hoist-controllers\/\">t\u00e1pk\u00e1belek<\/a>,\u00a0<a style=\"color: #993366;\" href=\"https:\/\/sxflightcase.com\/hu\/product-category\/all-product\/hoist-controllers\/\">emel\u0151g\u00e9p-vez\u00e9rl\u0151k<\/a>,\u00a0<a style=\"color: #993366;\" href=\"https:\/\/sxflightcase.com\/hu\/product-category\/all-product\/flight-case\/\">rep\u00fcl\u00e9si esetek.<\/a><\/span><\/p>","protected":false},"excerpt":{"rendered":"<h1 class=\"prodetails-name\">2u Flight Case<\/h1>\n<p>2u rep\u00fcl\u00e9si tokot sz\u00e1ll\u00edtunk egyszer\u0171 kialak\u00edt\u00e1ssal, eleg\u00e1ns megjelen\u00e9ssel, k\u00e9nyelmes \u00e9s k\u00f6nny\u0171 haszn\u00e1latra.<\/p>\n<h2><strong>Termel\u00e9si bevezet\u00e9s<\/strong><\/h2>\n<p>Ez a 2u rep\u00fcl\u0151 tok a t\u00f6k\u00e9letes megold\u00e1s, ha a felszerel\u00e9seket rep\u00fcl\u0151re kell becsekkolni, vagy m\u00e1s m\u00f3don \u00fatra kell vinni. Ez a doboz kiv\u00e1l\u00f3an alkalmas audioeszk\u00f6z\u00f6k, kereskedelmi ki\u00e1ll\u00edt\u00e1sok, gy\u00e1rt\u00e1si felszerel\u00e9sek \u00e9s sok m\u00e1s egy\u00e9b c\u00e9lokra is. A szabv\u00e1nyos 19 h\u00fcvelykes m\u00e9ret abszol\u00fat hanger\u0151t biztos\u00edt, amivel le tudja telep\u00edteni a felszerel\u00e9s\u00e9t.<\/p>","protected":false},"featured_media":1679,"comment_status":"open","ping_status":"closed","template":"","meta":[],"product_brand":[],"product_cat":[35],"product_tag":[53],"class_list":{"0":"post-1678","1":"product","2":"type-product","3":"status-publish","4":"has-post-thumbnail","6":"product_cat-standard-rack-cases","7":"product_tag-fp","9":"first","10":"instock","11":"shipping-taxable","12":"product-type-simple"},"yoast_head":"<!-- This site is optimized with the Yoast SEO Premium plugin v27.1 (Yoast SEO v27.2) - https:\/\/yoast.com\/product\/yoast-seo-premium-wordpress\/ -->\n<title>FP 2u Flight Case - https:\/\/sxflightcase.com \ud83d\udc97<\/title>\n<meta name=\"description\" content=\"2u Flight Case: Explore our factory-direct options for professional customization, ensuring optimal organization and protection of your equipment.\" \/>\n<meta name=\"robots\" content=\"index, follow, max-snippet:-1, max-image-preview:large, max-video-preview:-1\" \/>\n<link rel=\"canonical\" href=\"https:\/\/sxflightcase.com\/hu\/produk\/2u-flight-case\/\" \/>\n<meta property=\"og:locale\" content=\"hu_HU\" \/>\n<meta property=\"og:type\" content=\"article\" \/>\n<meta property=\"og:title\" content=\"FP 2u Flight Case\" \/>\n<meta property=\"og:description\" content=\"2u Flight Case: Explore our factory-direct options for professional customization, ensuring optimal organization and protection of your equipment.\" \/>\n<meta property=\"og:url\" content=\"https:\/\/sxflightcase.com\/hu\/produk\/2u-flight-case\/\" \/>\n<meta property=\"og:site_name\" content=\"https:\/\/sxflightcase.com\" \/>\n<meta property=\"article:publisher\" content=\"https:\/\/www.facebook.com\/profile.php?id=61560407257971\" \/>\n<meta property=\"article:modified_time\" content=\"2024-07-16T01:59:52+00:00\" \/>\n<meta property=\"og:image\" content=\"https:\/\/sxflightcase.com\/wp-content\/uploads\/2024\/05\/2u-flight-case40424278055.webp\" \/>\n\t<meta property=\"og:image:width\" content=\"750\" \/>\n\t<meta property=\"og:image:height\" content=\"750\" \/>\n\t<meta property=\"og:image:type\" content=\"image\/webp\" \/>\n<meta name=\"twitter:card\" content=\"summary_large_image\" \/>\n<meta name=\"twitter:label1\" content=\"Becs\u00fclt olvas\u00e1si id\u0151\" \/>\n\t<meta name=\"twitter:data1\" content=\"4 perc\" \/>\n<script type=\"application\/ld+json\" class=\"yoast-schema-graph\">{\"@context\":\"https:\/\/schema.org\",\"@graph\":[{\"@type\":\"WebPage\",\"@id\":\"https:\/\/sxflightcase.com\/af\/produk\/2u-flight-case\/\",\"url\":\"https:\/\/sxflightcase.com\/af\/produk\/2u-flight-case\/\",\"name\":\"FP 2u Flight Case - https:\/\/sxflightcase.com \ud83d\udc97\",\"isPartOf\":{\"@id\":\"https:\/\/sxflightcase.com\/th\/#website\"},\"primaryImageOfPage\":{\"@id\":\"https:\/\/sxflightcase.com\/af\/produk\/2u-flight-case\/#primaryimage\"},\"image\":{\"@id\":\"https:\/\/sxflightcase.com\/af\/produk\/2u-flight-case\/#primaryimage\"},\"thumbnailUrl\":\"https:\/\/sxflightcase.com\/wp-content\/uploads\/2024\/05\/2u-flight-case40424278055.webp\",\"datePublished\":\"2024-05-10T02:52:10+00:00\",\"dateModified\":\"2024-07-16T01:59:52+00:00\",\"description\":\"2u Flight Case: Explore our factory-direct options for professional customization, ensuring optimal organization and protection of your equipment.\",\"breadcrumb\":{\"@id\":\"https:\/\/sxflightcase.com\/af\/produk\/2u-flight-case\/#breadcrumb\"},\"inLanguage\":\"hu\",\"potentialAction\":[{\"@type\":\"ReadAction\",\"target\":[\"https:\/\/sxflightcase.com\/af\/produk\/2u-flight-case\/\"]}]},{\"@type\":\"ImageObject\",\"inLanguage\":\"hu\",\"@id\":\"https:\/\/sxflightcase.com\/af\/produk\/2u-flight-case\/#primaryimage\",\"url\":\"https:\/\/sxflightcase.com\/wp-content\/uploads\/2024\/05\/2u-flight-case40424278055.webp\",\"contentUrl\":\"https:\/\/sxflightcase.com\/wp-content\/uploads\/2024\/05\/2u-flight-case40424278055.webp\",\"width\":750,\"height\":750,\"caption\":\"2u Flight Case\"},{\"@type\":\"BreadcrumbList\",\"@id\":\"https:\/\/sxflightcase.com\/af\/produk\/2u-flight-case\/#breadcrumb\",\"itemListElement\":[{\"@type\":\"ListItem\",\"position\":1,\"name\":\"Home\",\"item\":\"https:\/\/sxflightcase.com\/\"},{\"@type\":\"ListItem\",\"position\":2,\"name\":\"\u0e2a\u0e34\u0e19\u0e04\u0e49\u0e32\",\"item\":\"https:\/\/sxflightcase.com\/th\/shop\/\"},{\"@type\":\"ListItem\",\"position\":3,\"name\":\"FP 2u Flight Case\"}]},{\"@type\":\"WebSite\",\"@id\":\"https:\/\/sxflightcase.com\/th\/#website\",\"url\":\"https:\/\/sxflightcase.com\/th\/\",\"name\":\"sxpowercase.com\",\"description\":\"Flight Case Factory\",\"publisher\":{\"@id\":\"https:\/\/sxflightcase.com\/th\/#organization\"},\"potentialAction\":[{\"@type\":\"SearchAction\",\"target\":{\"@type\":\"EntryPoint\",\"urlTemplate\":\"https:\/\/sxflightcase.com\/th\/?s={search_term_string}\"},\"query-input\":{\"@type\":\"PropertyValueSpecification\",\"valueRequired\":true,\"valueName\":\"search_term_string\"}}],\"inLanguage\":\"hu\"},{\"@type\":\"Organization\",\"@id\":\"https:\/\/sxflightcase.com\/th\/#organization\",\"name\":\"sxpowercase.com\",\"url\":\"https:\/\/sxflightcase.com\/th\/\",\"logo\":{\"@type\":\"ImageObject\",\"inLanguage\":\"hu\",\"@id\":\"https:\/\/sxflightcase.com\/th\/#\/schema\/logo\/image\/\",\"url\":\"https:\/\/sxflightcase.com\/wp-content\/uploads\/2024\/04\/1713919036007.jpg\",\"contentUrl\":\"https:\/\/sxflightcase.com\/wp-content\/uploads\/2024\/04\/1713919036007.jpg\",\"width\":382,\"height\":388,\"caption\":\"sxpowercase.com\"},\"image\":{\"@id\":\"https:\/\/sxflightcase.com\/th\/#\/schema\/logo\/image\/\"},\"sameAs\":[\"https:\/\/www.facebook.com\/profile.php?id=61560407257971\"],\"numberOfEmployees\":{\"@type\":\"QuantitativeValue\",\"minValue\":\"11\",\"maxValue\":\"50\"}}]}<\/script>\n<!-- \/ Yoast SEO Premium plugin. -->","yoast_head_json":{"title":"FP 2u Flight Case - https:\/\/sxflightcase.com \ud83d\udc97","description":"2u Flight Case: Fedezze fel gy\u00e1ri k\u00f6zvetlen lehet\u0151s\u00e9geinket a professzion\u00e1lis testreszab\u00e1shoz, biztos\u00edtva a berendez\u00e9sek optim\u00e1lis szervez\u00e9s\u00e9t \u00e9s v\u00e9delm\u00e9t.","robots":{"index":"index","follow":"follow","max-snippet":"max-snippet:-1","max-image-preview":"max-image-preview:large","max-video-preview":"max-video-preview:-1"},"canonical":"https:\/\/sxflightcase.com\/hu\/produk\/2u-flight-case\/","og_locale":"hu_HU","og_type":"article","og_title":"FP 2u Flight Case","og_description":"2u Flight Case: Explore our factory-direct options for professional customization, ensuring optimal organization and protection of your equipment.","og_url":"https:\/\/sxflightcase.com\/hu\/produk\/2u-flight-case\/","og_site_name":"https:\/\/sxflightcase.com","article_publisher":"https:\/\/www.facebook.com\/profile.php?id=61560407257971","article_modified_time":"2024-07-16T01:59:52+00:00","og_image":[{"width":750,"height":750,"url":"https:\/\/sxflightcase.com\/wp-content\/uploads\/2024\/05\/2u-flight-case40424278055.webp","type":"image\/webp"}],"twitter_card":"summary_large_image","twitter_misc":{"Becs\u00fclt olvas\u00e1si id\u0151":"4 perc"},"schema":{"@context":"https:\/\/schema.org","@graph":[{"@type":"WebPage","@id":"https:\/\/sxflightcase.com\/af\/produk\/2u-flight-case\/","url":"https:\/\/sxflightcase.com\/af\/produk\/2u-flight-case\/","name":"FP 2u Flight Case - https:\/\/sxflightcase.com \ud83d\udc97","isPartOf":{"@id":"https:\/\/sxflightcase.com\/th\/#website"},"primaryImageOfPage":{"@id":"https:\/\/sxflightcase.com\/af\/produk\/2u-flight-case\/#primaryimage"},"image":{"@id":"https:\/\/sxflightcase.com\/af\/produk\/2u-flight-case\/#primaryimage"},"thumbnailUrl":"https:\/\/sxflightcase.com\/wp-content\/uploads\/2024\/05\/2u-flight-case40424278055.webp","datePublished":"2024-05-10T02:52:10+00:00","dateModified":"2024-07-16T01:59:52+00:00","description":"2u Flight Case: Fedezze fel gy\u00e1ri k\u00f6zvetlen lehet\u0151s\u00e9geinket a professzion\u00e1lis testreszab\u00e1shoz, biztos\u00edtva a berendez\u00e9sek optim\u00e1lis szervez\u00e9s\u00e9t \u00e9s v\u00e9delm\u00e9t.","breadcrumb":{"@id":"https:\/\/sxflightcase.com\/af\/produk\/2u-flight-case\/#breadcrumb"},"inLanguage":"hu","potentialAction":[{"@type":"ReadAction","target":["https:\/\/sxflightcase.com\/af\/produk\/2u-flight-case\/"]}]},{"@type":"ImageObject","inLanguage":"hu","@id":"https:\/\/sxflightcase.com\/af\/produk\/2u-flight-case\/#primaryimage","url":"https:\/\/sxflightcase.com\/wp-content\/uploads\/2024\/05\/2u-flight-case40424278055.webp","contentUrl":"https:\/\/sxflightcase.com\/wp-content\/uploads\/2024\/05\/2u-flight-case40424278055.webp","width":750,"height":750,"caption":"2u Flight Case"},{"@type":"BreadcrumbList","@id":"https:\/\/sxflightcase.com\/af\/produk\/2u-flight-case\/#breadcrumb","itemListElement":[{"@type":"ListItem","position":1,"name":"Home","item":"https:\/\/sxflightcase.com\/"},{"@type":"ListItem","position":2,"name":"\u0e2a\u0e34\u0e19\u0e04\u0e49\u0e32","item":"https:\/\/sxflightcase.com\/th\/shop\/"},{"@type":"ListItem","position":3,"name":"FP 2u Flight Case"}]},{"@type":"WebSite","@id":"https:\/\/sxflightcase.com\/th\/#website","url":"https:\/\/sxflightcase.com\/th\/","name":"sxpowercase.com","description":"Flight Case Factory","publisher":{"@id":"https:\/\/sxflightcase.com\/th\/#organization"},"potentialAction":[{"@type":"SearchAction","target":{"@type":"EntryPoint","urlTemplate":"https:\/\/sxflightcase.com\/th\/?s={search_term_string}"},"query-input":{"@type":"PropertyValueSpecification","valueRequired":true,"valueName":"search_term_string"}}],"inLanguage":"hu"},{"@type":"Organization","@id":"https:\/\/sxflightcase.com\/th\/#organization","name":"sxpowercase.com","url":"https:\/\/sxflightcase.com\/th\/","logo":{"@type":"ImageObject","inLanguage":"hu","@id":"https:\/\/sxflightcase.com\/th\/#\/schema\/logo\/image\/","url":"https:\/\/sxflightcase.com\/wp-content\/uploads\/2024\/04\/1713919036007.jpg","contentUrl":"https:\/\/sxflightcase.com\/wp-content\/uploads\/2024\/04\/1713919036007.jpg","width":382,"height":388,"caption":"sxpowercase.com"},"image":{"@id":"https:\/\/sxflightcase.com\/th\/#\/schema\/logo\/image\/"},"sameAs":["https:\/\/www.facebook.com\/profile.php?id=61560407257971"],"numberOfEmployees":{"@type":"QuantitativeValue","minValue":"11","maxValue":"50"}}]}},"_links":{"self":[{"href":"https:\/\/sxflightcase.com\/hu\/wp-json\/wp\/v2\/product\/1678","targetHints":{"allow":["GET"]}}],"collection":[{"href":"https:\/\/sxflightcase.com\/hu\/wp-json\/wp\/v2\/product"}],"about":[{"href":"https:\/\/sxflightcase.com\/hu\/wp-json\/wp\/v2\/types\/product"}],"replies":[{"embeddable":true,"href":"https:\/\/sxflightcase.com\/hu\/wp-json\/wp\/v2\/comments?post=1678"}],"version-history":[{"count":0,"href":"https:\/\/sxflightcase.com\/hu\/wp-json\/wp\/v2\/product\/1678\/revisions"}],"wp:featuredmedia":[{"embeddable":true,"href":"https:\/\/sxflightcase.com\/hu\/wp-json\/wp\/v2\/media\/1679"}],"wp:attachment":[{"href":"https:\/\/sxflightcase.com\/hu\/wp-json\/wp\/v2\/media?parent=1678"}],"wp:term":[{"taxonomy":"product_brand","embeddable":true,"href":"https:\/\/sxflightcase.com\/hu\/wp-json\/wp\/v2\/product_brand?post=1678"},{"taxonomy":"product_cat","embeddable":true,"href":"https:\/\/sxflightcase.com\/hu\/wp-json\/wp\/v2\/product_cat?post=1678"},{"taxonomy":"product_tag","embeddable":true,"href":"https:\/\/sxflightcase.com\/hu\/wp-json\/wp\/v2\/product_tag?post=1678"}],"curies":[{"name":"wp","href":"https:\/\/api.w.org\/{rel}","templated":true}]}}