{"id":1683,"date":"2024-05-10T03:55:38","date_gmt":"2024-05-10T02:55:38","guid":{"rendered":"https:\/\/sxpowercase.com\/?post_type=product&#038;p=1683"},"modified":"2024-07-16T02:59:51","modified_gmt":"2024-07-16T01:59:51","slug":"4u-flight-case","status":"publish","type":"product","link":"https:\/\/sxflightcase.com\/hu\/termek\/4u-repulo-tok\/","title":{"rendered":"FP 4u Flight Case"},"content":{"rendered":"<p><strong>Term\u00e9k param\u00e9ter (specifik\u00e1ci\u00f3)<\/strong><\/p>\n<section class=\"table-wrap\">\n<table class=\"table\" width=\"100%\" cellspacing=\"0\" cellpadding=\"0\">\n<tbody>\n<tr class=\"firstRow\">\n<td width=\"134\">A term\u00e9k neve:<\/td>\n<td width=\"503\">4u rep\u00fcl\u0151 tok<\/td>\n<\/tr>\n<tr>\n<td width=\"134\">Anyag:<\/td>\n<td width=\"503\">9mm r\u00e9tegelt lemez + Kr\u00f3mozott\/horganyzott hardver + Alum\u00ednium extrud\u00e1l\u00e1s<\/td>\n<\/tr>\n<tr>\n<td width=\"134\">Habszivacs b\u00e9l\u00e9s:<\/td>\n<td width=\"503\">Gy\u00f6ngyhab \/EVA hab \/ toj\u00e1shab stb...rendszeres vagy k\u00e9r\u00e9s szerint<\/td>\n<\/tr>\n<tr>\n<td width=\"134\">Sz\u00edn:<\/td>\n<td width=\"503\">Fekete (alap\u00e9rtelmezett sz\u00edn), piros, k\u00e9k, narancs, s\u00e1rga, z\u00f6ld, stb...<\/td>\n<\/tr>\n<tr>\n<td width=\"134\">\u00c1tfut\u00e1si id\u0151:<\/td>\n<td width=\"503\">Minta rendel\u00e9s 3 nap, norm\u00e1l rendel\u00e9s 7-15 nap<\/td>\n<\/tr>\n<tr>\n<td width=\"134\">M\u00e9ret:<\/td>\n<td width=\"503\">A berendez\u00e9s m\u00e9ret\u00e9t\u0151l f\u00fcgg<\/td>\n<\/tr>\n<\/tbody>\n<\/table>\n<\/section>\n<h1>SX 4U Flight Case: A v\u00e9gs\u0151 felszerel\u00e9s v\u00e9delme<\/h1>\n<h2>Megb\u00edzhat\u00f3 v\u00e9delem az \u00d6n berendez\u00e9seinek<\/h2>\n<p>Ha \u00e9rt\u00e9kes felszerel\u00e9s\u00e9nek sz\u00e1ll\u00edt\u00e1s\u00e1r\u00f3l van sz\u00f3, a megb\u00edzhat\u00f3s\u00e1g kulcsfontoss\u00e1g\u00fa. A <a title=\"SX\" href=\"https:\/\/sxpowercase.com\/\" target=\"_blank\" rel=\"noopener\" data-wpil-monitor-id=\"471\">SX<\/a> A 4U Flight Case p\u00e1ratlan v\u00e9delmet ny\u00fajt, \u00edgy biztos\u00edtva, hogy eszk\u00f6zei biztons\u00e1gban maradjanak sz\u00e1ll\u00edt\u00e1s k\u00f6zben. Ez a tart\u00f3s anyagokb\u00f3l k\u00e9sz\u00fclt rep\u00fcl\u0151 tok a legkem\u00e9nyebb k\u00f6r\u00fclm\u00e9nyeknek is ellen\u00e1ll, \u00e9s nyugalmat biztos\u00edt a zen\u00e9szek, hangm\u00e9rn\u00f6k\u00f6k \u00e9s rendezv\u00e9nyekkel foglalkoz\u00f3 szakemberek sz\u00e1m\u00e1ra.<\/p>\n<h2>Gy\u00e1ri k\u00f6zvetlen \u00e9rt\u00e9kes\u00edt\u00e9s a verhetetlen \u00e9rt\u00e9k\u00e9rt<\/h2>\n<h3>Min\u0151s\u00e9g versenyk\u00e9pes \u00e1ron<\/h3>\n<p>Az SX-n\u00e9l b\u00fcszk\u00e9k vagyunk arra, hogy kiv\u00e1l\u00f3 min\u0151s\u00e9g\u0171 term\u00e9keket k\u00edn\u00e1lunk versenyk\u00e9pes \u00e1ron. A gy\u00e1ri k\u00f6zvetlen \u00e9rt\u00e9kes\u00edt\u00e9ssel kiv\u00e1gjuk a k\u00f6zvet\u00edt\u0151ket, \u00edgy a 4U Flight Case-et kiv\u00e9teles \u00e1ron k\u00edn\u00e1lhatjuk. Ez a megk\u00f6zel\u00edt\u00e9s nemcsak p\u00e9nzt takar\u00edt meg \u00d6nnek, hanem garant\u00e1lja azt is, hogy olyan term\u00e9ket kap, amely megfelel a szigor\u00fa min\u0151s\u00e9gi szabv\u00e1nyainknak.<\/p>\n<h2>Testreszab\u00e1s az \u00d6n ig\u00e9nyeihez<\/h2>\n<h3>Szem\u00e9lyre szabott megold\u00e1sok minden szakember sz\u00e1m\u00e1ra<\/h3>\n<p>Minden professzion\u00e1lis be\u00e1ll\u00edt\u00e1s egyedi, ez\u00e9rt az SX sz\u00e9lesk\u00f6r\u0171 testreszab\u00e1si szolg\u00e1ltat\u00e1sokat k\u00edn\u00e1l a 4U Flight Case-\u00fcnkh\u00f6z. Ak\u00e1r k\u00fcl\u00f6nleges m\u00e9retekre, kieg\u00e9sz\u00edt\u0151 p\u00e1rn\u00e1z\u00e1sra vagy egyedi rekeszekre van sz\u00fcks\u00e9ge, rep\u00fcl\u0151t\u00e1sk\u00e1inkat az \u00d6n pontos ig\u00e9nyeihez tudjuk igaz\u00edtani. C\u00e9lunk, hogy olyan megold\u00e1st k\u00edn\u00e1ljunk, amely t\u00f6k\u00e9letesen illeszkedik a felszerel\u00e9s\u00e9hez, optim\u00e1lis v\u00e9delmet \u00e9s szervez\u00e9st biztos\u00edtva.<\/p>\n<h2>N\u00f6velje szakmai im\u00e1zs\u00e1t<\/h2>\n<h3>Tart\u00f3s \u00e9s st\u00edlusos kialak\u00edt\u00e1s<\/h3>\n<p>Az SX 4U Flight Case haszn\u00e1lat\u00e1val nem csak a felszerel\u00e9s\u00e9t v\u00e9di, hanem a professzion\u00e1lis im\u00e1zs\u00e1t is jav\u00edtja. Rep\u00fcl\u0151 tokjaink karcs\u00fa \u00e9s robusztus kialak\u00edt\u00e1sa megmutatja a min\u0151s\u00e9g \u00e9s megb\u00edzhat\u00f3s\u00e1g ir\u00e1nti elk\u00f6telezetts\u00e9g\u00e9t. Ny\u0171g\u00f6zze le \u00fcgyfeleit \u00e9s koll\u00e9g\u00e1it egy olyan rep\u00fcl\u0151 tokkal, amely ugyanolyan j\u00f3l n\u00e9z ki, mint amilyen j\u00f3l teljes\u00edt, \u00e9s biztos\u00edtja, hogy felszerel\u00e9se biztons\u00e1gosan \u00e9s st\u00edlusosan \u00e9rkezzen meg.<\/p>\n<hr \/>\n<h2>Mi\u00e9rt v\u00e1lassza az SX-et?<\/h2>\n<p>Az SX 4U Flight Case v\u00e1laszt\u00e1sa olyan term\u00e9kbe val\u00f3 befektet\u00e9st jelent, amely kiv\u00e1l\u00f3 v\u00e9delmet, testreszabhat\u00f3s\u00e1got \u00e9s \u00e9rt\u00e9ket biztos\u00edt. A gy\u00e1ri k\u00f6zvetlen \u00e9rt\u00e9kes\u00edt\u00e9s \u00e9s a kiv\u00e1l\u00f3 min\u0151s\u00e9g\u0171 anyagok ir\u00e1nti elk\u00f6telezetts\u00e9g\u00fcnk biztos\u00edtja, hogy az \u00d6n ig\u00e9nyeinek legmegfelel\u0151bb term\u00e9ket kapja. Emelje fel v\u00e1llalkoz\u00e1s\u00e1t egy olyan rep\u00fcl\u0151t\u00e1sk\u00e1val, amely ellen\u00e1ll az utaz\u00e1s viszontags\u00e1gainak, \u00e9s bemutatja professzionalizmus\u00e1t.<\/p>\n<p>L\u00e9pjen kapcsolatba vel\u00fcnk m\u00e9g ma, ha t\u00f6bbet szeretne megtudni 4U Flight Case-\u00fcnkr\u0151l \u00e9s arr\u00f3l, hogy testreszab\u00e1si lehet\u0151s\u00e9geink milyen el\u0151ny\u00f6kkel j\u00e1rhatnak az \u00d6n sz\u00e1m\u00e1ra. B\u00edzzon az SX-ben minden rep\u00fcl\u0151t\u00e1sk\u00e1val kapcsolatos ig\u00e9ny\u00e9t illet\u0151en, \u00e9s tapasztalja meg, hogy a min\u0151s\u00e9g \u00e9s az \u00e9rt\u00e9k milyen k\u00fcl\u00f6nbs\u00e9get jelenthet.<\/p>\n<p><strong>GYIK<\/strong><\/p>\n<p>K: \u00d6n kereskedelmi v\u00e1llalat vagy gy\u00e1rt\u00f3?<\/p>\n<p>V: Professzion\u00e1lis gy\u00e1rt\u00f3 vagyunk, amely a rep\u00fcl\u00e9si tok \u00e9s az energiaeloszt\u00f3 term\u00e9kek gy\u00e1rt\u00e1s\u00e1ra szakosodott. \u00c9s k\u00f6zvetlen\u00fcl keresked\u00fcnk term\u00e9keinkkel \u00fcgyfeleinkkel.<\/p>\n<p>K: Meg tudja csin\u00e1lni az OEM \u00e9s az ODM?<\/p>\n<p>V: Igen, az OEM \u00e9s az ODM egyar\u00e1nt elfogadhat\u00f3. Az anyag, a sz\u00edn, a st\u00edlus testre szabhat\u00f3, az alapmennyis\u00e9get megvitat\u00e1s ut\u00e1n tan\u00e1csot adunk.<\/p>\n<p>K: Haszn\u00e1lhatjuk saj\u00e1t log\u00f3nkat?<\/p>\n<p>V: Igen, nyomtathatunk saj\u00e1t log\u00f3t az \u00d6n k\u00e9r\u00e9s\u00e9nek megfelel\u0151en.<\/p>\n<p>Hot Tags: Alacsony \u00e1r, rakt\u00e1ron, ingyenes minta, t\u00e1p- \u00e9s jelk\u00e1bel, 16 Gauge 4 vezet\u0151 vezet\u00e9k, mikrofon \u00e1llv\u00e1ny tok, k\u00fclt\u00e9ri Led kijelz\u0151szekr\u00e9ny, Rack Mount, 19\" Rackmount Mixer Flight Cases\uff0celektromos disztr\u00f3 doboz, K\u00edna, besz\u00e1ll\u00edt\u00f3k, gy\u00e1r, testreszabott, nagykereskedelem, <span style=\"color: #993366;\"><a style=\"color: #993366;\" href=\"https:\/\/sxflightcase.com\/hu\/product-category\/all-product\/power-distribution-boxes\/\">t\u00e1pegys\u00e9gek<\/a>,\u00a0<a style=\"color: #993366;\" href=\"https:\/\/sxflightcase.com\/hu\/product-category\/all-product\/hoist-controllers\/\">t\u00e1pk\u00e1belek<\/a>,\u00a0<a style=\"color: #993366;\" href=\"https:\/\/sxflightcase.com\/hu\/product-category\/all-product\/hoist-controllers\/\">emel\u0151g\u00e9p-vez\u00e9rl\u0151k<\/a>,\u00a0<a style=\"color: #993366;\" href=\"https:\/\/sxflightcase.com\/hu\/product-category\/all-product\/flight-case\/\">rep\u00fcl\u00e9si esetek.<\/a><\/span><\/p>","protected":false},"excerpt":{"rendered":"<h2 class=\"prodetails-name\">4u Flight Case<\/h2>\n<p>A 4u rep\u00fcl\u0151 tokkal megb\u00edzhat\u00f3 v\u00e9delmet ny\u00fajtunk a dr\u00e1ga felszerel\u00e9sek \u00e9s berendez\u00e9sek sz\u00e1m\u00e1ra haszn\u00e1lat, csomagol\u00e1s, t\u00e1rol\u00e1s \u00e9s sz\u00e1ll\u00edt\u00e1s sor\u00e1n.<\/p>\n<h2><strong>Termel\u00e9si bevezet\u00e9s<\/strong><\/h2>\n<p>Ezt a 4u Flight Case-t kiv\u00e1l\u00f3 min\u0151s\u00e9g\u0171 anyagok, nagy teherb\u00edr\u00e1s\u00fa ac\u00e9l rackszalag \u00e9s opcion\u00e1lis funkci\u00f3k, p\u00e9ld\u00e1ul g\u00f6rg\u0151k, cs\u00faszk\u00e1k, c\u00edmket\u00e1lca \u00e9s fed\u00e9lm\u00e9lys\u00e9g felhaszn\u00e1l\u00e1s\u00e1val tervezt\u00e9k, t\u00f6k\u00e9letes rackbe szerelhet\u0151 berendez\u00e9sekkel, p\u00e9ld\u00e1ul PA-er\u0151s\u00edt\u0151kkel, processzorokkal, rackfi\u00f3kokkal \u00e9s effektg\u00e9pekkel val\u00f3 felt\u00f6lt\u00e9shez.<\/p>","protected":false},"featured_media":1684,"comment_status":"open","ping_status":"closed","template":"","meta":[],"product_brand":[],"product_cat":[35],"product_tag":[53],"class_list":{"0":"post-1683","1":"product","2":"type-product","3":"status-publish","4":"has-post-thumbnail","6":"product_cat-standard-rack-cases","7":"product_tag-fp","9":"first","10":"instock","11":"shipping-taxable","12":"product-type-simple"},"yoast_head":"<!-- This site is optimized with the Yoast SEO Premium plugin v27.1 (Yoast SEO v27.2) - https:\/\/yoast.com\/product\/yoast-seo-premium-wordpress\/ -->\n<title>FP 4u Flight Case Manufacture - https:\/\/sxflightcase.com<\/title>\n<meta name=\"description\" content=\"4u Flight Case Manufacture: Discover our factory-direct options for professional-grade equipment protection and organization.\" \/>\n<meta name=\"robots\" content=\"index, follow, max-snippet:-1, max-image-preview:large, max-video-preview:-1\" \/>\n<link rel=\"canonical\" href=\"https:\/\/sxflightcase.com\/hu\/produkt\/4u-flight-case\/\" \/>\n<meta property=\"og:locale\" content=\"hu_HU\" \/>\n<meta property=\"og:type\" content=\"article\" \/>\n<meta property=\"og:title\" content=\"FP 4u Flight Case\" \/>\n<meta property=\"og:description\" content=\"4u Flight Case Manufacture: Discover our factory-direct options for professional-grade equipment protection and organization.\" \/>\n<meta property=\"og:url\" content=\"https:\/\/sxflightcase.com\/hu\/produkt\/4u-flight-case\/\" \/>\n<meta property=\"og:site_name\" content=\"https:\/\/sxflightcase.com\" \/>\n<meta property=\"article:publisher\" content=\"https:\/\/www.facebook.com\/profile.php?id=61560407257971\" \/>\n<meta property=\"article:modified_time\" content=\"2024-07-16T01:59:51+00:00\" \/>\n<meta property=\"og:image\" content=\"https:\/\/sxflightcase.com\/wp-content\/uploads\/2024\/05\/4u-flight-case14545683226.webp\" \/>\n\t<meta property=\"og:image:width\" content=\"750\" \/>\n\t<meta property=\"og:image:height\" content=\"750\" \/>\n\t<meta property=\"og:image:type\" content=\"image\/webp\" \/>\n<meta name=\"twitter:card\" content=\"summary_large_image\" \/>\n<meta name=\"twitter:label1\" content=\"Becs\u00fclt olvas\u00e1si id\u0151\" \/>\n\t<meta name=\"twitter:data1\" content=\"4 perc\" \/>\n<script type=\"application\/ld+json\" class=\"yoast-schema-graph\">{\"@context\":\"https:\/\/schema.org\",\"@graph\":[{\"@type\":\"WebPage\",\"@id\":\"https:\/\/sxflightcase.com\/da\/produkt\/4u-flight-case\/\",\"url\":\"https:\/\/sxflightcase.com\/da\/produkt\/4u-flight-case\/\",\"name\":\"FP 4u Flight Case Manufacture - https:\/\/sxflightcase.com\",\"isPartOf\":{\"@id\":\"https:\/\/sxflightcase.com\/th\/#website\"},\"primaryImageOfPage\":{\"@id\":\"https:\/\/sxflightcase.com\/da\/produkt\/4u-flight-case\/#primaryimage\"},\"image\":{\"@id\":\"https:\/\/sxflightcase.com\/da\/produkt\/4u-flight-case\/#primaryimage\"},\"thumbnailUrl\":\"https:\/\/sxflightcase.com\/wp-content\/uploads\/2024\/05\/4u-flight-case14545683226.webp\",\"datePublished\":\"2024-05-10T02:55:38+00:00\",\"dateModified\":\"2024-07-16T01:59:51+00:00\",\"description\":\"4u Flight Case Manufacture: Discover our factory-direct options for professional-grade equipment protection and organization.\",\"breadcrumb\":{\"@id\":\"https:\/\/sxflightcase.com\/da\/produkt\/4u-flight-case\/#breadcrumb\"},\"inLanguage\":\"hu\",\"potentialAction\":[{\"@type\":\"ReadAction\",\"target\":[\"https:\/\/sxflightcase.com\/da\/produkt\/4u-flight-case\/\"]}]},{\"@type\":\"ImageObject\",\"inLanguage\":\"hu\",\"@id\":\"https:\/\/sxflightcase.com\/da\/produkt\/4u-flight-case\/#primaryimage\",\"url\":\"https:\/\/sxflightcase.com\/wp-content\/uploads\/2024\/05\/4u-flight-case14545683226.webp\",\"contentUrl\":\"https:\/\/sxflightcase.com\/wp-content\/uploads\/2024\/05\/4u-flight-case14545683226.webp\",\"width\":750,\"height\":750,\"caption\":\"4u Flight Case\"},{\"@type\":\"BreadcrumbList\",\"@id\":\"https:\/\/sxflightcase.com\/da\/produkt\/4u-flight-case\/#breadcrumb\",\"itemListElement\":[{\"@type\":\"ListItem\",\"position\":1,\"name\":\"Home\",\"item\":\"https:\/\/sxflightcase.com\/\"},{\"@type\":\"ListItem\",\"position\":2,\"name\":\"\u0e2a\u0e34\u0e19\u0e04\u0e49\u0e32\",\"item\":\"https:\/\/sxflightcase.com\/th\/shop\/\"},{\"@type\":\"ListItem\",\"position\":3,\"name\":\"FP 4u Flight Case\"}]},{\"@type\":\"WebSite\",\"@id\":\"https:\/\/sxflightcase.com\/th\/#website\",\"url\":\"https:\/\/sxflightcase.com\/th\/\",\"name\":\"sxpowercase.com\",\"description\":\"Flight Case Factory\",\"publisher\":{\"@id\":\"https:\/\/sxflightcase.com\/th\/#organization\"},\"potentialAction\":[{\"@type\":\"SearchAction\",\"target\":{\"@type\":\"EntryPoint\",\"urlTemplate\":\"https:\/\/sxflightcase.com\/th\/?s={search_term_string}\"},\"query-input\":{\"@type\":\"PropertyValueSpecification\",\"valueRequired\":true,\"valueName\":\"search_term_string\"}}],\"inLanguage\":\"hu\"},{\"@type\":\"Organization\",\"@id\":\"https:\/\/sxflightcase.com\/th\/#organization\",\"name\":\"sxpowercase.com\",\"url\":\"https:\/\/sxflightcase.com\/th\/\",\"logo\":{\"@type\":\"ImageObject\",\"inLanguage\":\"hu\",\"@id\":\"https:\/\/sxflightcase.com\/th\/#\/schema\/logo\/image\/\",\"url\":\"https:\/\/sxflightcase.com\/wp-content\/uploads\/2024\/04\/1713919036007.jpg\",\"contentUrl\":\"https:\/\/sxflightcase.com\/wp-content\/uploads\/2024\/04\/1713919036007.jpg\",\"width\":382,\"height\":388,\"caption\":\"sxpowercase.com\"},\"image\":{\"@id\":\"https:\/\/sxflightcase.com\/th\/#\/schema\/logo\/image\/\"},\"sameAs\":[\"https:\/\/www.facebook.com\/profile.php?id=61560407257971\"],\"numberOfEmployees\":{\"@type\":\"QuantitativeValue\",\"minValue\":\"11\",\"maxValue\":\"50\"}}]}<\/script>\n<!-- \/ Yoast SEO Premium plugin. -->","yoast_head_json":{"title":"FP 4u Flight Case Manufacture - https:\/\/sxflightcase.com","description":"4u Flight Case Gy\u00e1rt\u00e1s: Fedezze fel gy\u00e1ri k\u00f6zvetlen lehet\u0151s\u00e9geinket a professzion\u00e1lis min\u0151s\u00e9g\u0171 berendez\u00e9sek v\u00e9delm\u00e9hez \u00e9s szervez\u00e9s\u00e9hez.","robots":{"index":"index","follow":"follow","max-snippet":"max-snippet:-1","max-image-preview":"max-image-preview:large","max-video-preview":"max-video-preview:-1"},"canonical":"https:\/\/sxflightcase.com\/hu\/produkt\/4u-flight-case\/","og_locale":"hu_HU","og_type":"article","og_title":"FP 4u Flight Case","og_description":"4u Flight Case Manufacture: Discover our factory-direct options for professional-grade equipment protection and organization.","og_url":"https:\/\/sxflightcase.com\/hu\/produkt\/4u-flight-case\/","og_site_name":"https:\/\/sxflightcase.com","article_publisher":"https:\/\/www.facebook.com\/profile.php?id=61560407257971","article_modified_time":"2024-07-16T01:59:51+00:00","og_image":[{"width":750,"height":750,"url":"https:\/\/sxflightcase.com\/wp-content\/uploads\/2024\/05\/4u-flight-case14545683226.webp","type":"image\/webp"}],"twitter_card":"summary_large_image","twitter_misc":{"Becs\u00fclt olvas\u00e1si id\u0151":"4 perc"},"schema":{"@context":"https:\/\/schema.org","@graph":[{"@type":"WebPage","@id":"https:\/\/sxflightcase.com\/da\/produkt\/4u-flight-case\/","url":"https:\/\/sxflightcase.com\/da\/produkt\/4u-flight-case\/","name":"FP 4u Flight Case Manufacture - https:\/\/sxflightcase.com","isPartOf":{"@id":"https:\/\/sxflightcase.com\/th\/#website"},"primaryImageOfPage":{"@id":"https:\/\/sxflightcase.com\/da\/produkt\/4u-flight-case\/#primaryimage"},"image":{"@id":"https:\/\/sxflightcase.com\/da\/produkt\/4u-flight-case\/#primaryimage"},"thumbnailUrl":"https:\/\/sxflightcase.com\/wp-content\/uploads\/2024\/05\/4u-flight-case14545683226.webp","datePublished":"2024-05-10T02:55:38+00:00","dateModified":"2024-07-16T01:59:51+00:00","description":"4u Flight Case Gy\u00e1rt\u00e1s: Fedezze fel gy\u00e1ri k\u00f6zvetlen lehet\u0151s\u00e9geinket a professzion\u00e1lis min\u0151s\u00e9g\u0171 berendez\u00e9sek v\u00e9delm\u00e9hez \u00e9s szervez\u00e9s\u00e9hez.","breadcrumb":{"@id":"https:\/\/sxflightcase.com\/da\/produkt\/4u-flight-case\/#breadcrumb"},"inLanguage":"hu","potentialAction":[{"@type":"ReadAction","target":["https:\/\/sxflightcase.com\/da\/produkt\/4u-flight-case\/"]}]},{"@type":"ImageObject","inLanguage":"hu","@id":"https:\/\/sxflightcase.com\/da\/produkt\/4u-flight-case\/#primaryimage","url":"https:\/\/sxflightcase.com\/wp-content\/uploads\/2024\/05\/4u-flight-case14545683226.webp","contentUrl":"https:\/\/sxflightcase.com\/wp-content\/uploads\/2024\/05\/4u-flight-case14545683226.webp","width":750,"height":750,"caption":"4u Flight Case"},{"@type":"BreadcrumbList","@id":"https:\/\/sxflightcase.com\/da\/produkt\/4u-flight-case\/#breadcrumb","itemListElement":[{"@type":"ListItem","position":1,"name":"Home","item":"https:\/\/sxflightcase.com\/"},{"@type":"ListItem","position":2,"name":"\u0e2a\u0e34\u0e19\u0e04\u0e49\u0e32","item":"https:\/\/sxflightcase.com\/th\/shop\/"},{"@type":"ListItem","position":3,"name":"FP 4u Flight Case"}]},{"@type":"WebSite","@id":"https:\/\/sxflightcase.com\/th\/#website","url":"https:\/\/sxflightcase.com\/th\/","name":"sxpowercase.com","description":"Flight Case Factory","publisher":{"@id":"https:\/\/sxflightcase.com\/th\/#organization"},"potentialAction":[{"@type":"SearchAction","target":{"@type":"EntryPoint","urlTemplate":"https:\/\/sxflightcase.com\/th\/?s={search_term_string}"},"query-input":{"@type":"PropertyValueSpecification","valueRequired":true,"valueName":"search_term_string"}}],"inLanguage":"hu"},{"@type":"Organization","@id":"https:\/\/sxflightcase.com\/th\/#organization","name":"sxpowercase.com","url":"https:\/\/sxflightcase.com\/th\/","logo":{"@type":"ImageObject","inLanguage":"hu","@id":"https:\/\/sxflightcase.com\/th\/#\/schema\/logo\/image\/","url":"https:\/\/sxflightcase.com\/wp-content\/uploads\/2024\/04\/1713919036007.jpg","contentUrl":"https:\/\/sxflightcase.com\/wp-content\/uploads\/2024\/04\/1713919036007.jpg","width":382,"height":388,"caption":"sxpowercase.com"},"image":{"@id":"https:\/\/sxflightcase.com\/th\/#\/schema\/logo\/image\/"},"sameAs":["https:\/\/www.facebook.com\/profile.php?id=61560407257971"],"numberOfEmployees":{"@type":"QuantitativeValue","minValue":"11","maxValue":"50"}}]}},"_links":{"self":[{"href":"https:\/\/sxflightcase.com\/hu\/wp-json\/wp\/v2\/product\/1683","targetHints":{"allow":["GET"]}}],"collection":[{"href":"https:\/\/sxflightcase.com\/hu\/wp-json\/wp\/v2\/product"}],"about":[{"href":"https:\/\/sxflightcase.com\/hu\/wp-json\/wp\/v2\/types\/product"}],"replies":[{"embeddable":true,"href":"https:\/\/sxflightcase.com\/hu\/wp-json\/wp\/v2\/comments?post=1683"}],"version-history":[{"count":0,"href":"https:\/\/sxflightcase.com\/hu\/wp-json\/wp\/v2\/product\/1683\/revisions"}],"wp:featuredmedia":[{"embeddable":true,"href":"https:\/\/sxflightcase.com\/hu\/wp-json\/wp\/v2\/media\/1684"}],"wp:attachment":[{"href":"https:\/\/sxflightcase.com\/hu\/wp-json\/wp\/v2\/media?parent=1683"}],"wp:term":[{"taxonomy":"product_brand","embeddable":true,"href":"https:\/\/sxflightcase.com\/hu\/wp-json\/wp\/v2\/product_brand?post=1683"},{"taxonomy":"product_cat","embeddable":true,"href":"https:\/\/sxflightcase.com\/hu\/wp-json\/wp\/v2\/product_cat?post=1683"},{"taxonomy":"product_tag","embeddable":true,"href":"https:\/\/sxflightcase.com\/hu\/wp-json\/wp\/v2\/product_tag?post=1683"}],"curies":[{"name":"wp","href":"https:\/\/api.w.org\/{rel}","templated":true}]}}