{"id":1686,"date":"2024-05-10T04:00:00","date_gmt":"2024-05-10T03:00:00","guid":{"rendered":"https:\/\/sxpowercase.com\/?post_type=product&#038;p=1686"},"modified":"2024-07-16T02:59:50","modified_gmt":"2024-07-16T01:59:50","slug":"19-flight-cases-plywood","status":"publish","type":"product","link":"https:\/\/sxflightcase.com\/hu\/termek\/19-repulo-tokok-retegelt-lemez\/","title":{"rendered":"FP 19\" Flight Cases r\u00e9tegelt lemez"},"content":{"rendered":"<p><strong>Term\u00e9k param\u00e9ter (specifik\u00e1ci\u00f3)<\/strong><\/p>\n<section class=\"table-wrap\">\n<table class=\"table\" width=\"100%\" cellspacing=\"0\" cellpadding=\"0\">\n<tbody>\n<tr class=\"firstRow\">\n<td width=\"134\">A term\u00e9k neve:<\/td>\n<td width=\"503\">19 \"Flight Cases r\u00e9tegelt lemez<\/td>\n<\/tr>\n<tr>\n<td width=\"134\">Anyag \u00e9s tartoz\u00e9k:<\/td>\n<td width=\"503\">9mm r\u00e9tegelt lemez + Kr\u00f3mozott\/horganyzott hardver + Alum\u00ednium extrud\u00e1l\u00e1s<br \/>\nEl\u00fcls\u0151 \u00e9s h\u00e1ts\u00f3 levehet\u0151 fedelek<\/td>\n<\/tr>\n<tr>\n<td width=\"134\">Habszivacs b\u00e9l\u00e9s:<\/td>\n<td width=\"503\">Gy\u00f6ngyhab \/EVA hab \/ toj\u00e1shab stb...rendszeres vagy k\u00e9r\u00e9s szerint<\/td>\n<\/tr>\n<tr>\n<td width=\"134\">Sz\u00edn:<\/td>\n<td width=\"503\">Fekete (alap\u00e9rtelmezett sz\u00edn), piros, k\u00e9k, narancss\u00e1rga, s\u00e1rga, z\u00f6ld, stb..<\/td>\n<\/tr>\n<tr>\n<td width=\"134\">\u00c1tfut\u00e1si id\u0151:<\/td>\n<td width=\"503\">Minta rendel\u00e9s 3 nap, norm\u00e1l rendel\u00e9s 7-15 nap<\/td>\n<\/tr>\n<tr>\n<td width=\"134\">M\u00e9ret:<\/td>\n<td width=\"503\">A berendez\u00e9s m\u00e9ret\u00e9t\u0151l f\u00fcgg<\/td>\n<\/tr>\n<\/tbody>\n<\/table>\n<\/section>\n<p><strong>Sz\u00e1ll\u00edt\u00e1s \u00e9s k\u00e9zbes\u00edt\u00e9s<\/strong><\/p>\n<p>Sz\u00e1ll\u00edt\u00e1s: l\u00e9gi, tengeri vagy expressz sz\u00e1ll\u00edt\u00e1s<\/p>\n<p>Minta \u00e1tfut\u00e1si id\u0151: 5 ~ 7 nap<\/p>\n<p>Sz\u00e1ll\u00edt\u00e1si id\u0151: k\u00f6r\u00fclbel\u00fcl 25 ~ 30 nappal a megrendel\u00e9s r\u00e9szleteinek \u00e9s a gy\u00e1rt\u00e1s meger\u0151s\u00edt\u00e9se ut\u00e1n.<\/p>\n<h1>SX Flight Cases r\u00e9tegelt lemez: Tart\u00f3s \u00e9s testreszabhat\u00f3 megold\u00e1sok<\/h1>\n<h2>V\u00e9gs\u0151 v\u00e9delem \u00e9s tart\u00f3ss\u00e1g<\/h2>\n<p>Az SX's Flight Cases Plywood p\u00e1ratlan v\u00e9delmet ny\u00fajt \u00e9rt\u00e9kes felszerel\u00e9sei sz\u00e1m\u00e1ra. A kiv\u00e1l\u00f3 min\u0151s\u00e9g\u0171 r\u00e9tegelt lemezb\u0151l k\u00e9sz\u00fclt rep\u00fcl\u0151 tokok \u00fagy vannak kialak\u00edtva, hogy ellen\u00e1lljanak az utaz\u00e1s viszontags\u00e1gainak, \u00e9s biztos\u00edts\u00e1k, hogy felszerel\u00e9se biztons\u00e1gban maradjon az \u00fct\u00e9sekt\u0151l \u00e9s a k\u00f6rnyezeti t\u00e9nyez\u0151kt\u0151l. T\u00f6k\u00e9letes v\u00e1laszt\u00e1s zen\u00e9szek, rendezv\u00e9nyekkel foglalkoz\u00f3 szakemberek \u00e9s technikusok sz\u00e1m\u00e1ra, akiknek megb\u00edzhat\u00f3 t\u00e1rol\u00e1si \u00e9s sz\u00e1ll\u00edt\u00e1si megold\u00e1sokra van sz\u00fcks\u00e9g\u00fck.<\/p>\n<h2>Gy\u00e1ri k\u00f6zvetlen \u00e9rt\u00e9kes\u00edt\u00e9s a maxim\u00e1lis \u00e9rt\u00e9k\u00e9rt<\/h2>\n<h3>Megfizethet\u0151 \u00e9s pr\u00e9mium min\u0151s\u00e9g<\/h3>\n<p>A  c\u00edmen. <a href=\"https:\/\/sxpowercase.com\/\" target=\"_blank\" rel=\"noopener\" title=\"SX\" data-wpil-monitor-id=\"470\">SX<\/a>, hisz\u00fcnk abban, hogy pr\u00e9mium min\u0151s\u00e9g\u0171 term\u00e9keket k\u00edn\u00e1lunk versenyk\u00e9pes \u00e1ron a gy\u00e1ri k\u00f6zvetlen \u00e9rt\u00e9kes\u00edt\u00e9si modell\u00fcnk\u00f6n kereszt\u00fcl. A k\u00f6zvet\u00edt\u0151k kik\u00fcsz\u00f6b\u00f6l\u00e9s\u00e9vel biztos\u00edtjuk, hogy a k\u00f6lts\u00e9gek t\u00f6red\u00e9k\u00e9\u00e9rt cs\u00facsmin\u0151s\u00e9g\u0171 Flight Cases r\u00e9tegelt lemezeket kapjon. Ez a megk\u00f6zel\u00edt\u00e9s lehet\u0151v\u00e9 teszi sz\u00e1munkra, hogy kiv\u00e9teles \u00e9rt\u00e9ket ny\u00fajtsunk an\u00e9lk\u00fcl, hogy kompromisszumot k\u00f6tn\u00e9nk a min\u0151s\u00e9gben, biztos\u00edtva, hogy a legjobb v\u00e9delmet kapja a felszerel\u00e9s\u00e9hez.<\/p>\n<h2>Az \u00d6n ig\u00e9nyeihez igaz\u00edthat\u00f3<\/h2>\n<h3>Minden szakemberre szabottan<\/h3>\n<p>Meg\u00e9rtve, hogy minden professzion\u00e1lis be\u00e1ll\u00edt\u00e1s egyedi k\u00f6vetelm\u00e9nyekkel rendelkezik, az SX sz\u00e9les k\u00f6r\u0171 testreszab\u00e1si szolg\u00e1ltat\u00e1sokat k\u00edn\u00e1l Flight Cases r\u00e9tegelt lemez\u00fcnkh\u00f6z. Ak\u00e1r k\u00fcl\u00f6nleges m\u00e9retekre, bels\u0151 p\u00e1rn\u00e1z\u00e1sra vagy tov\u00e1bbi rekeszekre van sz\u00fcks\u00e9ge, rep\u00fcl\u0151t\u00e1sk\u00e1inkat az \u00d6n pontos specifik\u00e1ci\u00f3inak megfelel\u0151en tudjuk m\u00f3dos\u00edtani. Testreszabott megold\u00e1saink garant\u00e1lj\u00e1k, hogy felszerel\u00e9s\u00e9t pontosan \u00fagy v\u00e9dj\u00fck \u00e9s rendezz\u00fck, ahogyan \u00d6nnek sz\u00fcks\u00e9ge van r\u00e1.<\/p>\n<h2>N\u00f6velje szakmai im\u00e1zs\u00e1t<\/h2>\n<h3>Professzion\u00e1lis \u00e9s megb\u00edzhat\u00f3 tervez\u00e9s<\/h3>\n<p>Az SX Flight Cases Plywood haszn\u00e1lata nem csak a felszerel\u00e9s biztons\u00e1g\u00e1t garant\u00e1lja, hanem jav\u00edtja a professzion\u00e1lis imidzs\u00e9t is. Rep\u00fcl\u0151 tokjaink robusztus \u00e9s eleg\u00e1ns kialak\u00edt\u00e1sa t\u00fckr\u00f6zi a min\u0151s\u00e9g \u00e9s megb\u00edzhat\u00f3s\u00e1g ir\u00e1nti elk\u00f6telezetts\u00e9g\u00e9t. Keltsen er\u0151s benyom\u00e1st \u00fcgyfeleiben \u00e9s koll\u00e9g\u00e1iban olyan rep\u00fcl\u0151 tokokkal, amelyek mind funkcionalit\u00e1sukban, mind megjelen\u00e9s\u00fckben megfelelnek, \u00edgy biztos\u00edtva, hogy felszerel\u00e9se minden alkalommal t\u00f6k\u00e9letes \u00e1llapotban \u00e9rkezzen meg.<\/p>\n<hr \/>\n<p>V\u00e1lassza az SX's Flight Cases r\u00e9tegeltlemez\u00e9t a kiv\u00e1l\u00f3 v\u00e9delem\u00e9rt, tart\u00f3ss\u00e1g\u00e9rt \u00e9s \u00e9rt\u00e9k\u00e9rt. L\u00e9pjen kapcsolatba vel\u00fcnk m\u00e9g ma, hogy felfedezze a gy\u00e1ri k\u00f6zvetlen \u00e9rt\u00e9kes\u00edt\u00e9si \u00e9s testreszab\u00e1si lehet\u0151s\u00e9geinket. Az SX-n\u00e9l a felszerel\u00e9se mindig a legjobb kezekben van. Fektessen a legjobbba, hogy kiemelje v\u00e1llalkoz\u00e1s\u00e1t, \u00e9s kiv\u00e9teles rep\u00fcl\u0151 tokjainkkal megv\u00e9dje felszerel\u00e9s\u00e9t.<\/p>\n<p><strong>GYIK<\/strong><\/p>\n<p>K: Hogyan kaphatunk \u00e1raj\u00e1nlatot?<\/p>\n<p>V: L\u00e9pjen kapcsolatba vel\u00fcnk specifik\u00e1ci\u00f3val: p\u00e9ld\u00e1ul anyag, design, m\u00e9ret, alak, forma, sz\u00edn, mennyis\u00e9g, fel\u00fcletkezel\u00e9s stb.<\/p>\n<p>K: Mik a fizet\u00e9si felt\u00e9telek?<\/p>\n<p>A: T.T with 30% down payment, 70%before shipment or West Union also accept.<\/p>\n<p>K: Tud seg\u00edteni a tervez\u00e9sben?<\/p>\n<p>V: Igen, egyszer\u0171en tervezzen ingyen, a k\u00fcl\u00f6nleges tervez\u00e9s\u00e9rt fizetni kell.<\/p>\n<p><strong>Szolg\u00e1ltat\u00e1sunk<\/strong><\/p>\n<p>A min\u0151s\u00e9g mindig az els\u0151<\/p>\n<p>* \u00c9sszer\u0171 \u00e1rak<\/p>\n<p>* OEM szolg\u00e1ltat\u00e1s biztos\u00edtott<\/p>\n<p>* Felel\u0151s \u00e9rt\u00e9kes\u00edt\u00e9s ut\u00e1ni szolg\u00e1ltat\u00e1s<\/p>\n<p>* C\u00e9lja, hogy a 90%customer a pr\u00f3ba megrendel\u00e9sek ut\u00e1n ism\u00e9tl\u0151d\u0151 megrendel\u00e9seket kapjon.<\/p>\n<p>* Az \u00fcgyfelekkel egy\u00fctt haladunk el\u0151re<\/p>\n<p>Hot Tags: Alacsony \u00e1r, rakt\u00e1ron, ingyenes minta, t\u00e1p- \u00e9s jelk\u00e1bel, 16 Gauge 4 vezet\u0151 vezet\u00e9k, mikrofon \u00e1llv\u00e1ny tok, k\u00fclt\u00e9ri Led kijelz\u0151szekr\u00e9ny, Rack Mount, 19\" Rackmount Mixer Flight Cases\uff0celektromos disztr\u00f3 doboz, K\u00edna, besz\u00e1ll\u00edt\u00f3k, gy\u00e1r, testreszabott, nagykereskedelem, <span style=\"color: #993366;\"><a style=\"color: #993366;\" href=\"https:\/\/sxflightcase.com\/hu\/product-category\/all-product\/power-distribution-boxes\/\">t\u00e1pegys\u00e9gek<\/a>,\u00a0<a style=\"color: #993366;\" href=\"https:\/\/sxflightcase.com\/hu\/product-category\/all-product\/hoist-controllers\/\">t\u00e1pk\u00e1belek<\/a>,\u00a0<a style=\"color: #993366;\" href=\"https:\/\/sxflightcase.com\/hu\/product-category\/all-product\/hoist-controllers\/\">emel\u0151g\u00e9p-vez\u00e9rl\u0151k<\/a>,\u00a0<a style=\"color: #993366;\" href=\"https:\/\/sxflightcase.com\/hu\/product-category\/all-product\/flight-case\/\">rep\u00fcl\u00e9si esetek.<\/a><\/span><\/p>","protected":false},"excerpt":{"rendered":"<h2 class=\"prodetails-name\">19\" Flight Cases r\u00e9tegelt lemez<\/h2>\n<p>19\"-os rep\u00fcl\u0151 tokok r\u00e9tegelt lemezzel sz\u00e1ll\u00edtjuk, hogy megb\u00edzhat\u00f3 v\u00e9delmet ny\u00fajtson a dr\u00e1ga felszerel\u00e9seknek \u00e9s berendez\u00e9seknek haszn\u00e1lat, csomagol\u00e1s, t\u00e1rol\u00e1s \u00e9s sz\u00e1ll\u00edt\u00e1s sor\u00e1n. Elk\u00f6telezt\u00fck magunkat a k\u00f6vetkez\u0151knek <a class=\"wpil_keyword_link\" title=\"rep\u00fcl\u0151t\u00e1ska\" href=\"https:\/\/sxpowercase.com\/product-category\/all-product\/flight-case\/\" target=\"_blank\" rel=\"noopener\" data-wpil-keyword-link=\"linked\" data-wpil-monitor-id=\"404\">rep\u00fcl\u0151t\u00e1ska<\/a> sok \u00e9ven \u00e1t, az amerikai \u00e9s \u00e1zsiai piac nagy r\u00e9sz\u00e9t lefedve. Arra sz\u00e1m\u00edtunk, hogy hossz\u00fa t\u00e1v\u00fa csapatt\u00e1rsa lesz\u00fcnk K\u00edn\u00e1ban.<\/p>\n<h2><strong>Termel\u00e9si bevezet\u00e9s<\/strong><\/h2>\n<p>A Shengxiang 2001 \u00f3ta gy\u00e1rt rep\u00fcl\u0151 tokokat, \u00e9s \u00fagy tervezt\u00e9k, hogy megv\u00e9dje a befektet\u00e9s\u00e9t. 19\"-os rep\u00fcl\u0151 tok r\u00e9tegelt lemez, kivehet\u0151 cs\u00fasz\u00f3 laptop polccal. N\u00e9gy ipari min\u0151s\u00e9g\u0171 gumi l\u00e1b<\/p>","protected":false},"featured_media":1687,"comment_status":"open","ping_status":"closed","template":"","meta":[],"product_brand":[],"product_cat":[35],"product_tag":[53],"class_list":{"0":"post-1686","1":"product","2":"type-product","3":"status-publish","4":"has-post-thumbnail","6":"product_cat-standard-rack-cases","7":"product_tag-fp","9":"first","10":"instock","11":"shipping-taxable","12":"product-type-simple"},"yoast_head":"<!-- This site is optimized with the Yoast SEO Premium plugin v27.1 (Yoast SEO v27.2) - https:\/\/yoast.com\/product\/yoast-seo-premium-wordpress\/ -->\n<title>FP 19&#039;&#039; Flight Cases Plywood - https:\/\/sxflightcase.com \ud83d\udc97<\/title>\n<meta name=\"description\" content=\"19&#039;&#039; Flight Cases Plywood: Discover our factory-direct options for professional-grade equipment protection and organization.\" \/>\n<meta name=\"robots\" content=\"index, follow, max-snippet:-1, max-image-preview:large, max-video-preview:-1\" \/>\n<link rel=\"canonical\" href=\"https:\/\/sxflightcase.com\/hu\/\uc81c\ud488\/19-\ube44\ud589-\ucf00\uc774\uc2a4-\ud569\ud310\/\" \/>\n<meta property=\"og:locale\" content=\"hu_HU\" \/>\n<meta property=\"og:type\" content=\"article\" \/>\n<meta property=\"og:title\" content=\"FP 19&#039;&#039; Flight Cases Plywood\" \/>\n<meta property=\"og:description\" content=\"19&#039;&#039; Flight Cases Plywood: Discover our factory-direct options for professional-grade equipment protection and organization.\" \/>\n<meta property=\"og:url\" content=\"https:\/\/sxflightcase.com\/hu\/\uc81c\ud488\/19-\ube44\ud589-\ucf00\uc774\uc2a4-\ud569\ud310\/\" \/>\n<meta property=\"og:site_name\" content=\"https:\/\/sxflightcase.com\" \/>\n<meta property=\"article:publisher\" content=\"https:\/\/www.facebook.com\/profile.php?id=61560407257971\" \/>\n<meta property=\"article:modified_time\" content=\"2024-07-16T01:59:50+00:00\" \/>\n<meta property=\"og:image\" content=\"https:\/\/sxflightcase.com\/wp-content\/uploads\/2024\/05\/19-flight-cases-plywood25576886879.webp\" \/>\n\t<meta property=\"og:image:width\" content=\"750\" \/>\n\t<meta property=\"og:image:height\" content=\"750\" \/>\n\t<meta property=\"og:image:type\" content=\"image\/webp\" \/>\n<meta name=\"twitter:card\" content=\"summary_large_image\" \/>\n<meta name=\"twitter:label1\" content=\"Becs\u00fclt olvas\u00e1si id\u0151\" \/>\n\t<meta name=\"twitter:data1\" content=\"4 perc\" \/>\n<script type=\"application\/ld+json\" class=\"yoast-schema-graph\">{\"@context\":\"https:\/\/schema.org\",\"@graph\":[{\"@type\":\"WebPage\",\"@id\":\"https:\/\/sxflightcase.com\/ko\/\uc81c\ud488\/19-\ube44\ud589-\ucf00\uc774\uc2a4-\ud569\ud310\/\",\"url\":\"https:\/\/sxflightcase.com\/ko\/\uc81c\ud488\/19-\ube44\ud589-\ucf00\uc774\uc2a4-\ud569\ud310\/\",\"name\":\"FP 19'' Flight Cases Plywood - https:\/\/sxflightcase.com \ud83d\udc97\",\"isPartOf\":{\"@id\":\"https:\/\/sxflightcase.com\/th\/#website\"},\"primaryImageOfPage\":{\"@id\":\"https:\/\/sxflightcase.com\/ko\/\uc81c\ud488\/19-\ube44\ud589-\ucf00\uc774\uc2a4-\ud569\ud310\/#primaryimage\"},\"image\":{\"@id\":\"https:\/\/sxflightcase.com\/ko\/\uc81c\ud488\/19-\ube44\ud589-\ucf00\uc774\uc2a4-\ud569\ud310\/#primaryimage\"},\"thumbnailUrl\":\"https:\/\/sxflightcase.com\/wp-content\/uploads\/2024\/05\/19-flight-cases-plywood25576886879.webp\",\"datePublished\":\"2024-05-10T03:00:00+00:00\",\"dateModified\":\"2024-07-16T01:59:50+00:00\",\"description\":\"19'' Flight Cases Plywood: Discover our factory-direct options for professional-grade equipment protection and organization.\",\"breadcrumb\":{\"@id\":\"https:\/\/sxflightcase.com\/ko\/\uc81c\ud488\/19-\ube44\ud589-\ucf00\uc774\uc2a4-\ud569\ud310\/#breadcrumb\"},\"inLanguage\":\"hu\",\"potentialAction\":[{\"@type\":\"ReadAction\",\"target\":[\"https:\/\/sxflightcase.com\/ko\/\uc81c\ud488\/19-\ube44\ud589-\ucf00\uc774\uc2a4-\ud569\ud310\/\"]}]},{\"@type\":\"ImageObject\",\"inLanguage\":\"hu\",\"@id\":\"https:\/\/sxflightcase.com\/ko\/\uc81c\ud488\/19-\ube44\ud589-\ucf00\uc774\uc2a4-\ud569\ud310\/#primaryimage\",\"url\":\"https:\/\/sxflightcase.com\/wp-content\/uploads\/2024\/05\/19-flight-cases-plywood25576886879.webp\",\"contentUrl\":\"https:\/\/sxflightcase.com\/wp-content\/uploads\/2024\/05\/19-flight-cases-plywood25576886879.webp\",\"width\":750,\"height\":750,\"caption\":\"19'' Flight Cases Plywood\"},{\"@type\":\"BreadcrumbList\",\"@id\":\"https:\/\/sxflightcase.com\/ko\/\uc81c\ud488\/19-\ube44\ud589-\ucf00\uc774\uc2a4-\ud569\ud310\/#breadcrumb\",\"itemListElement\":[{\"@type\":\"ListItem\",\"position\":1,\"name\":\"Home\",\"item\":\"https:\/\/sxflightcase.com\/\"},{\"@type\":\"ListItem\",\"position\":2,\"name\":\"\u0e2a\u0e34\u0e19\u0e04\u0e49\u0e32\",\"item\":\"https:\/\/sxflightcase.com\/th\/shop\/\"},{\"@type\":\"ListItem\",\"position\":3,\"name\":\"FP 19&#8221; Flight Cases Plywood\"}]},{\"@type\":\"WebSite\",\"@id\":\"https:\/\/sxflightcase.com\/th\/#website\",\"url\":\"https:\/\/sxflightcase.com\/th\/\",\"name\":\"sxpowercase.com\",\"description\":\"Flight Case Factory\",\"publisher\":{\"@id\":\"https:\/\/sxflightcase.com\/th\/#organization\"},\"potentialAction\":[{\"@type\":\"SearchAction\",\"target\":{\"@type\":\"EntryPoint\",\"urlTemplate\":\"https:\/\/sxflightcase.com\/th\/?s={search_term_string}\"},\"query-input\":{\"@type\":\"PropertyValueSpecification\",\"valueRequired\":true,\"valueName\":\"search_term_string\"}}],\"inLanguage\":\"hu\"},{\"@type\":\"Organization\",\"@id\":\"https:\/\/sxflightcase.com\/th\/#organization\",\"name\":\"sxpowercase.com\",\"url\":\"https:\/\/sxflightcase.com\/th\/\",\"logo\":{\"@type\":\"ImageObject\",\"inLanguage\":\"hu\",\"@id\":\"https:\/\/sxflightcase.com\/th\/#\/schema\/logo\/image\/\",\"url\":\"https:\/\/sxflightcase.com\/wp-content\/uploads\/2024\/04\/1713919036007.jpg\",\"contentUrl\":\"https:\/\/sxflightcase.com\/wp-content\/uploads\/2024\/04\/1713919036007.jpg\",\"width\":382,\"height\":388,\"caption\":\"sxpowercase.com\"},\"image\":{\"@id\":\"https:\/\/sxflightcase.com\/th\/#\/schema\/logo\/image\/\"},\"sameAs\":[\"https:\/\/www.facebook.com\/profile.php?id=61560407257971\"],\"numberOfEmployees\":{\"@type\":\"QuantitativeValue\",\"minValue\":\"11\",\"maxValue\":\"50\"}}]}<\/script>\n<!-- \/ Yoast SEO Premium plugin. -->","yoast_head_json":{"title":"FP 19'' Flight Cases Plywood - https:\/\/sxflightcase.com \ud83d\udc97","description":"19'' Flight Cases r\u00e9tegelt lemez: Fedezze fel a professzion\u00e1lis min\u0151s\u00e9g\u0171 felszerel\u00e9s v\u00e9delm\u00e9re \u00e9s szervez\u00e9s\u00e9re szolg\u00e1l\u00f3 gy\u00e1ri k\u00f6zvetlen lehet\u0151s\u00e9geinket.","robots":{"index":"index","follow":"follow","max-snippet":"max-snippet:-1","max-image-preview":"max-image-preview:large","max-video-preview":"max-video-preview:-1"},"canonical":"https:\/\/sxflightcase.com\/hu\/\uc81c\ud488\/19-\ube44\ud589-\ucf00\uc774\uc2a4-\ud569\ud310\/","og_locale":"hu_HU","og_type":"article","og_title":"FP 19'' Flight Cases Plywood","og_description":"19'' Flight Cases Plywood: Discover our factory-direct options for professional-grade equipment protection and organization.","og_url":"https:\/\/sxflightcase.com\/hu\/\uc81c\ud488\/19-\ube44\ud589-\ucf00\uc774\uc2a4-\ud569\ud310\/","og_site_name":"https:\/\/sxflightcase.com","article_publisher":"https:\/\/www.facebook.com\/profile.php?id=61560407257971","article_modified_time":"2024-07-16T01:59:50+00:00","og_image":[{"width":750,"height":750,"url":"https:\/\/sxflightcase.com\/wp-content\/uploads\/2024\/05\/19-flight-cases-plywood25576886879.webp","type":"image\/webp"}],"twitter_card":"summary_large_image","twitter_misc":{"Becs\u00fclt olvas\u00e1si id\u0151":"4 perc"},"schema":{"@context":"https:\/\/schema.org","@graph":[{"@type":"WebPage","@id":"https:\/\/sxflightcase.com\/ko\/\uc81c\ud488\/19-\ube44\ud589-\ucf00\uc774\uc2a4-\ud569\ud310\/","url":"https:\/\/sxflightcase.com\/ko\/\uc81c\ud488\/19-\ube44\ud589-\ucf00\uc774\uc2a4-\ud569\ud310\/","name":"FP 19'' Flight Cases Plywood - https:\/\/sxflightcase.com \ud83d\udc97","isPartOf":{"@id":"https:\/\/sxflightcase.com\/th\/#website"},"primaryImageOfPage":{"@id":"https:\/\/sxflightcase.com\/ko\/\uc81c\ud488\/19-\ube44\ud589-\ucf00\uc774\uc2a4-\ud569\ud310\/#primaryimage"},"image":{"@id":"https:\/\/sxflightcase.com\/ko\/\uc81c\ud488\/19-\ube44\ud589-\ucf00\uc774\uc2a4-\ud569\ud310\/#primaryimage"},"thumbnailUrl":"https:\/\/sxflightcase.com\/wp-content\/uploads\/2024\/05\/19-flight-cases-plywood25576886879.webp","datePublished":"2024-05-10T03:00:00+00:00","dateModified":"2024-07-16T01:59:50+00:00","description":"19'' Flight Cases r\u00e9tegelt lemez: Fedezze fel a professzion\u00e1lis min\u0151s\u00e9g\u0171 felszerel\u00e9s v\u00e9delm\u00e9re \u00e9s szervez\u00e9s\u00e9re szolg\u00e1l\u00f3 gy\u00e1ri k\u00f6zvetlen lehet\u0151s\u00e9geinket.","breadcrumb":{"@id":"https:\/\/sxflightcase.com\/ko\/\uc81c\ud488\/19-\ube44\ud589-\ucf00\uc774\uc2a4-\ud569\ud310\/#breadcrumb"},"inLanguage":"hu","potentialAction":[{"@type":"ReadAction","target":["https:\/\/sxflightcase.com\/ko\/\uc81c\ud488\/19-\ube44\ud589-\ucf00\uc774\uc2a4-\ud569\ud310\/"]}]},{"@type":"ImageObject","inLanguage":"hu","@id":"https:\/\/sxflightcase.com\/ko\/\uc81c\ud488\/19-\ube44\ud589-\ucf00\uc774\uc2a4-\ud569\ud310\/#primaryimage","url":"https:\/\/sxflightcase.com\/wp-content\/uploads\/2024\/05\/19-flight-cases-plywood25576886879.webp","contentUrl":"https:\/\/sxflightcase.com\/wp-content\/uploads\/2024\/05\/19-flight-cases-plywood25576886879.webp","width":750,"height":750,"caption":"19'' Flight Cases Plywood"},{"@type":"BreadcrumbList","@id":"https:\/\/sxflightcase.com\/ko\/\uc81c\ud488\/19-\ube44\ud589-\ucf00\uc774\uc2a4-\ud569\ud310\/#breadcrumb","itemListElement":[{"@type":"ListItem","position":1,"name":"Home","item":"https:\/\/sxflightcase.com\/"},{"@type":"ListItem","position":2,"name":"\u0e2a\u0e34\u0e19\u0e04\u0e49\u0e32","item":"https:\/\/sxflightcase.com\/th\/shop\/"},{"@type":"ListItem","position":3,"name":"FP 19&#8221; Flight Cases Plywood"}]},{"@type":"WebSite","@id":"https:\/\/sxflightcase.com\/th\/#website","url":"https:\/\/sxflightcase.com\/th\/","name":"sxpowercase.com","description":"Flight Case Factory","publisher":{"@id":"https:\/\/sxflightcase.com\/th\/#organization"},"potentialAction":[{"@type":"SearchAction","target":{"@type":"EntryPoint","urlTemplate":"https:\/\/sxflightcase.com\/th\/?s={search_term_string}"},"query-input":{"@type":"PropertyValueSpecification","valueRequired":true,"valueName":"search_term_string"}}],"inLanguage":"hu"},{"@type":"Organization","@id":"https:\/\/sxflightcase.com\/th\/#organization","name":"sxpowercase.com","url":"https:\/\/sxflightcase.com\/th\/","logo":{"@type":"ImageObject","inLanguage":"hu","@id":"https:\/\/sxflightcase.com\/th\/#\/schema\/logo\/image\/","url":"https:\/\/sxflightcase.com\/wp-content\/uploads\/2024\/04\/1713919036007.jpg","contentUrl":"https:\/\/sxflightcase.com\/wp-content\/uploads\/2024\/04\/1713919036007.jpg","width":382,"height":388,"caption":"sxpowercase.com"},"image":{"@id":"https:\/\/sxflightcase.com\/th\/#\/schema\/logo\/image\/"},"sameAs":["https:\/\/www.facebook.com\/profile.php?id=61560407257971"],"numberOfEmployees":{"@type":"QuantitativeValue","minValue":"11","maxValue":"50"}}]}},"_links":{"self":[{"href":"https:\/\/sxflightcase.com\/hu\/wp-json\/wp\/v2\/product\/1686","targetHints":{"allow":["GET"]}}],"collection":[{"href":"https:\/\/sxflightcase.com\/hu\/wp-json\/wp\/v2\/product"}],"about":[{"href":"https:\/\/sxflightcase.com\/hu\/wp-json\/wp\/v2\/types\/product"}],"replies":[{"embeddable":true,"href":"https:\/\/sxflightcase.com\/hu\/wp-json\/wp\/v2\/comments?post=1686"}],"version-history":[{"count":0,"href":"https:\/\/sxflightcase.com\/hu\/wp-json\/wp\/v2\/product\/1686\/revisions"}],"wp:featuredmedia":[{"embeddable":true,"href":"https:\/\/sxflightcase.com\/hu\/wp-json\/wp\/v2\/media\/1687"}],"wp:attachment":[{"href":"https:\/\/sxflightcase.com\/hu\/wp-json\/wp\/v2\/media?parent=1686"}],"wp:term":[{"taxonomy":"product_brand","embeddable":true,"href":"https:\/\/sxflightcase.com\/hu\/wp-json\/wp\/v2\/product_brand?post=1686"},{"taxonomy":"product_cat","embeddable":true,"href":"https:\/\/sxflightcase.com\/hu\/wp-json\/wp\/v2\/product_cat?post=1686"},{"taxonomy":"product_tag","embeddable":true,"href":"https:\/\/sxflightcase.com\/hu\/wp-json\/wp\/v2\/product_tag?post=1686"}],"curies":[{"name":"wp","href":"https:\/\/api.w.org\/{rel}","templated":true}]}}