{"id":1689,"date":"2024-05-10T04:02:58","date_gmt":"2024-05-10T03:02:58","guid":{"rendered":"https:\/\/sxpowercase.com\/?post_type=product&#038;p=1689"},"modified":"2024-06-25T09:47:31","modified_gmt":"2024-06-25T08:47:31","slug":"19-inch-rack-abs-flight-case","status":"publish","type":"product","link":"https:\/\/sxflightcase.com\/hu\/termek\/19-huvelykes-rack-abs-repulo-tok\/","title":{"rendered":"ABS 19 h\u00fcvelykes Rack Flight Case"},"content":{"rendered":"<p><strong>Term\u00e9k param\u00e9ter (specifik\u00e1ci\u00f3)<\/strong><\/p>\n<section class=\"table-wrap\">\n<table class=\"table\" width=\"100%\" cellspacing=\"0\" cellpadding=\"0\">\n<tbody>\n<tr class=\"firstRow\">\n<td width=\"134\">A term\u00e9k neve:<\/td>\n<td width=\"503\">ABS 19 h\u00fcvelykes rack rep\u00fcl\u0151 tok<\/td>\n<\/tr>\n<tr>\n<td width=\"134\">Anyag:<\/td>\n<td width=\"503\">ABS panel + Kr\u00f3mozott\/horganyzott hardver + Alum\u00ednium extrud\u00e1l\u00e1s<\/td>\n<\/tr>\n<tr>\n<td width=\"134\">Habszivacs b\u00e9l\u00e9s:<\/td>\n<td width=\"503\">Nem<\/td>\n<\/tr>\n<tr>\n<td width=\"134\">Sz\u00edn:<\/td>\n<td width=\"503\">Fekete (alap\u00e9rtelmezett sz\u00edn)<\/td>\n<\/tr>\n<tr>\n<td width=\"134\">\u00c1tfut\u00e1si id\u0151:<\/td>\n<td width=\"503\">Minta rendel\u00e9s 3 nap, norm\u00e1l rendel\u00e9s 7-15 nap<\/td>\n<\/tr>\n<tr>\n<td width=\"134\">M\u00e9ret:<\/td>\n<td width=\"503\">A berendez\u00e9s m\u00e9ret\u00e9t\u0151l f\u00fcgg<\/td>\n<\/tr>\n<\/tbody>\n<\/table>\n<\/section>\n<p>\u00c1tfut\u00e1si id\u0151:<\/p>\n<section class=\"table-wrap\">\n<table class=\"table\" width=\"100%\" cellspacing=\"0\" cellpadding=\"0\">\n<tbody>\n<tr class=\"firstRow\">\n<td>Mennyis\u00e9g (egys\u00e9g)<\/td>\n<td>1 &#8211; 50<\/td>\n<td>&gt;50<\/td>\n<\/tr>\n<tr>\n<td>Est. Id\u0151 (napok)<\/td>\n<td>5<\/td>\n<td>T\u00e1rgyaland\u00f3<\/td>\n<\/tr>\n<\/tbody>\n<\/table>\n<\/section>\n<h1>V\u00e9gs\u0151 v\u00e9delem az SX 19 h\u00fcvelykes ABS Rack Flight Case tokkal<\/h1>\n<h2>Robusztus \u00e9s megb\u00edzhat\u00f3<\/h2>\n<p>Az SX ABS 19 h\u00fcvelykes Rack Flight Case tokj\u00e1t \u00fagy tervezt\u00e9k, hogy t\u00f6k\u00e9letes v\u00e9delmet ny\u00fajtson \u00e9rt\u00e9kes felszerel\u00e9s\u00e9nek. A tart\u00f3s ABS m\u0171anyag konstrukci\u00f3 biztos\u00edtja, hogy felszerel\u00e9se biztons\u00e1gban maradjon az \u00fct\u00e9sekt\u0151l, karcol\u00e1sokt\u00f3l \u00e9s egy\u00e9b s\u00e9r\u00fcl\u00e9sekt\u0151l a sz\u00e1ll\u00edt\u00e1s sor\u00e1n. Ez a rep\u00fcl\u0151 tok t\u00f6k\u00e9letes zen\u00e9szek, hangm\u00e9rn\u00f6k\u00f6k \u00e9s b\u00e1rki sz\u00e1m\u00e1ra, akinek rackbe szerelt berendez\u00e9seket kell biztons\u00e1gosan sz\u00e1ll\u00edtani.<\/p>\n<h2>Gy\u00e1ri k\u00f6zvetlen \u00e9rt\u00e9kes\u00edt\u00e9s a maxim\u00e1lis \u00e9rt\u00e9k\u00e9rt<\/h2>\n<h3>Megfizethet\u0151 kiv\u00e1l\u00f3s\u00e1g<\/h3>\n<p>Az\u00e1ltal, hogy az ABS 19 h\u00fcvelykes Rack Flight Case-et gy\u00e1ri k\u00f6zvetlen \u00e9rt\u00e9kes\u00edt\u00e9ssel k\u00edn\u00e1ljuk, <a href=\"https:\/\/sxpowercase.com\/\" target=\"_blank\"  rel=\"noopener\" title=\"SX\"  data-wpil-monitor-id=\"469\">SX<\/a> garant\u00e1lja, hogy a legjobb \u00e9rt\u00e9ket kapja a befektet\u00e9s\u00e9\u00e9rt. A k\u00f6zvet\u00edt\u0151 kihagy\u00e1sa azt jelenti, hogy p\u00e9nzt takar\u00edthat meg, mik\u00f6zben kiv\u00e1l\u00f3 min\u0151s\u00e9g\u0171 v\u00e9delmet kap felszerel\u00e9se sz\u00e1m\u00e1ra. A k\u00f6zvetlen gy\u00e1ri \u00e9rt\u00e9kes\u00edt\u00e9s ir\u00e1nti elk\u00f6telezetts\u00e9g\u00fcnk biztos\u00edtja, hogy versenyk\u00e9pes \u00e1ron \u00e9lvezhesse a pr\u00e9mium min\u0151s\u00e9get.<\/p>\n<h2>Testreszabhat\u00f3 az \u00d6n ig\u00e9nyeihez<\/h2>\n<h3>Testre szabott megold\u00e1sok<\/h3>\n<p>Az SX meg\u00e9rti, hogy minden professzion\u00e1lis be\u00e1ll\u00edt\u00e1s egyedi. Ez\u00e9rt k\u00edn\u00e1lunk testreszab\u00e1si szolg\u00e1ltat\u00e1sokat az ABS 19 h\u00fcvelykes Rack Flight Case-hez. Ak\u00e1r k\u00fcl\u00f6nleges m\u00e9retekre, tov\u00e1bbi rekeszekre vagy k\u00fcl\u00f6nleges funkci\u00f3kra van sz\u00fcks\u00e9ge, a tokot az \u00d6n pontos ig\u00e9nyeihez tudjuk igaz\u00edtani. Tapasztalja meg a csak \u00d6nnek tervezett Flight Case k\u00e9nyelm\u00e9t \u00e9s biztons\u00e1g\u00e1t.<\/p>\n<h2>Emelje fel szakmai im\u00e1zs\u00e1t<\/h2>\n<h3>Professzion\u00e1lis \u00e9s megb\u00edzhat\u00f3<\/h3>\n<p>Az SX Rack Flight Case haszn\u00e1lat\u00e1val nem csak a felszerel\u00e9s\u00e9t v\u00e9di, hanem a professzion\u00e1lis im\u00e1zs\u00e1t is jav\u00edtja. A karcs\u00fa, robusztus kialak\u00edt\u00e1s t\u00fckr\u00f6zi a min\u0151s\u00e9g \u00e9s a megb\u00edzhat\u00f3s\u00e1g ir\u00e1nti elk\u00f6telezetts\u00e9g\u00e9t. Ny\u0171g\u00f6zze le \u00fcgyfeleit \u00e9s koll\u00e9g\u00e1it egy olyan rep\u00fcl\u0151 t\u00e1sk\u00e1val, amely funkcionalit\u00e1s\u00e1ban \u00e9s megjelen\u00e9s\u00e9ben egyar\u00e1nt megfelel, \u00e9s amely biztos\u00edtja, hogy felszerel\u00e9sei mindig kifog\u00e1stalan \u00e1llapotban \u00e9rkezzenek meg.<\/p>\n<hr \/>\n<p>V\u00e1lassza az SX ABS Flight Case-t a verhetetlen v\u00e9delem\u00e9rt, tart\u00f3ss\u00e1g\u00e9rt \u00e9s \u00e9rt\u00e9k\u00e9rt. L\u00e9pjen kapcsolatba vel\u00fcnk m\u00e9g ma, hogy felfedezze a gy\u00e1ri k\u00f6zvetlen \u00e9rt\u00e9kes\u00edt\u00e9si \u00e9s testreszab\u00e1si lehet\u0151s\u00e9geinket. Az SX-n\u00e9l felszerel\u00e9se mindig a legjobb kezekben van. Fektessen be a legjobbba, hogy kiemelje v\u00e1llalkoz\u00e1s\u00e1t \u00e9s megv\u00e9dje felszerel\u00e9s\u00e9t kiv\u00e9teles rep\u00fcl\u0151 tokjainkkal.<\/p>\n<p><strong>GYIK<\/strong><\/p>\n<p>1.Hogyan tudjuk garant\u00e1lni a min\u0151s\u00e9get?<\/p>\n<p>A sorozatgy\u00e1rt\u00e1s el\u0151tt mindig gy\u00e1rt\u00e1s el\u0151tti minta;<\/p>\n<p>Mindig v\u00e9gs\u0151 ellen\u0151rz\u00e9s a sz\u00e1ll\u00edt\u00e1s el\u0151tt;<\/p>\n<p>2.Mit v\u00e1s\u00e1rolhat t\u0151l\u00fcnk?<\/p>\n<p>Biztons\u00e1gi v\u00e9d\u0151burkolat, m\u0171anyag v\u00edz\u00e1ll\u00f3 burkolat, r\u00e9tegelt lemez burkolat<\/p>\n<p>3.Milyen szolg\u00e1ltat\u00e1sokat tudunk ny\u00fajtani?<\/p>\n<p>Elfogadott sz\u00e1ll\u00edt\u00e1si felt\u00e9telek: FOB, CFR, CIF, EXW, FCA, DDP, DDU, expressz sz\u00e1ll\u00edt\u00e1s\uff1b.<\/p>\n<p>Elfogadott fizet\u00e9si p\u00e9nznem:USD, EUR, CNY;<\/p>\n<p>Elfogadott fizet\u00e9si t\u00edpus: T\/T, L\/C, Western Union;<\/p>\n<p>Besz\u00e9lt nyelv: Angol, k\u00ednai<\/p>\n<p><strong>Szolg\u00e1ltat\u00e1sunk<\/strong><\/p>\n<p>1.T\u00f6bb professzion\u00e1lis szolg\u00e1ltat\u00e1s a csomagol\u00e1si \u00e9s nyomtat\u00e1si term\u00e9kek export\u00e1l\u00e1s\u00e1ban<\/p>\n<p>2.Better gy\u00e1rt\u00e1si k\u00e9pess\u00e9g<\/p>\n<p>3.Various fizet\u00e9si felt\u00e9tel v\u00e1lasztani: T \/ T, Western Union<\/p>\n<p>Hot Tags: Alacsony \u00e1r, rakt\u00e1ron, ingyenes minta, t\u00e1p- \u00e9s jelk\u00e1bel, 16 Gauge 4 vezet\u0151 vezet\u00e9k, mikrofon \u00e1llv\u00e1ny tok, k\u00fclt\u00e9ri Led kijelz\u0151szekr\u00e9ny, Rack Mount, 19\" Rackmount Mixer Flight Cases\uff0celektromos disztr\u00f3 doboz, K\u00edna, besz\u00e1ll\u00edt\u00f3k, gy\u00e1r, testreszabott, nagykereskedelem, <span style=\"color: #993366;\"><a style=\"color: #993366;\" href=\"https:\/\/sxflightcase.com\/hu\/product-category\/all-product\/power-distribution-boxes\/\">t\u00e1pegys\u00e9gek<\/a>,\u00a0<a style=\"color: #993366;\" href=\"https:\/\/sxflightcase.com\/hu\/product-category\/all-product\/hoist-controllers\/\">t\u00e1pk\u00e1belek<\/a>,\u00a0<a style=\"color: #993366;\" href=\"https:\/\/sxflightcase.com\/hu\/product-category\/all-product\/hoist-controllers\/\">emel\u0151g\u00e9p-vez\u00e9rl\u0151k<\/a>,\u00a0<a style=\"color: #993366;\" href=\"https:\/\/sxflightcase.com\/hu\/product-category\/all-product\/flight-case\/\">rep\u00fcl\u00e9si esetek.<\/a><\/span><\/p>","protected":false},"excerpt":{"rendered":"<h2 class=\"prodetails-name\">19 h\u00fcvelykes Rack ABS Flight Case<\/h2>\n<p>A 19 h\u00fcvelykes rack ABS rep\u00fcl\u00e9si tok k\u00e9sz\u00fclt fr\u00f6ccs\u00f6nt\u00e9ssel m\u0171szaki m\u0171anyagok nagy \u00fct\u00e9s\u00e1ll\u00f3s\u00e1g\u00fa, k\u00f6nny\u0171, kem\u00e9ny \u00e9s tart\u00f3s. A tok z\u00e1rja egy nagy szil\u00e1rds\u00e1g\u00fa fr\u00f6ccs\u00f6nt\u00f6tt alkatr\u00e9sz, \u00e9s akkor is t\u00f6rhetetlen lesz, ha viszonylag nagy \u00fct\u00e9st kap.<\/p>\n<h2><strong>Termel\u00e9si bevezet\u00e9s<\/strong><\/h2>\n<p>Ezt a 19 h\u00fcvelykes rack ABS rep\u00fcl\u0151 tokot kiv\u00e1l\u00f3 min\u0151s\u00e9g\u0171 anyagok felhaszn\u00e1l\u00e1s\u00e1val tervezt\u00e9k, ABS m\u0171anyagb\u00f3l \/ r\u00e9tegelt lemezb\u0151l, hab b\u00e9l\u00e9sb\u0151l, alum\u00ednium extrud\u00e1l\u00e1sb\u00f3l \u00e9s min\u0151s\u00e9gi hardverb\u0151l.<\/p>","protected":false},"featured_media":1691,"comment_status":"open","ping_status":"closed","template":"","meta":[],"product_brand":[],"product_cat":[35],"product_tag":[47],"class_list":{"0":"post-1689","1":"product","2":"type-product","3":"status-publish","4":"has-post-thumbnail","6":"product_cat-standard-rack-cases","7":"product_tag-abs","9":"first","10":"instock","11":"shipping-taxable","12":"product-type-simple"},"yoast_head":"<!-- This site is optimized with the Yoast SEO Premium plugin v27.1 (Yoast SEO v27.2) - https:\/\/yoast.com\/product\/yoast-seo-premium-wordpress\/ -->\n<title>ABS 19 Inch Rack Flight Case - https:\/\/sxflightcase.com \ud83d\udc97<\/title>\n<meta name=\"description\" content=\"19 Inch Rack ABS Flight Case: Discover our factory-direct options for professional-grade equipment protection and organization.\" \/>\n<meta name=\"robots\" content=\"index, follow, max-snippet:-1, max-image-preview:large, max-video-preview:-1\" \/>\n<link rel=\"canonical\" href=\"https:\/\/sxflightcase.com\/hu\/produkt\/19-tommer-rack-abs-flightcase\/\" \/>\n<meta property=\"og:locale\" content=\"hu_HU\" \/>\n<meta property=\"og:type\" content=\"article\" \/>\n<meta property=\"og:title\" content=\"ABS 19 Inch Rack Flight Case\" \/>\n<meta property=\"og:description\" content=\"19 Inch Rack ABS Flight Case: Discover our factory-direct options for professional-grade equipment protection and organization.\" \/>\n<meta property=\"og:url\" content=\"https:\/\/sxflightcase.com\/hu\/produkt\/19-tommer-rack-abs-flightcase\/\" \/>\n<meta property=\"og:site_name\" content=\"https:\/\/sxflightcase.com\" \/>\n<meta property=\"article:publisher\" content=\"https:\/\/www.facebook.com\/profile.php?id=61560407257971\" \/>\n<meta property=\"article:modified_time\" content=\"2024-06-25T08:47:31+00:00\" \/>\n<meta property=\"og:image\" content=\"https:\/\/sxflightcase.com\/wp-content\/uploads\/2024\/05\/19-inch-rack-abs-flight-case20596276911.webp\" \/>\n\t<meta property=\"og:image:width\" content=\"730\" \/>\n\t<meta property=\"og:image:height\" content=\"730\" \/>\n\t<meta property=\"og:image:type\" content=\"image\/webp\" \/>\n<meta name=\"twitter:card\" content=\"summary_large_image\" \/>\n<meta name=\"twitter:label1\" content=\"Becs\u00fclt olvas\u00e1si id\u0151\" \/>\n\t<meta name=\"twitter:data1\" content=\"3 perc\" \/>\n<script type=\"application\/ld+json\" class=\"yoast-schema-graph\">{\"@context\":\"https:\/\/schema.org\",\"@graph\":[{\"@type\":\"WebPage\",\"@id\":\"https:\/\/sxflightcase.com\/da\/produkt\/19-tommer-rack-abs-flightcase\/\",\"url\":\"https:\/\/sxflightcase.com\/da\/produkt\/19-tommer-rack-abs-flightcase\/\",\"name\":\"ABS 19 Inch Rack Flight Case - https:\/\/sxflightcase.com \ud83d\udc97\",\"isPartOf\":{\"@id\":\"https:\/\/sxflightcase.com\/th\/#website\"},\"primaryImageOfPage\":{\"@id\":\"https:\/\/sxflightcase.com\/da\/produkt\/19-tommer-rack-abs-flightcase\/#primaryimage\"},\"image\":{\"@id\":\"https:\/\/sxflightcase.com\/da\/produkt\/19-tommer-rack-abs-flightcase\/#primaryimage\"},\"thumbnailUrl\":\"https:\/\/sxflightcase.com\/wp-content\/uploads\/2024\/05\/19-inch-rack-abs-flight-case20596276911.webp\",\"datePublished\":\"2024-05-10T03:02:58+00:00\",\"dateModified\":\"2024-06-25T08:47:31+00:00\",\"description\":\"19 Inch Rack ABS Flight Case: Discover our factory-direct options for professional-grade equipment protection and organization.\",\"breadcrumb\":{\"@id\":\"https:\/\/sxflightcase.com\/da\/produkt\/19-tommer-rack-abs-flightcase\/#breadcrumb\"},\"inLanguage\":\"hu\",\"potentialAction\":[{\"@type\":\"ReadAction\",\"target\":[\"https:\/\/sxflightcase.com\/da\/produkt\/19-tommer-rack-abs-flightcase\/\"]}]},{\"@type\":\"ImageObject\",\"inLanguage\":\"hu\",\"@id\":\"https:\/\/sxflightcase.com\/da\/produkt\/19-tommer-rack-abs-flightcase\/#primaryimage\",\"url\":\"https:\/\/sxflightcase.com\/wp-content\/uploads\/2024\/05\/19-inch-rack-abs-flight-case20596276911.webp\",\"contentUrl\":\"https:\/\/sxflightcase.com\/wp-content\/uploads\/2024\/05\/19-inch-rack-abs-flight-case20596276911.webp\",\"width\":730,\"height\":730,\"caption\":\"19 Inch Rack ABS Flight Case\"},{\"@type\":\"BreadcrumbList\",\"@id\":\"https:\/\/sxflightcase.com\/da\/produkt\/19-tommer-rack-abs-flightcase\/#breadcrumb\",\"itemListElement\":[{\"@type\":\"ListItem\",\"position\":1,\"name\":\"Home\",\"item\":\"https:\/\/sxflightcase.com\/\"},{\"@type\":\"ListItem\",\"position\":2,\"name\":\"\u0e2a\u0e34\u0e19\u0e04\u0e49\u0e32\",\"item\":\"https:\/\/sxflightcase.com\/th\/shop\/\"},{\"@type\":\"ListItem\",\"position\":3,\"name\":\"ABS 19 Inch Rack Flight Case\"}]},{\"@type\":\"WebSite\",\"@id\":\"https:\/\/sxflightcase.com\/th\/#website\",\"url\":\"https:\/\/sxflightcase.com\/th\/\",\"name\":\"sxpowercase.com\",\"description\":\"Flight Case Factory\",\"publisher\":{\"@id\":\"https:\/\/sxflightcase.com\/th\/#organization\"},\"potentialAction\":[{\"@type\":\"SearchAction\",\"target\":{\"@type\":\"EntryPoint\",\"urlTemplate\":\"https:\/\/sxflightcase.com\/th\/?s={search_term_string}\"},\"query-input\":{\"@type\":\"PropertyValueSpecification\",\"valueRequired\":true,\"valueName\":\"search_term_string\"}}],\"inLanguage\":\"hu\"},{\"@type\":\"Organization\",\"@id\":\"https:\/\/sxflightcase.com\/th\/#organization\",\"name\":\"sxpowercase.com\",\"url\":\"https:\/\/sxflightcase.com\/th\/\",\"logo\":{\"@type\":\"ImageObject\",\"inLanguage\":\"hu\",\"@id\":\"https:\/\/sxflightcase.com\/th\/#\/schema\/logo\/image\/\",\"url\":\"https:\/\/sxflightcase.com\/wp-content\/uploads\/2024\/04\/1713919036007.jpg\",\"contentUrl\":\"https:\/\/sxflightcase.com\/wp-content\/uploads\/2024\/04\/1713919036007.jpg\",\"width\":382,\"height\":388,\"caption\":\"sxpowercase.com\"},\"image\":{\"@id\":\"https:\/\/sxflightcase.com\/th\/#\/schema\/logo\/image\/\"},\"sameAs\":[\"https:\/\/www.facebook.com\/profile.php?id=61560407257971\"],\"numberOfEmployees\":{\"@type\":\"QuantitativeValue\",\"minValue\":\"11\",\"maxValue\":\"50\"}}]}<\/script>\n<!-- \/ Yoast SEO Premium plugin. -->","yoast_head_json":{"title":"ABS 19 Inch Rack Flight Case - https:\/\/sxflightcase.com \ud83d\udc97","description":"19 h\u00fcvelykes Rack ABS Flight Case: Fedezze fel a professzion\u00e1lis min\u0151s\u00e9g\u0171 berendez\u00e9sek v\u00e9delm\u00e9re \u00e9s szervez\u00e9s\u00e9re szolg\u00e1l\u00f3 gy\u00e1ri k\u00f6zvetlen lehet\u0151s\u00e9geinket.","robots":{"index":"index","follow":"follow","max-snippet":"max-snippet:-1","max-image-preview":"max-image-preview:large","max-video-preview":"max-video-preview:-1"},"canonical":"https:\/\/sxflightcase.com\/hu\/produkt\/19-tommer-rack-abs-flightcase\/","og_locale":"hu_HU","og_type":"article","og_title":"ABS 19 Inch Rack Flight Case","og_description":"19 Inch Rack ABS Flight Case: Discover our factory-direct options for professional-grade equipment protection and organization.","og_url":"https:\/\/sxflightcase.com\/hu\/produkt\/19-tommer-rack-abs-flightcase\/","og_site_name":"https:\/\/sxflightcase.com","article_publisher":"https:\/\/www.facebook.com\/profile.php?id=61560407257971","article_modified_time":"2024-06-25T08:47:31+00:00","og_image":[{"width":730,"height":730,"url":"https:\/\/sxflightcase.com\/wp-content\/uploads\/2024\/05\/19-inch-rack-abs-flight-case20596276911.webp","type":"image\/webp"}],"twitter_card":"summary_large_image","twitter_misc":{"Becs\u00fclt olvas\u00e1si id\u0151":"3 perc"},"schema":{"@context":"https:\/\/schema.org","@graph":[{"@type":"WebPage","@id":"https:\/\/sxflightcase.com\/da\/produkt\/19-tommer-rack-abs-flightcase\/","url":"https:\/\/sxflightcase.com\/da\/produkt\/19-tommer-rack-abs-flightcase\/","name":"ABS 19 Inch Rack Flight Case - https:\/\/sxflightcase.com \ud83d\udc97","isPartOf":{"@id":"https:\/\/sxflightcase.com\/th\/#website"},"primaryImageOfPage":{"@id":"https:\/\/sxflightcase.com\/da\/produkt\/19-tommer-rack-abs-flightcase\/#primaryimage"},"image":{"@id":"https:\/\/sxflightcase.com\/da\/produkt\/19-tommer-rack-abs-flightcase\/#primaryimage"},"thumbnailUrl":"https:\/\/sxflightcase.com\/wp-content\/uploads\/2024\/05\/19-inch-rack-abs-flight-case20596276911.webp","datePublished":"2024-05-10T03:02:58+00:00","dateModified":"2024-06-25T08:47:31+00:00","description":"19 h\u00fcvelykes Rack ABS Flight Case: Fedezze fel a professzion\u00e1lis min\u0151s\u00e9g\u0171 berendez\u00e9sek v\u00e9delm\u00e9re \u00e9s szervez\u00e9s\u00e9re szolg\u00e1l\u00f3 gy\u00e1ri k\u00f6zvetlen lehet\u0151s\u00e9geinket.","breadcrumb":{"@id":"https:\/\/sxflightcase.com\/da\/produkt\/19-tommer-rack-abs-flightcase\/#breadcrumb"},"inLanguage":"hu","potentialAction":[{"@type":"ReadAction","target":["https:\/\/sxflightcase.com\/da\/produkt\/19-tommer-rack-abs-flightcase\/"]}]},{"@type":"ImageObject","inLanguage":"hu","@id":"https:\/\/sxflightcase.com\/da\/produkt\/19-tommer-rack-abs-flightcase\/#primaryimage","url":"https:\/\/sxflightcase.com\/wp-content\/uploads\/2024\/05\/19-inch-rack-abs-flight-case20596276911.webp","contentUrl":"https:\/\/sxflightcase.com\/wp-content\/uploads\/2024\/05\/19-inch-rack-abs-flight-case20596276911.webp","width":730,"height":730,"caption":"19 Inch Rack ABS Flight Case"},{"@type":"BreadcrumbList","@id":"https:\/\/sxflightcase.com\/da\/produkt\/19-tommer-rack-abs-flightcase\/#breadcrumb","itemListElement":[{"@type":"ListItem","position":1,"name":"Home","item":"https:\/\/sxflightcase.com\/"},{"@type":"ListItem","position":2,"name":"\u0e2a\u0e34\u0e19\u0e04\u0e49\u0e32","item":"https:\/\/sxflightcase.com\/th\/shop\/"},{"@type":"ListItem","position":3,"name":"ABS 19 Inch Rack Flight Case"}]},{"@type":"WebSite","@id":"https:\/\/sxflightcase.com\/th\/#website","url":"https:\/\/sxflightcase.com\/th\/","name":"sxpowercase.com","description":"Flight Case Factory","publisher":{"@id":"https:\/\/sxflightcase.com\/th\/#organization"},"potentialAction":[{"@type":"SearchAction","target":{"@type":"EntryPoint","urlTemplate":"https:\/\/sxflightcase.com\/th\/?s={search_term_string}"},"query-input":{"@type":"PropertyValueSpecification","valueRequired":true,"valueName":"search_term_string"}}],"inLanguage":"hu"},{"@type":"Organization","@id":"https:\/\/sxflightcase.com\/th\/#organization","name":"sxpowercase.com","url":"https:\/\/sxflightcase.com\/th\/","logo":{"@type":"ImageObject","inLanguage":"hu","@id":"https:\/\/sxflightcase.com\/th\/#\/schema\/logo\/image\/","url":"https:\/\/sxflightcase.com\/wp-content\/uploads\/2024\/04\/1713919036007.jpg","contentUrl":"https:\/\/sxflightcase.com\/wp-content\/uploads\/2024\/04\/1713919036007.jpg","width":382,"height":388,"caption":"sxpowercase.com"},"image":{"@id":"https:\/\/sxflightcase.com\/th\/#\/schema\/logo\/image\/"},"sameAs":["https:\/\/www.facebook.com\/profile.php?id=61560407257971"],"numberOfEmployees":{"@type":"QuantitativeValue","minValue":"11","maxValue":"50"}}]}},"_links":{"self":[{"href":"https:\/\/sxflightcase.com\/hu\/wp-json\/wp\/v2\/product\/1689","targetHints":{"allow":["GET"]}}],"collection":[{"href":"https:\/\/sxflightcase.com\/hu\/wp-json\/wp\/v2\/product"}],"about":[{"href":"https:\/\/sxflightcase.com\/hu\/wp-json\/wp\/v2\/types\/product"}],"replies":[{"embeddable":true,"href":"https:\/\/sxflightcase.com\/hu\/wp-json\/wp\/v2\/comments?post=1689"}],"version-history":[{"count":0,"href":"https:\/\/sxflightcase.com\/hu\/wp-json\/wp\/v2\/product\/1689\/revisions"}],"wp:featuredmedia":[{"embeddable":true,"href":"https:\/\/sxflightcase.com\/hu\/wp-json\/wp\/v2\/media\/1691"}],"wp:attachment":[{"href":"https:\/\/sxflightcase.com\/hu\/wp-json\/wp\/v2\/media?parent=1689"}],"wp:term":[{"taxonomy":"product_brand","embeddable":true,"href":"https:\/\/sxflightcase.com\/hu\/wp-json\/wp\/v2\/product_brand?post=1689"},{"taxonomy":"product_cat","embeddable":true,"href":"https:\/\/sxflightcase.com\/hu\/wp-json\/wp\/v2\/product_cat?post=1689"},{"taxonomy":"product_tag","embeddable":true,"href":"https:\/\/sxflightcase.com\/hu\/wp-json\/wp\/v2\/product_tag?post=1689"}],"curies":[{"name":"wp","href":"https:\/\/api.w.org\/{rel}","templated":true}]}}