{"id":1702,"date":"2024-05-10T04:27:09","date_gmt":"2024-05-10T03:27:09","guid":{"rendered":"https:\/\/sxpowercase.com\/?post_type=product&#038;p=1702"},"modified":"2024-06-14T08:03:45","modified_gmt":"2024-06-14T07:03:45","slug":"lighting-rack-case","status":"publish","type":"product","link":"https:\/\/sxflightcase.com\/hu\/termek\/vilagito-allvany-tok\/","title":{"rendered":"Vil\u00e1g\u00edt\u00e1s Rack tok"},"content":{"rendered":"<h3><strong>Term\u00e9k param\u00e9ter (specifik\u00e1ci\u00f3)<\/strong><\/h3>\n<section class=\"table-wrap\">\n<table class=\"table\" width=\"100%\" cellspacing=\"0\" cellpadding=\"0\">\n<tbody>\n<tr class=\"firstRow\">\n<td>Term\u00e9k neve<\/td>\n<td>Vil\u00e1g\u00edt\u00f3 \u00e1llv\u00e1ny tok<\/td>\n<\/tr>\n<tr>\n<td>Anyag<\/td>\n<td>Alum\u00ednium keret + t\u0171z\u00e1ll\u00f3 +12mm r\u00e9tegelt lemez<\/td>\n<\/tr>\n<tr>\n<td>Bel\u00fcl<\/td>\n<td>Nagy s\u0171r\u0171s\u00e9g\u0171 \u00fct\u00e9s\u00e1ll\u00f3 hab<\/td>\n<\/tr>\n<tr>\n<td>M\u00e9ret<\/td>\n<td>Testre szabhat\u00f3<\/td>\n<\/tr>\n<tr>\n<td>Tartoz\u00e9kok<\/td>\n<td>N\u00e9gy pillang\u00f3z\u00e1r, n\u00e9gy ker\u00e9k a k\u00f6nny\u0171 sz\u00e1ll\u00edt\u00e1shoz, n\u00e9gy er\u0151s foganty\u00fa<\/td>\n<\/tr>\n<tr>\n<td>Custom<\/td>\n<td>Mindenf\u00e9le testreszab\u00e1st \u00fcdv\u00f6z\u00f6l\u00fcnk, mint p\u00e9ld\u00e1ul az alum\u00ednium tok anyaga, m\u00e9rete, bels\u0151 t\u00f6ltel\u00e9kek, foganty\u00fak, z\u00e1rak \u00e9s \u00edgy tov\u00e1bb.<\/td>\n<\/tr>\n<tr>\n<td>Mintav\u00e9teli id\u0151<\/td>\n<td>K\u00f6r\u00fclbel\u00fcl 3-5 munkanap<\/td>\n<\/tr>\n<tr>\n<td>Hivatalos rendel\u00e9si id\u0151<\/td>\n<td>kb. 15-20 nap<\/td>\n<\/tr>\n<tr>\n<td>Csomagol\u00e1s<\/td>\n<td>Bubor\u00e9kos zs\u00e1k + karton<\/td>\n<\/tr>\n<\/tbody>\n<\/table>\n<\/section>\n<p><strong>A term\u00e9k jellemz\u0151je \u00e9s alkalmaz\u00e1sa<\/strong><\/p>\n<p>A sz\u00ednpadi \u00e9s sz\u00ednh\u00e1zi, filmes \u00e9s telev\u00edzi\u00f3s vagy \u00e9p\u00edt\u00e9szeti vil\u00e1g\u00edt\u00e1s neh\u00e9z, k\u00e9nyes, k\u00e9nyelmetlen t\u00e1rolni \u00e9s dr\u00e1ga kicser\u00e9lni, ez\u00e9rt a vil\u00e1g\u00edt\u00e1sban v\u00e9dve kell lenni\u00fck. <a class=\"wpil_keyword_link\" href=\"https:\/\/sxpowercase.com\/product-category\/all-product\/flight-case\/\" target=\"_blank\" rel=\"noopener\" title=\"rep\u00fcl\u0151t\u00e1ska\" data-wpil-keyword-link=\"linked\" data-wpil-monitor-id=\"408\">rep\u00fcl\u0151t\u00e1ska<\/a> megoldja ezeket a probl\u00e9m\u00e1kat.<\/p>\n<p><img decoding=\"async\" title=\"1\" src=\"https:\/\/www.sxprocase.com\/Content\/uploads\/2021794209\/20210624112420da3df5ad56c64e14aa51e8d7a74b14aa.jpg\" alt=\"1\" \/><\/p>\n<p><strong>A gy\u00e1rt\u00e1s r\u00e9szletei<\/strong><\/p>\n<p><img decoding=\"async\" title=\"_MG_6743\" src=\"https:\/\/www.sxprocase.com\/Content\/uploads\/2021794209\/2021062411241239305641545f4d76940a059b0763885b.jpg\" \/><\/p>\n<p><img decoding=\"async\" title=\"144264-015\" src=\"https:\/\/www.sxprocase.com\/Content\/uploads\/2021794209\/20210624112412ad80be4ea75f447b99a3e9e724d4f174.jpg\" \/><\/p>\n<p><img decoding=\"async\" title=\"vil\u00e1g\u00edt\u00f3 rep\u00fcl\u0151 tok\" src=\"https:\/\/www.sxprocase.com\/Content\/uploads\/2021794209\/202106241124130d9ed75d0f314ba389a2f0bee14bbf47.jpg\" \/><\/p>\n<p><strong>Csomagol\u00e1s \u00e9s sz\u00e1ll\u00edt\u00e1s<\/strong><\/p>\n<section class=\"table-wrap\">\n<table class=\"table\" width=\"100%\" cellspacing=\"0\" cellpadding=\"0\">\n<tbody>\n<tr class=\"firstRow\">\n<td colspan=\"3\" width=\"100%\">Csomagol\u00e1s \u00e9s sz\u00e1ll\u00edt\u00e1s<\/td>\n<\/tr>\n<tr>\n<td rowspan=\"3\" width=\"33%\">Sz\u00e1ll\u00edt\u00e1si id\u0151<\/td>\n<td width=\"33%\">Tengeren<\/td>\n<td width=\"33%\">15-60 nap<\/td>\n<\/tr>\n<tr>\n<td width=\"33%\">Rep\u00fcl\u0151vel<\/td>\n<td width=\"33%\">4-9 nap<\/td>\n<\/tr>\n<tr>\n<td width=\"33%\">Expresszel<\/td>\n<td width=\"33%\">4-9 nap<\/td>\n<\/tr>\n<tr>\n<td width=\"33%\">Sz\u00e1ll\u00edt\u00e1si id\u0151<\/td>\n<td colspan=\"2\" width=\"66%\">7-15 munka vagy az \u00d6n ig\u00e9nyei szerint<\/td>\n<\/tr>\n<tr>\n<td width=\"33%\">Csomagol\u00e1s<\/td>\n<td colspan=\"2\" width=\"66%\">Kartononk\u00e9nt vagy az \u00d6n ig\u00e9nye szerint<\/td>\n<\/tr>\n<\/tbody>\n<\/table>\n<\/section>\n<p><strong>T\u00f6bb r\u00f3lunk<\/strong><\/p>\n<p>Az \u00e9vek sor\u00e1n az integrit\u00e1s, a szakmais\u00e1g, a kiv\u00e1l\u00f3 \u00e1r filoz\u00f3fia, hogy megnyerje a bizalmat az \u00fcgyfelek, a term\u00e9kek \u00e9rt\u00e9kes\u00edtett az eg\u00e9sz orsz\u00e1gban \u00e9s a tengerent\u00falon, mi m\u00e9g mindig \u00f6sszhangban \"a min\u0151s\u00e9g a szakmai \u00f6nt\u00f6tt, integrit\u00e1s siker \u00e9rt\u00e9k\" minden \u00fcgyf\u00e9l sz\u00e1m\u00e1ra.<\/p>\n<p><strong>Termel\u00e9si folyamat<\/strong><\/p>\n<p><img decoding=\"async\" title=\"2\" src=\"https:\/\/www.sxprocase.com\/Content\/uploads\/2021794209\/20210624112358acdb1995a8b84c9381b95906f4f15bd4.jpg\" alt=\"2\" \/><\/p>\n<p><strong>GYIK<\/strong><\/p>\n<p>K: H\u00e1ny k\u00fcl\u00f6nb\u00f6z\u0151 t\u00edpus\u00fa term\u00e9ket gy\u00e1rt a v\u00e1llalat?<\/p>\n<p>V: Jelenleg t\u00f6bb mint 1000 term\u00e9k\u00fcnk van. Van egy er\u0151s el\u0151nye az OEM-nek, csak adja meg nek\u00fcnk a t\u00e9nyleges term\u00e9keket vagy az \u00d6n \u00f6tlet\u00e9t, amit szeretne, mi gy\u00e1rtunk \u00d6nnek.<\/p>\n<p>K: Mi a MOQ?<\/p>\n<p>V: Ha a term\u00e9kek rakt\u00e1ron vannak, akkor nem lesz MOQ. Ha gy\u00e1rtani kell, akkor a MOQ-t az \u00fcgyf\u00e9l pontos helyzet\u00e9nek megfelel\u0151en tudjuk megvitatni.<\/p>\n<p>K: Mennyi a sz\u00e1ll\u00edt\u00e1si id\u0151?<\/p>\n<p>V: Az \u00e1ltal\u00e1nos sz\u00e1ll\u00edt\u00e1si id\u0151 15-20 nap a megrendel\u00e9s visszaigazol\u00e1sa ut\u00e1n. M\u00e1sik, ha az \u00e1ru rakt\u00e1ron van, csak 1-2 napot vesz ig\u00e9nybe.<\/p>\n<p>Hot Tags: Alacsony \u00e1r, rakt\u00e1ron, ingyenes minta, t\u00e1p- \u00e9s jelk\u00e1bel, 16 Gauge 4 vezet\u0151 vezet\u00e9k, mikrofon \u00e1llv\u00e1ny tok, k\u00fclt\u00e9ri Led kijelz\u0151szekr\u00e9ny, Rack Mount, 19\" Rackmount Mixer Flight Cases\uff0celektromos disztr\u00f3 doboz, K\u00edna, besz\u00e1ll\u00edt\u00f3k, gy\u00e1r, testreszabott, nagykereskedelem, <span style=\"color: #993366;\"><a style=\"color: #993366;\" href=\"https:\/\/sxflightcase.com\/hu\/product-category\/all-product\/power-distribution-boxes\/\">t\u00e1pegys\u00e9gek<\/a>,\u00a0<a style=\"color: #993366;\" href=\"https:\/\/sxflightcase.com\/hu\/product-category\/all-product\/hoist-controllers\/\">t\u00e1pk\u00e1belek<\/a>,\u00a0<a style=\"color: #993366;\" href=\"https:\/\/sxflightcase.com\/hu\/product-category\/all-product\/hoist-controllers\/\">emel\u0151g\u00e9p-vez\u00e9rl\u0151k<\/a>,\u00a0<a style=\"color: #993366;\" href=\"https:\/\/sxflightcase.com\/hu\/product-category\/all-product\/flight-case\/\">rep\u00fcl\u00e9si esetek.<\/a><\/span><\/p>","protected":false},"excerpt":{"rendered":"<h2 class=\"prodetails-name\">Vil\u00e1g\u00edt\u00e1s Rack tok<\/h2>\n<p>\u00d6r\u00f6mmel k\u00edn\u00e1lunk egy sor robusztus utaz\u00e1si megold\u00e1st az ipar\u00e1gban dolgoz\u00f3 szakemberek sz\u00e1m\u00e1ra, hogy biztons\u00e1gosan sz\u00e1ll\u00edts\u00e1k \u00e9s t\u00e1rolj\u00e1k mozg\u00f3 fejeiket vagy hasonl\u00f3kat. Az \u00e9vek sor\u00e1n sok \u00f3r\u00e1t t\u00f6lt\u00f6tt\u00fcnk azzal, hogy megtervezz\u00fck a t\u00f6k\u00e9letes megold\u00e1st szeretett l\u00e1mp\u00e1inak s\u00e9r\u00fcl\u00e9sekt\u0151l val\u00f3 f\u00e9lelem n\u00e9lk\u00fcli sz\u00e1ll\u00edt\u00e1s\u00e1ra.<\/p>\n<h2><strong>Termel\u00e9si bevezet\u00e9s<\/strong><\/h2>\n<p>Vil\u00e1g\u00edt\u00f3 \u00e1llv\u00e1ny tok<\/p>\n<p>- Er\u0151s rep\u00fcl\u00e9s k\u00f6z\u00fati tok k\u00f6nny\u0171 r\u00f6gz\u00edt\u0151 illeszked\u00e9s \u00e9s nyelv<\/p>\n<p>- 9\/12mm t\u0171z\u00e1ll\u00f3 r\u00e9tegelt r\u00e9tegelt lemez<\/p>\n<p>- Kett\u0151s horgonyszegecsek Nagy s\u0171r\u0171s\u00e9g\u0171 hab bels\u0151 t\u00e1masz \u00e9s burkolat<\/p>\n<p>- S\u00fcllyesztett rug\u00f3s foganty\u00fak oldalank\u00e9nt neh\u00e9z \u00e9s er\u0151s ac\u00e9l goly\u00f3s sarkok<\/p>","protected":false},"featured_media":1703,"comment_status":"open","ping_status":"closed","template":"","meta":[],"product_brand":[],"product_cat":[41],"product_tag":[],"class_list":{"0":"post-1702","1":"product","2":"type-product","3":"status-publish","4":"has-post-thumbnail","6":"product_cat-equipment-cases","8":"first","9":"instock","10":"shipping-taxable","11":"product-type-simple"},"yoast_head":"<!-- This site is optimized with the Yoast SEO Premium plugin v27.1 (Yoast SEO v27.2) - https:\/\/yoast.com\/product\/yoast-seo-premium-wordpress\/ -->\n<title>Lighting Rack Case - https:\/\/sxflightcase.com \ud83d\udc97<\/title>\n<meta name=\"description\" content=\"Lighting Rack Case: Explore factory-direct sales and professional customization options for organizing and protecting your lighting equipment efficiently\" \/>\n<meta name=\"robots\" content=\"index, follow, max-snippet:-1, max-image-preview:large, max-video-preview:-1\" \/>\n<link rel=\"canonical\" href=\"https:\/\/sxflightcase.com\/hu\/produto\/caixa-de-iluminacao\/\" \/>\n<meta property=\"og:locale\" content=\"hu_HU\" \/>\n<meta property=\"og:type\" content=\"article\" \/>\n<meta property=\"og:title\" content=\"Lighting Rack Case\" \/>\n<meta property=\"og:description\" content=\"Lighting Rack Case: Explore factory-direct sales and professional customization options for organizing and protecting your lighting equipment efficiently\" \/>\n<meta property=\"og:url\" content=\"https:\/\/sxflightcase.com\/hu\/produto\/caixa-de-iluminacao\/\" \/>\n<meta property=\"og:site_name\" content=\"https:\/\/sxflightcase.com\" \/>\n<meta property=\"article:publisher\" content=\"https:\/\/www.facebook.com\/profile.php?id=61560407257971\" \/>\n<meta property=\"article:modified_time\" content=\"2024-06-14T07:03:45+00:00\" \/>\n<meta property=\"og:image\" content=\"https:\/\/sxflightcase.com\/wp-content\/uploads\/2024\/05\/lighting-rack-case24311635813.webp\" \/>\n\t<meta property=\"og:image:width\" content=\"750\" \/>\n\t<meta property=\"og:image:height\" content=\"750\" \/>\n\t<meta property=\"og:image:type\" content=\"image\/webp\" \/>\n<meta name=\"twitter:card\" content=\"summary_large_image\" \/>\n<meta name=\"twitter:label1\" content=\"Becs\u00fclt olvas\u00e1si id\u0151\" \/>\n\t<meta name=\"twitter:data1\" content=\"4 perc\" \/>\n<script type=\"application\/ld+json\" class=\"yoast-schema-graph\">{\"@context\":\"https:\/\/schema.org\",\"@graph\":[{\"@type\":\"WebPage\",\"@id\":\"https:\/\/sxflightcase.com\/pt\/produto\/caixa-de-iluminacao\/\",\"url\":\"https:\/\/sxflightcase.com\/pt\/produto\/caixa-de-iluminacao\/\",\"name\":\"Lighting Rack Case - https:\/\/sxflightcase.com \ud83d\udc97\",\"isPartOf\":{\"@id\":\"https:\/\/sxflightcase.com\/th\/#website\"},\"primaryImageOfPage\":{\"@id\":\"https:\/\/sxflightcase.com\/pt\/produto\/caixa-de-iluminacao\/#primaryimage\"},\"image\":{\"@id\":\"https:\/\/sxflightcase.com\/pt\/produto\/caixa-de-iluminacao\/#primaryimage\"},\"thumbnailUrl\":\"https:\/\/sxflightcase.com\/wp-content\/uploads\/2024\/05\/lighting-rack-case24311635813.webp\",\"datePublished\":\"2024-05-10T03:27:09+00:00\",\"dateModified\":\"2024-06-14T07:03:45+00:00\",\"description\":\"Lighting Rack Case: Explore factory-direct sales and professional customization options for organizing and protecting your lighting equipment efficiently\",\"breadcrumb\":{\"@id\":\"https:\/\/sxflightcase.com\/pt\/produto\/caixa-de-iluminacao\/#breadcrumb\"},\"inLanguage\":\"hu\",\"potentialAction\":[{\"@type\":\"ReadAction\",\"target\":[\"https:\/\/sxflightcase.com\/pt\/produto\/caixa-de-iluminacao\/\"]}]},{\"@type\":\"ImageObject\",\"inLanguage\":\"hu\",\"@id\":\"https:\/\/sxflightcase.com\/pt\/produto\/caixa-de-iluminacao\/#primaryimage\",\"url\":\"https:\/\/sxflightcase.com\/wp-content\/uploads\/2024\/05\/lighting-rack-case24311635813.webp\",\"contentUrl\":\"https:\/\/sxflightcase.com\/wp-content\/uploads\/2024\/05\/lighting-rack-case24311635813.webp\",\"width\":750,\"height\":750,\"caption\":\"Lighting Rack Case\"},{\"@type\":\"BreadcrumbList\",\"@id\":\"https:\/\/sxflightcase.com\/pt\/produto\/caixa-de-iluminacao\/#breadcrumb\",\"itemListElement\":[{\"@type\":\"ListItem\",\"position\":1,\"name\":\"Home\",\"item\":\"https:\/\/sxflightcase.com\/\"},{\"@type\":\"ListItem\",\"position\":2,\"name\":\"\u0e2a\u0e34\u0e19\u0e04\u0e49\u0e32\",\"item\":\"https:\/\/sxflightcase.com\/th\/shop\/\"},{\"@type\":\"ListItem\",\"position\":3,\"name\":\"Lighting Rack Case\"}]},{\"@type\":\"WebSite\",\"@id\":\"https:\/\/sxflightcase.com\/th\/#website\",\"url\":\"https:\/\/sxflightcase.com\/th\/\",\"name\":\"sxpowercase.com\",\"description\":\"Flight Case Factory\",\"publisher\":{\"@id\":\"https:\/\/sxflightcase.com\/th\/#organization\"},\"potentialAction\":[{\"@type\":\"SearchAction\",\"target\":{\"@type\":\"EntryPoint\",\"urlTemplate\":\"https:\/\/sxflightcase.com\/th\/?s={search_term_string}\"},\"query-input\":{\"@type\":\"PropertyValueSpecification\",\"valueRequired\":true,\"valueName\":\"search_term_string\"}}],\"inLanguage\":\"hu\"},{\"@type\":\"Organization\",\"@id\":\"https:\/\/sxflightcase.com\/th\/#organization\",\"name\":\"sxpowercase.com\",\"url\":\"https:\/\/sxflightcase.com\/th\/\",\"logo\":{\"@type\":\"ImageObject\",\"inLanguage\":\"hu\",\"@id\":\"https:\/\/sxflightcase.com\/th\/#\/schema\/logo\/image\/\",\"url\":\"https:\/\/sxflightcase.com\/wp-content\/uploads\/2024\/04\/1713919036007.jpg\",\"contentUrl\":\"https:\/\/sxflightcase.com\/wp-content\/uploads\/2024\/04\/1713919036007.jpg\",\"width\":382,\"height\":388,\"caption\":\"sxpowercase.com\"},\"image\":{\"@id\":\"https:\/\/sxflightcase.com\/th\/#\/schema\/logo\/image\/\"},\"sameAs\":[\"https:\/\/www.facebook.com\/profile.php?id=61560407257971\"],\"numberOfEmployees\":{\"@type\":\"QuantitativeValue\",\"minValue\":\"11\",\"maxValue\":\"50\"}}]}<\/script>\n<!-- \/ Yoast SEO Premium plugin. -->","yoast_head_json":{"title":"Lighting Rack Case - https:\/\/sxflightcase.com \ud83d\udc97","description":"Lighting Rack Case: Fedezze fel a gy\u00e1ri k\u00f6zvetlen \u00e9rt\u00e9kes\u00edt\u00e9s \u00e9s a professzion\u00e1lis testreszab\u00e1si lehet\u0151s\u00e9geket a vil\u00e1g\u00edt\u00e1si berendez\u00e9sek hat\u00e9kony szervez\u00e9s\u00e9hez \u00e9s v\u00e9delm\u00e9hez.","robots":{"index":"index","follow":"follow","max-snippet":"max-snippet:-1","max-image-preview":"max-image-preview:large","max-video-preview":"max-video-preview:-1"},"canonical":"https:\/\/sxflightcase.com\/hu\/produto\/caixa-de-iluminacao\/","og_locale":"hu_HU","og_type":"article","og_title":"Lighting Rack Case","og_description":"Lighting Rack Case: Explore factory-direct sales and professional customization options for organizing and protecting your lighting equipment efficiently","og_url":"https:\/\/sxflightcase.com\/hu\/produto\/caixa-de-iluminacao\/","og_site_name":"https:\/\/sxflightcase.com","article_publisher":"https:\/\/www.facebook.com\/profile.php?id=61560407257971","article_modified_time":"2024-06-14T07:03:45+00:00","og_image":[{"width":750,"height":750,"url":"https:\/\/sxflightcase.com\/wp-content\/uploads\/2024\/05\/lighting-rack-case24311635813.webp","type":"image\/webp"}],"twitter_card":"summary_large_image","twitter_misc":{"Becs\u00fclt olvas\u00e1si id\u0151":"4 perc"},"schema":{"@context":"https:\/\/schema.org","@graph":[{"@type":"WebPage","@id":"https:\/\/sxflightcase.com\/pt\/produto\/caixa-de-iluminacao\/","url":"https:\/\/sxflightcase.com\/pt\/produto\/caixa-de-iluminacao\/","name":"Lighting Rack Case - https:\/\/sxflightcase.com \ud83d\udc97","isPartOf":{"@id":"https:\/\/sxflightcase.com\/th\/#website"},"primaryImageOfPage":{"@id":"https:\/\/sxflightcase.com\/pt\/produto\/caixa-de-iluminacao\/#primaryimage"},"image":{"@id":"https:\/\/sxflightcase.com\/pt\/produto\/caixa-de-iluminacao\/#primaryimage"},"thumbnailUrl":"https:\/\/sxflightcase.com\/wp-content\/uploads\/2024\/05\/lighting-rack-case24311635813.webp","datePublished":"2024-05-10T03:27:09+00:00","dateModified":"2024-06-14T07:03:45+00:00","description":"Lighting Rack Case: Fedezze fel a gy\u00e1ri k\u00f6zvetlen \u00e9rt\u00e9kes\u00edt\u00e9s \u00e9s a professzion\u00e1lis testreszab\u00e1si lehet\u0151s\u00e9geket a vil\u00e1g\u00edt\u00e1si berendez\u00e9sek hat\u00e9kony szervez\u00e9s\u00e9hez \u00e9s v\u00e9delm\u00e9hez.","breadcrumb":{"@id":"https:\/\/sxflightcase.com\/pt\/produto\/caixa-de-iluminacao\/#breadcrumb"},"inLanguage":"hu","potentialAction":[{"@type":"ReadAction","target":["https:\/\/sxflightcase.com\/pt\/produto\/caixa-de-iluminacao\/"]}]},{"@type":"ImageObject","inLanguage":"hu","@id":"https:\/\/sxflightcase.com\/pt\/produto\/caixa-de-iluminacao\/#primaryimage","url":"https:\/\/sxflightcase.com\/wp-content\/uploads\/2024\/05\/lighting-rack-case24311635813.webp","contentUrl":"https:\/\/sxflightcase.com\/wp-content\/uploads\/2024\/05\/lighting-rack-case24311635813.webp","width":750,"height":750,"caption":"Lighting Rack Case"},{"@type":"BreadcrumbList","@id":"https:\/\/sxflightcase.com\/pt\/produto\/caixa-de-iluminacao\/#breadcrumb","itemListElement":[{"@type":"ListItem","position":1,"name":"Home","item":"https:\/\/sxflightcase.com\/"},{"@type":"ListItem","position":2,"name":"\u0e2a\u0e34\u0e19\u0e04\u0e49\u0e32","item":"https:\/\/sxflightcase.com\/th\/shop\/"},{"@type":"ListItem","position":3,"name":"Lighting Rack Case"}]},{"@type":"WebSite","@id":"https:\/\/sxflightcase.com\/th\/#website","url":"https:\/\/sxflightcase.com\/th\/","name":"sxpowercase.com","description":"Flight Case Factory","publisher":{"@id":"https:\/\/sxflightcase.com\/th\/#organization"},"potentialAction":[{"@type":"SearchAction","target":{"@type":"EntryPoint","urlTemplate":"https:\/\/sxflightcase.com\/th\/?s={search_term_string}"},"query-input":{"@type":"PropertyValueSpecification","valueRequired":true,"valueName":"search_term_string"}}],"inLanguage":"hu"},{"@type":"Organization","@id":"https:\/\/sxflightcase.com\/th\/#organization","name":"sxpowercase.com","url":"https:\/\/sxflightcase.com\/th\/","logo":{"@type":"ImageObject","inLanguage":"hu","@id":"https:\/\/sxflightcase.com\/th\/#\/schema\/logo\/image\/","url":"https:\/\/sxflightcase.com\/wp-content\/uploads\/2024\/04\/1713919036007.jpg","contentUrl":"https:\/\/sxflightcase.com\/wp-content\/uploads\/2024\/04\/1713919036007.jpg","width":382,"height":388,"caption":"sxpowercase.com"},"image":{"@id":"https:\/\/sxflightcase.com\/th\/#\/schema\/logo\/image\/"},"sameAs":["https:\/\/www.facebook.com\/profile.php?id=61560407257971"],"numberOfEmployees":{"@type":"QuantitativeValue","minValue":"11","maxValue":"50"}}]}},"_links":{"self":[{"href":"https:\/\/sxflightcase.com\/hu\/wp-json\/wp\/v2\/product\/1702","targetHints":{"allow":["GET"]}}],"collection":[{"href":"https:\/\/sxflightcase.com\/hu\/wp-json\/wp\/v2\/product"}],"about":[{"href":"https:\/\/sxflightcase.com\/hu\/wp-json\/wp\/v2\/types\/product"}],"replies":[{"embeddable":true,"href":"https:\/\/sxflightcase.com\/hu\/wp-json\/wp\/v2\/comments?post=1702"}],"version-history":[{"count":0,"href":"https:\/\/sxflightcase.com\/hu\/wp-json\/wp\/v2\/product\/1702\/revisions"}],"wp:featuredmedia":[{"embeddable":true,"href":"https:\/\/sxflightcase.com\/hu\/wp-json\/wp\/v2\/media\/1703"}],"wp:attachment":[{"href":"https:\/\/sxflightcase.com\/hu\/wp-json\/wp\/v2\/media?parent=1702"}],"wp:term":[{"taxonomy":"product_brand","embeddable":true,"href":"https:\/\/sxflightcase.com\/hu\/wp-json\/wp\/v2\/product_brand?post=1702"},{"taxonomy":"product_cat","embeddable":true,"href":"https:\/\/sxflightcase.com\/hu\/wp-json\/wp\/v2\/product_cat?post=1702"},{"taxonomy":"product_tag","embeddable":true,"href":"https:\/\/sxflightcase.com\/hu\/wp-json\/wp\/v2\/product_tag?post=1702"}],"curies":[{"name":"wp","href":"https:\/\/api.w.org\/{rel}","templated":true}]}}