{"id":1706,"date":"2024-05-10T04:32:41","date_gmt":"2024-05-10T03:32:41","guid":{"rendered":"https:\/\/sxpowercase.com\/?post_type=product&#038;p=1706"},"modified":"2024-06-27T07:27:47","modified_gmt":"2024-06-27T06:27:47","slug":"moving-head-flight-case","status":"publish","type":"product","link":"https:\/\/sxflightcase.com\/hu\/termek\/mozgo-fej-repulesi-tok\/","title":{"rendered":"Mozg\u00f3 fej rep\u00fcl\u00e9si tok"},"content":{"rendered":"<p><strong>Term\u00e9k param\u00e9ter (specifik\u00e1ci\u00f3)<\/strong><\/p>\n<section class=\"table-wrap\">\n<table class=\"table\" width=\"100%\" cellspacing=\"0\" cellpadding=\"0\">\n<tbody>\n<tr class=\"firstRow\">\n<td>Term\u00e9k neve<\/td>\n<td>Mozg\u00f3 fej <a class=\"wpil_keyword_link\" title=\"rep\u00fcl\u0151t\u00e1ska\" href=\"https:\/\/sxpowercase.com\/product-category\/all-product\/flight-case\/\" target=\"_blank\" rel=\"noopener\" data-wpil-keyword-link=\"linked\" data-wpil-monitor-id=\"409\">rep\u00fcl\u0151t\u00e1ska<\/a><\/td>\n<\/tr>\n<tr>\n<td>Anyag<\/td>\n<td>Alum\u00ednium keret + t\u0171z\u00e1ll\u00f3 +12mm r\u00e9tegelt lemez<\/td>\n<\/tr>\n<tr>\n<td>Bel\u00fcl<\/td>\n<td>Nagy s\u0171r\u0171s\u00e9g\u0171 \u00fct\u00e9s\u00e1ll\u00f3 hab<\/td>\n<\/tr>\n<tr>\n<td>M\u00e9ret<\/td>\n<td>Testre szabhat\u00f3<\/td>\n<\/tr>\n<tr>\n<td>Tartoz\u00e9kok<\/td>\n<td>N\u00e9gy pillang\u00f3z\u00e1r, n\u00e9gy ker\u00e9k a k\u00f6nny\u0171 sz\u00e1ll\u00edt\u00e1shoz, n\u00e9gy er\u0151s foganty\u00fa<\/td>\n<\/tr>\n<tr>\n<td>Custom<\/td>\n<td>Mindenf\u00e9le testreszab\u00e1st \u00fcdv\u00f6z\u00f6l\u00fcnk, mint p\u00e9ld\u00e1ul az alum\u00ednium tok anyaga, m\u00e9rete, bels\u0151 t\u00f6ltel\u00e9kek, foganty\u00fak, z\u00e1rak \u00e9s \u00edgy tov\u00e1bb.<\/td>\n<\/tr>\n<tr>\n<td>Mintav\u00e9teli id\u0151<\/td>\n<td>K\u00f6r\u00fclbel\u00fcl 3-5 munkanap<\/td>\n<\/tr>\n<tr>\n<td>Hivatalos rendel\u00e9si id\u0151<\/td>\n<td>kb. 15-20 nap<\/td>\n<\/tr>\n<tr>\n<td>Csomagol\u00e1s<\/td>\n<td>Bubor\u00e9kos zs\u00e1k + karton<\/td>\n<\/tr>\n<\/tbody>\n<\/table>\n<\/section>\n<p><strong>Csomagol\u00e1s \u00e9s sz\u00e1ll\u00edt\u00e1s<\/strong><\/p>\n<section class=\"table-wrap\">\n<table class=\"table\" width=\"100%\" cellspacing=\"0\" cellpadding=\"0\">\n<tbody>\n<tr class=\"firstRow\">\n<td colspan=\"3\" width=\"100%\">Csomagol\u00e1s \u00e9s sz\u00e1ll\u00edt\u00e1s<\/td>\n<\/tr>\n<tr>\n<td rowspan=\"3\" width=\"33%\">Sz\u00e1ll\u00edt\u00e1si id\u0151<\/td>\n<td width=\"33%\">Tengeren<\/td>\n<td width=\"33%\">15-60 nap<\/td>\n<\/tr>\n<tr>\n<td width=\"33%\">Rep\u00fcl\u0151vel<\/td>\n<td width=\"33%\">4-9 nap<\/td>\n<\/tr>\n<tr>\n<td width=\"33%\">Expresszel<\/td>\n<td width=\"33%\">4-9 nap<\/td>\n<\/tr>\n<tr>\n<td width=\"33%\">Sz\u00e1ll\u00edt\u00e1si id\u0151<\/td>\n<td colspan=\"2\" width=\"66%\">7-15 munka vagy az \u00d6n ig\u00e9nyei szerint<\/td>\n<\/tr>\n<tr>\n<td width=\"33%\">Csomagol\u00e1s<\/td>\n<td colspan=\"2\" width=\"66%\">Kartononk\u00e9nt vagy az \u00d6n ig\u00e9nye szerint<\/td>\n<\/tr>\n<\/tbody>\n<\/table>\n<\/section>\n<h1>V\u00e9dje a vil\u00e1g\u00edt\u00e1si felszerel\u00e9s\u00e9t az SX Moving Head Flight Case tokkal<\/h1>\n<h2>Kiv\u00e1l\u00f3 v\u00e9delem a mozg\u00f3 f\u00e9nysz\u00f3r\u00f3k sz\u00e1m\u00e1ra<\/h2>\n<p>A <a href=\"https:\/\/sxpowercase.com\/\" target=\"_blank\" rel=\"noopener\" title=\"SX\" data-wpil-monitor-id=\"468\">SX<\/a> A Moving Head Flight Case p\u00e1ratlan v\u00e9delmet ny\u00fajt \u00e9rt\u00e9kes mozg\u00f3 f\u00e9nysz\u00f3r\u00f3inak. Kiv\u00e1l\u00f3 min\u0151s\u00e9g\u0171 anyagokb\u00f3l k\u00e9sz\u00fclt, ez a <a href=\"https:\/\/sxpowercase.com\/flight-case\/\" target=\"_blank\" rel=\"noopener\" data-wpil-monitor-id=\"493\">a rep\u00fcl\u0151 tok biztos\u00edtja a felszerel\u00e9s biztons\u00e1g\u00e1t<\/a> \u00e9s biztons\u00e1gos a sz\u00e1ll\u00edt\u00e1s sor\u00e1n. Legyen sz\u00f3 professzion\u00e1lis DJ-r\u0151l, turn\u00e9z\u00f3 zen\u00e9szr\u0151l vagy sz\u00ednpadi technikusr\u00f3l, az SX Moving Head Flight Case t\u00f6k\u00e9letes megold\u00e1s a vil\u00e1g\u00edt\u00f3eszk\u00f6z\u00f6k v\u00e9delm\u00e9re.<\/p>\n<h2>Tart\u00f3s \u00e9s megb\u00edzhat\u00f3<\/h2>\n<h3>\u00dagy \u00e9p\u00fclt, hogy ellen\u00e1lljon a megpr\u00f3b\u00e1ltat\u00e1soknak<\/h3>\n<p>Az SX Moving Head Flight Case tart\u00f3san k\u00e9sz\u00fclt. A massz\u00edv konstrukci\u00f3 meger\u0151s\u00edtett sarkokat \u00e9s nagy teherb\u00edr\u00e1s\u00fa reteszeket tartalmaz, amelyek maxim\u00e1lis tart\u00f3ss\u00e1got biztos\u00edtanak. A robusztus k\u00fcls\u0151 v\u00e9di felszerel\u00e9s\u00e9t az \u00fct\u00e9sekt\u0151l, m\u00edg az egyedi habszivacs bels\u0151 t\u00e9r biztons\u00e1gban \u00e9s p\u00e1rn\u00e1zva tartja a l\u00e1mp\u00e1kat. Ezt a rep\u00fcl\u0151 t\u00e1sk\u00e1t \u00fagy tervezt\u00e9k, hogy ellen\u00e1lljon a gyakori utaz\u00e1s viszontags\u00e1gainak, \u00edgy biztos\u00edtva, hogy felszerel\u00e9se mindig v\u00e9dve legyen.<\/p>\n<h2>Gy\u00e1ri k\u00f6zvetlen \u00e9rt\u00e9kes\u00edt\u00e9s a kiv\u00e9teles \u00e9rt\u00e9k\u00e9rt<\/h2>\n<h3>Megfizethet\u0151 min\u0151s\u00e9g<\/h3>\n<p>Az SX-n\u00e9l a Moving Head Flight Case-t gy\u00e1ri k\u00f6zvetlen \u00e9rt\u00e9kes\u00edt\u00e9ssel k\u00edn\u00e1ljuk, \u00edgy biztos\u00edtva, hogy kiv\u00e9teles \u00e9rt\u00e9ket kapjon. A k\u00f6zvet\u00edt\u0151k kik\u00fcsz\u00f6b\u00f6l\u00e9s\u00e9vel a megtakar\u00edt\u00e1st k\u00f6zvetlen\u00fcl \u00d6nnek adjuk \u00e1t. Ez lehet\u0151v\u00e9 teszi, hogy versenyk\u00e9pes \u00e1ron fektessen be a vil\u00e1g\u00edt\u00f3berendez\u00e9s pr\u00e9mium kateg\u00f3ri\u00e1s v\u00e9delm\u00e9be, maximaliz\u00e1lva a k\u00f6lts\u00e9gvet\u00e9s\u00e9t an\u00e9lk\u00fcl, hogy a min\u0151s\u00e9gben kompromisszumot k\u00f6tne.<\/p>\n<h2>Testreszab\u00e1si szolg\u00e1ltat\u00e1sok az \u00d6n ig\u00e9nyeinek megfelel\u0151en<\/h2>\n<h3>Testre szabott megold\u00e1sok<\/h3>\n<p>Minden sz\u00ednpadfel\u00e9p\u00edt\u00e9s egyedi, \u00e9s az \u00d6n ig\u00e9nyei is azok. Az SX testreszab\u00e1si szolg\u00e1ltat\u00e1sokat ny\u00fajt a Moving Head Flight Case-hez, \u00edgy a tokot az \u00d6n egyedi ig\u00e9nyeihez igaz\u00edthatja. Az egyedi m\u00e9retekt\u0151l a speci\u00e1lis rekeszekig biztos\u00edtjuk, hogy a Flight Case t\u00f6k\u00e9letesen illeszkedjen felszerel\u00e9s\u00e9hez. Tapasztalja meg a csak az \u00d6n sz\u00e1m\u00e1ra tervezett, szem\u00e9lyre szabott tok k\u00e9nyelm\u00e9t \u00e9s biztons\u00e1g\u00e1t.<\/p>\n<h2>N\u00f6velje szakmai im\u00e1zs\u00e1t<\/h2>\n<h3>Szakmais\u00e1g \u00e9s megb\u00edzhat\u00f3s\u00e1g<\/h3>\n<p>Az SX Moving Head Flight Case haszn\u00e1lat\u00e1val nem csak a felszerel\u00e9s\u00e9t v\u00e9di, hanem a professzion\u00e1lis im\u00e1zs\u00e1t is jav\u00edtja. Megb\u00edzhat\u00f3 \u00e9s st\u00edlusos rep\u00fcl\u0151 tokunk biztos\u00edtja, hogy felszerel\u00e9sei kifog\u00e1stalan \u00e1llapotban \u00e9rkezzenek meg, leny\u0171g\u00f6zve ezzel \u00fcgyfeleit \u00e9s k\u00f6z\u00f6ns\u00e9g\u00e9t egyar\u00e1nt. Emelje \u00fczleti tev\u00e9kenys\u00e9g\u00e9t egy olyan tokkal, amely t\u00fckr\u00f6zi munk\u00e1ja min\u0151s\u00e9g\u00e9t \u00e9s m\u00e1rk\u00e1ja professzionalizmus\u00e1t.<\/p>\n<hr \/>\n<p>V\u00e1lassza az SX Flight Case-t a kiv\u00e1l\u00f3 v\u00e9delem\u00e9rt, tart\u00f3ss\u00e1g\u00e9rt \u00e9s \u00e9rt\u00e9k\u00e9rt. L\u00e9pjen kapcsolatba vel\u00fcnk m\u00e9g ma, hogy t\u00f6bbet megtudjon a gy\u00e1ri k\u00f6zvetlen \u00e9rt\u00e9kes\u00edt\u00e9s\u00fcnkr\u0151l \u00e9s a testreszab\u00e1si lehet\u0151s\u00e9gekr\u0151l. Az SX-n\u00e9l b\u00edzhat abban, hogy mozg\u00f3 f\u00e9nysz\u00f3r\u00f3i a lehet\u0151 legjobb kezekben vannak. Fektessen be a kiv\u00e1l\u00f3 v\u00e9delembe, \u00e9s emelje fel v\u00e1llalkoz\u00e1s\u00e1t pr\u00e9mium kateg\u00f3ri\u00e1s rep\u00fcl\u0151t\u00e1sk\u00e1inkkal.<\/p>\n<p><strong>GYIK<\/strong><\/p>\n<p>K: H\u00e1ny k\u00fcl\u00f6nb\u00f6z\u0151 t\u00edpus\u00fa term\u00e9ket gy\u00e1rt a v\u00e1llalat?<\/p>\n<p>V: Jelenleg t\u00f6bb mint 1000 term\u00e9k\u00fcnk van. Van egy er\u0151s el\u0151nye az OEM-nek, csak adja meg nek\u00fcnk a t\u00e9nyleges term\u00e9keket vagy az \u00d6n \u00f6tlet\u00e9t, amit szeretne, mi gy\u00e1rtunk \u00d6nnek.<\/p>\n<p>K: Meg tudja csin\u00e1lni a saj\u00e1t csomagol\u00e1sunkat?<\/p>\n<p>V: Igen, \u00d6n csak megadja a csomagtervet, mi pedig elk\u00e9sz\u00edtj\u00fck, amit szeretne. A professzion\u00e1lis tervez\u0151 is seg\u00edthet a csomagol\u00e1s tervez\u00e9s\u00e9ben.<\/p>\n<p>K: Melyik fizet\u00e9si form\u00e1t tudja elfogadni?<\/p>\n<p>V: T\/T, Western Union stb. Elfogadunk b\u00e1rmilyen k\u00e9nyelmes \u00e9s gyors fizet\u00e9si hat\u00e1rid\u0151t.<\/p>\n<p>Hot Tags: Alacsony \u00e1r, rakt\u00e1ron, ingyenes minta, t\u00e1p- \u00e9s jelk\u00e1bel, 16 Gauge 4 vezet\u0151 vezet\u00e9k, mikrofon \u00e1llv\u00e1ny tok, k\u00fclt\u00e9ri Led kijelz\u0151szekr\u00e9ny, Rack Mount, 19\" Rackmount Mixer Flight Cases\uff0celectrical distro box, K\u00edna, besz\u00e1ll\u00edt\u00f3k, gy\u00e1r, gy\u00e1r, testreszabott, nagykereskedelem, Moving Head Flight Case,<span style=\"color: #993366;\"><a style=\"color: #993366;\" href=\"https:\/\/sxflightcase.com\/hu\/product-category\/all-product\/power-distribution-boxes\/\">hatalom<\/a><\/span> dobozok,\u00a0<a style=\"color: #993366;\" href=\"https:\/\/sxflightcase.com\/hu\/product-category\/all-product\/hoist-controllers\/\">t\u00e1pk\u00e1belek<\/a>,\u00a0<a style=\"color: #993366;\" href=\"https:\/\/sxflightcase.com\/hu\/product-category\/all-product\/hoist-controllers\/\">emel\u0151g\u00e9p-vez\u00e9rl\u0151k<\/a>,<\/p>","protected":false},"excerpt":{"rendered":"<h2 class=\"prodetails-name\">Mozg\u00f3 fej rep\u00fcl\u00e9si tok<\/h2>\n<p>\u00d6r\u00f6mmel k\u00edn\u00e1lunk egy sor robusztus utaz\u00e1si megold\u00e1st az ipar\u00e1gban dolgoz\u00f3 szakemberek sz\u00e1m\u00e1ra, hogy biztons\u00e1gosan sz\u00e1ll\u00edts\u00e1k \u00e9s t\u00e1rolj\u00e1k mozg\u00f3 fejeiket vagy hasonl\u00f3kat. Az \u00e9vek sor\u00e1n sok \u00f3r\u00e1t t\u00f6lt\u00f6tt\u00fcnk azzal, hogy megtervezz\u00fck a t\u00f6k\u00e9letes megold\u00e1st szeretett l\u00e1mp\u00e1inak s\u00e9r\u00fcl\u00e9sekt\u0151l val\u00f3 f\u00e9lelem n\u00e9lk\u00fcli sz\u00e1ll\u00edt\u00e1s\u00e1ra.<\/p>\n<h2><strong>Termel\u00e9si bevezet\u00e9s<\/strong><\/h2>\n<p>Mozg\u00f3 fej <a class=\"wpil_keyword_link\" title=\"rep\u00fcl\u0151t\u00e1ska\" href=\"https:\/\/sxpowercase.com\/product-category\/all-product\/flight-case\/\" target=\"_blank\" rel=\"noopener\" data-wpil-keyword-link=\"linked\" data-wpil-monitor-id=\"410\">rep\u00fcl\u0151t\u00e1ska<\/a><\/p>\n<p>- T\u00edpus: Fed\u00e9l: csukhat\u00f3 fed\u00e9l<\/p>\n<p>- Anyag: 9 mm-es fekete t\u0171z\u00e1ll\u00f3 lamin\u00e1lt karton. M\u00e1s sz\u00ednben is kaphat\u00f3 (a kos\u00e1rba helyez\u00e9shez hozz\u00e1 kell adni).<\/p>\n<p>- Int Dims: Egyedi \u00e9p\u00edt\u00e9s\u0171, az \u00d6n mozg\u00f3 fej\u00e9hez igaz\u00edtva<\/p>\n<p>- Ext Dims: Egyedi \u00e9p\u00edt\u00e9s\u0171, az \u00d6n mozg\u00f3 fej\u00e9hez igazodva<\/p>\n<p>- Hab: nagy s\u0171r\u0171s\u00e9g\u0171 20 mm-es habszivaccsal b\u00e9lelve.<\/p>\n<p>- Nagy teherb\u00edr\u00e1s\u00fa Penn Elcom vagy saj\u00e1t szerelv\u00e9nyek<\/p>\n<p>- 100 mm-es rekesszel felszerelt k\u00f6zponti v\u00e1laszfal<\/p>\n<p>- G\u00f6rg\u0151k: 100 mm-es g\u00f6rg\u0151k (x2 f\u00e9k)<\/p>","protected":false},"featured_media":1707,"comment_status":"open","ping_status":"closed","template":"","meta":[],"product_brand":[],"product_cat":[41],"product_tag":[],"class_list":{"0":"post-1706","1":"product","2":"type-product","3":"status-publish","4":"has-post-thumbnail","6":"product_cat-equipment-cases","8":"first","9":"instock","10":"shipping-taxable","11":"product-type-simple"},"yoast_head":"<!-- This site is optimized with the Yoast SEO Premium plugin v27.1 (Yoast SEO v27.2) - https:\/\/yoast.com\/product\/yoast-seo-premium-wordpress\/ -->\n<title>Moving Head Flight Case - https:\/\/sxflightcase.com \ud83d\udc97<\/title>\n<meta name=\"description\" content=\"Moving Head Flight Case: Explore factory-direct sales and professional customization options for organizing and protecting your lighting equipment efficiently.\" \/>\n<meta name=\"robots\" content=\"index, follow, max-snippet:-1, max-image-preview:large, max-video-preview:-1\" \/>\n<link rel=\"canonical\" href=\"https:\/\/sxflightcase.com\/hu\/\u88fd\u54c1\/\u30e0\u30fc\u30d3\u30f3\u30b0\u30d8\u30c3\u30c9\u30fb\u30d5\u30e9\u30a4\u30c8\u30b1\u30fc\u30b9\/\" \/>\n<meta property=\"og:locale\" content=\"hu_HU\" \/>\n<meta property=\"og:type\" content=\"article\" \/>\n<meta property=\"og:title\" content=\"Moving Head Flight Case\" \/>\n<meta property=\"og:description\" content=\"Moving Head Flight Case: Explore factory-direct sales and professional customization options for organizing and protecting your lighting equipment efficiently.\" \/>\n<meta property=\"og:url\" content=\"https:\/\/sxflightcase.com\/hu\/\u88fd\u54c1\/\u30e0\u30fc\u30d3\u30f3\u30b0\u30d8\u30c3\u30c9\u30fb\u30d5\u30e9\u30a4\u30c8\u30b1\u30fc\u30b9\/\" \/>\n<meta property=\"og:site_name\" content=\"https:\/\/sxflightcase.com\" \/>\n<meta property=\"article:publisher\" content=\"https:\/\/www.facebook.com\/profile.php?id=61560407257971\" \/>\n<meta property=\"article:modified_time\" content=\"2024-06-27T06:27:47+00:00\" \/>\n<meta property=\"og:image\" content=\"https:\/\/sxflightcase.com\/wp-content\/uploads\/2024\/05\/moving-head-flight-case21176673442.jpg\" \/>\n\t<meta property=\"og:image:width\" content=\"700\" \/>\n\t<meta property=\"og:image:height\" content=\"700\" \/>\n\t<meta property=\"og:image:type\" content=\"image\/jpeg\" \/>\n<meta name=\"twitter:card\" content=\"summary_large_image\" \/>\n<meta name=\"twitter:label1\" content=\"Becs\u00fclt olvas\u00e1si id\u0151\" \/>\n\t<meta name=\"twitter:data1\" content=\"4 perc\" \/>\n<script type=\"application\/ld+json\" class=\"yoast-schema-graph\">{\"@context\":\"https:\/\/schema.org\",\"@graph\":[{\"@type\":\"WebPage\",\"@id\":\"https:\/\/sxflightcase.com\/ja\/\u88fd\u54c1\/\u30e0\u30fc\u30d3\u30f3\u30b0\u30d8\u30c3\u30c9\u30fb\u30d5\u30e9\u30a4\u30c8\u30b1\u30fc\u30b9\/\",\"url\":\"https:\/\/sxflightcase.com\/ja\/\u88fd\u54c1\/\u30e0\u30fc\u30d3\u30f3\u30b0\u30d8\u30c3\u30c9\u30fb\u30d5\u30e9\u30a4\u30c8\u30b1\u30fc\u30b9\/\",\"name\":\"Moving Head Flight Case - https:\/\/sxflightcase.com \ud83d\udc97\",\"isPartOf\":{\"@id\":\"https:\/\/sxflightcase.com\/th\/#website\"},\"primaryImageOfPage\":{\"@id\":\"https:\/\/sxflightcase.com\/ja\/\u88fd\u54c1\/\u30e0\u30fc\u30d3\u30f3\u30b0\u30d8\u30c3\u30c9\u30fb\u30d5\u30e9\u30a4\u30c8\u30b1\u30fc\u30b9\/#primaryimage\"},\"image\":{\"@id\":\"https:\/\/sxflightcase.com\/ja\/\u88fd\u54c1\/\u30e0\u30fc\u30d3\u30f3\u30b0\u30d8\u30c3\u30c9\u30fb\u30d5\u30e9\u30a4\u30c8\u30b1\u30fc\u30b9\/#primaryimage\"},\"thumbnailUrl\":\"https:\/\/sxflightcase.com\/wp-content\/uploads\/2024\/05\/moving-head-flight-case21176673442.jpg\",\"datePublished\":\"2024-05-10T03:32:41+00:00\",\"dateModified\":\"2024-06-27T06:27:47+00:00\",\"description\":\"Moving Head Flight Case: Explore factory-direct sales and professional customization options for organizing and protecting your lighting equipment efficiently.\",\"breadcrumb\":{\"@id\":\"https:\/\/sxflightcase.com\/ja\/\u88fd\u54c1\/\u30e0\u30fc\u30d3\u30f3\u30b0\u30d8\u30c3\u30c9\u30fb\u30d5\u30e9\u30a4\u30c8\u30b1\u30fc\u30b9\/#breadcrumb\"},\"inLanguage\":\"hu\",\"potentialAction\":[{\"@type\":\"ReadAction\",\"target\":[\"https:\/\/sxflightcase.com\/ja\/\u88fd\u54c1\/\u30e0\u30fc\u30d3\u30f3\u30b0\u30d8\u30c3\u30c9\u30fb\u30d5\u30e9\u30a4\u30c8\u30b1\u30fc\u30b9\/\"]}]},{\"@type\":\"ImageObject\",\"inLanguage\":\"hu\",\"@id\":\"https:\/\/sxflightcase.com\/ja\/\u88fd\u54c1\/\u30e0\u30fc\u30d3\u30f3\u30b0\u30d8\u30c3\u30c9\u30fb\u30d5\u30e9\u30a4\u30c8\u30b1\u30fc\u30b9\/#primaryimage\",\"url\":\"https:\/\/sxflightcase.com\/wp-content\/uploads\/2024\/05\/moving-head-flight-case21176673442.jpg\",\"contentUrl\":\"https:\/\/sxflightcase.com\/wp-content\/uploads\/2024\/05\/moving-head-flight-case21176673442.jpg\",\"width\":700,\"height\":700,\"caption\":\"Moving Head Flight Case\"},{\"@type\":\"BreadcrumbList\",\"@id\":\"https:\/\/sxflightcase.com\/ja\/\u88fd\u54c1\/\u30e0\u30fc\u30d3\u30f3\u30b0\u30d8\u30c3\u30c9\u30fb\u30d5\u30e9\u30a4\u30c8\u30b1\u30fc\u30b9\/#breadcrumb\",\"itemListElement\":[{\"@type\":\"ListItem\",\"position\":1,\"name\":\"Home\",\"item\":\"https:\/\/sxflightcase.com\/\"},{\"@type\":\"ListItem\",\"position\":2,\"name\":\"\u0e2a\u0e34\u0e19\u0e04\u0e49\u0e32\",\"item\":\"https:\/\/sxflightcase.com\/th\/shop\/\"},{\"@type\":\"ListItem\",\"position\":3,\"name\":\"Moving Head Flight Case\"}]},{\"@type\":\"WebSite\",\"@id\":\"https:\/\/sxflightcase.com\/th\/#website\",\"url\":\"https:\/\/sxflightcase.com\/th\/\",\"name\":\"sxpowercase.com\",\"description\":\"Flight Case Factory\",\"publisher\":{\"@id\":\"https:\/\/sxflightcase.com\/th\/#organization\"},\"potentialAction\":[{\"@type\":\"SearchAction\",\"target\":{\"@type\":\"EntryPoint\",\"urlTemplate\":\"https:\/\/sxflightcase.com\/th\/?s={search_term_string}\"},\"query-input\":{\"@type\":\"PropertyValueSpecification\",\"valueRequired\":true,\"valueName\":\"search_term_string\"}}],\"inLanguage\":\"hu\"},{\"@type\":\"Organization\",\"@id\":\"https:\/\/sxflightcase.com\/th\/#organization\",\"name\":\"sxpowercase.com\",\"url\":\"https:\/\/sxflightcase.com\/th\/\",\"logo\":{\"@type\":\"ImageObject\",\"inLanguage\":\"hu\",\"@id\":\"https:\/\/sxflightcase.com\/th\/#\/schema\/logo\/image\/\",\"url\":\"https:\/\/sxflightcase.com\/wp-content\/uploads\/2024\/04\/1713919036007.jpg\",\"contentUrl\":\"https:\/\/sxflightcase.com\/wp-content\/uploads\/2024\/04\/1713919036007.jpg\",\"width\":382,\"height\":388,\"caption\":\"sxpowercase.com\"},\"image\":{\"@id\":\"https:\/\/sxflightcase.com\/th\/#\/schema\/logo\/image\/\"},\"sameAs\":[\"https:\/\/www.facebook.com\/profile.php?id=61560407257971\"],\"numberOfEmployees\":{\"@type\":\"QuantitativeValue\",\"minValue\":\"11\",\"maxValue\":\"50\"}}]}<\/script>\n<!-- \/ Yoast SEO Premium plugin. -->","yoast_head_json":{"title":"Moving Head Flight Case - https:\/\/sxflightcase.com \ud83d\udc97","description":"Moving Head Flight Case: Fedezze fel a gy\u00e1ri k\u00f6zvetlen \u00e9rt\u00e9kes\u00edt\u00e9si \u00e9s professzion\u00e1lis testreszab\u00e1si lehet\u0151s\u00e9geket a vil\u00e1g\u00edt\u00f3berendez\u00e9sek hat\u00e9kony szervez\u00e9s\u00e9hez \u00e9s v\u00e9delm\u00e9hez.","robots":{"index":"index","follow":"follow","max-snippet":"max-snippet:-1","max-image-preview":"max-image-preview:large","max-video-preview":"max-video-preview:-1"},"canonical":"https:\/\/sxflightcase.com\/hu\/\u88fd\u54c1\/\u30e0\u30fc\u30d3\u30f3\u30b0\u30d8\u30c3\u30c9\u30fb\u30d5\u30e9\u30a4\u30c8\u30b1\u30fc\u30b9\/","og_locale":"hu_HU","og_type":"article","og_title":"Moving Head Flight Case","og_description":"Moving Head Flight Case: Explore factory-direct sales and professional customization options for organizing and protecting your lighting equipment efficiently.","og_url":"https:\/\/sxflightcase.com\/hu\/\u88fd\u54c1\/\u30e0\u30fc\u30d3\u30f3\u30b0\u30d8\u30c3\u30c9\u30fb\u30d5\u30e9\u30a4\u30c8\u30b1\u30fc\u30b9\/","og_site_name":"https:\/\/sxflightcase.com","article_publisher":"https:\/\/www.facebook.com\/profile.php?id=61560407257971","article_modified_time":"2024-06-27T06:27:47+00:00","og_image":[{"width":700,"height":700,"url":"https:\/\/sxflightcase.com\/wp-content\/uploads\/2024\/05\/moving-head-flight-case21176673442.jpg","type":"image\/jpeg"}],"twitter_card":"summary_large_image","twitter_misc":{"Becs\u00fclt olvas\u00e1si id\u0151":"4 perc"},"schema":{"@context":"https:\/\/schema.org","@graph":[{"@type":"WebPage","@id":"https:\/\/sxflightcase.com\/ja\/\u88fd\u54c1\/\u30e0\u30fc\u30d3\u30f3\u30b0\u30d8\u30c3\u30c9\u30fb\u30d5\u30e9\u30a4\u30c8\u30b1\u30fc\u30b9\/","url":"https:\/\/sxflightcase.com\/ja\/\u88fd\u54c1\/\u30e0\u30fc\u30d3\u30f3\u30b0\u30d8\u30c3\u30c9\u30fb\u30d5\u30e9\u30a4\u30c8\u30b1\u30fc\u30b9\/","name":"Moving Head Flight Case - https:\/\/sxflightcase.com \ud83d\udc97","isPartOf":{"@id":"https:\/\/sxflightcase.com\/th\/#website"},"primaryImageOfPage":{"@id":"https:\/\/sxflightcase.com\/ja\/\u88fd\u54c1\/\u30e0\u30fc\u30d3\u30f3\u30b0\u30d8\u30c3\u30c9\u30fb\u30d5\u30e9\u30a4\u30c8\u30b1\u30fc\u30b9\/#primaryimage"},"image":{"@id":"https:\/\/sxflightcase.com\/ja\/\u88fd\u54c1\/\u30e0\u30fc\u30d3\u30f3\u30b0\u30d8\u30c3\u30c9\u30fb\u30d5\u30e9\u30a4\u30c8\u30b1\u30fc\u30b9\/#primaryimage"},"thumbnailUrl":"https:\/\/sxflightcase.com\/wp-content\/uploads\/2024\/05\/moving-head-flight-case21176673442.jpg","datePublished":"2024-05-10T03:32:41+00:00","dateModified":"2024-06-27T06:27:47+00:00","description":"Moving Head Flight Case: Fedezze fel a gy\u00e1ri k\u00f6zvetlen \u00e9rt\u00e9kes\u00edt\u00e9si \u00e9s professzion\u00e1lis testreszab\u00e1si lehet\u0151s\u00e9geket a vil\u00e1g\u00edt\u00f3berendez\u00e9sek hat\u00e9kony szervez\u00e9s\u00e9hez \u00e9s v\u00e9delm\u00e9hez.","breadcrumb":{"@id":"https:\/\/sxflightcase.com\/ja\/\u88fd\u54c1\/\u30e0\u30fc\u30d3\u30f3\u30b0\u30d8\u30c3\u30c9\u30fb\u30d5\u30e9\u30a4\u30c8\u30b1\u30fc\u30b9\/#breadcrumb"},"inLanguage":"hu","potentialAction":[{"@type":"ReadAction","target":["https:\/\/sxflightcase.com\/ja\/\u88fd\u54c1\/\u30e0\u30fc\u30d3\u30f3\u30b0\u30d8\u30c3\u30c9\u30fb\u30d5\u30e9\u30a4\u30c8\u30b1\u30fc\u30b9\/"]}]},{"@type":"ImageObject","inLanguage":"hu","@id":"https:\/\/sxflightcase.com\/ja\/\u88fd\u54c1\/\u30e0\u30fc\u30d3\u30f3\u30b0\u30d8\u30c3\u30c9\u30fb\u30d5\u30e9\u30a4\u30c8\u30b1\u30fc\u30b9\/#primaryimage","url":"https:\/\/sxflightcase.com\/wp-content\/uploads\/2024\/05\/moving-head-flight-case21176673442.jpg","contentUrl":"https:\/\/sxflightcase.com\/wp-content\/uploads\/2024\/05\/moving-head-flight-case21176673442.jpg","width":700,"height":700,"caption":"Moving Head Flight Case"},{"@type":"BreadcrumbList","@id":"https:\/\/sxflightcase.com\/ja\/\u88fd\u54c1\/\u30e0\u30fc\u30d3\u30f3\u30b0\u30d8\u30c3\u30c9\u30fb\u30d5\u30e9\u30a4\u30c8\u30b1\u30fc\u30b9\/#breadcrumb","itemListElement":[{"@type":"ListItem","position":1,"name":"Home","item":"https:\/\/sxflightcase.com\/"},{"@type":"ListItem","position":2,"name":"\u0e2a\u0e34\u0e19\u0e04\u0e49\u0e32","item":"https:\/\/sxflightcase.com\/th\/shop\/"},{"@type":"ListItem","position":3,"name":"Moving Head Flight Case"}]},{"@type":"WebSite","@id":"https:\/\/sxflightcase.com\/th\/#website","url":"https:\/\/sxflightcase.com\/th\/","name":"sxpowercase.com","description":"Flight Case Factory","publisher":{"@id":"https:\/\/sxflightcase.com\/th\/#organization"},"potentialAction":[{"@type":"SearchAction","target":{"@type":"EntryPoint","urlTemplate":"https:\/\/sxflightcase.com\/th\/?s={search_term_string}"},"query-input":{"@type":"PropertyValueSpecification","valueRequired":true,"valueName":"search_term_string"}}],"inLanguage":"hu"},{"@type":"Organization","@id":"https:\/\/sxflightcase.com\/th\/#organization","name":"sxpowercase.com","url":"https:\/\/sxflightcase.com\/th\/","logo":{"@type":"ImageObject","inLanguage":"hu","@id":"https:\/\/sxflightcase.com\/th\/#\/schema\/logo\/image\/","url":"https:\/\/sxflightcase.com\/wp-content\/uploads\/2024\/04\/1713919036007.jpg","contentUrl":"https:\/\/sxflightcase.com\/wp-content\/uploads\/2024\/04\/1713919036007.jpg","width":382,"height":388,"caption":"sxpowercase.com"},"image":{"@id":"https:\/\/sxflightcase.com\/th\/#\/schema\/logo\/image\/"},"sameAs":["https:\/\/www.facebook.com\/profile.php?id=61560407257971"],"numberOfEmployees":{"@type":"QuantitativeValue","minValue":"11","maxValue":"50"}}]}},"_links":{"self":[{"href":"https:\/\/sxflightcase.com\/hu\/wp-json\/wp\/v2\/product\/1706","targetHints":{"allow":["GET"]}}],"collection":[{"href":"https:\/\/sxflightcase.com\/hu\/wp-json\/wp\/v2\/product"}],"about":[{"href":"https:\/\/sxflightcase.com\/hu\/wp-json\/wp\/v2\/types\/product"}],"replies":[{"embeddable":true,"href":"https:\/\/sxflightcase.com\/hu\/wp-json\/wp\/v2\/comments?post=1706"}],"version-history":[{"count":0,"href":"https:\/\/sxflightcase.com\/hu\/wp-json\/wp\/v2\/product\/1706\/revisions"}],"wp:featuredmedia":[{"embeddable":true,"href":"https:\/\/sxflightcase.com\/hu\/wp-json\/wp\/v2\/media\/1707"}],"wp:attachment":[{"href":"https:\/\/sxflightcase.com\/hu\/wp-json\/wp\/v2\/media?parent=1706"}],"wp:term":[{"taxonomy":"product_brand","embeddable":true,"href":"https:\/\/sxflightcase.com\/hu\/wp-json\/wp\/v2\/product_brand?post=1706"},{"taxonomy":"product_cat","embeddable":true,"href":"https:\/\/sxflightcase.com\/hu\/wp-json\/wp\/v2\/product_cat?post=1706"},{"taxonomy":"product_tag","embeddable":true,"href":"https:\/\/sxflightcase.com\/hu\/wp-json\/wp\/v2\/product_tag?post=1706"}],"curies":[{"name":"wp","href":"https:\/\/api.w.org\/{rel}","templated":true}]}}