{"id":1711,"date":"2024-05-10T04:35:24","date_gmt":"2024-05-10T03:35:24","guid":{"rendered":"https:\/\/sxpowercase.com\/?post_type=product&#038;p=1711"},"modified":"2024-06-25T09:35:17","modified_gmt":"2024-06-25T08:35:17","slug":"stage-light-box","status":"publish","type":"product","link":"https:\/\/sxflightcase.com\/hu\/termek\/szinpadi-fenydoboz-2\/","title":{"rendered":"Sz\u00ednpadi f\u00e9nydoboz"},"content":{"rendered":"<h1>Vil\u00e1g\u00edtsa meg esem\u00e9nyeit az SX sz\u00ednpadi f\u00e9nydoboz\u00e1val<\/h1>\n<h2>Kiv\u00e9teles vil\u00e1g\u00edt\u00e1si megold\u00e1sok<\/h2>\n<p>Az SX Stage Light Box a kiv\u00e9teles sz\u00ednpadi vil\u00e1g\u00edt\u00e1shoz sz\u00fcks\u00e9ges megold\u00e1s. \u00dagy tervezt\u00e9k, hogy minden el\u0151ad\u00e1st feldobjon, ragyog\u00f3, dinamikus f\u00e9nyhat\u00e1sokat biztos\u00edt, amelyek leny\u0171g\u00f6zik a k\u00f6z\u00f6ns\u00e9get. Az SX seg\u00edts\u00e9g\u00e9vel rendezv\u00e9nyei f\u00e9nyesebben \u00e9s \u00e9l\u00e9nkebben ragyognak majd, mint valaha.<\/p>\n<h2>P\u00e1ratlan tart\u00f3ss\u00e1g<\/h2>\n<h3>Tart\u00f3san \u00e9p\u00edtett<\/h3>\n<p>Az SX sz\u00ednpadi f\u00e9nydoboz kiv\u00e1l\u00f3 min\u0151s\u00e9g\u0171 anyagokb\u00f3l k\u00e9sz\u00fclt, \u00edgy biztos\u00edtja, hogy ellen\u00e1lljon a gyakori haszn\u00e1lat \u00e9s sz\u00e1ll\u00edt\u00e1s k\u00f6vetelm\u00e9nyeinek. A massz\u00edv konstrukci\u00f3 garant\u00e1lja a megb\u00edzhat\u00f3s\u00e1got, \u00edgy ide\u00e1lis v\u00e1laszt\u00e1s a tart\u00f3s \u00e9s megb\u00edzhat\u00f3 vil\u00e1g\u00edt\u00e1si megold\u00e1sokat ig\u00e9nyl\u0151 turn\u00e9z\u00f3 c\u00e9gek, rendezv\u00e9nyszervez\u0151k \u00e9s el\u0151ad\u00f3helysz\u00ednek sz\u00e1m\u00e1ra.<\/p>\n<h2>Gy\u00e1ri k\u00f6zvetlen \u00e9rt\u00e9kes\u00edt\u00e9s<\/h2>\n<h3>Megfizethet\u0151 kiv\u00e1l\u00f3s\u00e1g<\/h3>\n<p><a href=\"https:\/\/sxpowercase.com\/\" target=\"_blank\" rel=\"noopener\" title=\"SX\" data-wpil-monitor-id=\"465\">SX<\/a> a Stage Light Boxot a gy\u00e1ri k\u00f6zvetlen \u00e9rt\u00e9kes\u00edt\u00e9si modell\u00fcnk\u00f6n kereszt\u00fcl k\u00edn\u00e1lja, amely kiv\u00e1l\u00f3 min\u0151s\u00e9g\u0171 vil\u00e1g\u00edt\u00e1st k\u00edn\u00e1l versenyk\u00e9pes \u00e1ron. A k\u00f6zvet\u00edt\u0151k kik\u00fcsz\u00f6b\u00f6l\u00e9s\u00e9vel biztos\u00edtjuk, hogy a legjobb \u00e9rt\u00e9ket kapja a befektet\u00e9s\u00e9\u00e9rt, \u00edgy hat\u00e9konyabban oszthatja be a k\u00f6lts\u00e9gvet\u00e9s\u00e9t, \u00e9s t\u00falk\u00f6ltekez\u00e9s n\u00e9lk\u00fcl jav\u00edthatja rendezv\u00e9nyeit.<\/p>\n<h2>Testreszab\u00e1si szolg\u00e1ltat\u00e1sok<\/h2>\n<h3>Az \u00d6n ig\u00e9nyeire szabva<\/h3>\n<p>Az SX-n\u00e9l meg\u00e9rtj\u00fck, hogy minden esem\u00e9ny egyedi. Ez\u00e9rt k\u00edn\u00e1lunk testreszab\u00e1si lehet\u0151s\u00e9geket a sz\u00ednpadi f\u00e9nydobozunkhoz. Ak\u00e1r k\u00fcl\u00f6nleges m\u00e9retekre, sz\u00ednv\u00e1laszt\u00e9kra vagy tov\u00e1bbi funkci\u00f3kra van sz\u00fcks\u00e9ge, a f\u00e9nydobozt pontosan az \u00d6n ig\u00e9nyeihez tudjuk igaz\u00edtani. \u00c9lvezze a rendezv\u00e9nye ig\u00e9nyeihez t\u00f6k\u00e9letesen illeszked\u0151 vil\u00e1g\u00edt\u00e1si megold\u00e1st.<\/p>\n<h2>Emelje az esem\u00e9ny \u00e9lm\u00e9ny\u00e9t<\/h2>\n<h3>Mag\u00e1val ragad\u00f3 hat\u00e1sok<\/h3>\n<p>Az SX Stage Light Box leny\u0171g\u00f6z\u0151 f\u00e9nyhat\u00e1sokat biztos\u00edt, amelyek b\u00e1rmilyen esem\u00e9nyt feldobnak. A koncertekt\u0151l \u00e9s sz\u00ednh\u00e1zi produkci\u00f3kt\u00f3l kezdve a v\u00e1llalati rendezv\u00e9nyeken \u00e1t az esk\u00fcv\u0151kig, f\u00e9nydobozunk t\u00f6k\u00e9letes hangulatot biztos\u00edt. Hozzon l\u00e9tre felejthetetlen pillanatokat vibr\u00e1l\u00f3, dinamikus vil\u00e1g\u00edt\u00e1ssal, amely fokozza az esem\u00e9ny hangulat\u00e1t \u00e9s atmoszf\u00e9r\u00e1j\u00e1t.<\/p>\n<hr \/>\n<p>Friss\u00edtse rendezv\u00e9nye vil\u00e1g\u00edt\u00e1s\u00e1t az SX Light Box seg\u00edts\u00e9g\u00e9vel. L\u00e9pjen kapcsolatba vel\u00fcnk m\u00e9g ma, hogy t\u00f6bbet megtudjon a gy\u00e1ri k\u00f6zvetlen \u00e9rt\u00e9kes\u00edt\u00e9s\u00fcnkr\u0151l \u00e9s testreszab\u00e1si szolg\u00e1ltat\u00e1sainkr\u00f3l. Az SX seg\u00edts\u00e9g\u00e9vel a min\u0151s\u00e9g, a tart\u00f3ss\u00e1g \u00e9s az \u00e9rt\u00e9k t\u00f6k\u00e9letes kombin\u00e1ci\u00f3j\u00e1t kapja, \u00edgy biztos\u00edtva, hogy rendezv\u00e9nyei mindig kiemelked\u0151ek legyenek. Tapasztalja meg a k\u00fcl\u00f6nbs\u00e9get az SX-szel, \u00e9s vil\u00e1g\u00edtsa meg sz\u00ednpad\u00e1t \u00fagy, mint m\u00e9g soha.<\/p>\n<p>Hot Tags: Alacsony \u00e1r, rakt\u00e1ron, ingyenes minta, t\u00e1p- \u00e9s jelk\u00e1bel, 16 Gauge 4 vezet\u0151 vezet\u00e9k, mikrofon \u00e1llv\u00e1ny tok, k\u00fclt\u00e9ri Led kijelz\u0151szekr\u00e9ny, Rack Mount, 19\" Rackmount Mixer Flight Cases\uff0celektromos disztr\u00f3 doboz, K\u00edna, besz\u00e1ll\u00edt\u00f3k, gy\u00e1r, testreszabott, nagykereskedelem, <span style=\"color: #993366;\"><a style=\"color: #993366;\" href=\"https:\/\/sxflightcase.com\/hu\/product-category\/all-product\/power-distribution-boxes\/\">t\u00e1pegys\u00e9gek<\/a>,\u00a0<a style=\"color: #993366;\" href=\"https:\/\/sxflightcase.com\/hu\/product-category\/all-product\/hoist-controllers\/\">t\u00e1pk\u00e1belek<\/a>,\u00a0<a style=\"color: #993366;\" href=\"https:\/\/sxflightcase.com\/hu\/product-category\/all-product\/hoist-controllers\/\">emel\u0151g\u00e9p-vez\u00e9rl\u0151k<\/a>,\u00a0<a style=\"color: #993366;\" href=\"https:\/\/sxflightcase.com\/hu\/product-category\/all-product\/flight-case\/\">rep\u00fcl\u00e9si esetek.<\/a><\/span><\/p>","protected":false},"excerpt":{"rendered":"<h2 class=\"prodetails-name\"><span class=\"yoast-text-mark\">le=\"vertical-align: inherit;\"&gt;<span style=\"vertical-align: inherit;\">\u821e\u53f0\u706f\u7bb1<\/span>&lt;\/span&gt;<\/span><\/h2>\n<p><span style=\"vertical-align: inherit;\"><span style=\"vertical-align: inherit;\">\u6211\u4eec\u5f88\u9ad8\u5174\u4e3a\u4e1a\u5185\u4e13\u4e1a\u4eba\u58eb\u63d0\u4f9b\u4e00\u7cfb\u5217\u575a\u56fa\u7684\u65c5\u884c\u89e3\u51b3\u65b9\u6848\uff0c\u4ee5\u4fbf\u5b89\u5168\u5730\u8fd0\u8f93\u548c\u50a8\u5b58\u4ed6\u4eec\u7684\u6447\u5934\u706f\u6216\u7c7b\u4f3c\u4ea7\u54c1\u3002\u591a\u5e74\u6765\uff0c\u6211\u4eec\u82b1\u4e86\u5f88\u591a\u65f6\u95f4\u8bbe\u8ba1\u5b8c\u7f8e\u7684\u89e3\u51b3\u65b9\u6848\uff0c\u8ba9\u60a8\u65e0\u9700\u62c5\u5fc3\u635f\u574f\u5373\u53ef\u8fd0\u8f93\u60a8\u5fc3\u7231\u7684\u706f\u5177\u3002<\/span><\/span><\/p>\n<h2><strong><span style=\"vertical-align: inherit;\"><span style=\"vertical-align: inherit;\">\u751f\u4ea7\u4ecb\u7ecd<\/span><\/span>&lt;\/strong&gt;<\/strong><\/h2>\n<p><span style=\"vertical-align: inherit;\"><span style=\"vertical-align: inherit;\">\u821e\u53f0\u706f\u7bb1<\/span><\/span><\/p>\n<p><span style=\"vertical-align: inherit;\"><span style=\"vertical-align: inherit;\">\u9ad8\u54c1\u8d28\u9632\u706b\u677f\uff1b<\/span><\/span><\/p>\n<p><span style=\"vertical-align: inherit;\"><span style=\"vertical-align: inherit;\">\u6709\u591a\u79cd\u989c\u8272\u53ef\u9009\uff0c\u5e38\u7528\u9ed1\u8272\uff0c\u4e5f\u53ef\u9009\u62e9\u84dd\u8272\u3001\u9ec4\u8272\u3001\u7ea2\u8272\u3001\u7eff\u8272\u7b49\u989c\u8272\uff1b<\/span><\/span><\/p>\n<p><span style=\"vertical-align: inherit;\"><span style=\"vertical-align: inherit;\">\u7bb1\u4f53\u5177\u6709\u811a\u8f6e\u53ca\u9501\u5b9a\u529f\u80fd\uff1b<\/span><\/span><\/p>\n<p><span style=\"vertical-align: inherit;\"><span style=\"vertical-align: inherit;\">\u6709\u76d6\u5b50\u7684\u9501\uff1b<\/span><\/span><\/p>\n<p><span style=\"vertical-align: inherit;\"><span style=\"vertical-align: inherit;\">\u628a\u5de2\u7b51\u6210\u51e0\u5c42\u9ad8\uff1b<\/span><\/span><\/p>\n<p><span style=\"vertical-align: inherit;\"><span style=\"vertical-align: inherit;\">\u6709\u4e0d\u540c\u7684\u5c3a\u5bf8\u53ef\u4f9b\u9009\u62e9\u3002<\/span><\/span><\/p>","protected":false},"featured_media":1712,"comment_status":"open","ping_status":"closed","template":"","meta":[],"product_brand":[],"product_cat":[41],"product_tag":[],"class_list":{"0":"post-1711","1":"product","2":"type-product","3":"status-publish","4":"has-post-thumbnail","6":"product_cat-equipment-cases","8":"first","9":"instock","10":"shipping-taxable","11":"product-type-simple"},"yoast_head":"<!-- This site is optimized with the Yoast SEO Premium plugin v27.1 (Yoast SEO v27.2) - https:\/\/yoast.com\/product\/yoast-seo-premium-wordpress\/ -->\n<title>Stage Light Box - https:\/\/sxflightcase.com \ud83d\udc97<\/title>\n<meta name=\"description\" content=\"Stage Light Box: Get factory-direct sales and professional customization for optimal protection and organization of your lighting equipment\" \/>\n<meta name=\"robots\" content=\"index, follow, max-snippet:-1, max-image-preview:large, max-video-preview:-1\" \/>\n<link rel=\"canonical\" href=\"https:\/\/sxflightcase.com\/hu\/\u0645\u0646\u062a\u062c\/\u0635\u0646\u062f\u0648\u0642-\u0625\u0636\u0627\u0621\u0629-\u0627\u0644\u0645\u0633\u0631\u062d\/\" \/>\n<meta property=\"og:locale\" content=\"hu_HU\" \/>\n<meta property=\"og:type\" content=\"article\" \/>\n<meta property=\"og:title\" content=\"Stage Light Box\" \/>\n<meta property=\"og:description\" content=\"Stage Light Box: Get factory-direct sales and professional customization for optimal protection and organization of your lighting equipment\" \/>\n<meta property=\"og:url\" content=\"https:\/\/sxflightcase.com\/hu\/\u0645\u0646\u062a\u062c\/\u0635\u0646\u062f\u0648\u0642-\u0625\u0636\u0627\u0621\u0629-\u0627\u0644\u0645\u0633\u0631\u062d\/\" \/>\n<meta property=\"og:site_name\" content=\"https:\/\/sxflightcase.com\" \/>\n<meta property=\"article:publisher\" content=\"https:\/\/www.facebook.com\/profile.php?id=61560407257971\" \/>\n<meta property=\"article:modified_time\" content=\"2024-06-25T08:35:17+00:00\" \/>\n<meta property=\"og:image\" content=\"https:\/\/sxflightcase.com\/wp-content\/uploads\/2024\/05\/stage-light-box33136330726.webp\" \/>\n\t<meta property=\"og:image:width\" content=\"750\" \/>\n\t<meta property=\"og:image:height\" content=\"750\" \/>\n\t<meta property=\"og:image:type\" content=\"image\/webp\" \/>\n<meta name=\"twitter:card\" content=\"summary_large_image\" \/>\n<meta name=\"twitter:label1\" content=\"Becs\u00fclt olvas\u00e1si id\u0151\" \/>\n\t<meta name=\"twitter:data1\" content=\"3 perc\" \/>\n<script type=\"application\/ld+json\" class=\"yoast-schema-graph\">{\"@context\":\"https:\/\/schema.org\",\"@graph\":[{\"@type\":\"WebPage\",\"@id\":\"https:\/\/sxflightcase.com\/ar\/\u0645\u0646\u062a\u062c\/\u0635\u0646\u062f\u0648\u0642-\u0625\u0636\u0627\u0621\u0629-\u0627\u0644\u0645\u0633\u0631\u062d\/\",\"url\":\"https:\/\/sxflightcase.com\/ar\/\u0645\u0646\u062a\u062c\/\u0635\u0646\u062f\u0648\u0642-\u0625\u0636\u0627\u0621\u0629-\u0627\u0644\u0645\u0633\u0631\u062d\/\",\"name\":\"Stage Light Box - https:\/\/sxflightcase.com \ud83d\udc97\",\"isPartOf\":{\"@id\":\"https:\/\/sxflightcase.com\/th\/#website\"},\"primaryImageOfPage\":{\"@id\":\"https:\/\/sxflightcase.com\/ar\/\u0645\u0646\u062a\u062c\/\u0635\u0646\u062f\u0648\u0642-\u0625\u0636\u0627\u0621\u0629-\u0627\u0644\u0645\u0633\u0631\u062d\/#primaryimage\"},\"image\":{\"@id\":\"https:\/\/sxflightcase.com\/ar\/\u0645\u0646\u062a\u062c\/\u0635\u0646\u062f\u0648\u0642-\u0625\u0636\u0627\u0621\u0629-\u0627\u0644\u0645\u0633\u0631\u062d\/#primaryimage\"},\"thumbnailUrl\":\"https:\/\/sxflightcase.com\/wp-content\/uploads\/2024\/05\/stage-light-box33136330726.webp\",\"datePublished\":\"2024-05-10T03:35:24+00:00\",\"dateModified\":\"2024-06-25T08:35:17+00:00\",\"description\":\"Stage Light Box: Get factory-direct sales and professional customization for optimal protection and organization of your lighting equipment\",\"breadcrumb\":{\"@id\":\"https:\/\/sxflightcase.com\/ar\/\u0645\u0646\u062a\u062c\/\u0635\u0646\u062f\u0648\u0642-\u0625\u0636\u0627\u0621\u0629-\u0627\u0644\u0645\u0633\u0631\u062d\/#breadcrumb\"},\"inLanguage\":\"hu\",\"potentialAction\":[{\"@type\":\"ReadAction\",\"target\":[\"https:\/\/sxflightcase.com\/ar\/\u0645\u0646\u062a\u062c\/\u0635\u0646\u062f\u0648\u0642-\u0625\u0636\u0627\u0621\u0629-\u0627\u0644\u0645\u0633\u0631\u062d\/\"]}]},{\"@type\":\"ImageObject\",\"inLanguage\":\"hu\",\"@id\":\"https:\/\/sxflightcase.com\/ar\/\u0645\u0646\u062a\u062c\/\u0635\u0646\u062f\u0648\u0642-\u0625\u0636\u0627\u0621\u0629-\u0627\u0644\u0645\u0633\u0631\u062d\/#primaryimage\",\"url\":\"https:\/\/sxflightcase.com\/wp-content\/uploads\/2024\/05\/stage-light-box33136330726.webp\",\"contentUrl\":\"https:\/\/sxflightcase.com\/wp-content\/uploads\/2024\/05\/stage-light-box33136330726.webp\",\"width\":750,\"height\":750,\"caption\":\"Stage Light Box\"},{\"@type\":\"BreadcrumbList\",\"@id\":\"https:\/\/sxflightcase.com\/ar\/\u0645\u0646\u062a\u062c\/\u0635\u0646\u062f\u0648\u0642-\u0625\u0636\u0627\u0621\u0629-\u0627\u0644\u0645\u0633\u0631\u062d\/#breadcrumb\",\"itemListElement\":[{\"@type\":\"ListItem\",\"position\":1,\"name\":\"Home\",\"item\":\"https:\/\/sxflightcase.com\/\"},{\"@type\":\"ListItem\",\"position\":2,\"name\":\"\u0e2a\u0e34\u0e19\u0e04\u0e49\u0e32\",\"item\":\"https:\/\/sxflightcase.com\/th\/shop\/\"},{\"@type\":\"ListItem\",\"position\":3,\"name\":\"Stage Light Box\"}]},{\"@type\":\"WebSite\",\"@id\":\"https:\/\/sxflightcase.com\/th\/#website\",\"url\":\"https:\/\/sxflightcase.com\/th\/\",\"name\":\"sxpowercase.com\",\"description\":\"Flight Case Factory\",\"publisher\":{\"@id\":\"https:\/\/sxflightcase.com\/th\/#organization\"},\"potentialAction\":[{\"@type\":\"SearchAction\",\"target\":{\"@type\":\"EntryPoint\",\"urlTemplate\":\"https:\/\/sxflightcase.com\/th\/?s={search_term_string}\"},\"query-input\":{\"@type\":\"PropertyValueSpecification\",\"valueRequired\":true,\"valueName\":\"search_term_string\"}}],\"inLanguage\":\"hu\"},{\"@type\":\"Organization\",\"@id\":\"https:\/\/sxflightcase.com\/th\/#organization\",\"name\":\"sxpowercase.com\",\"url\":\"https:\/\/sxflightcase.com\/th\/\",\"logo\":{\"@type\":\"ImageObject\",\"inLanguage\":\"hu\",\"@id\":\"https:\/\/sxflightcase.com\/th\/#\/schema\/logo\/image\/\",\"url\":\"https:\/\/sxflightcase.com\/wp-content\/uploads\/2024\/04\/1713919036007.jpg\",\"contentUrl\":\"https:\/\/sxflightcase.com\/wp-content\/uploads\/2024\/04\/1713919036007.jpg\",\"width\":382,\"height\":388,\"caption\":\"sxpowercase.com\"},\"image\":{\"@id\":\"https:\/\/sxflightcase.com\/th\/#\/schema\/logo\/image\/\"},\"sameAs\":[\"https:\/\/www.facebook.com\/profile.php?id=61560407257971\"],\"numberOfEmployees\":{\"@type\":\"QuantitativeValue\",\"minValue\":\"11\",\"maxValue\":\"50\"}}]}<\/script>\n<!-- \/ Yoast SEO Premium plugin. -->","yoast_head_json":{"title":"Stage Light Box - https:\/\/sxflightcase.com \ud83d\udc97","description":"Sz\u00ednpadi f\u00e9nydoboz: Gy\u00e1ri k\u00f6zvetlen \u00e9rt\u00e9kes\u00edt\u00e9s \u00e9s professzion\u00e1lis testreszab\u00e1s a vil\u00e1g\u00edt\u00f3berendez\u00e9sek optim\u00e1lis v\u00e9delme \u00e9s szervez\u00e9se \u00e9rdek\u00e9ben.","robots":{"index":"index","follow":"follow","max-snippet":"max-snippet:-1","max-image-preview":"max-image-preview:large","max-video-preview":"max-video-preview:-1"},"canonical":"https:\/\/sxflightcase.com\/hu\/\u0645\u0646\u062a\u062c\/\u0635\u0646\u062f\u0648\u0642-\u0625\u0636\u0627\u0621\u0629-\u0627\u0644\u0645\u0633\u0631\u062d\/","og_locale":"hu_HU","og_type":"article","og_title":"Stage Light Box","og_description":"Stage Light Box: Get factory-direct sales and professional customization for optimal protection and organization of your lighting equipment","og_url":"https:\/\/sxflightcase.com\/hu\/\u0645\u0646\u062a\u062c\/\u0635\u0646\u062f\u0648\u0642-\u0625\u0636\u0627\u0621\u0629-\u0627\u0644\u0645\u0633\u0631\u062d\/","og_site_name":"https:\/\/sxflightcase.com","article_publisher":"https:\/\/www.facebook.com\/profile.php?id=61560407257971","article_modified_time":"2024-06-25T08:35:17+00:00","og_image":[{"width":750,"height":750,"url":"https:\/\/sxflightcase.com\/wp-content\/uploads\/2024\/05\/stage-light-box33136330726.webp","type":"image\/webp"}],"twitter_card":"summary_large_image","twitter_misc":{"Becs\u00fclt olvas\u00e1si id\u0151":"3 perc"},"schema":{"@context":"https:\/\/schema.org","@graph":[{"@type":"WebPage","@id":"https:\/\/sxflightcase.com\/ar\/\u0645\u0646\u062a\u062c\/\u0635\u0646\u062f\u0648\u0642-\u0625\u0636\u0627\u0621\u0629-\u0627\u0644\u0645\u0633\u0631\u062d\/","url":"https:\/\/sxflightcase.com\/ar\/\u0645\u0646\u062a\u062c\/\u0635\u0646\u062f\u0648\u0642-\u0625\u0636\u0627\u0621\u0629-\u0627\u0644\u0645\u0633\u0631\u062d\/","name":"Stage Light Box - https:\/\/sxflightcase.com \ud83d\udc97","isPartOf":{"@id":"https:\/\/sxflightcase.com\/th\/#website"},"primaryImageOfPage":{"@id":"https:\/\/sxflightcase.com\/ar\/\u0645\u0646\u062a\u062c\/\u0635\u0646\u062f\u0648\u0642-\u0625\u0636\u0627\u0621\u0629-\u0627\u0644\u0645\u0633\u0631\u062d\/#primaryimage"},"image":{"@id":"https:\/\/sxflightcase.com\/ar\/\u0645\u0646\u062a\u062c\/\u0635\u0646\u062f\u0648\u0642-\u0625\u0636\u0627\u0621\u0629-\u0627\u0644\u0645\u0633\u0631\u062d\/#primaryimage"},"thumbnailUrl":"https:\/\/sxflightcase.com\/wp-content\/uploads\/2024\/05\/stage-light-box33136330726.webp","datePublished":"2024-05-10T03:35:24+00:00","dateModified":"2024-06-25T08:35:17+00:00","description":"Sz\u00ednpadi f\u00e9nydoboz: Gy\u00e1ri k\u00f6zvetlen \u00e9rt\u00e9kes\u00edt\u00e9s \u00e9s professzion\u00e1lis testreszab\u00e1s a vil\u00e1g\u00edt\u00f3berendez\u00e9sek optim\u00e1lis v\u00e9delme \u00e9s szervez\u00e9se \u00e9rdek\u00e9ben.","breadcrumb":{"@id":"https:\/\/sxflightcase.com\/ar\/\u0645\u0646\u062a\u062c\/\u0635\u0646\u062f\u0648\u0642-\u0625\u0636\u0627\u0621\u0629-\u0627\u0644\u0645\u0633\u0631\u062d\/#breadcrumb"},"inLanguage":"hu","potentialAction":[{"@type":"ReadAction","target":["https:\/\/sxflightcase.com\/ar\/\u0645\u0646\u062a\u062c\/\u0635\u0646\u062f\u0648\u0642-\u0625\u0636\u0627\u0621\u0629-\u0627\u0644\u0645\u0633\u0631\u062d\/"]}]},{"@type":"ImageObject","inLanguage":"hu","@id":"https:\/\/sxflightcase.com\/ar\/\u0645\u0646\u062a\u062c\/\u0635\u0646\u062f\u0648\u0642-\u0625\u0636\u0627\u0621\u0629-\u0627\u0644\u0645\u0633\u0631\u062d\/#primaryimage","url":"https:\/\/sxflightcase.com\/wp-content\/uploads\/2024\/05\/stage-light-box33136330726.webp","contentUrl":"https:\/\/sxflightcase.com\/wp-content\/uploads\/2024\/05\/stage-light-box33136330726.webp","width":750,"height":750,"caption":"Stage Light Box"},{"@type":"BreadcrumbList","@id":"https:\/\/sxflightcase.com\/ar\/\u0645\u0646\u062a\u062c\/\u0635\u0646\u062f\u0648\u0642-\u0625\u0636\u0627\u0621\u0629-\u0627\u0644\u0645\u0633\u0631\u062d\/#breadcrumb","itemListElement":[{"@type":"ListItem","position":1,"name":"Home","item":"https:\/\/sxflightcase.com\/"},{"@type":"ListItem","position":2,"name":"\u0e2a\u0e34\u0e19\u0e04\u0e49\u0e32","item":"https:\/\/sxflightcase.com\/th\/shop\/"},{"@type":"ListItem","position":3,"name":"Stage Light Box"}]},{"@type":"WebSite","@id":"https:\/\/sxflightcase.com\/th\/#website","url":"https:\/\/sxflightcase.com\/th\/","name":"sxpowercase.com","description":"Flight Case Factory","publisher":{"@id":"https:\/\/sxflightcase.com\/th\/#organization"},"potentialAction":[{"@type":"SearchAction","target":{"@type":"EntryPoint","urlTemplate":"https:\/\/sxflightcase.com\/th\/?s={search_term_string}"},"query-input":{"@type":"PropertyValueSpecification","valueRequired":true,"valueName":"search_term_string"}}],"inLanguage":"hu"},{"@type":"Organization","@id":"https:\/\/sxflightcase.com\/th\/#organization","name":"sxpowercase.com","url":"https:\/\/sxflightcase.com\/th\/","logo":{"@type":"ImageObject","inLanguage":"hu","@id":"https:\/\/sxflightcase.com\/th\/#\/schema\/logo\/image\/","url":"https:\/\/sxflightcase.com\/wp-content\/uploads\/2024\/04\/1713919036007.jpg","contentUrl":"https:\/\/sxflightcase.com\/wp-content\/uploads\/2024\/04\/1713919036007.jpg","width":382,"height":388,"caption":"sxpowercase.com"},"image":{"@id":"https:\/\/sxflightcase.com\/th\/#\/schema\/logo\/image\/"},"sameAs":["https:\/\/www.facebook.com\/profile.php?id=61560407257971"],"numberOfEmployees":{"@type":"QuantitativeValue","minValue":"11","maxValue":"50"}}]}},"_links":{"self":[{"href":"https:\/\/sxflightcase.com\/hu\/wp-json\/wp\/v2\/product\/1711","targetHints":{"allow":["GET"]}}],"collection":[{"href":"https:\/\/sxflightcase.com\/hu\/wp-json\/wp\/v2\/product"}],"about":[{"href":"https:\/\/sxflightcase.com\/hu\/wp-json\/wp\/v2\/types\/product"}],"replies":[{"embeddable":true,"href":"https:\/\/sxflightcase.com\/hu\/wp-json\/wp\/v2\/comments?post=1711"}],"version-history":[{"count":0,"href":"https:\/\/sxflightcase.com\/hu\/wp-json\/wp\/v2\/product\/1711\/revisions"}],"wp:featuredmedia":[{"embeddable":true,"href":"https:\/\/sxflightcase.com\/hu\/wp-json\/wp\/v2\/media\/1712"}],"wp:attachment":[{"href":"https:\/\/sxflightcase.com\/hu\/wp-json\/wp\/v2\/media?parent=1711"}],"wp:term":[{"taxonomy":"product_brand","embeddable":true,"href":"https:\/\/sxflightcase.com\/hu\/wp-json\/wp\/v2\/product_brand?post=1711"},{"taxonomy":"product_cat","embeddable":true,"href":"https:\/\/sxflightcase.com\/hu\/wp-json\/wp\/v2\/product_cat?post=1711"},{"taxonomy":"product_tag","embeddable":true,"href":"https:\/\/sxflightcase.com\/hu\/wp-json\/wp\/v2\/product_tag?post=1711"}],"curies":[{"name":"wp","href":"https:\/\/api.w.org\/{rel}","templated":true}]}}