{"id":1718,"date":"2024-05-10T04:53:18","date_gmt":"2024-05-10T03:53:18","guid":{"rendered":"https:\/\/sxpowercase.com\/?post_type=product&#038;p=1718"},"modified":"2024-06-25T09:32:02","modified_gmt":"2024-06-25T08:32:02","slug":"18-inch-subwoofer-box","status":"publish","type":"product","link":"https:\/\/sxflightcase.com\/hu\/termek\/18-huvelykes-melynyomo-doboz\/","title":{"rendered":"18 h\u00fcvelykes m\u00e9lynyom\u00f3 doboz"},"content":{"rendered":"<p><strong>Term\u00e9k param\u00e9ter (specifik\u00e1ci\u00f3)<\/strong><\/p>\n<section class=\"table-wrap\">\n<table class=\"table\" width=\"100%\" cellspacing=\"0\" cellpadding=\"0\">\n<tbody>\n<tr class=\"firstRow\">\n<td width=\"134\">Term\u00e9k neve<\/td>\n<td width=\"504\">18 h\u00fcvelykes m\u00e9lynyom\u00f3 doboz<\/td>\n<\/tr>\n<tr>\n<td width=\"134\">Anyagok<\/td>\n<td width=\"504\">Alum\u00ednium keret + 9mm r\u00e9tegelt lemez<br \/>\n4 x Pillang\u00f3 retesz hurokkal a lakat r\u00f6gz\u00edt\u00e9s\u00e9hez (lakat nem tartoz\u00e9k)<br \/>\nTeljesen habos\u00edtott, plasztazote habbal b\u00e9lelt<br \/>\n4x 100 mm-es gumikerekek 15 mm-es ny\u00edrfa ker\u00e9klemezzel a tokhoz csavarozva (2 teljes reteszel\u00e9s\u0171 f\u00e9kkel rendelkezik) k\u00f6lts\u00e9g opci\u00f3<\/td>\n<\/tr>\n<tr>\n<td width=\"134\">Sz\u00ednes<\/td>\n<td width=\"504\">Fekete, k\u00e9k, piros vagy egyedi<\/td>\n<\/tr>\n<tr>\n<td width=\"134\">Haszn\u00e1lat<\/td>\n<td width=\"504\">Sz\u00e1ll\u00edt\u00e1si t\u00e1rol\u00e1s v\u00e9delme<\/td>\n<\/tr>\n<\/tbody>\n<\/table>\n<\/section>\n<h1>Tapasztalja meg a p\u00e1ratlan hangz\u00e1st az SX 18 h\u00fcvelykes m\u00e9lynyom\u00f3 doboz\u00e1val<\/h1>\n<h2>Er\u0151teljes hangz\u00e1s, t\u00f6k\u00e9letes design<\/h2>\n<p>A <a href=\"https:\/\/sxpowercase.com\/\" target=\"_blank\"  rel=\"noopener\" title=\"SX\"  data-wpil-monitor-id=\"463\">SX<\/a> A 18 h\u00fcvelykes m\u00e9lynyom\u00f3 doboz p\u00e1ratlan hang\u00e9lm\u00e9nyt ny\u00fajt. \u00dagy tervezt\u00e9k, hogy hangrendszer\u00e9t feljav\u00edtsa, m\u00e9ly, er\u0151teljes basszust biztos\u00edt, amely b\u00e1rmilyen teret \u00e1talak\u00edt. Eleg\u00e1ns kialak\u00edt\u00e1sa z\u00f6kken\u0151mentesen illeszkedik a berendez\u00e9sbe, eszt\u00e9tikus megjelen\u00e9st \u00e9s kiv\u00e1l\u00f3 teljes\u00edtm\u00e9nyt k\u00edn\u00e1l.<\/p>\n<h2>Kiv\u00e1l\u00f3 k\u00e9zm\u0171vess\u00e9g<\/h2>\n<h3>Tart\u00f3ss\u00e1gra \u00e9p\u00fclt<\/h3>\n<p>Az SX-n\u00e9l hisz\u00fcnk a min\u0151s\u00e9gben. A 18 h\u00fcvelykes m\u00e9lynyom\u00f3 dobozunk kiv\u00e1l\u00f3 min\u0151s\u00e9g\u0171 anyagokb\u00f3l k\u00e9sz\u00fcl, biztos\u00edtva a hossz\u00fa \u00e9lettartamot \u00e9s teljes\u00edtm\u00e9nyt. A massz\u00edv konstrukci\u00f3 ellen\u00e1ll a sz\u00e1ll\u00edt\u00e1s \u00e9s a haszn\u00e1lat viszontags\u00e1gainak, \u00edgy megb\u00edzhat\u00f3 kieg\u00e9sz\u00edt\u0151je lesz audioberendez\u00e9seinek.<\/p>\n<h2>Gy\u00e1ri k\u00f6zvetlen \u00e9rt\u00e9kes\u00edt\u00e9s<\/h2>\n<h3>Garant\u00e1ltan a legjobb \u00e9rt\u00e9k<\/h3>\n<p>Az SX k\u00f6zvetlen gy\u00e1ri \u00e9rt\u00e9kes\u00edt\u00e9si modellje biztos\u00edtja, hogy \u00d6n a legjobb \u00e9rt\u00e9ket kapja a befektet\u00e9s\u00e9\u00e9rt. A k\u00f6zvet\u00edt\u0151k kik\u00fcsz\u00f6b\u00f6l\u00e9s\u00e9vel kiv\u00e1l\u00f3 min\u0151s\u00e9g\u0171 term\u00e9keket k\u00edn\u00e1lunk versenyk\u00e9pes \u00e1ron. A 18 h\u00fcvelykes m\u00e9lynyom\u00f3 doboz k\u00f6lts\u00e9ghat\u00e9kony megold\u00e1s a pr\u00e9mium hangz\u00e1st keres\u0151 audiofilok sz\u00e1m\u00e1ra, an\u00e9lk\u00fcl, hogy a bankot megt\u00f6rn\u00e9.<\/p>\n<h2>Testreszab\u00e1si szolg\u00e1ltat\u00e1sok<\/h2>\n<h3>Az \u00d6n ig\u00e9nyeire szabva<\/h3>\n<p>Az SX meg\u00e9rti, hogy minden hangrendszer egyedi. Ez\u00e9rt k\u00edn\u00e1lunk testreszab\u00e1si lehet\u0151s\u00e9geket a 18 h\u00fcvelykes m\u00e9lynyom\u00f3 dobozunkhoz. Ak\u00e1r k\u00fcl\u00f6nleges m\u00e9retekre, ak\u00e1r kivitelre, ak\u00e1r kieg\u00e9sz\u00edt\u0151 funkci\u00f3kra van sz\u00fcks\u00e9ge, a m\u00e9lysug\u00e1rz\u00f3 dobozt az \u00d6n pontos ig\u00e9nyeinek megfelel\u0151en tudjuk testre szabni. \u00c9lvezze az \u00d6n preferenci\u00e1ira szabott term\u00e9ket.<\/p>\n<h2>N\u00f6velje az audio\u00e9lm\u00e9nyt<\/h2>\n<h3>M\u00e9ly basszus, tiszta hangz\u00e1s<\/h3>\n<p>Az SX 18 h\u00fcvelykes m\u00e9lynyom\u00f3 doboza m\u00e9ly, gazdag basszussal \u00e9s tiszta hangmin\u0151s\u00e9ggel gazdag\u00edtja audioberendez\u00e9s\u00e9t. T\u00f6k\u00e9letes a zenebar\u00e1tok, a h\u00e1zimozi \u00e9s a professzion\u00e1lis be\u00e1ll\u00edt\u00e1sok sz\u00e1m\u00e1ra, emeli a hallgat\u00e1si \u00e9lm\u00e9nyt. \u00c9lvezze a mag\u00e1val ragad\u00f3 hangz\u00e1st, amely \u00e9letre kelti kedvenc zenesz\u00e1mait \u00e9s filmjeit.<\/p>\n<hr \/>\n<p>Friss\u00edtse fel audiorendszer\u00e9t az SX 18 h\u00fcvelykes m\u00e9lysug\u00e1rz\u00f3 dobozzal. L\u00e9pjen kapcsolatba vel\u00fcnk m\u00e9g ma, ha t\u00f6bbet szeretne megtudni gy\u00e1ri k\u00f6zvetlen \u00e9rt\u00e9kes\u00edt\u00e9si \u00e9s testreszab\u00e1si szolg\u00e1ltat\u00e1sainkr\u00f3l. Tapasztalja meg a teljes\u00edtm\u00e9ny, a tart\u00f3ss\u00e1g \u00e9s az \u00e9rt\u00e9k t\u00f6k\u00e9letes kever\u00e9k\u00e9t az SX-szel, \u00e9s emelje hangrendszer\u00e9t a k\u00f6vetkez\u0151 szintre.<\/p>\n<p><strong>GYIK<\/strong><\/p>\n<p>K: Meg tudja csin\u00e1lni a saj\u00e1t csomagol\u00e1sunkat?<\/p>\n<p>V: Igen, \u00d6n csak megadja a csomagtervet, mi pedig elk\u00e9sz\u00edtj\u00fck, amit szeretne. A professzion\u00e1lis tervez\u0151 is seg\u00edthet a csomagol\u00e1s tervez\u00e9s\u00e9ben.<\/p>\n<p>Q. Adnak mint\u00e1t?<\/p>\n<p>A. Igen, mint\u00e1t biztos\u00edtunk, \u00e9s a mintak\u00f6lts\u00e9get visszaadjuk \u00d6nnek, amikor meger\u0151s\u00edtj\u00fck a nagy megrendel\u00e9st<\/p>\n<p>Q. Mik a term\u00e9kei?<\/p>\n<p>A. <a class=\"wpil_keyword_link\" title=\"Rep\u00fcl\u0151 tok\" href=\"https:\/\/sxpowercase.com\/product-category\/all-product\/flight-case\/\" target=\"_blank\" rel=\"noopener\" data-wpil-keyword-link=\"linked\" data-wpil-monitor-id=\"412\">Rep\u00fcl\u0151 tok<\/a> mint rack tok, csomagtart\u00f3 tok, kever\u0151 tok, TV tok, stb....<\/p>\n<p>Hot Tags: Alacsony \u00e1r, rakt\u00e1ron, ingyenes minta, t\u00e1p- \u00e9s jelk\u00e1bel, 16 Gauge 4 vezet\u0151 vezet\u00e9k, mikrofon \u00e1llv\u00e1ny tok, k\u00fclt\u00e9ri Led kijelz\u0151szekr\u00e9ny, Rack Mount, 19\" Rackmount Mixer Flight Cases\uff0celektromos disztr\u00f3 doboz, K\u00edna, besz\u00e1ll\u00edt\u00f3k, gy\u00e1r, gy\u00e1r, testreszabott, nagykereskedelem, 18 h\u00fcvelykes m\u00e9lynyom\u00f3 doboz,<span style=\"color: #993366;\"><a style=\"color: #993366;\" href=\"https:\/\/sxflightcase.com\/hu\/product-category\/all-product\/power-distribution-boxes\/\">t\u00e1pegys\u00e9gek<\/a>,\u00a0<a style=\"color: #993366;\" href=\"https:\/\/sxflightcase.com\/hu\/product-category\/all-product\/hoist-controllers\/\">t\u00e1pk\u00e1belek<\/a>,\u00a0<a style=\"color: #993366;\" href=\"https:\/\/sxflightcase.com\/hu\/product-category\/all-product\/hoist-controllers\/\">emel\u0151g\u00e9p-vez\u00e9rl\u0151k<\/a>,\u00a0<a style=\"color: #993366;\" href=\"https:\/\/sxflightcase.com\/hu\/product-category\/all-product\/flight-case\/\">rep\u00fcl\u00e9si esetek.<\/a><\/span><\/p>","protected":false},"excerpt":{"rendered":"<h2 class=\"prodetails-name\">18 h\u00fcvelykes m\u00e9lynyom\u00f3 doboz<\/h2>\n<p>H\u00e1zon bel\u00fcli tapasztalataink azt jelentik, hogy meg\u00e9rtj\u00fck \u00fcgyfeleink elv\u00e1r\u00e1sait a tokkal szemben, mik\u00f6zben k\u00fcl\u00f6nb\u00f6z\u0151 testreszab\u00e1si lehet\u0151s\u00e9geket is tudunk k\u00edn\u00e1lni, hogy megk\u00f6nny\u00edts\u00fck az \u00d6n munk\u00e1j\u00e1t a berendez\u00e9sek mozgat\u00e1sakor. A 18 h\u00fcvelykes m\u00e9lysug\u00e1rz\u00f3 doboz sokoldal\u00fas\u00e1ga miatt az egyik legn\u00e9pszer\u0171bb rep\u00fcl\u0151 tok a piacon.<\/p>\n<h2><strong>Termel\u00e9si bevezet\u00e9s<\/strong><\/h2>\n<p>18 h\u00fcvelykes m\u00e9lynyom\u00f3 doboz<\/p>\n<p>* H\u00fasos, egym\u00e1sra rakhat\u00f3 goly\u00f3s sarkok<\/p>\n<p>* Dupla horgony ipari szegecsek<\/p>\n<p>* S\u00fcllyesztett, ipari min\u0151s\u00e9g\u0171 reteszek<\/p>\n<p>* S\u00fcllyesztett, ipari min\u0151s\u00e9g\u0171 foganty\u00fa<\/p>\n<p>* Ipari min\u0151s\u00e9g\u0171 gumi l\u00e1bak<\/p>\n<p>* Pr\u00e9mium 3\/8 h\u00fcvelykes vinil r\u00e9tegelt lemez<\/p>\n<p>* Nyelv \u00e9s horony r\u00f6gz\u00edt\u0151 illeszked\u00e9s<\/p>\n<p>* Tartalmazza az \u00e1ll\u00edthat\u00f3 sz\u00e9less\u00e9g\u0171 kever\u0151\/CD-lej\u00e1tsz\u00f3 cs\u00edkokat<\/p>\n<p>* Rack korl\u00e1tozott \u00e9lettartam\u00fa garancia<\/p>\n<p>* ATA 300 min\u0151s\u00edt\u00e9s<\/p>","protected":false},"featured_media":1719,"comment_status":"open","ping_status":"closed","template":"","meta":[],"product_brand":[],"product_cat":[41],"product_tag":[],"class_list":{"0":"post-1718","1":"product","2":"type-product","3":"status-publish","4":"has-post-thumbnail","6":"product_cat-equipment-cases","8":"first","9":"instock","10":"shipping-taxable","11":"product-type-simple"},"yoast_head":"<!-- This site is optimized with the Yoast SEO Premium plugin v27.1 (Yoast SEO v27.2) - https:\/\/yoast.com\/product\/yoast-seo-premium-wordpress\/ -->\n<title>18 Inch Subwoofer Box - https:\/\/sxflightcase.com \ud83d\udc97<\/title>\n<meta name=\"description\" content=\"18 Inch Subwoofer Box: Get factory-direct sales and professional customization for optimal protection and organization of your lighting equipment\" \/>\n<meta name=\"robots\" content=\"index, follow, max-snippet:-1, max-image-preview:large, max-video-preview:-1\" \/>\n<link rel=\"canonical\" href=\"https:\/\/sxflightcase.com\/hu\/\u88fd\u54c1\/18\u30a4\u30f3\u30c1\u30fb\u30b5\u30d6\u30a6\u30fc\u30d5\u30a1\u30fc\u30dc\u30c3\u30af\u30b9\/\" \/>\n<meta property=\"og:locale\" content=\"hu_HU\" \/>\n<meta property=\"og:type\" content=\"article\" \/>\n<meta property=\"og:title\" content=\"18 Inch Subwoofer Box\" \/>\n<meta property=\"og:description\" content=\"18 Inch Subwoofer Box: Get factory-direct sales and professional customization for optimal protection and organization of your lighting equipment\" \/>\n<meta property=\"og:url\" content=\"https:\/\/sxflightcase.com\/hu\/\u88fd\u54c1\/18\u30a4\u30f3\u30c1\u30fb\u30b5\u30d6\u30a6\u30fc\u30d5\u30a1\u30fc\u30dc\u30c3\u30af\u30b9\/\" \/>\n<meta property=\"og:site_name\" content=\"https:\/\/sxflightcase.com\" \/>\n<meta property=\"article:publisher\" content=\"https:\/\/www.facebook.com\/profile.php?id=61560407257971\" \/>\n<meta property=\"article:modified_time\" content=\"2024-06-25T08:32:02+00:00\" \/>\n<meta property=\"og:image\" content=\"https:\/\/sxflightcase.com\/wp-content\/uploads\/2024\/05\/18-inch-subwoofer-box05049421198.jpg\" \/>\n\t<meta property=\"og:image:width\" content=\"350\" \/>\n\t<meta property=\"og:image:height\" content=\"350\" \/>\n\t<meta property=\"og:image:type\" content=\"image\/jpeg\" \/>\n<meta name=\"twitter:card\" content=\"summary_large_image\" \/>\n<meta name=\"twitter:label1\" content=\"Becs\u00fclt olvas\u00e1si id\u0151\" \/>\n\t<meta name=\"twitter:data1\" content=\"3 perc\" \/>\n<script type=\"application\/ld+json\" class=\"yoast-schema-graph\">{\"@context\":\"https:\/\/schema.org\",\"@graph\":[{\"@type\":\"WebPage\",\"@id\":\"https:\/\/sxflightcase.com\/ja\/\u88fd\u54c1\/18\u30a4\u30f3\u30c1\u30fb\u30b5\u30d6\u30a6\u30fc\u30d5\u30a1\u30fc\u30dc\u30c3\u30af\u30b9\/\",\"url\":\"https:\/\/sxflightcase.com\/ja\/\u88fd\u54c1\/18\u30a4\u30f3\u30c1\u30fb\u30b5\u30d6\u30a6\u30fc\u30d5\u30a1\u30fc\u30dc\u30c3\u30af\u30b9\/\",\"name\":\"18 Inch Subwoofer Box - https:\/\/sxflightcase.com \ud83d\udc97\",\"isPartOf\":{\"@id\":\"https:\/\/sxflightcase.com\/th\/#website\"},\"primaryImageOfPage\":{\"@id\":\"https:\/\/sxflightcase.com\/ja\/\u88fd\u54c1\/18\u30a4\u30f3\u30c1\u30fb\u30b5\u30d6\u30a6\u30fc\u30d5\u30a1\u30fc\u30dc\u30c3\u30af\u30b9\/#primaryimage\"},\"image\":{\"@id\":\"https:\/\/sxflightcase.com\/ja\/\u88fd\u54c1\/18\u30a4\u30f3\u30c1\u30fb\u30b5\u30d6\u30a6\u30fc\u30d5\u30a1\u30fc\u30dc\u30c3\u30af\u30b9\/#primaryimage\"},\"thumbnailUrl\":\"https:\/\/sxflightcase.com\/wp-content\/uploads\/2024\/05\/18-inch-subwoofer-box05049421198.jpg\",\"datePublished\":\"2024-05-10T03:53:18+00:00\",\"dateModified\":\"2024-06-25T08:32:02+00:00\",\"description\":\"18 Inch Subwoofer Box: Get factory-direct sales and professional customization for optimal protection and organization of your lighting equipment\",\"breadcrumb\":{\"@id\":\"https:\/\/sxflightcase.com\/ja\/\u88fd\u54c1\/18\u30a4\u30f3\u30c1\u30fb\u30b5\u30d6\u30a6\u30fc\u30d5\u30a1\u30fc\u30dc\u30c3\u30af\u30b9\/#breadcrumb\"},\"inLanguage\":\"hu\",\"potentialAction\":[{\"@type\":\"ReadAction\",\"target\":[\"https:\/\/sxflightcase.com\/ja\/\u88fd\u54c1\/18\u30a4\u30f3\u30c1\u30fb\u30b5\u30d6\u30a6\u30fc\u30d5\u30a1\u30fc\u30dc\u30c3\u30af\u30b9\/\"]}]},{\"@type\":\"ImageObject\",\"inLanguage\":\"hu\",\"@id\":\"https:\/\/sxflightcase.com\/ja\/\u88fd\u54c1\/18\u30a4\u30f3\u30c1\u30fb\u30b5\u30d6\u30a6\u30fc\u30d5\u30a1\u30fc\u30dc\u30c3\u30af\u30b9\/#primaryimage\",\"url\":\"https:\/\/sxflightcase.com\/wp-content\/uploads\/2024\/05\/18-inch-subwoofer-box05049421198.jpg\",\"contentUrl\":\"https:\/\/sxflightcase.com\/wp-content\/uploads\/2024\/05\/18-inch-subwoofer-box05049421198.jpg\",\"width\":350,\"height\":350,\"caption\":\"18 Inch Subwoofer Box\"},{\"@type\":\"BreadcrumbList\",\"@id\":\"https:\/\/sxflightcase.com\/ja\/\u88fd\u54c1\/18\u30a4\u30f3\u30c1\u30fb\u30b5\u30d6\u30a6\u30fc\u30d5\u30a1\u30fc\u30dc\u30c3\u30af\u30b9\/#breadcrumb\",\"itemListElement\":[{\"@type\":\"ListItem\",\"position\":1,\"name\":\"Home\",\"item\":\"https:\/\/sxflightcase.com\/\"},{\"@type\":\"ListItem\",\"position\":2,\"name\":\"\u0e2a\u0e34\u0e19\u0e04\u0e49\u0e32\",\"item\":\"https:\/\/sxflightcase.com\/th\/shop\/\"},{\"@type\":\"ListItem\",\"position\":3,\"name\":\"18 Inch Subwoofer Box\"}]},{\"@type\":\"WebSite\",\"@id\":\"https:\/\/sxflightcase.com\/th\/#website\",\"url\":\"https:\/\/sxflightcase.com\/th\/\",\"name\":\"sxpowercase.com\",\"description\":\"Flight Case Factory\",\"publisher\":{\"@id\":\"https:\/\/sxflightcase.com\/th\/#organization\"},\"potentialAction\":[{\"@type\":\"SearchAction\",\"target\":{\"@type\":\"EntryPoint\",\"urlTemplate\":\"https:\/\/sxflightcase.com\/th\/?s={search_term_string}\"},\"query-input\":{\"@type\":\"PropertyValueSpecification\",\"valueRequired\":true,\"valueName\":\"search_term_string\"}}],\"inLanguage\":\"hu\"},{\"@type\":\"Organization\",\"@id\":\"https:\/\/sxflightcase.com\/th\/#organization\",\"name\":\"sxpowercase.com\",\"url\":\"https:\/\/sxflightcase.com\/th\/\",\"logo\":{\"@type\":\"ImageObject\",\"inLanguage\":\"hu\",\"@id\":\"https:\/\/sxflightcase.com\/th\/#\/schema\/logo\/image\/\",\"url\":\"https:\/\/sxflightcase.com\/wp-content\/uploads\/2024\/04\/1713919036007.jpg\",\"contentUrl\":\"https:\/\/sxflightcase.com\/wp-content\/uploads\/2024\/04\/1713919036007.jpg\",\"width\":382,\"height\":388,\"caption\":\"sxpowercase.com\"},\"image\":{\"@id\":\"https:\/\/sxflightcase.com\/th\/#\/schema\/logo\/image\/\"},\"sameAs\":[\"https:\/\/www.facebook.com\/profile.php?id=61560407257971\"],\"numberOfEmployees\":{\"@type\":\"QuantitativeValue\",\"minValue\":\"11\",\"maxValue\":\"50\"}}]}<\/script>\n<!-- \/ Yoast SEO Premium plugin. -->","yoast_head_json":{"title":"18 Inch Subwoofer Box - https:\/\/sxflightcase.com \ud83d\udc97","description":"18 h\u00fcvelykes m\u00e9lynyom\u00f3 doboz: Gy\u00e1ri k\u00f6zvetlen \u00e9rt\u00e9kes\u00edt\u00e9s \u00e9s professzion\u00e1lis testreszab\u00e1s a vil\u00e1g\u00edt\u00f3berendez\u00e9sek optim\u00e1lis v\u00e9delme \u00e9s szervez\u00e9se \u00e9rdek\u00e9ben.","robots":{"index":"index","follow":"follow","max-snippet":"max-snippet:-1","max-image-preview":"max-image-preview:large","max-video-preview":"max-video-preview:-1"},"canonical":"https:\/\/sxflightcase.com\/hu\/\u88fd\u54c1\/18\u30a4\u30f3\u30c1\u30fb\u30b5\u30d6\u30a6\u30fc\u30d5\u30a1\u30fc\u30dc\u30c3\u30af\u30b9\/","og_locale":"hu_HU","og_type":"article","og_title":"18 Inch Subwoofer Box","og_description":"18 Inch Subwoofer Box: Get factory-direct sales and professional customization for optimal protection and organization of your lighting equipment","og_url":"https:\/\/sxflightcase.com\/hu\/\u88fd\u54c1\/18\u30a4\u30f3\u30c1\u30fb\u30b5\u30d6\u30a6\u30fc\u30d5\u30a1\u30fc\u30dc\u30c3\u30af\u30b9\/","og_site_name":"https:\/\/sxflightcase.com","article_publisher":"https:\/\/www.facebook.com\/profile.php?id=61560407257971","article_modified_time":"2024-06-25T08:32:02+00:00","og_image":[{"width":350,"height":350,"url":"https:\/\/sxflightcase.com\/wp-content\/uploads\/2024\/05\/18-inch-subwoofer-box05049421198.jpg","type":"image\/jpeg"}],"twitter_card":"summary_large_image","twitter_misc":{"Becs\u00fclt olvas\u00e1si id\u0151":"3 perc"},"schema":{"@context":"https:\/\/schema.org","@graph":[{"@type":"WebPage","@id":"https:\/\/sxflightcase.com\/ja\/\u88fd\u54c1\/18\u30a4\u30f3\u30c1\u30fb\u30b5\u30d6\u30a6\u30fc\u30d5\u30a1\u30fc\u30dc\u30c3\u30af\u30b9\/","url":"https:\/\/sxflightcase.com\/ja\/\u88fd\u54c1\/18\u30a4\u30f3\u30c1\u30fb\u30b5\u30d6\u30a6\u30fc\u30d5\u30a1\u30fc\u30dc\u30c3\u30af\u30b9\/","name":"18 Inch Subwoofer Box - https:\/\/sxflightcase.com \ud83d\udc97","isPartOf":{"@id":"https:\/\/sxflightcase.com\/th\/#website"},"primaryImageOfPage":{"@id":"https:\/\/sxflightcase.com\/ja\/\u88fd\u54c1\/18\u30a4\u30f3\u30c1\u30fb\u30b5\u30d6\u30a6\u30fc\u30d5\u30a1\u30fc\u30dc\u30c3\u30af\u30b9\/#primaryimage"},"image":{"@id":"https:\/\/sxflightcase.com\/ja\/\u88fd\u54c1\/18\u30a4\u30f3\u30c1\u30fb\u30b5\u30d6\u30a6\u30fc\u30d5\u30a1\u30fc\u30dc\u30c3\u30af\u30b9\/#primaryimage"},"thumbnailUrl":"https:\/\/sxflightcase.com\/wp-content\/uploads\/2024\/05\/18-inch-subwoofer-box05049421198.jpg","datePublished":"2024-05-10T03:53:18+00:00","dateModified":"2024-06-25T08:32:02+00:00","description":"18 h\u00fcvelykes m\u00e9lynyom\u00f3 doboz: Gy\u00e1ri k\u00f6zvetlen \u00e9rt\u00e9kes\u00edt\u00e9s \u00e9s professzion\u00e1lis testreszab\u00e1s a vil\u00e1g\u00edt\u00f3berendez\u00e9sek optim\u00e1lis v\u00e9delme \u00e9s szervez\u00e9se \u00e9rdek\u00e9ben.","breadcrumb":{"@id":"https:\/\/sxflightcase.com\/ja\/\u88fd\u54c1\/18\u30a4\u30f3\u30c1\u30fb\u30b5\u30d6\u30a6\u30fc\u30d5\u30a1\u30fc\u30dc\u30c3\u30af\u30b9\/#breadcrumb"},"inLanguage":"hu","potentialAction":[{"@type":"ReadAction","target":["https:\/\/sxflightcase.com\/ja\/\u88fd\u54c1\/18\u30a4\u30f3\u30c1\u30fb\u30b5\u30d6\u30a6\u30fc\u30d5\u30a1\u30fc\u30dc\u30c3\u30af\u30b9\/"]}]},{"@type":"ImageObject","inLanguage":"hu","@id":"https:\/\/sxflightcase.com\/ja\/\u88fd\u54c1\/18\u30a4\u30f3\u30c1\u30fb\u30b5\u30d6\u30a6\u30fc\u30d5\u30a1\u30fc\u30dc\u30c3\u30af\u30b9\/#primaryimage","url":"https:\/\/sxflightcase.com\/wp-content\/uploads\/2024\/05\/18-inch-subwoofer-box05049421198.jpg","contentUrl":"https:\/\/sxflightcase.com\/wp-content\/uploads\/2024\/05\/18-inch-subwoofer-box05049421198.jpg","width":350,"height":350,"caption":"18 Inch Subwoofer Box"},{"@type":"BreadcrumbList","@id":"https:\/\/sxflightcase.com\/ja\/\u88fd\u54c1\/18\u30a4\u30f3\u30c1\u30fb\u30b5\u30d6\u30a6\u30fc\u30d5\u30a1\u30fc\u30dc\u30c3\u30af\u30b9\/#breadcrumb","itemListElement":[{"@type":"ListItem","position":1,"name":"Home","item":"https:\/\/sxflightcase.com\/"},{"@type":"ListItem","position":2,"name":"\u0e2a\u0e34\u0e19\u0e04\u0e49\u0e32","item":"https:\/\/sxflightcase.com\/th\/shop\/"},{"@type":"ListItem","position":3,"name":"18 Inch Subwoofer Box"}]},{"@type":"WebSite","@id":"https:\/\/sxflightcase.com\/th\/#website","url":"https:\/\/sxflightcase.com\/th\/","name":"sxpowercase.com","description":"Flight Case Factory","publisher":{"@id":"https:\/\/sxflightcase.com\/th\/#organization"},"potentialAction":[{"@type":"SearchAction","target":{"@type":"EntryPoint","urlTemplate":"https:\/\/sxflightcase.com\/th\/?s={search_term_string}"},"query-input":{"@type":"PropertyValueSpecification","valueRequired":true,"valueName":"search_term_string"}}],"inLanguage":"hu"},{"@type":"Organization","@id":"https:\/\/sxflightcase.com\/th\/#organization","name":"sxpowercase.com","url":"https:\/\/sxflightcase.com\/th\/","logo":{"@type":"ImageObject","inLanguage":"hu","@id":"https:\/\/sxflightcase.com\/th\/#\/schema\/logo\/image\/","url":"https:\/\/sxflightcase.com\/wp-content\/uploads\/2024\/04\/1713919036007.jpg","contentUrl":"https:\/\/sxflightcase.com\/wp-content\/uploads\/2024\/04\/1713919036007.jpg","width":382,"height":388,"caption":"sxpowercase.com"},"image":{"@id":"https:\/\/sxflightcase.com\/th\/#\/schema\/logo\/image\/"},"sameAs":["https:\/\/www.facebook.com\/profile.php?id=61560407257971"],"numberOfEmployees":{"@type":"QuantitativeValue","minValue":"11","maxValue":"50"}}]}},"_links":{"self":[{"href":"https:\/\/sxflightcase.com\/hu\/wp-json\/wp\/v2\/product\/1718","targetHints":{"allow":["GET"]}}],"collection":[{"href":"https:\/\/sxflightcase.com\/hu\/wp-json\/wp\/v2\/product"}],"about":[{"href":"https:\/\/sxflightcase.com\/hu\/wp-json\/wp\/v2\/types\/product"}],"replies":[{"embeddable":true,"href":"https:\/\/sxflightcase.com\/hu\/wp-json\/wp\/v2\/comments?post=1718"}],"version-history":[{"count":0,"href":"https:\/\/sxflightcase.com\/hu\/wp-json\/wp\/v2\/product\/1718\/revisions"}],"wp:featuredmedia":[{"embeddable":true,"href":"https:\/\/sxflightcase.com\/hu\/wp-json\/wp\/v2\/media\/1719"}],"wp:attachment":[{"href":"https:\/\/sxflightcase.com\/hu\/wp-json\/wp\/v2\/media?parent=1718"}],"wp:term":[{"taxonomy":"product_brand","embeddable":true,"href":"https:\/\/sxflightcase.com\/hu\/wp-json\/wp\/v2\/product_brand?post=1718"},{"taxonomy":"product_cat","embeddable":true,"href":"https:\/\/sxflightcase.com\/hu\/wp-json\/wp\/v2\/product_cat?post=1718"},{"taxonomy":"product_tag","embeddable":true,"href":"https:\/\/sxflightcase.com\/hu\/wp-json\/wp\/v2\/product_tag?post=1718"}],"curies":[{"name":"wp","href":"https:\/\/api.w.org\/{rel}","templated":true}]}}