{"id":1721,"date":"2024-05-10T04:57:40","date_gmt":"2024-05-10T03:57:40","guid":{"rendered":"https:\/\/sxpowercase.com\/?post_type=product&#038;p=1721"},"modified":"2024-06-21T02:32:51","modified_gmt":"2024-06-21T01:32:51","slug":"dual-15-inch-subwoofer-box","status":"publish","type":"product","link":"https:\/\/sxflightcase.com\/hu\/termek\/kettos-15-huvelykes-melynyomo-doboz\/","title":{"rendered":"Kett\u0151s 15 h\u00fcvelykes m\u00e9lynyom\u00f3 doboz"},"content":{"rendered":"<h3><strong>Term\u00e9k param\u00e9ter (specifik\u00e1ci\u00f3)<\/strong><\/h3>\n<section class=\"table-wrap\">\n<table class=\"table\" width=\"100%\" cellspacing=\"0\" cellpadding=\"0\">\n<tbody>\n<tr class=\"firstRow\">\n<td width=\"148\">A term\u00e9k neve:<\/td>\n<td width=\"569\">Kett\u0151s 15 h\u00fcvelykes m\u00e9lynyom\u00f3 doboz<\/td>\n<\/tr>\n<tr>\n<td width=\"148\">M\u00e9ret:<\/td>\n<td width=\"569\">A t\u00e9nyleges berendez\u00e9s m\u00e9ret\u00e9t\u0151l f\u00fcgg<\/td>\n<\/tr>\n<tr>\n<td width=\"148\">Sz\u00edn:<\/td>\n<td width=\"569\">fekete\/piros\/k\u00e9k stb.<\/td>\n<\/tr>\n<tr>\n<td width=\"148\">Anyagok :<\/td>\n<td width=\"569\">Alum\u00ednium + r\u00e9tegelt lemez + ABS panel + Hardware + hab<\/td>\n<\/tr>\n<tr>\n<td width=\"148\">Log\u00f3 :<\/td>\n<td width=\"569\">El\u00e9rhet\u0151 szitanyom\u00e1sos log\u00f3 \/ dombornyomott log\u00f3 \/ l\u00e9zer log\u00f3hoz<\/td>\n<\/tr>\n<tr>\n<td width=\"148\">MOQ:<\/td>\n<td width=\"569\">10db<\/td>\n<\/tr>\n<tr>\n<td width=\"148\">Mintaid\u0151 :<\/td>\n<td width=\"569\">5-7 nap<\/td>\n<\/tr>\n<tr>\n<td width=\"148\">Gy\u00e1rt\u00e1si id\u0151 :<\/td>\n<td width=\"569\">4 h\u00e9ttel a megrendel\u00e9s visszaigazol\u00e1sa ut\u00e1n<\/td>\n<\/tr>\n<tr>\n<td width=\"148\">Sz\u00e1ll\u00edt\u00e1si kik\u00f6t\u0151:<\/td>\n<td width=\"569\">Shenzhen, Guangzhou, Hongkong<\/td>\n<\/tr>\n<tr>\n<td width=\"148\">Kereskedelmi felt\u00e9telek:<\/td>\n<td width=\"569\">Ex-work \/ FOB \/ CIF \/ DDU<\/td>\n<\/tr>\n<tr>\n<td width=\"148\">Fizet\u00e9si hat\u00e1rid\u0151:<\/td>\n<td width=\"569\">T \/ T 30% let\u00e9t \u00e9s 70% sz\u00e1ll\u00edt\u00e1s el\u0151tt, L \/ C l\u00e1t\u00e1sra, Western Union stb.<\/td>\n<\/tr>\n<tr>\n<td width=\"148\">Jellemz\u0151:<\/td>\n<td width=\"569\">1) Design st\u00edlusos, tart\u00f3s \u00e9s gazdas\u00e1gos<br \/>\n2) Finom k\u00e9zm\u0171vess\u00e9g \u00e9s k\u00fcl\u00f6nleges kialak\u00edt\u00e1s<br \/>\n3) B\u00e1rmilyen terv, log\u00f3 nyomtathat\u00f3 vagy h\u00edmezhet\u0151<br \/>\n4) Egyedi m\u00e9retek, log\u00f3k \u00e9s mint\u00e1k elfogadottak<\/td>\n<\/tr>\n<\/tbody>\n<\/table>\n<\/section>\n<section class=\"table-wrap\">\n<table class=\"table\" width=\"100%\" cellspacing=\"0\" cellpadding=\"0\">\n<tbody>\n<tr class=\"firstRow\">\n<td colspan=\"3\" width=\"100%\">Csomagol\u00e1s \u00e9s sz\u00e1ll\u00edt\u00e1s<\/td>\n<\/tr>\n<tr>\n<td rowspan=\"3\" width=\"33%\">Sz\u00e1ll\u00edt\u00e1si id\u0151<\/td>\n<td width=\"33%\">Tengeren<\/td>\n<td width=\"33%\">15-60 nap<\/td>\n<\/tr>\n<tr>\n<td width=\"33%\">Rep\u00fcl\u0151vel<\/td>\n<td width=\"33%\">4-9 nap<\/td>\n<\/tr>\n<tr>\n<td width=\"33%\">Expresszel<\/td>\n<td width=\"33%\">4-9 nap<\/td>\n<\/tr>\n<tr>\n<td width=\"33%\">Sz\u00e1ll\u00edt\u00e1si id\u0151<\/td>\n<td colspan=\"2\" width=\"66%\">7-15 munka vagy az \u00d6n ig\u00e9nyei szerint<\/td>\n<\/tr>\n<tr>\n<td width=\"33%\">Csomagol\u00e1s<\/td>\n<td colspan=\"2\" width=\"66%\">Kartononk\u00e9nt vagy az \u00d6n ig\u00e9nye szerint<\/td>\n<\/tr>\n<\/tbody>\n<\/table>\n<\/section>\n<h1><strong>Tapasztalja meg az er\u0151teljes basszust az SX Dual 15 h\u00fcvelykes m\u00e9lysug\u00e1rz\u00f3 dobozzal<\/strong><\/h1>\n<h2>P\u00e1ratlan hangmin\u0151s\u00e9g<\/h2>\n<p>Emelje a hang\u00e9lm\u00e9nyt a <strong>Kett\u0151s 15 h\u00fcvelykes m\u00e9lynyom\u00f3 doboz<\/strong> a  c\u00edmr\u0151l <a href=\"https:\/\/sxpowercase.com\/\" target=\"_blank\" rel=\"noopener\" title=\"SX\" data-wpil-monitor-id=\"112\">SX<\/a>. Ez a m\u00e9ly, gazdag basszusra tervezett m\u00e9lysug\u00e1rz\u00f3 doboz \u00e1talak\u00edtja a zenei \u00e9s filmes hangs\u00e1vokat, \u00e9s mag\u00e1val ragad\u00f3 hallgat\u00e1si \u00e9lm\u00e9nyt ny\u00fajt.<\/p>\n<h2>T\u00f6k\u00e9letes b\u00e1rmilyen t\u00e9rbe<\/h2>\n<h3>Sokoldal\u00fa \u00e9s kompakt<\/h3>\n<p>Az SX <strong>Kett\u0151s 15 h\u00fcvelykes m\u00e9lynyom\u00f3 doboz<\/strong> z\u00f6kken\u0151mentesen illeszkedik b\u00e1rmilyen be\u00e1ll\u00edt\u00e1sba. Kompakt kialak\u00edt\u00e1s\u00e1nak k\u00f6sz\u00f6nhet\u0151en nem kell kompromisszumot k\u00f6tnie a teljes\u00edtm\u00e9ny ter\u00e9n, \u00edgy ide\u00e1lis otthoni \u00e9s aut\u00f3s audio rendszerekhez egyar\u00e1nt. \u00c9lvezze a kiv\u00e1l\u00f3 min\u0151s\u00e9g\u0171 hangz\u00e1st a hely fel\u00e1ldoz\u00e1sa n\u00e9lk\u00fcl.<\/p>\n<h2>K\u00f6zvetlen\u00fcl a gy\u00e1rt\u00f3t\u00f3l<\/h2>\n<h3>Gy\u00e1ri k\u00f6zvetlen \u00e9rt\u00e9kes\u00edt\u00e9s<\/h3>\n<p>Ha az SX-et v\u00e1lasztja, a gy\u00e1ri k\u00f6zvetlen \u00e9rt\u00e9kes\u00edt\u00e9s el\u0151nyeit \u00e9lvezheti. Ez azt jelenti, hogy kiv\u00e1l\u00f3 min\u0151s\u00e9g\u0171 term\u00e9keket kap verhetetlen \u00e1ron. A kiv\u00e1l\u00f3s\u00e1g ir\u00e1nti elk\u00f6telezetts\u00e9g\u00fcnk biztos\u00edtja, hogy \u00d6n egy <strong>Kett\u0151s 15 h\u00fcvelykes m\u00e9lynyom\u00f3 doboz<\/strong> amely megfelel a teljes\u00edtm\u00e9ny \u00e9s tart\u00f3ss\u00e1g legmagasabb k\u00f6vetelm\u00e9nyeinek.<\/p>\n<h2>Testreszabhat\u00f3 lehet\u0151s\u00e9gek<\/h2>\n<h3>Az \u00d6n ig\u00e9nyeire szabva<\/h3>\n<p>Az SX testreszabhat\u00f3 opci\u00f3kat k\u00edn\u00e1l az \u00d6n egyedi ig\u00e9nyeinek megfelel\u0151en. Ak\u00e1r egy adott kivitelre, m\u00e9retre vagy kieg\u00e9sz\u00edt\u0151 funkci\u00f3kra van sz\u00fcks\u00e9ge, csapatunk k\u00e9szen \u00e1ll, hogy egy <strong>15 h\u00fcvelykes m\u00e9lynyom\u00f3 doboz<\/strong> amely t\u00f6k\u00e9letesen megfelel az \u00d6n ig\u00e9nyeinek.<\/p>\n<h2>N\u00f6velje az audio\u00e9lm\u00e9nyt<\/h2>\n<h3>Professzion\u00e1lis hangz\u00e1s<\/h3>\n<p>Alak\u00edtsa \u00e1t audioberendez\u00e9s\u00e9t professzion\u00e1lis min\u0151s\u00e9g\u0171 hangz\u00e1ssal. Az SX <strong>15 h\u00fcvelykes m\u00e9lynyom\u00f3 doboz<\/strong> \u00fagy tervezt\u00e9k, hogy tiszta, er\u0151teljes basszust produk\u00e1ljon, amely minden \u00fctemet feler\u0151s\u00edt, \u00edgy a hangz\u00e1s szerelmesei \u00e9s a profik sz\u00e1m\u00e1ra egyar\u00e1nt k\u00f6telez\u0151 darab.<\/p>\n<hr \/>\n<p>Friss\u00edtse audiorendszer\u00e9t az SX <strong>15 h\u00fcvelykes m\u00e9lynyom\u00f3 doboz<\/strong>. L\u00e9pjen kapcsolatba vel\u00fcnk m\u00e9g ma, hogy t\u00f6bbet tudjon meg a gy\u00e1ri k\u00f6zvetlen \u00e9rt\u00e9kes\u00edt\u00e9sr\u0151l \u00e9s a testreszabhat\u00f3 lehet\u0151s\u00e9gekr\u0151l. Emelje a hangz\u00e1s\u00e9lm\u00e9nyt az SX seg\u00edts\u00e9g\u00e9vel.<\/p>\n<p><strong>GYIK<\/strong><\/p>\n<p>K: Meg tudja csin\u00e1lni a saj\u00e1t csomagol\u00e1sunkat?<\/p>\n<p>V: Igen, \u00d6n csak megadja a csomagtervet, mi pedig elk\u00e9sz\u00edtj\u00fck, amit szeretne. A professzion\u00e1lis tervez\u0151 is seg\u00edthet a csomagol\u00e1s tervez\u00e9s\u00e9ben.<\/p>\n<p>Q. Nyomtathatunk saj\u00e1t log\u00f3t?<\/p>\n<p>A. Igen, OEM szolg\u00e1ltat\u00e1st k\u00edn\u00e1lunk.<\/p>\n<p>K: Hogyan sz\u00e1ll\u00edtj\u00e1k az \u00e1rut, \u00e9s mennyi id\u0151 alatt \u00e9rkezik meg?<\/p>\n<p>V: \u00c1ltal\u00e1ban tengeren sz\u00e1ll\u00edtjuk, seg\u00edthet\u00fcnk CIF-\u00e1rat vagy ex-work \u00e1rat...<\/p>\n<p>Hot Tags: Alacsony \u00e1r, rakt\u00e1ron, ingyenes minta, t\u00e1p- \u00e9s jelk\u00e1bel, 16 Gauge 4 vezet\u0151 vezet\u00e9k, mikrofon \u00e1llv\u00e1ny tok, k\u00fclt\u00e9ri Led kijelz\u0151szekr\u00e9ny, Rack Mount, 19\" Rackmount Mixer Flight Cases\uff0celektromos disztr\u00f3 doboz, K\u00edna, besz\u00e1ll\u00edt\u00f3k, gy\u00e1r, testreszabott, nagykereskedelem, <span style=\"color: #993366;\"><a style=\"color: #993366;\" href=\"https:\/\/sxflightcase.com\/hu\/product-category\/all-product\/power-distribution-boxes\/\">t\u00e1pegys\u00e9gek<\/a>,\u00a0<a style=\"color: #993366;\" href=\"https:\/\/sxflightcase.com\/hu\/product-category\/all-product\/hoist-controllers\/\">t\u00e1pk\u00e1belek<\/a>,\u00a0<a style=\"color: #993366;\" href=\"https:\/\/sxflightcase.com\/hu\/product-category\/all-product\/hoist-controllers\/\">emel\u0151g\u00e9p-vez\u00e9rl\u0151k<\/a>,\u00a0<a style=\"color: #993366;\" href=\"https:\/\/sxflightcase.com\/hu\/product-category\/all-product\/flight-case\/\">rep\u00fcl\u00e9si esetek.<\/a><\/span><\/p>","protected":false},"excerpt":{"rendered":"<h2 class=\"prodetails-name\">Kett\u0151s 15 h\u00fcvelykes m\u00e9lynyom\u00f3 doboz<\/h2>\n<p>Nem mindig olyan k\u00f6nny\u0171 eljutni A-b\u00f3l B-be, mint amilyennek hangzik. Garant\u00e1lja teh\u00e1t a sz\u00e1ll\u00edtott felszerel\u00e9s biztons\u00e1g\u00e1t egy strapab\u00edr\u00f3 k\u00f6z\u00fati csomagtart\u00f3val. 15 h\u00fcvelykes kett\u0151s m\u00e9lysug\u00e1rz\u00f3 doboza sokoldal\u00fas\u00e1ga miatt az egyik legn\u00e9pszer\u0171bb rep\u00fcl\u0151 tok a piacon.<\/p>\n<h2><strong>Termel\u00e9si bevezet\u00e9s<\/strong><\/h2>\n<p>Kett\u0151s 15 h\u00fcvelykes m\u00e9lynyom\u00f3 doboz<\/p>\n<p>Ez a kett\u0151s 15 h\u00fcvelykes m\u00e9lysug\u00e1rz\u00f3 doboz lakatolhat\u00f3 reteszekkel biztons\u00e1got ny\u00fajt a nyugalom \u00e9rdek\u00e9ben, az intelligens egym\u00e1sra rakhat\u00f3 sarkok lehet\u0151v\u00e9 teszik, hogy t\u00f6bb tokot nagy stabilit\u00e1ssal egym\u00e1sra helyezzen, \u00e9s a s\u00fcllyesztett foganty\u00fak k\u00e9nyelmesen hordozhat\u00f3k. ABS m\u0171anyagb\u00f3l \/ r\u00e9tegelt lemezb\u0151l, habszivacs b\u00e9l\u00e9ssel, alum\u00ednium extrud\u00e1l\u00e1ssal \u00e9s min\u0151s\u00e9gi hardverrel k\u00e9sz\u00fclt.<\/p>","protected":false},"featured_media":1722,"comment_status":"open","ping_status":"closed","template":"","meta":[],"product_brand":[],"product_cat":[41],"product_tag":[],"class_list":{"0":"post-1721","1":"product","2":"type-product","3":"status-publish","4":"has-post-thumbnail","6":"product_cat-equipment-cases","8":"first","9":"instock","10":"shipping-taxable","11":"product-type-simple"},"yoast_head":"<!-- This site is optimized with the Yoast SEO Premium plugin v27.1 (Yoast SEO v27.2) - https:\/\/yoast.com\/product\/yoast-seo-premium-wordpress\/ -->\n<title>Dual 15 Inch Subwoofer Box - https:\/\/sxflightcase.com \ud83d\udc97<\/title>\n<meta name=\"description\" content=\"Dual 15 Inch Subwoofer Box: Get factory-direct sales and professional customization for optimal protection and organization of your lighting equipment\" \/>\n<meta name=\"robots\" content=\"index, follow, max-snippet:-1, max-image-preview:large, max-video-preview:-1\" \/>\n<link rel=\"canonical\" href=\"https:\/\/sxflightcase.com\/hu\/\u0e1c\u0e25\u0e34\u0e15\u0e20\u0e31\u0e13\u0e11\u0e4c\/dual-15-inch-subwoofer-box\/\" \/>\n<meta property=\"og:locale\" content=\"hu_HU\" \/>\n<meta property=\"og:type\" content=\"article\" \/>\n<meta property=\"og:title\" content=\"Dual 15 Inch Subwoofer Box\" \/>\n<meta property=\"og:description\" content=\"Dual 15 Inch Subwoofer Box: Get factory-direct sales and professional customization for optimal protection and organization of your lighting equipment\" \/>\n<meta property=\"og:url\" content=\"https:\/\/sxflightcase.com\/hu\/\u0e1c\u0e25\u0e34\u0e15\u0e20\u0e31\u0e13\u0e11\u0e4c\/dual-15-inch-subwoofer-box\/\" \/>\n<meta property=\"og:site_name\" content=\"https:\/\/sxflightcase.com\" \/>\n<meta property=\"article:publisher\" content=\"https:\/\/www.facebook.com\/profile.php?id=61560407257971\" \/>\n<meta property=\"article:modified_time\" content=\"2024-06-21T01:32:51+00:00\" \/>\n<meta property=\"og:image\" content=\"https:\/\/sxflightcase.com\/wp-content\/uploads\/2024\/05\/dual-15-inch-subwoofer-box34149732810.webp\" \/>\n\t<meta property=\"og:image:width\" content=\"700\" \/>\n\t<meta property=\"og:image:height\" content=\"700\" \/>\n\t<meta property=\"og:image:type\" content=\"image\/webp\" \/>\n<meta name=\"twitter:card\" content=\"summary_large_image\" \/>\n<meta name=\"twitter:label1\" content=\"Becs\u00fclt olvas\u00e1si id\u0151\" \/>\n\t<meta name=\"twitter:data1\" content=\"4 perc\" \/>\n<script type=\"application\/ld+json\" class=\"yoast-schema-graph\">{\"@context\":\"https:\/\/schema.org\",\"@graph\":[{\"@type\":\"WebPage\",\"@id\":\"https:\/\/sxflightcase.com\/th\/\u0e1c\u0e25\u0e34\u0e15\u0e20\u0e31\u0e13\u0e11\u0e4c\/dual-15-inch-subwoofer-box\/\",\"url\":\"https:\/\/sxflightcase.com\/th\/\u0e1c\u0e25\u0e34\u0e15\u0e20\u0e31\u0e13\u0e11\u0e4c\/dual-15-inch-subwoofer-box\/\",\"name\":\"Dual 15 Inch Subwoofer Box - https:\/\/sxflightcase.com \ud83d\udc97\",\"isPartOf\":{\"@id\":\"https:\/\/sxflightcase.com\/th\/#website\"},\"primaryImageOfPage\":{\"@id\":\"https:\/\/sxflightcase.com\/th\/\u0e1c\u0e25\u0e34\u0e15\u0e20\u0e31\u0e13\u0e11\u0e4c\/dual-15-inch-subwoofer-box\/#primaryimage\"},\"image\":{\"@id\":\"https:\/\/sxflightcase.com\/th\/\u0e1c\u0e25\u0e34\u0e15\u0e20\u0e31\u0e13\u0e11\u0e4c\/dual-15-inch-subwoofer-box\/#primaryimage\"},\"thumbnailUrl\":\"https:\/\/sxflightcase.com\/wp-content\/uploads\/2024\/05\/dual-15-inch-subwoofer-box34149732810.webp\",\"datePublished\":\"2024-05-10T03:57:40+00:00\",\"dateModified\":\"2024-06-21T01:32:51+00:00\",\"description\":\"Dual 15 Inch Subwoofer Box: Get factory-direct sales and professional customization for optimal protection and organization of your lighting equipment\",\"breadcrumb\":{\"@id\":\"https:\/\/sxflightcase.com\/th\/\u0e1c\u0e25\u0e34\u0e15\u0e20\u0e31\u0e13\u0e11\u0e4c\/dual-15-inch-subwoofer-box\/#breadcrumb\"},\"inLanguage\":\"hu\",\"potentialAction\":[{\"@type\":\"ReadAction\",\"target\":[\"https:\/\/sxflightcase.com\/th\/\u0e1c\u0e25\u0e34\u0e15\u0e20\u0e31\u0e13\u0e11\u0e4c\/dual-15-inch-subwoofer-box\/\"]}]},{\"@type\":\"ImageObject\",\"inLanguage\":\"hu\",\"@id\":\"https:\/\/sxflightcase.com\/th\/\u0e1c\u0e25\u0e34\u0e15\u0e20\u0e31\u0e13\u0e11\u0e4c\/dual-15-inch-subwoofer-box\/#primaryimage\",\"url\":\"https:\/\/sxflightcase.com\/wp-content\/uploads\/2024\/05\/dual-15-inch-subwoofer-box34149732810.webp\",\"contentUrl\":\"https:\/\/sxflightcase.com\/wp-content\/uploads\/2024\/05\/dual-15-inch-subwoofer-box34149732810.webp\",\"width\":700,\"height\":700,\"caption\":\"Dual 15 Inch Subwoofer Box\"},{\"@type\":\"BreadcrumbList\",\"@id\":\"https:\/\/sxflightcase.com\/th\/\u0e1c\u0e25\u0e34\u0e15\u0e20\u0e31\u0e13\u0e11\u0e4c\/dual-15-inch-subwoofer-box\/#breadcrumb\",\"itemListElement\":[{\"@type\":\"ListItem\",\"position\":1,\"name\":\"Home\",\"item\":\"https:\/\/sxflightcase.com\/\"},{\"@type\":\"ListItem\",\"position\":2,\"name\":\"\u0e2a\u0e34\u0e19\u0e04\u0e49\u0e32\",\"item\":\"https:\/\/sxflightcase.com\/th\/shop\/\"},{\"@type\":\"ListItem\",\"position\":3,\"name\":\"Dual 15 Inch Subwoofer Box\"}]},{\"@type\":\"WebSite\",\"@id\":\"https:\/\/sxflightcase.com\/th\/#website\",\"url\":\"https:\/\/sxflightcase.com\/th\/\",\"name\":\"sxpowercase.com\",\"description\":\"Flight Case Factory\",\"publisher\":{\"@id\":\"https:\/\/sxflightcase.com\/th\/#organization\"},\"potentialAction\":[{\"@type\":\"SearchAction\",\"target\":{\"@type\":\"EntryPoint\",\"urlTemplate\":\"https:\/\/sxflightcase.com\/th\/?s={search_term_string}\"},\"query-input\":{\"@type\":\"PropertyValueSpecification\",\"valueRequired\":true,\"valueName\":\"search_term_string\"}}],\"inLanguage\":\"hu\"},{\"@type\":\"Organization\",\"@id\":\"https:\/\/sxflightcase.com\/th\/#organization\",\"name\":\"sxpowercase.com\",\"url\":\"https:\/\/sxflightcase.com\/th\/\",\"logo\":{\"@type\":\"ImageObject\",\"inLanguage\":\"hu\",\"@id\":\"https:\/\/sxflightcase.com\/th\/#\/schema\/logo\/image\/\",\"url\":\"https:\/\/sxflightcase.com\/wp-content\/uploads\/2024\/04\/1713919036007.jpg\",\"contentUrl\":\"https:\/\/sxflightcase.com\/wp-content\/uploads\/2024\/04\/1713919036007.jpg\",\"width\":382,\"height\":388,\"caption\":\"sxpowercase.com\"},\"image\":{\"@id\":\"https:\/\/sxflightcase.com\/th\/#\/schema\/logo\/image\/\"},\"sameAs\":[\"https:\/\/www.facebook.com\/profile.php?id=61560407257971\"],\"numberOfEmployees\":{\"@type\":\"QuantitativeValue\",\"minValue\":\"11\",\"maxValue\":\"50\"}}]}<\/script>\n<!-- \/ Yoast SEO Premium plugin. -->","yoast_head_json":{"title":"Dual 15 Inch Subwoofer Box - https:\/\/sxflightcase.com \ud83d\udc97","description":"Kett\u0151s 15 h\u00fcvelykes m\u00e9lynyom\u00f3 doboz: Gy\u00e1ri k\u00f6zvetlen \u00e9rt\u00e9kes\u00edt\u00e9s \u00e9s professzion\u00e1lis testreszab\u00e1s a vil\u00e1g\u00edt\u00f3berendez\u00e9sek optim\u00e1lis v\u00e9delme \u00e9s szervez\u00e9se \u00e9rdek\u00e9ben.","robots":{"index":"index","follow":"follow","max-snippet":"max-snippet:-1","max-image-preview":"max-image-preview:large","max-video-preview":"max-video-preview:-1"},"canonical":"https:\/\/sxflightcase.com\/hu\/\u0e1c\u0e25\u0e34\u0e15\u0e20\u0e31\u0e13\u0e11\u0e4c\/dual-15-inch-subwoofer-box\/","og_locale":"hu_HU","og_type":"article","og_title":"Dual 15 Inch Subwoofer Box","og_description":"Dual 15 Inch Subwoofer Box: Get factory-direct sales and professional customization for optimal protection and organization of your lighting equipment","og_url":"https:\/\/sxflightcase.com\/hu\/\u0e1c\u0e25\u0e34\u0e15\u0e20\u0e31\u0e13\u0e11\u0e4c\/dual-15-inch-subwoofer-box\/","og_site_name":"https:\/\/sxflightcase.com","article_publisher":"https:\/\/www.facebook.com\/profile.php?id=61560407257971","article_modified_time":"2024-06-21T01:32:51+00:00","og_image":[{"width":700,"height":700,"url":"https:\/\/sxflightcase.com\/wp-content\/uploads\/2024\/05\/dual-15-inch-subwoofer-box34149732810.webp","type":"image\/webp"}],"twitter_card":"summary_large_image","twitter_misc":{"Becs\u00fclt olvas\u00e1si id\u0151":"4 perc"},"schema":{"@context":"https:\/\/schema.org","@graph":[{"@type":"WebPage","@id":"https:\/\/sxflightcase.com\/th\/\u0e1c\u0e25\u0e34\u0e15\u0e20\u0e31\u0e13\u0e11\u0e4c\/dual-15-inch-subwoofer-box\/","url":"https:\/\/sxflightcase.com\/th\/\u0e1c\u0e25\u0e34\u0e15\u0e20\u0e31\u0e13\u0e11\u0e4c\/dual-15-inch-subwoofer-box\/","name":"Dual 15 Inch Subwoofer Box - https:\/\/sxflightcase.com \ud83d\udc97","isPartOf":{"@id":"https:\/\/sxflightcase.com\/th\/#website"},"primaryImageOfPage":{"@id":"https:\/\/sxflightcase.com\/th\/\u0e1c\u0e25\u0e34\u0e15\u0e20\u0e31\u0e13\u0e11\u0e4c\/dual-15-inch-subwoofer-box\/#primaryimage"},"image":{"@id":"https:\/\/sxflightcase.com\/th\/\u0e1c\u0e25\u0e34\u0e15\u0e20\u0e31\u0e13\u0e11\u0e4c\/dual-15-inch-subwoofer-box\/#primaryimage"},"thumbnailUrl":"https:\/\/sxflightcase.com\/wp-content\/uploads\/2024\/05\/dual-15-inch-subwoofer-box34149732810.webp","datePublished":"2024-05-10T03:57:40+00:00","dateModified":"2024-06-21T01:32:51+00:00","description":"Kett\u0151s 15 h\u00fcvelykes m\u00e9lynyom\u00f3 doboz: Gy\u00e1ri k\u00f6zvetlen \u00e9rt\u00e9kes\u00edt\u00e9s \u00e9s professzion\u00e1lis testreszab\u00e1s a vil\u00e1g\u00edt\u00f3berendez\u00e9sek optim\u00e1lis v\u00e9delme \u00e9s szervez\u00e9se \u00e9rdek\u00e9ben.","breadcrumb":{"@id":"https:\/\/sxflightcase.com\/th\/\u0e1c\u0e25\u0e34\u0e15\u0e20\u0e31\u0e13\u0e11\u0e4c\/dual-15-inch-subwoofer-box\/#breadcrumb"},"inLanguage":"hu","potentialAction":[{"@type":"ReadAction","target":["https:\/\/sxflightcase.com\/th\/\u0e1c\u0e25\u0e34\u0e15\u0e20\u0e31\u0e13\u0e11\u0e4c\/dual-15-inch-subwoofer-box\/"]}]},{"@type":"ImageObject","inLanguage":"hu","@id":"https:\/\/sxflightcase.com\/th\/\u0e1c\u0e25\u0e34\u0e15\u0e20\u0e31\u0e13\u0e11\u0e4c\/dual-15-inch-subwoofer-box\/#primaryimage","url":"https:\/\/sxflightcase.com\/wp-content\/uploads\/2024\/05\/dual-15-inch-subwoofer-box34149732810.webp","contentUrl":"https:\/\/sxflightcase.com\/wp-content\/uploads\/2024\/05\/dual-15-inch-subwoofer-box34149732810.webp","width":700,"height":700,"caption":"Dual 15 Inch Subwoofer Box"},{"@type":"BreadcrumbList","@id":"https:\/\/sxflightcase.com\/th\/\u0e1c\u0e25\u0e34\u0e15\u0e20\u0e31\u0e13\u0e11\u0e4c\/dual-15-inch-subwoofer-box\/#breadcrumb","itemListElement":[{"@type":"ListItem","position":1,"name":"Home","item":"https:\/\/sxflightcase.com\/"},{"@type":"ListItem","position":2,"name":"\u0e2a\u0e34\u0e19\u0e04\u0e49\u0e32","item":"https:\/\/sxflightcase.com\/th\/shop\/"},{"@type":"ListItem","position":3,"name":"Dual 15 Inch Subwoofer Box"}]},{"@type":"WebSite","@id":"https:\/\/sxflightcase.com\/th\/#website","url":"https:\/\/sxflightcase.com\/th\/","name":"sxpowercase.com","description":"Flight Case Factory","publisher":{"@id":"https:\/\/sxflightcase.com\/th\/#organization"},"potentialAction":[{"@type":"SearchAction","target":{"@type":"EntryPoint","urlTemplate":"https:\/\/sxflightcase.com\/th\/?s={search_term_string}"},"query-input":{"@type":"PropertyValueSpecification","valueRequired":true,"valueName":"search_term_string"}}],"inLanguage":"hu"},{"@type":"Organization","@id":"https:\/\/sxflightcase.com\/th\/#organization","name":"sxpowercase.com","url":"https:\/\/sxflightcase.com\/th\/","logo":{"@type":"ImageObject","inLanguage":"hu","@id":"https:\/\/sxflightcase.com\/th\/#\/schema\/logo\/image\/","url":"https:\/\/sxflightcase.com\/wp-content\/uploads\/2024\/04\/1713919036007.jpg","contentUrl":"https:\/\/sxflightcase.com\/wp-content\/uploads\/2024\/04\/1713919036007.jpg","width":382,"height":388,"caption":"sxpowercase.com"},"image":{"@id":"https:\/\/sxflightcase.com\/th\/#\/schema\/logo\/image\/"},"sameAs":["https:\/\/www.facebook.com\/profile.php?id=61560407257971"],"numberOfEmployees":{"@type":"QuantitativeValue","minValue":"11","maxValue":"50"}}]}},"_links":{"self":[{"href":"https:\/\/sxflightcase.com\/hu\/wp-json\/wp\/v2\/product\/1721","targetHints":{"allow":["GET"]}}],"collection":[{"href":"https:\/\/sxflightcase.com\/hu\/wp-json\/wp\/v2\/product"}],"about":[{"href":"https:\/\/sxflightcase.com\/hu\/wp-json\/wp\/v2\/types\/product"}],"replies":[{"embeddable":true,"href":"https:\/\/sxflightcase.com\/hu\/wp-json\/wp\/v2\/comments?post=1721"}],"version-history":[{"count":0,"href":"https:\/\/sxflightcase.com\/hu\/wp-json\/wp\/v2\/product\/1721\/revisions"}],"wp:featuredmedia":[{"embeddable":true,"href":"https:\/\/sxflightcase.com\/hu\/wp-json\/wp\/v2\/media\/1722"}],"wp:attachment":[{"href":"https:\/\/sxflightcase.com\/hu\/wp-json\/wp\/v2\/media?parent=1721"}],"wp:term":[{"taxonomy":"product_brand","embeddable":true,"href":"https:\/\/sxflightcase.com\/hu\/wp-json\/wp\/v2\/product_brand?post=1721"},{"taxonomy":"product_cat","embeddable":true,"href":"https:\/\/sxflightcase.com\/hu\/wp-json\/wp\/v2\/product_cat?post=1721"},{"taxonomy":"product_tag","embeddable":true,"href":"https:\/\/sxflightcase.com\/hu\/wp-json\/wp\/v2\/product_tag?post=1721"}],"curies":[{"name":"wp","href":"https:\/\/api.w.org\/{rel}","templated":true}]}}