{"id":1731,"date":"2024-05-10T06:44:25","date_gmt":"2024-05-10T05:44:25","guid":{"rendered":"https:\/\/sxpowercase.com\/?post_type=product&#038;p=1731"},"modified":"2024-06-21T02:56:05","modified_gmt":"2024-06-21T01:56:05","slug":"15-inch-subwoofer-box","status":"publish","type":"product","link":"https:\/\/sxflightcase.com\/hu\/termek\/15-huvelykes-melynyomo-doboz\/","title":{"rendered":"15 h\u00fcvelykes m\u00e9lynyom\u00f3 doboz"},"content":{"rendered":"<p><strong>Term\u00e9k param\u00e9ter (specifik\u00e1ci\u00f3)<\/strong><\/p>\n<section class=\"table-wrap\">\n<table class=\"table\" width=\"100%\" cellspacing=\"0\" cellpadding=\"0\">\n<tbody>\n<tr class=\"firstRow\">\n<td width=\"134\">A term\u00e9k neve:<\/td>\n<td width=\"503\">15 h\u00fcvelykes m\u00e9lynyom\u00f3 doboz<\/td>\n<\/tr>\n<tr>\n<td width=\"134\">Anyag \u00e9s tartoz\u00e9k:<\/td>\n<td width=\"503\">9mm r\u00e9tegelt lemez + Kr\u00f3mozott\/horganyzott hardver + Alum\u00ednium extrud\u00e1l\u00e1s<br \/>\nEl\u00fcls\u0151 \u00e9s h\u00e1ts\u00f3 levehet\u0151 fedelek<\/td>\n<\/tr>\n<tr>\n<td width=\"134\">Habszivacs b\u00e9l\u00e9s:<\/td>\n<td width=\"503\">Gy\u00f6ngyhab \/EVA hab \/ toj\u00e1shab stb...rendszeres vagy k\u00e9r\u00e9s szerint<\/td>\n<\/tr>\n<tr>\n<td width=\"134\">Sz\u00edn:<\/td>\n<td width=\"503\">Fekete (alap\u00e9rtelmezett sz\u00edn), piros, k\u00e9k, narancs, s\u00e1rga, z\u00f6ld, stb...<\/td>\n<\/tr>\n<tr>\n<td width=\"134\">\u00c1tfut\u00e1si id\u0151:<\/td>\n<td width=\"503\">Minta rendel\u00e9s 3 nap, norm\u00e1l rendel\u00e9s 7-15 nap<\/td>\n<\/tr>\n<tr>\n<td width=\"134\">M\u00e9ret:<\/td>\n<td width=\"503\">A berendez\u00e9s m\u00e9ret\u00e9t\u0151l f\u00fcgg<\/td>\n<\/tr>\n<\/tbody>\n<\/table>\n<\/section>\n<h1>Emelje a hangz\u00e1st az SX 15 h\u00fcvelykes m\u00e9lynyom\u00f3 dobozzal<\/h1>\n<h2>M\u00e9ly basszusteljes\u00edtm\u00e9ny felszabad\u00edt\u00e1sa<\/h2>\n<p>Fedezze fel a hangmin\u0151s\u00e9gbeli k\u00fcl\u00f6nbs\u00e9get a <strong>15 h\u00fcvelykes m\u00e9lynyom\u00f3 doboz<\/strong> a  c\u00edmr\u0151l <a href=\"https:\/\/sxpowercase.com\/\" target=\"_blank\" rel=\"noopener\" title=\"SX\" data-wpil-monitor-id=\"114\">SX<\/a>. Az er\u0151teljes, m\u00e9ly basszus megsz\u00f3laltat\u00e1s\u00e1ra tervezett m\u00e9lysug\u00e1rz\u00f3 doboz t\u00f6k\u00e9letes azok sz\u00e1m\u00e1ra, akik mag\u00e1val ragad\u00f3 hang\u00e9lm\u00e9nyre v\u00e1gynak. Legyen sz\u00f3 ak\u00e1r a zene rajong\u00f3j\u00e1r\u00f3l, ak\u00e1r audio szakemberr\u0151l, az SX <strong>15 h\u00fcvelykes m\u00e9lynyom\u00f3 doboz<\/strong> fel\u00fclm\u00falja az \u00d6n elv\u00e1r\u00e1sait.<\/p>\n<h2>Kiv\u00e1l\u00f3 diz\u00e1jn \u00e9s funkcionalit\u00e1s<\/h2>\n<h3>T\u00f6k\u00e9letes illeszked\u00e9s b\u00e1rmilyen audiofelszerel\u00e9shez<\/h3>\n<p>Az SX <strong>15 h\u00fcvelykes m\u00e9lynyom\u00f3 doboz<\/strong> eleg\u00e1ns, kompakt kialak\u00edt\u00e1ssal b\u00fcszk\u00e9lkedhet, amely z\u00f6kken\u0151mentesen illeszkedik b\u00e1rmilyen audiofelszerel\u00e9sbe. Robusztus fel\u00e9p\u00edt\u00e9se biztos\u00edtja a tart\u00f3ss\u00e1got \u00e9s a hossz\u00fa t\u00e1v\u00fa teljes\u00edtm\u00e9nyt, \u00edgy ide\u00e1lis v\u00e1laszt\u00e1s otthoni \u00e9s aut\u00f3s audio rendszerekhez egyar\u00e1nt. Friss\u00edtse fel hangrendszer\u00e9t k\u00f6nnyed\u00e9n, \u00e9s \u00e9lvezze a kiv\u00e1l\u00f3 hangmin\u0151s\u00e9get.<\/p>\n<h2>K\u00f6zvetlen\u00fcl a gy\u00e1rb\u00f3l<\/h2>\n<h3>Kiv\u00e1l\u00f3 min\u0151s\u00e9g, megfizethet\u0151 \u00e1rak<\/h3>\n<p>Az SX-n\u00e9l hisz\u00fcnk abban, hogy kiv\u00e1l\u00f3 min\u0151s\u00e9g\u0171 term\u00e9keket k\u00edn\u00e1lunk megfizethet\u0151 \u00e1ron. A <strong>15 h\u00fcvelykes m\u00e9lynyom\u00f3 dobozok<\/strong> gy\u00e1ri k\u00f6zvetlen \u00e9rt\u00e9kes\u00edt\u00e9ssel \u00e9rhet\u0151 el, \u00edgy biztos\u00edtva, hogy a legjobb \u00e1r-\u00e9rt\u00e9k ar\u00e1nyt kapja a p\u00e9nz\u00e9\u00e9rt. \u00c9lvezze a pr\u00e9mium audioberendez\u00e9sek el\u0151nyeit a pr\u00e9mium \u00e1rc\u00e9dula n\u00e9lk\u00fcl.<\/p>\n<h2>Az \u00d6n ig\u00e9nyeihez igaz\u00edtva<\/h2>\n<h3>Testreszabott audio megold\u00e1sok<\/h3>\n<p>Meg\u00e9rtj\u00fck, hogy minden audioberendez\u00e9s egyedi. Ez\u00e9rt az SX testreszab\u00e1si lehet\u0151s\u00e9geket k\u00edn\u00e1l a <strong>15 h\u00fcvelykes m\u00e9lynyom\u00f3 dobozok<\/strong>. Ak\u00e1r egy adott kivitelre, m\u00e9retre vagy kieg\u00e9sz\u00edt\u0151 funkci\u00f3kra van sz\u00fcks\u00e9ge, csapatunk elk\u00f6telezett az \u00d6n pontos specifik\u00e1ci\u00f3inak megfelel\u0151 term\u00e9k l\u00e9trehoz\u00e1s\u00e1ban. Fokozza audio\u00e9lm\u00e9ny\u00e9t egy olyan m\u00e9lysug\u00e1rz\u00f3dobozzal, amely csak az \u00d6n sz\u00e1m\u00e1ra k\u00e9sz\u00fclt.<\/p>\n<h2>P\u00e1ratlan hangmin\u0151s\u00e9g<\/h2>\n<h3>Krist\u00e1lytiszta, er\u0151teljes basszus<\/h3>\n<p>Alak\u00edtsa \u00e1t a hang\u00e9lm\u00e9nyt az SX <strong>15 h\u00fcvelykes m\u00e9lynyom\u00f3 doboz<\/strong>. Ez a m\u00e9lynyom\u00f3 doboz krist\u00e1lytiszta, er\u0151teljes basszusokat produk\u00e1l, \u00edgy a legjobbat hozza ki a zen\u00e9b\u0151l \u00e9s a filmekb\u0151l. Minden \u00fctemet \u00e9s hangot p\u00e1ratlan tisztas\u00e1ggal \u00e9s m\u00e9lys\u00e9ggel \u00e9rezhet, \u00edgy a zenehallgat\u00e1s \u00e9lm\u00e9nye val\u00f3ban felejthetetlenn\u00e9 v\u00e1lik.<\/p>\n<hr \/>\n<p>Friss\u00edt\u00e9s az SX-re <strong>15 h\u00fcvelykes m\u00e9lynyom\u00f3 doboz<\/strong> \u00e9s emelje az audiorendszer\u00e9t a k\u00f6vetkez\u0151 szintre. Vegye fel vel\u00fcnk m\u00e9g ma a kapcsolatot, hogy t\u00f6bbet megtudjon a gy\u00e1ri k\u00f6zvetlen \u00e9rt\u00e9kes\u00edt\u00e9s\u00fcnkr\u0151l \u00e9s a testreszab\u00e1si lehet\u0151s\u00e9gekr\u0151l. Tapasztalja meg a hangmin\u0151s\u00e9gbeli k\u00fcl\u00f6nbs\u00e9get az SX-szel, \u00e9s emelje a hallgat\u00e1si \u00e9lm\u00e9nyt, mint m\u00e9g soha.<\/p>\n<p><strong>GYIK<\/strong><\/p>\n<p>K: Mi a fizet\u00e9si hat\u00e1rid\u0151?<\/p>\n<p>V: 30% el\u0151legfizet\u00e9s a gy\u00e1rt\u00e1s el\u0151tt \u00e9s 70% egyenlegfizet\u00e9s a sz\u00e1ll\u00edt\u00e1s el\u0151tt.<\/p>\n<p>K: Melyik fizet\u00e9si form\u00e1t tudja elfogadni?<\/p>\n<p>V: T\/T, Western Union stb. Elfogadunk b\u00e1rmilyen k\u00e9nyelmes \u00e9s gyors fizet\u00e9si hat\u00e1rid\u0151t.<\/p>\n<p>K: Hogyan sz\u00e1ll\u00edtj\u00e1k az \u00e1rut, \u00e9s mennyi id\u0151 alatt \u00e9rkezik meg?<\/p>\n<p>V: \u00c1ltal\u00e1ban tengeren sz\u00e1ll\u00edtjuk, seg\u00edthet\u00fcnk CIF-\u00e1rat vagy ex-work \u00e1rat...<\/p>\n<p>Hot Tags: Alacsony \u00e1r, rakt\u00e1ron, ingyenes minta, t\u00e1p- \u00e9s jelk\u00e1bel, 16 Gauge 4 vezet\u0151 vezet\u00e9k, mikrofon \u00e1llv\u00e1ny tok, k\u00fclt\u00e9ri Led kijelz\u0151szekr\u00e9ny, Rack Mount, 19\" Rackmount Mixer Flight Cases\uff0celektromos disztr\u00f3 doboz, K\u00edna, besz\u00e1ll\u00edt\u00f3k, gy\u00e1r, testreszabott, nagykereskedelem, <span style=\"color: #993366;\"><a style=\"color: #993366;\" href=\"https:\/\/sxflightcase.com\/hu\/product-category\/all-product\/power-distribution-boxes\/\">t\u00e1pegys\u00e9gek<\/a>,\u00a0<a style=\"color: #993366;\" href=\"https:\/\/sxflightcase.com\/hu\/product-category\/all-product\/hoist-controllers\/\">t\u00e1pk\u00e1belek<\/a>,\u00a0<a style=\"color: #993366;\" href=\"https:\/\/sxflightcase.com\/hu\/product-category\/all-product\/hoist-controllers\/\">emel\u0151g\u00e9p-vez\u00e9rl\u0151k<\/a>,\u00a0<a style=\"color: #993366;\" href=\"https:\/\/sxflightcase.com\/hu\/product-category\/all-product\/flight-case\/\">rep\u00fcl\u00e9si esetek.<\/a><\/span><\/p>","protected":false},"excerpt":{"rendered":"<h2 class=\"prodetails-name\">15 h\u00fcvelykes m\u00e9lynyom\u00f3 doboz<\/h2>\n<p>A hangsz\u00f3r\u00f3tok, p\u00e9ld\u00e1ul a 12 h\u00fcvelykes m\u00e9lysug\u00e1rz\u00f3 dobozok sz\u00e9les v\u00e1laszt\u00e9k\u00e1t k\u00edn\u00e1ljuk, hogy a berendez\u00e9seket z\u00f6kken\u0151mentesen sz\u00e1ll\u00edthassa, b\u00e1rhov\u00e1 is utazik. Ak\u00e1r a rakt\u00e9rben kell elhelyeznie a felszerel\u00e9s\u00e9t, ak\u00e1r egyszer\u0171 sz\u00e1ll\u00edt\u00e1si m\u00f3dokat keres, az \u00fati l\u00e1d\u00e1ink t\u00f6k\u00e9letes v\u00e1s\u00e1rl\u00e1st jelentenek.<\/p>\n<h2><strong>Termel\u00e9si bevezet\u00e9s<\/strong><\/h2>\n<p>15 h\u00fcvelykes m\u00e9lynyom\u00f3 doboz<\/p>\n<p>9,5 mm-es Hexagripb\u0151l k\u00e9sz\u00fclt (fekete fenolgyant\u00e1val ragasztott ny\u00edrfa r\u00e9tegelt lemez, k\u00edv\u00fcl fekete hatsz\u00f6glet\u0171 mint\u00e1val, bel\u00fcl sima fekete fel\u00fclet\u0171)<\/p>\n<p>Nagy teherb\u00edr\u00e1s\u00fa goly\u00f3s sarkok<\/p>\n<p>2x Nagy pillang\u00f3fog\u00f3<\/p>\n<p>4x nagy teherb\u00edr\u00e1s\u00fa t\u00e1ny\u00e9rfoganty\u00fa h\u00e1tlapokkal, 2 mindk\u00e9t v\u00e9g\u00e9re szerelve (tov\u00e1bbi 2 a hossz\u00fa oldalakon, k\u00f6lts\u00e9g opci\u00f3)<\/p>\n<p>2x Nagy fed\u00e9ltart\u00f3 \u00e9s zongorap\u00e1nt tartja a fedelet 90 fokon t\u00fal.<\/p>\n<p>4x 100 mm-es gumikerek\u0171 g\u00f6rg\u0151k (2 f\u00e9kkel), az alaphoz csavarozva, ny\u00edrf\u00e1b\u00f3l k\u00e9sz\u00fclt er\u0151s\u00edt\u00e9ssel.<\/p>","protected":false},"featured_media":1732,"comment_status":"open","ping_status":"closed","template":"","meta":[],"product_brand":[],"product_cat":[41],"product_tag":[],"class_list":{"0":"post-1731","1":"product","2":"type-product","3":"status-publish","4":"has-post-thumbnail","6":"product_cat-equipment-cases","8":"first","9":"instock","10":"shipping-taxable","11":"product-type-simple"},"yoast_head":"<!-- This site is optimized with the Yoast SEO Premium plugin v27.1 (Yoast SEO v27.2) - https:\/\/yoast.com\/product\/yoast-seo-premium-wordpress\/ -->\n<title>15 Inch Subwoofer Box - https:\/\/sxflightcase.com \ud83d\udc97<\/title>\n<meta name=\"description\" content=\"15 Inch Subwoofer Box: Discover factory-direct sales and professional customization for the perfect fit and performance of your subwoofer system.\" \/>\n<meta name=\"robots\" content=\"index, follow, max-snippet:-1, max-image-preview:large, max-video-preview:-1\" \/>\n<link rel=\"canonical\" href=\"https:\/\/sxflightcase.com\/hu\/produk\/kotak-subwoofer-15-inci-2\/\" \/>\n<meta property=\"og:locale\" content=\"hu_HU\" \/>\n<meta property=\"og:type\" content=\"article\" \/>\n<meta property=\"og:title\" content=\"15 Inch Subwoofer Box\" \/>\n<meta property=\"og:description\" content=\"15 Inch Subwoofer Box: Discover factory-direct sales and professional customization for the perfect fit and performance of your subwoofer system.\" \/>\n<meta property=\"og:url\" content=\"https:\/\/sxflightcase.com\/hu\/produk\/kotak-subwoofer-15-inci-2\/\" \/>\n<meta property=\"og:site_name\" content=\"https:\/\/sxflightcase.com\" \/>\n<meta property=\"article:publisher\" content=\"https:\/\/www.facebook.com\/profile.php?id=61560407257971\" \/>\n<meta property=\"article:modified_time\" content=\"2024-06-21T01:56:05+00:00\" \/>\n<meta property=\"og:image\" content=\"https:\/\/sxflightcase.com\/wp-content\/uploads\/2024\/05\/15-inch-subwoofer-box55497615320.webp\" \/>\n\t<meta property=\"og:image:width\" content=\"750\" \/>\n\t<meta property=\"og:image:height\" content=\"750\" \/>\n\t<meta property=\"og:image:type\" content=\"image\/webp\" \/>\n<meta name=\"twitter:card\" content=\"summary_large_image\" \/>\n<meta name=\"twitter:label1\" content=\"Becs\u00fclt olvas\u00e1si id\u0151\" \/>\n\t<meta name=\"twitter:data1\" content=\"3 perc\" \/>\n<script type=\"application\/ld+json\" class=\"yoast-schema-graph\">{\"@context\":\"https:\/\/schema.org\",\"@graph\":[{\"@type\":\"WebPage\",\"@id\":\"https:\/\/sxflightcase.com\/id\/produk\/kotak-subwoofer-15-inci-2\/\",\"url\":\"https:\/\/sxflightcase.com\/id\/produk\/kotak-subwoofer-15-inci-2\/\",\"name\":\"15 Inch Subwoofer Box - https:\/\/sxflightcase.com \ud83d\udc97\",\"isPartOf\":{\"@id\":\"https:\/\/sxflightcase.com\/th\/#website\"},\"primaryImageOfPage\":{\"@id\":\"https:\/\/sxflightcase.com\/id\/produk\/kotak-subwoofer-15-inci-2\/#primaryimage\"},\"image\":{\"@id\":\"https:\/\/sxflightcase.com\/id\/produk\/kotak-subwoofer-15-inci-2\/#primaryimage\"},\"thumbnailUrl\":\"https:\/\/sxflightcase.com\/wp-content\/uploads\/2024\/05\/15-inch-subwoofer-box55497615320.webp\",\"datePublished\":\"2024-05-10T05:44:25+00:00\",\"dateModified\":\"2024-06-21T01:56:05+00:00\",\"description\":\"15 Inch Subwoofer Box: Discover factory-direct sales and professional customization for the perfect fit and performance of your subwoofer system.\",\"breadcrumb\":{\"@id\":\"https:\/\/sxflightcase.com\/id\/produk\/kotak-subwoofer-15-inci-2\/#breadcrumb\"},\"inLanguage\":\"hu\",\"potentialAction\":[{\"@type\":\"ReadAction\",\"target\":[\"https:\/\/sxflightcase.com\/id\/produk\/kotak-subwoofer-15-inci-2\/\"]}]},{\"@type\":\"ImageObject\",\"inLanguage\":\"hu\",\"@id\":\"https:\/\/sxflightcase.com\/id\/produk\/kotak-subwoofer-15-inci-2\/#primaryimage\",\"url\":\"https:\/\/sxflightcase.com\/wp-content\/uploads\/2024\/05\/15-inch-subwoofer-box55497615320.webp\",\"contentUrl\":\"https:\/\/sxflightcase.com\/wp-content\/uploads\/2024\/05\/15-inch-subwoofer-box55497615320.webp\",\"width\":750,\"height\":750,\"caption\":\"15 Inch Subwoofer Box\"},{\"@type\":\"BreadcrumbList\",\"@id\":\"https:\/\/sxflightcase.com\/id\/produk\/kotak-subwoofer-15-inci-2\/#breadcrumb\",\"itemListElement\":[{\"@type\":\"ListItem\",\"position\":1,\"name\":\"Home\",\"item\":\"https:\/\/sxflightcase.com\/\"},{\"@type\":\"ListItem\",\"position\":2,\"name\":\"\u0e2a\u0e34\u0e19\u0e04\u0e49\u0e32\",\"item\":\"https:\/\/sxflightcase.com\/th\/shop\/\"},{\"@type\":\"ListItem\",\"position\":3,\"name\":\"15 Inch Subwoofer Box\"}]},{\"@type\":\"WebSite\",\"@id\":\"https:\/\/sxflightcase.com\/th\/#website\",\"url\":\"https:\/\/sxflightcase.com\/th\/\",\"name\":\"sxpowercase.com\",\"description\":\"Flight Case Factory\",\"publisher\":{\"@id\":\"https:\/\/sxflightcase.com\/th\/#organization\"},\"potentialAction\":[{\"@type\":\"SearchAction\",\"target\":{\"@type\":\"EntryPoint\",\"urlTemplate\":\"https:\/\/sxflightcase.com\/th\/?s={search_term_string}\"},\"query-input\":{\"@type\":\"PropertyValueSpecification\",\"valueRequired\":true,\"valueName\":\"search_term_string\"}}],\"inLanguage\":\"hu\"},{\"@type\":\"Organization\",\"@id\":\"https:\/\/sxflightcase.com\/th\/#organization\",\"name\":\"sxpowercase.com\",\"url\":\"https:\/\/sxflightcase.com\/th\/\",\"logo\":{\"@type\":\"ImageObject\",\"inLanguage\":\"hu\",\"@id\":\"https:\/\/sxflightcase.com\/th\/#\/schema\/logo\/image\/\",\"url\":\"https:\/\/sxflightcase.com\/wp-content\/uploads\/2024\/04\/1713919036007.jpg\",\"contentUrl\":\"https:\/\/sxflightcase.com\/wp-content\/uploads\/2024\/04\/1713919036007.jpg\",\"width\":382,\"height\":388,\"caption\":\"sxpowercase.com\"},\"image\":{\"@id\":\"https:\/\/sxflightcase.com\/th\/#\/schema\/logo\/image\/\"},\"sameAs\":[\"https:\/\/www.facebook.com\/profile.php?id=61560407257971\"],\"numberOfEmployees\":{\"@type\":\"QuantitativeValue\",\"minValue\":\"11\",\"maxValue\":\"50\"}}]}<\/script>\n<!-- \/ Yoast SEO Premium plugin. -->","yoast_head_json":{"title":"15 Inch Subwoofer Box - https:\/\/sxflightcase.com \ud83d\udc97","description":"15 h\u00fcvelykes m\u00e9lynyom\u00f3 doboz: Fedezze fel a gy\u00e1ri k\u00f6zvetlen \u00e9rt\u00e9kes\u00edt\u00e9st \u00e9s a professzion\u00e1lis testreszab\u00e1st a m\u00e9lynyom\u00f3 rendszer t\u00f6k\u00e9letes illeszked\u00e9se \u00e9s teljes\u00edtm\u00e9nye \u00e9rdek\u00e9ben.","robots":{"index":"index","follow":"follow","max-snippet":"max-snippet:-1","max-image-preview":"max-image-preview:large","max-video-preview":"max-video-preview:-1"},"canonical":"https:\/\/sxflightcase.com\/hu\/produk\/kotak-subwoofer-15-inci-2\/","og_locale":"hu_HU","og_type":"article","og_title":"15 Inch Subwoofer Box","og_description":"15 Inch Subwoofer Box: Discover factory-direct sales and professional customization for the perfect fit and performance of your subwoofer system.","og_url":"https:\/\/sxflightcase.com\/hu\/produk\/kotak-subwoofer-15-inci-2\/","og_site_name":"https:\/\/sxflightcase.com","article_publisher":"https:\/\/www.facebook.com\/profile.php?id=61560407257971","article_modified_time":"2024-06-21T01:56:05+00:00","og_image":[{"width":750,"height":750,"url":"https:\/\/sxflightcase.com\/wp-content\/uploads\/2024\/05\/15-inch-subwoofer-box55497615320.webp","type":"image\/webp"}],"twitter_card":"summary_large_image","twitter_misc":{"Becs\u00fclt olvas\u00e1si id\u0151":"3 perc"},"schema":{"@context":"https:\/\/schema.org","@graph":[{"@type":"WebPage","@id":"https:\/\/sxflightcase.com\/id\/produk\/kotak-subwoofer-15-inci-2\/","url":"https:\/\/sxflightcase.com\/id\/produk\/kotak-subwoofer-15-inci-2\/","name":"15 Inch Subwoofer Box - https:\/\/sxflightcase.com \ud83d\udc97","isPartOf":{"@id":"https:\/\/sxflightcase.com\/th\/#website"},"primaryImageOfPage":{"@id":"https:\/\/sxflightcase.com\/id\/produk\/kotak-subwoofer-15-inci-2\/#primaryimage"},"image":{"@id":"https:\/\/sxflightcase.com\/id\/produk\/kotak-subwoofer-15-inci-2\/#primaryimage"},"thumbnailUrl":"https:\/\/sxflightcase.com\/wp-content\/uploads\/2024\/05\/15-inch-subwoofer-box55497615320.webp","datePublished":"2024-05-10T05:44:25+00:00","dateModified":"2024-06-21T01:56:05+00:00","description":"15 h\u00fcvelykes m\u00e9lynyom\u00f3 doboz: Fedezze fel a gy\u00e1ri k\u00f6zvetlen \u00e9rt\u00e9kes\u00edt\u00e9st \u00e9s a professzion\u00e1lis testreszab\u00e1st a m\u00e9lynyom\u00f3 rendszer t\u00f6k\u00e9letes illeszked\u00e9se \u00e9s teljes\u00edtm\u00e9nye \u00e9rdek\u00e9ben.","breadcrumb":{"@id":"https:\/\/sxflightcase.com\/id\/produk\/kotak-subwoofer-15-inci-2\/#breadcrumb"},"inLanguage":"hu","potentialAction":[{"@type":"ReadAction","target":["https:\/\/sxflightcase.com\/id\/produk\/kotak-subwoofer-15-inci-2\/"]}]},{"@type":"ImageObject","inLanguage":"hu","@id":"https:\/\/sxflightcase.com\/id\/produk\/kotak-subwoofer-15-inci-2\/#primaryimage","url":"https:\/\/sxflightcase.com\/wp-content\/uploads\/2024\/05\/15-inch-subwoofer-box55497615320.webp","contentUrl":"https:\/\/sxflightcase.com\/wp-content\/uploads\/2024\/05\/15-inch-subwoofer-box55497615320.webp","width":750,"height":750,"caption":"15 Inch Subwoofer Box"},{"@type":"BreadcrumbList","@id":"https:\/\/sxflightcase.com\/id\/produk\/kotak-subwoofer-15-inci-2\/#breadcrumb","itemListElement":[{"@type":"ListItem","position":1,"name":"Home","item":"https:\/\/sxflightcase.com\/"},{"@type":"ListItem","position":2,"name":"\u0e2a\u0e34\u0e19\u0e04\u0e49\u0e32","item":"https:\/\/sxflightcase.com\/th\/shop\/"},{"@type":"ListItem","position":3,"name":"15 Inch Subwoofer Box"}]},{"@type":"WebSite","@id":"https:\/\/sxflightcase.com\/th\/#website","url":"https:\/\/sxflightcase.com\/th\/","name":"sxpowercase.com","description":"Flight Case Factory","publisher":{"@id":"https:\/\/sxflightcase.com\/th\/#organization"},"potentialAction":[{"@type":"SearchAction","target":{"@type":"EntryPoint","urlTemplate":"https:\/\/sxflightcase.com\/th\/?s={search_term_string}"},"query-input":{"@type":"PropertyValueSpecification","valueRequired":true,"valueName":"search_term_string"}}],"inLanguage":"hu"},{"@type":"Organization","@id":"https:\/\/sxflightcase.com\/th\/#organization","name":"sxpowercase.com","url":"https:\/\/sxflightcase.com\/th\/","logo":{"@type":"ImageObject","inLanguage":"hu","@id":"https:\/\/sxflightcase.com\/th\/#\/schema\/logo\/image\/","url":"https:\/\/sxflightcase.com\/wp-content\/uploads\/2024\/04\/1713919036007.jpg","contentUrl":"https:\/\/sxflightcase.com\/wp-content\/uploads\/2024\/04\/1713919036007.jpg","width":382,"height":388,"caption":"sxpowercase.com"},"image":{"@id":"https:\/\/sxflightcase.com\/th\/#\/schema\/logo\/image\/"},"sameAs":["https:\/\/www.facebook.com\/profile.php?id=61560407257971"],"numberOfEmployees":{"@type":"QuantitativeValue","minValue":"11","maxValue":"50"}}]}},"_links":{"self":[{"href":"https:\/\/sxflightcase.com\/hu\/wp-json\/wp\/v2\/product\/1731","targetHints":{"allow":["GET"]}}],"collection":[{"href":"https:\/\/sxflightcase.com\/hu\/wp-json\/wp\/v2\/product"}],"about":[{"href":"https:\/\/sxflightcase.com\/hu\/wp-json\/wp\/v2\/types\/product"}],"replies":[{"embeddable":true,"href":"https:\/\/sxflightcase.com\/hu\/wp-json\/wp\/v2\/comments?post=1731"}],"version-history":[{"count":0,"href":"https:\/\/sxflightcase.com\/hu\/wp-json\/wp\/v2\/product\/1731\/revisions"}],"wp:featuredmedia":[{"embeddable":true,"href":"https:\/\/sxflightcase.com\/hu\/wp-json\/wp\/v2\/media\/1732"}],"wp:attachment":[{"href":"https:\/\/sxflightcase.com\/hu\/wp-json\/wp\/v2\/media?parent=1731"}],"wp:term":[{"taxonomy":"product_brand","embeddable":true,"href":"https:\/\/sxflightcase.com\/hu\/wp-json\/wp\/v2\/product_brand?post=1731"},{"taxonomy":"product_cat","embeddable":true,"href":"https:\/\/sxflightcase.com\/hu\/wp-json\/wp\/v2\/product_cat?post=1731"},{"taxonomy":"product_tag","embeddable":true,"href":"https:\/\/sxflightcase.com\/hu\/wp-json\/wp\/v2\/product_tag?post=1731"}],"curies":[{"name":"wp","href":"https:\/\/api.w.org\/{rel}","templated":true}]}}