{"id":1751,"date":"2024-05-10T07:04:24","date_gmt":"2024-05-10T06:04:24","guid":{"rendered":"https:\/\/sxpowercase.com\/?post_type=product&#038;p=1751"},"modified":"2024-06-25T09:26:38","modified_gmt":"2024-06-25T08:26:38","slug":"65-inch-tv-unit","status":"publish","type":"product","link":"https:\/\/sxflightcase.com\/hu\/termek\/65-huvelykes-tv-egyseg\/","title":{"rendered":"65 h\u00fcvelykes TV egys\u00e9g"},"content":{"rendered":"<p><strong>Term\u00e9k param\u00e9ter (specifik\u00e1ci\u00f3)<\/strong><\/p>\n<section class=\"table-wrap\">\n<table class=\"table\" width=\"100%\" cellspacing=\"0\" cellpadding=\"0\">\n<tbody>\n<tr class=\"firstRow\">\n<td width=\"134\">Term\u00e9k neve<\/td>\n<td width=\"504\">65 h\u00fcvelykes tv egys\u00e9g<\/td>\n<\/tr>\n<tr>\n<td width=\"134\">Anyagok<\/td>\n<td width=\"504\">Alum\u00ednium keret + 9mm r\u00e9tegelt lemez<br \/>\n4 x Pillang\u00f3 retesz hurokkal a lakat r\u00f6gz\u00edt\u00e9s\u00e9hez (lakat nem tartoz\u00e9k)<br \/>\nTeljesen habos\u00edtott, plasztazote habbal b\u00e9lelt<br \/>\n4x 100 mm-es gumikerekek 15 mm-es ny\u00edrfa ker\u00e9klemezzel a tokhoz csavarozva (2 teljes reteszel\u00e9s\u0171 f\u00e9kkel rendelkezik) k\u00f6lts\u00e9g opci\u00f3<\/td>\n<\/tr>\n<tr>\n<td width=\"134\">Sz\u00ednes<\/td>\n<td width=\"504\">Fekete, k\u00e9k, piros vagy egyedi<\/td>\n<\/tr>\n<tr>\n<td width=\"134\">Haszn\u00e1lat<\/td>\n<td width=\"504\">Sz\u00e1ll\u00edt\u00e1si t\u00e1rol\u00e1s v\u00e9delme<\/td>\n<\/tr>\n<\/tbody>\n<\/table>\n<\/section>\n<p><strong>Csomagol\u00e1s \u00e9s sz\u00e1ll\u00edt\u00e1s<\/strong><\/p>\n<section class=\"table-wrap\">\n<table class=\"table\" width=\"100%\" cellspacing=\"0\" cellpadding=\"0\">\n<tbody>\n<tr class=\"firstRow\">\n<td colspan=\"3\" width=\"100%\">Csomagol\u00e1s \u00e9s sz\u00e1ll\u00edt\u00e1s<\/td>\n<\/tr>\n<tr>\n<td rowspan=\"3\" width=\"31%\">Sz\u00e1ll\u00edt\u00e1si id\u0151<\/td>\n<td width=\"34%\">Tengeren<\/td>\n<td width=\"33%\">15-60 nap<\/td>\n<\/tr>\n<tr>\n<td width=\"34%\">Rep\u00fcl\u0151vel<\/td>\n<td width=\"33%\">5-7 nap<\/td>\n<\/tr>\n<tr>\n<td width=\"34%\">Expressz<\/td>\n<td width=\"33%\">5-7 nap<\/td>\n<\/tr>\n<tr>\n<td width=\"31%\">Sz\u00e1ll\u00edt\u00e1si id\u0151<\/td>\n<td colspan=\"2\" width=\"68%\">7-10 munkaid\u0151 vagy az \u00d6n ig\u00e9nyei szerint<\/td>\n<\/tr>\n<tr>\n<td width=\"31%\">Csomagol\u00e1s<\/td>\n<td colspan=\"2\" width=\"68%\">Dobozonk\u00e9nt vagy ahogy szeretn\u00e9<\/td>\n<\/tr>\n<\/tbody>\n<\/table>\n<\/section>\n<h1>N\u00f6velje sz\u00f3rakoztat\u00f3 ter\u00e9t az SX 65 h\u00fcvelykes TV egys\u00e9g\u00e9vel<\/h1>\n<h2>T\u00f6k\u00e9letes illeszked\u00e9s a 65 h\u00fcvelykes TV-hez<\/h2>\n<p>Alak\u00edtsa \u00e1t nappalij\u00e1t a <strong>65 h\u00fcvelykes TV egys\u00e9g<\/strong> a  c\u00edmr\u0151l <a title=\"SX\" href=\"https:\/\/sxpowercase.com\/\" target=\"_blank\" rel=\"noopener\" data-wpil-monitor-id=\"118\">SX<\/a>. Kifejezetten 65 h\u00fcvelykes t\u00e9v\u00e9khez tervezt\u00e9k, ez a k\u00e9sz\u00fcl\u00e9k t\u00f6k\u00e9letes illeszked\u00e9st biztos\u00edt, \u00edgy t\u00e9v\u00e9je biztons\u00e1gosan r\u00f6gz\u00edthet\u0151 \u00e9s gy\u00f6ny\u00f6r\u0171en megjelen\u00edthet\u0151. A karcs\u00fa \u00e9s modern kialak\u00edt\u00e1s b\u00e1rmilyen helyis\u00e9g eszt\u00e9tik\u00e1j\u00e1t feldobja, \u00edgy a sz\u00f3rakoztat\u00f3 ter\u00fclet k\u00f6zponti eleme lesz.<\/p>\n<h2>Kiv\u00e1l\u00f3 min\u0151s\u00e9g\u0171 k\u00e9zm\u0171vess\u00e9g<\/h2>\n<h3>Tart\u00f3san \u00e9p\u00edtett<\/h3>\n<p>Az SX-n\u00e9l b\u00fcszk\u00e9k vagyunk arra, hogy kiv\u00e1l\u00f3 min\u0151s\u00e9g\u0171 term\u00e9keket sz\u00e1ll\u00edtunk. A <strong>65 h\u00fcvelykes TV egys\u00e9g<\/strong> pr\u00e9mium min\u0151s\u00e9g\u0171 anyagokb\u00f3l k\u00e9sz\u00fclt, biztos\u00edtva a tart\u00f3ss\u00e1got \u00e9s a hossz\u00fa \u00e9lettartamot. A massz\u00edv konstrukci\u00f3 elb\u00edrja a TV \u00e9s m\u00e1s m\u00e9diaeszk\u00f6z\u00f6k s\u00faly\u00e1t, \u00edgy megb\u00edzhat\u00f3 \u00e9s st\u00edlusos kieg\u00e9sz\u00edt\u0151je lesz otthon\u00e1nak.<\/p>\n<h2>Gy\u00e1ri k\u00f6zvetlen \u00e9rt\u00e9kes\u00edt\u00e9s<\/h2>\n<h3>Megfizethet\u0151 kiv\u00e1l\u00f3s\u00e1g<\/h3>\n<p>A gy\u00e1ri k\u00f6zvetlen \u00e9rt\u00e9kes\u00edt\u00e9ssel az SX biztos\u00edtja, hogy \u00d6n a legjobb \u00e1r-\u00e9rt\u00e9k ar\u00e1nyt kapja a p\u00e9nz\u00e9\u00e9rt. Kihagyjuk a k\u00f6zvet\u00edt\u0151ket, \u00edgy versenyk\u00e9pes \u00e1ron k\u00edn\u00e1lhatunk kiv\u00e1l\u00f3 min\u0151s\u00e9g\u0171 term\u00e9keket. A <strong>\u00a0TV egys\u00e9g<\/strong> egyes\u00edti a kiv\u00e1l\u00f3 k\u00e9zm\u0171ves min\u0151s\u00e9get a megfizethet\u0151s\u00e9ggel, \u00edgy kiv\u00e1l\u00f3 befektet\u00e9s az \u00d6n otthon\u00e1ba.<\/p>\n<h2>Testreszab\u00e1si lehet\u0151s\u00e9gek<\/h2>\n<h3>Az \u00d6n ig\u00e9nyeire szabva<\/h3>\n<p>Tudjuk, hogy minden otthon egyedi, \u00e9s az \u00d6n ig\u00e9nyei is azok. Az SX testreszab\u00e1si lehet\u0151s\u00e9geket k\u00edn\u00e1l <strong>\u00a0TV egys\u00e9g<\/strong>. Ak\u00e1r k\u00fcl\u00f6nleges m\u00e9retekre, kivitelekre vagy tov\u00e1bbi funkci\u00f3kra van sz\u00fcks\u00e9ge, csapatunk k\u00e9szen \u00e1ll arra, hogy olyan egys\u00e9get hozzon l\u00e9tre, amely pontosan megfelel az \u00d6n ig\u00e9nyeinek. \u00c9lvezze a szem\u00e9lyre szabott megold\u00e1st, amely kieg\u00e9sz\u00edti dekor\u00e1ci\u00f3j\u00e1t \u00e9s kiel\u00e9g\u00edti t\u00e1rol\u00e1si ig\u00e9nyeit.<\/p>\n<h2>Rendezett \u00e9s st\u00edlusos<\/h2>\n<h3>Fokozza a sz\u00f3rakoz\u00e1si \u00e9lm\u00e9nyt<\/h3>\n<p>A <strong>65 h\u00fcvelykes TV egys\u00e9g<\/strong> az SX nem csak a t\u00e9v\u00e9 t\u00e1mogat\u00e1s\u00e1r\u00f3l sz\u00f3l, hanem a teljes sz\u00f3rakoz\u00e1si \u00e9lm\u00e9ny fokoz\u00e1s\u00e1r\u00f3l. A m\u00e9diatartoz\u00e9kok, j\u00e1t\u00e9kkonzolok \u00e9s egyebek t\u00e1rol\u00e1s\u00e1ra szolg\u00e1l\u00f3 b\u0151s\u00e9ges t\u00e1rol\u00f3helynek k\u00f6sz\u00f6nhet\u0151en ez a k\u00e9sz\u00fcl\u00e9k seg\u00edt rendben \u00e9s rendetlens\u00e9gben tartani a nappalit. Az \u00e1tgondoltan kialak\u00edtott rekeszekkel \u00e9s polcokkal ell\u00e1tott modern design st\u00edlusos kieg\u00e9sz\u00edt\u0151je otthon\u00e1nak.<\/p>\n<hr \/>\n<p>Friss\u00edtse \u00e9letter\u00e9t az SX <strong>\u00a0TV egys\u00e9g<\/strong>. L\u00e9pjen kapcsolatba vel\u00fcnk m\u00e9g ma, hogy t\u00f6bbet tudjon meg a gy\u00e1ri k\u00f6zvetlen \u00e9rt\u00e9kes\u00edt\u00e9si \u00e9s testreszab\u00e1si lehet\u0151s\u00e9geinkr\u0151l. Tapasztalja meg a st\u00edlus, a funkcionalit\u00e1s \u00e9s a megfizethet\u0151s\u00e9g t\u00f6k\u00e9letes kever\u00e9k\u00e9t az SX-szel, \u00e9s \u00e9lvezze a j\u00f3l szervezett \u00e9s eszt\u00e9tikusan kellemes sz\u00f3rakoztat\u00f3 ter\u00fcletet.<\/p>\n<p>Hot Tags: Alacsony \u00e1r, rakt\u00e1ron, ingyenes minta, t\u00e1p- \u00e9s jelk\u00e1bel, 16 Gauge 4 vezet\u0151 vezet\u00e9k, mikrofon \u00e1llv\u00e1ny tok, k\u00fclt\u00e9ri Led kijelz\u0151szekr\u00e9ny, Rack Mount, 19\" Rackmount Mixer Flight Cases\uff0celektromos disztr\u00f3 doboz, K\u00edna, besz\u00e1ll\u00edt\u00f3k, gy\u00e1r, testreszabott, nagykereskedelem, <span style=\"color: #993366;\"><a style=\"color: #993366;\" href=\"https:\/\/sxflightcase.com\/hu\/product-category\/all-product\/power-distribution-boxes\/\">hatalom<\/a><\/span> dobozok,\u00a0<a style=\"color: #993366;\" href=\"https:\/\/sxflightcase.com\/hu\/product-category\/all-product\/hoist-controllers\/\">t\u00e1pk\u00e1belek<\/a>,\u00a0<a style=\"color: #993366;\" href=\"https:\/\/sxflightcase.com\/hu\/product-category\/all-product\/hoist-controllers\/\">emel\u0151g\u00e9p-vez\u00e9rl\u0151k<\/a>,\u00a0<a style=\"color: #993366;\" href=\"https:\/\/sxflightcase.com\/hu\/product-category\/all-product\/flight-case\/\">rep\u00fcl\u00e9si esetek.<\/a><\/p>","protected":false},"excerpt":{"rendered":"<h2 class=\"prodetails-name\">65 h\u00fcvelykes TV egys\u00e9g<\/h2>\n<p>A Shengxiang rep\u00fcl\u00e9si tokok m\u00e1r t\u00f6bb mint 10 \u00e9ve l\u00e9teznek. Minden esetet h\u00e1zon bel\u00fcl terveznek itt K\u00edn\u00e1ban. H\u00edrnevet szerzett a kiv\u00e1l\u00f3 min\u0151s\u00e9g\u0171, strapab\u00edr\u00f3 tokok gy\u00e1rt\u00e1s\u00e1r\u00f3l, ezek a kiv\u00e1l\u00f3 v\u00e9d\u0151 kem\u00e9ny tokok biztons\u00e1gos sz\u00e1ll\u00edt\u00e1st k\u00edn\u00e1lnak a t\u00f6r\u00e9keny vagy dr\u00e1ga felszerel\u00e9sek sz\u00e1m\u00e1ra, \u00e9s a szakemberek vil\u00e1gszerte a szakemberek v\u00e1laszt\u00e1sa.<\/p>\n<h2><strong>Termel\u00e9si bevezet\u00e9s<\/strong><\/h2>\n<p>* K\u00f6nnyen z\u00e1r\u00f3d\u00f3 illeszked\u00e9s \u00e9s nyelv.<\/p>\n<p>* Nagy s\u0171r\u0171s\u00e9g\u0171 hab bels\u0151 t\u00e1masz \u00e9s burkolat.<\/p>\n<p>* S\u00fcllyesztett rug\u00f3s m\u0171k\u00f6d\u00e9s Foganty\u00fak oldalank\u00e9nt.<\/p>\n<p>* Kett\u0151s horgonyszegecsek.<\/p>\n<p>* Signature Series Certified Laminated Gig ready 3\/8\u2033 r\u00e9tegelt lemez.<\/p>\n<p>* Ipari s\u00fcllyesztett pillang\u00f3 csavarz\u00e1ras reteszek, amelyek lakattal z\u00e1rhat\u00f3k.<\/p>\n<p>* 4 nagy teherb\u00edr\u00e1s\u00fa 4 \"alacsony profil\u00fa, tart\u00f3s gumikerek\u0171 g\u00f6rg\u0151kkel rendelkezik a mobilit\u00e1s \u00e9rdek\u00e9ben.<\/p>","protected":false},"featured_media":1752,"comment_status":"open","ping_status":"closed","template":"","meta":[],"product_brand":[],"product_cat":[41],"product_tag":[],"class_list":{"0":"post-1751","1":"product","2":"type-product","3":"status-publish","4":"has-post-thumbnail","6":"product_cat-equipment-cases","8":"first","9":"instock","10":"shipping-taxable","11":"product-type-simple"},"yoast_head":"<!-- This site is optimized with the Yoast SEO Premium plugin v27.1 (Yoast SEO v27.2) - https:\/\/yoast.com\/product\/yoast-seo-premium-wordpress\/ -->\n<title>65 Inch TV Unit - https:\/\/sxflightcase.com \ud83d\udc97<\/title>\n<meta name=\"description\" content=\"65 Inch TV Unit: Explore our factory-direct options for professional customization, perfect for organizing and displaying your television and media equipment.\" \/>\n<meta name=\"robots\" content=\"index, follow, max-snippet:-1, max-image-preview:large, max-video-preview:-1\" \/>\n<link rel=\"canonical\" href=\"https:\/\/sxflightcase.com\/hu\/produkt\/65-tommer-tv-mobel\/\" \/>\n<meta property=\"og:locale\" content=\"hu_HU\" \/>\n<meta property=\"og:type\" content=\"article\" \/>\n<meta property=\"og:title\" content=\"65 Inch TV Unit\" \/>\n<meta property=\"og:description\" content=\"65 Inch TV Unit: Explore our factory-direct options for professional customization, perfect for organizing and displaying your television and media equipment.\" \/>\n<meta property=\"og:url\" content=\"https:\/\/sxflightcase.com\/hu\/produkt\/65-tommer-tv-mobel\/\" \/>\n<meta property=\"og:site_name\" content=\"https:\/\/sxflightcase.com\" \/>\n<meta property=\"article:publisher\" content=\"https:\/\/www.facebook.com\/profile.php?id=61560407257971\" \/>\n<meta property=\"article:modified_time\" content=\"2024-06-25T08:26:38+00:00\" \/>\n<meta property=\"og:image\" content=\"https:\/\/sxflightcase.com\/wp-content\/uploads\/2024\/05\/65-inch-tv-unit12107950179.webp\" \/>\n\t<meta property=\"og:image:width\" content=\"700\" \/>\n\t<meta property=\"og:image:height\" content=\"700\" \/>\n\t<meta property=\"og:image:type\" content=\"image\/webp\" \/>\n<meta name=\"twitter:card\" content=\"summary_large_image\" \/>\n<meta name=\"twitter:label1\" content=\"Becs\u00fclt olvas\u00e1si id\u0151\" \/>\n\t<meta name=\"twitter:data1\" content=\"3 perc\" \/>\n<script type=\"application\/ld+json\" class=\"yoast-schema-graph\">{\"@context\":\"https:\/\/schema.org\",\"@graph\":[{\"@type\":\"WebPage\",\"@id\":\"https:\/\/sxflightcase.com\/da\/produkt\/65-tommer-tv-mobel\/\",\"url\":\"https:\/\/sxflightcase.com\/da\/produkt\/65-tommer-tv-mobel\/\",\"name\":\"65 Inch TV Unit - https:\/\/sxflightcase.com \ud83d\udc97\",\"isPartOf\":{\"@id\":\"https:\/\/sxflightcase.com\/th\/#website\"},\"primaryImageOfPage\":{\"@id\":\"https:\/\/sxflightcase.com\/da\/produkt\/65-tommer-tv-mobel\/#primaryimage\"},\"image\":{\"@id\":\"https:\/\/sxflightcase.com\/da\/produkt\/65-tommer-tv-mobel\/#primaryimage\"},\"thumbnailUrl\":\"https:\/\/sxflightcase.com\/wp-content\/uploads\/2024\/05\/65-inch-tv-unit12107950179.webp\",\"datePublished\":\"2024-05-10T06:04:24+00:00\",\"dateModified\":\"2024-06-25T08:26:38+00:00\",\"description\":\"65 Inch TV Unit: Explore our factory-direct options for professional customization, perfect for organizing and displaying your television and media equipment.\",\"breadcrumb\":{\"@id\":\"https:\/\/sxflightcase.com\/da\/produkt\/65-tommer-tv-mobel\/#breadcrumb\"},\"inLanguage\":\"hu\",\"potentialAction\":[{\"@type\":\"ReadAction\",\"target\":[\"https:\/\/sxflightcase.com\/da\/produkt\/65-tommer-tv-mobel\/\"]}]},{\"@type\":\"ImageObject\",\"inLanguage\":\"hu\",\"@id\":\"https:\/\/sxflightcase.com\/da\/produkt\/65-tommer-tv-mobel\/#primaryimage\",\"url\":\"https:\/\/sxflightcase.com\/wp-content\/uploads\/2024\/05\/65-inch-tv-unit12107950179.webp\",\"contentUrl\":\"https:\/\/sxflightcase.com\/wp-content\/uploads\/2024\/05\/65-inch-tv-unit12107950179.webp\",\"width\":700,\"height\":700,\"caption\":\"65 Inch TV Unit\"},{\"@type\":\"BreadcrumbList\",\"@id\":\"https:\/\/sxflightcase.com\/da\/produkt\/65-tommer-tv-mobel\/#breadcrumb\",\"itemListElement\":[{\"@type\":\"ListItem\",\"position\":1,\"name\":\"Home\",\"item\":\"https:\/\/sxflightcase.com\/\"},{\"@type\":\"ListItem\",\"position\":2,\"name\":\"\u0e2a\u0e34\u0e19\u0e04\u0e49\u0e32\",\"item\":\"https:\/\/sxflightcase.com\/th\/shop\/\"},{\"@type\":\"ListItem\",\"position\":3,\"name\":\"65 Inch TV Unit\"}]},{\"@type\":\"WebSite\",\"@id\":\"https:\/\/sxflightcase.com\/th\/#website\",\"url\":\"https:\/\/sxflightcase.com\/th\/\",\"name\":\"sxpowercase.com\",\"description\":\"Flight Case Factory\",\"publisher\":{\"@id\":\"https:\/\/sxflightcase.com\/th\/#organization\"},\"potentialAction\":[{\"@type\":\"SearchAction\",\"target\":{\"@type\":\"EntryPoint\",\"urlTemplate\":\"https:\/\/sxflightcase.com\/th\/?s={search_term_string}\"},\"query-input\":{\"@type\":\"PropertyValueSpecification\",\"valueRequired\":true,\"valueName\":\"search_term_string\"}}],\"inLanguage\":\"hu\"},{\"@type\":\"Organization\",\"@id\":\"https:\/\/sxflightcase.com\/th\/#organization\",\"name\":\"sxpowercase.com\",\"url\":\"https:\/\/sxflightcase.com\/th\/\",\"logo\":{\"@type\":\"ImageObject\",\"inLanguage\":\"hu\",\"@id\":\"https:\/\/sxflightcase.com\/th\/#\/schema\/logo\/image\/\",\"url\":\"https:\/\/sxflightcase.com\/wp-content\/uploads\/2024\/04\/1713919036007.jpg\",\"contentUrl\":\"https:\/\/sxflightcase.com\/wp-content\/uploads\/2024\/04\/1713919036007.jpg\",\"width\":382,\"height\":388,\"caption\":\"sxpowercase.com\"},\"image\":{\"@id\":\"https:\/\/sxflightcase.com\/th\/#\/schema\/logo\/image\/\"},\"sameAs\":[\"https:\/\/www.facebook.com\/profile.php?id=61560407257971\"],\"numberOfEmployees\":{\"@type\":\"QuantitativeValue\",\"minValue\":\"11\",\"maxValue\":\"50\"}}]}<\/script>\n<!-- \/ Yoast SEO Premium plugin. -->","yoast_head_json":{"title":"65 Inch TV Unit - https:\/\/sxflightcase.com \ud83d\udc97","description":"65 h\u00fcvelykes TV egys\u00e9g: T\u00f6k\u00e9letes a telev\u00edzi\u00f3 \u00e9s a m\u00e9diaberendez\u00e9sek rendszerez\u00e9s\u00e9hez \u00e9s bemutat\u00e1s\u00e1hoz.","robots":{"index":"index","follow":"follow","max-snippet":"max-snippet:-1","max-image-preview":"max-image-preview:large","max-video-preview":"max-video-preview:-1"},"canonical":"https:\/\/sxflightcase.com\/hu\/produkt\/65-tommer-tv-mobel\/","og_locale":"hu_HU","og_type":"article","og_title":"65 Inch TV Unit","og_description":"65 Inch TV Unit: Explore our factory-direct options for professional customization, perfect for organizing and displaying your television and media equipment.","og_url":"https:\/\/sxflightcase.com\/hu\/produkt\/65-tommer-tv-mobel\/","og_site_name":"https:\/\/sxflightcase.com","article_publisher":"https:\/\/www.facebook.com\/profile.php?id=61560407257971","article_modified_time":"2024-06-25T08:26:38+00:00","og_image":[{"width":700,"height":700,"url":"https:\/\/sxflightcase.com\/wp-content\/uploads\/2024\/05\/65-inch-tv-unit12107950179.webp","type":"image\/webp"}],"twitter_card":"summary_large_image","twitter_misc":{"Becs\u00fclt olvas\u00e1si id\u0151":"3 perc"},"schema":{"@context":"https:\/\/schema.org","@graph":[{"@type":"WebPage","@id":"https:\/\/sxflightcase.com\/da\/produkt\/65-tommer-tv-mobel\/","url":"https:\/\/sxflightcase.com\/da\/produkt\/65-tommer-tv-mobel\/","name":"65 Inch TV Unit - https:\/\/sxflightcase.com \ud83d\udc97","isPartOf":{"@id":"https:\/\/sxflightcase.com\/th\/#website"},"primaryImageOfPage":{"@id":"https:\/\/sxflightcase.com\/da\/produkt\/65-tommer-tv-mobel\/#primaryimage"},"image":{"@id":"https:\/\/sxflightcase.com\/da\/produkt\/65-tommer-tv-mobel\/#primaryimage"},"thumbnailUrl":"https:\/\/sxflightcase.com\/wp-content\/uploads\/2024\/05\/65-inch-tv-unit12107950179.webp","datePublished":"2024-05-10T06:04:24+00:00","dateModified":"2024-06-25T08:26:38+00:00","description":"65 h\u00fcvelykes TV egys\u00e9g: T\u00f6k\u00e9letes a telev\u00edzi\u00f3 \u00e9s a m\u00e9diaberendez\u00e9sek rendszerez\u00e9s\u00e9hez \u00e9s bemutat\u00e1s\u00e1hoz.","breadcrumb":{"@id":"https:\/\/sxflightcase.com\/da\/produkt\/65-tommer-tv-mobel\/#breadcrumb"},"inLanguage":"hu","potentialAction":[{"@type":"ReadAction","target":["https:\/\/sxflightcase.com\/da\/produkt\/65-tommer-tv-mobel\/"]}]},{"@type":"ImageObject","inLanguage":"hu","@id":"https:\/\/sxflightcase.com\/da\/produkt\/65-tommer-tv-mobel\/#primaryimage","url":"https:\/\/sxflightcase.com\/wp-content\/uploads\/2024\/05\/65-inch-tv-unit12107950179.webp","contentUrl":"https:\/\/sxflightcase.com\/wp-content\/uploads\/2024\/05\/65-inch-tv-unit12107950179.webp","width":700,"height":700,"caption":"65 Inch TV Unit"},{"@type":"BreadcrumbList","@id":"https:\/\/sxflightcase.com\/da\/produkt\/65-tommer-tv-mobel\/#breadcrumb","itemListElement":[{"@type":"ListItem","position":1,"name":"Home","item":"https:\/\/sxflightcase.com\/"},{"@type":"ListItem","position":2,"name":"\u0e2a\u0e34\u0e19\u0e04\u0e49\u0e32","item":"https:\/\/sxflightcase.com\/th\/shop\/"},{"@type":"ListItem","position":3,"name":"65 Inch TV Unit"}]},{"@type":"WebSite","@id":"https:\/\/sxflightcase.com\/th\/#website","url":"https:\/\/sxflightcase.com\/th\/","name":"sxpowercase.com","description":"Flight Case Factory","publisher":{"@id":"https:\/\/sxflightcase.com\/th\/#organization"},"potentialAction":[{"@type":"SearchAction","target":{"@type":"EntryPoint","urlTemplate":"https:\/\/sxflightcase.com\/th\/?s={search_term_string}"},"query-input":{"@type":"PropertyValueSpecification","valueRequired":true,"valueName":"search_term_string"}}],"inLanguage":"hu"},{"@type":"Organization","@id":"https:\/\/sxflightcase.com\/th\/#organization","name":"sxpowercase.com","url":"https:\/\/sxflightcase.com\/th\/","logo":{"@type":"ImageObject","inLanguage":"hu","@id":"https:\/\/sxflightcase.com\/th\/#\/schema\/logo\/image\/","url":"https:\/\/sxflightcase.com\/wp-content\/uploads\/2024\/04\/1713919036007.jpg","contentUrl":"https:\/\/sxflightcase.com\/wp-content\/uploads\/2024\/04\/1713919036007.jpg","width":382,"height":388,"caption":"sxpowercase.com"},"image":{"@id":"https:\/\/sxflightcase.com\/th\/#\/schema\/logo\/image\/"},"sameAs":["https:\/\/www.facebook.com\/profile.php?id=61560407257971"],"numberOfEmployees":{"@type":"QuantitativeValue","minValue":"11","maxValue":"50"}}]}},"_links":{"self":[{"href":"https:\/\/sxflightcase.com\/hu\/wp-json\/wp\/v2\/product\/1751","targetHints":{"allow":["GET"]}}],"collection":[{"href":"https:\/\/sxflightcase.com\/hu\/wp-json\/wp\/v2\/product"}],"about":[{"href":"https:\/\/sxflightcase.com\/hu\/wp-json\/wp\/v2\/types\/product"}],"replies":[{"embeddable":true,"href":"https:\/\/sxflightcase.com\/hu\/wp-json\/wp\/v2\/comments?post=1751"}],"version-history":[{"count":0,"href":"https:\/\/sxflightcase.com\/hu\/wp-json\/wp\/v2\/product\/1751\/revisions"}],"wp:featuredmedia":[{"embeddable":true,"href":"https:\/\/sxflightcase.com\/hu\/wp-json\/wp\/v2\/media\/1752"}],"wp:attachment":[{"href":"https:\/\/sxflightcase.com\/hu\/wp-json\/wp\/v2\/media?parent=1751"}],"wp:term":[{"taxonomy":"product_brand","embeddable":true,"href":"https:\/\/sxflightcase.com\/hu\/wp-json\/wp\/v2\/product_brand?post=1751"},{"taxonomy":"product_cat","embeddable":true,"href":"https:\/\/sxflightcase.com\/hu\/wp-json\/wp\/v2\/product_cat?post=1751"},{"taxonomy":"product_tag","embeddable":true,"href":"https:\/\/sxflightcase.com\/hu\/wp-json\/wp\/v2\/product_tag?post=1751"}],"curies":[{"name":"wp","href":"https:\/\/api.w.org\/{rel}","templated":true}]}}